{"id":23481,"date":"2022-05-25T15:15:09","date_gmt":"2022-05-25T13:15:09","guid":{"rendered":"https:\/\/drasanvi.com\/pe\/producto\/colageno-marino-hidrolizado-mastic-sabor-limon\/"},"modified":"2024-11-07T01:00:07","modified_gmt":"2024-11-06T23:00:07","slug":"colageno-marino-hidrolizado-mastic-sabor-limon","status":"publish","type":"product","link":"https:\/\/drasanvi.com\/pe\/producto\/colageno-marino-hidrolizado-mastic-sabor-limon\/","title":{"rendered":"Col\u00e1geno Marino Hidrolizado Mastic sabor lim\u00f3n"},"content":{"rendered":"<p>Nuestra l&iacute;nea de Col&aacute;geno Marino Hidrolizado sigue creciendo, esta vez incorporando comprimidos masticables de sabor lim&oacute;n con una nueva formulaci&oacute;n que facilita la toma. De esta manera, podr&aacute; morder o deshacer lentamente los comprimidos en la boca, aportando todos los beneficios del Col&aacute;geno Marino Hidrolizado a cualquier hora del d&iacute;a. Un sabor fresco y refrescante acompa&ntilde;ar&aacute; a tu nuevo Col&aacute;geno Marino Hidrolizado, con Col&aacute;geno Marino Hidrolizado enzimaticamente, &Aacute;cido hialur&oacute;nico, Magnesio y Vitamina C, que contribuye a la formaci&oacute;n normal de Col&aacute;geno para el funcionamiento normal de cart&iacute;lago, huesos y piel.<\/p>\n<h2>Ingredientes<\/h2>\n<p><b style=\"text-decoration: underline\">Col&aacute;geno Marino Hidrolizado Enzimaticamente<\/b><em>(Tipo I, muy bajo peso molecular)<\/em>650 mg, D-Manitol<em>&nbsp;Agente de carga<\/em>, &Oacute;xido de Magnesio<em>(Magnesio 40%)<\/em>93,75 mg, Almid&oacute;n de ma&iacute;z<em>(Agente de carga )<\/em>, Aroma de lim&oacute;n<em>Aroma<\/em>, &Aacute;cido c&iacute;trico<em>(Acidificante)<\/em>, Sal magn&eacute;sica de &aacute;cido graso<em>(Agente de carga)<\/em>, Extracto seco de Acerola<em>(Malpighia prunicifolia&nbsp; al 25% en Vitamina C)<\/em>13,3 mg, Di&oacute;xido de Silicio<em>(Antiaglomerante)<\/em>, Sucralosa<em>(Edulcorante)<\/em>, &Aacute;cido Hialur&oacute;nico<em>&nbsp;<\/em>1,67 mg<\/p>\n<h2>Modo de uso<\/h2>\n<p>Tomar 10 comprimidos a lo largo del d&iacute;a, masticados o disueltos directamente en la boca.<\/p>\n<h2>Presentaci\u00f3n<\/h2>\n<p>Envase 180 comprimidos de 1090 mg. Peso total 200 g (7.05 oz)<\/p>\n<h2>Advertencias<\/h2>\n<p>Los complementos alimenticios no deben utilizarse como sustitutivos de una dieta equilibrada y por un modo de vida sano. No superar la dosis diaria recomendada. Mantener fuera del alcance de los ni&ntilde;os. Conservar en un lugar fresco y seco.&nbsp;Un consumo excesivo puede producir efectos laxantes. Contiene pescado<\/p>\n<h2>Valores nutricionales<\/h2>\n<p>por dosis diaria<\/p>\n<table>\n<tbody>\n<tr>\n<th>Ingrediente<\/th>\n<th>Porcentaje<\/th>\n<th>Cantidad<\/th>\n<\/tr>\n<tr>\n<td>Vitamina C<\/td>\n<td>&nbsp;25 mg<\/td>\n<td>&nbsp;20 mg<\/td>\n<\/tr>\n<tr>\n<td>Magnesio<\/td>\n<td>&nbsp;61 %<\/td>\n<td>&nbsp;226,56&nbsp; mg<\/td>\n<\/tr>\n<\/tbody>\n<\/table>\n<p>% VRN (Valor Recomendado de Nutrientes)<\/p>\n","protected":false},"excerpt":{"rendered":"<p>Nuestra l&iacute;nea de Col&aacute;geno Marino Hidrolizado sigue creciendo, esta vez incorporando comprimidos masticables de sabor lim&oacute;n con una nueva formulaci&oacute;n que facilita la toma. De esta manera, podr&aacute; morder o deshacer lentamente los comprimidos en la boca, aportando todos los beneficios del Col&aacute;geno Marino Hidrolizado a cualquier hora del d&iacute;a. Un sabor fresco y refrescante acompa&ntilde;ar&aacute; a tu nuevo Col&aacute;geno Marino Hidrolizado, con Col&aacute;geno Marino Hidrolizado enzimaticamente, &Aacute;cido hialur&oacute;nico, Magnesio y Vitamina C, que contribuye a la formaci&oacute;n normal de Col&aacute;geno para el funcionamiento normal de cart&iacute;lago, huesos y piel.<\/p>\n<p><a id=\"boton-ficha\" href=\"https:\/\/panel.drasanvi.com\/fichas\/9\/032050492\">Ficha t\u00e9cnica<\/a><\/p>\n","protected":false},"featured_media":23483,"template":"","meta":{"inline_featured_image":false},"product_cat":[101],"product_tag":[],"class_list":["post-23481","product","type-product","status-publish","has-post-thumbnail","hentry","product_cat-huesos-articulaciones","pa_contiene-altramuces-no","pa_contiene-apio-no","pa_contiene-cacahuetes-no","pa_contiene-crustaceos-no","pa_contiene-frutos-secos-no","pa_contiene-huevo-no","pa_contiene-leche-no","pa_contiene-moluscos-no","pa_contiene-mostaza-no","pa_contiene-pescado-si","pa_contiene-sesamo-no","pa_contiene-soja-no","pa_producto-bio-no","pa_producto-sin-gluten-si","pa_producto-vegano-no","pa_producto-vegetariano-no"],"yoast_head":"<!-- This site is optimized with the Yoast SEO plugin v27.5 - https:\/\/yoast.com\/product\/yoast-seo-wordpress\/ -->\n<title>Col\u00e1geno Marino Hidrolizado Mastic sabor lim\u00f3n - Drasanvi Per\u00fa<\/title>\n<meta name=\"robots\" content=\"index, follow, max-snippet:-1, max-image-preview:large, max-video-preview:-1\" \/>\n<link rel=\"canonical\" href=\"https:\/\/drasanvi.com\/pe\/producto\/colageno-marino-hidrolizado-mastic-sabor-limon\/\" \/>\n<meta property=\"og:locale\" content=\"es_ES\" \/>\n<meta property=\"og:type\" content=\"article\" \/>\n<meta property=\"og:title\" content=\"Col\u00e1geno Marino Hidrolizado Mastic sabor lim\u00f3n - Drasanvi Per\u00fa\" \/>\n<meta property=\"og:description\" content=\"Nuestra l&iacute;nea de Col&aacute;geno Marino Hidrolizado sigue creciendo, esta vez incorporando comprimidos masticables de sabor lim&oacute;n con una nueva formulaci&oacute;n que facilita la toma. De esta manera, podr&aacute; morder o deshacer lentamente los comprimidos en la boca, aportando todos los beneficios del Col&aacute;geno Marino Hidrolizado a cualquier hora del d&iacute;a. Un sabor fresco y refrescante acompa&ntilde;ar&aacute; a tu nuevo Col&aacute;geno Marino Hidrolizado, con Col&aacute;geno Marino Hidrolizado enzimaticamente, &Aacute;cido hialur&oacute;nico, Magnesio y Vitamina C, que contribuye a la formaci&oacute;n normal de Col&aacute;geno para el funcionamiento normal de cart&iacute;lago, huesos y piel.Ficha t\u00e9cnica\" \/>\n<meta property=\"og:url\" content=\"https:\/\/drasanvi.com\/pe\/producto\/colageno-marino-hidrolizado-mastic-sabor-limon\/\" \/>\n<meta property=\"og:site_name\" content=\"Drasanvi Per\u00fa\" \/>\n<meta property=\"article:modified_time\" content=\"2024-11-06T23:00:07+00:00\" \/>\n<meta property=\"og:image\" content=\"https:\/\/drasanvi.com\/pe\/wp-content\/uploads\/sites\/5\/2022\/05\/032050492.png\" \/>\n\t<meta property=\"og:image:width\" content=\"1000\" \/>\n\t<meta property=\"og:image:height\" content=\"1000\" \/>\n\t<meta property=\"og:image:type\" content=\"image\/png\" \/>\n<meta name=\"twitter:card\" content=\"summary_large_image\" \/>\n<script type=\"application\/ld+json\" class=\"yoast-schema-graph\">{\"@context\":\"https:\\\/\\\/schema.org\",\"@graph\":[{\"@type\":\"WebPage\",\"@id\":\"https:\\\/\\\/drasanvi.com\\\/pe\\\/producto\\\/colageno-marino-hidrolizado-mastic-sabor-limon\\\/\",\"url\":\"https:\\\/\\\/drasanvi.com\\\/pe\\\/producto\\\/colageno-marino-hidrolizado-mastic-sabor-limon\\\/\",\"name\":\"Col\u00e1geno Marino Hidrolizado Mastic sabor lim\u00f3n - Drasanvi Per\u00fa\",\"isPartOf\":{\"@id\":\"https:\\\/\\\/drasanvi.com\\\/pe\\\/#website\"},\"primaryImageOfPage\":{\"@id\":\"https:\\\/\\\/drasanvi.com\\\/pe\\\/producto\\\/colageno-marino-hidrolizado-mastic-sabor-limon\\\/#primaryimage\"},\"image\":{\"@id\":\"https:\\\/\\\/drasanvi.com\\\/pe\\\/producto\\\/colageno-marino-hidrolizado-mastic-sabor-limon\\\/#primaryimage\"},\"thumbnailUrl\":\"https:\\\/\\\/drasanvi.com\\\/pe\\\/wp-content\\\/uploads\\\/sites\\\/5\\\/2022\\\/05\\\/032050492.png\",\"datePublished\":\"2022-05-25T13:15:09+00:00\",\"dateModified\":\"2024-11-06T23:00:07+00:00\",\"breadcrumb\":{\"@id\":\"https:\\\/\\\/drasanvi.com\\\/pe\\\/producto\\\/colageno-marino-hidrolizado-mastic-sabor-limon\\\/#breadcrumb\"},\"inLanguage\":\"es\",\"potentialAction\":[{\"@type\":\"ReadAction\",\"target\":[\"https:\\\/\\\/drasanvi.com\\\/pe\\\/producto\\\/colageno-marino-hidrolizado-mastic-sabor-limon\\\/\"]}]},{\"@type\":\"ImageObject\",\"inLanguage\":\"es\",\"@id\":\"https:\\\/\\\/drasanvi.com\\\/pe\\\/producto\\\/colageno-marino-hidrolizado-mastic-sabor-limon\\\/#primaryimage\",\"url\":\"https:\\\/\\\/drasanvi.com\\\/pe\\\/wp-content\\\/uploads\\\/sites\\\/5\\\/2022\\\/05\\\/032050492.png\",\"contentUrl\":\"https:\\\/\\\/drasanvi.com\\\/pe\\\/wp-content\\\/uploads\\\/sites\\\/5\\\/2022\\\/05\\\/032050492.png\",\"width\":1000,\"height\":1000},{\"@type\":\"BreadcrumbList\",\"@id\":\"https:\\\/\\\/drasanvi.com\\\/pe\\\/producto\\\/colageno-marino-hidrolizado-mastic-sabor-limon\\\/#breadcrumb\",\"itemListElement\":[{\"@type\":\"ListItem\",\"position\":1,\"name\":\"Portada\",\"item\":\"https:\\\/\\\/drasanvi.com\\\/pe\\\/\"},{\"@type\":\"ListItem\",\"position\":2,\"name\":\"Tienda\",\"item\":\"https:\\\/\\\/drasanvi.com\\\/pe\\\/tienda\\\/\"},{\"@type\":\"ListItem\",\"position\":3,\"name\":\"Col\u00e1geno Marino Hidrolizado Mastic sabor lim\u00f3n\"}]},{\"@type\":\"WebSite\",\"@id\":\"https:\\\/\\\/drasanvi.com\\\/pe\\\/#website\",\"url\":\"https:\\\/\\\/drasanvi.com\\\/pe\\\/\",\"name\":\"Drasanvi Per\u00fa\",\"description\":\"L\u00edder en complementos alimenticios y cosm\u00e9tica natural.\",\"publisher\":{\"@id\":\"https:\\\/\\\/drasanvi.com\\\/pe\\\/#organization\"},\"potentialAction\":[{\"@type\":\"SearchAction\",\"target\":{\"@type\":\"EntryPoint\",\"urlTemplate\":\"https:\\\/\\\/drasanvi.com\\\/pe\\\/?s={search_term_string}\"},\"query-input\":{\"@type\":\"PropertyValueSpecification\",\"valueRequired\":true,\"valueName\":\"search_term_string\"}}],\"inLanguage\":\"es\"},{\"@type\":\"Organization\",\"@id\":\"https:\\\/\\\/drasanvi.com\\\/pe\\\/#organization\",\"name\":\"Drasanvi\",\"url\":\"https:\\\/\\\/drasanvi.com\\\/pe\\\/\",\"logo\":{\"@type\":\"ImageObject\",\"inLanguage\":\"es\",\"@id\":\"https:\\\/\\\/drasanvi.com\\\/pe\\\/#\\\/schema\\\/logo\\\/image\\\/\",\"url\":\"https:\\\/\\\/drasanvi.com\\\/wp-content\\\/uploads\\\/sites\\\/5\\\/2021\\\/07\\\/logo-drasanvi.png\",\"contentUrl\":\"https:\\\/\\\/drasanvi.com\\\/wp-content\\\/uploads\\\/sites\\\/5\\\/2021\\\/07\\\/logo-drasanvi.png\",\"width\":900,\"height\":300,\"caption\":\"Drasanvi\"},\"image\":{\"@id\":\"https:\\\/\\\/drasanvi.com\\\/pe\\\/#\\\/schema\\\/logo\\\/image\\\/\"}}]}<\/script>\n<!-- \/ Yoast SEO plugin. -->","yoast_head_json":{"title":"Col\u00e1geno Marino Hidrolizado Mastic sabor lim\u00f3n - Drasanvi Per\u00fa","robots":{"index":"index","follow":"follow","max-snippet":"max-snippet:-1","max-image-preview":"max-image-preview:large","max-video-preview":"max-video-preview:-1"},"canonical":"https:\/\/drasanvi.com\/pe\/producto\/colageno-marino-hidrolizado-mastic-sabor-limon\/","og_locale":"es_ES","og_type":"article","og_title":"Col\u00e1geno Marino Hidrolizado Mastic sabor lim\u00f3n - Drasanvi Per\u00fa","og_description":"Nuestra l&iacute;nea de Col&aacute;geno Marino Hidrolizado sigue creciendo, esta vez incorporando comprimidos masticables de sabor lim&oacute;n con una nueva formulaci&oacute;n que facilita la toma. De esta manera, podr&aacute; morder o deshacer lentamente los comprimidos en la boca, aportando todos los beneficios del Col&aacute;geno Marino Hidrolizado a cualquier hora del d&iacute;a. Un sabor fresco y refrescante acompa&ntilde;ar&aacute; a tu nuevo Col&aacute;geno Marino Hidrolizado, con Col&aacute;geno Marino Hidrolizado enzimaticamente, &Aacute;cido hialur&oacute;nico, Magnesio y Vitamina C, que contribuye a la formaci&oacute;n normal de Col&aacute;geno para el funcionamiento normal de cart&iacute;lago, huesos y piel.Ficha t\u00e9cnica","og_url":"https:\/\/drasanvi.com\/pe\/producto\/colageno-marino-hidrolizado-mastic-sabor-limon\/","og_site_name":"Drasanvi Per\u00fa","article_modified_time":"2024-11-06T23:00:07+00:00","og_image":[{"url":"https:\/\/drasanvi.com\/pe\/wp-content\/uploads\/sites\/5\/2022\/05\/032050492.png","width":1000,"height":1000,"type":"image\/png"}],"twitter_card":"summary_large_image","schema":{"@context":"https:\/\/schema.org","@graph":[{"@type":"WebPage","@id":"https:\/\/drasanvi.com\/pe\/producto\/colageno-marino-hidrolizado-mastic-sabor-limon\/","url":"https:\/\/drasanvi.com\/pe\/producto\/colageno-marino-hidrolizado-mastic-sabor-limon\/","name":"Col\u00e1geno Marino Hidrolizado Mastic sabor lim\u00f3n - Drasanvi Per\u00fa","isPartOf":{"@id":"https:\/\/drasanvi.com\/pe\/#website"},"primaryImageOfPage":{"@id":"https:\/\/drasanvi.com\/pe\/producto\/colageno-marino-hidrolizado-mastic-sabor-limon\/#primaryimage"},"image":{"@id":"https:\/\/drasanvi.com\/pe\/producto\/colageno-marino-hidrolizado-mastic-sabor-limon\/#primaryimage"},"thumbnailUrl":"https:\/\/drasanvi.com\/pe\/wp-content\/uploads\/sites\/5\/2022\/05\/032050492.png","datePublished":"2022-05-25T13:15:09+00:00","dateModified":"2024-11-06T23:00:07+00:00","breadcrumb":{"@id":"https:\/\/drasanvi.com\/pe\/producto\/colageno-marino-hidrolizado-mastic-sabor-limon\/#breadcrumb"},"inLanguage":"es","potentialAction":[{"@type":"ReadAction","target":["https:\/\/drasanvi.com\/pe\/producto\/colageno-marino-hidrolizado-mastic-sabor-limon\/"]}]},{"@type":"ImageObject","inLanguage":"es","@id":"https:\/\/drasanvi.com\/pe\/producto\/colageno-marino-hidrolizado-mastic-sabor-limon\/#primaryimage","url":"https:\/\/drasanvi.com\/pe\/wp-content\/uploads\/sites\/5\/2022\/05\/032050492.png","contentUrl":"https:\/\/drasanvi.com\/pe\/wp-content\/uploads\/sites\/5\/2022\/05\/032050492.png","width":1000,"height":1000},{"@type":"BreadcrumbList","@id":"https:\/\/drasanvi.com\/pe\/producto\/colageno-marino-hidrolizado-mastic-sabor-limon\/#breadcrumb","itemListElement":[{"@type":"ListItem","position":1,"name":"Portada","item":"https:\/\/drasanvi.com\/pe\/"},{"@type":"ListItem","position":2,"name":"Tienda","item":"https:\/\/drasanvi.com\/pe\/tienda\/"},{"@type":"ListItem","position":3,"name":"Col\u00e1geno Marino Hidrolizado Mastic sabor lim\u00f3n"}]},{"@type":"WebSite","@id":"https:\/\/drasanvi.com\/pe\/#website","url":"https:\/\/drasanvi.com\/pe\/","name":"Drasanvi Per\u00fa","description":"L\u00edder en complementos alimenticios y cosm\u00e9tica natural.","publisher":{"@id":"https:\/\/drasanvi.com\/pe\/#organization"},"potentialAction":[{"@type":"SearchAction","target":{"@type":"EntryPoint","urlTemplate":"https:\/\/drasanvi.com\/pe\/?s={search_term_string}"},"query-input":{"@type":"PropertyValueSpecification","valueRequired":true,"valueName":"search_term_string"}}],"inLanguage":"es"},{"@type":"Organization","@id":"https:\/\/drasanvi.com\/pe\/#organization","name":"Drasanvi","url":"https:\/\/drasanvi.com\/pe\/","logo":{"@type":"ImageObject","inLanguage":"es","@id":"https:\/\/drasanvi.com\/pe\/#\/schema\/logo\/image\/","url":"https:\/\/drasanvi.com\/wp-content\/uploads\/sites\/5\/2021\/07\/logo-drasanvi.png","contentUrl":"https:\/\/drasanvi.com\/wp-content\/uploads\/sites\/5\/2021\/07\/logo-drasanvi.png","width":900,"height":300,"caption":"Drasanvi"},"image":{"@id":"https:\/\/drasanvi.com\/pe\/#\/schema\/logo\/image\/"}}]}},"_links":{"self":[{"href":"https:\/\/drasanvi.com\/pe\/wp-json\/wp\/v2\/product\/23481","targetHints":{"allow":["GET"]}}],"collection":[{"href":"https:\/\/drasanvi.com\/pe\/wp-json\/wp\/v2\/product"}],"about":[{"href":"https:\/\/drasanvi.com\/pe\/wp-json\/wp\/v2\/types\/product"}],"version-history":[{"count":2,"href":"https:\/\/drasanvi.com\/pe\/wp-json\/wp\/v2\/product\/23481\/revisions"}],"predecessor-version":[{"id":24231,"href":"https:\/\/drasanvi.com\/pe\/wp-json\/wp\/v2\/product\/23481\/revisions\/24231"}],"wp:featuredmedia":[{"embeddable":true,"href":"https:\/\/drasanvi.com\/pe\/wp-json\/wp\/v2\/media\/23483"}],"wp:attachment":[{"href":"https:\/\/drasanvi.com\/pe\/wp-json\/wp\/v2\/media?parent=23481"}],"wp:term":[{"taxonomy":"product_cat","embeddable":true,"href":"https:\/\/drasanvi.com\/pe\/wp-json\/wp\/v2\/product_cat?post=23481"},{"taxonomy":"product_tag","embeddable":true,"href":"https:\/\/drasanvi.com\/pe\/wp-json\/wp\/v2\/product_tag?post=23481"}],"curies":[{"name":"wp","href":"https:\/\/api.w.org\/{rel}","templated":true}]}}