{"id":23475,"date":"2022-05-25T15:15:09","date_gmt":"2022-05-25T13:15:09","guid":{"rendered":"https:\/\/drasanvi.com\/pe\/producto\/whey-protein-aislado-sabor-yogur-fresa-800-g-sport-live-drasanvi\/"},"modified":"2024-11-07T01:00:08","modified_gmt":"2024-11-06T23:00:08","slug":"whey-protein-aislado-sabor-yogur-fresa-800-g-sport-live-drasanvi","status":"publish","type":"product","link":"https:\/\/drasanvi.com\/pe\/producto\/whey-protein-aislado-sabor-yogur-fresa-800-g-sport-live-drasanvi\/","title":{"rendered":"Whey Protein Aislado Sabor Yogur Fresa 800 g Sport Live Drasanvi"},"content":{"rendered":"<p>Whey Protein con sabor yogur fresa es un complemento alimenticio a base de prote&iacute;nas de alta pureza. Esta fuente proteica proviene de&nbsp;<strong>aislado de suero de leche<\/strong>&nbsp;obtenido por microfiltraci&oacute;n y ultrafiltrado.La calidad de nuestra prote&iacute;na nos permite obtener un producto de alta concentraci&oacute;n en prote&iacute;nas (pr&oacute;ximo al 90%), extremadamente&nbsp;<strong>bajo en hidratos de carbono y libre de grasas.<\/strong>Su alta pureza aporta gran cantidad de&nbsp;<strong>amino&aacute;cidos ramificados<\/strong>, presentes naturalmente en la prote&iacute;na, as&iacute; como otros amino&aacute;cidos esenciales&nbsp;y&nbsp;minerales como el calcio y el f&oacute;sforo.Con el fin de mejorar la calidad del producto, hemos a&ntilde;adido amino&aacute;cidos como la&nbsp;<strong>Glutamina y la Leucina,<\/strong>&nbsp;y enzimas digestivas que ayudan a asimilar las proteinas.<\/p>\n<h2>Ingredientes<\/h2>\n<p>Aislado de proteina de suero<em>(contiene leche y soja)<\/em>27,73 g, Aroma<em>(Aroma yogur)<\/em>, L-glutamina<em>&nbsp;<\/em>0,4 g, L-leucina<em>&nbsp;<\/em>0,4 g, Aroma<em>(Aroma fresa)<\/em>, Remolacha en polvo<em>&nbsp;<\/em>, Espesante<em>(Goma xantana)<\/em>, Complejo de enzimas digestivas<em>[alfa-amilasa (24000 DU\/g), proteasa (6000 PC\/g), celulasa (1100 CU\/g), beta-D-galactosidasa (4000 ALU\/g) y lipasa (200 FIP\/g)]<\/em>0,1 g, Edulcorante<em>(sucralosa)<\/em><\/p>\n<h2>Modo de uso<\/h2>\n<p>Tomar 30 g. (3\/4 del cacito dosificador) disueltos en 250 &#8211; 300 ml de agua o leche semidesnatada.Generalmente, deben tomarse despu&eacute;s del ejercicio.<\/p>\n<h2>Presentaci\u00f3n<\/h2>\n<p>Envase de 800 g (28,21 oz)<\/p>\n<h2>Advertencias<\/h2>\n<p>Complemento alimenticio a base de complejo de enzimas digestivas (alfa-amilasa, proteasa, celulasa, beta-D-galactosidasa y lipasa) proteina y amino&aacute;cidos con edulcorante<\/p>\n<p>Los complementos alimenticios no deben utilizarse como sustituto de una dieta equilibrada. No superar la dosis diaria expresamente recomendada. Mantener fuera del alcance de los ni&ntilde;os m&aacute;s peque&ntilde;os. &nbsp;Conservar en un lugar fresco y seco. Contiene leche y soja<\/p>\n<h2>Valores nutricionales<\/h2>\n<p>por cada 100 g<\/p>\n<table>\n<tbody>\n<tr>\n<td>&nbsp;<\/td>\n<td>Por 100 g<\/td>\n<td>Por dosis diarias<\/td>\n<\/tr>\n<tr>\n<td>Valor energ&eacute;tico<\/td>\n<td>1618 KJ (385 Kcal)<\/td>\n<td>485 KJ (116 Kcal)<\/td>\n<\/tr>\n<tr>\n<td>Grasas<\/td>\n<td>1,1 g<\/td>\n<td>0,33 g<\/td>\n<\/tr>\n<tr>\n<td>De los cuales saturadas<\/td>\n<td>0,1 g<\/td>\n<td>0,03 g<\/td>\n<\/tr>\n<tr>\n<td>Hidratos de carbono<\/td>\n<td>2,5 g<\/td>\n<td>0,8 g<\/td>\n<\/tr>\n<tr>\n<td>De las cuales az&uacute;cares<\/td>\n<td>&lt;0,5 g<\/td>\n<td>&lt;0,2 g<\/td>\n<\/tr>\n<tr>\n<td>Prote&iacute;nas<\/td>\n<td>91,4 g<\/td>\n<td>27,4 g<\/td>\n<\/tr>\n<tr>\n<td>Sal<\/td>\n<td>&lt;0,1 g<\/td>\n<td>&lt;0,1 g<\/td>\n<\/tr>\n<\/tbody>\n<\/table>\n<p>&nbsp;<\/p>\n","protected":false},"excerpt":{"rendered":"<p>Whey Protein con sabor yogur fresa es un complemento alimenticio a base de prote&iacute;nas de alta pureza. Esta fuente proteica proviene de&nbsp;<strong>aislado de suero de leche<\/strong>&nbsp;obtenido por microfiltraci&oacute;n y ultrafiltrado.La calidad de nuestra prote&iacute;na nos permite obtener un producto de alta concentraci&oacute;n en prote&iacute;nas (pr&oacute;ximo al 90%), extremadamente&nbsp;<strong>bajo en hidratos de carbono y libre de grasas.<\/strong>Su alta pureza aporta gran cantidad de&nbsp;<strong>amino&aacute;cidos ramificados<\/strong>, presentes naturalmente en la prote&iacute;na, as&iacute; como otros amino&aacute;cidos esenciales&nbsp;y&nbsp;minerales como el calcio y el f&oacute;sforo.Con el fin de mejorar la calidad del producto, hemos a&ntilde;adido amino&aacute;cidos como la&nbsp;<strong>Glutamina y la Leucina,<\/strong>&nbsp;y enzimas digestivas que ayudan a asimilar las proteinas.<\/p>\n<p><a id=\"boton-ficha\" href=\"https:\/\/panel.drasanvi.com\/fichas\/9\/032057159\">Ficha t\u00e9cnica<\/a><\/p>\n","protected":false},"featured_media":23477,"template":"","meta":{"inline_featured_image":false},"product_cat":[97],"product_tag":[],"class_list":["post-23475","product","type-product","status-publish","has-post-thumbnail","hentry","product_cat-deporte","pa_contiene-altramuces-no","pa_contiene-apio-no","pa_contiene-cacahuetes-no","pa_contiene-crustaceos-no","pa_contiene-frutos-secos-no","pa_contiene-huevo-no","pa_contiene-leche-si","pa_contiene-moluscos-no","pa_contiene-mostaza-no","pa_contiene-pescado-no","pa_contiene-sesamo-no","pa_contiene-soja-si","pa_producto-bio-no","pa_producto-sin-gluten-si","pa_producto-vegano-no","pa_producto-vegetariano-si"],"yoast_head":"<!-- This site is optimized with the Yoast SEO plugin v27.4 - https:\/\/yoast.com\/product\/yoast-seo-wordpress\/ -->\n<title>Whey Protein Aislado Sabor Yogur Fresa 800 g Sport Live Drasanvi - Drasanvi Per\u00fa<\/title>\n<meta name=\"robots\" content=\"index, follow, max-snippet:-1, max-image-preview:large, max-video-preview:-1\" \/>\n<link rel=\"canonical\" href=\"https:\/\/drasanvi.com\/pe\/producto\/whey-protein-aislado-sabor-yogur-fresa-800-g-sport-live-drasanvi\/\" \/>\n<meta property=\"og:locale\" content=\"es_ES\" \/>\n<meta property=\"og:type\" content=\"article\" \/>\n<meta property=\"og:title\" content=\"Whey Protein Aislado Sabor Yogur Fresa 800 g Sport Live Drasanvi - Drasanvi Per\u00fa\" \/>\n<meta property=\"og:description\" content=\"Whey Protein con sabor yogur fresa es un complemento alimenticio a base de prote&iacute;nas de alta pureza. Esta fuente proteica proviene de&nbsp;aislado de suero de leche&nbsp;obtenido por microfiltraci&oacute;n y ultrafiltrado.La calidad de nuestra prote&iacute;na nos permite obtener un producto de alta concentraci&oacute;n en prote&iacute;nas (pr&oacute;ximo al 90%), extremadamente&nbsp;bajo en hidratos de carbono y libre de grasas.Su alta pureza aporta gran cantidad de&nbsp;amino&aacute;cidos ramificados, presentes naturalmente en la prote&iacute;na, as&iacute; como otros amino&aacute;cidos esenciales&nbsp;y&nbsp;minerales como el calcio y el f&oacute;sforo.Con el fin de mejorar la calidad del producto, hemos a&ntilde;adido amino&aacute;cidos como la&nbsp;Glutamina y la Leucina,&nbsp;y enzimas digestivas que ayudan a asimilar las proteinas.Ficha t\u00e9cnica\" \/>\n<meta property=\"og:url\" content=\"https:\/\/drasanvi.com\/pe\/producto\/whey-protein-aislado-sabor-yogur-fresa-800-g-sport-live-drasanvi\/\" \/>\n<meta property=\"og:site_name\" content=\"Drasanvi Per\u00fa\" \/>\n<meta property=\"article:modified_time\" content=\"2024-11-06T23:00:08+00:00\" \/>\n<meta property=\"og:image\" content=\"https:\/\/drasanvi.com\/pe\/wp-content\/uploads\/sites\/5\/2022\/05\/032057159.png\" \/>\n\t<meta property=\"og:image:width\" content=\"1000\" \/>\n\t<meta property=\"og:image:height\" content=\"1000\" \/>\n\t<meta property=\"og:image:type\" content=\"image\/png\" \/>\n<meta name=\"twitter:card\" content=\"summary_large_image\" \/>\n<script type=\"application\/ld+json\" class=\"yoast-schema-graph\">{\"@context\":\"https:\\\/\\\/schema.org\",\"@graph\":[{\"@type\":\"WebPage\",\"@id\":\"https:\\\/\\\/drasanvi.com\\\/pe\\\/producto\\\/whey-protein-aislado-sabor-yogur-fresa-800-g-sport-live-drasanvi\\\/\",\"url\":\"https:\\\/\\\/drasanvi.com\\\/pe\\\/producto\\\/whey-protein-aislado-sabor-yogur-fresa-800-g-sport-live-drasanvi\\\/\",\"name\":\"Whey Protein Aislado Sabor Yogur Fresa 800 g Sport Live Drasanvi - Drasanvi Per\u00fa\",\"isPartOf\":{\"@id\":\"https:\\\/\\\/drasanvi.com\\\/pe\\\/#website\"},\"primaryImageOfPage\":{\"@id\":\"https:\\\/\\\/drasanvi.com\\\/pe\\\/producto\\\/whey-protein-aislado-sabor-yogur-fresa-800-g-sport-live-drasanvi\\\/#primaryimage\"},\"image\":{\"@id\":\"https:\\\/\\\/drasanvi.com\\\/pe\\\/producto\\\/whey-protein-aislado-sabor-yogur-fresa-800-g-sport-live-drasanvi\\\/#primaryimage\"},\"thumbnailUrl\":\"https:\\\/\\\/drasanvi.com\\\/pe\\\/wp-content\\\/uploads\\\/sites\\\/5\\\/2022\\\/05\\\/032057159.png\",\"datePublished\":\"2022-05-25T13:15:09+00:00\",\"dateModified\":\"2024-11-06T23:00:08+00:00\",\"breadcrumb\":{\"@id\":\"https:\\\/\\\/drasanvi.com\\\/pe\\\/producto\\\/whey-protein-aislado-sabor-yogur-fresa-800-g-sport-live-drasanvi\\\/#breadcrumb\"},\"inLanguage\":\"es\",\"potentialAction\":[{\"@type\":\"ReadAction\",\"target\":[\"https:\\\/\\\/drasanvi.com\\\/pe\\\/producto\\\/whey-protein-aislado-sabor-yogur-fresa-800-g-sport-live-drasanvi\\\/\"]}]},{\"@type\":\"ImageObject\",\"inLanguage\":\"es\",\"@id\":\"https:\\\/\\\/drasanvi.com\\\/pe\\\/producto\\\/whey-protein-aislado-sabor-yogur-fresa-800-g-sport-live-drasanvi\\\/#primaryimage\",\"url\":\"https:\\\/\\\/drasanvi.com\\\/pe\\\/wp-content\\\/uploads\\\/sites\\\/5\\\/2022\\\/05\\\/032057159.png\",\"contentUrl\":\"https:\\\/\\\/drasanvi.com\\\/pe\\\/wp-content\\\/uploads\\\/sites\\\/5\\\/2022\\\/05\\\/032057159.png\",\"width\":1000,\"height\":1000},{\"@type\":\"BreadcrumbList\",\"@id\":\"https:\\\/\\\/drasanvi.com\\\/pe\\\/producto\\\/whey-protein-aislado-sabor-yogur-fresa-800-g-sport-live-drasanvi\\\/#breadcrumb\",\"itemListElement\":[{\"@type\":\"ListItem\",\"position\":1,\"name\":\"Portada\",\"item\":\"https:\\\/\\\/drasanvi.com\\\/pe\\\/\"},{\"@type\":\"ListItem\",\"position\":2,\"name\":\"Tienda\",\"item\":\"https:\\\/\\\/drasanvi.com\\\/pe\\\/tienda\\\/\"},{\"@type\":\"ListItem\",\"position\":3,\"name\":\"Whey Protein Aislado Sabor Yogur Fresa 800 g Sport Live Drasanvi\"}]},{\"@type\":\"WebSite\",\"@id\":\"https:\\\/\\\/drasanvi.com\\\/pe\\\/#website\",\"url\":\"https:\\\/\\\/drasanvi.com\\\/pe\\\/\",\"name\":\"Drasanvi Per\u00fa\",\"description\":\"L\u00edder en complementos alimenticios y cosm\u00e9tica natural.\",\"publisher\":{\"@id\":\"https:\\\/\\\/drasanvi.com\\\/pe\\\/#organization\"},\"potentialAction\":[{\"@type\":\"SearchAction\",\"target\":{\"@type\":\"EntryPoint\",\"urlTemplate\":\"https:\\\/\\\/drasanvi.com\\\/pe\\\/?s={search_term_string}\"},\"query-input\":{\"@type\":\"PropertyValueSpecification\",\"valueRequired\":true,\"valueName\":\"search_term_string\"}}],\"inLanguage\":\"es\"},{\"@type\":\"Organization\",\"@id\":\"https:\\\/\\\/drasanvi.com\\\/pe\\\/#organization\",\"name\":\"Drasanvi\",\"url\":\"https:\\\/\\\/drasanvi.com\\\/pe\\\/\",\"logo\":{\"@type\":\"ImageObject\",\"inLanguage\":\"es\",\"@id\":\"https:\\\/\\\/drasanvi.com\\\/pe\\\/#\\\/schema\\\/logo\\\/image\\\/\",\"url\":\"https:\\\/\\\/drasanvi.com\\\/wp-content\\\/uploads\\\/sites\\\/5\\\/2021\\\/07\\\/logo-drasanvi.png\",\"contentUrl\":\"https:\\\/\\\/drasanvi.com\\\/wp-content\\\/uploads\\\/sites\\\/5\\\/2021\\\/07\\\/logo-drasanvi.png\",\"width\":900,\"height\":300,\"caption\":\"Drasanvi\"},\"image\":{\"@id\":\"https:\\\/\\\/drasanvi.com\\\/pe\\\/#\\\/schema\\\/logo\\\/image\\\/\"}}]}<\/script>\n<!-- \/ Yoast SEO plugin. -->","yoast_head_json":{"title":"Whey Protein Aislado Sabor Yogur Fresa 800 g Sport Live Drasanvi - Drasanvi Per\u00fa","robots":{"index":"index","follow":"follow","max-snippet":"max-snippet:-1","max-image-preview":"max-image-preview:large","max-video-preview":"max-video-preview:-1"},"canonical":"https:\/\/drasanvi.com\/pe\/producto\/whey-protein-aislado-sabor-yogur-fresa-800-g-sport-live-drasanvi\/","og_locale":"es_ES","og_type":"article","og_title":"Whey Protein Aislado Sabor Yogur Fresa 800 g Sport Live Drasanvi - Drasanvi Per\u00fa","og_description":"Whey Protein con sabor yogur fresa es un complemento alimenticio a base de prote&iacute;nas de alta pureza. Esta fuente proteica proviene de&nbsp;aislado de suero de leche&nbsp;obtenido por microfiltraci&oacute;n y ultrafiltrado.La calidad de nuestra prote&iacute;na nos permite obtener un producto de alta concentraci&oacute;n en prote&iacute;nas (pr&oacute;ximo al 90%), extremadamente&nbsp;bajo en hidratos de carbono y libre de grasas.Su alta pureza aporta gran cantidad de&nbsp;amino&aacute;cidos ramificados, presentes naturalmente en la prote&iacute;na, as&iacute; como otros amino&aacute;cidos esenciales&nbsp;y&nbsp;minerales como el calcio y el f&oacute;sforo.Con el fin de mejorar la calidad del producto, hemos a&ntilde;adido amino&aacute;cidos como la&nbsp;Glutamina y la Leucina,&nbsp;y enzimas digestivas que ayudan a asimilar las proteinas.Ficha t\u00e9cnica","og_url":"https:\/\/drasanvi.com\/pe\/producto\/whey-protein-aislado-sabor-yogur-fresa-800-g-sport-live-drasanvi\/","og_site_name":"Drasanvi Per\u00fa","article_modified_time":"2024-11-06T23:00:08+00:00","og_image":[{"width":1000,"height":1000,"url":"https:\/\/drasanvi.com\/pe\/wp-content\/uploads\/sites\/5\/2022\/05\/032057159.png","type":"image\/png"}],"twitter_card":"summary_large_image","schema":{"@context":"https:\/\/schema.org","@graph":[{"@type":"WebPage","@id":"https:\/\/drasanvi.com\/pe\/producto\/whey-protein-aislado-sabor-yogur-fresa-800-g-sport-live-drasanvi\/","url":"https:\/\/drasanvi.com\/pe\/producto\/whey-protein-aislado-sabor-yogur-fresa-800-g-sport-live-drasanvi\/","name":"Whey Protein Aislado Sabor Yogur Fresa 800 g Sport Live Drasanvi - Drasanvi Per\u00fa","isPartOf":{"@id":"https:\/\/drasanvi.com\/pe\/#website"},"primaryImageOfPage":{"@id":"https:\/\/drasanvi.com\/pe\/producto\/whey-protein-aislado-sabor-yogur-fresa-800-g-sport-live-drasanvi\/#primaryimage"},"image":{"@id":"https:\/\/drasanvi.com\/pe\/producto\/whey-protein-aislado-sabor-yogur-fresa-800-g-sport-live-drasanvi\/#primaryimage"},"thumbnailUrl":"https:\/\/drasanvi.com\/pe\/wp-content\/uploads\/sites\/5\/2022\/05\/032057159.png","datePublished":"2022-05-25T13:15:09+00:00","dateModified":"2024-11-06T23:00:08+00:00","breadcrumb":{"@id":"https:\/\/drasanvi.com\/pe\/producto\/whey-protein-aislado-sabor-yogur-fresa-800-g-sport-live-drasanvi\/#breadcrumb"},"inLanguage":"es","potentialAction":[{"@type":"ReadAction","target":["https:\/\/drasanvi.com\/pe\/producto\/whey-protein-aislado-sabor-yogur-fresa-800-g-sport-live-drasanvi\/"]}]},{"@type":"ImageObject","inLanguage":"es","@id":"https:\/\/drasanvi.com\/pe\/producto\/whey-protein-aislado-sabor-yogur-fresa-800-g-sport-live-drasanvi\/#primaryimage","url":"https:\/\/drasanvi.com\/pe\/wp-content\/uploads\/sites\/5\/2022\/05\/032057159.png","contentUrl":"https:\/\/drasanvi.com\/pe\/wp-content\/uploads\/sites\/5\/2022\/05\/032057159.png","width":1000,"height":1000},{"@type":"BreadcrumbList","@id":"https:\/\/drasanvi.com\/pe\/producto\/whey-protein-aislado-sabor-yogur-fresa-800-g-sport-live-drasanvi\/#breadcrumb","itemListElement":[{"@type":"ListItem","position":1,"name":"Portada","item":"https:\/\/drasanvi.com\/pe\/"},{"@type":"ListItem","position":2,"name":"Tienda","item":"https:\/\/drasanvi.com\/pe\/tienda\/"},{"@type":"ListItem","position":3,"name":"Whey Protein Aislado Sabor Yogur Fresa 800 g Sport Live Drasanvi"}]},{"@type":"WebSite","@id":"https:\/\/drasanvi.com\/pe\/#website","url":"https:\/\/drasanvi.com\/pe\/","name":"Drasanvi Per\u00fa","description":"L\u00edder en complementos alimenticios y cosm\u00e9tica natural.","publisher":{"@id":"https:\/\/drasanvi.com\/pe\/#organization"},"potentialAction":[{"@type":"SearchAction","target":{"@type":"EntryPoint","urlTemplate":"https:\/\/drasanvi.com\/pe\/?s={search_term_string}"},"query-input":{"@type":"PropertyValueSpecification","valueRequired":true,"valueName":"search_term_string"}}],"inLanguage":"es"},{"@type":"Organization","@id":"https:\/\/drasanvi.com\/pe\/#organization","name":"Drasanvi","url":"https:\/\/drasanvi.com\/pe\/","logo":{"@type":"ImageObject","inLanguage":"es","@id":"https:\/\/drasanvi.com\/pe\/#\/schema\/logo\/image\/","url":"https:\/\/drasanvi.com\/wp-content\/uploads\/sites\/5\/2021\/07\/logo-drasanvi.png","contentUrl":"https:\/\/drasanvi.com\/wp-content\/uploads\/sites\/5\/2021\/07\/logo-drasanvi.png","width":900,"height":300,"caption":"Drasanvi"},"image":{"@id":"https:\/\/drasanvi.com\/pe\/#\/schema\/logo\/image\/"}}]}},"_links":{"self":[{"href":"https:\/\/drasanvi.com\/pe\/wp-json\/wp\/v2\/product\/23475","targetHints":{"allow":["GET"]}}],"collection":[{"href":"https:\/\/drasanvi.com\/pe\/wp-json\/wp\/v2\/product"}],"about":[{"href":"https:\/\/drasanvi.com\/pe\/wp-json\/wp\/v2\/types\/product"}],"version-history":[{"count":1,"href":"https:\/\/drasanvi.com\/pe\/wp-json\/wp\/v2\/product\/23475\/revisions"}],"predecessor-version":[{"id":24258,"href":"https:\/\/drasanvi.com\/pe\/wp-json\/wp\/v2\/product\/23475\/revisions\/24258"}],"wp:featuredmedia":[{"embeddable":true,"href":"https:\/\/drasanvi.com\/pe\/wp-json\/wp\/v2\/media\/23477"}],"wp:attachment":[{"href":"https:\/\/drasanvi.com\/pe\/wp-json\/wp\/v2\/media?parent=23475"}],"wp:term":[{"taxonomy":"product_cat","embeddable":true,"href":"https:\/\/drasanvi.com\/pe\/wp-json\/wp\/v2\/product_cat?post=23475"},{"taxonomy":"product_tag","embeddable":true,"href":"https:\/\/drasanvi.com\/pe\/wp-json\/wp\/v2\/product_tag?post=23475"}],"curies":[{"name":"wp","href":"https:\/\/api.w.org\/{rel}","templated":true}]}}