{"id":23454,"date":"2022-05-25T15:15:09","date_gmt":"2022-05-25T13:15:09","guid":{"rendered":"https:\/\/drasanvi.com\/pe\/producto\/colageno-marino-cremigel-efecto-frio-75-ml-drasanvi\/"},"modified":"2024-11-07T01:00:06","modified_gmt":"2024-11-06T23:00:06","slug":"colageno-marino-cremigel-efecto-frio-75-ml-drasanvi","status":"publish","type":"product","link":"https:\/\/drasanvi.com\/pe\/producto\/colageno-marino-cremigel-efecto-frio-75-ml-drasanvi\/","title":{"rendered":"Col\u00e1geno Marino Cremigel Efecto Fr\u00edo 75 ML Drasanvi"},"content":{"rendered":"<p>Collmar cremi-gel efecto fr&iacute;o alivia y reduce las molestias cotidianas. Los ingredientes que contiene su formulaci&oacute;n activan y mejoran la circulaci&oacute;n.Ideal para aliviar y calmar piernas cansadas o cualquier otra parte del cuerpo que sienta pesadez muscular o sensaci&oacute;n de fatiga.Se puede utilizar tanto para la pr&aacute;ctica deportiva (recomendamos despu&eacute;s del ejercicio) c&oacute;mo para el d&iacute;a a d&iacute;a de cualquier persona que sufra cualquier trastorno leve.Nuestra f&oacute;rmula est&aacute; enriquecida con <strong>C<\/strong><strong>ol&aacute;geno Marino <\/strong>y aceites esenciales quimiotipados de <strong>Gaulteria<\/strong> y <strong>C&uacute;rcuma.<\/strong><\/p>\n<h2>Ingredientes<\/h2>\n<p>AQUA(DEMINERALIZED WATER), ALCOHOL DENAT, BETAINE, ALOE BARBADENSIS LEAF EXTRACT, MENTHOL, SOLUBLE COLLAGEN, MENTHYL LACTATE, CURCUMA LONGA ROOT OIL, GAULTHERIA FRAGRANTISSIMA LEAF OIL, CAMPHOR, PHENOXYETHANOL, CARBOMER, ETHYLHEXYLGLYCERIN, SODIUM HYDROXIDE, CITRIC ACID, POTASSIUM SORBATE, SODIUM BENZOATE.<\/p>\n<h2>Modo de uso<\/h2>\n<p>Aplicar en cualquier momento del d&iacute;a y masajear hasta su completa absorci&oacute;n. A continuaci&oacute;n, lavar las manos con abundante agua.<\/p>\n<h2>Presentaci\u00f3n<\/h2>\n<p>Envase de 75ml<\/p>\n<h2>Advertencias<\/h2>\n<p>Evite el contacto con ojos y &nbsp;mucosas.No aplicar sobre llagas o heridas abiertas.<\/p>\n<h2>Valores nutricionales<\/h2>\n","protected":false},"excerpt":{"rendered":"<p>Collmar cremi-gel efecto fr&iacute;o alivia y reduce las molestias cotidianas. Los ingredientes que contiene su formulaci&oacute;n activan y mejoran la circulaci&oacute;n.Ideal para aliviar y calmar piernas cansadas o cualquier otra parte del cuerpo que sienta pesadez muscular o sensaci&oacute;n de fatiga.Se puede utilizar tanto para la pr&aacute;ctica deportiva (recomendamos despu&eacute;s del ejercicio) c&oacute;mo para el d&iacute;a a d&iacute;a de cualquier persona que sufra cualquier trastorno leve.Nuestra f&oacute;rmula est&aacute; enriquecida con <strong>C<\/strong><strong>ol&aacute;geno Marino <\/strong>y aceites esenciales quimiotipados de <strong>Gaulteria<\/strong> y <strong>C&uacute;rcuma.<\/strong><\/p>\n<p><a id=\"boton-ficha\" href=\"https:\/\/panel.drasanvi.com\/fichas\/9\/032060818\">Ficha t\u00e9cnica<\/a><\/p>\n","protected":false},"featured_media":23456,"template":"","meta":{"inline_featured_image":false},"product_cat":[94],"product_tag":[],"class_list":["post-23454","product","type-product","status-publish","has-post-thumbnail","hentry","product_cat-cosmetica","pa_contiene-altramuces-no","pa_contiene-apio-no","pa_contiene-cacahuetes-no","pa_contiene-crustaceos-no","pa_contiene-frutos-secos-no","pa_contiene-huevo-no","pa_contiene-leche-no","pa_contiene-moluscos-no","pa_contiene-mostaza-no","pa_contiene-pescado-no","pa_contiene-sesamo-no","pa_contiene-soja-no","pa_producto-bio-no","pa_producto-sin-gluten-si","pa_producto-vegano-no","pa_producto-vegetariano-no"],"yoast_head":"<!-- This site is optimized with the Yoast SEO plugin v27.4 - https:\/\/yoast.com\/product\/yoast-seo-wordpress\/ -->\n<title>Col\u00e1geno Marino Cremigel Efecto Fr\u00edo 75 ML Drasanvi - Drasanvi Per\u00fa<\/title>\n<meta name=\"robots\" content=\"index, follow, max-snippet:-1, max-image-preview:large, max-video-preview:-1\" \/>\n<link rel=\"canonical\" href=\"https:\/\/drasanvi.com\/pe\/producto\/colageno-marino-cremigel-efecto-frio-75-ml-drasanvi\/\" \/>\n<meta property=\"og:locale\" content=\"es_ES\" \/>\n<meta property=\"og:type\" content=\"article\" \/>\n<meta property=\"og:title\" content=\"Col\u00e1geno Marino Cremigel Efecto Fr\u00edo 75 ML Drasanvi - Drasanvi Per\u00fa\" \/>\n<meta property=\"og:description\" content=\"Collmar cremi-gel efecto fr&iacute;o alivia y reduce las molestias cotidianas. Los ingredientes que contiene su formulaci&oacute;n activan y mejoran la circulaci&oacute;n.Ideal para aliviar y calmar piernas cansadas o cualquier otra parte del cuerpo que sienta pesadez muscular o sensaci&oacute;n de fatiga.Se puede utilizar tanto para la pr&aacute;ctica deportiva (recomendamos despu&eacute;s del ejercicio) c&oacute;mo para el d&iacute;a a d&iacute;a de cualquier persona que sufra cualquier trastorno leve.Nuestra f&oacute;rmula est&aacute; enriquecida con Col&aacute;geno Marino y aceites esenciales quimiotipados de Gaulteria y C&uacute;rcuma.Ficha t\u00e9cnica\" \/>\n<meta property=\"og:url\" content=\"https:\/\/drasanvi.com\/pe\/producto\/colageno-marino-cremigel-efecto-frio-75-ml-drasanvi\/\" \/>\n<meta property=\"og:site_name\" content=\"Drasanvi Per\u00fa\" \/>\n<meta property=\"article:modified_time\" content=\"2024-11-06T23:00:06+00:00\" \/>\n<meta property=\"og:image\" content=\"https:\/\/drasanvi.com\/pe\/wp-content\/uploads\/sites\/5\/2022\/05\/032060818.png\" \/>\n\t<meta property=\"og:image:width\" content=\"1000\" \/>\n\t<meta property=\"og:image:height\" content=\"1000\" \/>\n\t<meta property=\"og:image:type\" content=\"image\/png\" \/>\n<meta name=\"twitter:card\" content=\"summary_large_image\" \/>\n<script type=\"application\/ld+json\" class=\"yoast-schema-graph\">{\"@context\":\"https:\\\/\\\/schema.org\",\"@graph\":[{\"@type\":\"WebPage\",\"@id\":\"https:\\\/\\\/drasanvi.com\\\/pe\\\/producto\\\/colageno-marino-cremigel-efecto-frio-75-ml-drasanvi\\\/\",\"url\":\"https:\\\/\\\/drasanvi.com\\\/pe\\\/producto\\\/colageno-marino-cremigel-efecto-frio-75-ml-drasanvi\\\/\",\"name\":\"Col\u00e1geno Marino Cremigel Efecto Fr\u00edo 75 ML Drasanvi - Drasanvi Per\u00fa\",\"isPartOf\":{\"@id\":\"https:\\\/\\\/drasanvi.com\\\/pe\\\/#website\"},\"primaryImageOfPage\":{\"@id\":\"https:\\\/\\\/drasanvi.com\\\/pe\\\/producto\\\/colageno-marino-cremigel-efecto-frio-75-ml-drasanvi\\\/#primaryimage\"},\"image\":{\"@id\":\"https:\\\/\\\/drasanvi.com\\\/pe\\\/producto\\\/colageno-marino-cremigel-efecto-frio-75-ml-drasanvi\\\/#primaryimage\"},\"thumbnailUrl\":\"https:\\\/\\\/drasanvi.com\\\/pe\\\/wp-content\\\/uploads\\\/sites\\\/5\\\/2022\\\/05\\\/032060818.png\",\"datePublished\":\"2022-05-25T13:15:09+00:00\",\"dateModified\":\"2024-11-06T23:00:06+00:00\",\"breadcrumb\":{\"@id\":\"https:\\\/\\\/drasanvi.com\\\/pe\\\/producto\\\/colageno-marino-cremigel-efecto-frio-75-ml-drasanvi\\\/#breadcrumb\"},\"inLanguage\":\"es\",\"potentialAction\":[{\"@type\":\"ReadAction\",\"target\":[\"https:\\\/\\\/drasanvi.com\\\/pe\\\/producto\\\/colageno-marino-cremigel-efecto-frio-75-ml-drasanvi\\\/\"]}]},{\"@type\":\"ImageObject\",\"inLanguage\":\"es\",\"@id\":\"https:\\\/\\\/drasanvi.com\\\/pe\\\/producto\\\/colageno-marino-cremigel-efecto-frio-75-ml-drasanvi\\\/#primaryimage\",\"url\":\"https:\\\/\\\/drasanvi.com\\\/pe\\\/wp-content\\\/uploads\\\/sites\\\/5\\\/2022\\\/05\\\/032060818.png\",\"contentUrl\":\"https:\\\/\\\/drasanvi.com\\\/pe\\\/wp-content\\\/uploads\\\/sites\\\/5\\\/2022\\\/05\\\/032060818.png\",\"width\":1000,\"height\":1000},{\"@type\":\"BreadcrumbList\",\"@id\":\"https:\\\/\\\/drasanvi.com\\\/pe\\\/producto\\\/colageno-marino-cremigel-efecto-frio-75-ml-drasanvi\\\/#breadcrumb\",\"itemListElement\":[{\"@type\":\"ListItem\",\"position\":1,\"name\":\"Portada\",\"item\":\"https:\\\/\\\/drasanvi.com\\\/pe\\\/\"},{\"@type\":\"ListItem\",\"position\":2,\"name\":\"Tienda\",\"item\":\"https:\\\/\\\/drasanvi.com\\\/pe\\\/tienda\\\/\"},{\"@type\":\"ListItem\",\"position\":3,\"name\":\"Col\u00e1geno Marino Cremigel Efecto Fr\u00edo 75 ML Drasanvi\"}]},{\"@type\":\"WebSite\",\"@id\":\"https:\\\/\\\/drasanvi.com\\\/pe\\\/#website\",\"url\":\"https:\\\/\\\/drasanvi.com\\\/pe\\\/\",\"name\":\"Drasanvi Per\u00fa\",\"description\":\"L\u00edder en complementos alimenticios y cosm\u00e9tica natural.\",\"publisher\":{\"@id\":\"https:\\\/\\\/drasanvi.com\\\/pe\\\/#organization\"},\"potentialAction\":[{\"@type\":\"SearchAction\",\"target\":{\"@type\":\"EntryPoint\",\"urlTemplate\":\"https:\\\/\\\/drasanvi.com\\\/pe\\\/?s={search_term_string}\"},\"query-input\":{\"@type\":\"PropertyValueSpecification\",\"valueRequired\":true,\"valueName\":\"search_term_string\"}}],\"inLanguage\":\"es\"},{\"@type\":\"Organization\",\"@id\":\"https:\\\/\\\/drasanvi.com\\\/pe\\\/#organization\",\"name\":\"Drasanvi\",\"url\":\"https:\\\/\\\/drasanvi.com\\\/pe\\\/\",\"logo\":{\"@type\":\"ImageObject\",\"inLanguage\":\"es\",\"@id\":\"https:\\\/\\\/drasanvi.com\\\/pe\\\/#\\\/schema\\\/logo\\\/image\\\/\",\"url\":\"https:\\\/\\\/drasanvi.com\\\/wp-content\\\/uploads\\\/sites\\\/5\\\/2021\\\/07\\\/logo-drasanvi.png\",\"contentUrl\":\"https:\\\/\\\/drasanvi.com\\\/wp-content\\\/uploads\\\/sites\\\/5\\\/2021\\\/07\\\/logo-drasanvi.png\",\"width\":900,\"height\":300,\"caption\":\"Drasanvi\"},\"image\":{\"@id\":\"https:\\\/\\\/drasanvi.com\\\/pe\\\/#\\\/schema\\\/logo\\\/image\\\/\"}}]}<\/script>\n<!-- \/ Yoast SEO plugin. -->","yoast_head_json":{"title":"Col\u00e1geno Marino Cremigel Efecto Fr\u00edo 75 ML Drasanvi - Drasanvi Per\u00fa","robots":{"index":"index","follow":"follow","max-snippet":"max-snippet:-1","max-image-preview":"max-image-preview:large","max-video-preview":"max-video-preview:-1"},"canonical":"https:\/\/drasanvi.com\/pe\/producto\/colageno-marino-cremigel-efecto-frio-75-ml-drasanvi\/","og_locale":"es_ES","og_type":"article","og_title":"Col\u00e1geno Marino Cremigel Efecto Fr\u00edo 75 ML Drasanvi - Drasanvi Per\u00fa","og_description":"Collmar cremi-gel efecto fr&iacute;o alivia y reduce las molestias cotidianas. Los ingredientes que contiene su formulaci&oacute;n activan y mejoran la circulaci&oacute;n.Ideal para aliviar y calmar piernas cansadas o cualquier otra parte del cuerpo que sienta pesadez muscular o sensaci&oacute;n de fatiga.Se puede utilizar tanto para la pr&aacute;ctica deportiva (recomendamos despu&eacute;s del ejercicio) c&oacute;mo para el d&iacute;a a d&iacute;a de cualquier persona que sufra cualquier trastorno leve.Nuestra f&oacute;rmula est&aacute; enriquecida con Col&aacute;geno Marino y aceites esenciales quimiotipados de Gaulteria y C&uacute;rcuma.Ficha t\u00e9cnica","og_url":"https:\/\/drasanvi.com\/pe\/producto\/colageno-marino-cremigel-efecto-frio-75-ml-drasanvi\/","og_site_name":"Drasanvi Per\u00fa","article_modified_time":"2024-11-06T23:00:06+00:00","og_image":[{"width":1000,"height":1000,"url":"https:\/\/drasanvi.com\/pe\/wp-content\/uploads\/sites\/5\/2022\/05\/032060818.png","type":"image\/png"}],"twitter_card":"summary_large_image","schema":{"@context":"https:\/\/schema.org","@graph":[{"@type":"WebPage","@id":"https:\/\/drasanvi.com\/pe\/producto\/colageno-marino-cremigel-efecto-frio-75-ml-drasanvi\/","url":"https:\/\/drasanvi.com\/pe\/producto\/colageno-marino-cremigel-efecto-frio-75-ml-drasanvi\/","name":"Col\u00e1geno Marino Cremigel Efecto Fr\u00edo 75 ML Drasanvi - Drasanvi Per\u00fa","isPartOf":{"@id":"https:\/\/drasanvi.com\/pe\/#website"},"primaryImageOfPage":{"@id":"https:\/\/drasanvi.com\/pe\/producto\/colageno-marino-cremigel-efecto-frio-75-ml-drasanvi\/#primaryimage"},"image":{"@id":"https:\/\/drasanvi.com\/pe\/producto\/colageno-marino-cremigel-efecto-frio-75-ml-drasanvi\/#primaryimage"},"thumbnailUrl":"https:\/\/drasanvi.com\/pe\/wp-content\/uploads\/sites\/5\/2022\/05\/032060818.png","datePublished":"2022-05-25T13:15:09+00:00","dateModified":"2024-11-06T23:00:06+00:00","breadcrumb":{"@id":"https:\/\/drasanvi.com\/pe\/producto\/colageno-marino-cremigel-efecto-frio-75-ml-drasanvi\/#breadcrumb"},"inLanguage":"es","potentialAction":[{"@type":"ReadAction","target":["https:\/\/drasanvi.com\/pe\/producto\/colageno-marino-cremigel-efecto-frio-75-ml-drasanvi\/"]}]},{"@type":"ImageObject","inLanguage":"es","@id":"https:\/\/drasanvi.com\/pe\/producto\/colageno-marino-cremigel-efecto-frio-75-ml-drasanvi\/#primaryimage","url":"https:\/\/drasanvi.com\/pe\/wp-content\/uploads\/sites\/5\/2022\/05\/032060818.png","contentUrl":"https:\/\/drasanvi.com\/pe\/wp-content\/uploads\/sites\/5\/2022\/05\/032060818.png","width":1000,"height":1000},{"@type":"BreadcrumbList","@id":"https:\/\/drasanvi.com\/pe\/producto\/colageno-marino-cremigel-efecto-frio-75-ml-drasanvi\/#breadcrumb","itemListElement":[{"@type":"ListItem","position":1,"name":"Portada","item":"https:\/\/drasanvi.com\/pe\/"},{"@type":"ListItem","position":2,"name":"Tienda","item":"https:\/\/drasanvi.com\/pe\/tienda\/"},{"@type":"ListItem","position":3,"name":"Col\u00e1geno Marino Cremigel Efecto Fr\u00edo 75 ML Drasanvi"}]},{"@type":"WebSite","@id":"https:\/\/drasanvi.com\/pe\/#website","url":"https:\/\/drasanvi.com\/pe\/","name":"Drasanvi Per\u00fa","description":"L\u00edder en complementos alimenticios y cosm\u00e9tica natural.","publisher":{"@id":"https:\/\/drasanvi.com\/pe\/#organization"},"potentialAction":[{"@type":"SearchAction","target":{"@type":"EntryPoint","urlTemplate":"https:\/\/drasanvi.com\/pe\/?s={search_term_string}"},"query-input":{"@type":"PropertyValueSpecification","valueRequired":true,"valueName":"search_term_string"}}],"inLanguage":"es"},{"@type":"Organization","@id":"https:\/\/drasanvi.com\/pe\/#organization","name":"Drasanvi","url":"https:\/\/drasanvi.com\/pe\/","logo":{"@type":"ImageObject","inLanguage":"es","@id":"https:\/\/drasanvi.com\/pe\/#\/schema\/logo\/image\/","url":"https:\/\/drasanvi.com\/wp-content\/uploads\/sites\/5\/2021\/07\/logo-drasanvi.png","contentUrl":"https:\/\/drasanvi.com\/wp-content\/uploads\/sites\/5\/2021\/07\/logo-drasanvi.png","width":900,"height":300,"caption":"Drasanvi"},"image":{"@id":"https:\/\/drasanvi.com\/pe\/#\/schema\/logo\/image\/"}}]}},"_links":{"self":[{"href":"https:\/\/drasanvi.com\/pe\/wp-json\/wp\/v2\/product\/23454","targetHints":{"allow":["GET"]}}],"collection":[{"href":"https:\/\/drasanvi.com\/pe\/wp-json\/wp\/v2\/product"}],"about":[{"href":"https:\/\/drasanvi.com\/pe\/wp-json\/wp\/v2\/types\/product"}],"version-history":[{"count":1,"href":"https:\/\/drasanvi.com\/pe\/wp-json\/wp\/v2\/product\/23454\/revisions"}],"predecessor-version":[{"id":24229,"href":"https:\/\/drasanvi.com\/pe\/wp-json\/wp\/v2\/product\/23454\/revisions\/24229"}],"wp:featuredmedia":[{"embeddable":true,"href":"https:\/\/drasanvi.com\/pe\/wp-json\/wp\/v2\/media\/23456"}],"wp:attachment":[{"href":"https:\/\/drasanvi.com\/pe\/wp-json\/wp\/v2\/media?parent=23454"}],"wp:term":[{"taxonomy":"product_cat","embeddable":true,"href":"https:\/\/drasanvi.com\/pe\/wp-json\/wp\/v2\/product_cat?post=23454"},{"taxonomy":"product_tag","embeddable":true,"href":"https:\/\/drasanvi.com\/pe\/wp-json\/wp\/v2\/product_tag?post=23454"}],"curies":[{"name":"wp","href":"https:\/\/api.w.org\/{rel}","templated":true}]}}