{"id":23451,"date":"2022-05-25T15:15:09","date_gmt":"2022-05-25T13:15:09","guid":{"rendered":"https:\/\/drasanvi.com\/pe\/producto\/collmar-beauty-crema-facial\/"},"modified":"2023-10-07T01:00:06","modified_gmt":"2023-10-06T23:00:06","slug":"collmar-beauty-crema-facial","status":"publish","type":"product","link":"https:\/\/drasanvi.com\/pe\/producto\/collmar-beauty-crema-facial\/","title":{"rendered":"Col\u00e1geno Marino Hidrolizado Beauty Crema Facial"},"content":{"rendered":"<p>Col&aacute;geno Marino Hidrolizado crema de acci&oacute;n noche y acci&oacute;n d&iacute;a con efecto antiarrugas y reparador celular. La sinergia de sus ingredientes act&uacute;a contra los signos de envejecimiento prematuro como son falta de firmeza, arrugas, l&iacute;neas de expresi&oacute;n y p&eacute;rdida de hidrataci&oacute;n. La piel, a partir de 30 a&ntilde;os, sufre numerosos cambios: arrugas, piel seca, p&eacute;rdida de firmeza y l&iacute;neas de expresi&oacute;n. Todos estos cambios son consecuencia del descenso de la s&iacute;ntesis de col&aacute;geno por parte de nuestra piel. La combinaci&oacute;n de los ingredientes con el Col&aacute;geno marino hidrolizado ayuda a combatir esta problem&aacute;tica, mejorando el aspecto de la piel.<\/p>\n<h2>Ingredientes<\/h2>\n<p>Aqua, Cetyl Alcohol, Isopropyl Myristate, Octyldodecanol, Polyglyceryl-3 Rice Branate, Propanediol, Glyceryl Stearate SE, Caprylic\/Capric Triglyceride, Sorbitol, Stearyl Alcohol, Dimethicone, Phenoxyethanol, Oenothera Biennis Oil, Borago Officinalis Seed Oil, Glycerin, Xanthan Gum, Polyacrylate Crosspolymer-6, Imidazolidinyl Urea, Hydrolyzed Collagen, Parfum, Disodium EDTA, Collagen, Urea, Sodium Lactate, Collagen Amino Acids, Mannitol, Ethylhexylglycerin, Glycine, Lactic Acid, Placental Protein, Triethanolamine, Hydrolyzed Soy Protein, Punica Granatum Fruit Extract, 2-O-Ethyl Ascorbic Acid, Linalool, BHT, Limonene, Butylphenyl Methylpropional, Citronellol, Propylene Glycol, Sodium Hyaluronate, Panthenol, Zinc PCA, Glucose, Alpha Isomethyl Ionone, Potassium Sorbate, Sodium Benzoate, Pyridoxine, Ornithine Hcl, Glucosamine Hcl, Niacinamide, Chlorphenesin, Citrulline, Arginine, Biotin, Sorbic Acid, Sodium Succinate.<\/p>\n<h2>Modo de uso<\/h2>\n<p>Aplicar la crema ma&ntilde;ana y\/o noche sobre el rostro, cuello y escote con un ligero masaje.<\/p>\n<h2>Presentaci\u00f3n<\/h2>\n<p>Envase de 60 ml (2.02 fl oz)<\/p>\n<h2>Advertencias<\/h2>\n<p>Col&aacute;geno marino hidrolizado. &Aacute;cido hialur&oacute;nico de bajo peso molecular. Sin parabenos. No testado en animales.<\/p>\n<h2>Valores nutricionales<\/h2>\n","protected":false},"excerpt":{"rendered":"<p>Col&aacute;geno Marino Hidrolizado crema de acci&oacute;n noche y acci&oacute;n d&iacute;a con efecto antiarrugas y reparador celular. La sinergia de sus ingredientes act&uacute;a contra los signos de envejecimiento prematuro como son falta de firmeza, arrugas, l&iacute;neas de expresi&oacute;n y p&eacute;rdida de hidrataci&oacute;n. La piel, a partir de 30 a&ntilde;os, sufre numerosos cambios: arrugas, piel seca, p&eacute;rdida de firmeza y l&iacute;neas de expresi&oacute;n. Todos estos cambios son consecuencia del descenso de la s&iacute;ntesis de col&aacute;geno por parte de nuestra piel. La combinaci&oacute;n de los ingredientes con el Col&aacute;geno marino hidrolizado ayuda a combatir esta problem&aacute;tica, mejorando el aspecto de la piel.<\/p>\n<p><a id=\"boton-ficha\" href=\"https:\/\/panel.drasanvi.com\/fichas\/9\/032060741\">Ficha t\u00e9cnica<\/a><\/p>\n","protected":false},"featured_media":23453,"template":"","meta":{"inline_featured_image":false},"product_cat":[94],"product_tag":[],"class_list":["post-23451","product","type-product","status-publish","has-post-thumbnail","hentry","product_cat-cosmetica","pa_contiene-altramuces-no","pa_contiene-apio-no","pa_contiene-cacahuetes-no","pa_contiene-crustaceos-no","pa_contiene-frutos-secos-no","pa_contiene-huevo-no","pa_contiene-leche-no","pa_contiene-moluscos-no","pa_contiene-mostaza-no","pa_contiene-pescado-no","pa_contiene-sesamo-no","pa_contiene-soja-no","pa_producto-bio-no","pa_producto-sin-gluten-si","pa_producto-vegano-no","pa_producto-vegetariano-no"],"yoast_head":"<!-- This site is optimized with the Yoast SEO plugin v27.5 - https:\/\/yoast.com\/product\/yoast-seo-wordpress\/ -->\n<title>Col\u00e1geno Marino Hidrolizado Beauty Crema Facial - Drasanvi Per\u00fa<\/title>\n<meta name=\"robots\" content=\"index, follow, max-snippet:-1, max-image-preview:large, max-video-preview:-1\" \/>\n<link rel=\"canonical\" href=\"https:\/\/drasanvi.com\/pe\/producto\/collmar-beauty-crema-facial\/\" \/>\n<meta property=\"og:locale\" content=\"es_ES\" \/>\n<meta property=\"og:type\" content=\"article\" \/>\n<meta property=\"og:title\" content=\"Col\u00e1geno Marino Hidrolizado Beauty Crema Facial - Drasanvi Per\u00fa\" \/>\n<meta property=\"og:description\" content=\"Col&aacute;geno Marino Hidrolizado crema de acci&oacute;n noche y acci&oacute;n d&iacute;a con efecto antiarrugas y reparador celular. La sinergia de sus ingredientes act&uacute;a contra los signos de envejecimiento prematuro como son falta de firmeza, arrugas, l&iacute;neas de expresi&oacute;n y p&eacute;rdida de hidrataci&oacute;n. La piel, a partir de 30 a&ntilde;os, sufre numerosos cambios: arrugas, piel seca, p&eacute;rdida de firmeza y l&iacute;neas de expresi&oacute;n. Todos estos cambios son consecuencia del descenso de la s&iacute;ntesis de col&aacute;geno por parte de nuestra piel. La combinaci&oacute;n de los ingredientes con el Col&aacute;geno marino hidrolizado ayuda a combatir esta problem&aacute;tica, mejorando el aspecto de la piel.Ficha t\u00e9cnica\" \/>\n<meta property=\"og:url\" content=\"https:\/\/drasanvi.com\/pe\/producto\/collmar-beauty-crema-facial\/\" \/>\n<meta property=\"og:site_name\" content=\"Drasanvi Per\u00fa\" \/>\n<meta property=\"article:modified_time\" content=\"2023-10-06T23:00:06+00:00\" \/>\n<meta property=\"og:image\" content=\"https:\/\/drasanvi.com\/pe\/wp-content\/uploads\/sites\/5\/2022\/05\/032060741.png\" \/>\n\t<meta property=\"og:image:width\" content=\"1000\" \/>\n\t<meta property=\"og:image:height\" content=\"1000\" \/>\n\t<meta property=\"og:image:type\" content=\"image\/png\" \/>\n<meta name=\"twitter:card\" content=\"summary_large_image\" \/>\n<script type=\"application\/ld+json\" class=\"yoast-schema-graph\">{\"@context\":\"https:\\\/\\\/schema.org\",\"@graph\":[{\"@type\":\"WebPage\",\"@id\":\"https:\\\/\\\/drasanvi.com\\\/pe\\\/producto\\\/collmar-beauty-crema-facial\\\/\",\"url\":\"https:\\\/\\\/drasanvi.com\\\/pe\\\/producto\\\/collmar-beauty-crema-facial\\\/\",\"name\":\"Col\u00e1geno Marino Hidrolizado Beauty Crema Facial - Drasanvi Per\u00fa\",\"isPartOf\":{\"@id\":\"https:\\\/\\\/drasanvi.com\\\/pe\\\/#website\"},\"primaryImageOfPage\":{\"@id\":\"https:\\\/\\\/drasanvi.com\\\/pe\\\/producto\\\/collmar-beauty-crema-facial\\\/#primaryimage\"},\"image\":{\"@id\":\"https:\\\/\\\/drasanvi.com\\\/pe\\\/producto\\\/collmar-beauty-crema-facial\\\/#primaryimage\"},\"thumbnailUrl\":\"https:\\\/\\\/drasanvi.com\\\/pe\\\/wp-content\\\/uploads\\\/sites\\\/5\\\/2022\\\/05\\\/032060741.png\",\"datePublished\":\"2022-05-25T13:15:09+00:00\",\"dateModified\":\"2023-10-06T23:00:06+00:00\",\"breadcrumb\":{\"@id\":\"https:\\\/\\\/drasanvi.com\\\/pe\\\/producto\\\/collmar-beauty-crema-facial\\\/#breadcrumb\"},\"inLanguage\":\"es\",\"potentialAction\":[{\"@type\":\"ReadAction\",\"target\":[\"https:\\\/\\\/drasanvi.com\\\/pe\\\/producto\\\/collmar-beauty-crema-facial\\\/\"]}]},{\"@type\":\"ImageObject\",\"inLanguage\":\"es\",\"@id\":\"https:\\\/\\\/drasanvi.com\\\/pe\\\/producto\\\/collmar-beauty-crema-facial\\\/#primaryimage\",\"url\":\"https:\\\/\\\/drasanvi.com\\\/pe\\\/wp-content\\\/uploads\\\/sites\\\/5\\\/2022\\\/05\\\/032060741.png\",\"contentUrl\":\"https:\\\/\\\/drasanvi.com\\\/pe\\\/wp-content\\\/uploads\\\/sites\\\/5\\\/2022\\\/05\\\/032060741.png\",\"width\":1000,\"height\":1000},{\"@type\":\"BreadcrumbList\",\"@id\":\"https:\\\/\\\/drasanvi.com\\\/pe\\\/producto\\\/collmar-beauty-crema-facial\\\/#breadcrumb\",\"itemListElement\":[{\"@type\":\"ListItem\",\"position\":1,\"name\":\"Portada\",\"item\":\"https:\\\/\\\/drasanvi.com\\\/pe\\\/\"},{\"@type\":\"ListItem\",\"position\":2,\"name\":\"Tienda\",\"item\":\"https:\\\/\\\/drasanvi.com\\\/pe\\\/tienda\\\/\"},{\"@type\":\"ListItem\",\"position\":3,\"name\":\"Col\u00e1geno Marino Hidrolizado Beauty Crema Facial\"}]},{\"@type\":\"WebSite\",\"@id\":\"https:\\\/\\\/drasanvi.com\\\/pe\\\/#website\",\"url\":\"https:\\\/\\\/drasanvi.com\\\/pe\\\/\",\"name\":\"Drasanvi Per\u00fa\",\"description\":\"L\u00edder en complementos alimenticios y cosm\u00e9tica natural.\",\"publisher\":{\"@id\":\"https:\\\/\\\/drasanvi.com\\\/pe\\\/#organization\"},\"potentialAction\":[{\"@type\":\"SearchAction\",\"target\":{\"@type\":\"EntryPoint\",\"urlTemplate\":\"https:\\\/\\\/drasanvi.com\\\/pe\\\/?s={search_term_string}\"},\"query-input\":{\"@type\":\"PropertyValueSpecification\",\"valueRequired\":true,\"valueName\":\"search_term_string\"}}],\"inLanguage\":\"es\"},{\"@type\":\"Organization\",\"@id\":\"https:\\\/\\\/drasanvi.com\\\/pe\\\/#organization\",\"name\":\"Drasanvi\",\"url\":\"https:\\\/\\\/drasanvi.com\\\/pe\\\/\",\"logo\":{\"@type\":\"ImageObject\",\"inLanguage\":\"es\",\"@id\":\"https:\\\/\\\/drasanvi.com\\\/pe\\\/#\\\/schema\\\/logo\\\/image\\\/\",\"url\":\"https:\\\/\\\/drasanvi.com\\\/wp-content\\\/uploads\\\/sites\\\/5\\\/2021\\\/07\\\/logo-drasanvi.png\",\"contentUrl\":\"https:\\\/\\\/drasanvi.com\\\/wp-content\\\/uploads\\\/sites\\\/5\\\/2021\\\/07\\\/logo-drasanvi.png\",\"width\":900,\"height\":300,\"caption\":\"Drasanvi\"},\"image\":{\"@id\":\"https:\\\/\\\/drasanvi.com\\\/pe\\\/#\\\/schema\\\/logo\\\/image\\\/\"}}]}<\/script>\n<!-- \/ Yoast SEO plugin. -->","yoast_head_json":{"title":"Col\u00e1geno Marino Hidrolizado Beauty Crema Facial - Drasanvi Per\u00fa","robots":{"index":"index","follow":"follow","max-snippet":"max-snippet:-1","max-image-preview":"max-image-preview:large","max-video-preview":"max-video-preview:-1"},"canonical":"https:\/\/drasanvi.com\/pe\/producto\/collmar-beauty-crema-facial\/","og_locale":"es_ES","og_type":"article","og_title":"Col\u00e1geno Marino Hidrolizado Beauty Crema Facial - Drasanvi Per\u00fa","og_description":"Col&aacute;geno Marino Hidrolizado crema de acci&oacute;n noche y acci&oacute;n d&iacute;a con efecto antiarrugas y reparador celular. La sinergia de sus ingredientes act&uacute;a contra los signos de envejecimiento prematuro como son falta de firmeza, arrugas, l&iacute;neas de expresi&oacute;n y p&eacute;rdida de hidrataci&oacute;n. La piel, a partir de 30 a&ntilde;os, sufre numerosos cambios: arrugas, piel seca, p&eacute;rdida de firmeza y l&iacute;neas de expresi&oacute;n. Todos estos cambios son consecuencia del descenso de la s&iacute;ntesis de col&aacute;geno por parte de nuestra piel. La combinaci&oacute;n de los ingredientes con el Col&aacute;geno marino hidrolizado ayuda a combatir esta problem&aacute;tica, mejorando el aspecto de la piel.Ficha t\u00e9cnica","og_url":"https:\/\/drasanvi.com\/pe\/producto\/collmar-beauty-crema-facial\/","og_site_name":"Drasanvi Per\u00fa","article_modified_time":"2023-10-06T23:00:06+00:00","og_image":[{"url":"https:\/\/drasanvi.com\/pe\/wp-content\/uploads\/sites\/5\/2022\/05\/032060741.png","width":1000,"height":1000,"type":"image\/png"}],"twitter_card":"summary_large_image","schema":{"@context":"https:\/\/schema.org","@graph":[{"@type":"WebPage","@id":"https:\/\/drasanvi.com\/pe\/producto\/collmar-beauty-crema-facial\/","url":"https:\/\/drasanvi.com\/pe\/producto\/collmar-beauty-crema-facial\/","name":"Col\u00e1geno Marino Hidrolizado Beauty Crema Facial - Drasanvi Per\u00fa","isPartOf":{"@id":"https:\/\/drasanvi.com\/pe\/#website"},"primaryImageOfPage":{"@id":"https:\/\/drasanvi.com\/pe\/producto\/collmar-beauty-crema-facial\/#primaryimage"},"image":{"@id":"https:\/\/drasanvi.com\/pe\/producto\/collmar-beauty-crema-facial\/#primaryimage"},"thumbnailUrl":"https:\/\/drasanvi.com\/pe\/wp-content\/uploads\/sites\/5\/2022\/05\/032060741.png","datePublished":"2022-05-25T13:15:09+00:00","dateModified":"2023-10-06T23:00:06+00:00","breadcrumb":{"@id":"https:\/\/drasanvi.com\/pe\/producto\/collmar-beauty-crema-facial\/#breadcrumb"},"inLanguage":"es","potentialAction":[{"@type":"ReadAction","target":["https:\/\/drasanvi.com\/pe\/producto\/collmar-beauty-crema-facial\/"]}]},{"@type":"ImageObject","inLanguage":"es","@id":"https:\/\/drasanvi.com\/pe\/producto\/collmar-beauty-crema-facial\/#primaryimage","url":"https:\/\/drasanvi.com\/pe\/wp-content\/uploads\/sites\/5\/2022\/05\/032060741.png","contentUrl":"https:\/\/drasanvi.com\/pe\/wp-content\/uploads\/sites\/5\/2022\/05\/032060741.png","width":1000,"height":1000},{"@type":"BreadcrumbList","@id":"https:\/\/drasanvi.com\/pe\/producto\/collmar-beauty-crema-facial\/#breadcrumb","itemListElement":[{"@type":"ListItem","position":1,"name":"Portada","item":"https:\/\/drasanvi.com\/pe\/"},{"@type":"ListItem","position":2,"name":"Tienda","item":"https:\/\/drasanvi.com\/pe\/tienda\/"},{"@type":"ListItem","position":3,"name":"Col\u00e1geno Marino Hidrolizado Beauty Crema Facial"}]},{"@type":"WebSite","@id":"https:\/\/drasanvi.com\/pe\/#website","url":"https:\/\/drasanvi.com\/pe\/","name":"Drasanvi Per\u00fa","description":"L\u00edder en complementos alimenticios y cosm\u00e9tica natural.","publisher":{"@id":"https:\/\/drasanvi.com\/pe\/#organization"},"potentialAction":[{"@type":"SearchAction","target":{"@type":"EntryPoint","urlTemplate":"https:\/\/drasanvi.com\/pe\/?s={search_term_string}"},"query-input":{"@type":"PropertyValueSpecification","valueRequired":true,"valueName":"search_term_string"}}],"inLanguage":"es"},{"@type":"Organization","@id":"https:\/\/drasanvi.com\/pe\/#organization","name":"Drasanvi","url":"https:\/\/drasanvi.com\/pe\/","logo":{"@type":"ImageObject","inLanguage":"es","@id":"https:\/\/drasanvi.com\/pe\/#\/schema\/logo\/image\/","url":"https:\/\/drasanvi.com\/wp-content\/uploads\/sites\/5\/2021\/07\/logo-drasanvi.png","contentUrl":"https:\/\/drasanvi.com\/wp-content\/uploads\/sites\/5\/2021\/07\/logo-drasanvi.png","width":900,"height":300,"caption":"Drasanvi"},"image":{"@id":"https:\/\/drasanvi.com\/pe\/#\/schema\/logo\/image\/"}}]}},"_links":{"self":[{"href":"https:\/\/drasanvi.com\/pe\/wp-json\/wp\/v2\/product\/23451","targetHints":{"allow":["GET"]}}],"collection":[{"href":"https:\/\/drasanvi.com\/pe\/wp-json\/wp\/v2\/product"}],"about":[{"href":"https:\/\/drasanvi.com\/pe\/wp-json\/wp\/v2\/types\/product"}],"version-history":[{"count":1,"href":"https:\/\/drasanvi.com\/pe\/wp-json\/wp\/v2\/product\/23451\/revisions"}],"predecessor-version":[{"id":24038,"href":"https:\/\/drasanvi.com\/pe\/wp-json\/wp\/v2\/product\/23451\/revisions\/24038"}],"wp:featuredmedia":[{"embeddable":true,"href":"https:\/\/drasanvi.com\/pe\/wp-json\/wp\/v2\/media\/23453"}],"wp:attachment":[{"href":"https:\/\/drasanvi.com\/pe\/wp-json\/wp\/v2\/media?parent=23451"}],"wp:term":[{"taxonomy":"product_cat","embeddable":true,"href":"https:\/\/drasanvi.com\/pe\/wp-json\/wp\/v2\/product_cat?post=23451"},{"taxonomy":"product_tag","embeddable":true,"href":"https:\/\/drasanvi.com\/pe\/wp-json\/wp\/v2\/product_tag?post=23451"}],"curies":[{"name":"wp","href":"https:\/\/api.w.org\/{rel}","templated":true}]}}