{"id":23441,"date":"2022-05-25T15:14:10","date_gmt":"2022-05-25T13:14:10","guid":{"rendered":"https:\/\/drasanvi.com\/pe\/producto\/super-alimentos-semilla-de-chia-doypack\/"},"modified":"2024-11-08T01:00:06","modified_gmt":"2024-11-07T23:00:06","slug":"super-alimentos-semilla-de-chia-doypack","status":"publish","type":"product","link":"https:\/\/drasanvi.com\/pe\/producto\/super-alimentos-semilla-de-chia-doypack\/","title":{"rendered":"Semilla de Ch\u00eda Bio 250 g Doypack Superalimentos Drasanvi"},"content":{"rendered":"<p>Aunque se trata de uno de los superalimentos de moda, su uso comoalimento b&aacute;sico se remonta a las antiguas civilizaciones Mayas y Aztecas.Y con raz&oacute;n, ya que las semillas de Ch&iacute;a son muy ricas en nutrientes yest&aacute;n repletas de vitaminas, minerales y &aacute;cidos grasos Omega 3, 6 y9. Adem&aacute;s, poseen un alto contenido en fibra.Otra de sus ventajas es que son muy f&aacute;ciles de digerir y mezclar con otrosalimentos. Se caracteriza por un agradable sabor, ligeramente suave yparecido al de la nuez.Las semillas de Ch&iacute;a, cuando se combinan con l&iacute;quido, absorben entre10 y 12 veces su peso en agua formando un gel voluminoso. De estaforma, se convierte en un ingrediente muy vers&aacute;til para enriquecer tusrecetas.<\/p>\n<h2>Ingredientes<\/h2>\n<p>Semillas de Ch&iacute;a de origen BIO<em>(Salvia hispanica L.)<\/em><\/p>\n<h2>Modo de uso<\/h2>\n<p>No superar 15 g diariosPueden a&ntilde;adirse al pan, al muesli, yogures, batidos y &nbsp;ensaladas. Tambi&eacute;n se pueden poner a remojo durante ocho horas, para formar un gel, el cual se puede tomar directamente o utilizar en numerosas recetas.1 cucharada de postre= 3,5 gramos aproximadamente<\/p>\n<h2>Presentaci\u00f3n<\/h2>\n<p>Envase de 250 g (8.81 oz)<\/p>\n<h2>Advertencias<\/h2>\n<p>Conservar en un lugar fresco y seco.No exceder 15 gramos diarios&nbsp;&nbsp;<\/p>\n<h2>Valores nutricionales<\/h2>\n<p>Por cada 100 g<\/p>\n<table>\n<tbody>\n<tr>\n<td>INGREDIENTE<\/td>\n<td>CANTIDAD\/100g<\/td>\n<\/tr>\n<tr>\n<td>Valor energ&eacute;tico<\/td>\n<td>450 Kcal-1860 Kj<\/td>\n<\/tr>\n<tr>\n<td>Grasas<\/td>\n<td>31 g<\/td>\n<\/tr>\n<tr>\n<td>de las cuales saturadas<\/td>\n<td>3.3 g<\/td>\n<\/tr>\n<tr>\n<td>de las cuales monoinsaturadas<\/td>\n<td>2.8 g<\/td>\n<\/tr>\n<tr>\n<td>de las cuales Omega 9<\/td>\n<td>1.9 g<\/td>\n<\/tr>\n<tr>\n<td>de las cuales poliinsaturadas<\/td>\n<td>24.9 g<\/td>\n<\/tr>\n<tr>\n<td>de las cuales Omega 3<\/td>\n<td>16 g<\/td>\n<\/tr>\n<tr>\n<td>de las cuales Omega 6<\/td>\n<td>4.7 g<\/td>\n<\/tr>\n<tr>\n<td>Hidratos de carbono<\/td>\n<td>5 g<\/td>\n<\/tr>\n<tr>\n<td>de los cuales az&uacute;cares<\/td>\n<td>0.8 g<\/td>\n<\/tr>\n<tr>\n<td>Fibras<\/td>\n<td>33,7 g<\/td>\n<\/tr>\n<tr>\n<td>Prote&iacute;na<\/td>\n<td>20 g<\/td>\n<\/tr>\n<tr>\n<td>Sal<\/td>\n<td>0.02 g<\/td>\n<\/tr>\n<\/tbody>\n<\/table>\n<p>&nbsp;<\/p>\n","protected":false},"excerpt":{"rendered":"<p>Aunque se trata de uno de los superalimentos de moda, su uso comoalimento b&aacute;sico se remonta a las antiguas civilizaciones Mayas y Aztecas.Y con raz&oacute;n, ya que las semillas de Ch&iacute;a son muy ricas en nutrientes yest&aacute;n repletas de vitaminas, minerales y &aacute;cidos grasos Omega 3, 6 y9. Adem&aacute;s, poseen un alto contenido en fibra.Otra de sus ventajas es que son muy f&aacute;ciles de digerir y mezclar con otrosalimentos. Se caracteriza por un agradable sabor, ligeramente suave yparecido al de la nuez.Las semillas de Ch&iacute;a, cuando se combinan con l&iacute;quido, absorben entre10 y 12 veces su peso en agua formando un gel voluminoso. De estaforma, se convierte en un ingrediente muy vers&aacute;til para enriquecer tusrecetas.<\/p>\n<p><a id=\"boton-ficha\" href=\"https:\/\/panel.drasanvi.com\/fichas\/9\/032010061\">Ficha t\u00e9cnica<\/a><\/p>\n","protected":false},"featured_media":23289,"template":"","meta":{"inline_featured_image":false},"product_cat":[1370],"product_tag":[],"class_list":["post-23441","product","type-product","status-publish","has-post-thumbnail","hentry","product_cat-super-alimentos","pa_contiene-altramuces-no","pa_contiene-apio-no","pa_contiene-cacahuetes-no","pa_contiene-crustaceos-no","pa_contiene-frutos-secos-no","pa_contiene-huevo-no","pa_contiene-leche-no","pa_contiene-moluscos-no","pa_contiene-mostaza-no","pa_contiene-pescado-no","pa_contiene-sesamo-no","pa_contiene-soja-no","pa_producto-bio-si","pa_producto-sin-gluten-si","pa_producto-vegano-si","pa_producto-vegetariano-si"],"yoast_head":"<!-- This site is optimized with the Yoast SEO plugin v27.5 - https:\/\/yoast.com\/product\/yoast-seo-wordpress\/ -->\n<title>Semilla de Ch\u00eda Bio 250 g Doypack Superalimentos Drasanvi - Drasanvi Per\u00fa<\/title>\n<meta name=\"robots\" content=\"index, follow, max-snippet:-1, max-image-preview:large, max-video-preview:-1\" \/>\n<link rel=\"canonical\" href=\"https:\/\/drasanvi.com\/pe\/producto\/super-alimentos-semilla-de-chia-doypack\/\" \/>\n<meta property=\"og:locale\" content=\"es_ES\" \/>\n<meta property=\"og:type\" content=\"article\" \/>\n<meta property=\"og:title\" content=\"Semilla de Ch\u00eda Bio 250 g Doypack Superalimentos Drasanvi - Drasanvi Per\u00fa\" \/>\n<meta property=\"og:description\" content=\"Aunque se trata de uno de los superalimentos de moda, su uso comoalimento b&aacute;sico se remonta a las antiguas civilizaciones Mayas y Aztecas.Y con raz&oacute;n, ya que las semillas de Ch&iacute;a son muy ricas en nutrientes yest&aacute;n repletas de vitaminas, minerales y &aacute;cidos grasos Omega 3, 6 y9. Adem&aacute;s, poseen un alto contenido en fibra.Otra de sus ventajas es que son muy f&aacute;ciles de digerir y mezclar con otrosalimentos. Se caracteriza por un agradable sabor, ligeramente suave yparecido al de la nuez.Las semillas de Ch&iacute;a, cuando se combinan con l&iacute;quido, absorben entre10 y 12 veces su peso en agua formando un gel voluminoso. De estaforma, se convierte en un ingrediente muy vers&aacute;til para enriquecer tusrecetas.Ficha t\u00e9cnica\" \/>\n<meta property=\"og:url\" content=\"https:\/\/drasanvi.com\/pe\/producto\/super-alimentos-semilla-de-chia-doypack\/\" \/>\n<meta property=\"og:site_name\" content=\"Drasanvi Per\u00fa\" \/>\n<meta property=\"article:modified_time\" content=\"2024-11-07T23:00:06+00:00\" \/>\n<meta property=\"og:image\" content=\"https:\/\/drasanvi.com\/pe\/wp-content\/uploads\/sites\/5\/2022\/04\/032010061.png\" \/>\n\t<meta property=\"og:image:width\" content=\"1000\" \/>\n\t<meta property=\"og:image:height\" content=\"1000\" \/>\n\t<meta property=\"og:image:type\" content=\"image\/png\" \/>\n<meta name=\"twitter:card\" content=\"summary_large_image\" \/>\n<script type=\"application\/ld+json\" class=\"yoast-schema-graph\">{\"@context\":\"https:\\\/\\\/schema.org\",\"@graph\":[{\"@type\":\"WebPage\",\"@id\":\"https:\\\/\\\/drasanvi.com\\\/pe\\\/producto\\\/super-alimentos-semilla-de-chia-doypack\\\/\",\"url\":\"https:\\\/\\\/drasanvi.com\\\/pe\\\/producto\\\/super-alimentos-semilla-de-chia-doypack\\\/\",\"name\":\"Semilla de Ch\u00eda Bio 250 g Doypack Superalimentos Drasanvi - Drasanvi Per\u00fa\",\"isPartOf\":{\"@id\":\"https:\\\/\\\/drasanvi.com\\\/pe\\\/#website\"},\"primaryImageOfPage\":{\"@id\":\"https:\\\/\\\/drasanvi.com\\\/pe\\\/producto\\\/super-alimentos-semilla-de-chia-doypack\\\/#primaryimage\"},\"image\":{\"@id\":\"https:\\\/\\\/drasanvi.com\\\/pe\\\/producto\\\/super-alimentos-semilla-de-chia-doypack\\\/#primaryimage\"},\"thumbnailUrl\":\"https:\\\/\\\/drasanvi.com\\\/pe\\\/wp-content\\\/uploads\\\/sites\\\/5\\\/2022\\\/04\\\/032010061.png\",\"datePublished\":\"2022-05-25T13:14:10+00:00\",\"dateModified\":\"2024-11-07T23:00:06+00:00\",\"breadcrumb\":{\"@id\":\"https:\\\/\\\/drasanvi.com\\\/pe\\\/producto\\\/super-alimentos-semilla-de-chia-doypack\\\/#breadcrumb\"},\"inLanguage\":\"es\",\"potentialAction\":[{\"@type\":\"ReadAction\",\"target\":[\"https:\\\/\\\/drasanvi.com\\\/pe\\\/producto\\\/super-alimentos-semilla-de-chia-doypack\\\/\"]}]},{\"@type\":\"ImageObject\",\"inLanguage\":\"es\",\"@id\":\"https:\\\/\\\/drasanvi.com\\\/pe\\\/producto\\\/super-alimentos-semilla-de-chia-doypack\\\/#primaryimage\",\"url\":\"https:\\\/\\\/drasanvi.com\\\/pe\\\/wp-content\\\/uploads\\\/sites\\\/5\\\/2022\\\/04\\\/032010061.png\",\"contentUrl\":\"https:\\\/\\\/drasanvi.com\\\/pe\\\/wp-content\\\/uploads\\\/sites\\\/5\\\/2022\\\/04\\\/032010061.png\",\"width\":1000,\"height\":1000},{\"@type\":\"BreadcrumbList\",\"@id\":\"https:\\\/\\\/drasanvi.com\\\/pe\\\/producto\\\/super-alimentos-semilla-de-chia-doypack\\\/#breadcrumb\",\"itemListElement\":[{\"@type\":\"ListItem\",\"position\":1,\"name\":\"Portada\",\"item\":\"https:\\\/\\\/drasanvi.com\\\/pe\\\/\"},{\"@type\":\"ListItem\",\"position\":2,\"name\":\"Tienda\",\"item\":\"https:\\\/\\\/drasanvi.com\\\/pe\\\/tienda\\\/\"},{\"@type\":\"ListItem\",\"position\":3,\"name\":\"Semilla de Ch\u00eda Bio 250 g Doypack Superalimentos Drasanvi\"}]},{\"@type\":\"WebSite\",\"@id\":\"https:\\\/\\\/drasanvi.com\\\/pe\\\/#website\",\"url\":\"https:\\\/\\\/drasanvi.com\\\/pe\\\/\",\"name\":\"Drasanvi Per\u00fa\",\"description\":\"L\u00edder en complementos alimenticios y cosm\u00e9tica natural.\",\"publisher\":{\"@id\":\"https:\\\/\\\/drasanvi.com\\\/pe\\\/#organization\"},\"potentialAction\":[{\"@type\":\"SearchAction\",\"target\":{\"@type\":\"EntryPoint\",\"urlTemplate\":\"https:\\\/\\\/drasanvi.com\\\/pe\\\/?s={search_term_string}\"},\"query-input\":{\"@type\":\"PropertyValueSpecification\",\"valueRequired\":true,\"valueName\":\"search_term_string\"}}],\"inLanguage\":\"es\"},{\"@type\":\"Organization\",\"@id\":\"https:\\\/\\\/drasanvi.com\\\/pe\\\/#organization\",\"name\":\"Drasanvi\",\"url\":\"https:\\\/\\\/drasanvi.com\\\/pe\\\/\",\"logo\":{\"@type\":\"ImageObject\",\"inLanguage\":\"es\",\"@id\":\"https:\\\/\\\/drasanvi.com\\\/pe\\\/#\\\/schema\\\/logo\\\/image\\\/\",\"url\":\"https:\\\/\\\/drasanvi.com\\\/wp-content\\\/uploads\\\/sites\\\/5\\\/2021\\\/07\\\/logo-drasanvi.png\",\"contentUrl\":\"https:\\\/\\\/drasanvi.com\\\/wp-content\\\/uploads\\\/sites\\\/5\\\/2021\\\/07\\\/logo-drasanvi.png\",\"width\":900,\"height\":300,\"caption\":\"Drasanvi\"},\"image\":{\"@id\":\"https:\\\/\\\/drasanvi.com\\\/pe\\\/#\\\/schema\\\/logo\\\/image\\\/\"}}]}<\/script>\n<!-- \/ Yoast SEO plugin. -->","yoast_head_json":{"title":"Semilla de Ch\u00eda Bio 250 g Doypack Superalimentos Drasanvi - Drasanvi Per\u00fa","robots":{"index":"index","follow":"follow","max-snippet":"max-snippet:-1","max-image-preview":"max-image-preview:large","max-video-preview":"max-video-preview:-1"},"canonical":"https:\/\/drasanvi.com\/pe\/producto\/super-alimentos-semilla-de-chia-doypack\/","og_locale":"es_ES","og_type":"article","og_title":"Semilla de Ch\u00eda Bio 250 g Doypack Superalimentos Drasanvi - Drasanvi Per\u00fa","og_description":"Aunque se trata de uno de los superalimentos de moda, su uso comoalimento b&aacute;sico se remonta a las antiguas civilizaciones Mayas y Aztecas.Y con raz&oacute;n, ya que las semillas de Ch&iacute;a son muy ricas en nutrientes yest&aacute;n repletas de vitaminas, minerales y &aacute;cidos grasos Omega 3, 6 y9. Adem&aacute;s, poseen un alto contenido en fibra.Otra de sus ventajas es que son muy f&aacute;ciles de digerir y mezclar con otrosalimentos. Se caracteriza por un agradable sabor, ligeramente suave yparecido al de la nuez.Las semillas de Ch&iacute;a, cuando se combinan con l&iacute;quido, absorben entre10 y 12 veces su peso en agua formando un gel voluminoso. De estaforma, se convierte en un ingrediente muy vers&aacute;til para enriquecer tusrecetas.Ficha t\u00e9cnica","og_url":"https:\/\/drasanvi.com\/pe\/producto\/super-alimentos-semilla-de-chia-doypack\/","og_site_name":"Drasanvi Per\u00fa","article_modified_time":"2024-11-07T23:00:06+00:00","og_image":[{"width":1000,"height":1000,"url":"https:\/\/drasanvi.com\/pe\/wp-content\/uploads\/sites\/5\/2022\/04\/032010061.png","type":"image\/png"}],"twitter_card":"summary_large_image","schema":{"@context":"https:\/\/schema.org","@graph":[{"@type":"WebPage","@id":"https:\/\/drasanvi.com\/pe\/producto\/super-alimentos-semilla-de-chia-doypack\/","url":"https:\/\/drasanvi.com\/pe\/producto\/super-alimentos-semilla-de-chia-doypack\/","name":"Semilla de Ch\u00eda Bio 250 g Doypack Superalimentos Drasanvi - Drasanvi Per\u00fa","isPartOf":{"@id":"https:\/\/drasanvi.com\/pe\/#website"},"primaryImageOfPage":{"@id":"https:\/\/drasanvi.com\/pe\/producto\/super-alimentos-semilla-de-chia-doypack\/#primaryimage"},"image":{"@id":"https:\/\/drasanvi.com\/pe\/producto\/super-alimentos-semilla-de-chia-doypack\/#primaryimage"},"thumbnailUrl":"https:\/\/drasanvi.com\/pe\/wp-content\/uploads\/sites\/5\/2022\/04\/032010061.png","datePublished":"2022-05-25T13:14:10+00:00","dateModified":"2024-11-07T23:00:06+00:00","breadcrumb":{"@id":"https:\/\/drasanvi.com\/pe\/producto\/super-alimentos-semilla-de-chia-doypack\/#breadcrumb"},"inLanguage":"es","potentialAction":[{"@type":"ReadAction","target":["https:\/\/drasanvi.com\/pe\/producto\/super-alimentos-semilla-de-chia-doypack\/"]}]},{"@type":"ImageObject","inLanguage":"es","@id":"https:\/\/drasanvi.com\/pe\/producto\/super-alimentos-semilla-de-chia-doypack\/#primaryimage","url":"https:\/\/drasanvi.com\/pe\/wp-content\/uploads\/sites\/5\/2022\/04\/032010061.png","contentUrl":"https:\/\/drasanvi.com\/pe\/wp-content\/uploads\/sites\/5\/2022\/04\/032010061.png","width":1000,"height":1000},{"@type":"BreadcrumbList","@id":"https:\/\/drasanvi.com\/pe\/producto\/super-alimentos-semilla-de-chia-doypack\/#breadcrumb","itemListElement":[{"@type":"ListItem","position":1,"name":"Portada","item":"https:\/\/drasanvi.com\/pe\/"},{"@type":"ListItem","position":2,"name":"Tienda","item":"https:\/\/drasanvi.com\/pe\/tienda\/"},{"@type":"ListItem","position":3,"name":"Semilla de Ch\u00eda Bio 250 g Doypack Superalimentos Drasanvi"}]},{"@type":"WebSite","@id":"https:\/\/drasanvi.com\/pe\/#website","url":"https:\/\/drasanvi.com\/pe\/","name":"Drasanvi Per\u00fa","description":"L\u00edder en complementos alimenticios y cosm\u00e9tica natural.","publisher":{"@id":"https:\/\/drasanvi.com\/pe\/#organization"},"potentialAction":[{"@type":"SearchAction","target":{"@type":"EntryPoint","urlTemplate":"https:\/\/drasanvi.com\/pe\/?s={search_term_string}"},"query-input":{"@type":"PropertyValueSpecification","valueRequired":true,"valueName":"search_term_string"}}],"inLanguage":"es"},{"@type":"Organization","@id":"https:\/\/drasanvi.com\/pe\/#organization","name":"Drasanvi","url":"https:\/\/drasanvi.com\/pe\/","logo":{"@type":"ImageObject","inLanguage":"es","@id":"https:\/\/drasanvi.com\/pe\/#\/schema\/logo\/image\/","url":"https:\/\/drasanvi.com\/wp-content\/uploads\/sites\/5\/2021\/07\/logo-drasanvi.png","contentUrl":"https:\/\/drasanvi.com\/wp-content\/uploads\/sites\/5\/2021\/07\/logo-drasanvi.png","width":900,"height":300,"caption":"Drasanvi"},"image":{"@id":"https:\/\/drasanvi.com\/pe\/#\/schema\/logo\/image\/"}}]}},"_links":{"self":[{"href":"https:\/\/drasanvi.com\/pe\/wp-json\/wp\/v2\/product\/23441","targetHints":{"allow":["GET"]}}],"collection":[{"href":"https:\/\/drasanvi.com\/pe\/wp-json\/wp\/v2\/product"}],"about":[{"href":"https:\/\/drasanvi.com\/pe\/wp-json\/wp\/v2\/types\/product"}],"version-history":[{"count":1,"href":"https:\/\/drasanvi.com\/pe\/wp-json\/wp\/v2\/product\/23441\/revisions"}],"predecessor-version":[{"id":24286,"href":"https:\/\/drasanvi.com\/pe\/wp-json\/wp\/v2\/product\/23441\/revisions\/24286"}],"wp:featuredmedia":[{"embeddable":true,"href":"https:\/\/drasanvi.com\/pe\/wp-json\/wp\/v2\/media\/23289"}],"wp:attachment":[{"href":"https:\/\/drasanvi.com\/pe\/wp-json\/wp\/v2\/media?parent=23441"}],"wp:term":[{"taxonomy":"product_cat","embeddable":true,"href":"https:\/\/drasanvi.com\/pe\/wp-json\/wp\/v2\/product_cat?post=23441"},{"taxonomy":"product_tag","embeddable":true,"href":"https:\/\/drasanvi.com\/pe\/wp-json\/wp\/v2\/product_tag?post=23441"}],"curies":[{"name":"wp","href":"https:\/\/api.w.org\/{rel}","templated":true}]}}