{"id":23437,"date":"2022-05-25T15:14:10","date_gmt":"2022-05-25T13:14:10","guid":{"rendered":"https:\/\/drasanvi.com\/pe\/producto\/super-alimentos-ganoderma-deshidratada-en-polvo-doypack\/"},"modified":"2024-11-08T01:00:06","modified_gmt":"2024-11-07T23:00:06","slug":"super-alimentos-ganoderma-deshidratada-en-polvo-doypack","status":"publish","type":"product","link":"https:\/\/drasanvi.com\/pe\/producto\/super-alimentos-ganoderma-deshidratada-en-polvo-doypack\/","title":{"rendered":"Ganoderma deshidratada en polvo 100 g Doypack"},"content":{"rendered":"<p>Reishi, Ganoderma lucidum, uno de los hongos m&aacute;s utilizados en lacultura tradicional china y cada vez m&aacute;s conocido en Occidente.El nombre \u00ab\u00bbganoderma\u00bb\u00bb procede del griego \u00ab\u00bbganos\u00bb\u00bb brillo y\u00bb\u00bbdermos\u00bb\u00bb piely el nombre de la especie \u00ab\u00bbLucidum\u00bb\u00bb brillante viene del lat&iacute;n.Es dif&iacute;cil encontrarlo en la naturaleza y se cultiva sobre &aacute;rboles comorobles, hayas o arces. Adem&aacute;s, en fresco no se suele consumir por susabor amargo. Contiene &aacute;cidos grasos insaturados, polisac&aacute;ridos yminerales como Germanio y Calcio.El Reishi es considerado un superalimento por sus valores nutricionales yes en oto&ntilde;o e invierno, cuando hace fr&iacute;o, el momento en el que seconsume con mayor frecuencia.<\/p>\n<h2>Ingredientes<\/h2>\n<p>Reishi en polvo BIO&nbsp;<em>(Ganoderma lucidum)<\/em><\/p>\n<h2>Modo de uso<\/h2>\n<p>A&ntilde;adir una o dos cucharaditas a salsas, batidos, a la leche o bebidas vegetales, postres y otras recetas. A&ntilde;adirlo una vez que el plato este templado.1 cucharada de postre= 2 gramos aproximadamente.<\/p>\n<h2>Presentaci\u00f3n<\/h2>\n<p>Envase de 100 g (3.52 oz)<\/p>\n<h2>Advertencias<\/h2>\n<p>Conservar en un ambiente fresco y seco.&nbsp;<\/p>\n<h2>Valores nutricionales<\/h2>\n<p>por cada 100 g<\/p>\n<table>\n<tbody>\n<tr>\n<td>INGREDIENTE<\/td>\n<td>PORCENTAJE<\/td>\n<td>CANTIDAD<\/td>\n<\/tr>\n<tr>\n<td>Grasas<\/td>\n<td>2.20%<\/td>\n<td>2.20 g<\/td>\n<\/tr>\n<tr>\n<td>de las cuales saturadas<\/td>\n<td>0.56%<\/td>\n<td>0.56 g<\/td>\n<\/tr>\n<tr>\n<td>Hidratos de carbono<\/td>\n<td>1.61%<\/td>\n<td>1.61 g<\/td>\n<\/tr>\n<tr>\n<td>De los cuales son az&uacute;cares<\/td>\n<td>&lt;0.5%<\/td>\n<td>&lt;0.5 g<\/td>\n<\/tr>\n<tr>\n<td>Fibra<\/td>\n<td>72.73%<\/td>\n<td>72.73 g<\/td>\n<\/tr>\n<tr>\n<td>Prote&iacute;na<\/td>\n<td>10.63%<\/td>\n<td>10.63 g<\/td>\n<\/tr>\n<tr>\n<td>Sal<\/td>\n<td>&lt;0,01 %<\/td>\n<td>&lt;0,01 g<\/td>\n<\/tr>\n<\/tbody>\n<\/table>\n<p>214 Kcal &middot; 871 KJ% VRN (Valores de Referencia de Nutrientes)<\/p>\n","protected":false},"excerpt":{"rendered":"<p>Reishi, Ganoderma lucidum, uno de los hongos m&aacute;s utilizados en lacultura tradicional china y cada vez m&aacute;s conocido en Occidente.El nombre \u00ab\u00bbganoderma\u00bb\u00bb procede del griego \u00ab\u00bbganos\u00bb\u00bb brillo y\u00bb\u00bbdermos\u00bb\u00bb piely el nombre de la especie \u00ab\u00bbLucidum\u00bb\u00bb brillante viene del lat&iacute;n.Es dif&iacute;cil encontrarlo en la naturaleza y se cultiva sobre &aacute;rboles comorobles, hayas o arces. Adem&aacute;s, en fresco no se suele consumir por susabor amargo. Contiene &aacute;cidos grasos insaturados, polisac&aacute;ridos yminerales como Germanio y Calcio.El Reishi es considerado un superalimento por sus valores nutricionales yes en oto&ntilde;o e invierno, cuando hace fr&iacute;o, el momento en el que seconsume con mayor frecuencia.<\/p>\n<p><a id=\"boton-ficha\" href=\"https:\/\/panel.drasanvi.com\/fichas\/9\/032010060\">Ficha t\u00e9cnica<\/a><\/p>\n","protected":false},"featured_media":23292,"template":"","meta":{"inline_featured_image":false},"product_cat":[1370],"product_tag":[],"class_list":["post-23437","product","type-product","status-publish","has-post-thumbnail","hentry","product_cat-super-alimentos","pa_contiene-altramuces-no","pa_contiene-apio-no","pa_contiene-cacahuetes-no","pa_contiene-crustaceos-no","pa_contiene-frutos-secos-no","pa_contiene-huevo-no","pa_contiene-leche-no","pa_contiene-moluscos-no","pa_contiene-mostaza-no","pa_contiene-pescado-no","pa_contiene-sesamo-no","pa_contiene-soja-no","pa_producto-bio-si","pa_producto-sin-gluten-si","pa_producto-vegano-si","pa_producto-vegetariano-si"],"yoast_head":"<!-- This site is optimized with the Yoast SEO plugin v27.5 - https:\/\/yoast.com\/product\/yoast-seo-wordpress\/ -->\n<title>Ganoderma deshidratada en polvo 100 g Doypack - Drasanvi Per\u00fa<\/title>\n<meta name=\"robots\" content=\"index, follow, max-snippet:-1, max-image-preview:large, max-video-preview:-1\" \/>\n<link rel=\"canonical\" href=\"https:\/\/drasanvi.com\/pe\/producto\/super-alimentos-ganoderma-deshidratada-en-polvo-doypack\/\" \/>\n<meta property=\"og:locale\" content=\"es_ES\" \/>\n<meta property=\"og:type\" content=\"article\" \/>\n<meta property=\"og:title\" content=\"Ganoderma deshidratada en polvo 100 g Doypack - Drasanvi Per\u00fa\" \/>\n<meta property=\"og:description\" content=\"Reishi, Ganoderma lucidum, uno de los hongos m&aacute;s utilizados en lacultura tradicional china y cada vez m&aacute;s conocido en Occidente.El nombre &quot;&quot;ganoderma&quot;&quot; procede del griego &quot;&quot;ganos&quot;&quot; brillo y&quot;&quot;dermos&quot;&quot; piely el nombre de la especie &quot;&quot;Lucidum&quot;&quot; brillante viene del lat&iacute;n.Es dif&iacute;cil encontrarlo en la naturaleza y se cultiva sobre &aacute;rboles comorobles, hayas o arces. Adem&aacute;s, en fresco no se suele consumir por susabor amargo. Contiene &aacute;cidos grasos insaturados, polisac&aacute;ridos yminerales como Germanio y Calcio.El Reishi es considerado un superalimento por sus valores nutricionales yes en oto&ntilde;o e invierno, cuando hace fr&iacute;o, el momento en el que seconsume con mayor frecuencia.Ficha t\u00e9cnica\" \/>\n<meta property=\"og:url\" content=\"https:\/\/drasanvi.com\/pe\/producto\/super-alimentos-ganoderma-deshidratada-en-polvo-doypack\/\" \/>\n<meta property=\"og:site_name\" content=\"Drasanvi Per\u00fa\" \/>\n<meta property=\"article:modified_time\" content=\"2024-11-07T23:00:06+00:00\" \/>\n<meta property=\"og:image\" content=\"https:\/\/drasanvi.com\/pe\/wp-content\/uploads\/sites\/5\/2022\/04\/032010060.png\" \/>\n\t<meta property=\"og:image:width\" content=\"1000\" \/>\n\t<meta property=\"og:image:height\" content=\"1000\" \/>\n\t<meta property=\"og:image:type\" content=\"image\/png\" \/>\n<meta name=\"twitter:card\" content=\"summary_large_image\" \/>\n<script type=\"application\/ld+json\" class=\"yoast-schema-graph\">{\"@context\":\"https:\\\/\\\/schema.org\",\"@graph\":[{\"@type\":\"WebPage\",\"@id\":\"https:\\\/\\\/drasanvi.com\\\/pe\\\/producto\\\/super-alimentos-ganoderma-deshidratada-en-polvo-doypack\\\/\",\"url\":\"https:\\\/\\\/drasanvi.com\\\/pe\\\/producto\\\/super-alimentos-ganoderma-deshidratada-en-polvo-doypack\\\/\",\"name\":\"Ganoderma deshidratada en polvo 100 g Doypack - Drasanvi Per\u00fa\",\"isPartOf\":{\"@id\":\"https:\\\/\\\/drasanvi.com\\\/pe\\\/#website\"},\"primaryImageOfPage\":{\"@id\":\"https:\\\/\\\/drasanvi.com\\\/pe\\\/producto\\\/super-alimentos-ganoderma-deshidratada-en-polvo-doypack\\\/#primaryimage\"},\"image\":{\"@id\":\"https:\\\/\\\/drasanvi.com\\\/pe\\\/producto\\\/super-alimentos-ganoderma-deshidratada-en-polvo-doypack\\\/#primaryimage\"},\"thumbnailUrl\":\"https:\\\/\\\/drasanvi.com\\\/pe\\\/wp-content\\\/uploads\\\/sites\\\/5\\\/2022\\\/04\\\/032010060.png\",\"datePublished\":\"2022-05-25T13:14:10+00:00\",\"dateModified\":\"2024-11-07T23:00:06+00:00\",\"breadcrumb\":{\"@id\":\"https:\\\/\\\/drasanvi.com\\\/pe\\\/producto\\\/super-alimentos-ganoderma-deshidratada-en-polvo-doypack\\\/#breadcrumb\"},\"inLanguage\":\"es\",\"potentialAction\":[{\"@type\":\"ReadAction\",\"target\":[\"https:\\\/\\\/drasanvi.com\\\/pe\\\/producto\\\/super-alimentos-ganoderma-deshidratada-en-polvo-doypack\\\/\"]}]},{\"@type\":\"ImageObject\",\"inLanguage\":\"es\",\"@id\":\"https:\\\/\\\/drasanvi.com\\\/pe\\\/producto\\\/super-alimentos-ganoderma-deshidratada-en-polvo-doypack\\\/#primaryimage\",\"url\":\"https:\\\/\\\/drasanvi.com\\\/pe\\\/wp-content\\\/uploads\\\/sites\\\/5\\\/2022\\\/04\\\/032010060.png\",\"contentUrl\":\"https:\\\/\\\/drasanvi.com\\\/pe\\\/wp-content\\\/uploads\\\/sites\\\/5\\\/2022\\\/04\\\/032010060.png\",\"width\":1000,\"height\":1000},{\"@type\":\"BreadcrumbList\",\"@id\":\"https:\\\/\\\/drasanvi.com\\\/pe\\\/producto\\\/super-alimentos-ganoderma-deshidratada-en-polvo-doypack\\\/#breadcrumb\",\"itemListElement\":[{\"@type\":\"ListItem\",\"position\":1,\"name\":\"Portada\",\"item\":\"https:\\\/\\\/drasanvi.com\\\/pe\\\/\"},{\"@type\":\"ListItem\",\"position\":2,\"name\":\"Tienda\",\"item\":\"https:\\\/\\\/drasanvi.com\\\/pe\\\/tienda\\\/\"},{\"@type\":\"ListItem\",\"position\":3,\"name\":\"Ganoderma deshidratada en polvo 100 g Doypack\"}]},{\"@type\":\"WebSite\",\"@id\":\"https:\\\/\\\/drasanvi.com\\\/pe\\\/#website\",\"url\":\"https:\\\/\\\/drasanvi.com\\\/pe\\\/\",\"name\":\"Drasanvi Per\u00fa\",\"description\":\"L\u00edder en complementos alimenticios y cosm\u00e9tica natural.\",\"publisher\":{\"@id\":\"https:\\\/\\\/drasanvi.com\\\/pe\\\/#organization\"},\"potentialAction\":[{\"@type\":\"SearchAction\",\"target\":{\"@type\":\"EntryPoint\",\"urlTemplate\":\"https:\\\/\\\/drasanvi.com\\\/pe\\\/?s={search_term_string}\"},\"query-input\":{\"@type\":\"PropertyValueSpecification\",\"valueRequired\":true,\"valueName\":\"search_term_string\"}}],\"inLanguage\":\"es\"},{\"@type\":\"Organization\",\"@id\":\"https:\\\/\\\/drasanvi.com\\\/pe\\\/#organization\",\"name\":\"Drasanvi\",\"url\":\"https:\\\/\\\/drasanvi.com\\\/pe\\\/\",\"logo\":{\"@type\":\"ImageObject\",\"inLanguage\":\"es\",\"@id\":\"https:\\\/\\\/drasanvi.com\\\/pe\\\/#\\\/schema\\\/logo\\\/image\\\/\",\"url\":\"https:\\\/\\\/drasanvi.com\\\/wp-content\\\/uploads\\\/sites\\\/5\\\/2021\\\/07\\\/logo-drasanvi.png\",\"contentUrl\":\"https:\\\/\\\/drasanvi.com\\\/wp-content\\\/uploads\\\/sites\\\/5\\\/2021\\\/07\\\/logo-drasanvi.png\",\"width\":900,\"height\":300,\"caption\":\"Drasanvi\"},\"image\":{\"@id\":\"https:\\\/\\\/drasanvi.com\\\/pe\\\/#\\\/schema\\\/logo\\\/image\\\/\"}}]}<\/script>\n<!-- \/ Yoast SEO plugin. -->","yoast_head_json":{"title":"Ganoderma deshidratada en polvo 100 g Doypack - Drasanvi Per\u00fa","robots":{"index":"index","follow":"follow","max-snippet":"max-snippet:-1","max-image-preview":"max-image-preview:large","max-video-preview":"max-video-preview:-1"},"canonical":"https:\/\/drasanvi.com\/pe\/producto\/super-alimentos-ganoderma-deshidratada-en-polvo-doypack\/","og_locale":"es_ES","og_type":"article","og_title":"Ganoderma deshidratada en polvo 100 g Doypack - Drasanvi Per\u00fa","og_description":"Reishi, Ganoderma lucidum, uno de los hongos m&aacute;s utilizados en lacultura tradicional china y cada vez m&aacute;s conocido en Occidente.El nombre \"\"ganoderma\"\" procede del griego \"\"ganos\"\" brillo y\"\"dermos\"\" piely el nombre de la especie \"\"Lucidum\"\" brillante viene del lat&iacute;n.Es dif&iacute;cil encontrarlo en la naturaleza y se cultiva sobre &aacute;rboles comorobles, hayas o arces. Adem&aacute;s, en fresco no se suele consumir por susabor amargo. Contiene &aacute;cidos grasos insaturados, polisac&aacute;ridos yminerales como Germanio y Calcio.El Reishi es considerado un superalimento por sus valores nutricionales yes en oto&ntilde;o e invierno, cuando hace fr&iacute;o, el momento en el que seconsume con mayor frecuencia.Ficha t\u00e9cnica","og_url":"https:\/\/drasanvi.com\/pe\/producto\/super-alimentos-ganoderma-deshidratada-en-polvo-doypack\/","og_site_name":"Drasanvi Per\u00fa","article_modified_time":"2024-11-07T23:00:06+00:00","og_image":[{"width":1000,"height":1000,"url":"https:\/\/drasanvi.com\/pe\/wp-content\/uploads\/sites\/5\/2022\/04\/032010060.png","type":"image\/png"}],"twitter_card":"summary_large_image","schema":{"@context":"https:\/\/schema.org","@graph":[{"@type":"WebPage","@id":"https:\/\/drasanvi.com\/pe\/producto\/super-alimentos-ganoderma-deshidratada-en-polvo-doypack\/","url":"https:\/\/drasanvi.com\/pe\/producto\/super-alimentos-ganoderma-deshidratada-en-polvo-doypack\/","name":"Ganoderma deshidratada en polvo 100 g Doypack - Drasanvi Per\u00fa","isPartOf":{"@id":"https:\/\/drasanvi.com\/pe\/#website"},"primaryImageOfPage":{"@id":"https:\/\/drasanvi.com\/pe\/producto\/super-alimentos-ganoderma-deshidratada-en-polvo-doypack\/#primaryimage"},"image":{"@id":"https:\/\/drasanvi.com\/pe\/producto\/super-alimentos-ganoderma-deshidratada-en-polvo-doypack\/#primaryimage"},"thumbnailUrl":"https:\/\/drasanvi.com\/pe\/wp-content\/uploads\/sites\/5\/2022\/04\/032010060.png","datePublished":"2022-05-25T13:14:10+00:00","dateModified":"2024-11-07T23:00:06+00:00","breadcrumb":{"@id":"https:\/\/drasanvi.com\/pe\/producto\/super-alimentos-ganoderma-deshidratada-en-polvo-doypack\/#breadcrumb"},"inLanguage":"es","potentialAction":[{"@type":"ReadAction","target":["https:\/\/drasanvi.com\/pe\/producto\/super-alimentos-ganoderma-deshidratada-en-polvo-doypack\/"]}]},{"@type":"ImageObject","inLanguage":"es","@id":"https:\/\/drasanvi.com\/pe\/producto\/super-alimentos-ganoderma-deshidratada-en-polvo-doypack\/#primaryimage","url":"https:\/\/drasanvi.com\/pe\/wp-content\/uploads\/sites\/5\/2022\/04\/032010060.png","contentUrl":"https:\/\/drasanvi.com\/pe\/wp-content\/uploads\/sites\/5\/2022\/04\/032010060.png","width":1000,"height":1000},{"@type":"BreadcrumbList","@id":"https:\/\/drasanvi.com\/pe\/producto\/super-alimentos-ganoderma-deshidratada-en-polvo-doypack\/#breadcrumb","itemListElement":[{"@type":"ListItem","position":1,"name":"Portada","item":"https:\/\/drasanvi.com\/pe\/"},{"@type":"ListItem","position":2,"name":"Tienda","item":"https:\/\/drasanvi.com\/pe\/tienda\/"},{"@type":"ListItem","position":3,"name":"Ganoderma deshidratada en polvo 100 g Doypack"}]},{"@type":"WebSite","@id":"https:\/\/drasanvi.com\/pe\/#website","url":"https:\/\/drasanvi.com\/pe\/","name":"Drasanvi Per\u00fa","description":"L\u00edder en complementos alimenticios y cosm\u00e9tica natural.","publisher":{"@id":"https:\/\/drasanvi.com\/pe\/#organization"},"potentialAction":[{"@type":"SearchAction","target":{"@type":"EntryPoint","urlTemplate":"https:\/\/drasanvi.com\/pe\/?s={search_term_string}"},"query-input":{"@type":"PropertyValueSpecification","valueRequired":true,"valueName":"search_term_string"}}],"inLanguage":"es"},{"@type":"Organization","@id":"https:\/\/drasanvi.com\/pe\/#organization","name":"Drasanvi","url":"https:\/\/drasanvi.com\/pe\/","logo":{"@type":"ImageObject","inLanguage":"es","@id":"https:\/\/drasanvi.com\/pe\/#\/schema\/logo\/image\/","url":"https:\/\/drasanvi.com\/wp-content\/uploads\/sites\/5\/2021\/07\/logo-drasanvi.png","contentUrl":"https:\/\/drasanvi.com\/wp-content\/uploads\/sites\/5\/2021\/07\/logo-drasanvi.png","width":900,"height":300,"caption":"Drasanvi"},"image":{"@id":"https:\/\/drasanvi.com\/pe\/#\/schema\/logo\/image\/"}}]}},"_links":{"self":[{"href":"https:\/\/drasanvi.com\/pe\/wp-json\/wp\/v2\/product\/23437","targetHints":{"allow":["GET"]}}],"collection":[{"href":"https:\/\/drasanvi.com\/pe\/wp-json\/wp\/v2\/product"}],"about":[{"href":"https:\/\/drasanvi.com\/pe\/wp-json\/wp\/v2\/types\/product"}],"version-history":[{"count":1,"href":"https:\/\/drasanvi.com\/pe\/wp-json\/wp\/v2\/product\/23437\/revisions"}],"predecessor-version":[{"id":24275,"href":"https:\/\/drasanvi.com\/pe\/wp-json\/wp\/v2\/product\/23437\/revisions\/24275"}],"wp:featuredmedia":[{"embeddable":true,"href":"https:\/\/drasanvi.com\/pe\/wp-json\/wp\/v2\/media\/23292"}],"wp:attachment":[{"href":"https:\/\/drasanvi.com\/pe\/wp-json\/wp\/v2\/media?parent=23437"}],"wp:term":[{"taxonomy":"product_cat","embeddable":true,"href":"https:\/\/drasanvi.com\/pe\/wp-json\/wp\/v2\/product_cat?post=23437"},{"taxonomy":"product_tag","embeddable":true,"href":"https:\/\/drasanvi.com\/pe\/wp-json\/wp\/v2\/product_tag?post=23437"}],"curies":[{"name":"wp","href":"https:\/\/api.w.org\/{rel}","templated":true}]}}