{"id":23431,"date":"2022-05-25T15:14:10","date_gmt":"2022-05-25T13:14:10","guid":{"rendered":"https:\/\/drasanvi.com\/pe\/producto\/super-alimentos-brotes-de-trigo-deshidratado-en-polvo-doypack\/"},"modified":"2024-11-08T01:00:06","modified_gmt":"2024-11-07T23:00:06","slug":"super-alimentos-brotes-de-trigo-deshidratado-en-polvo-doypack","status":"publish","type":"product","link":"https:\/\/drasanvi.com\/pe\/producto\/super-alimentos-brotes-de-trigo-deshidratado-en-polvo-doypack\/","title":{"rendered":"Hierba de Trigo Bio 125 g Doypack Superalimentos Drasanvi"},"content":{"rendered":"<p>Los brotes de Trigo verde se obtiene de brotes j&oacute;venes de trigo,coincidiendo con el momento de mayor concentraci&oacute;n en vitaminas,minerales y Clorofila. Se caracteriza por su alta concentraci&oacute;n deprote&iacute;nas y riqueza de vitaminas y minerales.Todo el proceso, desde el cultivo hasta su extracci&oacute;n y envasado, se llevaa cabo bajo condiciones ecol&oacute;gicas.<\/p>\n<h2>Ingredientes<\/h2>\n<p><b style=\"text-decoration: underline\">Hierba de Trigo en polvo de origen BIO<\/b><em>Triticum aestivum<\/em><\/p>\n<h2>Modo de uso<\/h2>\n<p>A&ntilde;ada una cucharada de postre a &nbsp;sus smoothies y batidos, zumos, bebidas vegetales, salsas verdes, crema de verduras o en cualquier receta A&ntilde;adirlo una vez que el plato este templado.1 cucharada de postre= 2 gramos aproximadamente.<\/p>\n<h2>Presentaci\u00f3n<\/h2>\n<p>Envase de 125 g (4.4 oz)<\/p>\n<h2>Advertencias<\/h2>\n<p>Conservar en un lugar fresco y seco.Contiene <strong>gluten.<\/strong>&nbsp;<\/p>\n<h2>Valores nutricionales<\/h2>\n<p>por cada 100 g<\/p>\n<table>\n<tbody>\n<tr>\n<td>INGREDIENTE<\/td>\n<td>%\/100 g<\/td>\n<td>CANTIDAD\/100 g<\/td>\n<\/tr>\n<tr>\n<td>Grasas<\/td>\n<td>1.3%<\/td>\n<td>1.3 g<\/td>\n<\/tr>\n<tr>\n<td>de las cuales saturadas<\/td>\n<td>0.2%<\/td>\n<td>0.2 g<\/td>\n<\/tr>\n<tr>\n<td>Hidratos de carbono<\/td>\n<td>30%<\/td>\n<td>30 g<\/td>\n<\/tr>\n<tr>\n<td>de los cuales az&uacute;cares<\/td>\n<td>16.68%<\/td>\n<td>16.68 g<\/td>\n<\/tr>\n<tr>\n<td>Fibra<\/td>\n<td>28%<\/td>\n<td>28 g<\/td>\n<\/tr>\n<tr>\n<td>Prote&iacute;na<\/td>\n<td>19.56%<\/td>\n<td>19.56 g<\/td>\n<\/tr>\n<tr>\n<td>Sal<\/td>\n<td>0.08%<\/td>\n<td>0.08 g<\/td>\n<\/tr>\n<\/tbody>\n<\/table>\n<p>266 Kcal &middot; 1115 KJ<\/p>\n<table>\n<tbody>\n<tr>\n<td>INGREDIENTE<\/td>\n<td>%VRN<\/td>\n<td>CANTIDAD\/ 10 g<\/td>\n<\/tr>\n<tr>\n<td>Vitamina A<\/td>\n<td>32.5 %<\/td>\n<td>260.3 ?g<\/td>\n<\/tr>\n<tr>\n<td>Vitamina C<\/td>\n<td>29.3 %<\/td>\n<td>23.5 mg<\/td>\n<\/tr>\n<tr>\n<td>Potasio<\/td>\n<td>6.85 %<\/td>\n<td>137.0 mg<\/td>\n<\/tr>\n<tr>\n<td>Calcio<\/td>\n<td>8.61 %<\/td>\n<td>68.9 mg<\/td>\n<\/tr>\n<tr>\n<td>Hierro<\/td>\n<td>10.9 %<\/td>\n<td>1.53 mg<\/td>\n<\/tr>\n<\/tbody>\n<\/table>\n<p>% VRN (Valores de Referencia de Nutrientes)<\/p>\n","protected":false},"excerpt":{"rendered":"<p>Los brotes de Trigo verde se obtiene de brotes j&oacute;venes de trigo,coincidiendo con el momento de mayor concentraci&oacute;n en vitaminas,minerales y Clorofila. Se caracteriza por su alta concentraci&oacute;n deprote&iacute;nas y riqueza de vitaminas y minerales.Todo el proceso, desde el cultivo hasta su extracci&oacute;n y envasado, se llevaa cabo bajo condiciones ecol&oacute;gicas.<\/p>\n<p><a id=\"boton-ficha\" href=\"https:\/\/panel.drasanvi.com\/fichas\/9\/032010057\">Ficha t\u00e9cnica<\/a><\/p>\n","protected":false},"featured_media":23310,"template":"","meta":{"inline_featured_image":false},"product_cat":[1370],"product_tag":[],"class_list":["post-23431","product","type-product","status-publish","has-post-thumbnail","hentry","product_cat-super-alimentos","pa_contiene-altramuces-no","pa_contiene-apio-no","pa_contiene-cacahuetes-no","pa_contiene-crustaceos-no","pa_contiene-frutos-secos-no","pa_contiene-huevo-no","pa_contiene-leche-no","pa_contiene-moluscos-no","pa_contiene-mostaza-no","pa_contiene-pescado-no","pa_contiene-sesamo-no","pa_contiene-soja-no","pa_producto-bio-si","pa_producto-sin-gluten-si","pa_producto-vegano-si","pa_producto-vegetariano-si"],"yoast_head":"<!-- This site is optimized with the Yoast SEO plugin v27.4 - https:\/\/yoast.com\/product\/yoast-seo-wordpress\/ -->\n<title>Hierba de Trigo Bio 125 g Doypack Superalimentos Drasanvi - Drasanvi Per\u00fa<\/title>\n<meta name=\"robots\" content=\"index, follow, max-snippet:-1, max-image-preview:large, max-video-preview:-1\" \/>\n<link rel=\"canonical\" href=\"https:\/\/drasanvi.com\/pe\/producto\/super-alimentos-brotes-de-trigo-deshidratado-en-polvo-doypack\/\" \/>\n<meta property=\"og:locale\" content=\"es_ES\" \/>\n<meta property=\"og:type\" content=\"article\" \/>\n<meta property=\"og:title\" content=\"Hierba de Trigo Bio 125 g Doypack Superalimentos Drasanvi - Drasanvi Per\u00fa\" \/>\n<meta property=\"og:description\" content=\"Los brotes de Trigo verde se obtiene de brotes j&oacute;venes de trigo,coincidiendo con el momento de mayor concentraci&oacute;n en vitaminas,minerales y Clorofila. Se caracteriza por su alta concentraci&oacute;n deprote&iacute;nas y riqueza de vitaminas y minerales.Todo el proceso, desde el cultivo hasta su extracci&oacute;n y envasado, se llevaa cabo bajo condiciones ecol&oacute;gicas.Ficha t\u00e9cnica\" \/>\n<meta property=\"og:url\" content=\"https:\/\/drasanvi.com\/pe\/producto\/super-alimentos-brotes-de-trigo-deshidratado-en-polvo-doypack\/\" \/>\n<meta property=\"og:site_name\" content=\"Drasanvi Per\u00fa\" \/>\n<meta property=\"article:modified_time\" content=\"2024-11-07T23:00:06+00:00\" \/>\n<meta property=\"og:image\" content=\"https:\/\/drasanvi.com\/pe\/wp-content\/uploads\/sites\/5\/2022\/04\/032010057.png\" \/>\n\t<meta property=\"og:image:width\" content=\"1000\" \/>\n\t<meta property=\"og:image:height\" content=\"1000\" \/>\n\t<meta property=\"og:image:type\" content=\"image\/png\" \/>\n<meta name=\"twitter:card\" content=\"summary_large_image\" \/>\n<script type=\"application\/ld+json\" class=\"yoast-schema-graph\">{\"@context\":\"https:\\\/\\\/schema.org\",\"@graph\":[{\"@type\":\"WebPage\",\"@id\":\"https:\\\/\\\/drasanvi.com\\\/pe\\\/producto\\\/super-alimentos-brotes-de-trigo-deshidratado-en-polvo-doypack\\\/\",\"url\":\"https:\\\/\\\/drasanvi.com\\\/pe\\\/producto\\\/super-alimentos-brotes-de-trigo-deshidratado-en-polvo-doypack\\\/\",\"name\":\"Hierba de Trigo Bio 125 g Doypack Superalimentos Drasanvi - Drasanvi Per\u00fa\",\"isPartOf\":{\"@id\":\"https:\\\/\\\/drasanvi.com\\\/pe\\\/#website\"},\"primaryImageOfPage\":{\"@id\":\"https:\\\/\\\/drasanvi.com\\\/pe\\\/producto\\\/super-alimentos-brotes-de-trigo-deshidratado-en-polvo-doypack\\\/#primaryimage\"},\"image\":{\"@id\":\"https:\\\/\\\/drasanvi.com\\\/pe\\\/producto\\\/super-alimentos-brotes-de-trigo-deshidratado-en-polvo-doypack\\\/#primaryimage\"},\"thumbnailUrl\":\"https:\\\/\\\/drasanvi.com\\\/pe\\\/wp-content\\\/uploads\\\/sites\\\/5\\\/2022\\\/04\\\/032010057.png\",\"datePublished\":\"2022-05-25T13:14:10+00:00\",\"dateModified\":\"2024-11-07T23:00:06+00:00\",\"breadcrumb\":{\"@id\":\"https:\\\/\\\/drasanvi.com\\\/pe\\\/producto\\\/super-alimentos-brotes-de-trigo-deshidratado-en-polvo-doypack\\\/#breadcrumb\"},\"inLanguage\":\"es\",\"potentialAction\":[{\"@type\":\"ReadAction\",\"target\":[\"https:\\\/\\\/drasanvi.com\\\/pe\\\/producto\\\/super-alimentos-brotes-de-trigo-deshidratado-en-polvo-doypack\\\/\"]}]},{\"@type\":\"ImageObject\",\"inLanguage\":\"es\",\"@id\":\"https:\\\/\\\/drasanvi.com\\\/pe\\\/producto\\\/super-alimentos-brotes-de-trigo-deshidratado-en-polvo-doypack\\\/#primaryimage\",\"url\":\"https:\\\/\\\/drasanvi.com\\\/pe\\\/wp-content\\\/uploads\\\/sites\\\/5\\\/2022\\\/04\\\/032010057.png\",\"contentUrl\":\"https:\\\/\\\/drasanvi.com\\\/pe\\\/wp-content\\\/uploads\\\/sites\\\/5\\\/2022\\\/04\\\/032010057.png\",\"width\":1000,\"height\":1000},{\"@type\":\"BreadcrumbList\",\"@id\":\"https:\\\/\\\/drasanvi.com\\\/pe\\\/producto\\\/super-alimentos-brotes-de-trigo-deshidratado-en-polvo-doypack\\\/#breadcrumb\",\"itemListElement\":[{\"@type\":\"ListItem\",\"position\":1,\"name\":\"Portada\",\"item\":\"https:\\\/\\\/drasanvi.com\\\/pe\\\/\"},{\"@type\":\"ListItem\",\"position\":2,\"name\":\"Tienda\",\"item\":\"https:\\\/\\\/drasanvi.com\\\/pe\\\/tienda\\\/\"},{\"@type\":\"ListItem\",\"position\":3,\"name\":\"Hierba de Trigo Bio 125 g Doypack Superalimentos Drasanvi\"}]},{\"@type\":\"WebSite\",\"@id\":\"https:\\\/\\\/drasanvi.com\\\/pe\\\/#website\",\"url\":\"https:\\\/\\\/drasanvi.com\\\/pe\\\/\",\"name\":\"Drasanvi Per\u00fa\",\"description\":\"L\u00edder en complementos alimenticios y cosm\u00e9tica natural.\",\"publisher\":{\"@id\":\"https:\\\/\\\/drasanvi.com\\\/pe\\\/#organization\"},\"potentialAction\":[{\"@type\":\"SearchAction\",\"target\":{\"@type\":\"EntryPoint\",\"urlTemplate\":\"https:\\\/\\\/drasanvi.com\\\/pe\\\/?s={search_term_string}\"},\"query-input\":{\"@type\":\"PropertyValueSpecification\",\"valueRequired\":true,\"valueName\":\"search_term_string\"}}],\"inLanguage\":\"es\"},{\"@type\":\"Organization\",\"@id\":\"https:\\\/\\\/drasanvi.com\\\/pe\\\/#organization\",\"name\":\"Drasanvi\",\"url\":\"https:\\\/\\\/drasanvi.com\\\/pe\\\/\",\"logo\":{\"@type\":\"ImageObject\",\"inLanguage\":\"es\",\"@id\":\"https:\\\/\\\/drasanvi.com\\\/pe\\\/#\\\/schema\\\/logo\\\/image\\\/\",\"url\":\"https:\\\/\\\/drasanvi.com\\\/wp-content\\\/uploads\\\/sites\\\/5\\\/2021\\\/07\\\/logo-drasanvi.png\",\"contentUrl\":\"https:\\\/\\\/drasanvi.com\\\/wp-content\\\/uploads\\\/sites\\\/5\\\/2021\\\/07\\\/logo-drasanvi.png\",\"width\":900,\"height\":300,\"caption\":\"Drasanvi\"},\"image\":{\"@id\":\"https:\\\/\\\/drasanvi.com\\\/pe\\\/#\\\/schema\\\/logo\\\/image\\\/\"}}]}<\/script>\n<!-- \/ Yoast SEO plugin. -->","yoast_head_json":{"title":"Hierba de Trigo Bio 125 g Doypack Superalimentos Drasanvi - Drasanvi Per\u00fa","robots":{"index":"index","follow":"follow","max-snippet":"max-snippet:-1","max-image-preview":"max-image-preview:large","max-video-preview":"max-video-preview:-1"},"canonical":"https:\/\/drasanvi.com\/pe\/producto\/super-alimentos-brotes-de-trigo-deshidratado-en-polvo-doypack\/","og_locale":"es_ES","og_type":"article","og_title":"Hierba de Trigo Bio 125 g Doypack Superalimentos Drasanvi - Drasanvi Per\u00fa","og_description":"Los brotes de Trigo verde se obtiene de brotes j&oacute;venes de trigo,coincidiendo con el momento de mayor concentraci&oacute;n en vitaminas,minerales y Clorofila. Se caracteriza por su alta concentraci&oacute;n deprote&iacute;nas y riqueza de vitaminas y minerales.Todo el proceso, desde el cultivo hasta su extracci&oacute;n y envasado, se llevaa cabo bajo condiciones ecol&oacute;gicas.Ficha t\u00e9cnica","og_url":"https:\/\/drasanvi.com\/pe\/producto\/super-alimentos-brotes-de-trigo-deshidratado-en-polvo-doypack\/","og_site_name":"Drasanvi Per\u00fa","article_modified_time":"2024-11-07T23:00:06+00:00","og_image":[{"width":1000,"height":1000,"url":"https:\/\/drasanvi.com\/pe\/wp-content\/uploads\/sites\/5\/2022\/04\/032010057.png","type":"image\/png"}],"twitter_card":"summary_large_image","schema":{"@context":"https:\/\/schema.org","@graph":[{"@type":"WebPage","@id":"https:\/\/drasanvi.com\/pe\/producto\/super-alimentos-brotes-de-trigo-deshidratado-en-polvo-doypack\/","url":"https:\/\/drasanvi.com\/pe\/producto\/super-alimentos-brotes-de-trigo-deshidratado-en-polvo-doypack\/","name":"Hierba de Trigo Bio 125 g Doypack Superalimentos Drasanvi - Drasanvi Per\u00fa","isPartOf":{"@id":"https:\/\/drasanvi.com\/pe\/#website"},"primaryImageOfPage":{"@id":"https:\/\/drasanvi.com\/pe\/producto\/super-alimentos-brotes-de-trigo-deshidratado-en-polvo-doypack\/#primaryimage"},"image":{"@id":"https:\/\/drasanvi.com\/pe\/producto\/super-alimentos-brotes-de-trigo-deshidratado-en-polvo-doypack\/#primaryimage"},"thumbnailUrl":"https:\/\/drasanvi.com\/pe\/wp-content\/uploads\/sites\/5\/2022\/04\/032010057.png","datePublished":"2022-05-25T13:14:10+00:00","dateModified":"2024-11-07T23:00:06+00:00","breadcrumb":{"@id":"https:\/\/drasanvi.com\/pe\/producto\/super-alimentos-brotes-de-trigo-deshidratado-en-polvo-doypack\/#breadcrumb"},"inLanguage":"es","potentialAction":[{"@type":"ReadAction","target":["https:\/\/drasanvi.com\/pe\/producto\/super-alimentos-brotes-de-trigo-deshidratado-en-polvo-doypack\/"]}]},{"@type":"ImageObject","inLanguage":"es","@id":"https:\/\/drasanvi.com\/pe\/producto\/super-alimentos-brotes-de-trigo-deshidratado-en-polvo-doypack\/#primaryimage","url":"https:\/\/drasanvi.com\/pe\/wp-content\/uploads\/sites\/5\/2022\/04\/032010057.png","contentUrl":"https:\/\/drasanvi.com\/pe\/wp-content\/uploads\/sites\/5\/2022\/04\/032010057.png","width":1000,"height":1000},{"@type":"BreadcrumbList","@id":"https:\/\/drasanvi.com\/pe\/producto\/super-alimentos-brotes-de-trigo-deshidratado-en-polvo-doypack\/#breadcrumb","itemListElement":[{"@type":"ListItem","position":1,"name":"Portada","item":"https:\/\/drasanvi.com\/pe\/"},{"@type":"ListItem","position":2,"name":"Tienda","item":"https:\/\/drasanvi.com\/pe\/tienda\/"},{"@type":"ListItem","position":3,"name":"Hierba de Trigo Bio 125 g Doypack Superalimentos Drasanvi"}]},{"@type":"WebSite","@id":"https:\/\/drasanvi.com\/pe\/#website","url":"https:\/\/drasanvi.com\/pe\/","name":"Drasanvi Per\u00fa","description":"L\u00edder en complementos alimenticios y cosm\u00e9tica natural.","publisher":{"@id":"https:\/\/drasanvi.com\/pe\/#organization"},"potentialAction":[{"@type":"SearchAction","target":{"@type":"EntryPoint","urlTemplate":"https:\/\/drasanvi.com\/pe\/?s={search_term_string}"},"query-input":{"@type":"PropertyValueSpecification","valueRequired":true,"valueName":"search_term_string"}}],"inLanguage":"es"},{"@type":"Organization","@id":"https:\/\/drasanvi.com\/pe\/#organization","name":"Drasanvi","url":"https:\/\/drasanvi.com\/pe\/","logo":{"@type":"ImageObject","inLanguage":"es","@id":"https:\/\/drasanvi.com\/pe\/#\/schema\/logo\/image\/","url":"https:\/\/drasanvi.com\/wp-content\/uploads\/sites\/5\/2021\/07\/logo-drasanvi.png","contentUrl":"https:\/\/drasanvi.com\/wp-content\/uploads\/sites\/5\/2021\/07\/logo-drasanvi.png","width":900,"height":300,"caption":"Drasanvi"},"image":{"@id":"https:\/\/drasanvi.com\/pe\/#\/schema\/logo\/image\/"}}]}},"_links":{"self":[{"href":"https:\/\/drasanvi.com\/pe\/wp-json\/wp\/v2\/product\/23431","targetHints":{"allow":["GET"]}}],"collection":[{"href":"https:\/\/drasanvi.com\/pe\/wp-json\/wp\/v2\/product"}],"about":[{"href":"https:\/\/drasanvi.com\/pe\/wp-json\/wp\/v2\/types\/product"}],"version-history":[{"count":1,"href":"https:\/\/drasanvi.com\/pe\/wp-json\/wp\/v2\/product\/23431\/revisions"}],"predecessor-version":[{"id":24277,"href":"https:\/\/drasanvi.com\/pe\/wp-json\/wp\/v2\/product\/23431\/revisions\/24277"}],"wp:featuredmedia":[{"embeddable":true,"href":"https:\/\/drasanvi.com\/pe\/wp-json\/wp\/v2\/media\/23310"}],"wp:attachment":[{"href":"https:\/\/drasanvi.com\/pe\/wp-json\/wp\/v2\/media?parent=23431"}],"wp:term":[{"taxonomy":"product_cat","embeddable":true,"href":"https:\/\/drasanvi.com\/pe\/wp-json\/wp\/v2\/product_cat?post=23431"},{"taxonomy":"product_tag","embeddable":true,"href":"https:\/\/drasanvi.com\/pe\/wp-json\/wp\/v2\/product_tag?post=23431"}],"curies":[{"name":"wp","href":"https:\/\/api.w.org\/{rel}","templated":true}]}}