{"id":23411,"date":"2022-05-25T15:13:19","date_gmt":"2022-05-25T13:13:19","guid":{"rendered":"https:\/\/drasanvi.com\/pe\/producto\/vitaminas-b-complex-60-capsulas-drasanvi\/"},"modified":"2024-11-08T01:00:07","modified_gmt":"2024-11-07T23:00:07","slug":"vitaminas-b-complex-60-capsulas-drasanvi","status":"publish","type":"product","link":"https:\/\/drasanvi.com\/pe\/producto\/vitaminas-b-complex-60-capsulas-drasanvi\/","title":{"rendered":"Vitaminas B Complex 60 C\u00e1psulas Drasanvi"},"content":{"rendered":"<p>Las Vitaminas del complejo B lo forman 8 vitaminas solubles en agua, las cuales son: Tiamina (vitamina B1), riboflavina (Vitamina B2), niacina (Vitamina B3), &aacute;cido pantot&eacute;nico (vitamina B5), piridoxina (vitamina B6), biotina (vitamina B7), &aacute;cido folico (vitamina B9), cobalamina (vitamina B12).&nbsp;En el complejo B de drasanvi hemos incorporado tambi&eacute;n la colina, el cual es un nutriente esencial soluble en agua, y el inositol que se conoce como vitamina B8.<\/p>\n<h2>Ingredientes<\/h2>\n<p>Agente de carga<em>(Hidroxipropilmetilcelulosa)<\/em>, Agente de carga<em>(Celulosa microcristalina)<\/em>, Vitamina B5<em>(&aacute;cido pantot&eacute;nico)<\/em>50 mg, Vitamina B1<em>(clorhidrato de tiamina)<\/em>50 mg, Vitamina B2<em>(riboflavina)<\/em>50 mg, Vitamina B3<em>(niacina)<\/em>50 mg, Inositol<em>&nbsp;<\/em>50 mg, Vitamina B6<em>(piridoxina clorhidrato)<\/em>25 mg, Colina<em>&nbsp;<\/em>21 mg, Agente de carga<em>(Sal magn&eacute;sica de &aacute;cido graso)<\/em>, Vitamina B12<em>(Cianocobalamina 0.1%)<\/em>5 mg, Antiaglomerante<em>(Di&oacute;xido de silicio)<\/em>, &Aacute;cido f&oacute;lico<em>&nbsp;<\/em>400 &micro;g, Biotina<em>&nbsp;<\/em>50 &micro;g<\/p>\n<h2>Modo de uso<\/h2>\n<p>Tomar una capsula al d&iacute;a en una de las principales comidas.<\/p>\n<h2>Presentaci\u00f3n<\/h2>\n<p>60 c&aacute;psulas de 467mg. Peso neto 28g (0.98oz)<\/p>\n<h2>Advertencias<\/h2>\n<p>Complemento alimenticio a base de vitaminas. No superar la dosis diaria expresamente recomendada; Los complementos alimenticios no deben utilizarse como sustituto de una dieta equilibrada; Mantener fuera del alcance de los ni&ntilde;os m&aacute;s peque&ntilde;os. Conservar en un lugar fresco y seco.<\/p>\n<h2>Valores nutricionales<\/h2>\n<p>por dosis diaria (1 c&aacute;psula)<\/p>\n<table>\n<tbody>\n<tr>\n<th>Ingrediente<\/th>\n<th>Porcentaje<\/th>\n<th>Cantidad<\/th>\n<\/tr>\n<tr>\n<td>Vitamina B5<\/td>\n<td>833%<\/td>\n<td>50mg<\/td>\n<\/tr>\n<tr>\n<td>Vitamina&nbsp; B1<\/td>\n<td>4545%<\/td>\n<td>50 mg<\/td>\n<\/tr>\n<tr>\n<td>Vitamina B2<\/td>\n<td>3571%<\/td>\n<td>50 mg<\/td>\n<\/tr>\n<tr>\n<td>Vitamina B3<\/td>\n<td>312%<\/td>\n<td>50 mg<\/td>\n<\/tr>\n<tr>\n<td>Vitamina B6<\/td>\n<td>1786%<\/td>\n<td>25 mg<\/td>\n<\/tr>\n<tr>\n<td>Biotina<\/td>\n<td>100%<\/td>\n<td>50 &micro;g<\/td>\n<\/tr>\n<tr>\n<td>&Aacute;cido f&oacute;lico<\/td>\n<td>200%<\/td>\n<td>400&micro;g<\/td>\n<\/tr>\n<tr>\n<td>Vitamina B12<\/td>\n<td>200%<\/td>\n<td>5&micro;g<\/td>\n<\/tr>\n<\/tbody>\n<\/table>\n<p>% VRN (Valores de Referencia de Nutrientes)<\/p>\n","protected":false},"excerpt":{"rendered":"<p>Las Vitaminas del complejo B lo forman 8 vitaminas solubles en agua, las cuales son: Tiamina (vitamina B1), riboflavina (Vitamina B2), niacina (Vitamina B3), &aacute;cido pantot&eacute;nico (vitamina B5), piridoxina (vitamina B6), biotina (vitamina B7), &aacute;cido folico (vitamina B9), cobalamina (vitamina B12).&nbsp;En el complejo B de drasanvi hemos incorporado tambi&eacute;n la colina, el cual es un nutriente esencial soluble en agua, y el inositol que se conoce como vitamina B8.<\/p>\n<p><a id=\"boton-ficha\" href=\"https:\/\/panel.drasanvi.com\/fichas\/9\/032057140\">Ficha t\u00e9cnica<\/a><\/p>\n","protected":false},"featured_media":23413,"template":"","meta":{"inline_featured_image":false},"product_cat":[118],"product_tag":[],"class_list":["post-23411","product","type-product","status-publish","has-post-thumbnail","hentry","product_cat-vitaminas-minerales","pa_contiene-altramuces-no","pa_contiene-apio-no","pa_contiene-cacahuetes-no","pa_contiene-crustaceos-no","pa_contiene-frutos-secos-no","pa_contiene-huevo-no","pa_contiene-leche-no","pa_contiene-moluscos-no","pa_contiene-mostaza-no","pa_contiene-pescado-no","pa_contiene-sesamo-no","pa_contiene-soja-no","pa_producto-bio-no","pa_producto-sin-gluten-si","pa_producto-vegano-si","pa_producto-vegetariano-no"],"yoast_head":"<!-- This site is optimized with the Yoast SEO plugin v27.5 - https:\/\/yoast.com\/product\/yoast-seo-wordpress\/ -->\n<title>Vitaminas B Complex 60 C\u00e1psulas Drasanvi - Drasanvi Per\u00fa<\/title>\n<meta name=\"robots\" content=\"index, follow, max-snippet:-1, max-image-preview:large, max-video-preview:-1\" \/>\n<link rel=\"canonical\" href=\"https:\/\/drasanvi.com\/pe\/producto\/vitaminas-b-complex-60-capsulas-drasanvi\/\" \/>\n<meta property=\"og:locale\" content=\"es_ES\" \/>\n<meta property=\"og:type\" content=\"article\" \/>\n<meta property=\"og:title\" content=\"Vitaminas B Complex 60 C\u00e1psulas Drasanvi - Drasanvi Per\u00fa\" \/>\n<meta property=\"og:description\" content=\"Las Vitaminas del complejo B lo forman 8 vitaminas solubles en agua, las cuales son: Tiamina (vitamina B1), riboflavina (Vitamina B2), niacina (Vitamina B3), &aacute;cido pantot&eacute;nico (vitamina B5), piridoxina (vitamina B6), biotina (vitamina B7), &aacute;cido folico (vitamina B9), cobalamina (vitamina B12).&nbsp;En el complejo B de drasanvi hemos incorporado tambi&eacute;n la colina, el cual es un nutriente esencial soluble en agua, y el inositol que se conoce como vitamina B8.Ficha t\u00e9cnica\" \/>\n<meta property=\"og:url\" content=\"https:\/\/drasanvi.com\/pe\/producto\/vitaminas-b-complex-60-capsulas-drasanvi\/\" \/>\n<meta property=\"og:site_name\" content=\"Drasanvi Per\u00fa\" \/>\n<meta property=\"article:modified_time\" content=\"2024-11-07T23:00:07+00:00\" \/>\n<meta property=\"og:image\" content=\"https:\/\/drasanvi.com\/pe\/wp-content\/uploads\/sites\/5\/2022\/05\/032057140.png\" \/>\n\t<meta property=\"og:image:width\" content=\"1000\" \/>\n\t<meta property=\"og:image:height\" content=\"1000\" \/>\n\t<meta property=\"og:image:type\" content=\"image\/png\" \/>\n<meta name=\"twitter:card\" content=\"summary_large_image\" \/>\n<script type=\"application\/ld+json\" class=\"yoast-schema-graph\">{\"@context\":\"https:\\\/\\\/schema.org\",\"@graph\":[{\"@type\":\"WebPage\",\"@id\":\"https:\\\/\\\/drasanvi.com\\\/pe\\\/producto\\\/vitaminas-b-complex-60-capsulas-drasanvi\\\/\",\"url\":\"https:\\\/\\\/drasanvi.com\\\/pe\\\/producto\\\/vitaminas-b-complex-60-capsulas-drasanvi\\\/\",\"name\":\"Vitaminas B Complex 60 C\u00e1psulas Drasanvi - Drasanvi Per\u00fa\",\"isPartOf\":{\"@id\":\"https:\\\/\\\/drasanvi.com\\\/pe\\\/#website\"},\"primaryImageOfPage\":{\"@id\":\"https:\\\/\\\/drasanvi.com\\\/pe\\\/producto\\\/vitaminas-b-complex-60-capsulas-drasanvi\\\/#primaryimage\"},\"image\":{\"@id\":\"https:\\\/\\\/drasanvi.com\\\/pe\\\/producto\\\/vitaminas-b-complex-60-capsulas-drasanvi\\\/#primaryimage\"},\"thumbnailUrl\":\"https:\\\/\\\/drasanvi.com\\\/pe\\\/wp-content\\\/uploads\\\/sites\\\/5\\\/2022\\\/05\\\/032057140.png\",\"datePublished\":\"2022-05-25T13:13:19+00:00\",\"dateModified\":\"2024-11-07T23:00:07+00:00\",\"breadcrumb\":{\"@id\":\"https:\\\/\\\/drasanvi.com\\\/pe\\\/producto\\\/vitaminas-b-complex-60-capsulas-drasanvi\\\/#breadcrumb\"},\"inLanguage\":\"es\",\"potentialAction\":[{\"@type\":\"ReadAction\",\"target\":[\"https:\\\/\\\/drasanvi.com\\\/pe\\\/producto\\\/vitaminas-b-complex-60-capsulas-drasanvi\\\/\"]}]},{\"@type\":\"ImageObject\",\"inLanguage\":\"es\",\"@id\":\"https:\\\/\\\/drasanvi.com\\\/pe\\\/producto\\\/vitaminas-b-complex-60-capsulas-drasanvi\\\/#primaryimage\",\"url\":\"https:\\\/\\\/drasanvi.com\\\/pe\\\/wp-content\\\/uploads\\\/sites\\\/5\\\/2022\\\/05\\\/032057140.png\",\"contentUrl\":\"https:\\\/\\\/drasanvi.com\\\/pe\\\/wp-content\\\/uploads\\\/sites\\\/5\\\/2022\\\/05\\\/032057140.png\",\"width\":1000,\"height\":1000},{\"@type\":\"BreadcrumbList\",\"@id\":\"https:\\\/\\\/drasanvi.com\\\/pe\\\/producto\\\/vitaminas-b-complex-60-capsulas-drasanvi\\\/#breadcrumb\",\"itemListElement\":[{\"@type\":\"ListItem\",\"position\":1,\"name\":\"Portada\",\"item\":\"https:\\\/\\\/drasanvi.com\\\/pe\\\/\"},{\"@type\":\"ListItem\",\"position\":2,\"name\":\"Tienda\",\"item\":\"https:\\\/\\\/drasanvi.com\\\/pe\\\/tienda\\\/\"},{\"@type\":\"ListItem\",\"position\":3,\"name\":\"Vitaminas B Complex 60 C\u00e1psulas Drasanvi\"}]},{\"@type\":\"WebSite\",\"@id\":\"https:\\\/\\\/drasanvi.com\\\/pe\\\/#website\",\"url\":\"https:\\\/\\\/drasanvi.com\\\/pe\\\/\",\"name\":\"Drasanvi Per\u00fa\",\"description\":\"L\u00edder en complementos alimenticios y cosm\u00e9tica natural.\",\"publisher\":{\"@id\":\"https:\\\/\\\/drasanvi.com\\\/pe\\\/#organization\"},\"potentialAction\":[{\"@type\":\"SearchAction\",\"target\":{\"@type\":\"EntryPoint\",\"urlTemplate\":\"https:\\\/\\\/drasanvi.com\\\/pe\\\/?s={search_term_string}\"},\"query-input\":{\"@type\":\"PropertyValueSpecification\",\"valueRequired\":true,\"valueName\":\"search_term_string\"}}],\"inLanguage\":\"es\"},{\"@type\":\"Organization\",\"@id\":\"https:\\\/\\\/drasanvi.com\\\/pe\\\/#organization\",\"name\":\"Drasanvi\",\"url\":\"https:\\\/\\\/drasanvi.com\\\/pe\\\/\",\"logo\":{\"@type\":\"ImageObject\",\"inLanguage\":\"es\",\"@id\":\"https:\\\/\\\/drasanvi.com\\\/pe\\\/#\\\/schema\\\/logo\\\/image\\\/\",\"url\":\"https:\\\/\\\/drasanvi.com\\\/wp-content\\\/uploads\\\/sites\\\/5\\\/2021\\\/07\\\/logo-drasanvi.png\",\"contentUrl\":\"https:\\\/\\\/drasanvi.com\\\/wp-content\\\/uploads\\\/sites\\\/5\\\/2021\\\/07\\\/logo-drasanvi.png\",\"width\":900,\"height\":300,\"caption\":\"Drasanvi\"},\"image\":{\"@id\":\"https:\\\/\\\/drasanvi.com\\\/pe\\\/#\\\/schema\\\/logo\\\/image\\\/\"}}]}<\/script>\n<!-- \/ Yoast SEO plugin. -->","yoast_head_json":{"title":"Vitaminas B Complex 60 C\u00e1psulas Drasanvi - Drasanvi Per\u00fa","robots":{"index":"index","follow":"follow","max-snippet":"max-snippet:-1","max-image-preview":"max-image-preview:large","max-video-preview":"max-video-preview:-1"},"canonical":"https:\/\/drasanvi.com\/pe\/producto\/vitaminas-b-complex-60-capsulas-drasanvi\/","og_locale":"es_ES","og_type":"article","og_title":"Vitaminas B Complex 60 C\u00e1psulas Drasanvi - Drasanvi Per\u00fa","og_description":"Las Vitaminas del complejo B lo forman 8 vitaminas solubles en agua, las cuales son: Tiamina (vitamina B1), riboflavina (Vitamina B2), niacina (Vitamina B3), &aacute;cido pantot&eacute;nico (vitamina B5), piridoxina (vitamina B6), biotina (vitamina B7), &aacute;cido folico (vitamina B9), cobalamina (vitamina B12).&nbsp;En el complejo B de drasanvi hemos incorporado tambi&eacute;n la colina, el cual es un nutriente esencial soluble en agua, y el inositol que se conoce como vitamina B8.Ficha t\u00e9cnica","og_url":"https:\/\/drasanvi.com\/pe\/producto\/vitaminas-b-complex-60-capsulas-drasanvi\/","og_site_name":"Drasanvi Per\u00fa","article_modified_time":"2024-11-07T23:00:07+00:00","og_image":[{"width":1000,"height":1000,"url":"https:\/\/drasanvi.com\/pe\/wp-content\/uploads\/sites\/5\/2022\/05\/032057140.png","type":"image\/png"}],"twitter_card":"summary_large_image","schema":{"@context":"https:\/\/schema.org","@graph":[{"@type":"WebPage","@id":"https:\/\/drasanvi.com\/pe\/producto\/vitaminas-b-complex-60-capsulas-drasanvi\/","url":"https:\/\/drasanvi.com\/pe\/producto\/vitaminas-b-complex-60-capsulas-drasanvi\/","name":"Vitaminas B Complex 60 C\u00e1psulas Drasanvi - Drasanvi Per\u00fa","isPartOf":{"@id":"https:\/\/drasanvi.com\/pe\/#website"},"primaryImageOfPage":{"@id":"https:\/\/drasanvi.com\/pe\/producto\/vitaminas-b-complex-60-capsulas-drasanvi\/#primaryimage"},"image":{"@id":"https:\/\/drasanvi.com\/pe\/producto\/vitaminas-b-complex-60-capsulas-drasanvi\/#primaryimage"},"thumbnailUrl":"https:\/\/drasanvi.com\/pe\/wp-content\/uploads\/sites\/5\/2022\/05\/032057140.png","datePublished":"2022-05-25T13:13:19+00:00","dateModified":"2024-11-07T23:00:07+00:00","breadcrumb":{"@id":"https:\/\/drasanvi.com\/pe\/producto\/vitaminas-b-complex-60-capsulas-drasanvi\/#breadcrumb"},"inLanguage":"es","potentialAction":[{"@type":"ReadAction","target":["https:\/\/drasanvi.com\/pe\/producto\/vitaminas-b-complex-60-capsulas-drasanvi\/"]}]},{"@type":"ImageObject","inLanguage":"es","@id":"https:\/\/drasanvi.com\/pe\/producto\/vitaminas-b-complex-60-capsulas-drasanvi\/#primaryimage","url":"https:\/\/drasanvi.com\/pe\/wp-content\/uploads\/sites\/5\/2022\/05\/032057140.png","contentUrl":"https:\/\/drasanvi.com\/pe\/wp-content\/uploads\/sites\/5\/2022\/05\/032057140.png","width":1000,"height":1000},{"@type":"BreadcrumbList","@id":"https:\/\/drasanvi.com\/pe\/producto\/vitaminas-b-complex-60-capsulas-drasanvi\/#breadcrumb","itemListElement":[{"@type":"ListItem","position":1,"name":"Portada","item":"https:\/\/drasanvi.com\/pe\/"},{"@type":"ListItem","position":2,"name":"Tienda","item":"https:\/\/drasanvi.com\/pe\/tienda\/"},{"@type":"ListItem","position":3,"name":"Vitaminas B Complex 60 C\u00e1psulas Drasanvi"}]},{"@type":"WebSite","@id":"https:\/\/drasanvi.com\/pe\/#website","url":"https:\/\/drasanvi.com\/pe\/","name":"Drasanvi Per\u00fa","description":"L\u00edder en complementos alimenticios y cosm\u00e9tica natural.","publisher":{"@id":"https:\/\/drasanvi.com\/pe\/#organization"},"potentialAction":[{"@type":"SearchAction","target":{"@type":"EntryPoint","urlTemplate":"https:\/\/drasanvi.com\/pe\/?s={search_term_string}"},"query-input":{"@type":"PropertyValueSpecification","valueRequired":true,"valueName":"search_term_string"}}],"inLanguage":"es"},{"@type":"Organization","@id":"https:\/\/drasanvi.com\/pe\/#organization","name":"Drasanvi","url":"https:\/\/drasanvi.com\/pe\/","logo":{"@type":"ImageObject","inLanguage":"es","@id":"https:\/\/drasanvi.com\/pe\/#\/schema\/logo\/image\/","url":"https:\/\/drasanvi.com\/wp-content\/uploads\/sites\/5\/2021\/07\/logo-drasanvi.png","contentUrl":"https:\/\/drasanvi.com\/wp-content\/uploads\/sites\/5\/2021\/07\/logo-drasanvi.png","width":900,"height":300,"caption":"Drasanvi"},"image":{"@id":"https:\/\/drasanvi.com\/pe\/#\/schema\/logo\/image\/"}}]}},"_links":{"self":[{"href":"https:\/\/drasanvi.com\/pe\/wp-json\/wp\/v2\/product\/23411","targetHints":{"allow":["GET"]}}],"collection":[{"href":"https:\/\/drasanvi.com\/pe\/wp-json\/wp\/v2\/product"}],"about":[{"href":"https:\/\/drasanvi.com\/pe\/wp-json\/wp\/v2\/types\/product"}],"version-history":[{"count":1,"href":"https:\/\/drasanvi.com\/pe\/wp-json\/wp\/v2\/product\/23411\/revisions"}],"predecessor-version":[{"id":24290,"href":"https:\/\/drasanvi.com\/pe\/wp-json\/wp\/v2\/product\/23411\/revisions\/24290"}],"wp:featuredmedia":[{"embeddable":true,"href":"https:\/\/drasanvi.com\/pe\/wp-json\/wp\/v2\/media\/23413"}],"wp:attachment":[{"href":"https:\/\/drasanvi.com\/pe\/wp-json\/wp\/v2\/media?parent=23411"}],"wp:term":[{"taxonomy":"product_cat","embeddable":true,"href":"https:\/\/drasanvi.com\/pe\/wp-json\/wp\/v2\/product_cat?post=23411"},{"taxonomy":"product_tag","embeddable":true,"href":"https:\/\/drasanvi.com\/pe\/wp-json\/wp\/v2\/product_tag?post=23411"}],"curies":[{"name":"wp","href":"https:\/\/api.w.org\/{rel}","templated":true}]}}