{"id":23408,"date":"2022-05-25T15:13:19","date_gmt":"2022-05-25T13:13:19","guid":{"rendered":"https:\/\/drasanvi.com\/pe\/producto\/vitamina-d3-400-ui-60-comprimidos-masticable-ninos-drasanvi\/"},"modified":"2024-11-08T01:00:07","modified_gmt":"2024-11-07T23:00:07","slug":"vitamina-d3-400-ui-60-comprimidos-masticable-ninos-drasanvi","status":"publish","type":"product","link":"https:\/\/drasanvi.com\/pe\/producto\/vitamina-d3-400-ui-60-comprimidos-masticable-ninos-drasanvi\/","title":{"rendered":"Vitamina D3 400 UI 60 comprimidos masticable ni\u00f1os Drasanvi"},"content":{"rendered":"<p>La&nbsp;<strong>vitamina D3<\/strong>&nbsp;es una vitamina soluble en grasa que nuestra piel sintetiza al exponerse a la luz solar o a trav&eacute;s de una correcta alimentaci&oacute;n o complementaci&oacute;n.&nbsp; Afecta a nuestro estado de &aacute;nimo y a nuestro bienestar as&iacute; como a la salud de los huesos y de las articulaciones.Para poder disponer de ella es necesario el correcto aporte de Vitamina y la correcta exposici&oacute;n solar. Si no disponemos de alguna de las dos fuentes podemos desarrollar un estado carencial<\/p>\n<h2>Ingredientes<\/h2>\n<p>Agente de carga<em>(Dextrosa)<\/em>, Agente de carga<em>(Sal magn&eacute;sica de &aacute;cido graso)<\/em>, Aroma<em>(Aroma de frutos del bosque)<\/em>, Antiaglomerante<em>(Di&oacute;xido de silicio)<\/em>, Vitamina D3<em>(Colecalciferol)<\/em>4 mg, Remolacha Polvo<em>&nbsp;<\/em>4 mg<\/p>\n<h2>Modo de uso<\/h2>\n<p>A partir de tres a&ntilde;os. Masticar o deshacer lentamente en la boca un comprimido al d&iacute;a, preferiblemente con las comidas.&nbsp;<\/p>\n<h2>Presentaci\u00f3n<\/h2>\n<p>60 comprimidos de 533 mg. Peso neto 32 g (1.13 oz)<\/p>\n<h2>Advertencias<\/h2>\n<p>Complemento alimenticio a base de vitamina. No superar la dosis diaria expresamente recomendada; Los complementos alimenticios no deben utilizarse como sustituto de una dieta equilibrada; Mantener fuera del alcance de los ni&ntilde;os m&aacute;s peque&ntilde;os. Conservar en un lugar fresco y seco.<\/p>\n<h2>Valores nutricionales<\/h2>\n<p>por dosis diaria<\/p>\n<table>\n<tbody>\n<tr>\n<th>Ingrediente<\/th>\n<th>Porcentaje<\/th>\n<th>Cantidad<\/th>\n<\/tr>\n<tr>\n<td>Vitamina D<\/td>\n<td>200%<\/td>\n<td>10&nbsp;&micro;g<\/td>\n<\/tr>\n<\/tbody>\n<\/table>\n<p>% VRN (Valor Referencia Nutricional)<\/p>\n","protected":false},"excerpt":{"rendered":"<p>La&nbsp;<strong>vitamina D3<\/strong>&nbsp;es una vitamina soluble en grasa que nuestra piel sintetiza al exponerse a la luz solar o a trav&eacute;s de una correcta alimentaci&oacute;n o complementaci&oacute;n.&nbsp; Afecta a nuestro estado de &aacute;nimo y a nuestro bienestar as&iacute; como a la salud de los huesos y de las articulaciones.Para poder disponer de ella es necesario el correcto aporte de Vitamina y la correcta exposici&oacute;n solar. Si no disponemos de alguna de las dos fuentes podemos desarrollar un estado carencial<\/p>\n<p><a id=\"boton-ficha\" href=\"https:\/\/panel.drasanvi.com\/fichas\/9\/032057141\">Ficha t\u00e9cnica<\/a><\/p>\n","protected":false},"featured_media":23410,"template":"","meta":{"inline_featured_image":false},"product_cat":[108],"product_tag":[],"class_list":["post-23408","product","type-product","status-publish","has-post-thumbnail","hentry","product_cat-ninos","pa_contiene-altramuces-no","pa_contiene-apio-no","pa_contiene-cacahuetes-no","pa_contiene-crustaceos-no","pa_contiene-frutos-secos-no","pa_contiene-huevo-no","pa_contiene-leche-no","pa_contiene-moluscos-no","pa_contiene-mostaza-no","pa_contiene-pescado-no","pa_contiene-sesamo-no","pa_contiene-soja-no","pa_producto-bio-no","pa_producto-sin-gluten-si","pa_producto-vegano-no","pa_producto-vegetariano-si"],"yoast_head":"<!-- This site is optimized with the Yoast SEO plugin v27.5 - https:\/\/yoast.com\/product\/yoast-seo-wordpress\/ -->\n<title>Vitamina D3 400 UI 60 comprimidos masticable ni\u00f1os Drasanvi - Drasanvi Per\u00fa<\/title>\n<meta name=\"robots\" content=\"index, follow, max-snippet:-1, max-image-preview:large, max-video-preview:-1\" \/>\n<link rel=\"canonical\" href=\"https:\/\/drasanvi.com\/pe\/producto\/vitamina-d3-400-ui-60-comprimidos-masticable-ninos-drasanvi\/\" \/>\n<meta property=\"og:locale\" content=\"es_ES\" \/>\n<meta property=\"og:type\" content=\"article\" \/>\n<meta property=\"og:title\" content=\"Vitamina D3 400 UI 60 comprimidos masticable ni\u00f1os Drasanvi - Drasanvi Per\u00fa\" \/>\n<meta property=\"og:description\" content=\"La&nbsp;vitamina D3&nbsp;es una vitamina soluble en grasa que nuestra piel sintetiza al exponerse a la luz solar o a trav&eacute;s de una correcta alimentaci&oacute;n o complementaci&oacute;n.&nbsp; Afecta a nuestro estado de &aacute;nimo y a nuestro bienestar as&iacute; como a la salud de los huesos y de las articulaciones.Para poder disponer de ella es necesario el correcto aporte de Vitamina y la correcta exposici&oacute;n solar. Si no disponemos de alguna de las dos fuentes podemos desarrollar un estado carencialFicha t\u00e9cnica\" \/>\n<meta property=\"og:url\" content=\"https:\/\/drasanvi.com\/pe\/producto\/vitamina-d3-400-ui-60-comprimidos-masticable-ninos-drasanvi\/\" \/>\n<meta property=\"og:site_name\" content=\"Drasanvi Per\u00fa\" \/>\n<meta property=\"article:modified_time\" content=\"2024-11-07T23:00:07+00:00\" \/>\n<meta property=\"og:image\" content=\"https:\/\/drasanvi.com\/pe\/wp-content\/uploads\/sites\/5\/2022\/05\/032057141.png\" \/>\n\t<meta property=\"og:image:width\" content=\"1000\" \/>\n\t<meta property=\"og:image:height\" content=\"1000\" \/>\n\t<meta property=\"og:image:type\" content=\"image\/png\" \/>\n<meta name=\"twitter:card\" content=\"summary_large_image\" \/>\n<script type=\"application\/ld+json\" class=\"yoast-schema-graph\">{\"@context\":\"https:\\\/\\\/schema.org\",\"@graph\":[{\"@type\":\"WebPage\",\"@id\":\"https:\\\/\\\/drasanvi.com\\\/pe\\\/producto\\\/vitamina-d3-400-ui-60-comprimidos-masticable-ninos-drasanvi\\\/\",\"url\":\"https:\\\/\\\/drasanvi.com\\\/pe\\\/producto\\\/vitamina-d3-400-ui-60-comprimidos-masticable-ninos-drasanvi\\\/\",\"name\":\"Vitamina D3 400 UI 60 comprimidos masticable ni\u00f1os Drasanvi - Drasanvi Per\u00fa\",\"isPartOf\":{\"@id\":\"https:\\\/\\\/drasanvi.com\\\/pe\\\/#website\"},\"primaryImageOfPage\":{\"@id\":\"https:\\\/\\\/drasanvi.com\\\/pe\\\/producto\\\/vitamina-d3-400-ui-60-comprimidos-masticable-ninos-drasanvi\\\/#primaryimage\"},\"image\":{\"@id\":\"https:\\\/\\\/drasanvi.com\\\/pe\\\/producto\\\/vitamina-d3-400-ui-60-comprimidos-masticable-ninos-drasanvi\\\/#primaryimage\"},\"thumbnailUrl\":\"https:\\\/\\\/drasanvi.com\\\/pe\\\/wp-content\\\/uploads\\\/sites\\\/5\\\/2022\\\/05\\\/032057141.png\",\"datePublished\":\"2022-05-25T13:13:19+00:00\",\"dateModified\":\"2024-11-07T23:00:07+00:00\",\"breadcrumb\":{\"@id\":\"https:\\\/\\\/drasanvi.com\\\/pe\\\/producto\\\/vitamina-d3-400-ui-60-comprimidos-masticable-ninos-drasanvi\\\/#breadcrumb\"},\"inLanguage\":\"es\",\"potentialAction\":[{\"@type\":\"ReadAction\",\"target\":[\"https:\\\/\\\/drasanvi.com\\\/pe\\\/producto\\\/vitamina-d3-400-ui-60-comprimidos-masticable-ninos-drasanvi\\\/\"]}]},{\"@type\":\"ImageObject\",\"inLanguage\":\"es\",\"@id\":\"https:\\\/\\\/drasanvi.com\\\/pe\\\/producto\\\/vitamina-d3-400-ui-60-comprimidos-masticable-ninos-drasanvi\\\/#primaryimage\",\"url\":\"https:\\\/\\\/drasanvi.com\\\/pe\\\/wp-content\\\/uploads\\\/sites\\\/5\\\/2022\\\/05\\\/032057141.png\",\"contentUrl\":\"https:\\\/\\\/drasanvi.com\\\/pe\\\/wp-content\\\/uploads\\\/sites\\\/5\\\/2022\\\/05\\\/032057141.png\",\"width\":1000,\"height\":1000},{\"@type\":\"BreadcrumbList\",\"@id\":\"https:\\\/\\\/drasanvi.com\\\/pe\\\/producto\\\/vitamina-d3-400-ui-60-comprimidos-masticable-ninos-drasanvi\\\/#breadcrumb\",\"itemListElement\":[{\"@type\":\"ListItem\",\"position\":1,\"name\":\"Portada\",\"item\":\"https:\\\/\\\/drasanvi.com\\\/pe\\\/\"},{\"@type\":\"ListItem\",\"position\":2,\"name\":\"Tienda\",\"item\":\"https:\\\/\\\/drasanvi.com\\\/pe\\\/tienda\\\/\"},{\"@type\":\"ListItem\",\"position\":3,\"name\":\"Vitamina D3 400 UI 60 comprimidos masticable ni\u00f1os Drasanvi\"}]},{\"@type\":\"WebSite\",\"@id\":\"https:\\\/\\\/drasanvi.com\\\/pe\\\/#website\",\"url\":\"https:\\\/\\\/drasanvi.com\\\/pe\\\/\",\"name\":\"Drasanvi Per\u00fa\",\"description\":\"L\u00edder en complementos alimenticios y cosm\u00e9tica natural.\",\"publisher\":{\"@id\":\"https:\\\/\\\/drasanvi.com\\\/pe\\\/#organization\"},\"potentialAction\":[{\"@type\":\"SearchAction\",\"target\":{\"@type\":\"EntryPoint\",\"urlTemplate\":\"https:\\\/\\\/drasanvi.com\\\/pe\\\/?s={search_term_string}\"},\"query-input\":{\"@type\":\"PropertyValueSpecification\",\"valueRequired\":true,\"valueName\":\"search_term_string\"}}],\"inLanguage\":\"es\"},{\"@type\":\"Organization\",\"@id\":\"https:\\\/\\\/drasanvi.com\\\/pe\\\/#organization\",\"name\":\"Drasanvi\",\"url\":\"https:\\\/\\\/drasanvi.com\\\/pe\\\/\",\"logo\":{\"@type\":\"ImageObject\",\"inLanguage\":\"es\",\"@id\":\"https:\\\/\\\/drasanvi.com\\\/pe\\\/#\\\/schema\\\/logo\\\/image\\\/\",\"url\":\"https:\\\/\\\/drasanvi.com\\\/wp-content\\\/uploads\\\/sites\\\/5\\\/2021\\\/07\\\/logo-drasanvi.png\",\"contentUrl\":\"https:\\\/\\\/drasanvi.com\\\/wp-content\\\/uploads\\\/sites\\\/5\\\/2021\\\/07\\\/logo-drasanvi.png\",\"width\":900,\"height\":300,\"caption\":\"Drasanvi\"},\"image\":{\"@id\":\"https:\\\/\\\/drasanvi.com\\\/pe\\\/#\\\/schema\\\/logo\\\/image\\\/\"}}]}<\/script>\n<!-- \/ Yoast SEO plugin. -->","yoast_head_json":{"title":"Vitamina D3 400 UI 60 comprimidos masticable ni\u00f1os Drasanvi - Drasanvi Per\u00fa","robots":{"index":"index","follow":"follow","max-snippet":"max-snippet:-1","max-image-preview":"max-image-preview:large","max-video-preview":"max-video-preview:-1"},"canonical":"https:\/\/drasanvi.com\/pe\/producto\/vitamina-d3-400-ui-60-comprimidos-masticable-ninos-drasanvi\/","og_locale":"es_ES","og_type":"article","og_title":"Vitamina D3 400 UI 60 comprimidos masticable ni\u00f1os Drasanvi - Drasanvi Per\u00fa","og_description":"La&nbsp;vitamina D3&nbsp;es una vitamina soluble en grasa que nuestra piel sintetiza al exponerse a la luz solar o a trav&eacute;s de una correcta alimentaci&oacute;n o complementaci&oacute;n.&nbsp; Afecta a nuestro estado de &aacute;nimo y a nuestro bienestar as&iacute; como a la salud de los huesos y de las articulaciones.Para poder disponer de ella es necesario el correcto aporte de Vitamina y la correcta exposici&oacute;n solar. Si no disponemos de alguna de las dos fuentes podemos desarrollar un estado carencialFicha t\u00e9cnica","og_url":"https:\/\/drasanvi.com\/pe\/producto\/vitamina-d3-400-ui-60-comprimidos-masticable-ninos-drasanvi\/","og_site_name":"Drasanvi Per\u00fa","article_modified_time":"2024-11-07T23:00:07+00:00","og_image":[{"width":1000,"height":1000,"url":"https:\/\/drasanvi.com\/pe\/wp-content\/uploads\/sites\/5\/2022\/05\/032057141.png","type":"image\/png"}],"twitter_card":"summary_large_image","schema":{"@context":"https:\/\/schema.org","@graph":[{"@type":"WebPage","@id":"https:\/\/drasanvi.com\/pe\/producto\/vitamina-d3-400-ui-60-comprimidos-masticable-ninos-drasanvi\/","url":"https:\/\/drasanvi.com\/pe\/producto\/vitamina-d3-400-ui-60-comprimidos-masticable-ninos-drasanvi\/","name":"Vitamina D3 400 UI 60 comprimidos masticable ni\u00f1os Drasanvi - Drasanvi Per\u00fa","isPartOf":{"@id":"https:\/\/drasanvi.com\/pe\/#website"},"primaryImageOfPage":{"@id":"https:\/\/drasanvi.com\/pe\/producto\/vitamina-d3-400-ui-60-comprimidos-masticable-ninos-drasanvi\/#primaryimage"},"image":{"@id":"https:\/\/drasanvi.com\/pe\/producto\/vitamina-d3-400-ui-60-comprimidos-masticable-ninos-drasanvi\/#primaryimage"},"thumbnailUrl":"https:\/\/drasanvi.com\/pe\/wp-content\/uploads\/sites\/5\/2022\/05\/032057141.png","datePublished":"2022-05-25T13:13:19+00:00","dateModified":"2024-11-07T23:00:07+00:00","breadcrumb":{"@id":"https:\/\/drasanvi.com\/pe\/producto\/vitamina-d3-400-ui-60-comprimidos-masticable-ninos-drasanvi\/#breadcrumb"},"inLanguage":"es","potentialAction":[{"@type":"ReadAction","target":["https:\/\/drasanvi.com\/pe\/producto\/vitamina-d3-400-ui-60-comprimidos-masticable-ninos-drasanvi\/"]}]},{"@type":"ImageObject","inLanguage":"es","@id":"https:\/\/drasanvi.com\/pe\/producto\/vitamina-d3-400-ui-60-comprimidos-masticable-ninos-drasanvi\/#primaryimage","url":"https:\/\/drasanvi.com\/pe\/wp-content\/uploads\/sites\/5\/2022\/05\/032057141.png","contentUrl":"https:\/\/drasanvi.com\/pe\/wp-content\/uploads\/sites\/5\/2022\/05\/032057141.png","width":1000,"height":1000},{"@type":"BreadcrumbList","@id":"https:\/\/drasanvi.com\/pe\/producto\/vitamina-d3-400-ui-60-comprimidos-masticable-ninos-drasanvi\/#breadcrumb","itemListElement":[{"@type":"ListItem","position":1,"name":"Portada","item":"https:\/\/drasanvi.com\/pe\/"},{"@type":"ListItem","position":2,"name":"Tienda","item":"https:\/\/drasanvi.com\/pe\/tienda\/"},{"@type":"ListItem","position":3,"name":"Vitamina D3 400 UI 60 comprimidos masticable ni\u00f1os Drasanvi"}]},{"@type":"WebSite","@id":"https:\/\/drasanvi.com\/pe\/#website","url":"https:\/\/drasanvi.com\/pe\/","name":"Drasanvi Per\u00fa","description":"L\u00edder en complementos alimenticios y cosm\u00e9tica natural.","publisher":{"@id":"https:\/\/drasanvi.com\/pe\/#organization"},"potentialAction":[{"@type":"SearchAction","target":{"@type":"EntryPoint","urlTemplate":"https:\/\/drasanvi.com\/pe\/?s={search_term_string}"},"query-input":{"@type":"PropertyValueSpecification","valueRequired":true,"valueName":"search_term_string"}}],"inLanguage":"es"},{"@type":"Organization","@id":"https:\/\/drasanvi.com\/pe\/#organization","name":"Drasanvi","url":"https:\/\/drasanvi.com\/pe\/","logo":{"@type":"ImageObject","inLanguage":"es","@id":"https:\/\/drasanvi.com\/pe\/#\/schema\/logo\/image\/","url":"https:\/\/drasanvi.com\/wp-content\/uploads\/sites\/5\/2021\/07\/logo-drasanvi.png","contentUrl":"https:\/\/drasanvi.com\/wp-content\/uploads\/sites\/5\/2021\/07\/logo-drasanvi.png","width":900,"height":300,"caption":"Drasanvi"},"image":{"@id":"https:\/\/drasanvi.com\/pe\/#\/schema\/logo\/image\/"}}]}},"_links":{"self":[{"href":"https:\/\/drasanvi.com\/pe\/wp-json\/wp\/v2\/product\/23408","targetHints":{"allow":["GET"]}}],"collection":[{"href":"https:\/\/drasanvi.com\/pe\/wp-json\/wp\/v2\/product"}],"about":[{"href":"https:\/\/drasanvi.com\/pe\/wp-json\/wp\/v2\/types\/product"}],"version-history":[{"count":1,"href":"https:\/\/drasanvi.com\/pe\/wp-json\/wp\/v2\/product\/23408\/revisions"}],"predecessor-version":[{"id":24289,"href":"https:\/\/drasanvi.com\/pe\/wp-json\/wp\/v2\/product\/23408\/revisions\/24289"}],"wp:featuredmedia":[{"embeddable":true,"href":"https:\/\/drasanvi.com\/pe\/wp-json\/wp\/v2\/media\/23410"}],"wp:attachment":[{"href":"https:\/\/drasanvi.com\/pe\/wp-json\/wp\/v2\/media?parent=23408"}],"wp:term":[{"taxonomy":"product_cat","embeddable":true,"href":"https:\/\/drasanvi.com\/pe\/wp-json\/wp\/v2\/product_cat?post=23408"},{"taxonomy":"product_tag","embeddable":true,"href":"https:\/\/drasanvi.com\/pe\/wp-json\/wp\/v2\/product_tag?post=23408"}],"curies":[{"name":"wp","href":"https:\/\/api.w.org\/{rel}","templated":true}]}}