{"id":23405,"date":"2022-05-25T15:13:19","date_gmt":"2022-05-25T13:13:19","guid":{"rendered":"https:\/\/drasanvi.com\/pe\/producto\/vitamina-c-60-comprimidos-masticables-drasanvi\/"},"modified":"2024-11-08T01:00:07","modified_gmt":"2024-11-07T23:00:07","slug":"vitamina-c-60-comprimidos-masticables-drasanvi","status":"publish","type":"product","link":"https:\/\/drasanvi.com\/pe\/producto\/vitamina-c-60-comprimidos-masticables-drasanvi\/","title":{"rendered":"Vitamina C 60 Comprimidos Masticables Drasanvi"},"content":{"rendered":"<p>La&nbsp;<strong>Vitamina C<\/strong> es una vitamina soluble en agua. Es un nutriente esencial,&nbsp; por lo que tenemos que incorporarla en la dieta.La cantidad de vitamina C necesaria para prevenir el escorbuto es de alrededor de 10 mg al d&iacute;a. Sin embargo, con el fin de mantener un sujeto saludable y prevenir afecciones cr&oacute;nicas de salud, las concentraciones disponibles en la dieta deben ser mayores.La vitamina C que incorpora Drasanvi en su formulaci&oacute;n es&nbsp; de origen vegetal. La Acerola,&nbsp; tiene una riqueza del 50% en esta vitamina.<\/p>\n<h2>Ingredientes<\/h2>\n<p>Extracto seco de Acerola<em>(Malpighia punicifolia L., 50%VitaminaC<\/em>400mg, Agente de carga<em>(D-manitol)<\/em>, Agente de carga<em>(Almid&oacute;n de ma&iacute;z)<\/em>, Aroma<em>(Aroma frutos del bosque)<\/em>, Agente de carga<em>(Sal magn&eacute;sica de &aacute;cido graso)<\/em>, Antiaglomerante<em>(Di&oacute;xido de silicio)<\/em>, Edulcorante<em>(Sucralosa)<\/em><\/p>\n<h2>Modo de uso<\/h2>\n<p>Tomar un comprimido masticable al d&iacute;a, preferiblemente con una de las principales comidas.<\/p>\n<h2>Presentaci\u00f3n<\/h2>\n<p>Envase de 60 comprimidos de 950 mg. Peso neto 57g<\/p>\n<h2>Advertencias<\/h2>\n<p>COMPLEMENTO ALIMENTICIO A BASE DE PLANTANo superar la dosis diaria expresamente recomendada; Los complementos alimenticios no deben utilizarse como sustituto de una dieta equilibrada; Mantener fuera del alcance de los ni&ntilde;os m&aacute;s peque&ntilde;os. Conservar en un lugar fresco y seco.<\/p>\n<h2>Valores nutricionales<\/h2>\n<p>por dosis diaria (1 comprimido)<\/p>\n<table>\n<tbody>\n<tr>\n<th>Ingrediente<\/th>\n<th>Porcentaje<\/th>\n<th>Cantidad<\/th>\n<\/tr>\n<tr>\n<td>Vitamina C<\/td>\n<td>250%<\/td>\n<td>200 mg<\/td>\n<\/tr>\n<\/tbody>\n<\/table>\n<p>% VRN (Valor de Referencia de Nutrientes)<\/p>\n","protected":false},"excerpt":{"rendered":"<p>La&nbsp;<strong>Vitamina C<\/strong> es una vitamina soluble en agua. Es un nutriente esencial,&nbsp; por lo que tenemos que incorporarla en la dieta.La cantidad de vitamina C necesaria para prevenir el escorbuto es de alrededor de 10 mg al d&iacute;a. Sin embargo, con el fin de mantener un sujeto saludable y prevenir afecciones cr&oacute;nicas de salud, las concentraciones disponibles en la dieta deben ser mayores.La vitamina C que incorpora Drasanvi en su formulaci&oacute;n es&nbsp; de origen vegetal. La Acerola,&nbsp; tiene una riqueza del 50% en esta vitamina.<\/p>\n<p><a id=\"boton-ficha\" href=\"https:\/\/panel.drasanvi.com\/fichas\/9\/032057131\">Ficha t\u00e9cnica<\/a><\/p>\n","protected":false},"featured_media":23407,"template":"","meta":{"inline_featured_image":false},"product_cat":[96],"product_tag":[],"class_list":["post-23405","product","type-product","status-publish","has-post-thumbnail","hentry","product_cat-defensa-invierno","pa_contiene-altramuces-no","pa_contiene-apio-no","pa_contiene-cacahuetes-no","pa_contiene-crustaceos-no","pa_contiene-frutos-secos-no","pa_contiene-huevo-no","pa_contiene-leche-no","pa_contiene-moluscos-no","pa_contiene-mostaza-no","pa_contiene-pescado-no","pa_contiene-sesamo-no","pa_contiene-soja-no","pa_producto-bio-no","pa_producto-sin-gluten-si","pa_producto-vegano-si","pa_producto-vegetariano-no"],"yoast_head":"<!-- This site is optimized with the Yoast SEO plugin v27.5 - https:\/\/yoast.com\/product\/yoast-seo-wordpress\/ -->\n<title>Vitamina C 60 Comprimidos Masticables Drasanvi - Drasanvi Per\u00fa<\/title>\n<meta name=\"robots\" content=\"index, follow, max-snippet:-1, max-image-preview:large, max-video-preview:-1\" \/>\n<link rel=\"canonical\" href=\"https:\/\/drasanvi.com\/pe\/producto\/vitamina-c-60-comprimidos-masticables-drasanvi\/\" \/>\n<meta property=\"og:locale\" content=\"es_ES\" \/>\n<meta property=\"og:type\" content=\"article\" \/>\n<meta property=\"og:title\" content=\"Vitamina C 60 Comprimidos Masticables Drasanvi - Drasanvi Per\u00fa\" \/>\n<meta property=\"og:description\" content=\"La&nbsp;Vitamina C es una vitamina soluble en agua. Es un nutriente esencial,&nbsp; por lo que tenemos que incorporarla en la dieta.La cantidad de vitamina C necesaria para prevenir el escorbuto es de alrededor de 10 mg al d&iacute;a. Sin embargo, con el fin de mantener un sujeto saludable y prevenir afecciones cr&oacute;nicas de salud, las concentraciones disponibles en la dieta deben ser mayores.La vitamina C que incorpora Drasanvi en su formulaci&oacute;n es&nbsp; de origen vegetal. La Acerola,&nbsp; tiene una riqueza del 50% en esta vitamina.Ficha t\u00e9cnica\" \/>\n<meta property=\"og:url\" content=\"https:\/\/drasanvi.com\/pe\/producto\/vitamina-c-60-comprimidos-masticables-drasanvi\/\" \/>\n<meta property=\"og:site_name\" content=\"Drasanvi Per\u00fa\" \/>\n<meta property=\"article:modified_time\" content=\"2024-11-07T23:00:07+00:00\" \/>\n<meta property=\"og:image\" content=\"https:\/\/drasanvi.com\/pe\/wp-content\/uploads\/sites\/5\/2022\/05\/032057131.png\" \/>\n\t<meta property=\"og:image:width\" content=\"1000\" \/>\n\t<meta property=\"og:image:height\" content=\"1000\" \/>\n\t<meta property=\"og:image:type\" content=\"image\/png\" \/>\n<meta name=\"twitter:card\" content=\"summary_large_image\" \/>\n<script type=\"application\/ld+json\" class=\"yoast-schema-graph\">{\"@context\":\"https:\\\/\\\/schema.org\",\"@graph\":[{\"@type\":\"WebPage\",\"@id\":\"https:\\\/\\\/drasanvi.com\\\/pe\\\/producto\\\/vitamina-c-60-comprimidos-masticables-drasanvi\\\/\",\"url\":\"https:\\\/\\\/drasanvi.com\\\/pe\\\/producto\\\/vitamina-c-60-comprimidos-masticables-drasanvi\\\/\",\"name\":\"Vitamina C 60 Comprimidos Masticables Drasanvi - Drasanvi Per\u00fa\",\"isPartOf\":{\"@id\":\"https:\\\/\\\/drasanvi.com\\\/pe\\\/#website\"},\"primaryImageOfPage\":{\"@id\":\"https:\\\/\\\/drasanvi.com\\\/pe\\\/producto\\\/vitamina-c-60-comprimidos-masticables-drasanvi\\\/#primaryimage\"},\"image\":{\"@id\":\"https:\\\/\\\/drasanvi.com\\\/pe\\\/producto\\\/vitamina-c-60-comprimidos-masticables-drasanvi\\\/#primaryimage\"},\"thumbnailUrl\":\"https:\\\/\\\/drasanvi.com\\\/pe\\\/wp-content\\\/uploads\\\/sites\\\/5\\\/2022\\\/05\\\/032057131.png\",\"datePublished\":\"2022-05-25T13:13:19+00:00\",\"dateModified\":\"2024-11-07T23:00:07+00:00\",\"breadcrumb\":{\"@id\":\"https:\\\/\\\/drasanvi.com\\\/pe\\\/producto\\\/vitamina-c-60-comprimidos-masticables-drasanvi\\\/#breadcrumb\"},\"inLanguage\":\"es\",\"potentialAction\":[{\"@type\":\"ReadAction\",\"target\":[\"https:\\\/\\\/drasanvi.com\\\/pe\\\/producto\\\/vitamina-c-60-comprimidos-masticables-drasanvi\\\/\"]}]},{\"@type\":\"ImageObject\",\"inLanguage\":\"es\",\"@id\":\"https:\\\/\\\/drasanvi.com\\\/pe\\\/producto\\\/vitamina-c-60-comprimidos-masticables-drasanvi\\\/#primaryimage\",\"url\":\"https:\\\/\\\/drasanvi.com\\\/pe\\\/wp-content\\\/uploads\\\/sites\\\/5\\\/2022\\\/05\\\/032057131.png\",\"contentUrl\":\"https:\\\/\\\/drasanvi.com\\\/pe\\\/wp-content\\\/uploads\\\/sites\\\/5\\\/2022\\\/05\\\/032057131.png\",\"width\":1000,\"height\":1000},{\"@type\":\"BreadcrumbList\",\"@id\":\"https:\\\/\\\/drasanvi.com\\\/pe\\\/producto\\\/vitamina-c-60-comprimidos-masticables-drasanvi\\\/#breadcrumb\",\"itemListElement\":[{\"@type\":\"ListItem\",\"position\":1,\"name\":\"Portada\",\"item\":\"https:\\\/\\\/drasanvi.com\\\/pe\\\/\"},{\"@type\":\"ListItem\",\"position\":2,\"name\":\"Tienda\",\"item\":\"https:\\\/\\\/drasanvi.com\\\/pe\\\/tienda\\\/\"},{\"@type\":\"ListItem\",\"position\":3,\"name\":\"Vitamina C 60 Comprimidos Masticables Drasanvi\"}]},{\"@type\":\"WebSite\",\"@id\":\"https:\\\/\\\/drasanvi.com\\\/pe\\\/#website\",\"url\":\"https:\\\/\\\/drasanvi.com\\\/pe\\\/\",\"name\":\"Drasanvi Per\u00fa\",\"description\":\"L\u00edder en complementos alimenticios y cosm\u00e9tica natural.\",\"publisher\":{\"@id\":\"https:\\\/\\\/drasanvi.com\\\/pe\\\/#organization\"},\"potentialAction\":[{\"@type\":\"SearchAction\",\"target\":{\"@type\":\"EntryPoint\",\"urlTemplate\":\"https:\\\/\\\/drasanvi.com\\\/pe\\\/?s={search_term_string}\"},\"query-input\":{\"@type\":\"PropertyValueSpecification\",\"valueRequired\":true,\"valueName\":\"search_term_string\"}}],\"inLanguage\":\"es\"},{\"@type\":\"Organization\",\"@id\":\"https:\\\/\\\/drasanvi.com\\\/pe\\\/#organization\",\"name\":\"Drasanvi\",\"url\":\"https:\\\/\\\/drasanvi.com\\\/pe\\\/\",\"logo\":{\"@type\":\"ImageObject\",\"inLanguage\":\"es\",\"@id\":\"https:\\\/\\\/drasanvi.com\\\/pe\\\/#\\\/schema\\\/logo\\\/image\\\/\",\"url\":\"https:\\\/\\\/drasanvi.com\\\/wp-content\\\/uploads\\\/sites\\\/5\\\/2021\\\/07\\\/logo-drasanvi.png\",\"contentUrl\":\"https:\\\/\\\/drasanvi.com\\\/wp-content\\\/uploads\\\/sites\\\/5\\\/2021\\\/07\\\/logo-drasanvi.png\",\"width\":900,\"height\":300,\"caption\":\"Drasanvi\"},\"image\":{\"@id\":\"https:\\\/\\\/drasanvi.com\\\/pe\\\/#\\\/schema\\\/logo\\\/image\\\/\"}}]}<\/script>\n<!-- \/ Yoast SEO plugin. -->","yoast_head_json":{"title":"Vitamina C 60 Comprimidos Masticables Drasanvi - Drasanvi Per\u00fa","robots":{"index":"index","follow":"follow","max-snippet":"max-snippet:-1","max-image-preview":"max-image-preview:large","max-video-preview":"max-video-preview:-1"},"canonical":"https:\/\/drasanvi.com\/pe\/producto\/vitamina-c-60-comprimidos-masticables-drasanvi\/","og_locale":"es_ES","og_type":"article","og_title":"Vitamina C 60 Comprimidos Masticables Drasanvi - Drasanvi Per\u00fa","og_description":"La&nbsp;Vitamina C es una vitamina soluble en agua. Es un nutriente esencial,&nbsp; por lo que tenemos que incorporarla en la dieta.La cantidad de vitamina C necesaria para prevenir el escorbuto es de alrededor de 10 mg al d&iacute;a. Sin embargo, con el fin de mantener un sujeto saludable y prevenir afecciones cr&oacute;nicas de salud, las concentraciones disponibles en la dieta deben ser mayores.La vitamina C que incorpora Drasanvi en su formulaci&oacute;n es&nbsp; de origen vegetal. La Acerola,&nbsp; tiene una riqueza del 50% en esta vitamina.Ficha t\u00e9cnica","og_url":"https:\/\/drasanvi.com\/pe\/producto\/vitamina-c-60-comprimidos-masticables-drasanvi\/","og_site_name":"Drasanvi Per\u00fa","article_modified_time":"2024-11-07T23:00:07+00:00","og_image":[{"width":1000,"height":1000,"url":"https:\/\/drasanvi.com\/pe\/wp-content\/uploads\/sites\/5\/2022\/05\/032057131.png","type":"image\/png"}],"twitter_card":"summary_large_image","schema":{"@context":"https:\/\/schema.org","@graph":[{"@type":"WebPage","@id":"https:\/\/drasanvi.com\/pe\/producto\/vitamina-c-60-comprimidos-masticables-drasanvi\/","url":"https:\/\/drasanvi.com\/pe\/producto\/vitamina-c-60-comprimidos-masticables-drasanvi\/","name":"Vitamina C 60 Comprimidos Masticables Drasanvi - Drasanvi Per\u00fa","isPartOf":{"@id":"https:\/\/drasanvi.com\/pe\/#website"},"primaryImageOfPage":{"@id":"https:\/\/drasanvi.com\/pe\/producto\/vitamina-c-60-comprimidos-masticables-drasanvi\/#primaryimage"},"image":{"@id":"https:\/\/drasanvi.com\/pe\/producto\/vitamina-c-60-comprimidos-masticables-drasanvi\/#primaryimage"},"thumbnailUrl":"https:\/\/drasanvi.com\/pe\/wp-content\/uploads\/sites\/5\/2022\/05\/032057131.png","datePublished":"2022-05-25T13:13:19+00:00","dateModified":"2024-11-07T23:00:07+00:00","breadcrumb":{"@id":"https:\/\/drasanvi.com\/pe\/producto\/vitamina-c-60-comprimidos-masticables-drasanvi\/#breadcrumb"},"inLanguage":"es","potentialAction":[{"@type":"ReadAction","target":["https:\/\/drasanvi.com\/pe\/producto\/vitamina-c-60-comprimidos-masticables-drasanvi\/"]}]},{"@type":"ImageObject","inLanguage":"es","@id":"https:\/\/drasanvi.com\/pe\/producto\/vitamina-c-60-comprimidos-masticables-drasanvi\/#primaryimage","url":"https:\/\/drasanvi.com\/pe\/wp-content\/uploads\/sites\/5\/2022\/05\/032057131.png","contentUrl":"https:\/\/drasanvi.com\/pe\/wp-content\/uploads\/sites\/5\/2022\/05\/032057131.png","width":1000,"height":1000},{"@type":"BreadcrumbList","@id":"https:\/\/drasanvi.com\/pe\/producto\/vitamina-c-60-comprimidos-masticables-drasanvi\/#breadcrumb","itemListElement":[{"@type":"ListItem","position":1,"name":"Portada","item":"https:\/\/drasanvi.com\/pe\/"},{"@type":"ListItem","position":2,"name":"Tienda","item":"https:\/\/drasanvi.com\/pe\/tienda\/"},{"@type":"ListItem","position":3,"name":"Vitamina C 60 Comprimidos Masticables Drasanvi"}]},{"@type":"WebSite","@id":"https:\/\/drasanvi.com\/pe\/#website","url":"https:\/\/drasanvi.com\/pe\/","name":"Drasanvi Per\u00fa","description":"L\u00edder en complementos alimenticios y cosm\u00e9tica natural.","publisher":{"@id":"https:\/\/drasanvi.com\/pe\/#organization"},"potentialAction":[{"@type":"SearchAction","target":{"@type":"EntryPoint","urlTemplate":"https:\/\/drasanvi.com\/pe\/?s={search_term_string}"},"query-input":{"@type":"PropertyValueSpecification","valueRequired":true,"valueName":"search_term_string"}}],"inLanguage":"es"},{"@type":"Organization","@id":"https:\/\/drasanvi.com\/pe\/#organization","name":"Drasanvi","url":"https:\/\/drasanvi.com\/pe\/","logo":{"@type":"ImageObject","inLanguage":"es","@id":"https:\/\/drasanvi.com\/pe\/#\/schema\/logo\/image\/","url":"https:\/\/drasanvi.com\/wp-content\/uploads\/sites\/5\/2021\/07\/logo-drasanvi.png","contentUrl":"https:\/\/drasanvi.com\/wp-content\/uploads\/sites\/5\/2021\/07\/logo-drasanvi.png","width":900,"height":300,"caption":"Drasanvi"},"image":{"@id":"https:\/\/drasanvi.com\/pe\/#\/schema\/logo\/image\/"}}]}},"_links":{"self":[{"href":"https:\/\/drasanvi.com\/pe\/wp-json\/wp\/v2\/product\/23405","targetHints":{"allow":["GET"]}}],"collection":[{"href":"https:\/\/drasanvi.com\/pe\/wp-json\/wp\/v2\/product"}],"about":[{"href":"https:\/\/drasanvi.com\/pe\/wp-json\/wp\/v2\/types\/product"}],"version-history":[{"count":1,"href":"https:\/\/drasanvi.com\/pe\/wp-json\/wp\/v2\/product\/23405\/revisions"}],"predecessor-version":[{"id":24288,"href":"https:\/\/drasanvi.com\/pe\/wp-json\/wp\/v2\/product\/23405\/revisions\/24288"}],"wp:featuredmedia":[{"embeddable":true,"href":"https:\/\/drasanvi.com\/pe\/wp-json\/wp\/v2\/media\/23407"}],"wp:attachment":[{"href":"https:\/\/drasanvi.com\/pe\/wp-json\/wp\/v2\/media?parent=23405"}],"wp:term":[{"taxonomy":"product_cat","embeddable":true,"href":"https:\/\/drasanvi.com\/pe\/wp-json\/wp\/v2\/product_cat?post=23405"},{"taxonomy":"product_tag","embeddable":true,"href":"https:\/\/drasanvi.com\/pe\/wp-json\/wp\/v2\/product_tag?post=23405"}],"curies":[{"name":"wp","href":"https:\/\/api.w.org\/{rel}","templated":true}]}}