{"id":23397,"date":"2022-05-25T15:13:19","date_gmt":"2022-05-25T13:13:19","guid":{"rendered":"https:\/\/drasanvi.com\/pe\/producto\/champu-biotina-y-aloe-vera-1000-ml-drasanvi\/"},"modified":"2024-11-07T01:00:06","modified_gmt":"2024-11-06T23:00:06","slug":"champu-biotina-y-aloe-vera-1000-ml-drasanvi","status":"publish","type":"product","link":"https:\/\/drasanvi.com\/pe\/producto\/champu-biotina-y-aloe-vera-1000-ml-drasanvi\/","title":{"rendered":"Champ\u00fa Biotina y Aloe Vera 1 L Drasanvi"},"content":{"rendered":"<p>Su riqueza en biotina y la sinergia de otros ingredientes le confieren al producto las siguientes propiedades:<\/p>\n<ul>\n<li>&nbsp;Nutre: aporta las sustancias que tu cuerpo necesita para crecer fuerte y sano.<\/li>\n<li>&nbsp;Protege: gracias a las prote&iacute;nas y amino&aacute;cidos que protegen el cabello contra las agresiones externas.<\/li>\n<li>Abrillanta: el poder del Aloe Vera penetra en el interior del cuero cabelludo para proporcionar un brillo inigualable.<\/li>\n<\/ul>\n<h2>Ingredientes<\/h2>\n<p>Aqua(Water), Sodium Laureth Sulfate, Glycerin, Cocamide Dea, Cocamidopropyl Betaine, Aloe Barbadensis Leaf Juice, Peg-7 Glyceryl Cocoate, Guar Hydroxypropyltrimonium Chloride, Parfum(Fragrance), Disodium Edta, Sodium Benzoate, Diazolidinyl Urea, Potassium Sorbate, Citric Acid, Hydrolyzed Silk, Polyquaternium-7, Styrene\/Acrylates Copolymer, Hydrolyzed Oat Protein, Panthenol, Arginine, Biotin, Inositol, Calcium Pantothenate, Cysteine, Methionine, Sodium Hydroxide, Phenoxyethanol, Benzyl Alcohol, Sodium Chloride, Benzyl Salicylate, Hexyl Cinnamal, Linalool<\/p>\n<h2>Modo de uso<\/h2>\n<p>Aplicar una peque&ntilde;a cantidad de champ&uacute; sobre el cuero cabelludo y masajear. Dejar actuar unos minutos y, finalmente, aclarar con abundante agua.<\/p>\n<h2>Presentaci\u00f3n<\/h2>\n<p>Envase 1000 ml&nbsp;<\/p>\n<h2>Advertencias<\/h2>\n<h2>Valores nutricionales<\/h2>\n","protected":false},"excerpt":{"rendered":"<p>Su riqueza en biotina y la sinergia de otros ingredientes le confieren al producto las siguientes propiedades:<\/p>\n<ul>\n<li>&nbsp;Nutre: aporta las sustancias que tu cuerpo necesita para crecer fuerte y sano.<\/li>\n<li>&nbsp;Protege: gracias a las prote&iacute;nas y amino&aacute;cidos que protegen el cabello contra las agresiones externas.<\/li>\n<li>Abrillanta: el poder del Aloe Vera penetra en el interior del cuero cabelludo para proporcionar un brillo inigualable.<\/li>\n<\/ul>\n<p><a id=\"boton-ficha\" href=\"https:\/\/panel.drasanvi.com\/fichas\/9\/032060753\">Ficha t\u00e9cnica<\/a><\/p>\n","protected":false},"featured_media":23262,"template":"","meta":{"inline_featured_image":false},"product_cat":[94],"product_tag":[],"class_list":["post-23397","product","type-product","status-publish","has-post-thumbnail","hentry","product_cat-cosmetica","pa_contiene-altramuces-no","pa_contiene-apio-no","pa_contiene-cacahuetes-no","pa_contiene-crustaceos-no","pa_contiene-frutos-secos-no","pa_contiene-huevo-no","pa_contiene-leche-no","pa_contiene-moluscos-no","pa_contiene-mostaza-no","pa_contiene-pescado-no","pa_contiene-sesamo-no","pa_contiene-soja-no","pa_producto-bio-no","pa_producto-sin-gluten-no","pa_producto-vegano-no","pa_producto-vegetariano-no"],"yoast_head":"<!-- This site is optimized with the Yoast SEO plugin v27.5 - https:\/\/yoast.com\/product\/yoast-seo-wordpress\/ -->\n<title>Champ\u00fa Biotina y Aloe Vera 1 L Drasanvi - Drasanvi Per\u00fa<\/title>\n<meta name=\"robots\" content=\"index, follow, max-snippet:-1, max-image-preview:large, max-video-preview:-1\" \/>\n<link rel=\"canonical\" href=\"https:\/\/drasanvi.com\/pe\/producto\/champu-biotina-y-aloe-vera-1000-ml-drasanvi\/\" \/>\n<meta property=\"og:locale\" content=\"es_ES\" \/>\n<meta property=\"og:type\" content=\"article\" \/>\n<meta property=\"og:title\" content=\"Champ\u00fa Biotina y Aloe Vera 1 L Drasanvi - Drasanvi Per\u00fa\" \/>\n<meta property=\"og:description\" content=\"Su riqueza en biotina y la sinergia de otros ingredientes le confieren al producto las siguientes propiedades:  &nbsp;Nutre: aporta las sustancias que tu cuerpo necesita para crecer fuerte y sano. &nbsp;Protege: gracias a las prote&iacute;nas y amino&aacute;cidos que protegen el cabello contra las agresiones externas. Abrillanta: el poder del Aloe Vera penetra en el interior del cuero cabelludo para proporcionar un brillo inigualable. Ficha t\u00e9cnica\" \/>\n<meta property=\"og:url\" content=\"https:\/\/drasanvi.com\/pe\/producto\/champu-biotina-y-aloe-vera-1000-ml-drasanvi\/\" \/>\n<meta property=\"og:site_name\" content=\"Drasanvi Per\u00fa\" \/>\n<meta property=\"article:modified_time\" content=\"2024-11-06T23:00:06+00:00\" \/>\n<meta property=\"og:image\" content=\"https:\/\/drasanvi.com\/pe\/wp-content\/uploads\/sites\/5\/2022\/04\/032060753.png\" \/>\n\t<meta property=\"og:image:width\" content=\"1146\" \/>\n\t<meta property=\"og:image:height\" content=\"1137\" \/>\n\t<meta property=\"og:image:type\" content=\"image\/png\" \/>\n<meta name=\"twitter:card\" content=\"summary_large_image\" \/>\n<script type=\"application\/ld+json\" class=\"yoast-schema-graph\">{\"@context\":\"https:\\\/\\\/schema.org\",\"@graph\":[{\"@type\":\"WebPage\",\"@id\":\"https:\\\/\\\/drasanvi.com\\\/pe\\\/producto\\\/champu-biotina-y-aloe-vera-1000-ml-drasanvi\\\/\",\"url\":\"https:\\\/\\\/drasanvi.com\\\/pe\\\/producto\\\/champu-biotina-y-aloe-vera-1000-ml-drasanvi\\\/\",\"name\":\"Champ\u00fa Biotina y Aloe Vera 1 L Drasanvi - Drasanvi Per\u00fa\",\"isPartOf\":{\"@id\":\"https:\\\/\\\/drasanvi.com\\\/pe\\\/#website\"},\"primaryImageOfPage\":{\"@id\":\"https:\\\/\\\/drasanvi.com\\\/pe\\\/producto\\\/champu-biotina-y-aloe-vera-1000-ml-drasanvi\\\/#primaryimage\"},\"image\":{\"@id\":\"https:\\\/\\\/drasanvi.com\\\/pe\\\/producto\\\/champu-biotina-y-aloe-vera-1000-ml-drasanvi\\\/#primaryimage\"},\"thumbnailUrl\":\"https:\\\/\\\/drasanvi.com\\\/pe\\\/wp-content\\\/uploads\\\/sites\\\/5\\\/2022\\\/04\\\/032060753.png\",\"datePublished\":\"2022-05-25T13:13:19+00:00\",\"dateModified\":\"2024-11-06T23:00:06+00:00\",\"breadcrumb\":{\"@id\":\"https:\\\/\\\/drasanvi.com\\\/pe\\\/producto\\\/champu-biotina-y-aloe-vera-1000-ml-drasanvi\\\/#breadcrumb\"},\"inLanguage\":\"es\",\"potentialAction\":[{\"@type\":\"ReadAction\",\"target\":[\"https:\\\/\\\/drasanvi.com\\\/pe\\\/producto\\\/champu-biotina-y-aloe-vera-1000-ml-drasanvi\\\/\"]}]},{\"@type\":\"ImageObject\",\"inLanguage\":\"es\",\"@id\":\"https:\\\/\\\/drasanvi.com\\\/pe\\\/producto\\\/champu-biotina-y-aloe-vera-1000-ml-drasanvi\\\/#primaryimage\",\"url\":\"https:\\\/\\\/drasanvi.com\\\/pe\\\/wp-content\\\/uploads\\\/sites\\\/5\\\/2022\\\/04\\\/032060753.png\",\"contentUrl\":\"https:\\\/\\\/drasanvi.com\\\/pe\\\/wp-content\\\/uploads\\\/sites\\\/5\\\/2022\\\/04\\\/032060753.png\",\"width\":1146,\"height\":1137},{\"@type\":\"BreadcrumbList\",\"@id\":\"https:\\\/\\\/drasanvi.com\\\/pe\\\/producto\\\/champu-biotina-y-aloe-vera-1000-ml-drasanvi\\\/#breadcrumb\",\"itemListElement\":[{\"@type\":\"ListItem\",\"position\":1,\"name\":\"Portada\",\"item\":\"https:\\\/\\\/drasanvi.com\\\/pe\\\/\"},{\"@type\":\"ListItem\",\"position\":2,\"name\":\"Tienda\",\"item\":\"https:\\\/\\\/drasanvi.com\\\/pe\\\/tienda\\\/\"},{\"@type\":\"ListItem\",\"position\":3,\"name\":\"Champ\u00fa Biotina y Aloe Vera 1 L Drasanvi\"}]},{\"@type\":\"WebSite\",\"@id\":\"https:\\\/\\\/drasanvi.com\\\/pe\\\/#website\",\"url\":\"https:\\\/\\\/drasanvi.com\\\/pe\\\/\",\"name\":\"Drasanvi Per\u00fa\",\"description\":\"L\u00edder en complementos alimenticios y cosm\u00e9tica natural.\",\"publisher\":{\"@id\":\"https:\\\/\\\/drasanvi.com\\\/pe\\\/#organization\"},\"potentialAction\":[{\"@type\":\"SearchAction\",\"target\":{\"@type\":\"EntryPoint\",\"urlTemplate\":\"https:\\\/\\\/drasanvi.com\\\/pe\\\/?s={search_term_string}\"},\"query-input\":{\"@type\":\"PropertyValueSpecification\",\"valueRequired\":true,\"valueName\":\"search_term_string\"}}],\"inLanguage\":\"es\"},{\"@type\":\"Organization\",\"@id\":\"https:\\\/\\\/drasanvi.com\\\/pe\\\/#organization\",\"name\":\"Drasanvi\",\"url\":\"https:\\\/\\\/drasanvi.com\\\/pe\\\/\",\"logo\":{\"@type\":\"ImageObject\",\"inLanguage\":\"es\",\"@id\":\"https:\\\/\\\/drasanvi.com\\\/pe\\\/#\\\/schema\\\/logo\\\/image\\\/\",\"url\":\"https:\\\/\\\/drasanvi.com\\\/wp-content\\\/uploads\\\/sites\\\/5\\\/2021\\\/07\\\/logo-drasanvi.png\",\"contentUrl\":\"https:\\\/\\\/drasanvi.com\\\/wp-content\\\/uploads\\\/sites\\\/5\\\/2021\\\/07\\\/logo-drasanvi.png\",\"width\":900,\"height\":300,\"caption\":\"Drasanvi\"},\"image\":{\"@id\":\"https:\\\/\\\/drasanvi.com\\\/pe\\\/#\\\/schema\\\/logo\\\/image\\\/\"}}]}<\/script>\n<!-- \/ Yoast SEO plugin. -->","yoast_head_json":{"title":"Champ\u00fa Biotina y Aloe Vera 1 L Drasanvi - Drasanvi Per\u00fa","robots":{"index":"index","follow":"follow","max-snippet":"max-snippet:-1","max-image-preview":"max-image-preview:large","max-video-preview":"max-video-preview:-1"},"canonical":"https:\/\/drasanvi.com\/pe\/producto\/champu-biotina-y-aloe-vera-1000-ml-drasanvi\/","og_locale":"es_ES","og_type":"article","og_title":"Champ\u00fa Biotina y Aloe Vera 1 L Drasanvi - Drasanvi Per\u00fa","og_description":"Su riqueza en biotina y la sinergia de otros ingredientes le confieren al producto las siguientes propiedades:  &nbsp;Nutre: aporta las sustancias que tu cuerpo necesita para crecer fuerte y sano. &nbsp;Protege: gracias a las prote&iacute;nas y amino&aacute;cidos que protegen el cabello contra las agresiones externas. Abrillanta: el poder del Aloe Vera penetra en el interior del cuero cabelludo para proporcionar un brillo inigualable. Ficha t\u00e9cnica","og_url":"https:\/\/drasanvi.com\/pe\/producto\/champu-biotina-y-aloe-vera-1000-ml-drasanvi\/","og_site_name":"Drasanvi Per\u00fa","article_modified_time":"2024-11-06T23:00:06+00:00","og_image":[{"width":1146,"height":1137,"url":"https:\/\/drasanvi.com\/pe\/wp-content\/uploads\/sites\/5\/2022\/04\/032060753.png","type":"image\/png"}],"twitter_card":"summary_large_image","schema":{"@context":"https:\/\/schema.org","@graph":[{"@type":"WebPage","@id":"https:\/\/drasanvi.com\/pe\/producto\/champu-biotina-y-aloe-vera-1000-ml-drasanvi\/","url":"https:\/\/drasanvi.com\/pe\/producto\/champu-biotina-y-aloe-vera-1000-ml-drasanvi\/","name":"Champ\u00fa Biotina y Aloe Vera 1 L Drasanvi - Drasanvi Per\u00fa","isPartOf":{"@id":"https:\/\/drasanvi.com\/pe\/#website"},"primaryImageOfPage":{"@id":"https:\/\/drasanvi.com\/pe\/producto\/champu-biotina-y-aloe-vera-1000-ml-drasanvi\/#primaryimage"},"image":{"@id":"https:\/\/drasanvi.com\/pe\/producto\/champu-biotina-y-aloe-vera-1000-ml-drasanvi\/#primaryimage"},"thumbnailUrl":"https:\/\/drasanvi.com\/pe\/wp-content\/uploads\/sites\/5\/2022\/04\/032060753.png","datePublished":"2022-05-25T13:13:19+00:00","dateModified":"2024-11-06T23:00:06+00:00","breadcrumb":{"@id":"https:\/\/drasanvi.com\/pe\/producto\/champu-biotina-y-aloe-vera-1000-ml-drasanvi\/#breadcrumb"},"inLanguage":"es","potentialAction":[{"@type":"ReadAction","target":["https:\/\/drasanvi.com\/pe\/producto\/champu-biotina-y-aloe-vera-1000-ml-drasanvi\/"]}]},{"@type":"ImageObject","inLanguage":"es","@id":"https:\/\/drasanvi.com\/pe\/producto\/champu-biotina-y-aloe-vera-1000-ml-drasanvi\/#primaryimage","url":"https:\/\/drasanvi.com\/pe\/wp-content\/uploads\/sites\/5\/2022\/04\/032060753.png","contentUrl":"https:\/\/drasanvi.com\/pe\/wp-content\/uploads\/sites\/5\/2022\/04\/032060753.png","width":1146,"height":1137},{"@type":"BreadcrumbList","@id":"https:\/\/drasanvi.com\/pe\/producto\/champu-biotina-y-aloe-vera-1000-ml-drasanvi\/#breadcrumb","itemListElement":[{"@type":"ListItem","position":1,"name":"Portada","item":"https:\/\/drasanvi.com\/pe\/"},{"@type":"ListItem","position":2,"name":"Tienda","item":"https:\/\/drasanvi.com\/pe\/tienda\/"},{"@type":"ListItem","position":3,"name":"Champ\u00fa Biotina y Aloe Vera 1 L Drasanvi"}]},{"@type":"WebSite","@id":"https:\/\/drasanvi.com\/pe\/#website","url":"https:\/\/drasanvi.com\/pe\/","name":"Drasanvi Per\u00fa","description":"L\u00edder en complementos alimenticios y cosm\u00e9tica natural.","publisher":{"@id":"https:\/\/drasanvi.com\/pe\/#organization"},"potentialAction":[{"@type":"SearchAction","target":{"@type":"EntryPoint","urlTemplate":"https:\/\/drasanvi.com\/pe\/?s={search_term_string}"},"query-input":{"@type":"PropertyValueSpecification","valueRequired":true,"valueName":"search_term_string"}}],"inLanguage":"es"},{"@type":"Organization","@id":"https:\/\/drasanvi.com\/pe\/#organization","name":"Drasanvi","url":"https:\/\/drasanvi.com\/pe\/","logo":{"@type":"ImageObject","inLanguage":"es","@id":"https:\/\/drasanvi.com\/pe\/#\/schema\/logo\/image\/","url":"https:\/\/drasanvi.com\/wp-content\/uploads\/sites\/5\/2021\/07\/logo-drasanvi.png","contentUrl":"https:\/\/drasanvi.com\/wp-content\/uploads\/sites\/5\/2021\/07\/logo-drasanvi.png","width":900,"height":300,"caption":"Drasanvi"},"image":{"@id":"https:\/\/drasanvi.com\/pe\/#\/schema\/logo\/image\/"}}]}},"_links":{"self":[{"href":"https:\/\/drasanvi.com\/pe\/wp-json\/wp\/v2\/product\/23397","targetHints":{"allow":["GET"]}}],"collection":[{"href":"https:\/\/drasanvi.com\/pe\/wp-json\/wp\/v2\/product"}],"about":[{"href":"https:\/\/drasanvi.com\/pe\/wp-json\/wp\/v2\/types\/product"}],"version-history":[{"count":1,"href":"https:\/\/drasanvi.com\/pe\/wp-json\/wp\/v2\/product\/23397\/revisions"}],"predecessor-version":[{"id":24210,"href":"https:\/\/drasanvi.com\/pe\/wp-json\/wp\/v2\/product\/23397\/revisions\/24210"}],"wp:featuredmedia":[{"embeddable":true,"href":"https:\/\/drasanvi.com\/pe\/wp-json\/wp\/v2\/media\/23262"}],"wp:attachment":[{"href":"https:\/\/drasanvi.com\/pe\/wp-json\/wp\/v2\/media?parent=23397"}],"wp:term":[{"taxonomy":"product_cat","embeddable":true,"href":"https:\/\/drasanvi.com\/pe\/wp-json\/wp\/v2\/product_cat?post=23397"},{"taxonomy":"product_tag","embeddable":true,"href":"https:\/\/drasanvi.com\/pe\/wp-json\/wp\/v2\/product_tag?post=23397"}],"curies":[{"name":"wp","href":"https:\/\/api.w.org\/{rel}","templated":true}]}}