{"id":23388,"date":"2022-05-25T15:13:19","date_gmt":"2022-05-25T13:13:19","guid":{"rendered":"https:\/\/drasanvi.com\/pe\/producto\/champu-rosa-mosqueta-bio-500-ml\/"},"modified":"2024-11-07T01:00:06","modified_gmt":"2024-11-06T23:00:06","slug":"champu-rosa-mosqueta-bio-500-ml","status":"publish","type":"product","link":"https:\/\/drasanvi.com\/pe\/producto\/champu-rosa-mosqueta-bio-500-ml\/","title":{"rendered":"Champ\u00fa Rosa Mosqueta Cosmos Organic Bio 500 ml Drasanvi"},"content":{"rendered":"<p>El champ&uacute; de Rosa Mosqueta de Drasanvi proporciona una reparaci&oacute;n e hidrataci&oacute;n a los cabellos m&aacute;s secos y castigados, gracias a su formulaci&oacute;n rica en Rosa Mosqueta y aceite esencial quimiotipado de Geranio.Su aroma dulce y floral nos aportar&aacute; vigor y feminidad.<strong>Indicado para cabellos secos y castigados<\/strong><strong>Regenera y repara<\/strong><\/p>\n<h2>Ingredientes<\/h2>\n<p>Aqua (Water),&nbsp;<em>Aloe barbadensis<\/em>&nbsp;Leaf Extract*, Sodium Lauryl Sulfate, Cocamidopropyl Betaine, Disodium Cocoamphodiacetate, Glycerin,&nbsp;<em>Rosa canina<\/em>&nbsp;Fruit Extract*,&nbsp;<em>Pelargonium graveolens<\/em>&nbsp;Flower Oil*, Benzyl Alcohol, Guar Hydroxypropyltrimonium Chloride, Salicylic Acid, Potassium Sorbate, Sodium Benzoate, Citric Acid, Sorbic Acid, Citronellol, Geraniol. &nbsp;<\/p>\n<h2>Modo de uso<\/h2>\n<p>Aplicar sobre el cabello h&uacute;medo y masajear. A continuaci&oacute;n, aclarar con bastante agua tibia hasta que desaparezca la espuma. Repetir la operaci&oacute;n si fuese necesario.<\/p>\n<h2>Presentaci\u00f3n<\/h2>\n<p>Envase de 500 ml (16,9 fl oz)<\/p>\n<h2>Advertencias<\/h2>\n<p>Uso t&oacute;pico.Producto destinado exclusivamente a la higiene.<\/p>\n<h2>Valores nutricionales<\/h2>\n","protected":false},"excerpt":{"rendered":"<p>El champ&uacute; de Rosa Mosqueta de Drasanvi proporciona una reparaci&oacute;n e hidrataci&oacute;n a los cabellos m&aacute;s secos y castigados, gracias a su formulaci&oacute;n rica en Rosa Mosqueta y aceite esencial quimiotipado de Geranio.Su aroma dulce y floral nos aportar&aacute; vigor y feminidad.<strong>Indicado para cabellos secos y castigados<\/strong><strong>Regenera y repara<\/strong><\/p>\n<p><a id=\"boton-ficha\" href=\"https:\/\/panel.drasanvi.com\/fichas\/9\/032060765\">Ficha t\u00e9cnica<\/a><\/p>\n","protected":false},"featured_media":23259,"template":"","meta":{"inline_featured_image":false},"product_cat":[94],"product_tag":[],"class_list":["post-23388","product","type-product","status-publish","has-post-thumbnail","hentry","product_cat-cosmetica","pa_contiene-altramuces-no","pa_contiene-apio-no","pa_contiene-cacahuetes-no","pa_contiene-crustaceos-no","pa_contiene-frutos-secos-no","pa_contiene-huevo-no","pa_contiene-leche-no","pa_contiene-moluscos-no","pa_contiene-mostaza-no","pa_contiene-pescado-no","pa_contiene-sesamo-no","pa_contiene-soja-no","pa_producto-bio-si","pa_producto-sin-gluten-si","pa_producto-vegano-si","pa_producto-vegetariano-no"],"yoast_head":"<!-- This site is optimized with the Yoast SEO plugin v27.4 - https:\/\/yoast.com\/product\/yoast-seo-wordpress\/ -->\n<title>Champ\u00fa Rosa Mosqueta Cosmos Organic Bio 500 ml Drasanvi - Drasanvi Per\u00fa<\/title>\n<meta name=\"robots\" content=\"index, follow, max-snippet:-1, max-image-preview:large, max-video-preview:-1\" \/>\n<link rel=\"canonical\" href=\"https:\/\/drasanvi.com\/pe\/producto\/champu-rosa-mosqueta-bio-500-ml\/\" \/>\n<meta property=\"og:locale\" content=\"es_ES\" \/>\n<meta property=\"og:type\" content=\"article\" \/>\n<meta property=\"og:title\" content=\"Champ\u00fa Rosa Mosqueta Cosmos Organic Bio 500 ml Drasanvi - Drasanvi Per\u00fa\" \/>\n<meta property=\"og:description\" content=\"El champ&uacute; de Rosa Mosqueta de Drasanvi proporciona una reparaci&oacute;n e hidrataci&oacute;n a los cabellos m&aacute;s secos y castigados, gracias a su formulaci&oacute;n rica en Rosa Mosqueta y aceite esencial quimiotipado de Geranio.Su aroma dulce y floral nos aportar&aacute; vigor y feminidad.Indicado para cabellos secos y castigadosRegenera y reparaFicha t\u00e9cnica\" \/>\n<meta property=\"og:url\" content=\"https:\/\/drasanvi.com\/pe\/producto\/champu-rosa-mosqueta-bio-500-ml\/\" \/>\n<meta property=\"og:site_name\" content=\"Drasanvi Per\u00fa\" \/>\n<meta property=\"article:modified_time\" content=\"2024-11-06T23:00:06+00:00\" \/>\n<meta property=\"og:image\" content=\"https:\/\/drasanvi.com\/pe\/wp-content\/uploads\/sites\/5\/2022\/04\/032060765.png\" \/>\n\t<meta property=\"og:image:width\" content=\"1000\" \/>\n\t<meta property=\"og:image:height\" content=\"1000\" \/>\n\t<meta property=\"og:image:type\" content=\"image\/png\" \/>\n<meta name=\"twitter:card\" content=\"summary_large_image\" \/>\n<script type=\"application\/ld+json\" class=\"yoast-schema-graph\">{\"@context\":\"https:\\\/\\\/schema.org\",\"@graph\":[{\"@type\":\"WebPage\",\"@id\":\"https:\\\/\\\/drasanvi.com\\\/pe\\\/producto\\\/champu-rosa-mosqueta-bio-500-ml\\\/\",\"url\":\"https:\\\/\\\/drasanvi.com\\\/pe\\\/producto\\\/champu-rosa-mosqueta-bio-500-ml\\\/\",\"name\":\"Champ\u00fa Rosa Mosqueta Cosmos Organic Bio 500 ml Drasanvi - Drasanvi Per\u00fa\",\"isPartOf\":{\"@id\":\"https:\\\/\\\/drasanvi.com\\\/pe\\\/#website\"},\"primaryImageOfPage\":{\"@id\":\"https:\\\/\\\/drasanvi.com\\\/pe\\\/producto\\\/champu-rosa-mosqueta-bio-500-ml\\\/#primaryimage\"},\"image\":{\"@id\":\"https:\\\/\\\/drasanvi.com\\\/pe\\\/producto\\\/champu-rosa-mosqueta-bio-500-ml\\\/#primaryimage\"},\"thumbnailUrl\":\"https:\\\/\\\/drasanvi.com\\\/pe\\\/wp-content\\\/uploads\\\/sites\\\/5\\\/2022\\\/04\\\/032060765.png\",\"datePublished\":\"2022-05-25T13:13:19+00:00\",\"dateModified\":\"2024-11-06T23:00:06+00:00\",\"breadcrumb\":{\"@id\":\"https:\\\/\\\/drasanvi.com\\\/pe\\\/producto\\\/champu-rosa-mosqueta-bio-500-ml\\\/#breadcrumb\"},\"inLanguage\":\"es\",\"potentialAction\":[{\"@type\":\"ReadAction\",\"target\":[\"https:\\\/\\\/drasanvi.com\\\/pe\\\/producto\\\/champu-rosa-mosqueta-bio-500-ml\\\/\"]}]},{\"@type\":\"ImageObject\",\"inLanguage\":\"es\",\"@id\":\"https:\\\/\\\/drasanvi.com\\\/pe\\\/producto\\\/champu-rosa-mosqueta-bio-500-ml\\\/#primaryimage\",\"url\":\"https:\\\/\\\/drasanvi.com\\\/pe\\\/wp-content\\\/uploads\\\/sites\\\/5\\\/2022\\\/04\\\/032060765.png\",\"contentUrl\":\"https:\\\/\\\/drasanvi.com\\\/pe\\\/wp-content\\\/uploads\\\/sites\\\/5\\\/2022\\\/04\\\/032060765.png\",\"width\":1000,\"height\":1000},{\"@type\":\"BreadcrumbList\",\"@id\":\"https:\\\/\\\/drasanvi.com\\\/pe\\\/producto\\\/champu-rosa-mosqueta-bio-500-ml\\\/#breadcrumb\",\"itemListElement\":[{\"@type\":\"ListItem\",\"position\":1,\"name\":\"Portada\",\"item\":\"https:\\\/\\\/drasanvi.com\\\/pe\\\/\"},{\"@type\":\"ListItem\",\"position\":2,\"name\":\"Tienda\",\"item\":\"https:\\\/\\\/drasanvi.com\\\/pe\\\/tienda\\\/\"},{\"@type\":\"ListItem\",\"position\":3,\"name\":\"Champ\u00fa Rosa Mosqueta Cosmos Organic Bio 500 ml Drasanvi\"}]},{\"@type\":\"WebSite\",\"@id\":\"https:\\\/\\\/drasanvi.com\\\/pe\\\/#website\",\"url\":\"https:\\\/\\\/drasanvi.com\\\/pe\\\/\",\"name\":\"Drasanvi Per\u00fa\",\"description\":\"L\u00edder en complementos alimenticios y cosm\u00e9tica natural.\",\"publisher\":{\"@id\":\"https:\\\/\\\/drasanvi.com\\\/pe\\\/#organization\"},\"potentialAction\":[{\"@type\":\"SearchAction\",\"target\":{\"@type\":\"EntryPoint\",\"urlTemplate\":\"https:\\\/\\\/drasanvi.com\\\/pe\\\/?s={search_term_string}\"},\"query-input\":{\"@type\":\"PropertyValueSpecification\",\"valueRequired\":true,\"valueName\":\"search_term_string\"}}],\"inLanguage\":\"es\"},{\"@type\":\"Organization\",\"@id\":\"https:\\\/\\\/drasanvi.com\\\/pe\\\/#organization\",\"name\":\"Drasanvi\",\"url\":\"https:\\\/\\\/drasanvi.com\\\/pe\\\/\",\"logo\":{\"@type\":\"ImageObject\",\"inLanguage\":\"es\",\"@id\":\"https:\\\/\\\/drasanvi.com\\\/pe\\\/#\\\/schema\\\/logo\\\/image\\\/\",\"url\":\"https:\\\/\\\/drasanvi.com\\\/wp-content\\\/uploads\\\/sites\\\/5\\\/2021\\\/07\\\/logo-drasanvi.png\",\"contentUrl\":\"https:\\\/\\\/drasanvi.com\\\/wp-content\\\/uploads\\\/sites\\\/5\\\/2021\\\/07\\\/logo-drasanvi.png\",\"width\":900,\"height\":300,\"caption\":\"Drasanvi\"},\"image\":{\"@id\":\"https:\\\/\\\/drasanvi.com\\\/pe\\\/#\\\/schema\\\/logo\\\/image\\\/\"}}]}<\/script>\n<!-- \/ Yoast SEO plugin. -->","yoast_head_json":{"title":"Champ\u00fa Rosa Mosqueta Cosmos Organic Bio 500 ml Drasanvi - Drasanvi Per\u00fa","robots":{"index":"index","follow":"follow","max-snippet":"max-snippet:-1","max-image-preview":"max-image-preview:large","max-video-preview":"max-video-preview:-1"},"canonical":"https:\/\/drasanvi.com\/pe\/producto\/champu-rosa-mosqueta-bio-500-ml\/","og_locale":"es_ES","og_type":"article","og_title":"Champ\u00fa Rosa Mosqueta Cosmos Organic Bio 500 ml Drasanvi - Drasanvi Per\u00fa","og_description":"El champ&uacute; de Rosa Mosqueta de Drasanvi proporciona una reparaci&oacute;n e hidrataci&oacute;n a los cabellos m&aacute;s secos y castigados, gracias a su formulaci&oacute;n rica en Rosa Mosqueta y aceite esencial quimiotipado de Geranio.Su aroma dulce y floral nos aportar&aacute; vigor y feminidad.Indicado para cabellos secos y castigadosRegenera y reparaFicha t\u00e9cnica","og_url":"https:\/\/drasanvi.com\/pe\/producto\/champu-rosa-mosqueta-bio-500-ml\/","og_site_name":"Drasanvi Per\u00fa","article_modified_time":"2024-11-06T23:00:06+00:00","og_image":[{"width":1000,"height":1000,"url":"https:\/\/drasanvi.com\/pe\/wp-content\/uploads\/sites\/5\/2022\/04\/032060765.png","type":"image\/png"}],"twitter_card":"summary_large_image","schema":{"@context":"https:\/\/schema.org","@graph":[{"@type":"WebPage","@id":"https:\/\/drasanvi.com\/pe\/producto\/champu-rosa-mosqueta-bio-500-ml\/","url":"https:\/\/drasanvi.com\/pe\/producto\/champu-rosa-mosqueta-bio-500-ml\/","name":"Champ\u00fa Rosa Mosqueta Cosmos Organic Bio 500 ml Drasanvi - Drasanvi Per\u00fa","isPartOf":{"@id":"https:\/\/drasanvi.com\/pe\/#website"},"primaryImageOfPage":{"@id":"https:\/\/drasanvi.com\/pe\/producto\/champu-rosa-mosqueta-bio-500-ml\/#primaryimage"},"image":{"@id":"https:\/\/drasanvi.com\/pe\/producto\/champu-rosa-mosqueta-bio-500-ml\/#primaryimage"},"thumbnailUrl":"https:\/\/drasanvi.com\/pe\/wp-content\/uploads\/sites\/5\/2022\/04\/032060765.png","datePublished":"2022-05-25T13:13:19+00:00","dateModified":"2024-11-06T23:00:06+00:00","breadcrumb":{"@id":"https:\/\/drasanvi.com\/pe\/producto\/champu-rosa-mosqueta-bio-500-ml\/#breadcrumb"},"inLanguage":"es","potentialAction":[{"@type":"ReadAction","target":["https:\/\/drasanvi.com\/pe\/producto\/champu-rosa-mosqueta-bio-500-ml\/"]}]},{"@type":"ImageObject","inLanguage":"es","@id":"https:\/\/drasanvi.com\/pe\/producto\/champu-rosa-mosqueta-bio-500-ml\/#primaryimage","url":"https:\/\/drasanvi.com\/pe\/wp-content\/uploads\/sites\/5\/2022\/04\/032060765.png","contentUrl":"https:\/\/drasanvi.com\/pe\/wp-content\/uploads\/sites\/5\/2022\/04\/032060765.png","width":1000,"height":1000},{"@type":"BreadcrumbList","@id":"https:\/\/drasanvi.com\/pe\/producto\/champu-rosa-mosqueta-bio-500-ml\/#breadcrumb","itemListElement":[{"@type":"ListItem","position":1,"name":"Portada","item":"https:\/\/drasanvi.com\/pe\/"},{"@type":"ListItem","position":2,"name":"Tienda","item":"https:\/\/drasanvi.com\/pe\/tienda\/"},{"@type":"ListItem","position":3,"name":"Champ\u00fa Rosa Mosqueta Cosmos Organic Bio 500 ml Drasanvi"}]},{"@type":"WebSite","@id":"https:\/\/drasanvi.com\/pe\/#website","url":"https:\/\/drasanvi.com\/pe\/","name":"Drasanvi Per\u00fa","description":"L\u00edder en complementos alimenticios y cosm\u00e9tica natural.","publisher":{"@id":"https:\/\/drasanvi.com\/pe\/#organization"},"potentialAction":[{"@type":"SearchAction","target":{"@type":"EntryPoint","urlTemplate":"https:\/\/drasanvi.com\/pe\/?s={search_term_string}"},"query-input":{"@type":"PropertyValueSpecification","valueRequired":true,"valueName":"search_term_string"}}],"inLanguage":"es"},{"@type":"Organization","@id":"https:\/\/drasanvi.com\/pe\/#organization","name":"Drasanvi","url":"https:\/\/drasanvi.com\/pe\/","logo":{"@type":"ImageObject","inLanguage":"es","@id":"https:\/\/drasanvi.com\/pe\/#\/schema\/logo\/image\/","url":"https:\/\/drasanvi.com\/wp-content\/uploads\/sites\/5\/2021\/07\/logo-drasanvi.png","contentUrl":"https:\/\/drasanvi.com\/wp-content\/uploads\/sites\/5\/2021\/07\/logo-drasanvi.png","width":900,"height":300,"caption":"Drasanvi"},"image":{"@id":"https:\/\/drasanvi.com\/pe\/#\/schema\/logo\/image\/"}}]}},"_links":{"self":[{"href":"https:\/\/drasanvi.com\/pe\/wp-json\/wp\/v2\/product\/23388","targetHints":{"allow":["GET"]}}],"collection":[{"href":"https:\/\/drasanvi.com\/pe\/wp-json\/wp\/v2\/product"}],"about":[{"href":"https:\/\/drasanvi.com\/pe\/wp-json\/wp\/v2\/types\/product"}],"version-history":[{"count":1,"href":"https:\/\/drasanvi.com\/pe\/wp-json\/wp\/v2\/product\/23388\/revisions"}],"predecessor-version":[{"id":24219,"href":"https:\/\/drasanvi.com\/pe\/wp-json\/wp\/v2\/product\/23388\/revisions\/24219"}],"wp:featuredmedia":[{"embeddable":true,"href":"https:\/\/drasanvi.com\/pe\/wp-json\/wp\/v2\/media\/23259"}],"wp:attachment":[{"href":"https:\/\/drasanvi.com\/pe\/wp-json\/wp\/v2\/media?parent=23388"}],"wp:term":[{"taxonomy":"product_cat","embeddable":true,"href":"https:\/\/drasanvi.com\/pe\/wp-json\/wp\/v2\/product_cat?post=23388"},{"taxonomy":"product_tag","embeddable":true,"href":"https:\/\/drasanvi.com\/pe\/wp-json\/wp\/v2\/product_tag?post=23388"}],"curies":[{"name":"wp","href":"https:\/\/api.w.org\/{rel}","templated":true}]}}