{"id":23384,"date":"2022-05-25T15:13:19","date_gmt":"2022-05-25T13:13:19","guid":{"rendered":"https:\/\/drasanvi.com\/pe\/producto\/ynergy-energia-inmediata\/"},"modified":"2024-11-08T01:00:07","modified_gmt":"2024-11-07T23:00:07","slug":"ynergy-energia-inmediata","status":"publish","type":"product","link":"https:\/\/drasanvi.com\/pe\/producto\/ynergy-energia-inmediata\/","title":{"rendered":"Ynergy Energ\u00eda Inmediata 20&#215;45 ml Viales Drasanvi"},"content":{"rendered":"<p>Disminuye el cansancio y la fatiga. Ynergy energ&iacute;a Inmediata es un complejo multivitam&iacute;nico de nueva generaci&oacute;n que incorpora vitaminas y minerales relacionados con la energ&iacute;a, as&iacute; como la mezcla de plantas como la Maca, el Ginseng y el Guaran&aacute;. Ynergy&nbsp;Energ&iacute;a Inmediata est&aacute; indicado para disminuir la fatiga y evitar el cansancio. Gracias a su c&oacute;modo envase, Ynergy&nbsp;Energ&iacute;a Inmediata, puede transportarse donde quiera. De esta manera, podremos consumirlo cuando nos encontremos con falta de energ&iacute;a.<\/p>\n<h2>Ingredientes<\/h2>\n<p>Agua desmineralizada<em>&nbsp;<\/em>, Fructooligosacaridos<em>&nbsp;<\/em>500mg, Concentrado uva roja<em>&nbsp;<\/em>, Extracto seco de Guaran&aacute;<em>(Paullina cupana kunth ex Humb Bonpl. Et. Kunth, cafe&iacute;na 20%)<\/em>150mg, Maca<em>(Lepidium peruvianum Chacon.)<\/em>150mg, L-Taurina<em>&nbsp;<\/em>150mg, Vitamina C<em>(&Aacute;cido asc&oacute;rbico)<\/em>80mg, Gluconato de Zinc<em>(Zinc 14,3%)<\/em>70mg, Extracto seco de Gingseng<em>(Panax gingseng C.A. Meyer, Gingseng 20%)<\/em>50mg, Conservador<em>(Sorbato pot&aacute;sico)<\/em>, (Vitamina B3)<em>(Nicotinamida)<\/em>16mg, Edulcorante<em>(Sucralosa)<\/em>, Vitamina B12<em>(Cianocobalamida 0,1%)<\/em>2,5mg, Vitamima B6<em>(Piridoxina Clorhidrato)<\/em>1,4mg, Vitamina B2<em>(Rivoflavina)<\/em>1,4mg, Vitamina B1<em>(Clorhidrato de Tiamina)<\/em>1,1mg<\/p>\n<h2>Modo de uso<\/h2>\n<p>Agitar antes de usar. Tomar un vial en caso de fatiga repentina. Se puede tomar directamente o diluido en un vaso de leche, agua o zumo de frutas. Se recomienda consumir en caso de fatiga o cansancio puntual.<\/p>\n<h2>Presentaci\u00f3n<\/h2>\n<p>Envase de 20 viales de 15 ml. Peso total: 300 ml (10.5 fl oz).<\/p>\n<h2>Advertencias<\/h2>\n<p>Contiene cafe&iacute;na (30 mg \/ dosis diaria), no se aconseja su uso en ni&ntilde;os, embarazadas o en per&iacute;odo de lactancia. Contiene edulcorante.No superar la dosis diaria expresamente recomendada; Los complementos alimenticios no deben utilizarse como sustituto de una dieta equilibrada; Mantener fuera del alcance de los ni&ntilde;os m&aacute;s peque&ntilde;os. Conservar en un lugar fresco y seco.<\/p>\n<h2>Valores nutricionales<\/h2>\n<p>por dosis diaria (15 ml)<\/p>\n<table>\n<tbody>\n<tr>\n<td>Ingredientes<\/td>\n<td>Porcentaje<\/td>\n<td>Cantidad<\/td>\n<\/tr>\n<tr>\n<td>Zinc<\/td>\n<td>100%<\/td>\n<td>10 mg<\/td>\n<\/tr>\n<tr>\n<td>Vitamina C<\/td>\n<td>100%<\/td>\n<td>80 mg<\/td>\n<\/tr>\n<tr>\n<td>Vitamina B3<\/td>\n<td>100%<\/td>\n<td>16 mg<\/td>\n<\/tr>\n<tr>\n<td>Vitamina B6<\/td>\n<td>100%<\/td>\n<td>1,4 mg<\/td>\n<\/tr>\n<tr>\n<td>Vitamina B2<\/td>\n<td>100%<\/td>\n<td>1,4 mg<\/td>\n<\/tr>\n<tr>\n<td>Vitamina B1<\/td>\n<td>100%<\/td>\n<td>1,1 mg<\/td>\n<\/tr>\n<tr>\n<td>Vitamina B12<\/td>\n<td>100%<\/td>\n<td>2,5 &micro;g<\/td>\n<\/tr>\n<\/tbody>\n<\/table>\n<p>%VRN (Valores Recomendados de Nutrientes)<\/p>\n","protected":false},"excerpt":{"rendered":"<p>Disminuye el cansancio y la fatiga. Ynergy energ&iacute;a Inmediata es un complejo multivitam&iacute;nico de nueva generaci&oacute;n que incorpora vitaminas y minerales relacionados con la energ&iacute;a, as&iacute; como la mezcla de plantas como la Maca, el Ginseng y el Guaran&aacute;. Ynergy&nbsp;Energ&iacute;a Inmediata est&aacute; indicado para disminuir la fatiga y evitar el cansancio. Gracias a su c&oacute;modo envase, Ynergy&nbsp;Energ&iacute;a Inmediata, puede transportarse donde quiera. De esta manera, podremos consumirlo cuando nos encontremos con falta de energ&iacute;a.<\/p>\n<p><a id=\"boton-ficha\" href=\"https:\/\/panel.drasanvi.com\/fichas\/9\/032057033\">Ficha t\u00e9cnica<\/a><\/p>\n","protected":false},"featured_media":23247,"template":"","meta":{"inline_featured_image":false},"product_cat":[99],"product_tag":[],"class_list":["post-23384","product","type-product","status-publish","has-post-thumbnail","hentry","product_cat-energia-vitalidad","pa_contiene-altramuces-no","pa_contiene-apio-no","pa_contiene-cacahuetes-no","pa_contiene-crustaceos-no","pa_contiene-frutos-secos-no","pa_contiene-huevo-no","pa_contiene-leche-no","pa_contiene-moluscos-no","pa_contiene-mostaza-no","pa_contiene-pescado-no","pa_contiene-sesamo-no","pa_contiene-soja-no","pa_producto-bio-no","pa_producto-sin-gluten-si","pa_producto-vegano-si","pa_producto-vegetariano-no"],"yoast_head":"<!-- This site is optimized with the Yoast SEO plugin v27.5 - https:\/\/yoast.com\/product\/yoast-seo-wordpress\/ -->\n<title>Ynergy Energ\u00eda Inmediata 20x45 ml Viales Drasanvi - Drasanvi Per\u00fa<\/title>\n<meta name=\"robots\" content=\"index, follow, max-snippet:-1, max-image-preview:large, max-video-preview:-1\" \/>\n<link rel=\"canonical\" href=\"https:\/\/drasanvi.com\/pe\/producto\/ynergy-energia-inmediata\/\" \/>\n<meta property=\"og:locale\" content=\"es_ES\" \/>\n<meta property=\"og:type\" content=\"article\" \/>\n<meta property=\"og:title\" content=\"Ynergy Energ\u00eda Inmediata 20x45 ml Viales Drasanvi - Drasanvi Per\u00fa\" \/>\n<meta property=\"og:description\" content=\"Disminuye el cansancio y la fatiga. Ynergy energ&iacute;a Inmediata es un complejo multivitam&iacute;nico de nueva generaci&oacute;n que incorpora vitaminas y minerales relacionados con la energ&iacute;a, as&iacute; como la mezcla de plantas como la Maca, el Ginseng y el Guaran&aacute;. Ynergy&nbsp;Energ&iacute;a Inmediata est&aacute; indicado para disminuir la fatiga y evitar el cansancio. Gracias a su c&oacute;modo envase, Ynergy&nbsp;Energ&iacute;a Inmediata, puede transportarse donde quiera. De esta manera, podremos consumirlo cuando nos encontremos con falta de energ&iacute;a.Ficha t\u00e9cnica\" \/>\n<meta property=\"og:url\" content=\"https:\/\/drasanvi.com\/pe\/producto\/ynergy-energia-inmediata\/\" \/>\n<meta property=\"og:site_name\" content=\"Drasanvi Per\u00fa\" \/>\n<meta property=\"article:modified_time\" content=\"2024-11-07T23:00:07+00:00\" \/>\n<meta property=\"og:image\" content=\"https:\/\/drasanvi.com\/pe\/wp-content\/uploads\/sites\/5\/2022\/04\/032057033.png\" \/>\n\t<meta property=\"og:image:width\" content=\"1000\" \/>\n\t<meta property=\"og:image:height\" content=\"1000\" \/>\n\t<meta property=\"og:image:type\" content=\"image\/png\" \/>\n<meta name=\"twitter:card\" content=\"summary_large_image\" \/>\n<script type=\"application\/ld+json\" class=\"yoast-schema-graph\">{\"@context\":\"https:\\\/\\\/schema.org\",\"@graph\":[{\"@type\":\"WebPage\",\"@id\":\"https:\\\/\\\/drasanvi.com\\\/pe\\\/producto\\\/ynergy-energia-inmediata\\\/\",\"url\":\"https:\\\/\\\/drasanvi.com\\\/pe\\\/producto\\\/ynergy-energia-inmediata\\\/\",\"name\":\"Ynergy Energ\u00eda Inmediata 20x45 ml Viales Drasanvi - Drasanvi Per\u00fa\",\"isPartOf\":{\"@id\":\"https:\\\/\\\/drasanvi.com\\\/pe\\\/#website\"},\"primaryImageOfPage\":{\"@id\":\"https:\\\/\\\/drasanvi.com\\\/pe\\\/producto\\\/ynergy-energia-inmediata\\\/#primaryimage\"},\"image\":{\"@id\":\"https:\\\/\\\/drasanvi.com\\\/pe\\\/producto\\\/ynergy-energia-inmediata\\\/#primaryimage\"},\"thumbnailUrl\":\"https:\\\/\\\/drasanvi.com\\\/pe\\\/wp-content\\\/uploads\\\/sites\\\/5\\\/2022\\\/04\\\/032057033.png\",\"datePublished\":\"2022-05-25T13:13:19+00:00\",\"dateModified\":\"2024-11-07T23:00:07+00:00\",\"breadcrumb\":{\"@id\":\"https:\\\/\\\/drasanvi.com\\\/pe\\\/producto\\\/ynergy-energia-inmediata\\\/#breadcrumb\"},\"inLanguage\":\"es\",\"potentialAction\":[{\"@type\":\"ReadAction\",\"target\":[\"https:\\\/\\\/drasanvi.com\\\/pe\\\/producto\\\/ynergy-energia-inmediata\\\/\"]}]},{\"@type\":\"ImageObject\",\"inLanguage\":\"es\",\"@id\":\"https:\\\/\\\/drasanvi.com\\\/pe\\\/producto\\\/ynergy-energia-inmediata\\\/#primaryimage\",\"url\":\"https:\\\/\\\/drasanvi.com\\\/pe\\\/wp-content\\\/uploads\\\/sites\\\/5\\\/2022\\\/04\\\/032057033.png\",\"contentUrl\":\"https:\\\/\\\/drasanvi.com\\\/pe\\\/wp-content\\\/uploads\\\/sites\\\/5\\\/2022\\\/04\\\/032057033.png\",\"width\":1000,\"height\":1000},{\"@type\":\"BreadcrumbList\",\"@id\":\"https:\\\/\\\/drasanvi.com\\\/pe\\\/producto\\\/ynergy-energia-inmediata\\\/#breadcrumb\",\"itemListElement\":[{\"@type\":\"ListItem\",\"position\":1,\"name\":\"Portada\",\"item\":\"https:\\\/\\\/drasanvi.com\\\/pe\\\/\"},{\"@type\":\"ListItem\",\"position\":2,\"name\":\"Tienda\",\"item\":\"https:\\\/\\\/drasanvi.com\\\/pe\\\/tienda\\\/\"},{\"@type\":\"ListItem\",\"position\":3,\"name\":\"Ynergy Energ\u00eda Inmediata 20&#215;45 ml Viales Drasanvi\"}]},{\"@type\":\"WebSite\",\"@id\":\"https:\\\/\\\/drasanvi.com\\\/pe\\\/#website\",\"url\":\"https:\\\/\\\/drasanvi.com\\\/pe\\\/\",\"name\":\"Drasanvi Per\u00fa\",\"description\":\"L\u00edder en complementos alimenticios y cosm\u00e9tica natural.\",\"publisher\":{\"@id\":\"https:\\\/\\\/drasanvi.com\\\/pe\\\/#organization\"},\"potentialAction\":[{\"@type\":\"SearchAction\",\"target\":{\"@type\":\"EntryPoint\",\"urlTemplate\":\"https:\\\/\\\/drasanvi.com\\\/pe\\\/?s={search_term_string}\"},\"query-input\":{\"@type\":\"PropertyValueSpecification\",\"valueRequired\":true,\"valueName\":\"search_term_string\"}}],\"inLanguage\":\"es\"},{\"@type\":\"Organization\",\"@id\":\"https:\\\/\\\/drasanvi.com\\\/pe\\\/#organization\",\"name\":\"Drasanvi\",\"url\":\"https:\\\/\\\/drasanvi.com\\\/pe\\\/\",\"logo\":{\"@type\":\"ImageObject\",\"inLanguage\":\"es\",\"@id\":\"https:\\\/\\\/drasanvi.com\\\/pe\\\/#\\\/schema\\\/logo\\\/image\\\/\",\"url\":\"https:\\\/\\\/drasanvi.com\\\/wp-content\\\/uploads\\\/sites\\\/5\\\/2021\\\/07\\\/logo-drasanvi.png\",\"contentUrl\":\"https:\\\/\\\/drasanvi.com\\\/wp-content\\\/uploads\\\/sites\\\/5\\\/2021\\\/07\\\/logo-drasanvi.png\",\"width\":900,\"height\":300,\"caption\":\"Drasanvi\"},\"image\":{\"@id\":\"https:\\\/\\\/drasanvi.com\\\/pe\\\/#\\\/schema\\\/logo\\\/image\\\/\"}}]}<\/script>\n<!-- \/ Yoast SEO plugin. -->","yoast_head_json":{"title":"Ynergy Energ\u00eda Inmediata 20x45 ml Viales Drasanvi - Drasanvi Per\u00fa","robots":{"index":"index","follow":"follow","max-snippet":"max-snippet:-1","max-image-preview":"max-image-preview:large","max-video-preview":"max-video-preview:-1"},"canonical":"https:\/\/drasanvi.com\/pe\/producto\/ynergy-energia-inmediata\/","og_locale":"es_ES","og_type":"article","og_title":"Ynergy Energ\u00eda Inmediata 20x45 ml Viales Drasanvi - Drasanvi Per\u00fa","og_description":"Disminuye el cansancio y la fatiga. Ynergy energ&iacute;a Inmediata es un complejo multivitam&iacute;nico de nueva generaci&oacute;n que incorpora vitaminas y minerales relacionados con la energ&iacute;a, as&iacute; como la mezcla de plantas como la Maca, el Ginseng y el Guaran&aacute;. Ynergy&nbsp;Energ&iacute;a Inmediata est&aacute; indicado para disminuir la fatiga y evitar el cansancio. Gracias a su c&oacute;modo envase, Ynergy&nbsp;Energ&iacute;a Inmediata, puede transportarse donde quiera. De esta manera, podremos consumirlo cuando nos encontremos con falta de energ&iacute;a.Ficha t\u00e9cnica","og_url":"https:\/\/drasanvi.com\/pe\/producto\/ynergy-energia-inmediata\/","og_site_name":"Drasanvi Per\u00fa","article_modified_time":"2024-11-07T23:00:07+00:00","og_image":[{"width":1000,"height":1000,"url":"https:\/\/drasanvi.com\/pe\/wp-content\/uploads\/sites\/5\/2022\/04\/032057033.png","type":"image\/png"}],"twitter_card":"summary_large_image","schema":{"@context":"https:\/\/schema.org","@graph":[{"@type":"WebPage","@id":"https:\/\/drasanvi.com\/pe\/producto\/ynergy-energia-inmediata\/","url":"https:\/\/drasanvi.com\/pe\/producto\/ynergy-energia-inmediata\/","name":"Ynergy Energ\u00eda Inmediata 20x45 ml Viales Drasanvi - Drasanvi Per\u00fa","isPartOf":{"@id":"https:\/\/drasanvi.com\/pe\/#website"},"primaryImageOfPage":{"@id":"https:\/\/drasanvi.com\/pe\/producto\/ynergy-energia-inmediata\/#primaryimage"},"image":{"@id":"https:\/\/drasanvi.com\/pe\/producto\/ynergy-energia-inmediata\/#primaryimage"},"thumbnailUrl":"https:\/\/drasanvi.com\/pe\/wp-content\/uploads\/sites\/5\/2022\/04\/032057033.png","datePublished":"2022-05-25T13:13:19+00:00","dateModified":"2024-11-07T23:00:07+00:00","breadcrumb":{"@id":"https:\/\/drasanvi.com\/pe\/producto\/ynergy-energia-inmediata\/#breadcrumb"},"inLanguage":"es","potentialAction":[{"@type":"ReadAction","target":["https:\/\/drasanvi.com\/pe\/producto\/ynergy-energia-inmediata\/"]}]},{"@type":"ImageObject","inLanguage":"es","@id":"https:\/\/drasanvi.com\/pe\/producto\/ynergy-energia-inmediata\/#primaryimage","url":"https:\/\/drasanvi.com\/pe\/wp-content\/uploads\/sites\/5\/2022\/04\/032057033.png","contentUrl":"https:\/\/drasanvi.com\/pe\/wp-content\/uploads\/sites\/5\/2022\/04\/032057033.png","width":1000,"height":1000},{"@type":"BreadcrumbList","@id":"https:\/\/drasanvi.com\/pe\/producto\/ynergy-energia-inmediata\/#breadcrumb","itemListElement":[{"@type":"ListItem","position":1,"name":"Portada","item":"https:\/\/drasanvi.com\/pe\/"},{"@type":"ListItem","position":2,"name":"Tienda","item":"https:\/\/drasanvi.com\/pe\/tienda\/"},{"@type":"ListItem","position":3,"name":"Ynergy Energ\u00eda Inmediata 20&#215;45 ml Viales Drasanvi"}]},{"@type":"WebSite","@id":"https:\/\/drasanvi.com\/pe\/#website","url":"https:\/\/drasanvi.com\/pe\/","name":"Drasanvi Per\u00fa","description":"L\u00edder en complementos alimenticios y cosm\u00e9tica natural.","publisher":{"@id":"https:\/\/drasanvi.com\/pe\/#organization"},"potentialAction":[{"@type":"SearchAction","target":{"@type":"EntryPoint","urlTemplate":"https:\/\/drasanvi.com\/pe\/?s={search_term_string}"},"query-input":{"@type":"PropertyValueSpecification","valueRequired":true,"valueName":"search_term_string"}}],"inLanguage":"es"},{"@type":"Organization","@id":"https:\/\/drasanvi.com\/pe\/#organization","name":"Drasanvi","url":"https:\/\/drasanvi.com\/pe\/","logo":{"@type":"ImageObject","inLanguage":"es","@id":"https:\/\/drasanvi.com\/pe\/#\/schema\/logo\/image\/","url":"https:\/\/drasanvi.com\/wp-content\/uploads\/sites\/5\/2021\/07\/logo-drasanvi.png","contentUrl":"https:\/\/drasanvi.com\/wp-content\/uploads\/sites\/5\/2021\/07\/logo-drasanvi.png","width":900,"height":300,"caption":"Drasanvi"},"image":{"@id":"https:\/\/drasanvi.com\/pe\/#\/schema\/logo\/image\/"}}]}},"_links":{"self":[{"href":"https:\/\/drasanvi.com\/pe\/wp-json\/wp\/v2\/product\/23384","targetHints":{"allow":["GET"]}}],"collection":[{"href":"https:\/\/drasanvi.com\/pe\/wp-json\/wp\/v2\/product"}],"about":[{"href":"https:\/\/drasanvi.com\/pe\/wp-json\/wp\/v2\/types\/product"}],"version-history":[{"count":1,"href":"https:\/\/drasanvi.com\/pe\/wp-json\/wp\/v2\/product\/23384\/revisions"}],"predecessor-version":[{"id":24291,"href":"https:\/\/drasanvi.com\/pe\/wp-json\/wp\/v2\/product\/23384\/revisions\/24291"}],"wp:featuredmedia":[{"embeddable":true,"href":"https:\/\/drasanvi.com\/pe\/wp-json\/wp\/v2\/media\/23247"}],"wp:attachment":[{"href":"https:\/\/drasanvi.com\/pe\/wp-json\/wp\/v2\/media?parent=23384"}],"wp:term":[{"taxonomy":"product_cat","embeddable":true,"href":"https:\/\/drasanvi.com\/pe\/wp-json\/wp\/v2\/product_cat?post=23384"},{"taxonomy":"product_tag","embeddable":true,"href":"https:\/\/drasanvi.com\/pe\/wp-json\/wp\/v2\/product_tag?post=23384"}],"curies":[{"name":"wp","href":"https:\/\/api.w.org\/{rel}","templated":true}]}}