{"id":20859,"date":"2022-02-28T15:19:51","date_gmt":"2022-02-28T13:19:51","guid":{"rendered":"https:\/\/drasanvi.com\/fr\/producto\/vitacur-complex-36-capsulas\/"},"modified":"2022-03-10T14:18:17","modified_gmt":"2022-03-10T12:18:17","slug":"vitacur-complex-36-capsulas","status":"publish","type":"product","link":"https:\/\/drasanvi.com\/fr\/producto\/vitacur-complex-36-capsulas\/","title":{"rendered":"Vitacur complex 36 capsulas"},"content":{"rendered":"<h2>Ingredientes<\/h2>\n<p>INGREDIENTES  CANTIDAD DOSIS DIARIA      Extracto seco de C\u00farcuma Curcuma longa Vahl. ratio 20:1. Con aporte en curcumina 95%  500 mg475 mg      \u00a0Extracto seco de fruto de pimienta Piper nigrum con aporte en piperina (95%)  \u00a031,5 mg 29,5 mg      Otros Ingredientes: Hidroxipropilmetilcelulosa, Celulosa Microcristalina, Estearato de Magnesio, Di\u00f3xido de Silicio.  \u00a0        Sin colorantes, conservantes ni az\u00facares a\u00f1adidos,<\/p>\n<h2>Modo de uso<\/h2>\n<p>Tomar una c\u00e1psula al d\u00eda. Es recomendable consumirla con el desayuno.<\/p>\n<h3>Presentaci\u00f3n<\/h3>\n<p>Envase de 36 c\u00e1psulas de 770 mg. Peso total: 27,72 g (0,96 oz).<\/p>\n<h3>Advertencias<\/h3>\n<p>Complemento alimenticio a base de plantas. Los complementos alimenticios no deben utilizarse como sustitutivos de una dieta equilibrada. No superar la dosis diaria expresamente recomendada. Mantener fuera del alcance de los ni&ntilde;os m&aacute;s peque&ntilde;os. Conservar en un lugar fresco y seco. Consulta con su medico en caso simult&aacute;neo con anticoagulantes.<\/p>\n<h2>Informaci\u00f3n adicional<\/h2>\n<p>Ingredientes  Descripci\u00f3n  Cantidad\/dosis diaria      Extracto seco de C\u00farcuma  (Curcuma longa Vahl. Ratio 20:1 Curcumina 95%)  500 mg      Agente de recubrimiento  (Hidroxipropilmetilcelulosa)  130 mg      Agente de carga  (Celulosa microcristalina)  50 mg      Agente de carga  (Estearato de magnesio)  50 mg      Extracto seco de fruto de pimienta  (Piper nigrum. Piperina 95%)  31,5 mg\u00a0      Antiaglomerante  (Di\u00f3xido de silicio)  50 mg<\/p>\n","protected":false},"excerpt":{"rendered":"<p>La C\u00farcuma, de un caracter\u00edstico color amarillo intenso, se extrae de la ra\u00edz de la planta herb\u00e1cea con el mismo nombre. A lo largo de la historia, se ha usado como colorante natural y como especia, as\u00ed como con fines medicinales, habiendo demostrado su eficacia para la\u00a0salud articular y los procesos antiinflamatorios. Los componentes m\u00e1s importantes de la C\u00farcuma son un grupo de compuestos llamados curcuminoides, que incluyen la Curcumina. Nuestras capsulas equivalen a 10000 mg de extracto de raiz de c\u00farcuma y aportan 475 mg de curcumina por dosis. La c\u00farcuma presenta una baja tasa de absorcion por parte del organismo, por ello, diversos estudios han puesto de manifiesto la utilizacion de piperina (principio activo extraido de la pimienta) ayuda aumentar la tasa de asimilacion, para poder ser asimilable por nuestro organismo.\u00a0<br \/><a id=\"boton-ficha\" href=\"https:\/\/panel.drasanvi.com\/fichas\/1\/032050626\" target=\"_blank\" rel=\"noopener\">Ficha t\u00e9cnica<\/a><\/p>\n","protected":false},"featured_media":20861,"template":"","meta":{"inline_featured_image":false},"product_cat":[101],"product_tag":[],"class_list":["post-20859","product","type-product","status-publish","has-post-thumbnail","hentry","product_cat-huesos-articulaciones","pa_contiene-altramuces-no","pa_contiene-apio-no","pa_contiene-cacahuetes-no","pa_contiene-crustaceos-no","pa_contiene-frutos-secos-no","pa_contiene-huevo-no","pa_contiene-leche-no","pa_contiene-moluscos-no","pa_contiene-mostaza-no","pa_contiene-pescado-no","pa_contiene-sesamo-no","pa_contiene-soja-no","pa_producto-bio-no","pa_producto-sin-gluten-si","pa_producto-vegano-si","pa_producto-vegetariano-si"],"yoast_head":"<!-- This site is optimized with the Yoast SEO plugin v27.4 - https:\/\/yoast.com\/product\/yoast-seo-wordpress\/ -->\n<title>Vitacur complex 36 capsulas - Drasanvi Francia<\/title>\n<meta name=\"robots\" content=\"index, follow, max-snippet:-1, max-image-preview:large, max-video-preview:-1\" \/>\n<link rel=\"canonical\" href=\"https:\/\/drasanvi.com\/fr\/producto\/vitacur-complex-36-capsulas\/\" \/>\n<meta property=\"og:locale\" content=\"fr_FR\" \/>\n<meta property=\"og:type\" content=\"article\" \/>\n<meta property=\"og:title\" content=\"Vitacur complex 36 capsulas - Drasanvi Francia\" \/>\n<meta property=\"og:description\" content=\"La C\u00farcuma, de un caracter\u00edstico color amarillo intenso, se extrae de la ra\u00edz de la planta herb\u00e1cea con el mismo nombre. A lo largo de la historia, se ha usado como colorante natural y como especia, as\u00ed como con fines medicinales, habiendo demostrado su eficacia para la\u00a0salud articular y los procesos antiinflamatorios. Los componentes m\u00e1s importantes de la C\u00farcuma son un grupo de compuestos llamados curcuminoides, que incluyen la Curcumina. Nuestras capsulas equivalen a 10000 mg de extracto de raiz de c\u00farcuma y aportan 475 mg de curcumina por dosis. La c\u00farcuma presenta una baja tasa de absorcion por parte del organismo, por ello, diversos estudios han puesto de manifiesto la utilizacion de piperina (principio activo extraido de la pimienta) ayuda aumentar la tasa de asimilacion, para poder ser asimilable por nuestro organismo.\u00a0Ficha t\u00e9cnica\" \/>\n<meta property=\"og:url\" content=\"https:\/\/drasanvi.com\/fr\/producto\/vitacur-complex-36-capsulas\/\" \/>\n<meta property=\"og:site_name\" content=\"Drasanvi Francia\" \/>\n<meta property=\"article:modified_time\" content=\"2022-03-10T12:18:17+00:00\" \/>\n<meta property=\"og:image\" content=\"https:\/\/drasanvi.com\/wp-content\/uploads\/sites\/7\/2022\/02\/032050626.png\" \/>\n\t<meta property=\"og:image:width\" content=\"1200\" \/>\n\t<meta property=\"og:image:height\" content=\"1200\" \/>\n\t<meta property=\"og:image:type\" content=\"image\/png\" \/>\n<meta name=\"twitter:card\" content=\"summary_large_image\" \/>\n<script type=\"application\/ld+json\" class=\"yoast-schema-graph\">{\"@context\":\"https:\\\/\\\/schema.org\",\"@graph\":[{\"@type\":\"WebPage\",\"@id\":\"https:\\\/\\\/drasanvi.com\\\/fr\\\/producto\\\/vitacur-complex-36-capsulas\\\/\",\"url\":\"https:\\\/\\\/drasanvi.com\\\/fr\\\/producto\\\/vitacur-complex-36-capsulas\\\/\",\"name\":\"Vitacur complex 36 capsulas - Drasanvi Francia\",\"isPartOf\":{\"@id\":\"https:\\\/\\\/drasanvi.com\\\/fr\\\/#website\"},\"primaryImageOfPage\":{\"@id\":\"https:\\\/\\\/drasanvi.com\\\/fr\\\/producto\\\/vitacur-complex-36-capsulas\\\/#primaryimage\"},\"image\":{\"@id\":\"https:\\\/\\\/drasanvi.com\\\/fr\\\/producto\\\/vitacur-complex-36-capsulas\\\/#primaryimage\"},\"thumbnailUrl\":\"https:\\\/\\\/drasanvi.com\\\/fr\\\/wp-content\\\/uploads\\\/sites\\\/7\\\/2022\\\/02\\\/032050626.png\",\"datePublished\":\"2022-02-28T13:19:51+00:00\",\"dateModified\":\"2022-03-10T12:18:17+00:00\",\"breadcrumb\":{\"@id\":\"https:\\\/\\\/drasanvi.com\\\/fr\\\/producto\\\/vitacur-complex-36-capsulas\\\/#breadcrumb\"},\"inLanguage\":\"fr-FR\",\"potentialAction\":[{\"@type\":\"ReadAction\",\"target\":[\"https:\\\/\\\/drasanvi.com\\\/fr\\\/producto\\\/vitacur-complex-36-capsulas\\\/\"]}]},{\"@type\":\"ImageObject\",\"inLanguage\":\"fr-FR\",\"@id\":\"https:\\\/\\\/drasanvi.com\\\/fr\\\/producto\\\/vitacur-complex-36-capsulas\\\/#primaryimage\",\"url\":\"https:\\\/\\\/drasanvi.com\\\/fr\\\/wp-content\\\/uploads\\\/sites\\\/7\\\/2022\\\/02\\\/032050626.png\",\"contentUrl\":\"https:\\\/\\\/drasanvi.com\\\/fr\\\/wp-content\\\/uploads\\\/sites\\\/7\\\/2022\\\/02\\\/032050626.png\",\"width\":1200,\"height\":1200},{\"@type\":\"BreadcrumbList\",\"@id\":\"https:\\\/\\\/drasanvi.com\\\/fr\\\/producto\\\/vitacur-complex-36-capsulas\\\/#breadcrumb\",\"itemListElement\":[{\"@type\":\"ListItem\",\"position\":1,\"name\":\"Portada\",\"item\":\"https:\\\/\\\/drasanvi.com\\\/fr\\\/\"},{\"@type\":\"ListItem\",\"position\":2,\"name\":\"Tienda\",\"item\":\"https:\\\/\\\/drasanvi.com\\\/fr\\\/tienda\\\/\"},{\"@type\":\"ListItem\",\"position\":3,\"name\":\"Vitacur complex 36 capsulas\"}]},{\"@type\":\"WebSite\",\"@id\":\"https:\\\/\\\/drasanvi.com\\\/fr\\\/#website\",\"url\":\"https:\\\/\\\/drasanvi.com\\\/fr\\\/\",\"name\":\"Drasanvi Francia\",\"description\":\"L\u00edder en complementos alimenticios y cosm\u00e9tica natural.\",\"publisher\":{\"@id\":\"https:\\\/\\\/drasanvi.com\\\/fr\\\/#organization\"},\"potentialAction\":[{\"@type\":\"SearchAction\",\"target\":{\"@type\":\"EntryPoint\",\"urlTemplate\":\"https:\\\/\\\/drasanvi.com\\\/fr\\\/?s={search_term_string}\"},\"query-input\":{\"@type\":\"PropertyValueSpecification\",\"valueRequired\":true,\"valueName\":\"search_term_string\"}}],\"inLanguage\":\"fr-FR\"},{\"@type\":\"Organization\",\"@id\":\"https:\\\/\\\/drasanvi.com\\\/fr\\\/#organization\",\"name\":\"Drasanvi\",\"url\":\"https:\\\/\\\/drasanvi.com\\\/fr\\\/\",\"logo\":{\"@type\":\"ImageObject\",\"inLanguage\":\"fr-FR\",\"@id\":\"https:\\\/\\\/drasanvi.com\\\/fr\\\/#\\\/schema\\\/logo\\\/image\\\/\",\"url\":\"https:\\\/\\\/drasanvi.com\\\/wp-content\\\/uploads\\\/sites\\\/7\\\/2021\\\/07\\\/logo-drasanvi.png\",\"contentUrl\":\"https:\\\/\\\/drasanvi.com\\\/wp-content\\\/uploads\\\/sites\\\/7\\\/2021\\\/07\\\/logo-drasanvi.png\",\"width\":900,\"height\":300,\"caption\":\"Drasanvi\"},\"image\":{\"@id\":\"https:\\\/\\\/drasanvi.com\\\/fr\\\/#\\\/schema\\\/logo\\\/image\\\/\"}}]}<\/script>\n<!-- \/ Yoast SEO plugin. -->","yoast_head_json":{"title":"Vitacur complex 36 capsulas - Drasanvi Francia","robots":{"index":"index","follow":"follow","max-snippet":"max-snippet:-1","max-image-preview":"max-image-preview:large","max-video-preview":"max-video-preview:-1"},"canonical":"https:\/\/drasanvi.com\/fr\/producto\/vitacur-complex-36-capsulas\/","og_locale":"fr_FR","og_type":"article","og_title":"Vitacur complex 36 capsulas - Drasanvi Francia","og_description":"La C\u00farcuma, de un caracter\u00edstico color amarillo intenso, se extrae de la ra\u00edz de la planta herb\u00e1cea con el mismo nombre. A lo largo de la historia, se ha usado como colorante natural y como especia, as\u00ed como con fines medicinales, habiendo demostrado su eficacia para la\u00a0salud articular y los procesos antiinflamatorios. Los componentes m\u00e1s importantes de la C\u00farcuma son un grupo de compuestos llamados curcuminoides, que incluyen la Curcumina. Nuestras capsulas equivalen a 10000 mg de extracto de raiz de c\u00farcuma y aportan 475 mg de curcumina por dosis. La c\u00farcuma presenta una baja tasa de absorcion por parte del organismo, por ello, diversos estudios han puesto de manifiesto la utilizacion de piperina (principio activo extraido de la pimienta) ayuda aumentar la tasa de asimilacion, para poder ser asimilable por nuestro organismo.\u00a0Ficha t\u00e9cnica","og_url":"https:\/\/drasanvi.com\/fr\/producto\/vitacur-complex-36-capsulas\/","og_site_name":"Drasanvi Francia","article_modified_time":"2022-03-10T12:18:17+00:00","og_image":[{"width":1200,"height":1200,"url":"https:\/\/drasanvi.com\/wp-content\/uploads\/sites\/7\/2022\/02\/032050626.png","type":"image\/png"}],"twitter_card":"summary_large_image","schema":{"@context":"https:\/\/schema.org","@graph":[{"@type":"WebPage","@id":"https:\/\/drasanvi.com\/fr\/producto\/vitacur-complex-36-capsulas\/","url":"https:\/\/drasanvi.com\/fr\/producto\/vitacur-complex-36-capsulas\/","name":"Vitacur complex 36 capsulas - Drasanvi Francia","isPartOf":{"@id":"https:\/\/drasanvi.com\/fr\/#website"},"primaryImageOfPage":{"@id":"https:\/\/drasanvi.com\/fr\/producto\/vitacur-complex-36-capsulas\/#primaryimage"},"image":{"@id":"https:\/\/drasanvi.com\/fr\/producto\/vitacur-complex-36-capsulas\/#primaryimage"},"thumbnailUrl":"https:\/\/drasanvi.com\/fr\/wp-content\/uploads\/sites\/7\/2022\/02\/032050626.png","datePublished":"2022-02-28T13:19:51+00:00","dateModified":"2022-03-10T12:18:17+00:00","breadcrumb":{"@id":"https:\/\/drasanvi.com\/fr\/producto\/vitacur-complex-36-capsulas\/#breadcrumb"},"inLanguage":"fr-FR","potentialAction":[{"@type":"ReadAction","target":["https:\/\/drasanvi.com\/fr\/producto\/vitacur-complex-36-capsulas\/"]}]},{"@type":"ImageObject","inLanguage":"fr-FR","@id":"https:\/\/drasanvi.com\/fr\/producto\/vitacur-complex-36-capsulas\/#primaryimage","url":"https:\/\/drasanvi.com\/fr\/wp-content\/uploads\/sites\/7\/2022\/02\/032050626.png","contentUrl":"https:\/\/drasanvi.com\/fr\/wp-content\/uploads\/sites\/7\/2022\/02\/032050626.png","width":1200,"height":1200},{"@type":"BreadcrumbList","@id":"https:\/\/drasanvi.com\/fr\/producto\/vitacur-complex-36-capsulas\/#breadcrumb","itemListElement":[{"@type":"ListItem","position":1,"name":"Portada","item":"https:\/\/drasanvi.com\/fr\/"},{"@type":"ListItem","position":2,"name":"Tienda","item":"https:\/\/drasanvi.com\/fr\/tienda\/"},{"@type":"ListItem","position":3,"name":"Vitacur complex 36 capsulas"}]},{"@type":"WebSite","@id":"https:\/\/drasanvi.com\/fr\/#website","url":"https:\/\/drasanvi.com\/fr\/","name":"Drasanvi Francia","description":"L\u00edder en complementos alimenticios y cosm\u00e9tica natural.","publisher":{"@id":"https:\/\/drasanvi.com\/fr\/#organization"},"potentialAction":[{"@type":"SearchAction","target":{"@type":"EntryPoint","urlTemplate":"https:\/\/drasanvi.com\/fr\/?s={search_term_string}"},"query-input":{"@type":"PropertyValueSpecification","valueRequired":true,"valueName":"search_term_string"}}],"inLanguage":"fr-FR"},{"@type":"Organization","@id":"https:\/\/drasanvi.com\/fr\/#organization","name":"Drasanvi","url":"https:\/\/drasanvi.com\/fr\/","logo":{"@type":"ImageObject","inLanguage":"fr-FR","@id":"https:\/\/drasanvi.com\/fr\/#\/schema\/logo\/image\/","url":"https:\/\/drasanvi.com\/wp-content\/uploads\/sites\/7\/2021\/07\/logo-drasanvi.png","contentUrl":"https:\/\/drasanvi.com\/wp-content\/uploads\/sites\/7\/2021\/07\/logo-drasanvi.png","width":900,"height":300,"caption":"Drasanvi"},"image":{"@id":"https:\/\/drasanvi.com\/fr\/#\/schema\/logo\/image\/"}}]}},"_links":{"self":[{"href":"https:\/\/drasanvi.com\/fr\/wp-json\/wp\/v2\/product\/20859","targetHints":{"allow":["GET"]}}],"collection":[{"href":"https:\/\/drasanvi.com\/fr\/wp-json\/wp\/v2\/product"}],"about":[{"href":"https:\/\/drasanvi.com\/fr\/wp-json\/wp\/v2\/types\/product"}],"version-history":[{"count":0,"href":"https:\/\/drasanvi.com\/fr\/wp-json\/wp\/v2\/product\/20859\/revisions"}],"wp:featuredmedia":[{"embeddable":true,"href":"https:\/\/drasanvi.com\/fr\/wp-json\/wp\/v2\/media\/20861"}],"wp:attachment":[{"href":"https:\/\/drasanvi.com\/fr\/wp-json\/wp\/v2\/media?parent=20859"}],"wp:term":[{"taxonomy":"product_cat","embeddable":true,"href":"https:\/\/drasanvi.com\/fr\/wp-json\/wp\/v2\/product_cat?post=20859"},{"taxonomy":"product_tag","embeddable":true,"href":"https:\/\/drasanvi.com\/fr\/wp-json\/wp\/v2\/product_tag?post=20859"}],"curies":[{"name":"wp","href":"https:\/\/api.w.org\/{rel}","templated":true}]}}