{"id":20837,"date":"2022-02-28T15:19:09","date_gmt":"2022-02-28T13:19:09","guid":{"rendered":"https:\/\/drasanvi.com\/fr\/producto\/v-ocular\/"},"modified":"2022-03-10T14:18:16","modified_gmt":"2022-03-10T12:18:16","slug":"v-ocular","status":"publish","type":"product","link":"https:\/\/drasanvi.com\/fr\/producto\/v-ocular\/","title":{"rendered":"V ocular"},"content":{"rendered":"<h2>Ingredientes<\/h2>\n<p>Ingrediente  Cantidad \/ dosis diaria      Aceite de pescado Omega 3 (65%) EPA (10%) DHA (50%)  501,66 mg 326,08 mg 50,17 mg 250,83\u00a0mg      \u00c1cido asc\u00f3rbico Vitamina C  80 mg      Extracto seco de Ar\u00e1ndano Vaccinium macrocarpon\u00a0con aporte en proantocianidinas (50%)  20 mg 10 mg      D alfa tocoferol\u00a0Vitamina E  18 mg\u00a012 mg      Luteina (20%)  12,5 mg 2,5 mg      Astaxantina (10%)  10 mg\u00a01 mg      D alfa tocoferol Vitamina E  18 mg 12 mg      \u00d3xido de zinc  Zinc 80%  6,23 mg 5 mg      Zeaxantina (20%)  2,5 mg\u00a00,5 mg      Palminato de retinol Vitamina A  1,33 mg 0,68\u00a0mg      Riboflavina\u00a0Vitamina B2  0,7mg 0,7 mg      Selenito s\u00f3dico Selenio  0,0602mg\u00a0 27,50 \u00b5g      Otros ingredientes: Gelatina de pescado, lecitina de girasol glicerina, \u00f3xido de hierro, y cera de abejas.  \u00a0        Sin az\u00facares a\u00f1adidos ni conservantes<\/p>\n<h2>Modo de uso<\/h2>\n<p>Consumir una perla al d\u00eda, preferiblemente con el desayuno.<\/p>\n<h3>Presentaci\u00f3n<\/h3>\n<p>Envase de 30 perlas de 688 mg. Peso total: 20,64 g\u00a0<\/p>\n<h3>Advertencias<\/h3>\n<p>Complemento alimenticio a base de omegas 3, vitaminas y minerales.Los complementos alimenticios no deben utilizarse como sustituto de una dieta equilibrada. No superar la dosis diaria expresamente recomendada. Mantener fuera del alcance de los ni&ntilde;os m&aacute;s peque&ntilde;os. Conservar en un lugar fresco y seco.&nbsp;<\/p>\n<h2>Informaci\u00f3n adicional<\/h2>\n<p>ingrediente  descripcion  dosis        Aceite de pescado    (EPA 10% y DHA 50%, contiene pescado)  501,66 mg      Envoltura  (Gelatina de pescado, glicerina vegetal, \u00f3xido de hierro II (rojo); contiene pescado)  230 mg\u00a0      Vitamina C\u00a0  (\u00c1cido ascorbico)  80 mg\u00a0      Extracto seco de Ar\u00e1ndano  (Vaccinium macrocarpon , proantocianidinas 50%)  20mg      Emulsionante  (lecitina de girasol)  15,02 mg      Espesante  (cera de abeja)  15 mg      Lute\u00edna  (20%)    12,50 mg        Astaxantina  (10%)    10 mg        Vitamina E\u00a0  (D-alfatocoferol)    18 mg        \u00d3xido de zinc  (Zinc 80%)    6,23 mg        Betacaroteno\u00a0  (30%)    5 mg        Zeaxantina  (20%)  2,5 mg      Vitamina A  (Palminato de retinilo)  1,33 mg      Vitamina B2  (Riboflavina)  0,7 mg      Selenito s\u00f3dico  (Selenio 45%)  0,0602 mg<\/p>\n<p>Por dosis diaria (1 perla)        Ingrediente  Porcentaje  Cantidad      Vitamina A  85 %  680 \u00b5g      Vitamina E  100 %  12 mg      Vitamina B2  50%  0,7 mg      Zinc  50%  5 mg      Selenio  50%  27,50 \u00b5g      Vitamina C\u00a0  100%  80 mg\u00a0        % VRN (Valor de Referencia Nutricional)<\/p>\n","protected":false},"excerpt":{"rendered":"<p>V Ocular es un complemento alimenticio, que gracias a la sinergia de sus ingredientes (DHA, Riboflavina, Vitamina A y Zinc que contribuye al mantenimiento de la vista en condiciones normales). Entre sus ingredientes, encontramos extractos vegetales como el ar\u00e1ndano.\u00a0  Rico en DHA que contibuye al mantenimiento de la vision en condiciones normales.\u00a0<br \/><a id=\"boton-ficha\" href=\"https:\/\/panel.drasanvi.com\/fichas\/1\/032050122\" target=\"_blank\" rel=\"noopener\">Ficha t\u00e9cnica<\/a><\/p>\n","protected":false},"featured_media":20839,"template":"","meta":{"inline_featured_image":false},"product_cat":[1368],"product_tag":[],"class_list":["post-20837","product","type-product","status-publish","has-post-thumbnail","hentry","product_cat-vista","pa_contiene-altramuces-no","pa_contiene-apio-no","pa_contiene-cacahuetes-no","pa_contiene-crustaceos-no","pa_contiene-frutos-secos-no","pa_contiene-huevo-no","pa_contiene-leche-no","pa_contiene-moluscos-no","pa_contiene-mostaza-no","pa_contiene-pescado-si","pa_contiene-sesamo-no","pa_contiene-soja-no","pa_producto-bio-no","pa_producto-sin-gluten-si","pa_producto-vegano-no","pa_producto-vegetariano-no"],"yoast_head":"<!-- This site is optimized with the Yoast SEO plugin v27.4 - https:\/\/yoast.com\/product\/yoast-seo-wordpress\/ -->\n<title>V ocular - Drasanvi Francia<\/title>\n<meta name=\"robots\" content=\"index, follow, max-snippet:-1, max-image-preview:large, max-video-preview:-1\" \/>\n<link rel=\"canonical\" href=\"https:\/\/drasanvi.com\/fr\/producto\/v-ocular\/\" \/>\n<meta property=\"og:locale\" content=\"fr_FR\" \/>\n<meta property=\"og:type\" content=\"article\" \/>\n<meta property=\"og:title\" content=\"V ocular - Drasanvi Francia\" \/>\n<meta property=\"og:description\" content=\"V Ocular es un complemento alimenticio, que gracias a la sinergia de sus ingredientes (DHA, Riboflavina, Vitamina A y Zinc que contribuye al mantenimiento de la vista en condiciones normales). Entre sus ingredientes, encontramos extractos vegetales como el ar\u00e1ndano.\u00a0 Rico en DHA que contibuye al mantenimiento de la vision en condiciones normales.\u00a0Ficha t\u00e9cnica\" \/>\n<meta property=\"og:url\" content=\"https:\/\/drasanvi.com\/fr\/producto\/v-ocular\/\" \/>\n<meta property=\"og:site_name\" content=\"Drasanvi Francia\" \/>\n<meta property=\"article:modified_time\" content=\"2022-03-10T12:18:16+00:00\" \/>\n<meta property=\"og:image\" content=\"https:\/\/drasanvi.com\/wp-content\/uploads\/sites\/7\/2022\/02\/032050122.png\" \/>\n\t<meta property=\"og:image:width\" content=\"768\" \/>\n\t<meta property=\"og:image:height\" content=\"768\" \/>\n\t<meta property=\"og:image:type\" content=\"image\/png\" \/>\n<meta name=\"twitter:card\" content=\"summary_large_image\" \/>\n<script type=\"application\/ld+json\" class=\"yoast-schema-graph\">{\"@context\":\"https:\\\/\\\/schema.org\",\"@graph\":[{\"@type\":\"WebPage\",\"@id\":\"https:\\\/\\\/drasanvi.com\\\/fr\\\/producto\\\/v-ocular\\\/\",\"url\":\"https:\\\/\\\/drasanvi.com\\\/fr\\\/producto\\\/v-ocular\\\/\",\"name\":\"V ocular - Drasanvi Francia\",\"isPartOf\":{\"@id\":\"https:\\\/\\\/drasanvi.com\\\/fr\\\/#website\"},\"primaryImageOfPage\":{\"@id\":\"https:\\\/\\\/drasanvi.com\\\/fr\\\/producto\\\/v-ocular\\\/#primaryimage\"},\"image\":{\"@id\":\"https:\\\/\\\/drasanvi.com\\\/fr\\\/producto\\\/v-ocular\\\/#primaryimage\"},\"thumbnailUrl\":\"https:\\\/\\\/drasanvi.com\\\/fr\\\/wp-content\\\/uploads\\\/sites\\\/7\\\/2022\\\/02\\\/032050122.png\",\"datePublished\":\"2022-02-28T13:19:09+00:00\",\"dateModified\":\"2022-03-10T12:18:16+00:00\",\"breadcrumb\":{\"@id\":\"https:\\\/\\\/drasanvi.com\\\/fr\\\/producto\\\/v-ocular\\\/#breadcrumb\"},\"inLanguage\":\"fr-FR\",\"potentialAction\":[{\"@type\":\"ReadAction\",\"target\":[\"https:\\\/\\\/drasanvi.com\\\/fr\\\/producto\\\/v-ocular\\\/\"]}]},{\"@type\":\"ImageObject\",\"inLanguage\":\"fr-FR\",\"@id\":\"https:\\\/\\\/drasanvi.com\\\/fr\\\/producto\\\/v-ocular\\\/#primaryimage\",\"url\":\"https:\\\/\\\/drasanvi.com\\\/fr\\\/wp-content\\\/uploads\\\/sites\\\/7\\\/2022\\\/02\\\/032050122.png\",\"contentUrl\":\"https:\\\/\\\/drasanvi.com\\\/fr\\\/wp-content\\\/uploads\\\/sites\\\/7\\\/2022\\\/02\\\/032050122.png\",\"width\":768,\"height\":768},{\"@type\":\"BreadcrumbList\",\"@id\":\"https:\\\/\\\/drasanvi.com\\\/fr\\\/producto\\\/v-ocular\\\/#breadcrumb\",\"itemListElement\":[{\"@type\":\"ListItem\",\"position\":1,\"name\":\"Portada\",\"item\":\"https:\\\/\\\/drasanvi.com\\\/fr\\\/\"},{\"@type\":\"ListItem\",\"position\":2,\"name\":\"Tienda\",\"item\":\"https:\\\/\\\/drasanvi.com\\\/fr\\\/tienda\\\/\"},{\"@type\":\"ListItem\",\"position\":3,\"name\":\"V ocular\"}]},{\"@type\":\"WebSite\",\"@id\":\"https:\\\/\\\/drasanvi.com\\\/fr\\\/#website\",\"url\":\"https:\\\/\\\/drasanvi.com\\\/fr\\\/\",\"name\":\"Drasanvi Francia\",\"description\":\"L\u00edder en complementos alimenticios y cosm\u00e9tica natural.\",\"publisher\":{\"@id\":\"https:\\\/\\\/drasanvi.com\\\/fr\\\/#organization\"},\"potentialAction\":[{\"@type\":\"SearchAction\",\"target\":{\"@type\":\"EntryPoint\",\"urlTemplate\":\"https:\\\/\\\/drasanvi.com\\\/fr\\\/?s={search_term_string}\"},\"query-input\":{\"@type\":\"PropertyValueSpecification\",\"valueRequired\":true,\"valueName\":\"search_term_string\"}}],\"inLanguage\":\"fr-FR\"},{\"@type\":\"Organization\",\"@id\":\"https:\\\/\\\/drasanvi.com\\\/fr\\\/#organization\",\"name\":\"Drasanvi\",\"url\":\"https:\\\/\\\/drasanvi.com\\\/fr\\\/\",\"logo\":{\"@type\":\"ImageObject\",\"inLanguage\":\"fr-FR\",\"@id\":\"https:\\\/\\\/drasanvi.com\\\/fr\\\/#\\\/schema\\\/logo\\\/image\\\/\",\"url\":\"https:\\\/\\\/drasanvi.com\\\/wp-content\\\/uploads\\\/sites\\\/7\\\/2021\\\/07\\\/logo-drasanvi.png\",\"contentUrl\":\"https:\\\/\\\/drasanvi.com\\\/wp-content\\\/uploads\\\/sites\\\/7\\\/2021\\\/07\\\/logo-drasanvi.png\",\"width\":900,\"height\":300,\"caption\":\"Drasanvi\"},\"image\":{\"@id\":\"https:\\\/\\\/drasanvi.com\\\/fr\\\/#\\\/schema\\\/logo\\\/image\\\/\"}}]}<\/script>\n<!-- \/ Yoast SEO plugin. -->","yoast_head_json":{"title":"V ocular - Drasanvi Francia","robots":{"index":"index","follow":"follow","max-snippet":"max-snippet:-1","max-image-preview":"max-image-preview:large","max-video-preview":"max-video-preview:-1"},"canonical":"https:\/\/drasanvi.com\/fr\/producto\/v-ocular\/","og_locale":"fr_FR","og_type":"article","og_title":"V ocular - Drasanvi Francia","og_description":"V Ocular es un complemento alimenticio, que gracias a la sinergia de sus ingredientes (DHA, Riboflavina, Vitamina A y Zinc que contribuye al mantenimiento de la vista en condiciones normales). Entre sus ingredientes, encontramos extractos vegetales como el ar\u00e1ndano.\u00a0 Rico en DHA que contibuye al mantenimiento de la vision en condiciones normales.\u00a0Ficha t\u00e9cnica","og_url":"https:\/\/drasanvi.com\/fr\/producto\/v-ocular\/","og_site_name":"Drasanvi Francia","article_modified_time":"2022-03-10T12:18:16+00:00","og_image":[{"width":768,"height":768,"url":"https:\/\/drasanvi.com\/wp-content\/uploads\/sites\/7\/2022\/02\/032050122.png","type":"image\/png"}],"twitter_card":"summary_large_image","schema":{"@context":"https:\/\/schema.org","@graph":[{"@type":"WebPage","@id":"https:\/\/drasanvi.com\/fr\/producto\/v-ocular\/","url":"https:\/\/drasanvi.com\/fr\/producto\/v-ocular\/","name":"V ocular - Drasanvi Francia","isPartOf":{"@id":"https:\/\/drasanvi.com\/fr\/#website"},"primaryImageOfPage":{"@id":"https:\/\/drasanvi.com\/fr\/producto\/v-ocular\/#primaryimage"},"image":{"@id":"https:\/\/drasanvi.com\/fr\/producto\/v-ocular\/#primaryimage"},"thumbnailUrl":"https:\/\/drasanvi.com\/fr\/wp-content\/uploads\/sites\/7\/2022\/02\/032050122.png","datePublished":"2022-02-28T13:19:09+00:00","dateModified":"2022-03-10T12:18:16+00:00","breadcrumb":{"@id":"https:\/\/drasanvi.com\/fr\/producto\/v-ocular\/#breadcrumb"},"inLanguage":"fr-FR","potentialAction":[{"@type":"ReadAction","target":["https:\/\/drasanvi.com\/fr\/producto\/v-ocular\/"]}]},{"@type":"ImageObject","inLanguage":"fr-FR","@id":"https:\/\/drasanvi.com\/fr\/producto\/v-ocular\/#primaryimage","url":"https:\/\/drasanvi.com\/fr\/wp-content\/uploads\/sites\/7\/2022\/02\/032050122.png","contentUrl":"https:\/\/drasanvi.com\/fr\/wp-content\/uploads\/sites\/7\/2022\/02\/032050122.png","width":768,"height":768},{"@type":"BreadcrumbList","@id":"https:\/\/drasanvi.com\/fr\/producto\/v-ocular\/#breadcrumb","itemListElement":[{"@type":"ListItem","position":1,"name":"Portada","item":"https:\/\/drasanvi.com\/fr\/"},{"@type":"ListItem","position":2,"name":"Tienda","item":"https:\/\/drasanvi.com\/fr\/tienda\/"},{"@type":"ListItem","position":3,"name":"V ocular"}]},{"@type":"WebSite","@id":"https:\/\/drasanvi.com\/fr\/#website","url":"https:\/\/drasanvi.com\/fr\/","name":"Drasanvi Francia","description":"L\u00edder en complementos alimenticios y cosm\u00e9tica natural.","publisher":{"@id":"https:\/\/drasanvi.com\/fr\/#organization"},"potentialAction":[{"@type":"SearchAction","target":{"@type":"EntryPoint","urlTemplate":"https:\/\/drasanvi.com\/fr\/?s={search_term_string}"},"query-input":{"@type":"PropertyValueSpecification","valueRequired":true,"valueName":"search_term_string"}}],"inLanguage":"fr-FR"},{"@type":"Organization","@id":"https:\/\/drasanvi.com\/fr\/#organization","name":"Drasanvi","url":"https:\/\/drasanvi.com\/fr\/","logo":{"@type":"ImageObject","inLanguage":"fr-FR","@id":"https:\/\/drasanvi.com\/fr\/#\/schema\/logo\/image\/","url":"https:\/\/drasanvi.com\/wp-content\/uploads\/sites\/7\/2021\/07\/logo-drasanvi.png","contentUrl":"https:\/\/drasanvi.com\/wp-content\/uploads\/sites\/7\/2021\/07\/logo-drasanvi.png","width":900,"height":300,"caption":"Drasanvi"},"image":{"@id":"https:\/\/drasanvi.com\/fr\/#\/schema\/logo\/image\/"}}]}},"_links":{"self":[{"href":"https:\/\/drasanvi.com\/fr\/wp-json\/wp\/v2\/product\/20837","targetHints":{"allow":["GET"]}}],"collection":[{"href":"https:\/\/drasanvi.com\/fr\/wp-json\/wp\/v2\/product"}],"about":[{"href":"https:\/\/drasanvi.com\/fr\/wp-json\/wp\/v2\/types\/product"}],"version-history":[{"count":0,"href":"https:\/\/drasanvi.com\/fr\/wp-json\/wp\/v2\/product\/20837\/revisions"}],"wp:featuredmedia":[{"embeddable":true,"href":"https:\/\/drasanvi.com\/fr\/wp-json\/wp\/v2\/media\/20839"}],"wp:attachment":[{"href":"https:\/\/drasanvi.com\/fr\/wp-json\/wp\/v2\/media?parent=20837"}],"wp:term":[{"taxonomy":"product_cat","embeddable":true,"href":"https:\/\/drasanvi.com\/fr\/wp-json\/wp\/v2\/product_cat?post=20837"},{"taxonomy":"product_tag","embeddable":true,"href":"https:\/\/drasanvi.com\/fr\/wp-json\/wp\/v2\/product_tag?post=20837"}],"curies":[{"name":"wp","href":"https:\/\/api.w.org\/{rel}","templated":true}]}}