{"id":20829,"date":"2022-02-28T15:19:09","date_gmt":"2022-02-28T13:19:09","guid":{"rendered":"https:\/\/drasanvi.com\/fr\/producto\/triptofano-60-comprimidos\/"},"modified":"2022-03-10T14:18:15","modified_gmt":"2022-03-10T12:18:15","slug":"triptofano-60-comprimidos","status":"publish","type":"product","link":"https:\/\/drasanvi.com\/fr\/producto\/triptofano-60-comprimidos\/","title":{"rendered":"Tript\u00f3fano 60 Comprimidos"},"content":{"rendered":"<h2>Ingredientes<\/h2>\n<p>Ingredientes  Descripci\u00f3n  Cantidad \/ Dosis diaria      Tript\u00f3fano\u00a0  \u00a0  717 mg\u00a0      Magnesio\u00a0  En forma de bisglicinato y \u00f3xido\u00a0  162,2 mg\u00a0      Vitamina B6  \u00a0  1,6 mg\u00a0      Otros ingredientes    Celulosa microcristalina, estearato de magnesio, di\u00f3xido de silicio.  \u00a0    \u00a0<\/p>\n<h2>Modo de uso<\/h2>\n<p>Tomar 2 comprimidos al d\u00eda. Uno antes del desayuno y el otro antes de la comida o la cena.  Tomar de manera continuada durante tres meses, y luego hacer un descanso de 1 mes<\/p>\n<h3>Presentaci\u00f3n<\/h3>\n<p>60 comprimidos de 840 mg. Peso neto 50,4 g<\/p>\n<h3>Advertencias<\/h3>\n<p>No superar la dosis diaria expresamente recomendada; Los complementos alimenticios no deben utilizarse como sustituto de una dieta equilibrada; Mantener fuera del alcance de los ni&ntilde;os m&aacute;s peque&ntilde;os. Conservar en un lugar fresco y seco. No debe ser consumido por mujeres embarazadas, ni por aquellas personas que est&eacute;n siendo tratadas con antidepresivos o que padezcan insuficiencia renal.&nbsp;<\/p>\n<h2>Informaci\u00f3n adicional<\/h2>\n<p>Ingredientes  Descripci\u00f3n  Cantidad \/ Dosis diaria      Tript\u00f3fano\u00a0  \u00a0  717 mg\u00a0      Agente de Carga\u00a0  (Celulosa microcristalina)  538 mg      \u00d3xido Magnesio\u00a0  \u00a0  197 mg      Bisglicinato de Magnesio\u00a0  \u00a0  190 mg\u00a0      Agente de carga\u00a0  (Estearato de magnesio)\u00a0  27 mg      Antiaglomerante\u00a0  (Di\u00f3xido de silicio)  9 mg\u00a0      Vitamina B6  (Clorhidrato de piridoxina)  1,6 mg\u00a0<\/p>\n<p>por dosis diaria (2 comprimidos)        Ingrediente  Porcentaje  Cantidad      Vitamina B6  114,29 %  1,6 mg      Magnesio  40,64 %  152,4 mg        % VRN (Valores de Referencia de Nutrientes<\/p>\n","protected":false},"excerpt":{"rendered":"<p>El Tript\u00f3fano es una amino\u00e1cido esencial que se obtiene a partir de la alimentaci\u00f3n y es necesario para la producci\u00f3n de serotonina. Para reforzar la acci\u00f3n, complementamos su acci\u00f3n con magnesio y Vitamina B6, que contribuye a la funci\u00f3n psicol\u00f3gica normal.<br \/><a id=\"boton-ficha\" href=\"https:\/\/panel.drasanvi.com\/fichas\/1\/032050691\" target=\"_blank\" rel=\"noopener\">Ficha t\u00e9cnica<\/a><\/p>\n","protected":false},"featured_media":20831,"template":"","meta":{"inline_featured_image":false},"product_cat":[99],"product_tag":[],"class_list":["post-20829","product","type-product","status-publish","has-post-thumbnail","hentry","product_cat-energia-vitalidad","pa_contiene-altramuces-no","pa_contiene-apio-no","pa_contiene-cacahuetes-no","pa_contiene-crustaceos-no","pa_contiene-frutos-secos-no","pa_contiene-huevo-no","pa_contiene-leche-no","pa_contiene-moluscos-no","pa_contiene-mostaza-no","pa_contiene-pescado-no","pa_contiene-sesamo-no","pa_contiene-soja-no","pa_producto-bio-no","pa_producto-sin-gluten-si","pa_producto-vegano-si","pa_producto-vegetariano-si"],"yoast_head":"<!-- This site is optimized with the Yoast SEO plugin v27.4 - https:\/\/yoast.com\/product\/yoast-seo-wordpress\/ -->\n<title>Tript\u00f3fano 60 Comprimidos - Drasanvi Francia<\/title>\n<meta name=\"robots\" content=\"index, follow, max-snippet:-1, max-image-preview:large, max-video-preview:-1\" \/>\n<link rel=\"canonical\" href=\"https:\/\/drasanvi.com\/fr\/producto\/triptofano-60-comprimidos\/\" \/>\n<meta property=\"og:locale\" content=\"fr_FR\" \/>\n<meta property=\"og:type\" content=\"article\" \/>\n<meta property=\"og:title\" content=\"Tript\u00f3fano 60 Comprimidos - Drasanvi Francia\" \/>\n<meta property=\"og:description\" content=\"El Tript\u00f3fano es una amino\u00e1cido esencial que se obtiene a partir de la alimentaci\u00f3n y es necesario para la producci\u00f3n de serotonina. Para reforzar la acci\u00f3n, complementamos su acci\u00f3n con magnesio y Vitamina B6, que contribuye a la funci\u00f3n psicol\u00f3gica normal.Ficha t\u00e9cnica\" \/>\n<meta property=\"og:url\" content=\"https:\/\/drasanvi.com\/fr\/producto\/triptofano-60-comprimidos\/\" \/>\n<meta property=\"og:site_name\" content=\"Drasanvi Francia\" \/>\n<meta property=\"article:modified_time\" content=\"2022-03-10T12:18:15+00:00\" \/>\n<meta property=\"og:image\" content=\"https:\/\/drasanvi.com\/wp-content\/uploads\/sites\/7\/2022\/02\/032050691.png\" \/>\n\t<meta property=\"og:image:width\" content=\"1000\" \/>\n\t<meta property=\"og:image:height\" content=\"1000\" \/>\n\t<meta property=\"og:image:type\" content=\"image\/png\" \/>\n<meta name=\"twitter:card\" content=\"summary_large_image\" \/>\n<script type=\"application\/ld+json\" class=\"yoast-schema-graph\">{\"@context\":\"https:\\\/\\\/schema.org\",\"@graph\":[{\"@type\":\"WebPage\",\"@id\":\"https:\\\/\\\/drasanvi.com\\\/fr\\\/producto\\\/triptofano-60-comprimidos\\\/\",\"url\":\"https:\\\/\\\/drasanvi.com\\\/fr\\\/producto\\\/triptofano-60-comprimidos\\\/\",\"name\":\"Tript\u00f3fano 60 Comprimidos - Drasanvi Francia\",\"isPartOf\":{\"@id\":\"https:\\\/\\\/drasanvi.com\\\/fr\\\/#website\"},\"primaryImageOfPage\":{\"@id\":\"https:\\\/\\\/drasanvi.com\\\/fr\\\/producto\\\/triptofano-60-comprimidos\\\/#primaryimage\"},\"image\":{\"@id\":\"https:\\\/\\\/drasanvi.com\\\/fr\\\/producto\\\/triptofano-60-comprimidos\\\/#primaryimage\"},\"thumbnailUrl\":\"https:\\\/\\\/drasanvi.com\\\/fr\\\/wp-content\\\/uploads\\\/sites\\\/7\\\/2022\\\/02\\\/032050691.png\",\"datePublished\":\"2022-02-28T13:19:09+00:00\",\"dateModified\":\"2022-03-10T12:18:15+00:00\",\"breadcrumb\":{\"@id\":\"https:\\\/\\\/drasanvi.com\\\/fr\\\/producto\\\/triptofano-60-comprimidos\\\/#breadcrumb\"},\"inLanguage\":\"fr-FR\",\"potentialAction\":[{\"@type\":\"ReadAction\",\"target\":[\"https:\\\/\\\/drasanvi.com\\\/fr\\\/producto\\\/triptofano-60-comprimidos\\\/\"]}]},{\"@type\":\"ImageObject\",\"inLanguage\":\"fr-FR\",\"@id\":\"https:\\\/\\\/drasanvi.com\\\/fr\\\/producto\\\/triptofano-60-comprimidos\\\/#primaryimage\",\"url\":\"https:\\\/\\\/drasanvi.com\\\/fr\\\/wp-content\\\/uploads\\\/sites\\\/7\\\/2022\\\/02\\\/032050691.png\",\"contentUrl\":\"https:\\\/\\\/drasanvi.com\\\/fr\\\/wp-content\\\/uploads\\\/sites\\\/7\\\/2022\\\/02\\\/032050691.png\",\"width\":1000,\"height\":1000},{\"@type\":\"BreadcrumbList\",\"@id\":\"https:\\\/\\\/drasanvi.com\\\/fr\\\/producto\\\/triptofano-60-comprimidos\\\/#breadcrumb\",\"itemListElement\":[{\"@type\":\"ListItem\",\"position\":1,\"name\":\"Portada\",\"item\":\"https:\\\/\\\/drasanvi.com\\\/fr\\\/\"},{\"@type\":\"ListItem\",\"position\":2,\"name\":\"Tienda\",\"item\":\"https:\\\/\\\/drasanvi.com\\\/fr\\\/tienda\\\/\"},{\"@type\":\"ListItem\",\"position\":3,\"name\":\"Tript\u00f3fano 60 Comprimidos\"}]},{\"@type\":\"WebSite\",\"@id\":\"https:\\\/\\\/drasanvi.com\\\/fr\\\/#website\",\"url\":\"https:\\\/\\\/drasanvi.com\\\/fr\\\/\",\"name\":\"Drasanvi Francia\",\"description\":\"L\u00edder en complementos alimenticios y cosm\u00e9tica natural.\",\"publisher\":{\"@id\":\"https:\\\/\\\/drasanvi.com\\\/fr\\\/#organization\"},\"potentialAction\":[{\"@type\":\"SearchAction\",\"target\":{\"@type\":\"EntryPoint\",\"urlTemplate\":\"https:\\\/\\\/drasanvi.com\\\/fr\\\/?s={search_term_string}\"},\"query-input\":{\"@type\":\"PropertyValueSpecification\",\"valueRequired\":true,\"valueName\":\"search_term_string\"}}],\"inLanguage\":\"fr-FR\"},{\"@type\":\"Organization\",\"@id\":\"https:\\\/\\\/drasanvi.com\\\/fr\\\/#organization\",\"name\":\"Drasanvi\",\"url\":\"https:\\\/\\\/drasanvi.com\\\/fr\\\/\",\"logo\":{\"@type\":\"ImageObject\",\"inLanguage\":\"fr-FR\",\"@id\":\"https:\\\/\\\/drasanvi.com\\\/fr\\\/#\\\/schema\\\/logo\\\/image\\\/\",\"url\":\"https:\\\/\\\/drasanvi.com\\\/wp-content\\\/uploads\\\/sites\\\/7\\\/2021\\\/07\\\/logo-drasanvi.png\",\"contentUrl\":\"https:\\\/\\\/drasanvi.com\\\/wp-content\\\/uploads\\\/sites\\\/7\\\/2021\\\/07\\\/logo-drasanvi.png\",\"width\":900,\"height\":300,\"caption\":\"Drasanvi\"},\"image\":{\"@id\":\"https:\\\/\\\/drasanvi.com\\\/fr\\\/#\\\/schema\\\/logo\\\/image\\\/\"}}]}<\/script>\n<!-- \/ Yoast SEO plugin. -->","yoast_head_json":{"title":"Tript\u00f3fano 60 Comprimidos - Drasanvi Francia","robots":{"index":"index","follow":"follow","max-snippet":"max-snippet:-1","max-image-preview":"max-image-preview:large","max-video-preview":"max-video-preview:-1"},"canonical":"https:\/\/drasanvi.com\/fr\/producto\/triptofano-60-comprimidos\/","og_locale":"fr_FR","og_type":"article","og_title":"Tript\u00f3fano 60 Comprimidos - Drasanvi Francia","og_description":"El Tript\u00f3fano es una amino\u00e1cido esencial que se obtiene a partir de la alimentaci\u00f3n y es necesario para la producci\u00f3n de serotonina. Para reforzar la acci\u00f3n, complementamos su acci\u00f3n con magnesio y Vitamina B6, que contribuye a la funci\u00f3n psicol\u00f3gica normal.Ficha t\u00e9cnica","og_url":"https:\/\/drasanvi.com\/fr\/producto\/triptofano-60-comprimidos\/","og_site_name":"Drasanvi Francia","article_modified_time":"2022-03-10T12:18:15+00:00","og_image":[{"width":1000,"height":1000,"url":"https:\/\/drasanvi.com\/wp-content\/uploads\/sites\/7\/2022\/02\/032050691.png","type":"image\/png"}],"twitter_card":"summary_large_image","schema":{"@context":"https:\/\/schema.org","@graph":[{"@type":"WebPage","@id":"https:\/\/drasanvi.com\/fr\/producto\/triptofano-60-comprimidos\/","url":"https:\/\/drasanvi.com\/fr\/producto\/triptofano-60-comprimidos\/","name":"Tript\u00f3fano 60 Comprimidos - Drasanvi Francia","isPartOf":{"@id":"https:\/\/drasanvi.com\/fr\/#website"},"primaryImageOfPage":{"@id":"https:\/\/drasanvi.com\/fr\/producto\/triptofano-60-comprimidos\/#primaryimage"},"image":{"@id":"https:\/\/drasanvi.com\/fr\/producto\/triptofano-60-comprimidos\/#primaryimage"},"thumbnailUrl":"https:\/\/drasanvi.com\/fr\/wp-content\/uploads\/sites\/7\/2022\/02\/032050691.png","datePublished":"2022-02-28T13:19:09+00:00","dateModified":"2022-03-10T12:18:15+00:00","breadcrumb":{"@id":"https:\/\/drasanvi.com\/fr\/producto\/triptofano-60-comprimidos\/#breadcrumb"},"inLanguage":"fr-FR","potentialAction":[{"@type":"ReadAction","target":["https:\/\/drasanvi.com\/fr\/producto\/triptofano-60-comprimidos\/"]}]},{"@type":"ImageObject","inLanguage":"fr-FR","@id":"https:\/\/drasanvi.com\/fr\/producto\/triptofano-60-comprimidos\/#primaryimage","url":"https:\/\/drasanvi.com\/fr\/wp-content\/uploads\/sites\/7\/2022\/02\/032050691.png","contentUrl":"https:\/\/drasanvi.com\/fr\/wp-content\/uploads\/sites\/7\/2022\/02\/032050691.png","width":1000,"height":1000},{"@type":"BreadcrumbList","@id":"https:\/\/drasanvi.com\/fr\/producto\/triptofano-60-comprimidos\/#breadcrumb","itemListElement":[{"@type":"ListItem","position":1,"name":"Portada","item":"https:\/\/drasanvi.com\/fr\/"},{"@type":"ListItem","position":2,"name":"Tienda","item":"https:\/\/drasanvi.com\/fr\/tienda\/"},{"@type":"ListItem","position":3,"name":"Tript\u00f3fano 60 Comprimidos"}]},{"@type":"WebSite","@id":"https:\/\/drasanvi.com\/fr\/#website","url":"https:\/\/drasanvi.com\/fr\/","name":"Drasanvi Francia","description":"L\u00edder en complementos alimenticios y cosm\u00e9tica natural.","publisher":{"@id":"https:\/\/drasanvi.com\/fr\/#organization"},"potentialAction":[{"@type":"SearchAction","target":{"@type":"EntryPoint","urlTemplate":"https:\/\/drasanvi.com\/fr\/?s={search_term_string}"},"query-input":{"@type":"PropertyValueSpecification","valueRequired":true,"valueName":"search_term_string"}}],"inLanguage":"fr-FR"},{"@type":"Organization","@id":"https:\/\/drasanvi.com\/fr\/#organization","name":"Drasanvi","url":"https:\/\/drasanvi.com\/fr\/","logo":{"@type":"ImageObject","inLanguage":"fr-FR","@id":"https:\/\/drasanvi.com\/fr\/#\/schema\/logo\/image\/","url":"https:\/\/drasanvi.com\/wp-content\/uploads\/sites\/7\/2021\/07\/logo-drasanvi.png","contentUrl":"https:\/\/drasanvi.com\/wp-content\/uploads\/sites\/7\/2021\/07\/logo-drasanvi.png","width":900,"height":300,"caption":"Drasanvi"},"image":{"@id":"https:\/\/drasanvi.com\/fr\/#\/schema\/logo\/image\/"}}]}},"_links":{"self":[{"href":"https:\/\/drasanvi.com\/fr\/wp-json\/wp\/v2\/product\/20829","targetHints":{"allow":["GET"]}}],"collection":[{"href":"https:\/\/drasanvi.com\/fr\/wp-json\/wp\/v2\/product"}],"about":[{"href":"https:\/\/drasanvi.com\/fr\/wp-json\/wp\/v2\/types\/product"}],"version-history":[{"count":0,"href":"https:\/\/drasanvi.com\/fr\/wp-json\/wp\/v2\/product\/20829\/revisions"}],"wp:featuredmedia":[{"embeddable":true,"href":"https:\/\/drasanvi.com\/fr\/wp-json\/wp\/v2\/media\/20831"}],"wp:attachment":[{"href":"https:\/\/drasanvi.com\/fr\/wp-json\/wp\/v2\/media?parent=20829"}],"wp:term":[{"taxonomy":"product_cat","embeddable":true,"href":"https:\/\/drasanvi.com\/fr\/wp-json\/wp\/v2\/product_cat?post=20829"},{"taxonomy":"product_tag","embeddable":true,"href":"https:\/\/drasanvi.com\/fr\/wp-json\/wp\/v2\/product_tag?post=20829"}],"curies":[{"name":"wp","href":"https:\/\/api.w.org\/{rel}","templated":true}]}}