{"id":20811,"date":"2022-02-28T15:19:09","date_gmt":"2022-02-28T13:19:09","guid":{"rendered":"https:\/\/drasanvi.com\/fr\/producto\/super-alimentos-kale-bio-200-g-doypack-2\/"},"modified":"2022-02-28T16:04:14","modified_gmt":"2022-02-28T14:04:14","slug":"super-alimentos-kale-bio-200-g-doypack-2","status":"publish","type":"product","link":"https:\/\/drasanvi.com\/fr\/producto\/super-alimentos-kale-bio-200-g-doypack-2\/","title":{"rendered":"Super Alimentos Kale Bio 200 g Doypack"},"content":{"rendered":"<h2>Ingredientes<\/h2>\n<p>Ingredientes  mg \/ Dosis diaria)      Kale en polvo*\u00a0Brassica oleracea  \u00a0      *Procedente de agricultura ecol\u00f3gica\u00a0        Sin colorantes, conservantes ni az\u00facares a\u00f1adidos.<\/p>\n<h2>Modo de uso<\/h2>\n<p>Enriquece todos los platos verdes. A\u00f1adir a platos fr\u00edos como ensaladas. salsas o espolvorear en cremas de verduras (una vez que hayan sido cocinadas). 1 cucharada=5 gramos<\/p>\n<h3>Presentaci\u00f3n<\/h3>\n<p>Envase de 200 g (7.05 oz)<\/p>\n<h3>Advertencias<\/h3>\n<p>Conservar en un lugar fresco y seco.Sin al&eacute;rgenos.<\/p>\n<h2>Informaci\u00f3n adicional<\/h2>\n<p>ingrediente  descripci\u00f3n      Hoja de kale en polvo**Procedente de agricultura ecol\u00f3gica  Brassica oleracea        Agricultura UE<\/p>\n<p>Por 100 g        Valor energ\u00e9tico  1075 kJ \/ 257,20 kcal      Grasas  1,8 g      de las cuales saturadas  0,21 g      Hidratos de carbono  15,64 g      de los cuales az\u00facares  9,38 g      Fibra alimentaria  31,2 g      Prote\u00ednas  29,01 g      Sal  0,77 g<\/p>\n","protected":false},"excerpt":{"rendered":"<p>El Kale es un vegetal de hoja verde que, conocido desde la antig\u00fcedad, vuelve a tener importancia en la actualidad. Su alto aporte en\u00a0 fibra y prote\u00ednas despiertan su inter\u00e9s, as\u00ed como otras sustancias como son los glucosinolatos y la clorofila.Su proceso de obtenci\u00f3n sigue criterios ecol\u00f3gicos que, sumado al no uso de altas temperaturas, permite aprovechar todas las propiedades del Kale.<br \/><a id=\"boton-ficha\" href=\"https:\/\/drasanvi.com\/fr\/fichas\/1\/032010110\" target=\"_blank\" rel=\"noopener\">Ficha t\u00e9cnica<\/a><\/p>\n","protected":false},"featured_media":20813,"template":"","meta":{"inline_featured_image":false},"product_cat":[115],"product_tag":[],"class_list":["post-20811","product","type-product","status-publish","has-post-thumbnail","hentry","product_cat-superalimentos","pa_contiene-altramuces-no","pa_contiene-apio-no","pa_contiene-cacahuetes-no","pa_contiene-crustaceos-no","pa_contiene-frutos-secos-no","pa_contiene-huevo-no","pa_contiene-leche-no","pa_contiene-moluscos-no","pa_contiene-mostaza-no","pa_contiene-pescado-no","pa_contiene-sesamo-no","pa_contiene-soja-no","pa_producto-bio-si","pa_producto-sin-gluten-si","pa_producto-vegano-si","pa_producto-vegetariano-si"],"yoast_head":"<!-- This site is optimized with the Yoast SEO plugin v27.4 - https:\/\/yoast.com\/product\/yoast-seo-wordpress\/ -->\n<title>Super Alimentos Kale Bio 200 g Doypack - Drasanvi Francia<\/title>\n<meta name=\"robots\" content=\"index, follow, max-snippet:-1, max-image-preview:large, max-video-preview:-1\" \/>\n<link rel=\"canonical\" href=\"https:\/\/drasanvi.com\/fr\/producto\/super-alimentos-kale-bio-200-g-doypack-2\/\" \/>\n<meta property=\"og:locale\" content=\"fr_FR\" \/>\n<meta property=\"og:type\" content=\"article\" \/>\n<meta property=\"og:title\" content=\"Super Alimentos Kale Bio 200 g Doypack - Drasanvi Francia\" \/>\n<meta property=\"og:description\" content=\"El Kale es un vegetal de hoja verde que, conocido desde la antig\u00fcedad, vuelve a tener importancia en la actualidad. Su alto aporte en\u00a0 fibra y prote\u00ednas despiertan su inter\u00e9s, as\u00ed como otras sustancias como son los glucosinolatos y la clorofila.Su proceso de obtenci\u00f3n sigue criterios ecol\u00f3gicos que, sumado al no uso de altas temperaturas, permite aprovechar todas las propiedades del Kale.Ficha t\u00e9cnica\" \/>\n<meta property=\"og:url\" content=\"https:\/\/drasanvi.com\/fr\/producto\/super-alimentos-kale-bio-200-g-doypack-2\/\" \/>\n<meta property=\"og:site_name\" content=\"Drasanvi Francia\" \/>\n<meta property=\"article:modified_time\" content=\"2022-02-28T14:04:14+00:00\" \/>\n<meta property=\"og:image\" content=\"https:\/\/drasanvi.com\/wp-content\/uploads\/sites\/7\/2022\/02\/032010110.png\" \/>\n\t<meta property=\"og:image:width\" content=\"1000\" \/>\n\t<meta property=\"og:image:height\" content=\"1000\" \/>\n\t<meta property=\"og:image:type\" content=\"image\/png\" \/>\n<meta name=\"twitter:card\" content=\"summary_large_image\" \/>\n<script type=\"application\/ld+json\" class=\"yoast-schema-graph\">{\"@context\":\"https:\\\/\\\/schema.org\",\"@graph\":[{\"@type\":\"WebPage\",\"@id\":\"https:\\\/\\\/drasanvi.com\\\/fr\\\/producto\\\/super-alimentos-kale-bio-200-g-doypack-2\\\/\",\"url\":\"https:\\\/\\\/drasanvi.com\\\/fr\\\/producto\\\/super-alimentos-kale-bio-200-g-doypack-2\\\/\",\"name\":\"Super Alimentos Kale Bio 200 g Doypack - Drasanvi Francia\",\"isPartOf\":{\"@id\":\"https:\\\/\\\/drasanvi.com\\\/fr\\\/#website\"},\"primaryImageOfPage\":{\"@id\":\"https:\\\/\\\/drasanvi.com\\\/fr\\\/producto\\\/super-alimentos-kale-bio-200-g-doypack-2\\\/#primaryimage\"},\"image\":{\"@id\":\"https:\\\/\\\/drasanvi.com\\\/fr\\\/producto\\\/super-alimentos-kale-bio-200-g-doypack-2\\\/#primaryimage\"},\"thumbnailUrl\":\"https:\\\/\\\/drasanvi.com\\\/fr\\\/wp-content\\\/uploads\\\/sites\\\/7\\\/2022\\\/02\\\/032010110.png\",\"datePublished\":\"2022-02-28T13:19:09+00:00\",\"dateModified\":\"2022-02-28T14:04:14+00:00\",\"breadcrumb\":{\"@id\":\"https:\\\/\\\/drasanvi.com\\\/fr\\\/producto\\\/super-alimentos-kale-bio-200-g-doypack-2\\\/#breadcrumb\"},\"inLanguage\":\"fr-FR\",\"potentialAction\":[{\"@type\":\"ReadAction\",\"target\":[\"https:\\\/\\\/drasanvi.com\\\/fr\\\/producto\\\/super-alimentos-kale-bio-200-g-doypack-2\\\/\"]}]},{\"@type\":\"ImageObject\",\"inLanguage\":\"fr-FR\",\"@id\":\"https:\\\/\\\/drasanvi.com\\\/fr\\\/producto\\\/super-alimentos-kale-bio-200-g-doypack-2\\\/#primaryimage\",\"url\":\"https:\\\/\\\/drasanvi.com\\\/fr\\\/wp-content\\\/uploads\\\/sites\\\/7\\\/2022\\\/02\\\/032010110.png\",\"contentUrl\":\"https:\\\/\\\/drasanvi.com\\\/fr\\\/wp-content\\\/uploads\\\/sites\\\/7\\\/2022\\\/02\\\/032010110.png\",\"width\":1000,\"height\":1000},{\"@type\":\"BreadcrumbList\",\"@id\":\"https:\\\/\\\/drasanvi.com\\\/fr\\\/producto\\\/super-alimentos-kale-bio-200-g-doypack-2\\\/#breadcrumb\",\"itemListElement\":[{\"@type\":\"ListItem\",\"position\":1,\"name\":\"Portada\",\"item\":\"https:\\\/\\\/drasanvi.com\\\/fr\\\/\"},{\"@type\":\"ListItem\",\"position\":2,\"name\":\"Tienda\",\"item\":\"https:\\\/\\\/drasanvi.com\\\/fr\\\/tienda\\\/\"},{\"@type\":\"ListItem\",\"position\":3,\"name\":\"Super Alimentos Kale Bio 200 g Doypack\"}]},{\"@type\":\"WebSite\",\"@id\":\"https:\\\/\\\/drasanvi.com\\\/fr\\\/#website\",\"url\":\"https:\\\/\\\/drasanvi.com\\\/fr\\\/\",\"name\":\"Drasanvi Francia\",\"description\":\"L\u00edder en complementos alimenticios y cosm\u00e9tica natural.\",\"publisher\":{\"@id\":\"https:\\\/\\\/drasanvi.com\\\/fr\\\/#organization\"},\"potentialAction\":[{\"@type\":\"SearchAction\",\"target\":{\"@type\":\"EntryPoint\",\"urlTemplate\":\"https:\\\/\\\/drasanvi.com\\\/fr\\\/?s={search_term_string}\"},\"query-input\":{\"@type\":\"PropertyValueSpecification\",\"valueRequired\":true,\"valueName\":\"search_term_string\"}}],\"inLanguage\":\"fr-FR\"},{\"@type\":\"Organization\",\"@id\":\"https:\\\/\\\/drasanvi.com\\\/fr\\\/#organization\",\"name\":\"Drasanvi\",\"url\":\"https:\\\/\\\/drasanvi.com\\\/fr\\\/\",\"logo\":{\"@type\":\"ImageObject\",\"inLanguage\":\"fr-FR\",\"@id\":\"https:\\\/\\\/drasanvi.com\\\/fr\\\/#\\\/schema\\\/logo\\\/image\\\/\",\"url\":\"https:\\\/\\\/drasanvi.com\\\/wp-content\\\/uploads\\\/sites\\\/7\\\/2021\\\/07\\\/logo-drasanvi.png\",\"contentUrl\":\"https:\\\/\\\/drasanvi.com\\\/wp-content\\\/uploads\\\/sites\\\/7\\\/2021\\\/07\\\/logo-drasanvi.png\",\"width\":900,\"height\":300,\"caption\":\"Drasanvi\"},\"image\":{\"@id\":\"https:\\\/\\\/drasanvi.com\\\/fr\\\/#\\\/schema\\\/logo\\\/image\\\/\"}}]}<\/script>\n<!-- \/ Yoast SEO plugin. -->","yoast_head_json":{"title":"Super Alimentos Kale Bio 200 g Doypack - Drasanvi Francia","robots":{"index":"index","follow":"follow","max-snippet":"max-snippet:-1","max-image-preview":"max-image-preview:large","max-video-preview":"max-video-preview:-1"},"canonical":"https:\/\/drasanvi.com\/fr\/producto\/super-alimentos-kale-bio-200-g-doypack-2\/","og_locale":"fr_FR","og_type":"article","og_title":"Super Alimentos Kale Bio 200 g Doypack - Drasanvi Francia","og_description":"El Kale es un vegetal de hoja verde que, conocido desde la antig\u00fcedad, vuelve a tener importancia en la actualidad. Su alto aporte en\u00a0 fibra y prote\u00ednas despiertan su inter\u00e9s, as\u00ed como otras sustancias como son los glucosinolatos y la clorofila.Su proceso de obtenci\u00f3n sigue criterios ecol\u00f3gicos que, sumado al no uso de altas temperaturas, permite aprovechar todas las propiedades del Kale.Ficha t\u00e9cnica","og_url":"https:\/\/drasanvi.com\/fr\/producto\/super-alimentos-kale-bio-200-g-doypack-2\/","og_site_name":"Drasanvi Francia","article_modified_time":"2022-02-28T14:04:14+00:00","og_image":[{"width":1000,"height":1000,"url":"https:\/\/drasanvi.com\/wp-content\/uploads\/sites\/7\/2022\/02\/032010110.png","type":"image\/png"}],"twitter_card":"summary_large_image","schema":{"@context":"https:\/\/schema.org","@graph":[{"@type":"WebPage","@id":"https:\/\/drasanvi.com\/fr\/producto\/super-alimentos-kale-bio-200-g-doypack-2\/","url":"https:\/\/drasanvi.com\/fr\/producto\/super-alimentos-kale-bio-200-g-doypack-2\/","name":"Super Alimentos Kale Bio 200 g Doypack - Drasanvi Francia","isPartOf":{"@id":"https:\/\/drasanvi.com\/fr\/#website"},"primaryImageOfPage":{"@id":"https:\/\/drasanvi.com\/fr\/producto\/super-alimentos-kale-bio-200-g-doypack-2\/#primaryimage"},"image":{"@id":"https:\/\/drasanvi.com\/fr\/producto\/super-alimentos-kale-bio-200-g-doypack-2\/#primaryimage"},"thumbnailUrl":"https:\/\/drasanvi.com\/fr\/wp-content\/uploads\/sites\/7\/2022\/02\/032010110.png","datePublished":"2022-02-28T13:19:09+00:00","dateModified":"2022-02-28T14:04:14+00:00","breadcrumb":{"@id":"https:\/\/drasanvi.com\/fr\/producto\/super-alimentos-kale-bio-200-g-doypack-2\/#breadcrumb"},"inLanguage":"fr-FR","potentialAction":[{"@type":"ReadAction","target":["https:\/\/drasanvi.com\/fr\/producto\/super-alimentos-kale-bio-200-g-doypack-2\/"]}]},{"@type":"ImageObject","inLanguage":"fr-FR","@id":"https:\/\/drasanvi.com\/fr\/producto\/super-alimentos-kale-bio-200-g-doypack-2\/#primaryimage","url":"https:\/\/drasanvi.com\/fr\/wp-content\/uploads\/sites\/7\/2022\/02\/032010110.png","contentUrl":"https:\/\/drasanvi.com\/fr\/wp-content\/uploads\/sites\/7\/2022\/02\/032010110.png","width":1000,"height":1000},{"@type":"BreadcrumbList","@id":"https:\/\/drasanvi.com\/fr\/producto\/super-alimentos-kale-bio-200-g-doypack-2\/#breadcrumb","itemListElement":[{"@type":"ListItem","position":1,"name":"Portada","item":"https:\/\/drasanvi.com\/fr\/"},{"@type":"ListItem","position":2,"name":"Tienda","item":"https:\/\/drasanvi.com\/fr\/tienda\/"},{"@type":"ListItem","position":3,"name":"Super Alimentos Kale Bio 200 g Doypack"}]},{"@type":"WebSite","@id":"https:\/\/drasanvi.com\/fr\/#website","url":"https:\/\/drasanvi.com\/fr\/","name":"Drasanvi Francia","description":"L\u00edder en complementos alimenticios y cosm\u00e9tica natural.","publisher":{"@id":"https:\/\/drasanvi.com\/fr\/#organization"},"potentialAction":[{"@type":"SearchAction","target":{"@type":"EntryPoint","urlTemplate":"https:\/\/drasanvi.com\/fr\/?s={search_term_string}"},"query-input":{"@type":"PropertyValueSpecification","valueRequired":true,"valueName":"search_term_string"}}],"inLanguage":"fr-FR"},{"@type":"Organization","@id":"https:\/\/drasanvi.com\/fr\/#organization","name":"Drasanvi","url":"https:\/\/drasanvi.com\/fr\/","logo":{"@type":"ImageObject","inLanguage":"fr-FR","@id":"https:\/\/drasanvi.com\/fr\/#\/schema\/logo\/image\/","url":"https:\/\/drasanvi.com\/wp-content\/uploads\/sites\/7\/2021\/07\/logo-drasanvi.png","contentUrl":"https:\/\/drasanvi.com\/wp-content\/uploads\/sites\/7\/2021\/07\/logo-drasanvi.png","width":900,"height":300,"caption":"Drasanvi"},"image":{"@id":"https:\/\/drasanvi.com\/fr\/#\/schema\/logo\/image\/"}}]}},"_links":{"self":[{"href":"https:\/\/drasanvi.com\/fr\/wp-json\/wp\/v2\/product\/20811","targetHints":{"allow":["GET"]}}],"collection":[{"href":"https:\/\/drasanvi.com\/fr\/wp-json\/wp\/v2\/product"}],"about":[{"href":"https:\/\/drasanvi.com\/fr\/wp-json\/wp\/v2\/types\/product"}],"version-history":[{"count":0,"href":"https:\/\/drasanvi.com\/fr\/wp-json\/wp\/v2\/product\/20811\/revisions"}],"wp:featuredmedia":[{"embeddable":true,"href":"https:\/\/drasanvi.com\/fr\/wp-json\/wp\/v2\/media\/20813"}],"wp:attachment":[{"href":"https:\/\/drasanvi.com\/fr\/wp-json\/wp\/v2\/media?parent=20811"}],"wp:term":[{"taxonomy":"product_cat","embeddable":true,"href":"https:\/\/drasanvi.com\/fr\/wp-json\/wp\/v2\/product_cat?post=20811"},{"taxonomy":"product_tag","embeddable":true,"href":"https:\/\/drasanvi.com\/fr\/wp-json\/wp\/v2\/product_tag?post=20811"}],"curies":[{"name":"wp","href":"https:\/\/api.w.org\/{rel}","templated":true}]}}