{"id":20586,"date":"2022-02-28T15:15:00","date_gmt":"2022-02-28T13:15:00","guid":{"rendered":"https:\/\/drasanvi.com\/fr\/producto\/rosa-mosqueta-crema-facial\/"},"modified":"2022-03-10T14:17:49","modified_gmt":"2022-03-10T12:17:49","slug":"rosa-mosqueta-crema-facial","status":"publish","type":"product","link":"https:\/\/drasanvi.com\/fr\/producto\/rosa-mosqueta-crema-facial\/","title":{"rendered":"Rosa Mosqueta Crema Facial"},"content":{"rendered":"<h2>Ingredientes<\/h2>\n<p>Regenerador, ayudando a reducir arrugas y minimizar los primeros s\u00edntomas de envejecimiento.<\/p>\n<h2>Modo de uso<\/h2>\n<p>Hidratante. La presencia de Rosa de Mosqueta, retiene las mol\u00e9culas de agua en la piel. Aportando la hidrataci\u00f3n necesaria para que la\u00a0piel tenga un aspecto joven y saludable.<\/p>\n<h3>Presentaci\u00f3n<\/h3>\n<p>Aceite de Rosa Mosqueta , Aceite de Almendras Dulces, extracto de Oliva, Vid Roja, Aceite de Jojoba, Vitamina E y Vitamina C.<\/p>\n<h3>Advertencias<\/h3>\n<p>La crema hidratante de Rosa de Mosqueta re\u00fane lo mejor de la naturaleza, para el cuidado de tu piel. Esta calidad, ha sido la responsable, de que nuestra crema haya obtenido el sello, de la prestigiosa certifi cadora alemana, BDIH. Esta certi ficaci\u00f3n de producto biol\u00f3gico es sin\u00f3nimo de alta calidad.<\/p>\n<h2>Informaci\u00f3n adicional<\/h2>\n<p>Reafirmante, aportando elasticidad a la\u00a0piel.<\/p>\n<p>Aplicar por la ma\u00f1ana sobre el rostro, cuello y escote mediante peque\u00f1os masajes circulares, hasta su total absorci\u00f3n. Evitar el contacto directo con los ojos, heridas abiertas y mucosas. No aplicar a ni\u00f1os menores de tres a\u00f1os.<\/p>\n<p>Envase de 50 ml (1.75 fl oz)<\/p>\n","protected":false},"excerpt":{"rendered":"<p>La crema de Rosa Mosqueta de Drasanvi\u00ae est\u00e1 formulada a partir de ingredientes biol\u00f3gicos de primera calidad. Contiene una elevada cantidad de aceite de Rosa Mosqueta. Su incorporaci\u00f3n a otros ingredientes y\u00a0su\u00a0presentaci\u00f3n en crema permite una mayor penetraci\u00f3n en la epidermis, adem\u00e1s de proporcionar una dosificaci\u00f3n c\u00f3moda y agradable. La Rosa Mosqueta aporta importantes cantidades de \u00e1cidos grasos esenciales poliinsaturados, como el linoleico y linol\u00e9nico, los cuales son responsables de los efectos beneficiosos en la regeneraci\u00f3n de la piel.<br \/><a id=\"boton-ficha\" href=\"0\" target=\"_blank\" rel=\"noopener\">Ficha t\u00e9cnica<\/a><\/p>\n","protected":false},"featured_media":0,"template":"","meta":{"inline_featured_image":false},"product_cat":[94],"product_tag":[],"class_list":["post-20586","product","type-product","status-publish","hentry","product_cat-cosmetica","pa_contiene-altramuces-no","pa_contiene-apio-no","pa_contiene-cacahuetes-si","pa_contiene-crustaceos-no","pa_contiene-frutos-secos-no","pa_contiene-huevo-no","pa_contiene-leche-no","pa_contiene-moluscos-no","pa_contiene-mostaza-no","pa_contiene-pescado-no","pa_contiene-sesamo-no","pa_contiene-soja-no","pa_producto-sin-gluten-no"],"yoast_head":"<!-- This site is optimized with the Yoast SEO plugin v27.4 - https:\/\/yoast.com\/product\/yoast-seo-wordpress\/ -->\n<title>Rosa Mosqueta Crema Facial - Drasanvi Francia<\/title>\n<meta name=\"robots\" content=\"index, follow, max-snippet:-1, max-image-preview:large, max-video-preview:-1\" \/>\n<link rel=\"canonical\" href=\"https:\/\/drasanvi.com\/fr\/producto\/rosa-mosqueta-crema-facial\/\" \/>\n<meta property=\"og:locale\" content=\"fr_FR\" \/>\n<meta property=\"og:type\" content=\"article\" \/>\n<meta property=\"og:title\" content=\"Rosa Mosqueta Crema Facial - Drasanvi Francia\" \/>\n<meta property=\"og:description\" content=\"La crema de Rosa Mosqueta de Drasanvi\u00ae est\u00e1 formulada a partir de ingredientes biol\u00f3gicos de primera calidad. Contiene una elevada cantidad de aceite de Rosa Mosqueta. Su incorporaci\u00f3n a otros ingredientes y\u00a0su\u00a0presentaci\u00f3n en crema permite una mayor penetraci\u00f3n en la epidermis, adem\u00e1s de proporcionar una dosificaci\u00f3n c\u00f3moda y agradable. La Rosa Mosqueta aporta importantes cantidades de \u00e1cidos grasos esenciales poliinsaturados, como el linoleico y linol\u00e9nico, los cuales son responsables de los efectos beneficiosos en la regeneraci\u00f3n de la piel.Ficha t\u00e9cnica\" \/>\n<meta property=\"og:url\" content=\"https:\/\/drasanvi.com\/fr\/producto\/rosa-mosqueta-crema-facial\/\" \/>\n<meta property=\"og:site_name\" content=\"Drasanvi Francia\" \/>\n<meta property=\"article:modified_time\" content=\"2022-03-10T12:17:49+00:00\" \/>\n<meta name=\"twitter:card\" content=\"summary_large_image\" \/>\n<script type=\"application\/ld+json\" class=\"yoast-schema-graph\">{\"@context\":\"https:\\\/\\\/schema.org\",\"@graph\":[{\"@type\":\"WebPage\",\"@id\":\"https:\\\/\\\/drasanvi.com\\\/fr\\\/producto\\\/rosa-mosqueta-crema-facial\\\/\",\"url\":\"https:\\\/\\\/drasanvi.com\\\/fr\\\/producto\\\/rosa-mosqueta-crema-facial\\\/\",\"name\":\"Rosa Mosqueta Crema Facial - Drasanvi Francia\",\"isPartOf\":{\"@id\":\"https:\\\/\\\/drasanvi.com\\\/fr\\\/#website\"},\"datePublished\":\"2022-02-28T13:15:00+00:00\",\"dateModified\":\"2022-03-10T12:17:49+00:00\",\"breadcrumb\":{\"@id\":\"https:\\\/\\\/drasanvi.com\\\/fr\\\/producto\\\/rosa-mosqueta-crema-facial\\\/#breadcrumb\"},\"inLanguage\":\"fr-FR\",\"potentialAction\":[{\"@type\":\"ReadAction\",\"target\":[\"https:\\\/\\\/drasanvi.com\\\/fr\\\/producto\\\/rosa-mosqueta-crema-facial\\\/\"]}]},{\"@type\":\"BreadcrumbList\",\"@id\":\"https:\\\/\\\/drasanvi.com\\\/fr\\\/producto\\\/rosa-mosqueta-crema-facial\\\/#breadcrumb\",\"itemListElement\":[{\"@type\":\"ListItem\",\"position\":1,\"name\":\"Portada\",\"item\":\"https:\\\/\\\/drasanvi.com\\\/fr\\\/\"},{\"@type\":\"ListItem\",\"position\":2,\"name\":\"Tienda\",\"item\":\"https:\\\/\\\/drasanvi.com\\\/fr\\\/tienda\\\/\"},{\"@type\":\"ListItem\",\"position\":3,\"name\":\"Rosa Mosqueta Crema Facial\"}]},{\"@type\":\"WebSite\",\"@id\":\"https:\\\/\\\/drasanvi.com\\\/fr\\\/#website\",\"url\":\"https:\\\/\\\/drasanvi.com\\\/fr\\\/\",\"name\":\"Drasanvi Francia\",\"description\":\"L\u00edder en complementos alimenticios y cosm\u00e9tica natural.\",\"publisher\":{\"@id\":\"https:\\\/\\\/drasanvi.com\\\/fr\\\/#organization\"},\"potentialAction\":[{\"@type\":\"SearchAction\",\"target\":{\"@type\":\"EntryPoint\",\"urlTemplate\":\"https:\\\/\\\/drasanvi.com\\\/fr\\\/?s={search_term_string}\"},\"query-input\":{\"@type\":\"PropertyValueSpecification\",\"valueRequired\":true,\"valueName\":\"search_term_string\"}}],\"inLanguage\":\"fr-FR\"},{\"@type\":\"Organization\",\"@id\":\"https:\\\/\\\/drasanvi.com\\\/fr\\\/#organization\",\"name\":\"Drasanvi\",\"url\":\"https:\\\/\\\/drasanvi.com\\\/fr\\\/\",\"logo\":{\"@type\":\"ImageObject\",\"inLanguage\":\"fr-FR\",\"@id\":\"https:\\\/\\\/drasanvi.com\\\/fr\\\/#\\\/schema\\\/logo\\\/image\\\/\",\"url\":\"https:\\\/\\\/drasanvi.com\\\/wp-content\\\/uploads\\\/sites\\\/7\\\/2021\\\/07\\\/logo-drasanvi.png\",\"contentUrl\":\"https:\\\/\\\/drasanvi.com\\\/wp-content\\\/uploads\\\/sites\\\/7\\\/2021\\\/07\\\/logo-drasanvi.png\",\"width\":900,\"height\":300,\"caption\":\"Drasanvi\"},\"image\":{\"@id\":\"https:\\\/\\\/drasanvi.com\\\/fr\\\/#\\\/schema\\\/logo\\\/image\\\/\"}}]}<\/script>\n<!-- \/ Yoast SEO plugin. -->","yoast_head_json":{"title":"Rosa Mosqueta Crema Facial - Drasanvi Francia","robots":{"index":"index","follow":"follow","max-snippet":"max-snippet:-1","max-image-preview":"max-image-preview:large","max-video-preview":"max-video-preview:-1"},"canonical":"https:\/\/drasanvi.com\/fr\/producto\/rosa-mosqueta-crema-facial\/","og_locale":"fr_FR","og_type":"article","og_title":"Rosa Mosqueta Crema Facial - Drasanvi Francia","og_description":"La crema de Rosa Mosqueta de Drasanvi\u00ae est\u00e1 formulada a partir de ingredientes biol\u00f3gicos de primera calidad. Contiene una elevada cantidad de aceite de Rosa Mosqueta. Su incorporaci\u00f3n a otros ingredientes y\u00a0su\u00a0presentaci\u00f3n en crema permite una mayor penetraci\u00f3n en la epidermis, adem\u00e1s de proporcionar una dosificaci\u00f3n c\u00f3moda y agradable. La Rosa Mosqueta aporta importantes cantidades de \u00e1cidos grasos esenciales poliinsaturados, como el linoleico y linol\u00e9nico, los cuales son responsables de los efectos beneficiosos en la regeneraci\u00f3n de la piel.Ficha t\u00e9cnica","og_url":"https:\/\/drasanvi.com\/fr\/producto\/rosa-mosqueta-crema-facial\/","og_site_name":"Drasanvi Francia","article_modified_time":"2022-03-10T12:17:49+00:00","twitter_card":"summary_large_image","schema":{"@context":"https:\/\/schema.org","@graph":[{"@type":"WebPage","@id":"https:\/\/drasanvi.com\/fr\/producto\/rosa-mosqueta-crema-facial\/","url":"https:\/\/drasanvi.com\/fr\/producto\/rosa-mosqueta-crema-facial\/","name":"Rosa Mosqueta Crema Facial - Drasanvi Francia","isPartOf":{"@id":"https:\/\/drasanvi.com\/fr\/#website"},"datePublished":"2022-02-28T13:15:00+00:00","dateModified":"2022-03-10T12:17:49+00:00","breadcrumb":{"@id":"https:\/\/drasanvi.com\/fr\/producto\/rosa-mosqueta-crema-facial\/#breadcrumb"},"inLanguage":"fr-FR","potentialAction":[{"@type":"ReadAction","target":["https:\/\/drasanvi.com\/fr\/producto\/rosa-mosqueta-crema-facial\/"]}]},{"@type":"BreadcrumbList","@id":"https:\/\/drasanvi.com\/fr\/producto\/rosa-mosqueta-crema-facial\/#breadcrumb","itemListElement":[{"@type":"ListItem","position":1,"name":"Portada","item":"https:\/\/drasanvi.com\/fr\/"},{"@type":"ListItem","position":2,"name":"Tienda","item":"https:\/\/drasanvi.com\/fr\/tienda\/"},{"@type":"ListItem","position":3,"name":"Rosa Mosqueta Crema Facial"}]},{"@type":"WebSite","@id":"https:\/\/drasanvi.com\/fr\/#website","url":"https:\/\/drasanvi.com\/fr\/","name":"Drasanvi Francia","description":"L\u00edder en complementos alimenticios y cosm\u00e9tica natural.","publisher":{"@id":"https:\/\/drasanvi.com\/fr\/#organization"},"potentialAction":[{"@type":"SearchAction","target":{"@type":"EntryPoint","urlTemplate":"https:\/\/drasanvi.com\/fr\/?s={search_term_string}"},"query-input":{"@type":"PropertyValueSpecification","valueRequired":true,"valueName":"search_term_string"}}],"inLanguage":"fr-FR"},{"@type":"Organization","@id":"https:\/\/drasanvi.com\/fr\/#organization","name":"Drasanvi","url":"https:\/\/drasanvi.com\/fr\/","logo":{"@type":"ImageObject","inLanguage":"fr-FR","@id":"https:\/\/drasanvi.com\/fr\/#\/schema\/logo\/image\/","url":"https:\/\/drasanvi.com\/wp-content\/uploads\/sites\/7\/2021\/07\/logo-drasanvi.png","contentUrl":"https:\/\/drasanvi.com\/wp-content\/uploads\/sites\/7\/2021\/07\/logo-drasanvi.png","width":900,"height":300,"caption":"Drasanvi"},"image":{"@id":"https:\/\/drasanvi.com\/fr\/#\/schema\/logo\/image\/"}}]}},"_links":{"self":[{"href":"https:\/\/drasanvi.com\/fr\/wp-json\/wp\/v2\/product\/20586","targetHints":{"allow":["GET"]}}],"collection":[{"href":"https:\/\/drasanvi.com\/fr\/wp-json\/wp\/v2\/product"}],"about":[{"href":"https:\/\/drasanvi.com\/fr\/wp-json\/wp\/v2\/types\/product"}],"version-history":[{"count":0,"href":"https:\/\/drasanvi.com\/fr\/wp-json\/wp\/v2\/product\/20586\/revisions"}],"wp:attachment":[{"href":"https:\/\/drasanvi.com\/fr\/wp-json\/wp\/v2\/media?parent=20586"}],"wp:term":[{"taxonomy":"product_cat","embeddable":true,"href":"https:\/\/drasanvi.com\/fr\/wp-json\/wp\/v2\/product_cat?post=20586"},{"taxonomy":"product_tag","embeddable":true,"href":"https:\/\/drasanvi.com\/fr\/wp-json\/wp\/v2\/product_tag?post=20586"}],"curies":[{"name":"wp","href":"https:\/\/api.w.org\/{rel}","templated":true}]}}