{"id":20354,"date":"2022-02-28T15:10:25","date_gmt":"2022-02-28T13:10:25","guid":{"rendered":"https:\/\/drasanvi.com\/fr\/producto\/mineral-yodo-60-comprimidos\/"},"modified":"2022-03-10T14:17:32","modified_gmt":"2022-03-10T12:17:32","slug":"mineral-yodo-60-comprimidos","status":"publish","type":"product","link":"https:\/\/drasanvi.com\/fr\/producto\/mineral-yodo-60-comprimidos\/","title":{"rendered":"Mineral Yodo  60 comprimidos"},"content":{"rendered":"<h2>Ingredientes<\/h2>\n<p>Ingredientes  mg \/ Dosis diaria)      Yoduro de Potasio\u00a0 \u00a0  \u00a00,261 mg (200\u00b5g)      Otros Ingredientes: Celulosa microcristalina, Magnesio estearato y Di\u00f3xido de Silicio        Sin colorantes, conservantes ni az\u00facares a\u00f1adidos.<\/p>\n<h2>Modo de uso<\/h2>\n<p>Tomar un comprimido al d\u00eda, junto a la comida.<\/p>\n<h3>Presentaci\u00f3n<\/h3>\n<p>60 comprimidos de 528 mg (31,68 g)<\/p>\n<h3>Advertencias<\/h3>\n<p>COMPLEMENTO ALIMENTICIO A BASE DE YODO.Los complementos alimenticios no deben utilizarse como sustituto de una dieta equilibrada. No superar la dosis diaria expresamente recomendada. Mantener fuera del alcance de los ni&ntilde;os m&aacute;s peque&ntilde;os. Conservar en un lugar fresco y seco.<\/p>\n<h2>Informaci\u00f3n adicional<\/h2>\n<p>Ingrediente  Descripci\u00f3n  Dosis diaria      Agente de carga  (Celulosa microcristalina)   500\u00a0 mg      Agente de carga  (Estearato de magnesio)  20 mg       Antiaglomerante  (Di\u00f3xido de silicio)  8 mg\u00a0      Yoduro de potasio\u00a0  (Yodo 76,5%)  261 \u00b5g        \u00a0\u00a0<\/p>\n<p>por dosis diaria        Ingrediente  Porcentaje  Cantidad      Yodo  133%  \u00a0200 \u00b5g        % VRN (Valor de Referencia Nutricional)<\/p>\n","protected":false},"excerpt":{"rendered":"<p>El yodo contribuye a la funci\u00f3n cognitiva normal.  El yodo contribuye al metabolismo energ\u00e9tico normal.  El yodo contribuye al funcionamiento normal del sistema nervioso.  El yodo contribuye al mantenimiento de la piel en condiciones normales.  El yodo contribuye a la producci\u00f3n normal de hormonas tiroideas y a la funci\u00f3n tiroidea normal<br \/><a id=\"boton-ficha\" href=\"https:\/\/panel.drasanvi.com\/fichas\/1\/032057041\" target=\"_blank\" rel=\"noopener\">Ficha t\u00e9cnica<\/a><\/p>\n","protected":false},"featured_media":0,"template":"","meta":{"inline_featured_image":false},"product_cat":[87],"product_tag":[],"class_list":["post-20354","product","type-product","status-publish","hentry","product_cat-acide-urique","pa_contiene-altramuces-no","pa_contiene-apio-no","pa_contiene-cacahuetes-no","pa_contiene-crustaceos-no","pa_contiene-frutos-secos-no","pa_contiene-huevo-no","pa_contiene-leche-no","pa_contiene-moluscos-no","pa_contiene-mostaza-no","pa_contiene-pescado-no","pa_contiene-sesamo-no","pa_contiene-soja-no","pa_producto-bio-no","pa_producto-sin-gluten-si","pa_producto-vegano-si","pa_producto-vegetariano-si"],"yoast_head":"<!-- This site is optimized with the Yoast SEO plugin v27.5 - https:\/\/yoast.com\/product\/yoast-seo-wordpress\/ -->\n<title>Mineral Yodo 60 comprimidos - Drasanvi Francia<\/title>\n<meta name=\"robots\" content=\"index, follow, max-snippet:-1, max-image-preview:large, max-video-preview:-1\" \/>\n<link rel=\"canonical\" href=\"https:\/\/drasanvi.com\/fr\/producto\/mineral-yodo-60-comprimidos\/\" \/>\n<meta property=\"og:locale\" content=\"fr_FR\" \/>\n<meta property=\"og:type\" content=\"article\" \/>\n<meta property=\"og:title\" content=\"Mineral Yodo 60 comprimidos - Drasanvi Francia\" \/>\n<meta property=\"og:description\" content=\"El yodo contribuye a la funci\u00f3n cognitiva normal. El yodo contribuye al metabolismo energ\u00e9tico normal. El yodo contribuye al funcionamiento normal del sistema nervioso. El yodo contribuye al mantenimiento de la piel en condiciones normales. El yodo contribuye a la producci\u00f3n normal de hormonas tiroideas y a la funci\u00f3n tiroidea normalFicha t\u00e9cnica\" \/>\n<meta property=\"og:url\" content=\"https:\/\/drasanvi.com\/fr\/producto\/mineral-yodo-60-comprimidos\/\" \/>\n<meta property=\"og:site_name\" content=\"Drasanvi Francia\" \/>\n<meta property=\"article:modified_time\" content=\"2022-03-10T12:17:32+00:00\" \/>\n<meta name=\"twitter:card\" content=\"summary_large_image\" \/>\n<script type=\"application\/ld+json\" class=\"yoast-schema-graph\">{\"@context\":\"https:\\\/\\\/schema.org\",\"@graph\":[{\"@type\":\"WebPage\",\"@id\":\"https:\\\/\\\/drasanvi.com\\\/fr\\\/producto\\\/mineral-yodo-60-comprimidos\\\/\",\"url\":\"https:\\\/\\\/drasanvi.com\\\/fr\\\/producto\\\/mineral-yodo-60-comprimidos\\\/\",\"name\":\"Mineral Yodo 60 comprimidos - Drasanvi Francia\",\"isPartOf\":{\"@id\":\"https:\\\/\\\/drasanvi.com\\\/fr\\\/#website\"},\"datePublished\":\"2022-02-28T13:10:25+00:00\",\"dateModified\":\"2022-03-10T12:17:32+00:00\",\"breadcrumb\":{\"@id\":\"https:\\\/\\\/drasanvi.com\\\/fr\\\/producto\\\/mineral-yodo-60-comprimidos\\\/#breadcrumb\"},\"inLanguage\":\"fr-FR\",\"potentialAction\":[{\"@type\":\"ReadAction\",\"target\":[\"https:\\\/\\\/drasanvi.com\\\/fr\\\/producto\\\/mineral-yodo-60-comprimidos\\\/\"]}]},{\"@type\":\"BreadcrumbList\",\"@id\":\"https:\\\/\\\/drasanvi.com\\\/fr\\\/producto\\\/mineral-yodo-60-comprimidos\\\/#breadcrumb\",\"itemListElement\":[{\"@type\":\"ListItem\",\"position\":1,\"name\":\"Portada\",\"item\":\"https:\\\/\\\/drasanvi.com\\\/fr\\\/\"},{\"@type\":\"ListItem\",\"position\":2,\"name\":\"Tienda\",\"item\":\"https:\\\/\\\/drasanvi.com\\\/fr\\\/tienda\\\/\"},{\"@type\":\"ListItem\",\"position\":3,\"name\":\"Mineral Yodo 60 comprimidos\"}]},{\"@type\":\"WebSite\",\"@id\":\"https:\\\/\\\/drasanvi.com\\\/fr\\\/#website\",\"url\":\"https:\\\/\\\/drasanvi.com\\\/fr\\\/\",\"name\":\"Drasanvi Francia\",\"description\":\"L\u00edder en complementos alimenticios y cosm\u00e9tica natural.\",\"publisher\":{\"@id\":\"https:\\\/\\\/drasanvi.com\\\/fr\\\/#organization\"},\"potentialAction\":[{\"@type\":\"SearchAction\",\"target\":{\"@type\":\"EntryPoint\",\"urlTemplate\":\"https:\\\/\\\/drasanvi.com\\\/fr\\\/?s={search_term_string}\"},\"query-input\":{\"@type\":\"PropertyValueSpecification\",\"valueRequired\":true,\"valueName\":\"search_term_string\"}}],\"inLanguage\":\"fr-FR\"},{\"@type\":\"Organization\",\"@id\":\"https:\\\/\\\/drasanvi.com\\\/fr\\\/#organization\",\"name\":\"Drasanvi\",\"url\":\"https:\\\/\\\/drasanvi.com\\\/fr\\\/\",\"logo\":{\"@type\":\"ImageObject\",\"inLanguage\":\"fr-FR\",\"@id\":\"https:\\\/\\\/drasanvi.com\\\/fr\\\/#\\\/schema\\\/logo\\\/image\\\/\",\"url\":\"https:\\\/\\\/drasanvi.com\\\/wp-content\\\/uploads\\\/sites\\\/7\\\/2021\\\/07\\\/logo-drasanvi.png\",\"contentUrl\":\"https:\\\/\\\/drasanvi.com\\\/wp-content\\\/uploads\\\/sites\\\/7\\\/2021\\\/07\\\/logo-drasanvi.png\",\"width\":900,\"height\":300,\"caption\":\"Drasanvi\"},\"image\":{\"@id\":\"https:\\\/\\\/drasanvi.com\\\/fr\\\/#\\\/schema\\\/logo\\\/image\\\/\"}}]}<\/script>\n<!-- \/ Yoast SEO plugin. -->","yoast_head_json":{"title":"Mineral Yodo 60 comprimidos - Drasanvi Francia","robots":{"index":"index","follow":"follow","max-snippet":"max-snippet:-1","max-image-preview":"max-image-preview:large","max-video-preview":"max-video-preview:-1"},"canonical":"https:\/\/drasanvi.com\/fr\/producto\/mineral-yodo-60-comprimidos\/","og_locale":"fr_FR","og_type":"article","og_title":"Mineral Yodo 60 comprimidos - Drasanvi Francia","og_description":"El yodo contribuye a la funci\u00f3n cognitiva normal. El yodo contribuye al metabolismo energ\u00e9tico normal. El yodo contribuye al funcionamiento normal del sistema nervioso. El yodo contribuye al mantenimiento de la piel en condiciones normales. El yodo contribuye a la producci\u00f3n normal de hormonas tiroideas y a la funci\u00f3n tiroidea normalFicha t\u00e9cnica","og_url":"https:\/\/drasanvi.com\/fr\/producto\/mineral-yodo-60-comprimidos\/","og_site_name":"Drasanvi Francia","article_modified_time":"2022-03-10T12:17:32+00:00","twitter_card":"summary_large_image","schema":{"@context":"https:\/\/schema.org","@graph":[{"@type":"WebPage","@id":"https:\/\/drasanvi.com\/fr\/producto\/mineral-yodo-60-comprimidos\/","url":"https:\/\/drasanvi.com\/fr\/producto\/mineral-yodo-60-comprimidos\/","name":"Mineral Yodo 60 comprimidos - Drasanvi Francia","isPartOf":{"@id":"https:\/\/drasanvi.com\/fr\/#website"},"datePublished":"2022-02-28T13:10:25+00:00","dateModified":"2022-03-10T12:17:32+00:00","breadcrumb":{"@id":"https:\/\/drasanvi.com\/fr\/producto\/mineral-yodo-60-comprimidos\/#breadcrumb"},"inLanguage":"fr-FR","potentialAction":[{"@type":"ReadAction","target":["https:\/\/drasanvi.com\/fr\/producto\/mineral-yodo-60-comprimidos\/"]}]},{"@type":"BreadcrumbList","@id":"https:\/\/drasanvi.com\/fr\/producto\/mineral-yodo-60-comprimidos\/#breadcrumb","itemListElement":[{"@type":"ListItem","position":1,"name":"Portada","item":"https:\/\/drasanvi.com\/fr\/"},{"@type":"ListItem","position":2,"name":"Tienda","item":"https:\/\/drasanvi.com\/fr\/tienda\/"},{"@type":"ListItem","position":3,"name":"Mineral Yodo 60 comprimidos"}]},{"@type":"WebSite","@id":"https:\/\/drasanvi.com\/fr\/#website","url":"https:\/\/drasanvi.com\/fr\/","name":"Drasanvi Francia","description":"L\u00edder en complementos alimenticios y cosm\u00e9tica natural.","publisher":{"@id":"https:\/\/drasanvi.com\/fr\/#organization"},"potentialAction":[{"@type":"SearchAction","target":{"@type":"EntryPoint","urlTemplate":"https:\/\/drasanvi.com\/fr\/?s={search_term_string}"},"query-input":{"@type":"PropertyValueSpecification","valueRequired":true,"valueName":"search_term_string"}}],"inLanguage":"fr-FR"},{"@type":"Organization","@id":"https:\/\/drasanvi.com\/fr\/#organization","name":"Drasanvi","url":"https:\/\/drasanvi.com\/fr\/","logo":{"@type":"ImageObject","inLanguage":"fr-FR","@id":"https:\/\/drasanvi.com\/fr\/#\/schema\/logo\/image\/","url":"https:\/\/drasanvi.com\/wp-content\/uploads\/sites\/7\/2021\/07\/logo-drasanvi.png","contentUrl":"https:\/\/drasanvi.com\/wp-content\/uploads\/sites\/7\/2021\/07\/logo-drasanvi.png","width":900,"height":300,"caption":"Drasanvi"},"image":{"@id":"https:\/\/drasanvi.com\/fr\/#\/schema\/logo\/image\/"}}]}},"_links":{"self":[{"href":"https:\/\/drasanvi.com\/fr\/wp-json\/wp\/v2\/product\/20354","targetHints":{"allow":["GET"]}}],"collection":[{"href":"https:\/\/drasanvi.com\/fr\/wp-json\/wp\/v2\/product"}],"about":[{"href":"https:\/\/drasanvi.com\/fr\/wp-json\/wp\/v2\/types\/product"}],"version-history":[{"count":0,"href":"https:\/\/drasanvi.com\/fr\/wp-json\/wp\/v2\/product\/20354\/revisions"}],"wp:attachment":[{"href":"https:\/\/drasanvi.com\/fr\/wp-json\/wp\/v2\/media?parent=20354"}],"wp:term":[{"taxonomy":"product_cat","embeddable":true,"href":"https:\/\/drasanvi.com\/fr\/wp-json\/wp\/v2\/product_cat?post=20354"},{"taxonomy":"product_tag","embeddable":true,"href":"https:\/\/drasanvi.com\/fr\/wp-json\/wp\/v2\/product_tag?post=20354"}],"curies":[{"name":"wp","href":"https:\/\/api.w.org\/{rel}","templated":true}]}}