{"id":20334,"date":"2022-02-28T15:10:25","date_gmt":"2022-02-28T13:10:25","guid":{"rendered":"https:\/\/drasanvi.com\/fr\/producto\/melatonina-bicapa-30-comprimidos\/"},"modified":"2022-03-10T14:17:31","modified_gmt":"2022-03-10T12:17:31","slug":"melatonina-bicapa-30-comprimidos","status":"publish","type":"product","link":"https:\/\/drasanvi.com\/fr\/producto\/melatonina-bicapa-30-comprimidos\/","title":{"rendered":"Melatonina Bicapa 30 Comprimidos"},"content":{"rendered":"<h2>Ingredientes<\/h2>\n<p>Ingrediente  Cantidad \/ dosis diaria      Extracto seco de Valeriana Valeriana officinalis L. con aporte en \u00c1cido valer\u00e9nico (0,3%)  140,43 mg 0,42 mg      Extracto seco de Pasiflora Passiflora incarnata L. con aporte en Vitexina (3,5%)\u00a0  140,43 mg 4,9mg      Tript\u00f3fano\u00a0  87,3 mg\u00a0      Spirulina Azul  Spirulina maxima  29,1 mg       Melatonina  1,9 mg      Otros ingredientes: Dextrosa, \u00a0Celulosa microcristalina, Estearato de Magnesio y Di\u00f3xido de Silicio.         \u00a0<\/p>\n<h2>Modo de uso<\/h2>\n<p>Tomar un comprimido media hora antes de acostarse.<\/p>\n<h3>Presentaci\u00f3n<\/h3>\n<p>30 comprimidos de 834 mg. Peso neto 25,02 gramos<\/p>\n<h3>Advertencias<\/h3>\n<p>Complemento alimenticio a base de melatonina y plantas.Los complementos alimenticios no deben utilizarse como sustitutivos de una dieta equilibrada. No superar la dosis diaria expresamente recomendada. Mantener fuera del alcance de los ni&ntilde;os m&aacute;s peque&ntilde;os. Conservar en un lugar fresco y seco. No debe ser consumido por mujeres embarazadas, ni por aquellas personas que est&eacute;n siendo tratadas con antidepresivos o que padezcan insuficiencia renal.&nbsp;<\/p>\n<h2>Informaci\u00f3n adicional<\/h2>\n<p>INGREDIENTES  Descripci\u00f3n  MG\/ D\u00cdA      Diluyente  (Dextrosa)  280,85 mg      Extracto seco de Valeriana  (Valeriana officinalis L, al 0,3% en \u00e1cido valer\u00e9nico)  140,43 mg      Extracto seco de Pasiflora  (Passiflora incarnata L., al 3,5% en vitexina)  140,43 mg      Celulosa microcriatalina  (Agente de carga)  116,4 mg      Tript\u00f3fano  \u00a0  87,3 mg      Spirulina azul  Spirulina maxima  29,1 mg      Antiaglomerante  (Estearato de magnesio)  25,53      Antiaglomerante  (Di\u00f3xido de silicio)\u00a0  12,77 mg      Melatonina  \u00a0  1,9 mg<\/p>\n","protected":false},"excerpt":{"rendered":"<p>La calidad e higiene del sue\u00f1o son esenciales para nuestro d\u00eda a d\u00eda. Por ello, un sue\u00f1o reparador ayuda a mejorar nuestra vitalidad y calidad de vida. Melatonina Bicapa es un producto destinado a conciliar el sue\u00f1o y promover la relajaci\u00f3n de forma natural gracias a su doble efecto, basado en diferentes velocidades de acci\u00f3n. Por un lado, la capa azul contribuye a conciliar el sue\u00f1o de manera m\u00e1s r\u00e1pida debido a su contenido en melatonia y tript\u00f3fano. Y, por el otro, la capa marr\u00f3n hace que la acci\u00f3n de la valeriana y la pasiflora se vayan notando lentamente durante el proceso de descanso.<br \/><a id=\"boton-ficha\" href=\"https:\/\/panel.drasanvi.com\/fichas\/1\/032050694\" target=\"_blank\" rel=\"noopener\">Ficha t\u00e9cnica<\/a><\/p>\n","protected":false},"featured_media":20336,"template":"","meta":{"inline_featured_image":false},"product_cat":[98],"product_tag":[],"class_list":["post-20334","product","type-product","status-publish","has-post-thumbnail","hentry","product_cat-descanso-relax","pa_contiene-altramuces-no","pa_contiene-apio-no","pa_contiene-cacahuetes-no","pa_contiene-crustaceos-no","pa_contiene-frutos-secos-no","pa_contiene-huevo-no","pa_contiene-leche-no","pa_contiene-moluscos-no","pa_contiene-mostaza-no","pa_contiene-pescado-no","pa_contiene-sesamo-no","pa_contiene-soja-no","pa_producto-bio-no","pa_producto-sin-gluten-si","pa_producto-vegano-si","pa_producto-vegetariano-no"],"yoast_head":"<!-- This site is optimized with the Yoast SEO plugin v27.5 - https:\/\/yoast.com\/product\/yoast-seo-wordpress\/ -->\n<title>Melatonina Bicapa 30 Comprimidos - Drasanvi Francia<\/title>\n<meta name=\"robots\" content=\"index, follow, max-snippet:-1, max-image-preview:large, max-video-preview:-1\" \/>\n<link rel=\"canonical\" href=\"https:\/\/drasanvi.com\/fr\/producto\/melatonina-bicapa-30-comprimidos\/\" \/>\n<meta property=\"og:locale\" content=\"fr_FR\" \/>\n<meta property=\"og:type\" content=\"article\" \/>\n<meta property=\"og:title\" content=\"Melatonina Bicapa 30 Comprimidos - Drasanvi Francia\" \/>\n<meta property=\"og:description\" content=\"La calidad e higiene del sue\u00f1o son esenciales para nuestro d\u00eda a d\u00eda. Por ello, un sue\u00f1o reparador ayuda a mejorar nuestra vitalidad y calidad de vida. Melatonina Bicapa es un producto destinado a conciliar el sue\u00f1o y promover la relajaci\u00f3n de forma natural gracias a su doble efecto, basado en diferentes velocidades de acci\u00f3n. Por un lado, la capa azul contribuye a conciliar el sue\u00f1o de manera m\u00e1s r\u00e1pida debido a su contenido en melatonia y tript\u00f3fano. Y, por el otro, la capa marr\u00f3n hace que la acci\u00f3n de la valeriana y la pasiflora se vayan notando lentamente durante el proceso de descanso.Ficha t\u00e9cnica\" \/>\n<meta property=\"og:url\" content=\"https:\/\/drasanvi.com\/fr\/producto\/melatonina-bicapa-30-comprimidos\/\" \/>\n<meta property=\"og:site_name\" content=\"Drasanvi Francia\" \/>\n<meta property=\"article:modified_time\" content=\"2022-03-10T12:17:31+00:00\" \/>\n<meta property=\"og:image\" content=\"https:\/\/drasanvi.com\/wp-content\/uploads\/sites\/7\/2022\/02\/032050694.png\" \/>\n\t<meta property=\"og:image:width\" content=\"768\" \/>\n\t<meta property=\"og:image:height\" content=\"768\" \/>\n\t<meta property=\"og:image:type\" content=\"image\/png\" \/>\n<meta name=\"twitter:card\" content=\"summary_large_image\" \/>\n<script type=\"application\/ld+json\" class=\"yoast-schema-graph\">{\"@context\":\"https:\\\/\\\/schema.org\",\"@graph\":[{\"@type\":\"WebPage\",\"@id\":\"https:\\\/\\\/drasanvi.com\\\/fr\\\/producto\\\/melatonina-bicapa-30-comprimidos\\\/\",\"url\":\"https:\\\/\\\/drasanvi.com\\\/fr\\\/producto\\\/melatonina-bicapa-30-comprimidos\\\/\",\"name\":\"Melatonina Bicapa 30 Comprimidos - Drasanvi Francia\",\"isPartOf\":{\"@id\":\"https:\\\/\\\/drasanvi.com\\\/fr\\\/#website\"},\"primaryImageOfPage\":{\"@id\":\"https:\\\/\\\/drasanvi.com\\\/fr\\\/producto\\\/melatonina-bicapa-30-comprimidos\\\/#primaryimage\"},\"image\":{\"@id\":\"https:\\\/\\\/drasanvi.com\\\/fr\\\/producto\\\/melatonina-bicapa-30-comprimidos\\\/#primaryimage\"},\"thumbnailUrl\":\"https:\\\/\\\/drasanvi.com\\\/fr\\\/wp-content\\\/uploads\\\/sites\\\/7\\\/2022\\\/02\\\/032050694.png\",\"datePublished\":\"2022-02-28T13:10:25+00:00\",\"dateModified\":\"2022-03-10T12:17:31+00:00\",\"breadcrumb\":{\"@id\":\"https:\\\/\\\/drasanvi.com\\\/fr\\\/producto\\\/melatonina-bicapa-30-comprimidos\\\/#breadcrumb\"},\"inLanguage\":\"fr-FR\",\"potentialAction\":[{\"@type\":\"ReadAction\",\"target\":[\"https:\\\/\\\/drasanvi.com\\\/fr\\\/producto\\\/melatonina-bicapa-30-comprimidos\\\/\"]}]},{\"@type\":\"ImageObject\",\"inLanguage\":\"fr-FR\",\"@id\":\"https:\\\/\\\/drasanvi.com\\\/fr\\\/producto\\\/melatonina-bicapa-30-comprimidos\\\/#primaryimage\",\"url\":\"https:\\\/\\\/drasanvi.com\\\/fr\\\/wp-content\\\/uploads\\\/sites\\\/7\\\/2022\\\/02\\\/032050694.png\",\"contentUrl\":\"https:\\\/\\\/drasanvi.com\\\/fr\\\/wp-content\\\/uploads\\\/sites\\\/7\\\/2022\\\/02\\\/032050694.png\",\"width\":768,\"height\":768},{\"@type\":\"BreadcrumbList\",\"@id\":\"https:\\\/\\\/drasanvi.com\\\/fr\\\/producto\\\/melatonina-bicapa-30-comprimidos\\\/#breadcrumb\",\"itemListElement\":[{\"@type\":\"ListItem\",\"position\":1,\"name\":\"Portada\",\"item\":\"https:\\\/\\\/drasanvi.com\\\/fr\\\/\"},{\"@type\":\"ListItem\",\"position\":2,\"name\":\"Tienda\",\"item\":\"https:\\\/\\\/drasanvi.com\\\/fr\\\/tienda\\\/\"},{\"@type\":\"ListItem\",\"position\":3,\"name\":\"Melatonina Bicapa 30 Comprimidos\"}]},{\"@type\":\"WebSite\",\"@id\":\"https:\\\/\\\/drasanvi.com\\\/fr\\\/#website\",\"url\":\"https:\\\/\\\/drasanvi.com\\\/fr\\\/\",\"name\":\"Drasanvi Francia\",\"description\":\"L\u00edder en complementos alimenticios y cosm\u00e9tica natural.\",\"publisher\":{\"@id\":\"https:\\\/\\\/drasanvi.com\\\/fr\\\/#organization\"},\"potentialAction\":[{\"@type\":\"SearchAction\",\"target\":{\"@type\":\"EntryPoint\",\"urlTemplate\":\"https:\\\/\\\/drasanvi.com\\\/fr\\\/?s={search_term_string}\"},\"query-input\":{\"@type\":\"PropertyValueSpecification\",\"valueRequired\":true,\"valueName\":\"search_term_string\"}}],\"inLanguage\":\"fr-FR\"},{\"@type\":\"Organization\",\"@id\":\"https:\\\/\\\/drasanvi.com\\\/fr\\\/#organization\",\"name\":\"Drasanvi\",\"url\":\"https:\\\/\\\/drasanvi.com\\\/fr\\\/\",\"logo\":{\"@type\":\"ImageObject\",\"inLanguage\":\"fr-FR\",\"@id\":\"https:\\\/\\\/drasanvi.com\\\/fr\\\/#\\\/schema\\\/logo\\\/image\\\/\",\"url\":\"https:\\\/\\\/drasanvi.com\\\/wp-content\\\/uploads\\\/sites\\\/7\\\/2021\\\/07\\\/logo-drasanvi.png\",\"contentUrl\":\"https:\\\/\\\/drasanvi.com\\\/wp-content\\\/uploads\\\/sites\\\/7\\\/2021\\\/07\\\/logo-drasanvi.png\",\"width\":900,\"height\":300,\"caption\":\"Drasanvi\"},\"image\":{\"@id\":\"https:\\\/\\\/drasanvi.com\\\/fr\\\/#\\\/schema\\\/logo\\\/image\\\/\"}}]}<\/script>\n<!-- \/ Yoast SEO plugin. -->","yoast_head_json":{"title":"Melatonina Bicapa 30 Comprimidos - Drasanvi Francia","robots":{"index":"index","follow":"follow","max-snippet":"max-snippet:-1","max-image-preview":"max-image-preview:large","max-video-preview":"max-video-preview:-1"},"canonical":"https:\/\/drasanvi.com\/fr\/producto\/melatonina-bicapa-30-comprimidos\/","og_locale":"fr_FR","og_type":"article","og_title":"Melatonina Bicapa 30 Comprimidos - Drasanvi Francia","og_description":"La calidad e higiene del sue\u00f1o son esenciales para nuestro d\u00eda a d\u00eda. Por ello, un sue\u00f1o reparador ayuda a mejorar nuestra vitalidad y calidad de vida. Melatonina Bicapa es un producto destinado a conciliar el sue\u00f1o y promover la relajaci\u00f3n de forma natural gracias a su doble efecto, basado en diferentes velocidades de acci\u00f3n. Por un lado, la capa azul contribuye a conciliar el sue\u00f1o de manera m\u00e1s r\u00e1pida debido a su contenido en melatonia y tript\u00f3fano. Y, por el otro, la capa marr\u00f3n hace que la acci\u00f3n de la valeriana y la pasiflora se vayan notando lentamente durante el proceso de descanso.Ficha t\u00e9cnica","og_url":"https:\/\/drasanvi.com\/fr\/producto\/melatonina-bicapa-30-comprimidos\/","og_site_name":"Drasanvi Francia","article_modified_time":"2022-03-10T12:17:31+00:00","og_image":[{"width":768,"height":768,"url":"https:\/\/drasanvi.com\/wp-content\/uploads\/sites\/7\/2022\/02\/032050694.png","type":"image\/png"}],"twitter_card":"summary_large_image","schema":{"@context":"https:\/\/schema.org","@graph":[{"@type":"WebPage","@id":"https:\/\/drasanvi.com\/fr\/producto\/melatonina-bicapa-30-comprimidos\/","url":"https:\/\/drasanvi.com\/fr\/producto\/melatonina-bicapa-30-comprimidos\/","name":"Melatonina Bicapa 30 Comprimidos - Drasanvi Francia","isPartOf":{"@id":"https:\/\/drasanvi.com\/fr\/#website"},"primaryImageOfPage":{"@id":"https:\/\/drasanvi.com\/fr\/producto\/melatonina-bicapa-30-comprimidos\/#primaryimage"},"image":{"@id":"https:\/\/drasanvi.com\/fr\/producto\/melatonina-bicapa-30-comprimidos\/#primaryimage"},"thumbnailUrl":"https:\/\/drasanvi.com\/fr\/wp-content\/uploads\/sites\/7\/2022\/02\/032050694.png","datePublished":"2022-02-28T13:10:25+00:00","dateModified":"2022-03-10T12:17:31+00:00","breadcrumb":{"@id":"https:\/\/drasanvi.com\/fr\/producto\/melatonina-bicapa-30-comprimidos\/#breadcrumb"},"inLanguage":"fr-FR","potentialAction":[{"@type":"ReadAction","target":["https:\/\/drasanvi.com\/fr\/producto\/melatonina-bicapa-30-comprimidos\/"]}]},{"@type":"ImageObject","inLanguage":"fr-FR","@id":"https:\/\/drasanvi.com\/fr\/producto\/melatonina-bicapa-30-comprimidos\/#primaryimage","url":"https:\/\/drasanvi.com\/fr\/wp-content\/uploads\/sites\/7\/2022\/02\/032050694.png","contentUrl":"https:\/\/drasanvi.com\/fr\/wp-content\/uploads\/sites\/7\/2022\/02\/032050694.png","width":768,"height":768},{"@type":"BreadcrumbList","@id":"https:\/\/drasanvi.com\/fr\/producto\/melatonina-bicapa-30-comprimidos\/#breadcrumb","itemListElement":[{"@type":"ListItem","position":1,"name":"Portada","item":"https:\/\/drasanvi.com\/fr\/"},{"@type":"ListItem","position":2,"name":"Tienda","item":"https:\/\/drasanvi.com\/fr\/tienda\/"},{"@type":"ListItem","position":3,"name":"Melatonina Bicapa 30 Comprimidos"}]},{"@type":"WebSite","@id":"https:\/\/drasanvi.com\/fr\/#website","url":"https:\/\/drasanvi.com\/fr\/","name":"Drasanvi Francia","description":"L\u00edder en complementos alimenticios y cosm\u00e9tica natural.","publisher":{"@id":"https:\/\/drasanvi.com\/fr\/#organization"},"potentialAction":[{"@type":"SearchAction","target":{"@type":"EntryPoint","urlTemplate":"https:\/\/drasanvi.com\/fr\/?s={search_term_string}"},"query-input":{"@type":"PropertyValueSpecification","valueRequired":true,"valueName":"search_term_string"}}],"inLanguage":"fr-FR"},{"@type":"Organization","@id":"https:\/\/drasanvi.com\/fr\/#organization","name":"Drasanvi","url":"https:\/\/drasanvi.com\/fr\/","logo":{"@type":"ImageObject","inLanguage":"fr-FR","@id":"https:\/\/drasanvi.com\/fr\/#\/schema\/logo\/image\/","url":"https:\/\/drasanvi.com\/wp-content\/uploads\/sites\/7\/2021\/07\/logo-drasanvi.png","contentUrl":"https:\/\/drasanvi.com\/wp-content\/uploads\/sites\/7\/2021\/07\/logo-drasanvi.png","width":900,"height":300,"caption":"Drasanvi"},"image":{"@id":"https:\/\/drasanvi.com\/fr\/#\/schema\/logo\/image\/"}}]}},"_links":{"self":[{"href":"https:\/\/drasanvi.com\/fr\/wp-json\/wp\/v2\/product\/20334","targetHints":{"allow":["GET"]}}],"collection":[{"href":"https:\/\/drasanvi.com\/fr\/wp-json\/wp\/v2\/product"}],"about":[{"href":"https:\/\/drasanvi.com\/fr\/wp-json\/wp\/v2\/types\/product"}],"version-history":[{"count":0,"href":"https:\/\/drasanvi.com\/fr\/wp-json\/wp\/v2\/product\/20334\/revisions"}],"wp:featuredmedia":[{"embeddable":true,"href":"https:\/\/drasanvi.com\/fr\/wp-json\/wp\/v2\/media\/20336"}],"wp:attachment":[{"href":"https:\/\/drasanvi.com\/fr\/wp-json\/wp\/v2\/media?parent=20334"}],"wp:term":[{"taxonomy":"product_cat","embeddable":true,"href":"https:\/\/drasanvi.com\/fr\/wp-json\/wp\/v2\/product_cat?post=20334"},{"taxonomy":"product_tag","embeddable":true,"href":"https:\/\/drasanvi.com\/fr\/wp-json\/wp\/v2\/product_tag?post=20334"}],"curies":[{"name":"wp","href":"https:\/\/api.w.org\/{rel}","templated":true}]}}