{"id":20308,"date":"2022-02-28T15:09:51","date_gmt":"2022-02-28T13:09:51","guid":{"rendered":"https:\/\/drasanvi.com\/fr\/producto\/magnesio-60-comprimidos-keto\/"},"modified":"2022-03-10T14:17:28","modified_gmt":"2022-03-10T12:17:28","slug":"magnesio-60-comprimidos-keto","status":"publish","type":"product","link":"https:\/\/drasanvi.com\/fr\/producto\/magnesio-60-comprimidos-keto\/","title":{"rendered":"Magnesio 60 comprimidos Keto"},"content":{"rendered":"<h2>Ingredientes<\/h2>\n<p>Ingredientes  g \/ Envase      Magnesio En forma de citrato\u00a0  9.876 g\/63.720\u00a0      Otros Ingredientes: Celulosa microcristalina, estearato de magnesio y dioxido de de silicio\u00a0        Sin colorantes, conservantes ni az\u00facares a\u00f1adidos.<\/p>\n<h2>Modo de uso<\/h2>\n<p>Tomar 2 comprimidos al d\u00eda, preferiblemente en ayunas.<\/p>\n<h3>Presentaci\u00f3n<\/h3>\n<p>Envase de 60 comprimidos de 850 mgPeso total 51 g<\/p>\n<h3>Advertencias<\/h3>\n<p>Complemento alimenticio a base de magnesio. Los complementos alimenticios no deben utilizarse como sustitutivos de una dieta equilibrada. No superar la dosis diaria expresamente recomendada. Mantener fuera del alcance de los ni&ntilde;os m&aacute;s peque&ntilde;os. Conservar en un lugar fresco y seco.<\/p>\n<h2>Informaci\u00f3n adicional<\/h2>\n<p>Ingrediente  Descripci\u00f3n  Dosis 2 comprimidos      Citrato de magnesio  (Magnesio 15,5%)  1062 mg      Celulosa microcristalina  (Agente de carga)   467,5 mg      Estearato de magnesio  (Agente de carga)   100 mg       Di\u00f3xido de silicio  (Antiaglomerante)  60 mg\u00a0        \u00a0\u00a0<\/p>\n<p>por dosis diaria        Ingrediente  Cantidad  %VRN      Magnesio  164,61 mg  43,89%        % VRN (Valor Referencia de Nutrientes)<\/p>\n","protected":false},"excerpt":{"rendered":"<p>El Magnesio es un mineral esencial para el organismo. El Magnesio, entre otros esta relacionado con el cansancio y la fatiga, el mantenimiento de los huesos o la funci\u00f3n psicol\u00f3gica normal. En resumen, el Magnesio es fundamental en, aproximadamente, 300 reacciones del organismo; por ello y debido a su importancia , hemos seleccionado la mejor fuente de Magnesio -citrato- para asegurar la mayor biodisponibilidad.Es muy com\u00fan tener una deficiencia de magnesio, y m\u00e1s a\u00fan en personas que comen poco carbohidratos, como es el caso en una dieta cetog\u00e9nica.<br \/><a id=\"boton-ficha\" href=\"https:\/\/panel.drasanvi.com\/fichas\/1\/032050542\" target=\"_blank\" rel=\"noopener\">Ficha t\u00e9cnica<\/a><\/p>\n","protected":false},"featured_media":20310,"template":"","meta":{"inline_featured_image":false},"product_cat":[110],"product_tag":[],"class_list":["post-20308","product","type-product","status-publish","has-post-thumbnail","hentry","product_cat-productos-keto","pa_contiene-altramuces-no","pa_contiene-apio-no","pa_contiene-cacahuetes-no","pa_contiene-crustaceos-no","pa_contiene-frutos-secos-no","pa_contiene-huevo-no","pa_contiene-leche-no","pa_contiene-moluscos-no","pa_contiene-mostaza-no","pa_contiene-pescado-no","pa_contiene-sesamo-no","pa_contiene-soja-no","pa_producto-bio-no","pa_producto-sin-gluten-si","pa_producto-vegano-si","pa_producto-vegetariano-no"],"yoast_head":"<!-- This site is optimized with the Yoast SEO plugin v27.5 - https:\/\/yoast.com\/product\/yoast-seo-wordpress\/ -->\n<title>Magnesio 60 comprimidos Keto - Drasanvi Francia<\/title>\n<meta name=\"robots\" content=\"index, follow, max-snippet:-1, max-image-preview:large, max-video-preview:-1\" \/>\n<link rel=\"canonical\" href=\"https:\/\/drasanvi.com\/fr\/producto\/magnesio-60-comprimidos-keto\/\" \/>\n<meta property=\"og:locale\" content=\"fr_FR\" \/>\n<meta property=\"og:type\" content=\"article\" \/>\n<meta property=\"og:title\" content=\"Magnesio 60 comprimidos Keto - Drasanvi Francia\" \/>\n<meta property=\"og:description\" content=\"El Magnesio es un mineral esencial para el organismo. El Magnesio, entre otros esta relacionado con el cansancio y la fatiga, el mantenimiento de los huesos o la funci\u00f3n psicol\u00f3gica normal. En resumen, el Magnesio es fundamental en, aproximadamente, 300 reacciones del organismo; por ello y debido a su importancia , hemos seleccionado la mejor fuente de Magnesio -citrato- para asegurar la mayor biodisponibilidad.Es muy com\u00fan tener una deficiencia de magnesio, y m\u00e1s a\u00fan en personas que comen poco carbohidratos, como es el caso en una dieta cetog\u00e9nica.Ficha t\u00e9cnica\" \/>\n<meta property=\"og:url\" content=\"https:\/\/drasanvi.com\/fr\/producto\/magnesio-60-comprimidos-keto\/\" \/>\n<meta property=\"og:site_name\" content=\"Drasanvi Francia\" \/>\n<meta property=\"article:modified_time\" content=\"2022-03-10T12:17:28+00:00\" \/>\n<meta property=\"og:image\" content=\"https:\/\/drasanvi.com\/wp-content\/uploads\/sites\/7\/2022\/02\/032050542.png\" \/>\n\t<meta property=\"og:image:width\" content=\"768\" \/>\n\t<meta property=\"og:image:height\" content=\"768\" \/>\n\t<meta property=\"og:image:type\" content=\"image\/png\" \/>\n<meta name=\"twitter:card\" content=\"summary_large_image\" \/>\n<script type=\"application\/ld+json\" class=\"yoast-schema-graph\">{\"@context\":\"https:\\\/\\\/schema.org\",\"@graph\":[{\"@type\":\"WebPage\",\"@id\":\"https:\\\/\\\/drasanvi.com\\\/fr\\\/producto\\\/magnesio-60-comprimidos-keto\\\/\",\"url\":\"https:\\\/\\\/drasanvi.com\\\/fr\\\/producto\\\/magnesio-60-comprimidos-keto\\\/\",\"name\":\"Magnesio 60 comprimidos Keto - Drasanvi Francia\",\"isPartOf\":{\"@id\":\"https:\\\/\\\/drasanvi.com\\\/fr\\\/#website\"},\"primaryImageOfPage\":{\"@id\":\"https:\\\/\\\/drasanvi.com\\\/fr\\\/producto\\\/magnesio-60-comprimidos-keto\\\/#primaryimage\"},\"image\":{\"@id\":\"https:\\\/\\\/drasanvi.com\\\/fr\\\/producto\\\/magnesio-60-comprimidos-keto\\\/#primaryimage\"},\"thumbnailUrl\":\"https:\\\/\\\/drasanvi.com\\\/fr\\\/wp-content\\\/uploads\\\/sites\\\/7\\\/2022\\\/02\\\/032050542.png\",\"datePublished\":\"2022-02-28T13:09:51+00:00\",\"dateModified\":\"2022-03-10T12:17:28+00:00\",\"breadcrumb\":{\"@id\":\"https:\\\/\\\/drasanvi.com\\\/fr\\\/producto\\\/magnesio-60-comprimidos-keto\\\/#breadcrumb\"},\"inLanguage\":\"fr-FR\",\"potentialAction\":[{\"@type\":\"ReadAction\",\"target\":[\"https:\\\/\\\/drasanvi.com\\\/fr\\\/producto\\\/magnesio-60-comprimidos-keto\\\/\"]}]},{\"@type\":\"ImageObject\",\"inLanguage\":\"fr-FR\",\"@id\":\"https:\\\/\\\/drasanvi.com\\\/fr\\\/producto\\\/magnesio-60-comprimidos-keto\\\/#primaryimage\",\"url\":\"https:\\\/\\\/drasanvi.com\\\/fr\\\/wp-content\\\/uploads\\\/sites\\\/7\\\/2022\\\/02\\\/032050542.png\",\"contentUrl\":\"https:\\\/\\\/drasanvi.com\\\/fr\\\/wp-content\\\/uploads\\\/sites\\\/7\\\/2022\\\/02\\\/032050542.png\",\"width\":768,\"height\":768},{\"@type\":\"BreadcrumbList\",\"@id\":\"https:\\\/\\\/drasanvi.com\\\/fr\\\/producto\\\/magnesio-60-comprimidos-keto\\\/#breadcrumb\",\"itemListElement\":[{\"@type\":\"ListItem\",\"position\":1,\"name\":\"Portada\",\"item\":\"https:\\\/\\\/drasanvi.com\\\/fr\\\/\"},{\"@type\":\"ListItem\",\"position\":2,\"name\":\"Tienda\",\"item\":\"https:\\\/\\\/drasanvi.com\\\/fr\\\/tienda\\\/\"},{\"@type\":\"ListItem\",\"position\":3,\"name\":\"Magnesio 60 comprimidos Keto\"}]},{\"@type\":\"WebSite\",\"@id\":\"https:\\\/\\\/drasanvi.com\\\/fr\\\/#website\",\"url\":\"https:\\\/\\\/drasanvi.com\\\/fr\\\/\",\"name\":\"Drasanvi Francia\",\"description\":\"L\u00edder en complementos alimenticios y cosm\u00e9tica natural.\",\"publisher\":{\"@id\":\"https:\\\/\\\/drasanvi.com\\\/fr\\\/#organization\"},\"potentialAction\":[{\"@type\":\"SearchAction\",\"target\":{\"@type\":\"EntryPoint\",\"urlTemplate\":\"https:\\\/\\\/drasanvi.com\\\/fr\\\/?s={search_term_string}\"},\"query-input\":{\"@type\":\"PropertyValueSpecification\",\"valueRequired\":true,\"valueName\":\"search_term_string\"}}],\"inLanguage\":\"fr-FR\"},{\"@type\":\"Organization\",\"@id\":\"https:\\\/\\\/drasanvi.com\\\/fr\\\/#organization\",\"name\":\"Drasanvi\",\"url\":\"https:\\\/\\\/drasanvi.com\\\/fr\\\/\",\"logo\":{\"@type\":\"ImageObject\",\"inLanguage\":\"fr-FR\",\"@id\":\"https:\\\/\\\/drasanvi.com\\\/fr\\\/#\\\/schema\\\/logo\\\/image\\\/\",\"url\":\"https:\\\/\\\/drasanvi.com\\\/wp-content\\\/uploads\\\/sites\\\/7\\\/2021\\\/07\\\/logo-drasanvi.png\",\"contentUrl\":\"https:\\\/\\\/drasanvi.com\\\/wp-content\\\/uploads\\\/sites\\\/7\\\/2021\\\/07\\\/logo-drasanvi.png\",\"width\":900,\"height\":300,\"caption\":\"Drasanvi\"},\"image\":{\"@id\":\"https:\\\/\\\/drasanvi.com\\\/fr\\\/#\\\/schema\\\/logo\\\/image\\\/\"}}]}<\/script>\n<!-- \/ Yoast SEO plugin. -->","yoast_head_json":{"title":"Magnesio 60 comprimidos Keto - Drasanvi Francia","robots":{"index":"index","follow":"follow","max-snippet":"max-snippet:-1","max-image-preview":"max-image-preview:large","max-video-preview":"max-video-preview:-1"},"canonical":"https:\/\/drasanvi.com\/fr\/producto\/magnesio-60-comprimidos-keto\/","og_locale":"fr_FR","og_type":"article","og_title":"Magnesio 60 comprimidos Keto - Drasanvi Francia","og_description":"El Magnesio es un mineral esencial para el organismo. El Magnesio, entre otros esta relacionado con el cansancio y la fatiga, el mantenimiento de los huesos o la funci\u00f3n psicol\u00f3gica normal. En resumen, el Magnesio es fundamental en, aproximadamente, 300 reacciones del organismo; por ello y debido a su importancia , hemos seleccionado la mejor fuente de Magnesio -citrato- para asegurar la mayor biodisponibilidad.Es muy com\u00fan tener una deficiencia de magnesio, y m\u00e1s a\u00fan en personas que comen poco carbohidratos, como es el caso en una dieta cetog\u00e9nica.Ficha t\u00e9cnica","og_url":"https:\/\/drasanvi.com\/fr\/producto\/magnesio-60-comprimidos-keto\/","og_site_name":"Drasanvi Francia","article_modified_time":"2022-03-10T12:17:28+00:00","og_image":[{"width":768,"height":768,"url":"https:\/\/drasanvi.com\/wp-content\/uploads\/sites\/7\/2022\/02\/032050542.png","type":"image\/png"}],"twitter_card":"summary_large_image","schema":{"@context":"https:\/\/schema.org","@graph":[{"@type":"WebPage","@id":"https:\/\/drasanvi.com\/fr\/producto\/magnesio-60-comprimidos-keto\/","url":"https:\/\/drasanvi.com\/fr\/producto\/magnesio-60-comprimidos-keto\/","name":"Magnesio 60 comprimidos Keto - Drasanvi Francia","isPartOf":{"@id":"https:\/\/drasanvi.com\/fr\/#website"},"primaryImageOfPage":{"@id":"https:\/\/drasanvi.com\/fr\/producto\/magnesio-60-comprimidos-keto\/#primaryimage"},"image":{"@id":"https:\/\/drasanvi.com\/fr\/producto\/magnesio-60-comprimidos-keto\/#primaryimage"},"thumbnailUrl":"https:\/\/drasanvi.com\/fr\/wp-content\/uploads\/sites\/7\/2022\/02\/032050542.png","datePublished":"2022-02-28T13:09:51+00:00","dateModified":"2022-03-10T12:17:28+00:00","breadcrumb":{"@id":"https:\/\/drasanvi.com\/fr\/producto\/magnesio-60-comprimidos-keto\/#breadcrumb"},"inLanguage":"fr-FR","potentialAction":[{"@type":"ReadAction","target":["https:\/\/drasanvi.com\/fr\/producto\/magnesio-60-comprimidos-keto\/"]}]},{"@type":"ImageObject","inLanguage":"fr-FR","@id":"https:\/\/drasanvi.com\/fr\/producto\/magnesio-60-comprimidos-keto\/#primaryimage","url":"https:\/\/drasanvi.com\/fr\/wp-content\/uploads\/sites\/7\/2022\/02\/032050542.png","contentUrl":"https:\/\/drasanvi.com\/fr\/wp-content\/uploads\/sites\/7\/2022\/02\/032050542.png","width":768,"height":768},{"@type":"BreadcrumbList","@id":"https:\/\/drasanvi.com\/fr\/producto\/magnesio-60-comprimidos-keto\/#breadcrumb","itemListElement":[{"@type":"ListItem","position":1,"name":"Portada","item":"https:\/\/drasanvi.com\/fr\/"},{"@type":"ListItem","position":2,"name":"Tienda","item":"https:\/\/drasanvi.com\/fr\/tienda\/"},{"@type":"ListItem","position":3,"name":"Magnesio 60 comprimidos Keto"}]},{"@type":"WebSite","@id":"https:\/\/drasanvi.com\/fr\/#website","url":"https:\/\/drasanvi.com\/fr\/","name":"Drasanvi Francia","description":"L\u00edder en complementos alimenticios y cosm\u00e9tica natural.","publisher":{"@id":"https:\/\/drasanvi.com\/fr\/#organization"},"potentialAction":[{"@type":"SearchAction","target":{"@type":"EntryPoint","urlTemplate":"https:\/\/drasanvi.com\/fr\/?s={search_term_string}"},"query-input":{"@type":"PropertyValueSpecification","valueRequired":true,"valueName":"search_term_string"}}],"inLanguage":"fr-FR"},{"@type":"Organization","@id":"https:\/\/drasanvi.com\/fr\/#organization","name":"Drasanvi","url":"https:\/\/drasanvi.com\/fr\/","logo":{"@type":"ImageObject","inLanguage":"fr-FR","@id":"https:\/\/drasanvi.com\/fr\/#\/schema\/logo\/image\/","url":"https:\/\/drasanvi.com\/wp-content\/uploads\/sites\/7\/2021\/07\/logo-drasanvi.png","contentUrl":"https:\/\/drasanvi.com\/wp-content\/uploads\/sites\/7\/2021\/07\/logo-drasanvi.png","width":900,"height":300,"caption":"Drasanvi"},"image":{"@id":"https:\/\/drasanvi.com\/fr\/#\/schema\/logo\/image\/"}}]}},"_links":{"self":[{"href":"https:\/\/drasanvi.com\/fr\/wp-json\/wp\/v2\/product\/20308","targetHints":{"allow":["GET"]}}],"collection":[{"href":"https:\/\/drasanvi.com\/fr\/wp-json\/wp\/v2\/product"}],"about":[{"href":"https:\/\/drasanvi.com\/fr\/wp-json\/wp\/v2\/types\/product"}],"version-history":[{"count":0,"href":"https:\/\/drasanvi.com\/fr\/wp-json\/wp\/v2\/product\/20308\/revisions"}],"wp:featuredmedia":[{"embeddable":true,"href":"https:\/\/drasanvi.com\/fr\/wp-json\/wp\/v2\/media\/20310"}],"wp:attachment":[{"href":"https:\/\/drasanvi.com\/fr\/wp-json\/wp\/v2\/media?parent=20308"}],"wp:term":[{"taxonomy":"product_cat","embeddable":true,"href":"https:\/\/drasanvi.com\/fr\/wp-json\/wp\/v2\/product_cat?post=20308"},{"taxonomy":"product_tag","embeddable":true,"href":"https:\/\/drasanvi.com\/fr\/wp-json\/wp\/v2\/product_tag?post=20308"}],"curies":[{"name":"wp","href":"https:\/\/api.w.org\/{rel}","templated":true}]}}