{"id":20242,"date":"2022-02-28T15:08:24","date_gmt":"2022-02-28T13:08:24","guid":{"rendered":"https:\/\/drasanvi.com\/fr\/producto\/jugo-de-aloe-vera-ecologico\/"},"modified":"2022-03-10T14:17:24","modified_gmt":"2022-03-10T12:17:24","slug":"jugo-de-aloe-vera-ecologico","status":"publish","type":"product","link":"https:\/\/drasanvi.com\/fr\/producto\/jugo-de-aloe-vera-ecologico\/","title":{"rendered":"Jugo de Aloe vera ecol\u00f3gico"},"content":{"rendered":"<h2>Ingredientes<\/h2>\n<p>Ingrediente  mg\/dosis diaria      Aloe Vera con pulpaBarbadensis Miller.Procedente de agricultura ecol\u00f3gica Mucopolisac\u00e1ridos.  49,5 ml . 400 mg      Otro Ingrediente:\u00c1cido C\u00edtrico, Antioxidante (\u00c1cido asc\u00f3rbico)  \u00a0<\/p>\n<h2>Modo de uso<\/h2>\n<p>Agitar antes de usar. Consumir 50 ml al d\u00eda en ayunas. Se puede tomar directamente o bien diluirlo en agua o zumos.<\/p>\n<h3>Presentaci\u00f3n<\/h3>\n<p>Botella de cristal de 1 l (35 fl oz)<\/p>\n<h3>Advertencias<\/h3>\n<p>Una vez abierto, conservar en el frigor&iacute;fico.No superar la dosis diaria expresamente recomendada; Los complementos alimenticios no deben utilizarse como sustituto de una dieta equilibrada; Mantener fuera del alcance de los ni&ntilde;os m&aacute;s peque&ntilde;os Conservar en un lugar fresco y seco.<\/p>\n<h2>Informaci\u00f3n adicional<\/h2>\n<p>Ingrediente  Descripcion  Dosis diaria      Aloe Vera con pulpa   (Barbadensis Miller.Procedente de agricultura ecol\u00f3gica. Contiene Mucopolisac\u00e1ridos espec\u00edficos del Aloe Vera 8000 mg\/L.)  49,5 ml      Acidulante  (\u00c1cido c\u00edtrico)  0,6 ml      Antioxidante  (\u00c1cido asc\u00f3rbico)  0,5ml<\/p>\n<p>Por cada 100 g        Ingrediente  Por 100 g      Valor energ\u00e9tico  11KJ \/3 Kcal        Grasas De las cuales saturadas\u00a0    0,5 g\/0,1 g\u00a0      Hidratos de carbono\u00a0De los cuales az\u00facares  0,63 g\/ 0,1 g      Fibra  0,69 g      Prote\u00ednas  0,7 g      Sal  0,01 g\u00a0<\/p>\n","protected":false},"excerpt":{"rendered":"<p>El Aloe Vera es una planta milenaria usada de manera popular con numerosos fines. Actualmente, el uso de Aloe Vera se ha vuelto a popularizar tras la aparici\u00f3n de numerosos estudios que han descubierto nuevos usos y aplicaciones. Dentro de los usos por v\u00eda oral del Aloe Vera, el consumo en forma de Jugo es el m\u00e1s extendido. Nuestro Jugo, con certificaci\u00f3n ecol\u00f3gica, se extrae del gel, o lo que es lo mismo, del interior de la hoja, a la que, previamente, se ha extra\u00eddo la piel y las partes adyacentes por tener en su composici\u00f3n antraquinonas. Nuestro Jugo de Aloe Vera se ha obtenido de una manera natural, en la cual se conservan todas las propiedades de la hoja de Aloe Vera: riqueza en polisac\u00e1ridos espec\u00edficos.<br \/><a id=\"boton-ficha\" href=\"https:\/\/panel.drasanvi.com\/fichas\/1\/032050031\" target=\"_blank\" rel=\"noopener\">Ficha t\u00e9cnica<\/a><\/p>\n","protected":false},"featured_media":20244,"template":"","meta":{"inline_featured_image":false},"product_cat":[113],"product_tag":[],"class_list":["post-20242","product","type-product","status-publish","has-post-thumbnail","hentry","product_cat-sistema-digestivo-hepatico","pa_contiene-altramuces-no","pa_contiene-apio-no","pa_contiene-cacahuetes-no","pa_contiene-crustaceos-no","pa_contiene-frutos-secos-no","pa_contiene-huevo-no","pa_contiene-leche-no","pa_contiene-moluscos-no","pa_contiene-mostaza-no","pa_contiene-pescado-no","pa_contiene-sesamo-no","pa_contiene-soja-no","pa_producto-bio-si","pa_producto-sin-gluten-si","pa_producto-vegano-si","pa_producto-vegetariano-si"],"yoast_head":"<!-- This site is optimized with the Yoast SEO plugin v27.5 - https:\/\/yoast.com\/product\/yoast-seo-wordpress\/ -->\n<title>Jugo de Aloe vera ecol\u00f3gico - Drasanvi Francia<\/title>\n<meta name=\"robots\" content=\"index, follow, max-snippet:-1, max-image-preview:large, max-video-preview:-1\" \/>\n<link rel=\"canonical\" href=\"https:\/\/drasanvi.com\/fr\/producto\/jugo-de-aloe-vera-ecologico\/\" \/>\n<meta property=\"og:locale\" content=\"fr_FR\" \/>\n<meta property=\"og:type\" content=\"article\" \/>\n<meta property=\"og:title\" content=\"Jugo de Aloe vera ecol\u00f3gico - Drasanvi Francia\" \/>\n<meta property=\"og:description\" content=\"El Aloe Vera es una planta milenaria usada de manera popular con numerosos fines. Actualmente, el uso de Aloe Vera se ha vuelto a popularizar tras la aparici\u00f3n de numerosos estudios que han descubierto nuevos usos y aplicaciones. Dentro de los usos por v\u00eda oral del Aloe Vera, el consumo en forma de Jugo es el m\u00e1s extendido. Nuestro Jugo, con certificaci\u00f3n ecol\u00f3gica, se extrae del gel, o lo que es lo mismo, del interior de la hoja, a la que, previamente, se ha extra\u00eddo la piel y las partes adyacentes por tener en su composici\u00f3n antraquinonas. Nuestro Jugo de Aloe Vera se ha obtenido de una manera natural, en la cual se conservan todas las propiedades de la hoja de Aloe Vera: riqueza en polisac\u00e1ridos espec\u00edficos.Ficha t\u00e9cnica\" \/>\n<meta property=\"og:url\" content=\"https:\/\/drasanvi.com\/fr\/producto\/jugo-de-aloe-vera-ecologico\/\" \/>\n<meta property=\"og:site_name\" content=\"Drasanvi Francia\" \/>\n<meta property=\"article:modified_time\" content=\"2022-03-10T12:17:24+00:00\" \/>\n<meta property=\"og:image\" content=\"https:\/\/drasanvi.com\/wp-content\/uploads\/sites\/7\/2022\/02\/032050031.png\" \/>\n\t<meta property=\"og:image:width\" content=\"1000\" \/>\n\t<meta property=\"og:image:height\" content=\"1000\" \/>\n\t<meta property=\"og:image:type\" content=\"image\/png\" \/>\n<meta name=\"twitter:card\" content=\"summary_large_image\" \/>\n<script type=\"application\/ld+json\" class=\"yoast-schema-graph\">{\"@context\":\"https:\\\/\\\/schema.org\",\"@graph\":[{\"@type\":\"WebPage\",\"@id\":\"https:\\\/\\\/drasanvi.com\\\/fr\\\/producto\\\/jugo-de-aloe-vera-ecologico\\\/\",\"url\":\"https:\\\/\\\/drasanvi.com\\\/fr\\\/producto\\\/jugo-de-aloe-vera-ecologico\\\/\",\"name\":\"Jugo de Aloe vera ecol\u00f3gico - Drasanvi Francia\",\"isPartOf\":{\"@id\":\"https:\\\/\\\/drasanvi.com\\\/fr\\\/#website\"},\"primaryImageOfPage\":{\"@id\":\"https:\\\/\\\/drasanvi.com\\\/fr\\\/producto\\\/jugo-de-aloe-vera-ecologico\\\/#primaryimage\"},\"image\":{\"@id\":\"https:\\\/\\\/drasanvi.com\\\/fr\\\/producto\\\/jugo-de-aloe-vera-ecologico\\\/#primaryimage\"},\"thumbnailUrl\":\"https:\\\/\\\/drasanvi.com\\\/fr\\\/wp-content\\\/uploads\\\/sites\\\/7\\\/2022\\\/02\\\/032050031.png\",\"datePublished\":\"2022-02-28T13:08:24+00:00\",\"dateModified\":\"2022-03-10T12:17:24+00:00\",\"breadcrumb\":{\"@id\":\"https:\\\/\\\/drasanvi.com\\\/fr\\\/producto\\\/jugo-de-aloe-vera-ecologico\\\/#breadcrumb\"},\"inLanguage\":\"fr-FR\",\"potentialAction\":[{\"@type\":\"ReadAction\",\"target\":[\"https:\\\/\\\/drasanvi.com\\\/fr\\\/producto\\\/jugo-de-aloe-vera-ecologico\\\/\"]}]},{\"@type\":\"ImageObject\",\"inLanguage\":\"fr-FR\",\"@id\":\"https:\\\/\\\/drasanvi.com\\\/fr\\\/producto\\\/jugo-de-aloe-vera-ecologico\\\/#primaryimage\",\"url\":\"https:\\\/\\\/drasanvi.com\\\/fr\\\/wp-content\\\/uploads\\\/sites\\\/7\\\/2022\\\/02\\\/032050031.png\",\"contentUrl\":\"https:\\\/\\\/drasanvi.com\\\/fr\\\/wp-content\\\/uploads\\\/sites\\\/7\\\/2022\\\/02\\\/032050031.png\",\"width\":1000,\"height\":1000},{\"@type\":\"BreadcrumbList\",\"@id\":\"https:\\\/\\\/drasanvi.com\\\/fr\\\/producto\\\/jugo-de-aloe-vera-ecologico\\\/#breadcrumb\",\"itemListElement\":[{\"@type\":\"ListItem\",\"position\":1,\"name\":\"Portada\",\"item\":\"https:\\\/\\\/drasanvi.com\\\/fr\\\/\"},{\"@type\":\"ListItem\",\"position\":2,\"name\":\"Tienda\",\"item\":\"https:\\\/\\\/drasanvi.com\\\/fr\\\/tienda\\\/\"},{\"@type\":\"ListItem\",\"position\":3,\"name\":\"Jugo de Aloe vera ecol\u00f3gico\"}]},{\"@type\":\"WebSite\",\"@id\":\"https:\\\/\\\/drasanvi.com\\\/fr\\\/#website\",\"url\":\"https:\\\/\\\/drasanvi.com\\\/fr\\\/\",\"name\":\"Drasanvi Francia\",\"description\":\"L\u00edder en complementos alimenticios y cosm\u00e9tica natural.\",\"publisher\":{\"@id\":\"https:\\\/\\\/drasanvi.com\\\/fr\\\/#organization\"},\"potentialAction\":[{\"@type\":\"SearchAction\",\"target\":{\"@type\":\"EntryPoint\",\"urlTemplate\":\"https:\\\/\\\/drasanvi.com\\\/fr\\\/?s={search_term_string}\"},\"query-input\":{\"@type\":\"PropertyValueSpecification\",\"valueRequired\":true,\"valueName\":\"search_term_string\"}}],\"inLanguage\":\"fr-FR\"},{\"@type\":\"Organization\",\"@id\":\"https:\\\/\\\/drasanvi.com\\\/fr\\\/#organization\",\"name\":\"Drasanvi\",\"url\":\"https:\\\/\\\/drasanvi.com\\\/fr\\\/\",\"logo\":{\"@type\":\"ImageObject\",\"inLanguage\":\"fr-FR\",\"@id\":\"https:\\\/\\\/drasanvi.com\\\/fr\\\/#\\\/schema\\\/logo\\\/image\\\/\",\"url\":\"https:\\\/\\\/drasanvi.com\\\/wp-content\\\/uploads\\\/sites\\\/7\\\/2021\\\/07\\\/logo-drasanvi.png\",\"contentUrl\":\"https:\\\/\\\/drasanvi.com\\\/wp-content\\\/uploads\\\/sites\\\/7\\\/2021\\\/07\\\/logo-drasanvi.png\",\"width\":900,\"height\":300,\"caption\":\"Drasanvi\"},\"image\":{\"@id\":\"https:\\\/\\\/drasanvi.com\\\/fr\\\/#\\\/schema\\\/logo\\\/image\\\/\"}}]}<\/script>\n<!-- \/ Yoast SEO plugin. -->","yoast_head_json":{"title":"Jugo de Aloe vera ecol\u00f3gico - Drasanvi Francia","robots":{"index":"index","follow":"follow","max-snippet":"max-snippet:-1","max-image-preview":"max-image-preview:large","max-video-preview":"max-video-preview:-1"},"canonical":"https:\/\/drasanvi.com\/fr\/producto\/jugo-de-aloe-vera-ecologico\/","og_locale":"fr_FR","og_type":"article","og_title":"Jugo de Aloe vera ecol\u00f3gico - Drasanvi Francia","og_description":"El Aloe Vera es una planta milenaria usada de manera popular con numerosos fines. Actualmente, el uso de Aloe Vera se ha vuelto a popularizar tras la aparici\u00f3n de numerosos estudios que han descubierto nuevos usos y aplicaciones. Dentro de los usos por v\u00eda oral del Aloe Vera, el consumo en forma de Jugo es el m\u00e1s extendido. Nuestro Jugo, con certificaci\u00f3n ecol\u00f3gica, se extrae del gel, o lo que es lo mismo, del interior de la hoja, a la que, previamente, se ha extra\u00eddo la piel y las partes adyacentes por tener en su composici\u00f3n antraquinonas. Nuestro Jugo de Aloe Vera se ha obtenido de una manera natural, en la cual se conservan todas las propiedades de la hoja de Aloe Vera: riqueza en polisac\u00e1ridos espec\u00edficos.Ficha t\u00e9cnica","og_url":"https:\/\/drasanvi.com\/fr\/producto\/jugo-de-aloe-vera-ecologico\/","og_site_name":"Drasanvi Francia","article_modified_time":"2022-03-10T12:17:24+00:00","og_image":[{"width":1000,"height":1000,"url":"https:\/\/drasanvi.com\/wp-content\/uploads\/sites\/7\/2022\/02\/032050031.png","type":"image\/png"}],"twitter_card":"summary_large_image","schema":{"@context":"https:\/\/schema.org","@graph":[{"@type":"WebPage","@id":"https:\/\/drasanvi.com\/fr\/producto\/jugo-de-aloe-vera-ecologico\/","url":"https:\/\/drasanvi.com\/fr\/producto\/jugo-de-aloe-vera-ecologico\/","name":"Jugo de Aloe vera ecol\u00f3gico - Drasanvi Francia","isPartOf":{"@id":"https:\/\/drasanvi.com\/fr\/#website"},"primaryImageOfPage":{"@id":"https:\/\/drasanvi.com\/fr\/producto\/jugo-de-aloe-vera-ecologico\/#primaryimage"},"image":{"@id":"https:\/\/drasanvi.com\/fr\/producto\/jugo-de-aloe-vera-ecologico\/#primaryimage"},"thumbnailUrl":"https:\/\/drasanvi.com\/fr\/wp-content\/uploads\/sites\/7\/2022\/02\/032050031.png","datePublished":"2022-02-28T13:08:24+00:00","dateModified":"2022-03-10T12:17:24+00:00","breadcrumb":{"@id":"https:\/\/drasanvi.com\/fr\/producto\/jugo-de-aloe-vera-ecologico\/#breadcrumb"},"inLanguage":"fr-FR","potentialAction":[{"@type":"ReadAction","target":["https:\/\/drasanvi.com\/fr\/producto\/jugo-de-aloe-vera-ecologico\/"]}]},{"@type":"ImageObject","inLanguage":"fr-FR","@id":"https:\/\/drasanvi.com\/fr\/producto\/jugo-de-aloe-vera-ecologico\/#primaryimage","url":"https:\/\/drasanvi.com\/fr\/wp-content\/uploads\/sites\/7\/2022\/02\/032050031.png","contentUrl":"https:\/\/drasanvi.com\/fr\/wp-content\/uploads\/sites\/7\/2022\/02\/032050031.png","width":1000,"height":1000},{"@type":"BreadcrumbList","@id":"https:\/\/drasanvi.com\/fr\/producto\/jugo-de-aloe-vera-ecologico\/#breadcrumb","itemListElement":[{"@type":"ListItem","position":1,"name":"Portada","item":"https:\/\/drasanvi.com\/fr\/"},{"@type":"ListItem","position":2,"name":"Tienda","item":"https:\/\/drasanvi.com\/fr\/tienda\/"},{"@type":"ListItem","position":3,"name":"Jugo de Aloe vera ecol\u00f3gico"}]},{"@type":"WebSite","@id":"https:\/\/drasanvi.com\/fr\/#website","url":"https:\/\/drasanvi.com\/fr\/","name":"Drasanvi Francia","description":"L\u00edder en complementos alimenticios y cosm\u00e9tica natural.","publisher":{"@id":"https:\/\/drasanvi.com\/fr\/#organization"},"potentialAction":[{"@type":"SearchAction","target":{"@type":"EntryPoint","urlTemplate":"https:\/\/drasanvi.com\/fr\/?s={search_term_string}"},"query-input":{"@type":"PropertyValueSpecification","valueRequired":true,"valueName":"search_term_string"}}],"inLanguage":"fr-FR"},{"@type":"Organization","@id":"https:\/\/drasanvi.com\/fr\/#organization","name":"Drasanvi","url":"https:\/\/drasanvi.com\/fr\/","logo":{"@type":"ImageObject","inLanguage":"fr-FR","@id":"https:\/\/drasanvi.com\/fr\/#\/schema\/logo\/image\/","url":"https:\/\/drasanvi.com\/wp-content\/uploads\/sites\/7\/2021\/07\/logo-drasanvi.png","contentUrl":"https:\/\/drasanvi.com\/wp-content\/uploads\/sites\/7\/2021\/07\/logo-drasanvi.png","width":900,"height":300,"caption":"Drasanvi"},"image":{"@id":"https:\/\/drasanvi.com\/fr\/#\/schema\/logo\/image\/"}}]}},"_links":{"self":[{"href":"https:\/\/drasanvi.com\/fr\/wp-json\/wp\/v2\/product\/20242","targetHints":{"allow":["GET"]}}],"collection":[{"href":"https:\/\/drasanvi.com\/fr\/wp-json\/wp\/v2\/product"}],"about":[{"href":"https:\/\/drasanvi.com\/fr\/wp-json\/wp\/v2\/types\/product"}],"version-history":[{"count":0,"href":"https:\/\/drasanvi.com\/fr\/wp-json\/wp\/v2\/product\/20242\/revisions"}],"wp:featuredmedia":[{"embeddable":true,"href":"https:\/\/drasanvi.com\/fr\/wp-json\/wp\/v2\/media\/20244"}],"wp:attachment":[{"href":"https:\/\/drasanvi.com\/fr\/wp-json\/wp\/v2\/media?parent=20242"}],"wp:term":[{"taxonomy":"product_cat","embeddable":true,"href":"https:\/\/drasanvi.com\/fr\/wp-json\/wp\/v2\/product_cat?post=20242"},{"taxonomy":"product_tag","embeddable":true,"href":"https:\/\/drasanvi.com\/fr\/wp-json\/wp\/v2\/product_tag?post=20242"}],"curies":[{"name":"wp","href":"https:\/\/api.w.org\/{rel}","templated":true}]}}