{"id":20141,"date":"2022-02-28T15:06:57","date_gmt":"2022-02-28T13:06:57","guid":{"rendered":"https:\/\/drasanvi.com\/fr\/producto\/gel-higienizante-manos-y-cuerpo-250-ml\/"},"modified":"2022-03-10T14:17:22","modified_gmt":"2022-03-10T12:17:22","slug":"gel-higienizante-manos-y-cuerpo-250-ml","status":"publish","type":"product","link":"https:\/\/drasanvi.com\/fr\/producto\/gel-higienizante-manos-y-cuerpo-250-ml\/","title":{"rendered":"Gel higienizante manos y cuerpo 250 ml"},"content":{"rendered":"<h2>Ingredientes<\/h2>\n<p>AQUA(WATER), SODIUM LAURETH SULFATE, COCAMIDOPROPYL BETAINE, COCO-BETAINE, HYDROGENATED STARCH HYDROLYSATE, ALOE BARBADENSIS LEAF EXTRACT, PANTHENOL, MELALEUCA ALTERNIFOLIA(TEA TREE) LEAF OIL, CHLORHEXIDINE DIGLUCONATE, PROPOLIS EXTRACT, SODIUM PCA, CYMBOPOGON CITRATUS EXTRACT, SODIUM CHLORIDE, BENZALKONIUM CHLORIDE, GLYCOL DISTEARATE, PROPYLENE GLYCOL, CITRIC ACID, COCAMIDE MEA, METHYLCHLOROISOTHIAZOLINONE, METHYLISOTHIAZOLINONE, MAGNESIUM NITRATE, MAGNESIUM CHLORIDE, SODIUM BENZOATE, POTASSIUM SORBATE.<\/p>\n<h2>Modo de uso<\/h2>\n<p>Aplicar sobre la piel humedecida. Realizar un suave masaje con la mano o la esponja hasta la obtencion de espuma. Aclarar. Evitar el contacto con los ojos. En caso de contacto con los ojos aclarar con abundante cantidad de agua.\u00a0<\/p>\n<h3>Presentaci\u00f3n<\/h3>\n<p>Envase de 250 ml<\/p>\n<h3>Advertencias<\/h3>\n<p>Uso t&oacute;pico. En caso de contacto con los ojos aclarar cuidadosamente con agua durante varios minutos<\/p>\n<h2>Informaci\u00f3n adicional<\/h2>\n<p>AQUA(WATER), SODIUM LAURETH SULFATE, COCAMIDOPROPYL BETAINE, COCO-BETAINE, HYDROGENATED STARCH HYDROLYSATE, ALOE BARBADENSIS LEAF EXTRACT, PANTHENOL, MELALEUCA ALTERNIFOLIA(TEA TREE) LEAF OIL, CHLORHEXIDINE DIGLUCONATE, PROPOLIS EXTRACT, SODIUM PCA, CYMBOPOGON CITRATUS EXTRACT, SODIUM CHLORIDE, BENZALKONIUM CHLORIDE, GLYCOL DISTEARATE, PROPYLENE GLYCOL, CITRIC ACID, COCAMIDE MEA, METHYLCHLOROISOTHIAZOLINONE, METHYLISOTHIAZOLINONE, MAGNESIUM NITRATE, MAGNESIUM CHLORIDE, SODIUM BENZOATE, POTASSIUM SORBATE.<\/p>\n<p>Ingrediente activo  Acci\u00f3n      Clorhexidina digluconato  Especialmente indicado para la limpieza e higiene de la piel      Cloruro de benzalconio  Activo para la higiene de la piel      Aceite \u00c1rbol del te  Antis\u00e9ptico y bactericida.      Extracto hierba de lim\u00f3n  Extracto natural con propiedades higienizantes y purificante.      Extracto Pr\u00f3polis  Purificante      Aloe vera  Hidratante, reepitelizante, reparador      Pantenol  Pro-Vitamina B-5. Humectante e hidratante. Acondicionador      Sodium PCA  Hidratante de origen natural<\/p>\n","protected":false},"excerpt":{"rendered":"<p>Gel de manos y cuerpo higienizante de uso diario formulado con agentes antis\u00e9pticos y aceite del \u00e1rbol de te. Apto para toda la familia. Su f\u00f3rmula, con pH fisiol\u00f3gico es ideal para una higiene eficaz y respetuosa con nuestra piel. Apto para todo tipo de pieles.\u00a0  Enriquecido con aloe vera, extracto de propolis y extracto de hierba de lim\u00f3n que potencian el efecto de sus agentes higienizantes a la vez que ayudan a mantener nuestra piel, sueve, hidratada y cuidada.\u00a0<br \/><a id=\"boton-ficha\" href=\"https:\/\/panel.drasanvi.com\/fichas\/1\/032060660\" target=\"_blank\" rel=\"noopener\">Ficha t\u00e9cnica<\/a><\/p>\n","protected":false},"featured_media":20143,"template":"","meta":{"inline_featured_image":false},"product_cat":[95],"product_tag":[],"class_list":["post-20141","product","type-product","status-publish","has-post-thumbnail","hentry","product_cat-covid-19","pa_contiene-altramuces-no","pa_contiene-apio-no","pa_contiene-cacahuetes-no","pa_contiene-crustaceos-no","pa_contiene-frutos-secos-no","pa_contiene-huevo-no","pa_contiene-leche-no","pa_contiene-moluscos-no","pa_contiene-mostaza-no","pa_contiene-pescado-no","pa_contiene-sesamo-no","pa_contiene-soja-no","pa_producto-bio-no","pa_producto-sin-gluten-si","pa_producto-vegano-no","pa_producto-vegetariano-si"],"yoast_head":"<!-- This site is optimized with the Yoast SEO plugin v27.5 - https:\/\/yoast.com\/product\/yoast-seo-wordpress\/ -->\n<title>Gel higienizante manos y cuerpo 250 ml - Drasanvi Francia<\/title>\n<meta name=\"robots\" content=\"index, follow, max-snippet:-1, max-image-preview:large, max-video-preview:-1\" \/>\n<link rel=\"canonical\" href=\"https:\/\/drasanvi.com\/fr\/producto\/gel-higienizante-manos-y-cuerpo-250-ml\/\" \/>\n<meta property=\"og:locale\" content=\"fr_FR\" \/>\n<meta property=\"og:type\" content=\"article\" \/>\n<meta property=\"og:title\" content=\"Gel higienizante manos y cuerpo 250 ml - Drasanvi Francia\" \/>\n<meta property=\"og:description\" content=\"Gel de manos y cuerpo higienizante de uso diario formulado con agentes antis\u00e9pticos y aceite del \u00e1rbol de te. Apto para toda la familia. Su f\u00f3rmula, con pH fisiol\u00f3gico es ideal para una higiene eficaz y respetuosa con nuestra piel. Apto para todo tipo de pieles.\u00a0 Enriquecido con aloe vera, extracto de propolis y extracto de hierba de lim\u00f3n que potencian el efecto de sus agentes higienizantes a la vez que ayudan a mantener nuestra piel, sueve, hidratada y cuidada.\u00a0Ficha t\u00e9cnica\" \/>\n<meta property=\"og:url\" content=\"https:\/\/drasanvi.com\/fr\/producto\/gel-higienizante-manos-y-cuerpo-250-ml\/\" \/>\n<meta property=\"og:site_name\" content=\"Drasanvi Francia\" \/>\n<meta property=\"article:modified_time\" content=\"2022-03-10T12:17:22+00:00\" \/>\n<meta property=\"og:image\" content=\"https:\/\/drasanvi.com\/wp-content\/uploads\/sites\/7\/2022\/02\/032060660.png\" \/>\n\t<meta property=\"og:image:width\" content=\"768\" \/>\n\t<meta property=\"og:image:height\" content=\"768\" \/>\n\t<meta property=\"og:image:type\" content=\"image\/png\" \/>\n<meta name=\"twitter:card\" content=\"summary_large_image\" \/>\n<script type=\"application\/ld+json\" class=\"yoast-schema-graph\">{\"@context\":\"https:\\\/\\\/schema.org\",\"@graph\":[{\"@type\":\"WebPage\",\"@id\":\"https:\\\/\\\/drasanvi.com\\\/fr\\\/producto\\\/gel-higienizante-manos-y-cuerpo-250-ml\\\/\",\"url\":\"https:\\\/\\\/drasanvi.com\\\/fr\\\/producto\\\/gel-higienizante-manos-y-cuerpo-250-ml\\\/\",\"name\":\"Gel higienizante manos y cuerpo 250 ml - Drasanvi Francia\",\"isPartOf\":{\"@id\":\"https:\\\/\\\/drasanvi.com\\\/fr\\\/#website\"},\"primaryImageOfPage\":{\"@id\":\"https:\\\/\\\/drasanvi.com\\\/fr\\\/producto\\\/gel-higienizante-manos-y-cuerpo-250-ml\\\/#primaryimage\"},\"image\":{\"@id\":\"https:\\\/\\\/drasanvi.com\\\/fr\\\/producto\\\/gel-higienizante-manos-y-cuerpo-250-ml\\\/#primaryimage\"},\"thumbnailUrl\":\"https:\\\/\\\/drasanvi.com\\\/fr\\\/wp-content\\\/uploads\\\/sites\\\/7\\\/2022\\\/02\\\/032060660.png\",\"datePublished\":\"2022-02-28T13:06:57+00:00\",\"dateModified\":\"2022-03-10T12:17:22+00:00\",\"breadcrumb\":{\"@id\":\"https:\\\/\\\/drasanvi.com\\\/fr\\\/producto\\\/gel-higienizante-manos-y-cuerpo-250-ml\\\/#breadcrumb\"},\"inLanguage\":\"fr-FR\",\"potentialAction\":[{\"@type\":\"ReadAction\",\"target\":[\"https:\\\/\\\/drasanvi.com\\\/fr\\\/producto\\\/gel-higienizante-manos-y-cuerpo-250-ml\\\/\"]}]},{\"@type\":\"ImageObject\",\"inLanguage\":\"fr-FR\",\"@id\":\"https:\\\/\\\/drasanvi.com\\\/fr\\\/producto\\\/gel-higienizante-manos-y-cuerpo-250-ml\\\/#primaryimage\",\"url\":\"https:\\\/\\\/drasanvi.com\\\/fr\\\/wp-content\\\/uploads\\\/sites\\\/7\\\/2022\\\/02\\\/032060660.png\",\"contentUrl\":\"https:\\\/\\\/drasanvi.com\\\/fr\\\/wp-content\\\/uploads\\\/sites\\\/7\\\/2022\\\/02\\\/032060660.png\",\"width\":768,\"height\":768},{\"@type\":\"BreadcrumbList\",\"@id\":\"https:\\\/\\\/drasanvi.com\\\/fr\\\/producto\\\/gel-higienizante-manos-y-cuerpo-250-ml\\\/#breadcrumb\",\"itemListElement\":[{\"@type\":\"ListItem\",\"position\":1,\"name\":\"Portada\",\"item\":\"https:\\\/\\\/drasanvi.com\\\/fr\\\/\"},{\"@type\":\"ListItem\",\"position\":2,\"name\":\"Tienda\",\"item\":\"https:\\\/\\\/drasanvi.com\\\/fr\\\/tienda\\\/\"},{\"@type\":\"ListItem\",\"position\":3,\"name\":\"Gel higienizante manos y cuerpo 250 ml\"}]},{\"@type\":\"WebSite\",\"@id\":\"https:\\\/\\\/drasanvi.com\\\/fr\\\/#website\",\"url\":\"https:\\\/\\\/drasanvi.com\\\/fr\\\/\",\"name\":\"Drasanvi Francia\",\"description\":\"L\u00edder en complementos alimenticios y cosm\u00e9tica natural.\",\"publisher\":{\"@id\":\"https:\\\/\\\/drasanvi.com\\\/fr\\\/#organization\"},\"potentialAction\":[{\"@type\":\"SearchAction\",\"target\":{\"@type\":\"EntryPoint\",\"urlTemplate\":\"https:\\\/\\\/drasanvi.com\\\/fr\\\/?s={search_term_string}\"},\"query-input\":{\"@type\":\"PropertyValueSpecification\",\"valueRequired\":true,\"valueName\":\"search_term_string\"}}],\"inLanguage\":\"fr-FR\"},{\"@type\":\"Organization\",\"@id\":\"https:\\\/\\\/drasanvi.com\\\/fr\\\/#organization\",\"name\":\"Drasanvi\",\"url\":\"https:\\\/\\\/drasanvi.com\\\/fr\\\/\",\"logo\":{\"@type\":\"ImageObject\",\"inLanguage\":\"fr-FR\",\"@id\":\"https:\\\/\\\/drasanvi.com\\\/fr\\\/#\\\/schema\\\/logo\\\/image\\\/\",\"url\":\"https:\\\/\\\/drasanvi.com\\\/wp-content\\\/uploads\\\/sites\\\/7\\\/2021\\\/07\\\/logo-drasanvi.png\",\"contentUrl\":\"https:\\\/\\\/drasanvi.com\\\/wp-content\\\/uploads\\\/sites\\\/7\\\/2021\\\/07\\\/logo-drasanvi.png\",\"width\":900,\"height\":300,\"caption\":\"Drasanvi\"},\"image\":{\"@id\":\"https:\\\/\\\/drasanvi.com\\\/fr\\\/#\\\/schema\\\/logo\\\/image\\\/\"}}]}<\/script>\n<!-- \/ Yoast SEO plugin. -->","yoast_head_json":{"title":"Gel higienizante manos y cuerpo 250 ml - Drasanvi Francia","robots":{"index":"index","follow":"follow","max-snippet":"max-snippet:-1","max-image-preview":"max-image-preview:large","max-video-preview":"max-video-preview:-1"},"canonical":"https:\/\/drasanvi.com\/fr\/producto\/gel-higienizante-manos-y-cuerpo-250-ml\/","og_locale":"fr_FR","og_type":"article","og_title":"Gel higienizante manos y cuerpo 250 ml - Drasanvi Francia","og_description":"Gel de manos y cuerpo higienizante de uso diario formulado con agentes antis\u00e9pticos y aceite del \u00e1rbol de te. Apto para toda la familia. Su f\u00f3rmula, con pH fisiol\u00f3gico es ideal para una higiene eficaz y respetuosa con nuestra piel. Apto para todo tipo de pieles.\u00a0 Enriquecido con aloe vera, extracto de propolis y extracto de hierba de lim\u00f3n que potencian el efecto de sus agentes higienizantes a la vez que ayudan a mantener nuestra piel, sueve, hidratada y cuidada.\u00a0Ficha t\u00e9cnica","og_url":"https:\/\/drasanvi.com\/fr\/producto\/gel-higienizante-manos-y-cuerpo-250-ml\/","og_site_name":"Drasanvi Francia","article_modified_time":"2022-03-10T12:17:22+00:00","og_image":[{"width":768,"height":768,"url":"https:\/\/drasanvi.com\/wp-content\/uploads\/sites\/7\/2022\/02\/032060660.png","type":"image\/png"}],"twitter_card":"summary_large_image","schema":{"@context":"https:\/\/schema.org","@graph":[{"@type":"WebPage","@id":"https:\/\/drasanvi.com\/fr\/producto\/gel-higienizante-manos-y-cuerpo-250-ml\/","url":"https:\/\/drasanvi.com\/fr\/producto\/gel-higienizante-manos-y-cuerpo-250-ml\/","name":"Gel higienizante manos y cuerpo 250 ml - Drasanvi Francia","isPartOf":{"@id":"https:\/\/drasanvi.com\/fr\/#website"},"primaryImageOfPage":{"@id":"https:\/\/drasanvi.com\/fr\/producto\/gel-higienizante-manos-y-cuerpo-250-ml\/#primaryimage"},"image":{"@id":"https:\/\/drasanvi.com\/fr\/producto\/gel-higienizante-manos-y-cuerpo-250-ml\/#primaryimage"},"thumbnailUrl":"https:\/\/drasanvi.com\/fr\/wp-content\/uploads\/sites\/7\/2022\/02\/032060660.png","datePublished":"2022-02-28T13:06:57+00:00","dateModified":"2022-03-10T12:17:22+00:00","breadcrumb":{"@id":"https:\/\/drasanvi.com\/fr\/producto\/gel-higienizante-manos-y-cuerpo-250-ml\/#breadcrumb"},"inLanguage":"fr-FR","potentialAction":[{"@type":"ReadAction","target":["https:\/\/drasanvi.com\/fr\/producto\/gel-higienizante-manos-y-cuerpo-250-ml\/"]}]},{"@type":"ImageObject","inLanguage":"fr-FR","@id":"https:\/\/drasanvi.com\/fr\/producto\/gel-higienizante-manos-y-cuerpo-250-ml\/#primaryimage","url":"https:\/\/drasanvi.com\/fr\/wp-content\/uploads\/sites\/7\/2022\/02\/032060660.png","contentUrl":"https:\/\/drasanvi.com\/fr\/wp-content\/uploads\/sites\/7\/2022\/02\/032060660.png","width":768,"height":768},{"@type":"BreadcrumbList","@id":"https:\/\/drasanvi.com\/fr\/producto\/gel-higienizante-manos-y-cuerpo-250-ml\/#breadcrumb","itemListElement":[{"@type":"ListItem","position":1,"name":"Portada","item":"https:\/\/drasanvi.com\/fr\/"},{"@type":"ListItem","position":2,"name":"Tienda","item":"https:\/\/drasanvi.com\/fr\/tienda\/"},{"@type":"ListItem","position":3,"name":"Gel higienizante manos y cuerpo 250 ml"}]},{"@type":"WebSite","@id":"https:\/\/drasanvi.com\/fr\/#website","url":"https:\/\/drasanvi.com\/fr\/","name":"Drasanvi Francia","description":"L\u00edder en complementos alimenticios y cosm\u00e9tica natural.","publisher":{"@id":"https:\/\/drasanvi.com\/fr\/#organization"},"potentialAction":[{"@type":"SearchAction","target":{"@type":"EntryPoint","urlTemplate":"https:\/\/drasanvi.com\/fr\/?s={search_term_string}"},"query-input":{"@type":"PropertyValueSpecification","valueRequired":true,"valueName":"search_term_string"}}],"inLanguage":"fr-FR"},{"@type":"Organization","@id":"https:\/\/drasanvi.com\/fr\/#organization","name":"Drasanvi","url":"https:\/\/drasanvi.com\/fr\/","logo":{"@type":"ImageObject","inLanguage":"fr-FR","@id":"https:\/\/drasanvi.com\/fr\/#\/schema\/logo\/image\/","url":"https:\/\/drasanvi.com\/wp-content\/uploads\/sites\/7\/2021\/07\/logo-drasanvi.png","contentUrl":"https:\/\/drasanvi.com\/wp-content\/uploads\/sites\/7\/2021\/07\/logo-drasanvi.png","width":900,"height":300,"caption":"Drasanvi"},"image":{"@id":"https:\/\/drasanvi.com\/fr\/#\/schema\/logo\/image\/"}}]}},"_links":{"self":[{"href":"https:\/\/drasanvi.com\/fr\/wp-json\/wp\/v2\/product\/20141","targetHints":{"allow":["GET"]}}],"collection":[{"href":"https:\/\/drasanvi.com\/fr\/wp-json\/wp\/v2\/product"}],"about":[{"href":"https:\/\/drasanvi.com\/fr\/wp-json\/wp\/v2\/types\/product"}],"version-history":[{"count":0,"href":"https:\/\/drasanvi.com\/fr\/wp-json\/wp\/v2\/product\/20141\/revisions"}],"wp:featuredmedia":[{"embeddable":true,"href":"https:\/\/drasanvi.com\/fr\/wp-json\/wp\/v2\/media\/20143"}],"wp:attachment":[{"href":"https:\/\/drasanvi.com\/fr\/wp-json\/wp\/v2\/media?parent=20141"}],"wp:term":[{"taxonomy":"product_cat","embeddable":true,"href":"https:\/\/drasanvi.com\/fr\/wp-json\/wp\/v2\/product_cat?post=20141"},{"taxonomy":"product_tag","embeddable":true,"href":"https:\/\/drasanvi.com\/fr\/wp-json\/wp\/v2\/product_tag?post=20141"}],"curies":[{"name":"wp","href":"https:\/\/api.w.org\/{rel}","templated":true}]}}