{"id":20077,"date":"2022-02-28T15:05:43","date_gmt":"2022-02-28T13:05:43","guid":{"rendered":"https:\/\/drasanvi.com\/fr\/producto\/fibramax\/"},"modified":"2022-03-10T14:17:17","modified_gmt":"2022-03-10T12:17:17","slug":"fibramax","status":"publish","type":"product","link":"https:\/\/drasanvi.com\/fr\/producto\/fibramax\/","title":{"rendered":"Fibramax"},"content":{"rendered":"<h2>Ingredientes<\/h2>\n<p>Ingredientes  g \/ Dosis diaria      Manzana Malus domestica  4,7 g      Fibra de trigo Triticum aestivum L.  3,28 g      Isp\u00e1gula Plantago ovata  3 g      Fibra de avena Avena sativa\u00a0L.  2 g      Otros Ingredientes: Glucosidos de Steviol\u00a0        Sin colorantes, conservantes ni az\u00facares a\u00f1adidos.<\/p>\n<h2>Modo de uso<\/h2>\n<p>A\u00f1adir una cucharada sopera colmada a 250 ml de agua o zumo y remover en\u00e9rgicamente para conseguir la disoluci\u00f3n completa del producto.Para mejorar la disoluci\u00f3n, a\u00f1adir primero el producto y, posteriormente, el agua.Puede consumirse tanto en ayunas como con comida.\u00a0<\/p>\n<h3>Presentaci\u00f3n<\/h3>\n<p>Envase de 400 g<\/p>\n<h3>Advertencias<\/h3>\n<p>Complemento alimenticio a base de plantas con edulcorante. Los complementos alimenticios no deben utilizarse como sustitutivos de una dieta equilibrada. No superar la dosis diaria expresamente recomendada. Mantener fuera del alcance de los ni&ntilde;os m&aacute;s peque&ntilde;os.&nbsp;Conservar en un lugar fresco y seco.Remover en&eacute;rgicamente para obtener la disoluci&oacute;n completa<\/p>\n<h2>Informaci\u00f3n adicional<\/h2>\n<p>Ingredientes  Descripci\u00f3n  Dosis diaria      Manzana  Malus domestica\u00a0  4,7 g      Fibra de trigo  Triticum aestivum L\u00a0  3,28 g      Isp\u00e1gula  Plantago ovata\u00a0  3 g      Fibra de avena  Avena sativa L\u00a0  2 g      Edulcorante  Gluc\u00f3sidos de steviol  0,02 g\u00a0<\/p>\n<p>Por 100 g        \u00a0  Por 100 g  Por dosis diaria      Valor energ\u00e9tico  1008 kJ \/ 241 kcal  131,04 KJ\/31,33Kcal      Grasas  1,1 g  0,143 g      de las cuales saturadas  0,3 g  0,039 g      Hidratos de carbono  21 g  2,73 g      de los cuales az\u00facares  3,6\u00a0 g  0,12 g      Fibra alimentaria  69 g  8,97g      Prote\u00ednas  1,6 g  0,208 g      Sal  0 g  0 g        \u00a0<\/p>\n","protected":false},"excerpt":{"rendered":"<p>\u00a0La fibra es un componente vegetal que el cuerpo no puede digerir y pasa, directamente, al intestino. Por tanto, la fibra tiene un papel fundamental en el transito intestinal. Existen dos tipos de fibra: Fibra soluble: ayuda al vaciamiento g\u00e1strico. Fibra insoluble: mejora el tr\u00e1nsito intestinal. La incorporaci\u00f3n de fibra es fundamental en el organismo.<br \/><a id=\"boton-ficha\" href=\"https:\/\/panel.drasanvi.com\/fichas\/1\/032050526\" target=\"_blank\" rel=\"noopener\">Ficha t\u00e9cnica<\/a><\/p>\n","protected":false},"featured_media":20079,"template":"","meta":{"inline_featured_image":false},"product_cat":[116],"product_tag":[],"class_list":["post-20077","product","type-product","status-publish","has-post-thumbnail","hentry","product_cat-transito-intestinal","pa_contiene-altramuces-no","pa_contiene-apio-no","pa_contiene-cacahuetes-no","pa_contiene-crustaceos-no","pa_contiene-frutos-secos-no","pa_contiene-huevo-no","pa_contiene-leche-no","pa_contiene-moluscos-no","pa_contiene-mostaza-no","pa_contiene-pescado-no","pa_contiene-sesamo-no","pa_contiene-soja-no","pa_producto-bio-no","pa_producto-sin-gluten-si","pa_producto-vegano-si","pa_producto-vegetariano-no"],"yoast_head":"<!-- This site is optimized with the Yoast SEO plugin v27.5 - https:\/\/yoast.com\/product\/yoast-seo-wordpress\/ -->\n<title>Fibramax - Drasanvi Francia<\/title>\n<meta name=\"robots\" content=\"index, follow, max-snippet:-1, max-image-preview:large, max-video-preview:-1\" \/>\n<link rel=\"canonical\" href=\"https:\/\/drasanvi.com\/fr\/producto\/fibramax\/\" \/>\n<meta property=\"og:locale\" content=\"fr_FR\" \/>\n<meta property=\"og:type\" content=\"article\" \/>\n<meta property=\"og:title\" content=\"Fibramax - Drasanvi Francia\" \/>\n<meta property=\"og:description\" content=\"\u00a0La fibra es un componente vegetal que el cuerpo no puede digerir y pasa, directamente, al intestino. Por tanto, la fibra tiene un papel fundamental en el transito intestinal. Existen dos tipos de fibra: Fibra soluble: ayuda al vaciamiento g\u00e1strico. Fibra insoluble: mejora el tr\u00e1nsito intestinal. La incorporaci\u00f3n de fibra es fundamental en el organismo.Ficha t\u00e9cnica\" \/>\n<meta property=\"og:url\" content=\"https:\/\/drasanvi.com\/fr\/producto\/fibramax\/\" \/>\n<meta property=\"og:site_name\" content=\"Drasanvi Francia\" \/>\n<meta property=\"article:modified_time\" content=\"2022-03-10T12:17:17+00:00\" \/>\n<meta property=\"og:image\" content=\"https:\/\/drasanvi.com\/wp-content\/uploads\/sites\/7\/2022\/02\/032050526.png\" \/>\n\t<meta property=\"og:image:width\" content=\"1200\" \/>\n\t<meta property=\"og:image:height\" content=\"1200\" \/>\n\t<meta property=\"og:image:type\" content=\"image\/png\" \/>\n<meta name=\"twitter:card\" content=\"summary_large_image\" \/>\n<script type=\"application\/ld+json\" class=\"yoast-schema-graph\">{\"@context\":\"https:\\\/\\\/schema.org\",\"@graph\":[{\"@type\":\"WebPage\",\"@id\":\"https:\\\/\\\/drasanvi.com\\\/fr\\\/producto\\\/fibramax\\\/\",\"url\":\"https:\\\/\\\/drasanvi.com\\\/fr\\\/producto\\\/fibramax\\\/\",\"name\":\"Fibramax - Drasanvi Francia\",\"isPartOf\":{\"@id\":\"https:\\\/\\\/drasanvi.com\\\/fr\\\/#website\"},\"primaryImageOfPage\":{\"@id\":\"https:\\\/\\\/drasanvi.com\\\/fr\\\/producto\\\/fibramax\\\/#primaryimage\"},\"image\":{\"@id\":\"https:\\\/\\\/drasanvi.com\\\/fr\\\/producto\\\/fibramax\\\/#primaryimage\"},\"thumbnailUrl\":\"https:\\\/\\\/drasanvi.com\\\/fr\\\/wp-content\\\/uploads\\\/sites\\\/7\\\/2022\\\/02\\\/032050526.png\",\"datePublished\":\"2022-02-28T13:05:43+00:00\",\"dateModified\":\"2022-03-10T12:17:17+00:00\",\"breadcrumb\":{\"@id\":\"https:\\\/\\\/drasanvi.com\\\/fr\\\/producto\\\/fibramax\\\/#breadcrumb\"},\"inLanguage\":\"fr-FR\",\"potentialAction\":[{\"@type\":\"ReadAction\",\"target\":[\"https:\\\/\\\/drasanvi.com\\\/fr\\\/producto\\\/fibramax\\\/\"]}]},{\"@type\":\"ImageObject\",\"inLanguage\":\"fr-FR\",\"@id\":\"https:\\\/\\\/drasanvi.com\\\/fr\\\/producto\\\/fibramax\\\/#primaryimage\",\"url\":\"https:\\\/\\\/drasanvi.com\\\/fr\\\/wp-content\\\/uploads\\\/sites\\\/7\\\/2022\\\/02\\\/032050526.png\",\"contentUrl\":\"https:\\\/\\\/drasanvi.com\\\/fr\\\/wp-content\\\/uploads\\\/sites\\\/7\\\/2022\\\/02\\\/032050526.png\",\"width\":1200,\"height\":1200},{\"@type\":\"BreadcrumbList\",\"@id\":\"https:\\\/\\\/drasanvi.com\\\/fr\\\/producto\\\/fibramax\\\/#breadcrumb\",\"itemListElement\":[{\"@type\":\"ListItem\",\"position\":1,\"name\":\"Portada\",\"item\":\"https:\\\/\\\/drasanvi.com\\\/fr\\\/\"},{\"@type\":\"ListItem\",\"position\":2,\"name\":\"Tienda\",\"item\":\"https:\\\/\\\/drasanvi.com\\\/fr\\\/tienda\\\/\"},{\"@type\":\"ListItem\",\"position\":3,\"name\":\"Fibramax\"}]},{\"@type\":\"WebSite\",\"@id\":\"https:\\\/\\\/drasanvi.com\\\/fr\\\/#website\",\"url\":\"https:\\\/\\\/drasanvi.com\\\/fr\\\/\",\"name\":\"Drasanvi Francia\",\"description\":\"L\u00edder en complementos alimenticios y cosm\u00e9tica natural.\",\"publisher\":{\"@id\":\"https:\\\/\\\/drasanvi.com\\\/fr\\\/#organization\"},\"potentialAction\":[{\"@type\":\"SearchAction\",\"target\":{\"@type\":\"EntryPoint\",\"urlTemplate\":\"https:\\\/\\\/drasanvi.com\\\/fr\\\/?s={search_term_string}\"},\"query-input\":{\"@type\":\"PropertyValueSpecification\",\"valueRequired\":true,\"valueName\":\"search_term_string\"}}],\"inLanguage\":\"fr-FR\"},{\"@type\":\"Organization\",\"@id\":\"https:\\\/\\\/drasanvi.com\\\/fr\\\/#organization\",\"name\":\"Drasanvi\",\"url\":\"https:\\\/\\\/drasanvi.com\\\/fr\\\/\",\"logo\":{\"@type\":\"ImageObject\",\"inLanguage\":\"fr-FR\",\"@id\":\"https:\\\/\\\/drasanvi.com\\\/fr\\\/#\\\/schema\\\/logo\\\/image\\\/\",\"url\":\"https:\\\/\\\/drasanvi.com\\\/wp-content\\\/uploads\\\/sites\\\/7\\\/2021\\\/07\\\/logo-drasanvi.png\",\"contentUrl\":\"https:\\\/\\\/drasanvi.com\\\/wp-content\\\/uploads\\\/sites\\\/7\\\/2021\\\/07\\\/logo-drasanvi.png\",\"width\":900,\"height\":300,\"caption\":\"Drasanvi\"},\"image\":{\"@id\":\"https:\\\/\\\/drasanvi.com\\\/fr\\\/#\\\/schema\\\/logo\\\/image\\\/\"}}]}<\/script>\n<!-- \/ Yoast SEO plugin. -->","yoast_head_json":{"title":"Fibramax - Drasanvi Francia","robots":{"index":"index","follow":"follow","max-snippet":"max-snippet:-1","max-image-preview":"max-image-preview:large","max-video-preview":"max-video-preview:-1"},"canonical":"https:\/\/drasanvi.com\/fr\/producto\/fibramax\/","og_locale":"fr_FR","og_type":"article","og_title":"Fibramax - Drasanvi Francia","og_description":"\u00a0La fibra es un componente vegetal que el cuerpo no puede digerir y pasa, directamente, al intestino. Por tanto, la fibra tiene un papel fundamental en el transito intestinal. Existen dos tipos de fibra: Fibra soluble: ayuda al vaciamiento g\u00e1strico. Fibra insoluble: mejora el tr\u00e1nsito intestinal. La incorporaci\u00f3n de fibra es fundamental en el organismo.Ficha t\u00e9cnica","og_url":"https:\/\/drasanvi.com\/fr\/producto\/fibramax\/","og_site_name":"Drasanvi Francia","article_modified_time":"2022-03-10T12:17:17+00:00","og_image":[{"width":1200,"height":1200,"url":"https:\/\/drasanvi.com\/wp-content\/uploads\/sites\/7\/2022\/02\/032050526.png","type":"image\/png"}],"twitter_card":"summary_large_image","schema":{"@context":"https:\/\/schema.org","@graph":[{"@type":"WebPage","@id":"https:\/\/drasanvi.com\/fr\/producto\/fibramax\/","url":"https:\/\/drasanvi.com\/fr\/producto\/fibramax\/","name":"Fibramax - Drasanvi Francia","isPartOf":{"@id":"https:\/\/drasanvi.com\/fr\/#website"},"primaryImageOfPage":{"@id":"https:\/\/drasanvi.com\/fr\/producto\/fibramax\/#primaryimage"},"image":{"@id":"https:\/\/drasanvi.com\/fr\/producto\/fibramax\/#primaryimage"},"thumbnailUrl":"https:\/\/drasanvi.com\/fr\/wp-content\/uploads\/sites\/7\/2022\/02\/032050526.png","datePublished":"2022-02-28T13:05:43+00:00","dateModified":"2022-03-10T12:17:17+00:00","breadcrumb":{"@id":"https:\/\/drasanvi.com\/fr\/producto\/fibramax\/#breadcrumb"},"inLanguage":"fr-FR","potentialAction":[{"@type":"ReadAction","target":["https:\/\/drasanvi.com\/fr\/producto\/fibramax\/"]}]},{"@type":"ImageObject","inLanguage":"fr-FR","@id":"https:\/\/drasanvi.com\/fr\/producto\/fibramax\/#primaryimage","url":"https:\/\/drasanvi.com\/fr\/wp-content\/uploads\/sites\/7\/2022\/02\/032050526.png","contentUrl":"https:\/\/drasanvi.com\/fr\/wp-content\/uploads\/sites\/7\/2022\/02\/032050526.png","width":1200,"height":1200},{"@type":"BreadcrumbList","@id":"https:\/\/drasanvi.com\/fr\/producto\/fibramax\/#breadcrumb","itemListElement":[{"@type":"ListItem","position":1,"name":"Portada","item":"https:\/\/drasanvi.com\/fr\/"},{"@type":"ListItem","position":2,"name":"Tienda","item":"https:\/\/drasanvi.com\/fr\/tienda\/"},{"@type":"ListItem","position":3,"name":"Fibramax"}]},{"@type":"WebSite","@id":"https:\/\/drasanvi.com\/fr\/#website","url":"https:\/\/drasanvi.com\/fr\/","name":"Drasanvi Francia","description":"L\u00edder en complementos alimenticios y cosm\u00e9tica natural.","publisher":{"@id":"https:\/\/drasanvi.com\/fr\/#organization"},"potentialAction":[{"@type":"SearchAction","target":{"@type":"EntryPoint","urlTemplate":"https:\/\/drasanvi.com\/fr\/?s={search_term_string}"},"query-input":{"@type":"PropertyValueSpecification","valueRequired":true,"valueName":"search_term_string"}}],"inLanguage":"fr-FR"},{"@type":"Organization","@id":"https:\/\/drasanvi.com\/fr\/#organization","name":"Drasanvi","url":"https:\/\/drasanvi.com\/fr\/","logo":{"@type":"ImageObject","inLanguage":"fr-FR","@id":"https:\/\/drasanvi.com\/fr\/#\/schema\/logo\/image\/","url":"https:\/\/drasanvi.com\/wp-content\/uploads\/sites\/7\/2021\/07\/logo-drasanvi.png","contentUrl":"https:\/\/drasanvi.com\/wp-content\/uploads\/sites\/7\/2021\/07\/logo-drasanvi.png","width":900,"height":300,"caption":"Drasanvi"},"image":{"@id":"https:\/\/drasanvi.com\/fr\/#\/schema\/logo\/image\/"}}]}},"_links":{"self":[{"href":"https:\/\/drasanvi.com\/fr\/wp-json\/wp\/v2\/product\/20077","targetHints":{"allow":["GET"]}}],"collection":[{"href":"https:\/\/drasanvi.com\/fr\/wp-json\/wp\/v2\/product"}],"about":[{"href":"https:\/\/drasanvi.com\/fr\/wp-json\/wp\/v2\/types\/product"}],"version-history":[{"count":0,"href":"https:\/\/drasanvi.com\/fr\/wp-json\/wp\/v2\/product\/20077\/revisions"}],"wp:featuredmedia":[{"embeddable":true,"href":"https:\/\/drasanvi.com\/fr\/wp-json\/wp\/v2\/media\/20079"}],"wp:attachment":[{"href":"https:\/\/drasanvi.com\/fr\/wp-json\/wp\/v2\/media?parent=20077"}],"wp:term":[{"taxonomy":"product_cat","embeddable":true,"href":"https:\/\/drasanvi.com\/fr\/wp-json\/wp\/v2\/product_cat?post=20077"},{"taxonomy":"product_tag","embeddable":true,"href":"https:\/\/drasanvi.com\/fr\/wp-json\/wp\/v2\/product_tag?post=20077"}],"curies":[{"name":"wp","href":"https:\/\/api.w.org\/{rel}","templated":true}]}}