{"id":20053,"date":"2022-02-28T15:05:06","date_gmt":"2022-02-28T13:05:06","guid":{"rendered":"https:\/\/drasanvi.com\/fr\/producto\/electrolitos-60-capsulas-keto\/"},"modified":"2022-03-10T14:17:14","modified_gmt":"2022-03-10T12:17:14","slug":"electrolitos-60-capsulas-keto","status":"publish","type":"product","link":"https:\/\/drasanvi.com\/fr\/producto\/electrolitos-60-capsulas-keto\/","title":{"rendered":"Electrolitos 60 capsulas Keto"},"content":{"rendered":"<h2>Ingredientes<\/h2>\n<p>INGREDIENTE  CANTIDAD (DOSIS\/DIA)      Cloro En forma de Cloruro s\u00f3dico y Cloruro pot\u00e1sico  271 mg      Sodio En forma de Cloruro s\u00f3dico y Fosfato s\u00f3dico  168\u00a0 mg      Potasio En forma de Cloruro pot\u00e1sico  \u00a098,8 mg      F\u00f3sforo En forma de F\u00f3sfato s\u00f3dico  \u00a037 mg      Calcio En forma de Carbonato c\u00e1lcico\u00a0  25 mg      Vitamina D3En forma de Colecalciferol  5 \u00b5g      Otros ingredientes:\u00a0 Celulosa microcristalina, Estearato de Magnesio y Di\u00f3xido de Silicio.        Sin Colorantes, Conservantes ni Az\u00facares A\u00f1adidos.<\/p>\n<h2>Modo de uso<\/h2>\n<p>Tomar 2 capsulas al d\u00eda, preferiblemente en el desayuno<\/p>\n<h3>Presentaci\u00f3n<\/h3>\n<p>Envase de 60 capsulas de 714 mgPeso neto 43 gramos<\/p>\n<h3>Advertencias<\/h3>\n<p>Complemento alimenticio a base de minerales y vitamina D3. Los complementos alimenticios no deben utilizarse como sustitutivos de una dieta equilibrada. No superar la dosis diaria expresamente recomendada. Mantener fuera del alcance de los ni&ntilde;os m&aacute;s peque&ntilde;os. Conservar en un lugar fresco y seco.<\/p>\n<h2>Informaci\u00f3n adicional<\/h2>\n<p>\u00a0        Ingredientes  Descripci\u00f3n  Cantidad\/Dosis diaria      Celulosa microcristalina  (Agente de carga)  400 mg      Cloruro s\u00f3dico  (Cloro 60,7%, Sodio 39,3%)  298 mg      Hidroxipropilmetilcelulosa  (Agente de recubrimiento)  240 mg      Fosfato s\u00f3dico  (19% F\u00f3sforo, 42% sodio)  195 mg      Cloruro pot\u00e1sico  (Cloro 47,7%, Pot\u00e1sico 52,3%)  190 mg      Carbonato de Calcio  (Calcio 40%)  62,5 mg      Estearato de magnesio  (Agente de carga)  40 mg      Di\u00f3xido de silicio  (Antiaglomerante)  20 mg      Vitamina D3  (Colecalciferol)  4 mg<\/p>\n<p>Ingrediente  \u00a0%VRN  Cantidad      Vitamina D3  100%  5 \u00b5g      Cloro  33,9%  271 mg      Sodio  &#8211;  168 mg        % VRN (Valor Referencia Nutricional)<\/p>\n","protected":false},"excerpt":{"rendered":"<p>Los\u00a0electrolitos son los minerales que se encuentran en el cuerpo y son fundamentales para diversas funciones del organismo.Los electrolitos m\u00e1s relevantes dentro de la dieta Keto\u00a0 son el sodio,\u00a0el potasio, el magnesio, el cloruro y el calcio.\u00a0<br \/><a id=\"boton-ficha\" href=\"https:\/\/panel.drasanvi.com\/fichas\/1\/032050543\" target=\"_blank\" rel=\"noopener\">Ficha t\u00e9cnica<\/a><\/p>\n","protected":false},"featured_media":20055,"template":"","meta":{"inline_featured_image":false},"product_cat":[110],"product_tag":[],"class_list":["post-20053","product","type-product","status-publish","has-post-thumbnail","hentry","product_cat-productos-keto","pa_contiene-altramuces-no","pa_contiene-apio-no","pa_contiene-cacahuetes-no","pa_contiene-crustaceos-no","pa_contiene-frutos-secos-no","pa_contiene-huevo-no","pa_contiene-leche-no","pa_contiene-moluscos-no","pa_contiene-mostaza-no","pa_contiene-pescado-no","pa_contiene-sesamo-no","pa_contiene-soja-no","pa_producto-bio-no","pa_producto-sin-gluten-si","pa_producto-vegano-no","pa_producto-vegetariano-no"],"yoast_head":"<!-- This site is optimized with the Yoast SEO plugin v27.4 - https:\/\/yoast.com\/product\/yoast-seo-wordpress\/ -->\n<title>Electrolitos 60 capsulas Keto - Drasanvi Francia<\/title>\n<meta name=\"robots\" content=\"index, follow, max-snippet:-1, max-image-preview:large, max-video-preview:-1\" \/>\n<link rel=\"canonical\" href=\"https:\/\/drasanvi.com\/fr\/producto\/electrolitos-60-capsulas-keto\/\" \/>\n<meta property=\"og:locale\" content=\"fr_FR\" \/>\n<meta property=\"og:type\" content=\"article\" \/>\n<meta property=\"og:title\" content=\"Electrolitos 60 capsulas Keto - Drasanvi Francia\" \/>\n<meta property=\"og:description\" content=\"Los\u00a0electrolitos son los minerales que se encuentran en el cuerpo y son fundamentales para diversas funciones del organismo.Los electrolitos m\u00e1s relevantes dentro de la dieta Keto\u00a0 son el sodio,\u00a0el potasio, el magnesio, el cloruro y el calcio.\u00a0Ficha t\u00e9cnica\" \/>\n<meta property=\"og:url\" content=\"https:\/\/drasanvi.com\/fr\/producto\/electrolitos-60-capsulas-keto\/\" \/>\n<meta property=\"og:site_name\" content=\"Drasanvi Francia\" \/>\n<meta property=\"article:modified_time\" content=\"2022-03-10T12:17:14+00:00\" \/>\n<meta property=\"og:image\" content=\"https:\/\/drasanvi.com\/wp-content\/uploads\/sites\/7\/2022\/02\/032050543.png\" \/>\n\t<meta property=\"og:image:width\" content=\"768\" \/>\n\t<meta property=\"og:image:height\" content=\"768\" \/>\n\t<meta property=\"og:image:type\" content=\"image\/png\" \/>\n<meta name=\"twitter:card\" content=\"summary_large_image\" \/>\n<script type=\"application\/ld+json\" class=\"yoast-schema-graph\">{\"@context\":\"https:\\\/\\\/schema.org\",\"@graph\":[{\"@type\":\"WebPage\",\"@id\":\"https:\\\/\\\/drasanvi.com\\\/fr\\\/producto\\\/electrolitos-60-capsulas-keto\\\/\",\"url\":\"https:\\\/\\\/drasanvi.com\\\/fr\\\/producto\\\/electrolitos-60-capsulas-keto\\\/\",\"name\":\"Electrolitos 60 capsulas Keto - Drasanvi Francia\",\"isPartOf\":{\"@id\":\"https:\\\/\\\/drasanvi.com\\\/fr\\\/#website\"},\"primaryImageOfPage\":{\"@id\":\"https:\\\/\\\/drasanvi.com\\\/fr\\\/producto\\\/electrolitos-60-capsulas-keto\\\/#primaryimage\"},\"image\":{\"@id\":\"https:\\\/\\\/drasanvi.com\\\/fr\\\/producto\\\/electrolitos-60-capsulas-keto\\\/#primaryimage\"},\"thumbnailUrl\":\"https:\\\/\\\/drasanvi.com\\\/fr\\\/wp-content\\\/uploads\\\/sites\\\/7\\\/2022\\\/02\\\/032050543.png\",\"datePublished\":\"2022-02-28T13:05:06+00:00\",\"dateModified\":\"2022-03-10T12:17:14+00:00\",\"breadcrumb\":{\"@id\":\"https:\\\/\\\/drasanvi.com\\\/fr\\\/producto\\\/electrolitos-60-capsulas-keto\\\/#breadcrumb\"},\"inLanguage\":\"fr-FR\",\"potentialAction\":[{\"@type\":\"ReadAction\",\"target\":[\"https:\\\/\\\/drasanvi.com\\\/fr\\\/producto\\\/electrolitos-60-capsulas-keto\\\/\"]}]},{\"@type\":\"ImageObject\",\"inLanguage\":\"fr-FR\",\"@id\":\"https:\\\/\\\/drasanvi.com\\\/fr\\\/producto\\\/electrolitos-60-capsulas-keto\\\/#primaryimage\",\"url\":\"https:\\\/\\\/drasanvi.com\\\/fr\\\/wp-content\\\/uploads\\\/sites\\\/7\\\/2022\\\/02\\\/032050543.png\",\"contentUrl\":\"https:\\\/\\\/drasanvi.com\\\/fr\\\/wp-content\\\/uploads\\\/sites\\\/7\\\/2022\\\/02\\\/032050543.png\",\"width\":768,\"height\":768},{\"@type\":\"BreadcrumbList\",\"@id\":\"https:\\\/\\\/drasanvi.com\\\/fr\\\/producto\\\/electrolitos-60-capsulas-keto\\\/#breadcrumb\",\"itemListElement\":[{\"@type\":\"ListItem\",\"position\":1,\"name\":\"Portada\",\"item\":\"https:\\\/\\\/drasanvi.com\\\/fr\\\/\"},{\"@type\":\"ListItem\",\"position\":2,\"name\":\"Tienda\",\"item\":\"https:\\\/\\\/drasanvi.com\\\/fr\\\/tienda\\\/\"},{\"@type\":\"ListItem\",\"position\":3,\"name\":\"Electrolitos 60 capsulas Keto\"}]},{\"@type\":\"WebSite\",\"@id\":\"https:\\\/\\\/drasanvi.com\\\/fr\\\/#website\",\"url\":\"https:\\\/\\\/drasanvi.com\\\/fr\\\/\",\"name\":\"Drasanvi Francia\",\"description\":\"L\u00edder en complementos alimenticios y cosm\u00e9tica natural.\",\"publisher\":{\"@id\":\"https:\\\/\\\/drasanvi.com\\\/fr\\\/#organization\"},\"potentialAction\":[{\"@type\":\"SearchAction\",\"target\":{\"@type\":\"EntryPoint\",\"urlTemplate\":\"https:\\\/\\\/drasanvi.com\\\/fr\\\/?s={search_term_string}\"},\"query-input\":{\"@type\":\"PropertyValueSpecification\",\"valueRequired\":true,\"valueName\":\"search_term_string\"}}],\"inLanguage\":\"fr-FR\"},{\"@type\":\"Organization\",\"@id\":\"https:\\\/\\\/drasanvi.com\\\/fr\\\/#organization\",\"name\":\"Drasanvi\",\"url\":\"https:\\\/\\\/drasanvi.com\\\/fr\\\/\",\"logo\":{\"@type\":\"ImageObject\",\"inLanguage\":\"fr-FR\",\"@id\":\"https:\\\/\\\/drasanvi.com\\\/fr\\\/#\\\/schema\\\/logo\\\/image\\\/\",\"url\":\"https:\\\/\\\/drasanvi.com\\\/wp-content\\\/uploads\\\/sites\\\/7\\\/2021\\\/07\\\/logo-drasanvi.png\",\"contentUrl\":\"https:\\\/\\\/drasanvi.com\\\/wp-content\\\/uploads\\\/sites\\\/7\\\/2021\\\/07\\\/logo-drasanvi.png\",\"width\":900,\"height\":300,\"caption\":\"Drasanvi\"},\"image\":{\"@id\":\"https:\\\/\\\/drasanvi.com\\\/fr\\\/#\\\/schema\\\/logo\\\/image\\\/\"}}]}<\/script>\n<!-- \/ Yoast SEO plugin. -->","yoast_head_json":{"title":"Electrolitos 60 capsulas Keto - Drasanvi Francia","robots":{"index":"index","follow":"follow","max-snippet":"max-snippet:-1","max-image-preview":"max-image-preview:large","max-video-preview":"max-video-preview:-1"},"canonical":"https:\/\/drasanvi.com\/fr\/producto\/electrolitos-60-capsulas-keto\/","og_locale":"fr_FR","og_type":"article","og_title":"Electrolitos 60 capsulas Keto - Drasanvi Francia","og_description":"Los\u00a0electrolitos son los minerales que se encuentran en el cuerpo y son fundamentales para diversas funciones del organismo.Los electrolitos m\u00e1s relevantes dentro de la dieta Keto\u00a0 son el sodio,\u00a0el potasio, el magnesio, el cloruro y el calcio.\u00a0Ficha t\u00e9cnica","og_url":"https:\/\/drasanvi.com\/fr\/producto\/electrolitos-60-capsulas-keto\/","og_site_name":"Drasanvi Francia","article_modified_time":"2022-03-10T12:17:14+00:00","og_image":[{"width":768,"height":768,"url":"https:\/\/drasanvi.com\/wp-content\/uploads\/sites\/7\/2022\/02\/032050543.png","type":"image\/png"}],"twitter_card":"summary_large_image","schema":{"@context":"https:\/\/schema.org","@graph":[{"@type":"WebPage","@id":"https:\/\/drasanvi.com\/fr\/producto\/electrolitos-60-capsulas-keto\/","url":"https:\/\/drasanvi.com\/fr\/producto\/electrolitos-60-capsulas-keto\/","name":"Electrolitos 60 capsulas Keto - Drasanvi Francia","isPartOf":{"@id":"https:\/\/drasanvi.com\/fr\/#website"},"primaryImageOfPage":{"@id":"https:\/\/drasanvi.com\/fr\/producto\/electrolitos-60-capsulas-keto\/#primaryimage"},"image":{"@id":"https:\/\/drasanvi.com\/fr\/producto\/electrolitos-60-capsulas-keto\/#primaryimage"},"thumbnailUrl":"https:\/\/drasanvi.com\/fr\/wp-content\/uploads\/sites\/7\/2022\/02\/032050543.png","datePublished":"2022-02-28T13:05:06+00:00","dateModified":"2022-03-10T12:17:14+00:00","breadcrumb":{"@id":"https:\/\/drasanvi.com\/fr\/producto\/electrolitos-60-capsulas-keto\/#breadcrumb"},"inLanguage":"fr-FR","potentialAction":[{"@type":"ReadAction","target":["https:\/\/drasanvi.com\/fr\/producto\/electrolitos-60-capsulas-keto\/"]}]},{"@type":"ImageObject","inLanguage":"fr-FR","@id":"https:\/\/drasanvi.com\/fr\/producto\/electrolitos-60-capsulas-keto\/#primaryimage","url":"https:\/\/drasanvi.com\/fr\/wp-content\/uploads\/sites\/7\/2022\/02\/032050543.png","contentUrl":"https:\/\/drasanvi.com\/fr\/wp-content\/uploads\/sites\/7\/2022\/02\/032050543.png","width":768,"height":768},{"@type":"BreadcrumbList","@id":"https:\/\/drasanvi.com\/fr\/producto\/electrolitos-60-capsulas-keto\/#breadcrumb","itemListElement":[{"@type":"ListItem","position":1,"name":"Portada","item":"https:\/\/drasanvi.com\/fr\/"},{"@type":"ListItem","position":2,"name":"Tienda","item":"https:\/\/drasanvi.com\/fr\/tienda\/"},{"@type":"ListItem","position":3,"name":"Electrolitos 60 capsulas Keto"}]},{"@type":"WebSite","@id":"https:\/\/drasanvi.com\/fr\/#website","url":"https:\/\/drasanvi.com\/fr\/","name":"Drasanvi Francia","description":"L\u00edder en complementos alimenticios y cosm\u00e9tica natural.","publisher":{"@id":"https:\/\/drasanvi.com\/fr\/#organization"},"potentialAction":[{"@type":"SearchAction","target":{"@type":"EntryPoint","urlTemplate":"https:\/\/drasanvi.com\/fr\/?s={search_term_string}"},"query-input":{"@type":"PropertyValueSpecification","valueRequired":true,"valueName":"search_term_string"}}],"inLanguage":"fr-FR"},{"@type":"Organization","@id":"https:\/\/drasanvi.com\/fr\/#organization","name":"Drasanvi","url":"https:\/\/drasanvi.com\/fr\/","logo":{"@type":"ImageObject","inLanguage":"fr-FR","@id":"https:\/\/drasanvi.com\/fr\/#\/schema\/logo\/image\/","url":"https:\/\/drasanvi.com\/wp-content\/uploads\/sites\/7\/2021\/07\/logo-drasanvi.png","contentUrl":"https:\/\/drasanvi.com\/wp-content\/uploads\/sites\/7\/2021\/07\/logo-drasanvi.png","width":900,"height":300,"caption":"Drasanvi"},"image":{"@id":"https:\/\/drasanvi.com\/fr\/#\/schema\/logo\/image\/"}}]}},"_links":{"self":[{"href":"https:\/\/drasanvi.com\/fr\/wp-json\/wp\/v2\/product\/20053","targetHints":{"allow":["GET"]}}],"collection":[{"href":"https:\/\/drasanvi.com\/fr\/wp-json\/wp\/v2\/product"}],"about":[{"href":"https:\/\/drasanvi.com\/fr\/wp-json\/wp\/v2\/types\/product"}],"version-history":[{"count":0,"href":"https:\/\/drasanvi.com\/fr\/wp-json\/wp\/v2\/product\/20053\/revisions"}],"wp:featuredmedia":[{"embeddable":true,"href":"https:\/\/drasanvi.com\/fr\/wp-json\/wp\/v2\/media\/20055"}],"wp:attachment":[{"href":"https:\/\/drasanvi.com\/fr\/wp-json\/wp\/v2\/media?parent=20053"}],"wp:term":[{"taxonomy":"product_cat","embeddable":true,"href":"https:\/\/drasanvi.com\/fr\/wp-json\/wp\/v2\/product_cat?post=20053"},{"taxonomy":"product_tag","embeddable":true,"href":"https:\/\/drasanvi.com\/fr\/wp-json\/wp\/v2\/product_tag?post=20053"}],"curies":[{"name":"wp","href":"https:\/\/api.w.org\/{rel}","templated":true}]}}