{"id":20021,"date":"2022-02-28T15:04:34","date_gmt":"2022-02-28T13:04:34","guid":{"rendered":"https:\/\/drasanvi.com\/fr\/producto\/cronoslim-turbo\/"},"modified":"2022-02-28T16:07:20","modified_gmt":"2022-02-28T14:07:20","slug":"cronoslim-turbo","status":"publish","type":"product","link":"https:\/\/drasanvi.com\/fr\/producto\/cronoslim-turbo\/","title":{"rendered":"Cronoslim Turbo"},"content":{"rendered":"<h2>Ingredientes<\/h2>\n<p>Viales de d\u00eda        Ingrediente  Cantidad \/ dosis diaria      Extracto fluido de Abedul Betula pendula Roth   1.000 mg      Extracto seco de Enebro Juniperus communis L. equivalente a 1500 mg de planta (3:1)   500 mg      Extracto seco de Ortosif\u00f3n Orthosiphon stamineus Benth con aporte en rutina (1%)  500 mg 5 mg      Potasio En forma de Potasio de Fosfato  .350 mg      Magnesio En forma de Magnesio Glicerofosfato  .300 mg      Extracto seco de T\u00e9 Verde Camellia sinensis (L) Kuntze con aporte en cafe\u00edna (6%)  125 mg 7,5 mg      Otros ingredientes: Agua, Fructosa, Sorbato de Pot\u00e1sico y \u00c1cido C\u00edtrico.        Viales de noche        Ingrediente  Cantidad \/ dosis diaria      Extracto fluido de Alcachofa Cynara scolymus L. con aporte en cinarina (2,5%)  600 mg 15 mg      Extracto seco de Diente de Le\u00f3n Taraxacum officinale Weber con aporte en inulina (2%)  400 mg 8 mg      Extracto seco de Boldo Peamus boldus Molina con aporte en boldina (0,5%)  400 mg 2 mg      Extracto fluido de R\u00e1bano Negro Raphanus sativus L.var.niger con aporte en glucosinolatos (0,5%)  400 mg 2 mg      Fructooligosac\u00e1ridos Provienen de una mezcla de frutas y verduras  30 mg      Otros ingredientes: Agua, Fructosa, Sorbato de Pot\u00e1sico y \u00c1cido C\u00edtrico.        Sin colorantes ni aromatizantes<\/p>\n<h2>Modo de uso<\/h2>\n<p>Agitar antes de usar. Tomar un vial por las ma\u00f1anas y un vial por las noches. Se puede tomar directamente o mezclado con agua o zumo.<\/p>\n<h3>Presentaci\u00f3n<\/h3>\n<p>Envase de 7 viales de d\u00eda de 10 ml y 7 viales de noche de 10 ml. Peso total: 140 ml (4.9 fl oz)<\/p>\n<h3>Advertencias<\/h3>\n<p>Complemento Alimenticio a base de plantas y minerales.Los complementos alimenticios no deben utilizarse como sustituto de una dieta equilibrada. No superar la dosis diaria expresamente recomendada. Mantener fuera del alcance de los ni&ntilde;os m&aacute;s peque&ntilde;os. Conservar en un lugar fresco y seco. Contiene cafe&iacute;na (7,5 mg \/ dosis diaria). No se aconseja su uso en ni&ntilde;os, embarazadas o mujeres en per&iacute;odo de lactancia. Para una utilizaci&oacute;n prolongada avise a un especialista (m&aacute;ximo 6 semanas). No utilizar en caso de insuficiencia renal.<\/p>\n<h2>Informaci\u00f3n adicional<\/h2>\n<p>Viales d\u00eda        INGREDIENTES  DESCRIPCI\u00d3N  CANTIDAD DOSIS DIARIA      Agua  \u00a0  6.571,43 mg      Fructosa  \u00a0  2.500 mg      Extracto Fluido Abedul  (Betula pendula Roth)  1.000 mg      Extrato seco Enebro  (Juniperus communis L)  500 mg      Extracto seco Ortosif\u00f3n  (Orthosiphon stamineus Benth, Rutina 1%)  500 mg      Dihidrogenofosfato pot\u00e1sico  \u00a0  350 mg      Glicerofosfato magnesico  \u00a0  300 mg      Extracto seco T\u00e9 Verde  (Camellia sinensis (L) Kuntze, cafeina 6%)  125 mg      Acidulante  (\u00c1cido c\u00edtrico)  30 mg      Conservador  (Sorbato pot\u00e1sico)  10 mg        Viales noche        ingrediente  descripcion  dosis      Agua  \u00a0  7.320 mg      Fructosa    \u00a0    2.500 mg      Extracto seco Alcachofa  (Cynara scolymus, Cinarina 2,5%)  600 mg      Extracto seco Diente de Le\u00f3n  (Taraxacum officinale Weber, Inulina 2%)  400 mg      Extracto seco Boldo  (Peamus boldus Molina, Boldina 0.5%)  400 mg      Extracto fluido R\u00e1bano Negro  (Raphanus sativus L. var. Niger, Glucosinatos 0,5%)  400 mg      Fructooligosacaridos  \u00a0  30 mg      Acidulante  (\u00c1cido c\u00edtrico)  30 mg      Conservador  (Sorbato pot\u00e1sico)  10 mg<\/p>\n<p>por dosis diaria (20 ml)        F\u00f3sforo  18%  127 mg        %CDR (Cantidad Diaria Recomendada)<\/p>\n","protected":false},"excerpt":{"rendered":"<p>CronoSlim turbo es un programa de 7 d\u00edas que engloba dos composiciones diferentes en un solo producto: viales especiales de d\u00eda a base de Enebro, Ortosifon, Abedul, T\u00e9 Verde, Magnesio y Potasio; y viales especiales de noche a base de Alcachofa, Diente de Le\u00f3n, Boldo, R\u00e1bano Negro y Fructooligosac\u00e1ridos.<br \/><a id=\"boton-ficha\" href=\"https:\/\/drasanvi.com\/fr\/fichas\/1\/032050070\" target=\"_blank\" rel=\"noopener\">Ficha t\u00e9cnica<\/a><\/p>\n","protected":false},"featured_media":20023,"template":"","meta":{"inline_featured_image":false},"product_cat":[109],"product_tag":[],"class_list":["post-20021","product","type-product","status-publish","has-post-thumbnail","hentry","product_cat-peso-saludable","pa_contiene-altramuces-no","pa_contiene-apio-no","pa_contiene-cacahuetes-no","pa_contiene-crustaceos-no","pa_contiene-frutos-secos-no","pa_contiene-huevo-no","pa_contiene-leche-no","pa_contiene-moluscos-no","pa_contiene-mostaza-no","pa_contiene-pescado-no","pa_contiene-sesamo-no","pa_contiene-soja-no","pa_producto-bio-no","pa_producto-sin-gluten-si","pa_producto-vegano-si","pa_producto-vegetariano-no"],"yoast_head":"<!-- This site is optimized with the Yoast SEO plugin v27.4 - https:\/\/yoast.com\/product\/yoast-seo-wordpress\/ -->\n<title>Cronoslim Turbo - Drasanvi Francia<\/title>\n<meta name=\"robots\" content=\"index, follow, max-snippet:-1, max-image-preview:large, max-video-preview:-1\" \/>\n<link rel=\"canonical\" href=\"https:\/\/drasanvi.com\/fr\/producto\/cronoslim-turbo\/\" \/>\n<meta property=\"og:locale\" content=\"fr_FR\" \/>\n<meta property=\"og:type\" content=\"article\" \/>\n<meta property=\"og:title\" content=\"Cronoslim Turbo - Drasanvi Francia\" \/>\n<meta property=\"og:description\" content=\"CronoSlim turbo es un programa de 7 d\u00edas que engloba dos composiciones diferentes en un solo producto: viales especiales de d\u00eda a base de Enebro, Ortosifon, Abedul, T\u00e9 Verde, Magnesio y Potasio; y viales especiales de noche a base de Alcachofa, Diente de Le\u00f3n, Boldo, R\u00e1bano Negro y Fructooligosac\u00e1ridos.Ficha t\u00e9cnica\" \/>\n<meta property=\"og:url\" content=\"https:\/\/drasanvi.com\/fr\/producto\/cronoslim-turbo\/\" \/>\n<meta property=\"og:site_name\" content=\"Drasanvi Francia\" \/>\n<meta property=\"article:modified_time\" content=\"2022-02-28T14:07:20+00:00\" \/>\n<meta property=\"og:image\" content=\"https:\/\/drasanvi.com\/wp-content\/uploads\/sites\/7\/2022\/02\/032050070.png\" \/>\n\t<meta property=\"og:image:width\" content=\"1000\" \/>\n\t<meta property=\"og:image:height\" content=\"1000\" \/>\n\t<meta property=\"og:image:type\" content=\"image\/png\" \/>\n<meta name=\"twitter:card\" content=\"summary_large_image\" \/>\n<script type=\"application\/ld+json\" class=\"yoast-schema-graph\">{\"@context\":\"https:\\\/\\\/schema.org\",\"@graph\":[{\"@type\":\"WebPage\",\"@id\":\"https:\\\/\\\/drasanvi.com\\\/fr\\\/producto\\\/cronoslim-turbo\\\/\",\"url\":\"https:\\\/\\\/drasanvi.com\\\/fr\\\/producto\\\/cronoslim-turbo\\\/\",\"name\":\"Cronoslim Turbo - Drasanvi Francia\",\"isPartOf\":{\"@id\":\"https:\\\/\\\/drasanvi.com\\\/fr\\\/#website\"},\"primaryImageOfPage\":{\"@id\":\"https:\\\/\\\/drasanvi.com\\\/fr\\\/producto\\\/cronoslim-turbo\\\/#primaryimage\"},\"image\":{\"@id\":\"https:\\\/\\\/drasanvi.com\\\/fr\\\/producto\\\/cronoslim-turbo\\\/#primaryimage\"},\"thumbnailUrl\":\"https:\\\/\\\/drasanvi.com\\\/fr\\\/wp-content\\\/uploads\\\/sites\\\/7\\\/2022\\\/02\\\/032050070.png\",\"datePublished\":\"2022-02-28T13:04:34+00:00\",\"dateModified\":\"2022-02-28T14:07:20+00:00\",\"breadcrumb\":{\"@id\":\"https:\\\/\\\/drasanvi.com\\\/fr\\\/producto\\\/cronoslim-turbo\\\/#breadcrumb\"},\"inLanguage\":\"fr-FR\",\"potentialAction\":[{\"@type\":\"ReadAction\",\"target\":[\"https:\\\/\\\/drasanvi.com\\\/fr\\\/producto\\\/cronoslim-turbo\\\/\"]}]},{\"@type\":\"ImageObject\",\"inLanguage\":\"fr-FR\",\"@id\":\"https:\\\/\\\/drasanvi.com\\\/fr\\\/producto\\\/cronoslim-turbo\\\/#primaryimage\",\"url\":\"https:\\\/\\\/drasanvi.com\\\/fr\\\/wp-content\\\/uploads\\\/sites\\\/7\\\/2022\\\/02\\\/032050070.png\",\"contentUrl\":\"https:\\\/\\\/drasanvi.com\\\/fr\\\/wp-content\\\/uploads\\\/sites\\\/7\\\/2022\\\/02\\\/032050070.png\",\"width\":1000,\"height\":1000},{\"@type\":\"BreadcrumbList\",\"@id\":\"https:\\\/\\\/drasanvi.com\\\/fr\\\/producto\\\/cronoslim-turbo\\\/#breadcrumb\",\"itemListElement\":[{\"@type\":\"ListItem\",\"position\":1,\"name\":\"Portada\",\"item\":\"https:\\\/\\\/drasanvi.com\\\/fr\\\/\"},{\"@type\":\"ListItem\",\"position\":2,\"name\":\"Tienda\",\"item\":\"https:\\\/\\\/drasanvi.com\\\/fr\\\/tienda\\\/\"},{\"@type\":\"ListItem\",\"position\":3,\"name\":\"Cronoslim Turbo\"}]},{\"@type\":\"WebSite\",\"@id\":\"https:\\\/\\\/drasanvi.com\\\/fr\\\/#website\",\"url\":\"https:\\\/\\\/drasanvi.com\\\/fr\\\/\",\"name\":\"Drasanvi Francia\",\"description\":\"L\u00edder en complementos alimenticios y cosm\u00e9tica natural.\",\"publisher\":{\"@id\":\"https:\\\/\\\/drasanvi.com\\\/fr\\\/#organization\"},\"potentialAction\":[{\"@type\":\"SearchAction\",\"target\":{\"@type\":\"EntryPoint\",\"urlTemplate\":\"https:\\\/\\\/drasanvi.com\\\/fr\\\/?s={search_term_string}\"},\"query-input\":{\"@type\":\"PropertyValueSpecification\",\"valueRequired\":true,\"valueName\":\"search_term_string\"}}],\"inLanguage\":\"fr-FR\"},{\"@type\":\"Organization\",\"@id\":\"https:\\\/\\\/drasanvi.com\\\/fr\\\/#organization\",\"name\":\"Drasanvi\",\"url\":\"https:\\\/\\\/drasanvi.com\\\/fr\\\/\",\"logo\":{\"@type\":\"ImageObject\",\"inLanguage\":\"fr-FR\",\"@id\":\"https:\\\/\\\/drasanvi.com\\\/fr\\\/#\\\/schema\\\/logo\\\/image\\\/\",\"url\":\"https:\\\/\\\/drasanvi.com\\\/wp-content\\\/uploads\\\/sites\\\/7\\\/2021\\\/07\\\/logo-drasanvi.png\",\"contentUrl\":\"https:\\\/\\\/drasanvi.com\\\/wp-content\\\/uploads\\\/sites\\\/7\\\/2021\\\/07\\\/logo-drasanvi.png\",\"width\":900,\"height\":300,\"caption\":\"Drasanvi\"},\"image\":{\"@id\":\"https:\\\/\\\/drasanvi.com\\\/fr\\\/#\\\/schema\\\/logo\\\/image\\\/\"}}]}<\/script>\n<!-- \/ Yoast SEO plugin. -->","yoast_head_json":{"title":"Cronoslim Turbo - Drasanvi Francia","robots":{"index":"index","follow":"follow","max-snippet":"max-snippet:-1","max-image-preview":"max-image-preview:large","max-video-preview":"max-video-preview:-1"},"canonical":"https:\/\/drasanvi.com\/fr\/producto\/cronoslim-turbo\/","og_locale":"fr_FR","og_type":"article","og_title":"Cronoslim Turbo - Drasanvi Francia","og_description":"CronoSlim turbo es un programa de 7 d\u00edas que engloba dos composiciones diferentes en un solo producto: viales especiales de d\u00eda a base de Enebro, Ortosifon, Abedul, T\u00e9 Verde, Magnesio y Potasio; y viales especiales de noche a base de Alcachofa, Diente de Le\u00f3n, Boldo, R\u00e1bano Negro y Fructooligosac\u00e1ridos.Ficha t\u00e9cnica","og_url":"https:\/\/drasanvi.com\/fr\/producto\/cronoslim-turbo\/","og_site_name":"Drasanvi Francia","article_modified_time":"2022-02-28T14:07:20+00:00","og_image":[{"width":1000,"height":1000,"url":"https:\/\/drasanvi.com\/wp-content\/uploads\/sites\/7\/2022\/02\/032050070.png","type":"image\/png"}],"twitter_card":"summary_large_image","schema":{"@context":"https:\/\/schema.org","@graph":[{"@type":"WebPage","@id":"https:\/\/drasanvi.com\/fr\/producto\/cronoslim-turbo\/","url":"https:\/\/drasanvi.com\/fr\/producto\/cronoslim-turbo\/","name":"Cronoslim Turbo - Drasanvi Francia","isPartOf":{"@id":"https:\/\/drasanvi.com\/fr\/#website"},"primaryImageOfPage":{"@id":"https:\/\/drasanvi.com\/fr\/producto\/cronoslim-turbo\/#primaryimage"},"image":{"@id":"https:\/\/drasanvi.com\/fr\/producto\/cronoslim-turbo\/#primaryimage"},"thumbnailUrl":"https:\/\/drasanvi.com\/fr\/wp-content\/uploads\/sites\/7\/2022\/02\/032050070.png","datePublished":"2022-02-28T13:04:34+00:00","dateModified":"2022-02-28T14:07:20+00:00","breadcrumb":{"@id":"https:\/\/drasanvi.com\/fr\/producto\/cronoslim-turbo\/#breadcrumb"},"inLanguage":"fr-FR","potentialAction":[{"@type":"ReadAction","target":["https:\/\/drasanvi.com\/fr\/producto\/cronoslim-turbo\/"]}]},{"@type":"ImageObject","inLanguage":"fr-FR","@id":"https:\/\/drasanvi.com\/fr\/producto\/cronoslim-turbo\/#primaryimage","url":"https:\/\/drasanvi.com\/fr\/wp-content\/uploads\/sites\/7\/2022\/02\/032050070.png","contentUrl":"https:\/\/drasanvi.com\/fr\/wp-content\/uploads\/sites\/7\/2022\/02\/032050070.png","width":1000,"height":1000},{"@type":"BreadcrumbList","@id":"https:\/\/drasanvi.com\/fr\/producto\/cronoslim-turbo\/#breadcrumb","itemListElement":[{"@type":"ListItem","position":1,"name":"Portada","item":"https:\/\/drasanvi.com\/fr\/"},{"@type":"ListItem","position":2,"name":"Tienda","item":"https:\/\/drasanvi.com\/fr\/tienda\/"},{"@type":"ListItem","position":3,"name":"Cronoslim Turbo"}]},{"@type":"WebSite","@id":"https:\/\/drasanvi.com\/fr\/#website","url":"https:\/\/drasanvi.com\/fr\/","name":"Drasanvi Francia","description":"L\u00edder en complementos alimenticios y cosm\u00e9tica natural.","publisher":{"@id":"https:\/\/drasanvi.com\/fr\/#organization"},"potentialAction":[{"@type":"SearchAction","target":{"@type":"EntryPoint","urlTemplate":"https:\/\/drasanvi.com\/fr\/?s={search_term_string}"},"query-input":{"@type":"PropertyValueSpecification","valueRequired":true,"valueName":"search_term_string"}}],"inLanguage":"fr-FR"},{"@type":"Organization","@id":"https:\/\/drasanvi.com\/fr\/#organization","name":"Drasanvi","url":"https:\/\/drasanvi.com\/fr\/","logo":{"@type":"ImageObject","inLanguage":"fr-FR","@id":"https:\/\/drasanvi.com\/fr\/#\/schema\/logo\/image\/","url":"https:\/\/drasanvi.com\/wp-content\/uploads\/sites\/7\/2021\/07\/logo-drasanvi.png","contentUrl":"https:\/\/drasanvi.com\/wp-content\/uploads\/sites\/7\/2021\/07\/logo-drasanvi.png","width":900,"height":300,"caption":"Drasanvi"},"image":{"@id":"https:\/\/drasanvi.com\/fr\/#\/schema\/logo\/image\/"}}]}},"_links":{"self":[{"href":"https:\/\/drasanvi.com\/fr\/wp-json\/wp\/v2\/product\/20021","targetHints":{"allow":["GET"]}}],"collection":[{"href":"https:\/\/drasanvi.com\/fr\/wp-json\/wp\/v2\/product"}],"about":[{"href":"https:\/\/drasanvi.com\/fr\/wp-json\/wp\/v2\/types\/product"}],"version-history":[{"count":0,"href":"https:\/\/drasanvi.com\/fr\/wp-json\/wp\/v2\/product\/20021\/revisions"}],"wp:featuredmedia":[{"embeddable":true,"href":"https:\/\/drasanvi.com\/fr\/wp-json\/wp\/v2\/media\/20023"}],"wp:attachment":[{"href":"https:\/\/drasanvi.com\/fr\/wp-json\/wp\/v2\/media?parent=20021"}],"wp:term":[{"taxonomy":"product_cat","embeddable":true,"href":"https:\/\/drasanvi.com\/fr\/wp-json\/wp\/v2\/product_cat?post=20021"},{"taxonomy":"product_tag","embeddable":true,"href":"https:\/\/drasanvi.com\/fr\/wp-json\/wp\/v2\/product_tag?post=20021"}],"curies":[{"name":"wp","href":"https:\/\/api.w.org\/{rel}","templated":true}]}}