{"id":19936,"date":"2022-02-28T15:02:59","date_gmt":"2022-02-28T13:02:59","guid":{"rendered":"https:\/\/drasanvi.com\/fr\/producto\/coenzima-q10-30-mg-90-capsulas-sport-live\/"},"modified":"2022-03-10T14:17:08","modified_gmt":"2022-03-10T12:17:08","slug":"coenzima-q10-30-mg-90-capsulas-sport-live","status":"publish","type":"product","link":"https:\/\/drasanvi.com\/fr\/producto\/coenzima-q10-30-mg-90-capsulas-sport-live\/","title":{"rendered":"Coenzima Q10 30 mg 90 capsulas Sport live"},"content":{"rendered":"<h2>Ingredientes<\/h2>\n<p>INGREDIENTES  (Mg\/DOSIS D\u00cdA)      Coenzima Q10 Ubiquinona   30 mg      Otros Ingredientes: Celulosa microcristalina, Hidroxipropilmetilcelulosa, Estearato de magnesio, Di\u00f3xido de silicio.        Sin colorantes, conservantes ni az\u00facares a\u00f1adidos\u00a0\u00a0<\/p>\n<h2>Modo de uso<\/h2>\n<p>Consumir una c\u00e1psula al d\u00eda, preferiblemente en la comida.<\/p>\n<h3>Presentaci\u00f3n<\/h3>\n<p>Envase de 90 c\u00e1psulas de 426 mg. Peso total: 38,34 g (1.35 oz).<\/p>\n<h3>Advertencias<\/h3>\n<p>Complemento alimenticio a base de Coenzima Q10.&nbsp;Los complementos alimenticios no deben utilizarse como sustituto de una dieta equilibrada. No superar la dosis diaria expresamente recomendada. Mantener fuera del alcance de los ni&ntilde;os m&aacute;s peque&ntilde;os. Conservar en un lugar fresco y seco.<\/p>\n<h2>Informaci\u00f3n adicional<\/h2>\n<p>ingrediente  descripcion  dosis diaria      Agente de carga\u00a0  (Celulosa microcristalina)  250 mg      Envoltura  (Hidroxipropilmetilcelulosa )  96 mg       Agente de carga\u00a0  (Estearato de magnesio)  40 mg      Coenzima Q10  (Ubiquinona)  30 mg      Antiaglomerante\u00a0  (Di\u00f3xido de silicio)  10mg<\/p>\n","protected":false},"excerpt":{"rendered":"<p>La Coenzima Q10, tambi\u00e9n conocida como Ubiquinona. En condiciones normales es sintetizada por el organismo. Sin embargo, en ocasiones, se precisa de alimentos para incorporarla. Es en el mundo del deporte, donde aumenta los requerimientos de estas sustancia.<br \/><a id=\"boton-ficha\" href=\"https:\/\/panel.drasanvi.com\/fichas\/1\/032050615\" target=\"_blank\" rel=\"noopener\">Ficha t\u00e9cnica<\/a><\/p>\n","protected":false},"featured_media":19938,"template":"","meta":{"inline_featured_image":false},"product_cat":[97],"product_tag":[],"class_list":["post-19936","product","type-product","status-publish","has-post-thumbnail","hentry","product_cat-deporte","pa_contiene-altramuces-no","pa_contiene-apio-no","pa_contiene-cacahuetes-no","pa_contiene-crustaceos-no","pa_contiene-frutos-secos-no","pa_contiene-huevo-no","pa_contiene-leche-no","pa_contiene-moluscos-no","pa_contiene-mostaza-no","pa_contiene-pescado-no","pa_contiene-sesamo-no","pa_contiene-soja-no","pa_producto-bio-no","pa_producto-sin-gluten-si","pa_producto-vegano-no","pa_producto-vegetariano-no"],"yoast_head":"<!-- This site is optimized with the Yoast SEO plugin v27.5 - https:\/\/yoast.com\/product\/yoast-seo-wordpress\/ -->\n<title>Coenzima Q10 30 mg 90 capsulas Sport live - Drasanvi Francia<\/title>\n<meta name=\"robots\" content=\"index, follow, max-snippet:-1, max-image-preview:large, max-video-preview:-1\" \/>\n<link rel=\"canonical\" href=\"https:\/\/drasanvi.com\/fr\/producto\/coenzima-q10-30-mg-90-capsulas-sport-live\/\" \/>\n<meta property=\"og:locale\" content=\"fr_FR\" \/>\n<meta property=\"og:type\" content=\"article\" \/>\n<meta property=\"og:title\" content=\"Coenzima Q10 30 mg 90 capsulas Sport live - Drasanvi Francia\" \/>\n<meta property=\"og:description\" content=\"La Coenzima Q10, tambi\u00e9n conocida como Ubiquinona. En condiciones normales es sintetizada por el organismo. Sin embargo, en ocasiones, se precisa de alimentos para incorporarla. Es en el mundo del deporte, donde aumenta los requerimientos de estas sustancia.Ficha t\u00e9cnica\" \/>\n<meta property=\"og:url\" content=\"https:\/\/drasanvi.com\/fr\/producto\/coenzima-q10-30-mg-90-capsulas-sport-live\/\" \/>\n<meta property=\"og:site_name\" content=\"Drasanvi Francia\" \/>\n<meta property=\"article:modified_time\" content=\"2022-03-10T12:17:08+00:00\" \/>\n<meta property=\"og:image\" content=\"https:\/\/drasanvi.com\/wp-content\/uploads\/sites\/7\/2022\/02\/032050615.png\" \/>\n\t<meta property=\"og:image:width\" content=\"1000\" \/>\n\t<meta property=\"og:image:height\" content=\"1000\" \/>\n\t<meta property=\"og:image:type\" content=\"image\/png\" \/>\n<meta name=\"twitter:card\" content=\"summary_large_image\" \/>\n<script type=\"application\/ld+json\" class=\"yoast-schema-graph\">{\"@context\":\"https:\\\/\\\/schema.org\",\"@graph\":[{\"@type\":\"WebPage\",\"@id\":\"https:\\\/\\\/drasanvi.com\\\/fr\\\/producto\\\/coenzima-q10-30-mg-90-capsulas-sport-live\\\/\",\"url\":\"https:\\\/\\\/drasanvi.com\\\/fr\\\/producto\\\/coenzima-q10-30-mg-90-capsulas-sport-live\\\/\",\"name\":\"Coenzima Q10 30 mg 90 capsulas Sport live - Drasanvi Francia\",\"isPartOf\":{\"@id\":\"https:\\\/\\\/drasanvi.com\\\/fr\\\/#website\"},\"primaryImageOfPage\":{\"@id\":\"https:\\\/\\\/drasanvi.com\\\/fr\\\/producto\\\/coenzima-q10-30-mg-90-capsulas-sport-live\\\/#primaryimage\"},\"image\":{\"@id\":\"https:\\\/\\\/drasanvi.com\\\/fr\\\/producto\\\/coenzima-q10-30-mg-90-capsulas-sport-live\\\/#primaryimage\"},\"thumbnailUrl\":\"https:\\\/\\\/drasanvi.com\\\/fr\\\/wp-content\\\/uploads\\\/sites\\\/7\\\/2022\\\/02\\\/032050615.png\",\"datePublished\":\"2022-02-28T13:02:59+00:00\",\"dateModified\":\"2022-03-10T12:17:08+00:00\",\"breadcrumb\":{\"@id\":\"https:\\\/\\\/drasanvi.com\\\/fr\\\/producto\\\/coenzima-q10-30-mg-90-capsulas-sport-live\\\/#breadcrumb\"},\"inLanguage\":\"fr-FR\",\"potentialAction\":[{\"@type\":\"ReadAction\",\"target\":[\"https:\\\/\\\/drasanvi.com\\\/fr\\\/producto\\\/coenzima-q10-30-mg-90-capsulas-sport-live\\\/\"]}]},{\"@type\":\"ImageObject\",\"inLanguage\":\"fr-FR\",\"@id\":\"https:\\\/\\\/drasanvi.com\\\/fr\\\/producto\\\/coenzima-q10-30-mg-90-capsulas-sport-live\\\/#primaryimage\",\"url\":\"https:\\\/\\\/drasanvi.com\\\/fr\\\/wp-content\\\/uploads\\\/sites\\\/7\\\/2022\\\/02\\\/032050615.png\",\"contentUrl\":\"https:\\\/\\\/drasanvi.com\\\/fr\\\/wp-content\\\/uploads\\\/sites\\\/7\\\/2022\\\/02\\\/032050615.png\",\"width\":1000,\"height\":1000},{\"@type\":\"BreadcrumbList\",\"@id\":\"https:\\\/\\\/drasanvi.com\\\/fr\\\/producto\\\/coenzima-q10-30-mg-90-capsulas-sport-live\\\/#breadcrumb\",\"itemListElement\":[{\"@type\":\"ListItem\",\"position\":1,\"name\":\"Portada\",\"item\":\"https:\\\/\\\/drasanvi.com\\\/fr\\\/\"},{\"@type\":\"ListItem\",\"position\":2,\"name\":\"Tienda\",\"item\":\"https:\\\/\\\/drasanvi.com\\\/fr\\\/tienda\\\/\"},{\"@type\":\"ListItem\",\"position\":3,\"name\":\"Coenzima Q10 30 mg 90 capsulas Sport live\"}]},{\"@type\":\"WebSite\",\"@id\":\"https:\\\/\\\/drasanvi.com\\\/fr\\\/#website\",\"url\":\"https:\\\/\\\/drasanvi.com\\\/fr\\\/\",\"name\":\"Drasanvi Francia\",\"description\":\"L\u00edder en complementos alimenticios y cosm\u00e9tica natural.\",\"publisher\":{\"@id\":\"https:\\\/\\\/drasanvi.com\\\/fr\\\/#organization\"},\"potentialAction\":[{\"@type\":\"SearchAction\",\"target\":{\"@type\":\"EntryPoint\",\"urlTemplate\":\"https:\\\/\\\/drasanvi.com\\\/fr\\\/?s={search_term_string}\"},\"query-input\":{\"@type\":\"PropertyValueSpecification\",\"valueRequired\":true,\"valueName\":\"search_term_string\"}}],\"inLanguage\":\"fr-FR\"},{\"@type\":\"Organization\",\"@id\":\"https:\\\/\\\/drasanvi.com\\\/fr\\\/#organization\",\"name\":\"Drasanvi\",\"url\":\"https:\\\/\\\/drasanvi.com\\\/fr\\\/\",\"logo\":{\"@type\":\"ImageObject\",\"inLanguage\":\"fr-FR\",\"@id\":\"https:\\\/\\\/drasanvi.com\\\/fr\\\/#\\\/schema\\\/logo\\\/image\\\/\",\"url\":\"https:\\\/\\\/drasanvi.com\\\/wp-content\\\/uploads\\\/sites\\\/7\\\/2021\\\/07\\\/logo-drasanvi.png\",\"contentUrl\":\"https:\\\/\\\/drasanvi.com\\\/wp-content\\\/uploads\\\/sites\\\/7\\\/2021\\\/07\\\/logo-drasanvi.png\",\"width\":900,\"height\":300,\"caption\":\"Drasanvi\"},\"image\":{\"@id\":\"https:\\\/\\\/drasanvi.com\\\/fr\\\/#\\\/schema\\\/logo\\\/image\\\/\"}}]}<\/script>\n<!-- \/ Yoast SEO plugin. -->","yoast_head_json":{"title":"Coenzima Q10 30 mg 90 capsulas Sport live - Drasanvi Francia","robots":{"index":"index","follow":"follow","max-snippet":"max-snippet:-1","max-image-preview":"max-image-preview:large","max-video-preview":"max-video-preview:-1"},"canonical":"https:\/\/drasanvi.com\/fr\/producto\/coenzima-q10-30-mg-90-capsulas-sport-live\/","og_locale":"fr_FR","og_type":"article","og_title":"Coenzima Q10 30 mg 90 capsulas Sport live - Drasanvi Francia","og_description":"La Coenzima Q10, tambi\u00e9n conocida como Ubiquinona. En condiciones normales es sintetizada por el organismo. Sin embargo, en ocasiones, se precisa de alimentos para incorporarla. Es en el mundo del deporte, donde aumenta los requerimientos de estas sustancia.Ficha t\u00e9cnica","og_url":"https:\/\/drasanvi.com\/fr\/producto\/coenzima-q10-30-mg-90-capsulas-sport-live\/","og_site_name":"Drasanvi Francia","article_modified_time":"2022-03-10T12:17:08+00:00","og_image":[{"width":1000,"height":1000,"url":"https:\/\/drasanvi.com\/wp-content\/uploads\/sites\/7\/2022\/02\/032050615.png","type":"image\/png"}],"twitter_card":"summary_large_image","schema":{"@context":"https:\/\/schema.org","@graph":[{"@type":"WebPage","@id":"https:\/\/drasanvi.com\/fr\/producto\/coenzima-q10-30-mg-90-capsulas-sport-live\/","url":"https:\/\/drasanvi.com\/fr\/producto\/coenzima-q10-30-mg-90-capsulas-sport-live\/","name":"Coenzima Q10 30 mg 90 capsulas Sport live - Drasanvi Francia","isPartOf":{"@id":"https:\/\/drasanvi.com\/fr\/#website"},"primaryImageOfPage":{"@id":"https:\/\/drasanvi.com\/fr\/producto\/coenzima-q10-30-mg-90-capsulas-sport-live\/#primaryimage"},"image":{"@id":"https:\/\/drasanvi.com\/fr\/producto\/coenzima-q10-30-mg-90-capsulas-sport-live\/#primaryimage"},"thumbnailUrl":"https:\/\/drasanvi.com\/fr\/wp-content\/uploads\/sites\/7\/2022\/02\/032050615.png","datePublished":"2022-02-28T13:02:59+00:00","dateModified":"2022-03-10T12:17:08+00:00","breadcrumb":{"@id":"https:\/\/drasanvi.com\/fr\/producto\/coenzima-q10-30-mg-90-capsulas-sport-live\/#breadcrumb"},"inLanguage":"fr-FR","potentialAction":[{"@type":"ReadAction","target":["https:\/\/drasanvi.com\/fr\/producto\/coenzima-q10-30-mg-90-capsulas-sport-live\/"]}]},{"@type":"ImageObject","inLanguage":"fr-FR","@id":"https:\/\/drasanvi.com\/fr\/producto\/coenzima-q10-30-mg-90-capsulas-sport-live\/#primaryimage","url":"https:\/\/drasanvi.com\/fr\/wp-content\/uploads\/sites\/7\/2022\/02\/032050615.png","contentUrl":"https:\/\/drasanvi.com\/fr\/wp-content\/uploads\/sites\/7\/2022\/02\/032050615.png","width":1000,"height":1000},{"@type":"BreadcrumbList","@id":"https:\/\/drasanvi.com\/fr\/producto\/coenzima-q10-30-mg-90-capsulas-sport-live\/#breadcrumb","itemListElement":[{"@type":"ListItem","position":1,"name":"Portada","item":"https:\/\/drasanvi.com\/fr\/"},{"@type":"ListItem","position":2,"name":"Tienda","item":"https:\/\/drasanvi.com\/fr\/tienda\/"},{"@type":"ListItem","position":3,"name":"Coenzima Q10 30 mg 90 capsulas Sport live"}]},{"@type":"WebSite","@id":"https:\/\/drasanvi.com\/fr\/#website","url":"https:\/\/drasanvi.com\/fr\/","name":"Drasanvi Francia","description":"L\u00edder en complementos alimenticios y cosm\u00e9tica natural.","publisher":{"@id":"https:\/\/drasanvi.com\/fr\/#organization"},"potentialAction":[{"@type":"SearchAction","target":{"@type":"EntryPoint","urlTemplate":"https:\/\/drasanvi.com\/fr\/?s={search_term_string}"},"query-input":{"@type":"PropertyValueSpecification","valueRequired":true,"valueName":"search_term_string"}}],"inLanguage":"fr-FR"},{"@type":"Organization","@id":"https:\/\/drasanvi.com\/fr\/#organization","name":"Drasanvi","url":"https:\/\/drasanvi.com\/fr\/","logo":{"@type":"ImageObject","inLanguage":"fr-FR","@id":"https:\/\/drasanvi.com\/fr\/#\/schema\/logo\/image\/","url":"https:\/\/drasanvi.com\/wp-content\/uploads\/sites\/7\/2021\/07\/logo-drasanvi.png","contentUrl":"https:\/\/drasanvi.com\/wp-content\/uploads\/sites\/7\/2021\/07\/logo-drasanvi.png","width":900,"height":300,"caption":"Drasanvi"},"image":{"@id":"https:\/\/drasanvi.com\/fr\/#\/schema\/logo\/image\/"}}]}},"_links":{"self":[{"href":"https:\/\/drasanvi.com\/fr\/wp-json\/wp\/v2\/product\/19936","targetHints":{"allow":["GET"]}}],"collection":[{"href":"https:\/\/drasanvi.com\/fr\/wp-json\/wp\/v2\/product"}],"about":[{"href":"https:\/\/drasanvi.com\/fr\/wp-json\/wp\/v2\/types\/product"}],"version-history":[{"count":0,"href":"https:\/\/drasanvi.com\/fr\/wp-json\/wp\/v2\/product\/19936\/revisions"}],"wp:featuredmedia":[{"embeddable":true,"href":"https:\/\/drasanvi.com\/fr\/wp-json\/wp\/v2\/media\/19938"}],"wp:attachment":[{"href":"https:\/\/drasanvi.com\/fr\/wp-json\/wp\/v2\/media?parent=19936"}],"wp:term":[{"taxonomy":"product_cat","embeddable":true,"href":"https:\/\/drasanvi.com\/fr\/wp-json\/wp\/v2\/product_cat?post=19936"},{"taxonomy":"product_tag","embeddable":true,"href":"https:\/\/drasanvi.com\/fr\/wp-json\/wp\/v2\/product_tag?post=19936"}],"curies":[{"name":"wp","href":"https:\/\/api.w.org\/{rel}","templated":true}]}}