{"id":19857,"date":"2022-02-28T15:01:04","date_gmt":"2022-02-28T13:01:04","guid":{"rendered":"https:\/\/drasanvi.com\/fr\/producto\/cannabis-zen-azul-30-capsulas-drasanvi\/"},"modified":"2022-02-28T16:08:11","modified_gmt":"2022-02-28T14:08:11","slug":"cannabis-zen-azul-30-capsulas-drasanvi","status":"publish","type":"product","link":"https:\/\/drasanvi.com\/fr\/producto\/cannabis-zen-azul-30-capsulas-drasanvi\/","title":{"rendered":"Cannabis zen Azul 30 capsulas Drasanvi"},"content":{"rendered":"<h2>Ingredientes<\/h2>\n<p>Ingredientes  Descripci\u00f3n  Cantidad \/ Dosis diaria      Extracto seco de amapola de California\u00a0\u00a0  Eschscholzia californica  140 mg\u00a0      GABA\u00a0  \u00a0  70 mg\u00a0      Extracto semilla c\u00e1\u00f1amo\u00a0  Cannabis sativa var sativa  50 mg\u00a0      Extracto seco de Magnolia\u00a0  Magnolia grandiflora L. al 90% Honokiol  50 mg\u00a0      Extracto seco de l\u00fapulo\u00a0  Humulus lupulus 2,5% Flavonoides\u00a0  40 mg\u00a0      Vitamina B6  Piridoximina clorhidrato\u00a0  1,4 mg\u00a0      Otros ingredientes  Hidroxipropilmetilcelulosa, Celulosa microcristina, esterato de magnesio, di\u00f3xido de silicio  \u00a0<\/p>\n<h2>Modo de uso<\/h2>\n<p>Tomar una c\u00e1psula al d\u00eda antes de acostarse.<\/p>\n<h3>Presentaci\u00f3n<\/h3>\n<p>30 c\u00e1psulas 530 mg. Peso neto 15,90 g<\/p>\n<h3>Advertencias<\/h3>\n<p>Los complementos alimenticios no deben utilizarse como sustituto de una dieta equilibrada. No superar la dosis diaria expresamente recomendada. Mantener fuera del alcance de los ni&ntilde;os m&aacute;s peque&ntilde;os. Conservar en un lugar fresco y seco. No consumir por mujeres embarazadas ni en periodo de lactancia. Consulte con su m&eacute;dico o farmeceutico con toma simult&aacute;nea de anticoagulantes. No tomar simultaneamente con anticoagulantes<\/p>\n<h2>Informaci\u00f3n adicional<\/h2>\n<p>Ingredientes  Descripci\u00f3n  Cantidad \/ Dosis diaria      Extracto seco amapola de california  Eschscholzia californica  140 mg\u00a0      Envoltura\u00a0  (Hidroxipropilmeticelulosa)\u00a0  120 mg\u00a0      Agente de carga\u00a0  Celulosa microcristalina\u00a0  73 mg\u00a0      \u00c1cido \u00d2 -aminobut\u00edrico (GABA)  \u00a0  70 mg\u00a0      Semilla de c\u00e1\u00f1amo industrial\u00a0  Cannabis sativa L  50 mg\u00a0      Extracto seco de Magnolia\u00a0  Magnolia grandiflora\u00a0L. 90% Honokiol \u00a0  50 mg\u00a0      Extracto seco de l\u00fapulo\u00a0  \u00a0Humulus lupulus 2,5% en Flavonoides  40 mg\u00a0      Agente de carga\u00a0  Esterato de magnesio\u00a0  6 mg\u00a0      Antiaglomerante\u00a0  Dioxido de silicio\u00a0  4 mg\u00a0      Vitamina B6  Piridoxina clorhidrato  1,4 mg\u00a0<\/p>\n<p>por dosis diaria        Ingrediente  Porcentaje  Cantidad      Vitamina B6  100 %  1,4 mg        % VRN (Valores de Referencia de Nutrientes)<\/p>\n","protected":false},"excerpt":{"rendered":"<p>Nuestras c\u00e1psulas de Cannabis aprovechan las propiedades del c\u00e1\u00f1amo industrial junto con el Magnolia, L\u00fapulo y Vitamina B6, que contribuye al correcto funcionamiento de la funci\u00f3n psicol\u00f3gica normal.\u00a0  Toma uno al d\u00eda, preferiblemente, antes dormir, pero, puedes elegir el momento que m\u00e1s se ajuste a tus necesidades.\u00a0<br \/><a id=\"boton-ficha\" href=\"https:\/\/drasanvi.com\/fr\/fichas\/1\/032057036\" target=\"_blank\" rel=\"noopener\">Ficha t\u00e9cnica<\/a><\/p>\n","protected":false},"featured_media":19859,"template":"","meta":{"inline_featured_image":false},"product_cat":[92],"product_tag":[],"class_list":["post-19857","product","type-product","status-publish","has-post-thumbnail","hentry","product_cat-cannabis-cbd","pa_contiene-altramuces-no","pa_contiene-apio-no","pa_contiene-cacahuetes-no","pa_contiene-crustaceos-no","pa_contiene-frutos-secos-no","pa_contiene-huevo-no","pa_contiene-leche-no","pa_contiene-moluscos-no","pa_contiene-mostaza-no","pa_contiene-pescado-no","pa_contiene-sesamo-no","pa_contiene-soja-no","pa_producto-bio-no","pa_producto-sin-gluten-si","pa_producto-vegano-si","pa_producto-vegetariano-si"],"yoast_head":"<!-- This site is optimized with the Yoast SEO plugin v27.4 - https:\/\/yoast.com\/product\/yoast-seo-wordpress\/ -->\n<title>Cannabis zen Azul 30 capsulas Drasanvi - Drasanvi Francia<\/title>\n<meta name=\"robots\" content=\"index, follow, max-snippet:-1, max-image-preview:large, max-video-preview:-1\" \/>\n<link rel=\"canonical\" href=\"https:\/\/drasanvi.com\/fr\/producto\/cannabis-zen-azul-30-capsulas-drasanvi\/\" \/>\n<meta property=\"og:locale\" content=\"fr_FR\" \/>\n<meta property=\"og:type\" content=\"article\" \/>\n<meta property=\"og:title\" content=\"Cannabis zen Azul 30 capsulas Drasanvi - Drasanvi Francia\" \/>\n<meta property=\"og:description\" content=\"Nuestras c\u00e1psulas de Cannabis aprovechan las propiedades del c\u00e1\u00f1amo industrial junto con el Magnolia, L\u00fapulo y Vitamina B6, que contribuye al correcto funcionamiento de la funci\u00f3n psicol\u00f3gica normal.\u00a0 Toma uno al d\u00eda, preferiblemente, antes dormir, pero, puedes elegir el momento que m\u00e1s se ajuste a tus necesidades.\u00a0Ficha t\u00e9cnica\" \/>\n<meta property=\"og:url\" content=\"https:\/\/drasanvi.com\/fr\/producto\/cannabis-zen-azul-30-capsulas-drasanvi\/\" \/>\n<meta property=\"og:site_name\" content=\"Drasanvi Francia\" \/>\n<meta property=\"article:modified_time\" content=\"2022-02-28T14:08:11+00:00\" \/>\n<meta property=\"og:image\" content=\"https:\/\/drasanvi.com\/wp-content\/uploads\/sites\/7\/2022\/02\/032057036.png\" \/>\n\t<meta property=\"og:image:width\" content=\"768\" \/>\n\t<meta property=\"og:image:height\" content=\"768\" \/>\n\t<meta property=\"og:image:type\" content=\"image\/png\" \/>\n<meta name=\"twitter:card\" content=\"summary_large_image\" \/>\n<script type=\"application\/ld+json\" class=\"yoast-schema-graph\">{\"@context\":\"https:\\\/\\\/schema.org\",\"@graph\":[{\"@type\":\"WebPage\",\"@id\":\"https:\\\/\\\/drasanvi.com\\\/fr\\\/producto\\\/cannabis-zen-azul-30-capsulas-drasanvi\\\/\",\"url\":\"https:\\\/\\\/drasanvi.com\\\/fr\\\/producto\\\/cannabis-zen-azul-30-capsulas-drasanvi\\\/\",\"name\":\"Cannabis zen Azul 30 capsulas Drasanvi - Drasanvi Francia\",\"isPartOf\":{\"@id\":\"https:\\\/\\\/drasanvi.com\\\/fr\\\/#website\"},\"primaryImageOfPage\":{\"@id\":\"https:\\\/\\\/drasanvi.com\\\/fr\\\/producto\\\/cannabis-zen-azul-30-capsulas-drasanvi\\\/#primaryimage\"},\"image\":{\"@id\":\"https:\\\/\\\/drasanvi.com\\\/fr\\\/producto\\\/cannabis-zen-azul-30-capsulas-drasanvi\\\/#primaryimage\"},\"thumbnailUrl\":\"https:\\\/\\\/drasanvi.com\\\/fr\\\/wp-content\\\/uploads\\\/sites\\\/7\\\/2022\\\/02\\\/032057036.png\",\"datePublished\":\"2022-02-28T13:01:04+00:00\",\"dateModified\":\"2022-02-28T14:08:11+00:00\",\"breadcrumb\":{\"@id\":\"https:\\\/\\\/drasanvi.com\\\/fr\\\/producto\\\/cannabis-zen-azul-30-capsulas-drasanvi\\\/#breadcrumb\"},\"inLanguage\":\"fr-FR\",\"potentialAction\":[{\"@type\":\"ReadAction\",\"target\":[\"https:\\\/\\\/drasanvi.com\\\/fr\\\/producto\\\/cannabis-zen-azul-30-capsulas-drasanvi\\\/\"]}]},{\"@type\":\"ImageObject\",\"inLanguage\":\"fr-FR\",\"@id\":\"https:\\\/\\\/drasanvi.com\\\/fr\\\/producto\\\/cannabis-zen-azul-30-capsulas-drasanvi\\\/#primaryimage\",\"url\":\"https:\\\/\\\/drasanvi.com\\\/fr\\\/wp-content\\\/uploads\\\/sites\\\/7\\\/2022\\\/02\\\/032057036.png\",\"contentUrl\":\"https:\\\/\\\/drasanvi.com\\\/fr\\\/wp-content\\\/uploads\\\/sites\\\/7\\\/2022\\\/02\\\/032057036.png\",\"width\":768,\"height\":768},{\"@type\":\"BreadcrumbList\",\"@id\":\"https:\\\/\\\/drasanvi.com\\\/fr\\\/producto\\\/cannabis-zen-azul-30-capsulas-drasanvi\\\/#breadcrumb\",\"itemListElement\":[{\"@type\":\"ListItem\",\"position\":1,\"name\":\"Portada\",\"item\":\"https:\\\/\\\/drasanvi.com\\\/fr\\\/\"},{\"@type\":\"ListItem\",\"position\":2,\"name\":\"Tienda\",\"item\":\"https:\\\/\\\/drasanvi.com\\\/fr\\\/tienda\\\/\"},{\"@type\":\"ListItem\",\"position\":3,\"name\":\"Cannabis zen Azul 30 capsulas Drasanvi\"}]},{\"@type\":\"WebSite\",\"@id\":\"https:\\\/\\\/drasanvi.com\\\/fr\\\/#website\",\"url\":\"https:\\\/\\\/drasanvi.com\\\/fr\\\/\",\"name\":\"Drasanvi Francia\",\"description\":\"L\u00edder en complementos alimenticios y cosm\u00e9tica natural.\",\"publisher\":{\"@id\":\"https:\\\/\\\/drasanvi.com\\\/fr\\\/#organization\"},\"potentialAction\":[{\"@type\":\"SearchAction\",\"target\":{\"@type\":\"EntryPoint\",\"urlTemplate\":\"https:\\\/\\\/drasanvi.com\\\/fr\\\/?s={search_term_string}\"},\"query-input\":{\"@type\":\"PropertyValueSpecification\",\"valueRequired\":true,\"valueName\":\"search_term_string\"}}],\"inLanguage\":\"fr-FR\"},{\"@type\":\"Organization\",\"@id\":\"https:\\\/\\\/drasanvi.com\\\/fr\\\/#organization\",\"name\":\"Drasanvi\",\"url\":\"https:\\\/\\\/drasanvi.com\\\/fr\\\/\",\"logo\":{\"@type\":\"ImageObject\",\"inLanguage\":\"fr-FR\",\"@id\":\"https:\\\/\\\/drasanvi.com\\\/fr\\\/#\\\/schema\\\/logo\\\/image\\\/\",\"url\":\"https:\\\/\\\/drasanvi.com\\\/wp-content\\\/uploads\\\/sites\\\/7\\\/2021\\\/07\\\/logo-drasanvi.png\",\"contentUrl\":\"https:\\\/\\\/drasanvi.com\\\/wp-content\\\/uploads\\\/sites\\\/7\\\/2021\\\/07\\\/logo-drasanvi.png\",\"width\":900,\"height\":300,\"caption\":\"Drasanvi\"},\"image\":{\"@id\":\"https:\\\/\\\/drasanvi.com\\\/fr\\\/#\\\/schema\\\/logo\\\/image\\\/\"}}]}<\/script>\n<!-- \/ Yoast SEO plugin. -->","yoast_head_json":{"title":"Cannabis zen Azul 30 capsulas Drasanvi - Drasanvi Francia","robots":{"index":"index","follow":"follow","max-snippet":"max-snippet:-1","max-image-preview":"max-image-preview:large","max-video-preview":"max-video-preview:-1"},"canonical":"https:\/\/drasanvi.com\/fr\/producto\/cannabis-zen-azul-30-capsulas-drasanvi\/","og_locale":"fr_FR","og_type":"article","og_title":"Cannabis zen Azul 30 capsulas Drasanvi - Drasanvi Francia","og_description":"Nuestras c\u00e1psulas de Cannabis aprovechan las propiedades del c\u00e1\u00f1amo industrial junto con el Magnolia, L\u00fapulo y Vitamina B6, que contribuye al correcto funcionamiento de la funci\u00f3n psicol\u00f3gica normal.\u00a0 Toma uno al d\u00eda, preferiblemente, antes dormir, pero, puedes elegir el momento que m\u00e1s se ajuste a tus necesidades.\u00a0Ficha t\u00e9cnica","og_url":"https:\/\/drasanvi.com\/fr\/producto\/cannabis-zen-azul-30-capsulas-drasanvi\/","og_site_name":"Drasanvi Francia","article_modified_time":"2022-02-28T14:08:11+00:00","og_image":[{"width":768,"height":768,"url":"https:\/\/drasanvi.com\/wp-content\/uploads\/sites\/7\/2022\/02\/032057036.png","type":"image\/png"}],"twitter_card":"summary_large_image","schema":{"@context":"https:\/\/schema.org","@graph":[{"@type":"WebPage","@id":"https:\/\/drasanvi.com\/fr\/producto\/cannabis-zen-azul-30-capsulas-drasanvi\/","url":"https:\/\/drasanvi.com\/fr\/producto\/cannabis-zen-azul-30-capsulas-drasanvi\/","name":"Cannabis zen Azul 30 capsulas Drasanvi - Drasanvi Francia","isPartOf":{"@id":"https:\/\/drasanvi.com\/fr\/#website"},"primaryImageOfPage":{"@id":"https:\/\/drasanvi.com\/fr\/producto\/cannabis-zen-azul-30-capsulas-drasanvi\/#primaryimage"},"image":{"@id":"https:\/\/drasanvi.com\/fr\/producto\/cannabis-zen-azul-30-capsulas-drasanvi\/#primaryimage"},"thumbnailUrl":"https:\/\/drasanvi.com\/fr\/wp-content\/uploads\/sites\/7\/2022\/02\/032057036.png","datePublished":"2022-02-28T13:01:04+00:00","dateModified":"2022-02-28T14:08:11+00:00","breadcrumb":{"@id":"https:\/\/drasanvi.com\/fr\/producto\/cannabis-zen-azul-30-capsulas-drasanvi\/#breadcrumb"},"inLanguage":"fr-FR","potentialAction":[{"@type":"ReadAction","target":["https:\/\/drasanvi.com\/fr\/producto\/cannabis-zen-azul-30-capsulas-drasanvi\/"]}]},{"@type":"ImageObject","inLanguage":"fr-FR","@id":"https:\/\/drasanvi.com\/fr\/producto\/cannabis-zen-azul-30-capsulas-drasanvi\/#primaryimage","url":"https:\/\/drasanvi.com\/fr\/wp-content\/uploads\/sites\/7\/2022\/02\/032057036.png","contentUrl":"https:\/\/drasanvi.com\/fr\/wp-content\/uploads\/sites\/7\/2022\/02\/032057036.png","width":768,"height":768},{"@type":"BreadcrumbList","@id":"https:\/\/drasanvi.com\/fr\/producto\/cannabis-zen-azul-30-capsulas-drasanvi\/#breadcrumb","itemListElement":[{"@type":"ListItem","position":1,"name":"Portada","item":"https:\/\/drasanvi.com\/fr\/"},{"@type":"ListItem","position":2,"name":"Tienda","item":"https:\/\/drasanvi.com\/fr\/tienda\/"},{"@type":"ListItem","position":3,"name":"Cannabis zen Azul 30 capsulas Drasanvi"}]},{"@type":"WebSite","@id":"https:\/\/drasanvi.com\/fr\/#website","url":"https:\/\/drasanvi.com\/fr\/","name":"Drasanvi Francia","description":"L\u00edder en complementos alimenticios y cosm\u00e9tica natural.","publisher":{"@id":"https:\/\/drasanvi.com\/fr\/#organization"},"potentialAction":[{"@type":"SearchAction","target":{"@type":"EntryPoint","urlTemplate":"https:\/\/drasanvi.com\/fr\/?s={search_term_string}"},"query-input":{"@type":"PropertyValueSpecification","valueRequired":true,"valueName":"search_term_string"}}],"inLanguage":"fr-FR"},{"@type":"Organization","@id":"https:\/\/drasanvi.com\/fr\/#organization","name":"Drasanvi","url":"https:\/\/drasanvi.com\/fr\/","logo":{"@type":"ImageObject","inLanguage":"fr-FR","@id":"https:\/\/drasanvi.com\/fr\/#\/schema\/logo\/image\/","url":"https:\/\/drasanvi.com\/wp-content\/uploads\/sites\/7\/2021\/07\/logo-drasanvi.png","contentUrl":"https:\/\/drasanvi.com\/wp-content\/uploads\/sites\/7\/2021\/07\/logo-drasanvi.png","width":900,"height":300,"caption":"Drasanvi"},"image":{"@id":"https:\/\/drasanvi.com\/fr\/#\/schema\/logo\/image\/"}}]}},"_links":{"self":[{"href":"https:\/\/drasanvi.com\/fr\/wp-json\/wp\/v2\/product\/19857","targetHints":{"allow":["GET"]}}],"collection":[{"href":"https:\/\/drasanvi.com\/fr\/wp-json\/wp\/v2\/product"}],"about":[{"href":"https:\/\/drasanvi.com\/fr\/wp-json\/wp\/v2\/types\/product"}],"version-history":[{"count":0,"href":"https:\/\/drasanvi.com\/fr\/wp-json\/wp\/v2\/product\/19857\/revisions"}],"wp:featuredmedia":[{"embeddable":true,"href":"https:\/\/drasanvi.com\/fr\/wp-json\/wp\/v2\/media\/19859"}],"wp:attachment":[{"href":"https:\/\/drasanvi.com\/fr\/wp-json\/wp\/v2\/media?parent=19857"}],"wp:term":[{"taxonomy":"product_cat","embeddable":true,"href":"https:\/\/drasanvi.com\/fr\/wp-json\/wp\/v2\/product_cat?post=19857"},{"taxonomy":"product_tag","embeddable":true,"href":"https:\/\/drasanvi.com\/fr\/wp-json\/wp\/v2\/product_tag?post=19857"}],"curies":[{"name":"wp","href":"https:\/\/api.w.org\/{rel}","templated":true}]}}