{"id":19754,"date":"2022-02-28T14:59:06","date_gmt":"2022-02-28T12:59:06","guid":{"rendered":"https:\/\/drasanvi.com\/fr\/producto\/bisglicinato-de-zinc-90-comprimidos-sport-live\/"},"modified":"2022-03-10T14:16:57","modified_gmt":"2022-03-10T12:16:57","slug":"bisglicinato-de-zinc-90-comprimidos-sport-live","status":"publish","type":"product","link":"https:\/\/drasanvi.com\/fr\/producto\/bisglicinato-de-zinc-90-comprimidos-sport-live\/","title":{"rendered":"Bisglicinato de Zinc 90 comprimidos Sport Live"},"content":{"rendered":"<h2>Ingredientes<\/h2>\n<p>Ingredientes  mg \/ Dosis diaria)      Bisglicinato de Zinc\u00a0\u00a0Zinc 20%  100 mg.20mg      Otros Ingredientes: Celulosa microcristalina, Magnesio estearato y Di\u00f3xido de Silicio        Sin colorantes, conservantes ni az\u00facares a\u00f1adidos.<\/p>\n<h2>Modo de uso<\/h2>\n<p>Tomar un comprimido al d\u00eda, junto con la comida.<\/p>\n<h3>Presentaci\u00f3n<\/h3>\n<p>90 comprimidos de 550 mg (49.5 g)<\/p>\n<h3>Advertencias<\/h3>\n<p>Complemento Alimenticio a base de minerales.Los complementos alimenticios no deben utilizarse como sustituto de una dieta equilibrada. No superar la dosis diaria expresamente recomendada. Mantener fuera del alcance de los ni&ntilde;os m&aacute;s peque&ntilde;os. Conservar en un lugar fresco y seco.<\/p>\n<h2>Informaci\u00f3n adicional<\/h2>\n<p>Ingrediente  Descripci\u00f3n  Dosis diaria      Agente de carga\u00a0  (Celulosa microcriatalina)   426\u00a0 mg      Bisglicinato de Zinc  (Zinc 20%)  100 mg      Agente de carga\u00a0  (Estearato de magnesio)   18 mg       Antiaglomerante\u00a0  (Di\u00f3xido de silicio)  6 mg\u00a0        \u00a0\u00a0<\/p>\n<p>por dosis diaria        Ingrediente  Porcentaje  Cantidad      Zinc  200%  20 mg        % VRN (Valor de Referencia Nutricional)<\/p>\n","protected":false},"excerpt":{"rendered":"<p>El Zinc es un mineral esencial para la vida y relacionado con numerosas funciones en el organismo, desde la funci\u00f3n cognitiva hasta el mantenimiento de la visi\u00f3n normal.No obstante hay que elegir una fuente de Zinc con alta biodisponibilidad, por esa raz\u00f3n decidimos a\u00f1adir el Zinc en forma de Bisglicinato, el cual se ha demostrado que se absorbe un 43% m\u00e1s que otras fuentes de zinc m\u00e1s utilizadas como el gluconato.<br \/><a id=\"boton-ficha\" href=\"https:\/\/panel.drasanvi.com\/fichas\/1\/032057103\" target=\"_blank\" rel=\"noopener\">Ficha t\u00e9cnica<\/a><\/p>\n","protected":false},"featured_media":19756,"template":"","meta":{"inline_featured_image":false},"product_cat":[97],"product_tag":[],"class_list":["post-19754","product","type-product","status-publish","has-post-thumbnail","hentry","product_cat-deporte","pa_contiene-altramuces-no","pa_contiene-apio-no","pa_contiene-cacahuetes-no","pa_contiene-crustaceos-no","pa_contiene-frutos-secos-no","pa_contiene-huevo-no","pa_contiene-leche-no","pa_contiene-moluscos-no","pa_contiene-mostaza-no","pa_contiene-pescado-no","pa_contiene-sesamo-no","pa_contiene-soja-no","pa_producto-bio-no","pa_producto-sin-gluten-si","pa_producto-vegano-si","pa_producto-vegetariano-si"],"yoast_head":"<!-- This site is optimized with the Yoast SEO plugin v27.4 - https:\/\/yoast.com\/product\/yoast-seo-wordpress\/ -->\n<title>Bisglicinato de Zinc 90 comprimidos Sport Live - Drasanvi Francia<\/title>\n<meta name=\"robots\" content=\"index, follow, max-snippet:-1, max-image-preview:large, max-video-preview:-1\" \/>\n<link rel=\"canonical\" href=\"https:\/\/drasanvi.com\/fr\/producto\/bisglicinato-de-zinc-90-comprimidos-sport-live\/\" \/>\n<meta property=\"og:locale\" content=\"fr_FR\" \/>\n<meta property=\"og:type\" content=\"article\" \/>\n<meta property=\"og:title\" content=\"Bisglicinato de Zinc 90 comprimidos Sport Live - Drasanvi Francia\" \/>\n<meta property=\"og:description\" content=\"El Zinc es un mineral esencial para la vida y relacionado con numerosas funciones en el organismo, desde la funci\u00f3n cognitiva hasta el mantenimiento de la visi\u00f3n normal.No obstante hay que elegir una fuente de Zinc con alta biodisponibilidad, por esa raz\u00f3n decidimos a\u00f1adir el Zinc en forma de Bisglicinato, el cual se ha demostrado que se absorbe un 43% m\u00e1s que otras fuentes de zinc m\u00e1s utilizadas como el gluconato.Ficha t\u00e9cnica\" \/>\n<meta property=\"og:url\" content=\"https:\/\/drasanvi.com\/fr\/producto\/bisglicinato-de-zinc-90-comprimidos-sport-live\/\" \/>\n<meta property=\"og:site_name\" content=\"Drasanvi Francia\" \/>\n<meta property=\"article:modified_time\" content=\"2022-03-10T12:16:57+00:00\" \/>\n<meta property=\"og:image\" content=\"https:\/\/drasanvi.com\/wp-content\/uploads\/sites\/7\/2022\/02\/032057103.png\" \/>\n\t<meta property=\"og:image:width\" content=\"1000\" \/>\n\t<meta property=\"og:image:height\" content=\"1000\" \/>\n\t<meta property=\"og:image:type\" content=\"image\/png\" \/>\n<meta name=\"twitter:card\" content=\"summary_large_image\" \/>\n<script type=\"application\/ld+json\" class=\"yoast-schema-graph\">{\"@context\":\"https:\\\/\\\/schema.org\",\"@graph\":[{\"@type\":\"WebPage\",\"@id\":\"https:\\\/\\\/drasanvi.com\\\/fr\\\/producto\\\/bisglicinato-de-zinc-90-comprimidos-sport-live\\\/\",\"url\":\"https:\\\/\\\/drasanvi.com\\\/fr\\\/producto\\\/bisglicinato-de-zinc-90-comprimidos-sport-live\\\/\",\"name\":\"Bisglicinato de Zinc 90 comprimidos Sport Live - Drasanvi Francia\",\"isPartOf\":{\"@id\":\"https:\\\/\\\/drasanvi.com\\\/fr\\\/#website\"},\"primaryImageOfPage\":{\"@id\":\"https:\\\/\\\/drasanvi.com\\\/fr\\\/producto\\\/bisglicinato-de-zinc-90-comprimidos-sport-live\\\/#primaryimage\"},\"image\":{\"@id\":\"https:\\\/\\\/drasanvi.com\\\/fr\\\/producto\\\/bisglicinato-de-zinc-90-comprimidos-sport-live\\\/#primaryimage\"},\"thumbnailUrl\":\"https:\\\/\\\/drasanvi.com\\\/fr\\\/wp-content\\\/uploads\\\/sites\\\/7\\\/2022\\\/02\\\/032057103.png\",\"datePublished\":\"2022-02-28T12:59:06+00:00\",\"dateModified\":\"2022-03-10T12:16:57+00:00\",\"breadcrumb\":{\"@id\":\"https:\\\/\\\/drasanvi.com\\\/fr\\\/producto\\\/bisglicinato-de-zinc-90-comprimidos-sport-live\\\/#breadcrumb\"},\"inLanguage\":\"fr-FR\",\"potentialAction\":[{\"@type\":\"ReadAction\",\"target\":[\"https:\\\/\\\/drasanvi.com\\\/fr\\\/producto\\\/bisglicinato-de-zinc-90-comprimidos-sport-live\\\/\"]}]},{\"@type\":\"ImageObject\",\"inLanguage\":\"fr-FR\",\"@id\":\"https:\\\/\\\/drasanvi.com\\\/fr\\\/producto\\\/bisglicinato-de-zinc-90-comprimidos-sport-live\\\/#primaryimage\",\"url\":\"https:\\\/\\\/drasanvi.com\\\/fr\\\/wp-content\\\/uploads\\\/sites\\\/7\\\/2022\\\/02\\\/032057103.png\",\"contentUrl\":\"https:\\\/\\\/drasanvi.com\\\/fr\\\/wp-content\\\/uploads\\\/sites\\\/7\\\/2022\\\/02\\\/032057103.png\",\"width\":1000,\"height\":1000},{\"@type\":\"BreadcrumbList\",\"@id\":\"https:\\\/\\\/drasanvi.com\\\/fr\\\/producto\\\/bisglicinato-de-zinc-90-comprimidos-sport-live\\\/#breadcrumb\",\"itemListElement\":[{\"@type\":\"ListItem\",\"position\":1,\"name\":\"Portada\",\"item\":\"https:\\\/\\\/drasanvi.com\\\/fr\\\/\"},{\"@type\":\"ListItem\",\"position\":2,\"name\":\"Tienda\",\"item\":\"https:\\\/\\\/drasanvi.com\\\/fr\\\/tienda\\\/\"},{\"@type\":\"ListItem\",\"position\":3,\"name\":\"Bisglicinato de Zinc 90 comprimidos Sport Live\"}]},{\"@type\":\"WebSite\",\"@id\":\"https:\\\/\\\/drasanvi.com\\\/fr\\\/#website\",\"url\":\"https:\\\/\\\/drasanvi.com\\\/fr\\\/\",\"name\":\"Drasanvi Francia\",\"description\":\"L\u00edder en complementos alimenticios y cosm\u00e9tica natural.\",\"publisher\":{\"@id\":\"https:\\\/\\\/drasanvi.com\\\/fr\\\/#organization\"},\"potentialAction\":[{\"@type\":\"SearchAction\",\"target\":{\"@type\":\"EntryPoint\",\"urlTemplate\":\"https:\\\/\\\/drasanvi.com\\\/fr\\\/?s={search_term_string}\"},\"query-input\":{\"@type\":\"PropertyValueSpecification\",\"valueRequired\":true,\"valueName\":\"search_term_string\"}}],\"inLanguage\":\"fr-FR\"},{\"@type\":\"Organization\",\"@id\":\"https:\\\/\\\/drasanvi.com\\\/fr\\\/#organization\",\"name\":\"Drasanvi\",\"url\":\"https:\\\/\\\/drasanvi.com\\\/fr\\\/\",\"logo\":{\"@type\":\"ImageObject\",\"inLanguage\":\"fr-FR\",\"@id\":\"https:\\\/\\\/drasanvi.com\\\/fr\\\/#\\\/schema\\\/logo\\\/image\\\/\",\"url\":\"https:\\\/\\\/drasanvi.com\\\/wp-content\\\/uploads\\\/sites\\\/7\\\/2021\\\/07\\\/logo-drasanvi.png\",\"contentUrl\":\"https:\\\/\\\/drasanvi.com\\\/wp-content\\\/uploads\\\/sites\\\/7\\\/2021\\\/07\\\/logo-drasanvi.png\",\"width\":900,\"height\":300,\"caption\":\"Drasanvi\"},\"image\":{\"@id\":\"https:\\\/\\\/drasanvi.com\\\/fr\\\/#\\\/schema\\\/logo\\\/image\\\/\"}}]}<\/script>\n<!-- \/ Yoast SEO plugin. -->","yoast_head_json":{"title":"Bisglicinato de Zinc 90 comprimidos Sport Live - Drasanvi Francia","robots":{"index":"index","follow":"follow","max-snippet":"max-snippet:-1","max-image-preview":"max-image-preview:large","max-video-preview":"max-video-preview:-1"},"canonical":"https:\/\/drasanvi.com\/fr\/producto\/bisglicinato-de-zinc-90-comprimidos-sport-live\/","og_locale":"fr_FR","og_type":"article","og_title":"Bisglicinato de Zinc 90 comprimidos Sport Live - Drasanvi Francia","og_description":"El Zinc es un mineral esencial para la vida y relacionado con numerosas funciones en el organismo, desde la funci\u00f3n cognitiva hasta el mantenimiento de la visi\u00f3n normal.No obstante hay que elegir una fuente de Zinc con alta biodisponibilidad, por esa raz\u00f3n decidimos a\u00f1adir el Zinc en forma de Bisglicinato, el cual se ha demostrado que se absorbe un 43% m\u00e1s que otras fuentes de zinc m\u00e1s utilizadas como el gluconato.Ficha t\u00e9cnica","og_url":"https:\/\/drasanvi.com\/fr\/producto\/bisglicinato-de-zinc-90-comprimidos-sport-live\/","og_site_name":"Drasanvi Francia","article_modified_time":"2022-03-10T12:16:57+00:00","og_image":[{"width":1000,"height":1000,"url":"https:\/\/drasanvi.com\/wp-content\/uploads\/sites\/7\/2022\/02\/032057103.png","type":"image\/png"}],"twitter_card":"summary_large_image","schema":{"@context":"https:\/\/schema.org","@graph":[{"@type":"WebPage","@id":"https:\/\/drasanvi.com\/fr\/producto\/bisglicinato-de-zinc-90-comprimidos-sport-live\/","url":"https:\/\/drasanvi.com\/fr\/producto\/bisglicinato-de-zinc-90-comprimidos-sport-live\/","name":"Bisglicinato de Zinc 90 comprimidos Sport Live - Drasanvi Francia","isPartOf":{"@id":"https:\/\/drasanvi.com\/fr\/#website"},"primaryImageOfPage":{"@id":"https:\/\/drasanvi.com\/fr\/producto\/bisglicinato-de-zinc-90-comprimidos-sport-live\/#primaryimage"},"image":{"@id":"https:\/\/drasanvi.com\/fr\/producto\/bisglicinato-de-zinc-90-comprimidos-sport-live\/#primaryimage"},"thumbnailUrl":"https:\/\/drasanvi.com\/fr\/wp-content\/uploads\/sites\/7\/2022\/02\/032057103.png","datePublished":"2022-02-28T12:59:06+00:00","dateModified":"2022-03-10T12:16:57+00:00","breadcrumb":{"@id":"https:\/\/drasanvi.com\/fr\/producto\/bisglicinato-de-zinc-90-comprimidos-sport-live\/#breadcrumb"},"inLanguage":"fr-FR","potentialAction":[{"@type":"ReadAction","target":["https:\/\/drasanvi.com\/fr\/producto\/bisglicinato-de-zinc-90-comprimidos-sport-live\/"]}]},{"@type":"ImageObject","inLanguage":"fr-FR","@id":"https:\/\/drasanvi.com\/fr\/producto\/bisglicinato-de-zinc-90-comprimidos-sport-live\/#primaryimage","url":"https:\/\/drasanvi.com\/fr\/wp-content\/uploads\/sites\/7\/2022\/02\/032057103.png","contentUrl":"https:\/\/drasanvi.com\/fr\/wp-content\/uploads\/sites\/7\/2022\/02\/032057103.png","width":1000,"height":1000},{"@type":"BreadcrumbList","@id":"https:\/\/drasanvi.com\/fr\/producto\/bisglicinato-de-zinc-90-comprimidos-sport-live\/#breadcrumb","itemListElement":[{"@type":"ListItem","position":1,"name":"Portada","item":"https:\/\/drasanvi.com\/fr\/"},{"@type":"ListItem","position":2,"name":"Tienda","item":"https:\/\/drasanvi.com\/fr\/tienda\/"},{"@type":"ListItem","position":3,"name":"Bisglicinato de Zinc 90 comprimidos Sport Live"}]},{"@type":"WebSite","@id":"https:\/\/drasanvi.com\/fr\/#website","url":"https:\/\/drasanvi.com\/fr\/","name":"Drasanvi Francia","description":"L\u00edder en complementos alimenticios y cosm\u00e9tica natural.","publisher":{"@id":"https:\/\/drasanvi.com\/fr\/#organization"},"potentialAction":[{"@type":"SearchAction","target":{"@type":"EntryPoint","urlTemplate":"https:\/\/drasanvi.com\/fr\/?s={search_term_string}"},"query-input":{"@type":"PropertyValueSpecification","valueRequired":true,"valueName":"search_term_string"}}],"inLanguage":"fr-FR"},{"@type":"Organization","@id":"https:\/\/drasanvi.com\/fr\/#organization","name":"Drasanvi","url":"https:\/\/drasanvi.com\/fr\/","logo":{"@type":"ImageObject","inLanguage":"fr-FR","@id":"https:\/\/drasanvi.com\/fr\/#\/schema\/logo\/image\/","url":"https:\/\/drasanvi.com\/wp-content\/uploads\/sites\/7\/2021\/07\/logo-drasanvi.png","contentUrl":"https:\/\/drasanvi.com\/wp-content\/uploads\/sites\/7\/2021\/07\/logo-drasanvi.png","width":900,"height":300,"caption":"Drasanvi"},"image":{"@id":"https:\/\/drasanvi.com\/fr\/#\/schema\/logo\/image\/"}}]}},"_links":{"self":[{"href":"https:\/\/drasanvi.com\/fr\/wp-json\/wp\/v2\/product\/19754","targetHints":{"allow":["GET"]}}],"collection":[{"href":"https:\/\/drasanvi.com\/fr\/wp-json\/wp\/v2\/product"}],"about":[{"href":"https:\/\/drasanvi.com\/fr\/wp-json\/wp\/v2\/types\/product"}],"version-history":[{"count":0,"href":"https:\/\/drasanvi.com\/fr\/wp-json\/wp\/v2\/product\/19754\/revisions"}],"wp:featuredmedia":[{"embeddable":true,"href":"https:\/\/drasanvi.com\/fr\/wp-json\/wp\/v2\/media\/19756"}],"wp:attachment":[{"href":"https:\/\/drasanvi.com\/fr\/wp-json\/wp\/v2\/media?parent=19754"}],"wp:term":[{"taxonomy":"product_cat","embeddable":true,"href":"https:\/\/drasanvi.com\/fr\/wp-json\/wp\/v2\/product_cat?post=19754"},{"taxonomy":"product_tag","embeddable":true,"href":"https:\/\/drasanvi.com\/fr\/wp-json\/wp\/v2\/product_tag?post=19754"}],"curies":[{"name":"wp","href":"https:\/\/api.w.org\/{rel}","templated":true}]}}