{"id":19678,"date":"2022-02-28T14:58:13","date_gmt":"2022-02-28T12:58:13","guid":{"rendered":"https:\/\/drasanvi.com\/fr\/producto\/b-complex-90-capsulas-sport-live\/"},"modified":"2022-03-10T14:16:53","modified_gmt":"2022-03-10T12:16:53","slug":"b-complex-90-capsulas-sport-live","status":"publish","type":"product","link":"https:\/\/drasanvi.com\/fr\/producto\/b-complex-90-capsulas-sport-live\/","title":{"rendered":"B complex 90 c\u00e1psulas Sport Live"},"content":{"rendered":"<h2>Ingredientes<\/h2>\n<p>Ingredientes  mg \/ Dosis diaria)      Vitamina B5En forma de \u00e1cido pantot\u00e9nico  .50 mg      Vitamina B1\u00a0En forma de cloridrato de tiamina  . 50 mg      Vitamina B2En forma de rivobina  .50 mg      Vitamina B3En forma de niacina  . 50 mg      Inositol  50 mg      Colina  21 mg      Vitamina B6En forma de\u00a0 piridoxina clorhidrato  .25 mg      Vitamina B12En forma de cianocobalamina  5 mg      \u00c1cido f\u00f3lico  400 \u00b5g      Biotina  50 \u00b5g      Otros ingredientes:\u00a0Hidroxipropilmetilcelulosa (envoltura), celulosa microcristalina (agente de carga), estearato de magnesio (agente de carga), di\u00f3xido de silicio (antiaglomerante)  \u00a0        Sin colorantes, conservantes ni az\u00facares a\u00f1adidos.<\/p>\n<h2>Modo de uso<\/h2>\n<p>Tomar una capsula al d\u00eda en una de las principales comidas.<\/p>\n<h3>Presentaci\u00f3n<\/h3>\n<p>90 c\u00e1psulas de 467mg. Peso neto 42g (1.48oz)<\/p>\n<h3>Advertencias<\/h3>\n<p>&nbsp;COMPLEMENTO ALIMENTICIO A BASE DE MINERALES. No superar la dosis diaria expresamente recomendada; Los complementos alimenticios no deben utilizarse como sustituto de una dieta equilibrada; Mantener fuera del alcance de los ni&ntilde;os m&aacute;s peque&ntilde;os Conservar en un lugar fresco y seco.<\/p>\n<h2>Informaci\u00f3n adicional<\/h2>\n<p>Ingrediente  descripcion  mg\/dosis diaria      Agente de recubrimiento  (Hidroxipropilmetilcelulosa  96 mg      Agente de carga  (aCelulosa microcristalina)  55 mg      Vitamina B5  (\u00e1cido pantot\u00e9nico)  50 mg      Vitamina B1  (clorhidrato de tiamina)  50 mg      Vitamina B2  (riboflavina)  50 mg      Vitamina B3  (niacina)  50 mg      Inositol  \u00a0  50 mg      Vitamina B6  (piridoxina clorhidrato)  25 mg      Colina  \u00a0  21 mg      Agente de carga\u00a0  (Estearato de magnesio)  10 mg      Vitamina B12  (Cianocobalamina 0.1%)  5 mg      Antiaglomerante  (Di\u00f3xido de silicio)  5 mg      \u00c1cido f\u00f3lico  \u00a0  400 \u00b5g      Biotina  \u00a0  50 \u00b5g        \u00a0<\/p>\n<p>por dosis diaria (1 c\u00e1psula)        Ingrediente  Porcentaje  Cantidad      Vitamina B5  833%  50mg      Vitamina\u00a0 B1  4545%  50mg      Vitamina B2  3571%  50mg      Vitamina B3  312%  50mg      Vitamina B6  1786%  25mg      Biotina  100%  50\u00b5g      \u00c1cido f\u00f3lico  200%  400\u00b5g      Vitamina B12  200%  5\u00b5g        % VRN (Valores de Referencia de Nutrientes)<\/p>\n","protected":false},"excerpt":{"rendered":"<p>Las Vitaminas del complejo B, son muy importantes en el mundo del deporte, por su participacion en el metabolismo. El complejo B lo forman 8 vitaminas solubles en agua:\u00a0 Tiamina (vitamina B1), riboflavina (Vitamina B2), niacina (Vitamina B3), \u00e1cido pantot\u00e9nico (vitamina B5), piridoxina (vitamina B6), biotina (vitamina B7), \u00e1cido folico (vitamina B9), cobalamina (vitamina B12).<br \/><a id=\"boton-ficha\" href=\"https:\/\/panel.drasanvi.com\/fichas\/1\/032050612\" target=\"_blank\" rel=\"noopener\">Ficha t\u00e9cnica<\/a><\/p>\n","protected":false},"featured_media":19680,"template":"","meta":{"inline_featured_image":false},"product_cat":[97],"product_tag":[],"class_list":["post-19678","product","type-product","status-publish","has-post-thumbnail","hentry","product_cat-deporte","pa_contiene-altramuces-no","pa_contiene-apio-no","pa_contiene-cacahuetes-no","pa_contiene-crustaceos-no","pa_contiene-frutos-secos-no","pa_contiene-huevo-no","pa_contiene-leche-no","pa_contiene-moluscos-no","pa_contiene-mostaza-no","pa_contiene-pescado-no","pa_contiene-sesamo-no","pa_contiene-soja-no","pa_producto-bio-no","pa_producto-sin-gluten-si","pa_producto-vegano-no","pa_producto-vegetariano-no"],"yoast_head":"<!-- This site is optimized with the Yoast SEO plugin v27.5 - https:\/\/yoast.com\/product\/yoast-seo-wordpress\/ -->\n<title>B complex 90 c\u00e1psulas Sport Live - Drasanvi Francia<\/title>\n<meta name=\"robots\" content=\"index, follow, max-snippet:-1, max-image-preview:large, max-video-preview:-1\" \/>\n<link rel=\"canonical\" href=\"https:\/\/drasanvi.com\/fr\/producto\/b-complex-90-capsulas-sport-live\/\" \/>\n<meta property=\"og:locale\" content=\"fr_FR\" \/>\n<meta property=\"og:type\" content=\"article\" \/>\n<meta property=\"og:title\" content=\"B complex 90 c\u00e1psulas Sport Live - Drasanvi Francia\" \/>\n<meta property=\"og:description\" content=\"Las Vitaminas del complejo B, son muy importantes en el mundo del deporte, por su participacion en el metabolismo. El complejo B lo forman 8 vitaminas solubles en agua:\u00a0 Tiamina (vitamina B1), riboflavina (Vitamina B2), niacina (Vitamina B3), \u00e1cido pantot\u00e9nico (vitamina B5), piridoxina (vitamina B6), biotina (vitamina B7), \u00e1cido folico (vitamina B9), cobalamina (vitamina B12).Ficha t\u00e9cnica\" \/>\n<meta property=\"og:url\" content=\"https:\/\/drasanvi.com\/fr\/producto\/b-complex-90-capsulas-sport-live\/\" \/>\n<meta property=\"og:site_name\" content=\"Drasanvi Francia\" \/>\n<meta property=\"article:modified_time\" content=\"2022-03-10T12:16:53+00:00\" \/>\n<meta property=\"og:image\" content=\"https:\/\/drasanvi.com\/wp-content\/uploads\/sites\/7\/2022\/02\/032050612.png\" \/>\n\t<meta property=\"og:image:width\" content=\"1000\" \/>\n\t<meta property=\"og:image:height\" content=\"1001\" \/>\n\t<meta property=\"og:image:type\" content=\"image\/png\" \/>\n<meta name=\"twitter:card\" content=\"summary_large_image\" \/>\n<script type=\"application\/ld+json\" class=\"yoast-schema-graph\">{\"@context\":\"https:\\\/\\\/schema.org\",\"@graph\":[{\"@type\":\"WebPage\",\"@id\":\"https:\\\/\\\/drasanvi.com\\\/fr\\\/producto\\\/b-complex-90-capsulas-sport-live\\\/\",\"url\":\"https:\\\/\\\/drasanvi.com\\\/fr\\\/producto\\\/b-complex-90-capsulas-sport-live\\\/\",\"name\":\"B complex 90 c\u00e1psulas Sport Live - Drasanvi Francia\",\"isPartOf\":{\"@id\":\"https:\\\/\\\/drasanvi.com\\\/fr\\\/#website\"},\"primaryImageOfPage\":{\"@id\":\"https:\\\/\\\/drasanvi.com\\\/fr\\\/producto\\\/b-complex-90-capsulas-sport-live\\\/#primaryimage\"},\"image\":{\"@id\":\"https:\\\/\\\/drasanvi.com\\\/fr\\\/producto\\\/b-complex-90-capsulas-sport-live\\\/#primaryimage\"},\"thumbnailUrl\":\"https:\\\/\\\/drasanvi.com\\\/fr\\\/wp-content\\\/uploads\\\/sites\\\/7\\\/2022\\\/02\\\/032050612.png\",\"datePublished\":\"2022-02-28T12:58:13+00:00\",\"dateModified\":\"2022-03-10T12:16:53+00:00\",\"breadcrumb\":{\"@id\":\"https:\\\/\\\/drasanvi.com\\\/fr\\\/producto\\\/b-complex-90-capsulas-sport-live\\\/#breadcrumb\"},\"inLanguage\":\"fr-FR\",\"potentialAction\":[{\"@type\":\"ReadAction\",\"target\":[\"https:\\\/\\\/drasanvi.com\\\/fr\\\/producto\\\/b-complex-90-capsulas-sport-live\\\/\"]}]},{\"@type\":\"ImageObject\",\"inLanguage\":\"fr-FR\",\"@id\":\"https:\\\/\\\/drasanvi.com\\\/fr\\\/producto\\\/b-complex-90-capsulas-sport-live\\\/#primaryimage\",\"url\":\"https:\\\/\\\/drasanvi.com\\\/fr\\\/wp-content\\\/uploads\\\/sites\\\/7\\\/2022\\\/02\\\/032050612.png\",\"contentUrl\":\"https:\\\/\\\/drasanvi.com\\\/fr\\\/wp-content\\\/uploads\\\/sites\\\/7\\\/2022\\\/02\\\/032050612.png\",\"width\":1000,\"height\":1001},{\"@type\":\"BreadcrumbList\",\"@id\":\"https:\\\/\\\/drasanvi.com\\\/fr\\\/producto\\\/b-complex-90-capsulas-sport-live\\\/#breadcrumb\",\"itemListElement\":[{\"@type\":\"ListItem\",\"position\":1,\"name\":\"Portada\",\"item\":\"https:\\\/\\\/drasanvi.com\\\/fr\\\/\"},{\"@type\":\"ListItem\",\"position\":2,\"name\":\"Tienda\",\"item\":\"https:\\\/\\\/drasanvi.com\\\/fr\\\/tienda\\\/\"},{\"@type\":\"ListItem\",\"position\":3,\"name\":\"B complex 90 c\u00e1psulas Sport Live\"}]},{\"@type\":\"WebSite\",\"@id\":\"https:\\\/\\\/drasanvi.com\\\/fr\\\/#website\",\"url\":\"https:\\\/\\\/drasanvi.com\\\/fr\\\/\",\"name\":\"Drasanvi Francia\",\"description\":\"L\u00edder en complementos alimenticios y cosm\u00e9tica natural.\",\"publisher\":{\"@id\":\"https:\\\/\\\/drasanvi.com\\\/fr\\\/#organization\"},\"potentialAction\":[{\"@type\":\"SearchAction\",\"target\":{\"@type\":\"EntryPoint\",\"urlTemplate\":\"https:\\\/\\\/drasanvi.com\\\/fr\\\/?s={search_term_string}\"},\"query-input\":{\"@type\":\"PropertyValueSpecification\",\"valueRequired\":true,\"valueName\":\"search_term_string\"}}],\"inLanguage\":\"fr-FR\"},{\"@type\":\"Organization\",\"@id\":\"https:\\\/\\\/drasanvi.com\\\/fr\\\/#organization\",\"name\":\"Drasanvi\",\"url\":\"https:\\\/\\\/drasanvi.com\\\/fr\\\/\",\"logo\":{\"@type\":\"ImageObject\",\"inLanguage\":\"fr-FR\",\"@id\":\"https:\\\/\\\/drasanvi.com\\\/fr\\\/#\\\/schema\\\/logo\\\/image\\\/\",\"url\":\"https:\\\/\\\/drasanvi.com\\\/wp-content\\\/uploads\\\/sites\\\/7\\\/2021\\\/07\\\/logo-drasanvi.png\",\"contentUrl\":\"https:\\\/\\\/drasanvi.com\\\/wp-content\\\/uploads\\\/sites\\\/7\\\/2021\\\/07\\\/logo-drasanvi.png\",\"width\":900,\"height\":300,\"caption\":\"Drasanvi\"},\"image\":{\"@id\":\"https:\\\/\\\/drasanvi.com\\\/fr\\\/#\\\/schema\\\/logo\\\/image\\\/\"}}]}<\/script>\n<!-- \/ Yoast SEO plugin. -->","yoast_head_json":{"title":"B complex 90 c\u00e1psulas Sport Live - Drasanvi Francia","robots":{"index":"index","follow":"follow","max-snippet":"max-snippet:-1","max-image-preview":"max-image-preview:large","max-video-preview":"max-video-preview:-1"},"canonical":"https:\/\/drasanvi.com\/fr\/producto\/b-complex-90-capsulas-sport-live\/","og_locale":"fr_FR","og_type":"article","og_title":"B complex 90 c\u00e1psulas Sport Live - Drasanvi Francia","og_description":"Las Vitaminas del complejo B, son muy importantes en el mundo del deporte, por su participacion en el metabolismo. El complejo B lo forman 8 vitaminas solubles en agua:\u00a0 Tiamina (vitamina B1), riboflavina (Vitamina B2), niacina (Vitamina B3), \u00e1cido pantot\u00e9nico (vitamina B5), piridoxina (vitamina B6), biotina (vitamina B7), \u00e1cido folico (vitamina B9), cobalamina (vitamina B12).Ficha t\u00e9cnica","og_url":"https:\/\/drasanvi.com\/fr\/producto\/b-complex-90-capsulas-sport-live\/","og_site_name":"Drasanvi Francia","article_modified_time":"2022-03-10T12:16:53+00:00","og_image":[{"width":1000,"height":1001,"url":"https:\/\/drasanvi.com\/wp-content\/uploads\/sites\/7\/2022\/02\/032050612.png","type":"image\/png"}],"twitter_card":"summary_large_image","schema":{"@context":"https:\/\/schema.org","@graph":[{"@type":"WebPage","@id":"https:\/\/drasanvi.com\/fr\/producto\/b-complex-90-capsulas-sport-live\/","url":"https:\/\/drasanvi.com\/fr\/producto\/b-complex-90-capsulas-sport-live\/","name":"B complex 90 c\u00e1psulas Sport Live - Drasanvi Francia","isPartOf":{"@id":"https:\/\/drasanvi.com\/fr\/#website"},"primaryImageOfPage":{"@id":"https:\/\/drasanvi.com\/fr\/producto\/b-complex-90-capsulas-sport-live\/#primaryimage"},"image":{"@id":"https:\/\/drasanvi.com\/fr\/producto\/b-complex-90-capsulas-sport-live\/#primaryimage"},"thumbnailUrl":"https:\/\/drasanvi.com\/fr\/wp-content\/uploads\/sites\/7\/2022\/02\/032050612.png","datePublished":"2022-02-28T12:58:13+00:00","dateModified":"2022-03-10T12:16:53+00:00","breadcrumb":{"@id":"https:\/\/drasanvi.com\/fr\/producto\/b-complex-90-capsulas-sport-live\/#breadcrumb"},"inLanguage":"fr-FR","potentialAction":[{"@type":"ReadAction","target":["https:\/\/drasanvi.com\/fr\/producto\/b-complex-90-capsulas-sport-live\/"]}]},{"@type":"ImageObject","inLanguage":"fr-FR","@id":"https:\/\/drasanvi.com\/fr\/producto\/b-complex-90-capsulas-sport-live\/#primaryimage","url":"https:\/\/drasanvi.com\/fr\/wp-content\/uploads\/sites\/7\/2022\/02\/032050612.png","contentUrl":"https:\/\/drasanvi.com\/fr\/wp-content\/uploads\/sites\/7\/2022\/02\/032050612.png","width":1000,"height":1001},{"@type":"BreadcrumbList","@id":"https:\/\/drasanvi.com\/fr\/producto\/b-complex-90-capsulas-sport-live\/#breadcrumb","itemListElement":[{"@type":"ListItem","position":1,"name":"Portada","item":"https:\/\/drasanvi.com\/fr\/"},{"@type":"ListItem","position":2,"name":"Tienda","item":"https:\/\/drasanvi.com\/fr\/tienda\/"},{"@type":"ListItem","position":3,"name":"B complex 90 c\u00e1psulas Sport Live"}]},{"@type":"WebSite","@id":"https:\/\/drasanvi.com\/fr\/#website","url":"https:\/\/drasanvi.com\/fr\/","name":"Drasanvi Francia","description":"L\u00edder en complementos alimenticios y cosm\u00e9tica natural.","publisher":{"@id":"https:\/\/drasanvi.com\/fr\/#organization"},"potentialAction":[{"@type":"SearchAction","target":{"@type":"EntryPoint","urlTemplate":"https:\/\/drasanvi.com\/fr\/?s={search_term_string}"},"query-input":{"@type":"PropertyValueSpecification","valueRequired":true,"valueName":"search_term_string"}}],"inLanguage":"fr-FR"},{"@type":"Organization","@id":"https:\/\/drasanvi.com\/fr\/#organization","name":"Drasanvi","url":"https:\/\/drasanvi.com\/fr\/","logo":{"@type":"ImageObject","inLanguage":"fr-FR","@id":"https:\/\/drasanvi.com\/fr\/#\/schema\/logo\/image\/","url":"https:\/\/drasanvi.com\/wp-content\/uploads\/sites\/7\/2021\/07\/logo-drasanvi.png","contentUrl":"https:\/\/drasanvi.com\/wp-content\/uploads\/sites\/7\/2021\/07\/logo-drasanvi.png","width":900,"height":300,"caption":"Drasanvi"},"image":{"@id":"https:\/\/drasanvi.com\/fr\/#\/schema\/logo\/image\/"}}]}},"_links":{"self":[{"href":"https:\/\/drasanvi.com\/fr\/wp-json\/wp\/v2\/product\/19678","targetHints":{"allow":["GET"]}}],"collection":[{"href":"https:\/\/drasanvi.com\/fr\/wp-json\/wp\/v2\/product"}],"about":[{"href":"https:\/\/drasanvi.com\/fr\/wp-json\/wp\/v2\/types\/product"}],"version-history":[{"count":0,"href":"https:\/\/drasanvi.com\/fr\/wp-json\/wp\/v2\/product\/19678\/revisions"}],"wp:featuredmedia":[{"embeddable":true,"href":"https:\/\/drasanvi.com\/fr\/wp-json\/wp\/v2\/media\/19680"}],"wp:attachment":[{"href":"https:\/\/drasanvi.com\/fr\/wp-json\/wp\/v2\/media?parent=19678"}],"wp:term":[{"taxonomy":"product_cat","embeddable":true,"href":"https:\/\/drasanvi.com\/fr\/wp-json\/wp\/v2\/product_cat?post=19678"},{"taxonomy":"product_tag","embeddable":true,"href":"https:\/\/drasanvi.com\/fr\/wp-json\/wp\/v2\/product_tag?post=19678"}],"curies":[{"name":"wp","href":"https:\/\/api.w.org\/{rel}","templated":true}]}}