{"id":19594,"date":"2022-02-28T14:56:48","date_gmt":"2022-02-28T12:56:48","guid":{"rendered":"https:\/\/drasanvi.com\/fr\/producto\/aceite-vegetal-jojoba-bio-ecocert\/"},"modified":"2022-03-10T14:16:48","modified_gmt":"2022-03-10T12:16:48","slug":"aceite-vegetal-jojoba-bio-ecocert","status":"publish","type":"product","link":"https:\/\/drasanvi.com\/fr\/producto\/aceite-vegetal-jojoba-bio-ecocert\/","title":{"rendered":"Aceite Vegetal Jojoba BIO ECOCERT"},"content":{"rendered":"<h2>Ingredientes<\/h2>\n<h2>Modo de uso<\/h2>\n<p>Aplicar en la piel y masajear hasta su completa absorci\u00f3n.<\/p>\n<h3>Presentaci\u00f3n<\/h3>\n<p>Envase de 50 ml (1.75 fl oz)<\/p>\n<h3>Advertencias<\/h3>\n<p>&nbsp;Mantener fuera del alcance de los ni&ntilde;os m&aacute;s peque&ntilde;os. Conservar en un lugar fresco y seco.&nbsp;&nbsp;<\/p>\n<h2>Informaci\u00f3n adicional<\/h2>\n<p>Ingredients: Simmondsia sinensis* oil, tocopherol. *Ingredientes procedentes de la Agricultura Ecol\u00f3gica. *El 99.7% del total de los ingredientes procede de la Agricultura Ecol\u00f3gica. *100% del total es de origen natural. COSMOS ORGANIC certificado por Ecocert Greenlife seg\u00fan el est\u00e1ndar COSMOS disponible en http:\/\/cosmos.ecocert.com<\/p>\n","protected":false},"excerpt":{"rendered":"<p>La jojoba es un arbusto procedente de los desiertos de M\u00e9xico y Estados Unidos. Es el \u00fanico vegetal que produce una cera l\u00edquida (\u00e9ster), adem\u00e1s, muy similar al sebo humano. Tanto en cosm\u00e9tica natural o ecol\u00f3gica, el aceite vegetal de jojoba es muy usado, ya que se adapta a todo tipo de pieles, proporcionando un efecto seborregulador.  El aceite vegetal de Jojoba de Vitaroms es obtenido por primera presi\u00f3n en fr\u00edo de las semillas maduras de Simmondsia sinensis. Esto nos asegura que todos sus componentes se mantengan intactos, proporcionando, as\u00ed, grandes beneficios al organismo. Contiene un 80% de \u00e1cidos grasos monoinsaturados y ceramidas. Su textura es espesa, aunque de f\u00e1cil manejo. Penetra muy f\u00e1cilmente y proporciona una tez satinada, incluso en pieles grasas.<br \/><a id=\"boton-ficha\" href=\"https:\/\/panel.drasanvi.com\/fichas\/1\/032060777\" target=\"_blank\" rel=\"noopener\">Ficha t\u00e9cnica<\/a><\/p>\n","protected":false},"featured_media":0,"template":"","meta":{"inline_featured_image":false},"product_cat":[87],"product_tag":[],"class_list":["post-19594","product","type-product","status-publish","hentry","product_cat-acide-urique","pa_contiene-altramuces-no","pa_contiene-apio-no","pa_contiene-cacahuetes-no","pa_contiene-crustaceos-no","pa_contiene-frutos-secos-no","pa_contiene-huevo-no","pa_contiene-leche-no","pa_contiene-moluscos-no","pa_contiene-mostaza-no","pa_contiene-pescado-no","pa_contiene-sesamo-no","pa_contiene-soja-no","pa_producto-bio-si","pa_producto-sin-gluten-si","pa_producto-vegano-si","pa_producto-vegetariano-si"],"yoast_head":"<!-- This site is optimized with the Yoast SEO plugin v27.5 - https:\/\/yoast.com\/product\/yoast-seo-wordpress\/ -->\n<title>Aceite Vegetal Jojoba BIO ECOCERT - Drasanvi Francia<\/title>\n<meta name=\"robots\" content=\"index, follow, max-snippet:-1, max-image-preview:large, max-video-preview:-1\" \/>\n<link rel=\"canonical\" href=\"https:\/\/drasanvi.com\/fr\/producto\/aceite-vegetal-jojoba-bio-ecocert\/\" \/>\n<meta property=\"og:locale\" content=\"fr_FR\" \/>\n<meta property=\"og:type\" content=\"article\" \/>\n<meta property=\"og:title\" content=\"Aceite Vegetal Jojoba BIO ECOCERT - Drasanvi Francia\" \/>\n<meta property=\"og:description\" content=\"La jojoba es un arbusto procedente de los desiertos de M\u00e9xico y Estados Unidos. Es el \u00fanico vegetal que produce una cera l\u00edquida (\u00e9ster), adem\u00e1s, muy similar al sebo humano. Tanto en cosm\u00e9tica natural o ecol\u00f3gica, el aceite vegetal de jojoba es muy usado, ya que se adapta a todo tipo de pieles, proporcionando un efecto seborregulador. El aceite vegetal de Jojoba de Vitaroms es obtenido por primera presi\u00f3n en fr\u00edo de las semillas maduras de Simmondsia sinensis. Esto nos asegura que todos sus componentes se mantengan intactos, proporcionando, as\u00ed, grandes beneficios al organismo. Contiene un 80% de \u00e1cidos grasos monoinsaturados y ceramidas. Su textura es espesa, aunque de f\u00e1cil manejo. Penetra muy f\u00e1cilmente y proporciona una tez satinada, incluso en pieles grasas.Ficha t\u00e9cnica\" \/>\n<meta property=\"og:url\" content=\"https:\/\/drasanvi.com\/fr\/producto\/aceite-vegetal-jojoba-bio-ecocert\/\" \/>\n<meta property=\"og:site_name\" content=\"Drasanvi Francia\" \/>\n<meta property=\"article:modified_time\" content=\"2022-03-10T12:16:48+00:00\" \/>\n<meta name=\"twitter:card\" content=\"summary_large_image\" \/>\n<script type=\"application\/ld+json\" class=\"yoast-schema-graph\">{\"@context\":\"https:\\\/\\\/schema.org\",\"@graph\":[{\"@type\":\"WebPage\",\"@id\":\"https:\\\/\\\/drasanvi.com\\\/fr\\\/producto\\\/aceite-vegetal-jojoba-bio-ecocert\\\/\",\"url\":\"https:\\\/\\\/drasanvi.com\\\/fr\\\/producto\\\/aceite-vegetal-jojoba-bio-ecocert\\\/\",\"name\":\"Aceite Vegetal Jojoba BIO ECOCERT - Drasanvi Francia\",\"isPartOf\":{\"@id\":\"https:\\\/\\\/drasanvi.com\\\/fr\\\/#website\"},\"datePublished\":\"2022-02-28T12:56:48+00:00\",\"dateModified\":\"2022-03-10T12:16:48+00:00\",\"breadcrumb\":{\"@id\":\"https:\\\/\\\/drasanvi.com\\\/fr\\\/producto\\\/aceite-vegetal-jojoba-bio-ecocert\\\/#breadcrumb\"},\"inLanguage\":\"fr-FR\",\"potentialAction\":[{\"@type\":\"ReadAction\",\"target\":[\"https:\\\/\\\/drasanvi.com\\\/fr\\\/producto\\\/aceite-vegetal-jojoba-bio-ecocert\\\/\"]}]},{\"@type\":\"BreadcrumbList\",\"@id\":\"https:\\\/\\\/drasanvi.com\\\/fr\\\/producto\\\/aceite-vegetal-jojoba-bio-ecocert\\\/#breadcrumb\",\"itemListElement\":[{\"@type\":\"ListItem\",\"position\":1,\"name\":\"Portada\",\"item\":\"https:\\\/\\\/drasanvi.com\\\/fr\\\/\"},{\"@type\":\"ListItem\",\"position\":2,\"name\":\"Tienda\",\"item\":\"https:\\\/\\\/drasanvi.com\\\/fr\\\/tienda\\\/\"},{\"@type\":\"ListItem\",\"position\":3,\"name\":\"Aceite Vegetal Jojoba BIO ECOCERT\"}]},{\"@type\":\"WebSite\",\"@id\":\"https:\\\/\\\/drasanvi.com\\\/fr\\\/#website\",\"url\":\"https:\\\/\\\/drasanvi.com\\\/fr\\\/\",\"name\":\"Drasanvi Francia\",\"description\":\"L\u00edder en complementos alimenticios y cosm\u00e9tica natural.\",\"publisher\":{\"@id\":\"https:\\\/\\\/drasanvi.com\\\/fr\\\/#organization\"},\"potentialAction\":[{\"@type\":\"SearchAction\",\"target\":{\"@type\":\"EntryPoint\",\"urlTemplate\":\"https:\\\/\\\/drasanvi.com\\\/fr\\\/?s={search_term_string}\"},\"query-input\":{\"@type\":\"PropertyValueSpecification\",\"valueRequired\":true,\"valueName\":\"search_term_string\"}}],\"inLanguage\":\"fr-FR\"},{\"@type\":\"Organization\",\"@id\":\"https:\\\/\\\/drasanvi.com\\\/fr\\\/#organization\",\"name\":\"Drasanvi\",\"url\":\"https:\\\/\\\/drasanvi.com\\\/fr\\\/\",\"logo\":{\"@type\":\"ImageObject\",\"inLanguage\":\"fr-FR\",\"@id\":\"https:\\\/\\\/drasanvi.com\\\/fr\\\/#\\\/schema\\\/logo\\\/image\\\/\",\"url\":\"https:\\\/\\\/drasanvi.com\\\/wp-content\\\/uploads\\\/sites\\\/7\\\/2021\\\/07\\\/logo-drasanvi.png\",\"contentUrl\":\"https:\\\/\\\/drasanvi.com\\\/wp-content\\\/uploads\\\/sites\\\/7\\\/2021\\\/07\\\/logo-drasanvi.png\",\"width\":900,\"height\":300,\"caption\":\"Drasanvi\"},\"image\":{\"@id\":\"https:\\\/\\\/drasanvi.com\\\/fr\\\/#\\\/schema\\\/logo\\\/image\\\/\"}}]}<\/script>\n<!-- \/ Yoast SEO plugin. -->","yoast_head_json":{"title":"Aceite Vegetal Jojoba BIO ECOCERT - Drasanvi Francia","robots":{"index":"index","follow":"follow","max-snippet":"max-snippet:-1","max-image-preview":"max-image-preview:large","max-video-preview":"max-video-preview:-1"},"canonical":"https:\/\/drasanvi.com\/fr\/producto\/aceite-vegetal-jojoba-bio-ecocert\/","og_locale":"fr_FR","og_type":"article","og_title":"Aceite Vegetal Jojoba BIO ECOCERT - Drasanvi Francia","og_description":"La jojoba es un arbusto procedente de los desiertos de M\u00e9xico y Estados Unidos. Es el \u00fanico vegetal que produce una cera l\u00edquida (\u00e9ster), adem\u00e1s, muy similar al sebo humano. Tanto en cosm\u00e9tica natural o ecol\u00f3gica, el aceite vegetal de jojoba es muy usado, ya que se adapta a todo tipo de pieles, proporcionando un efecto seborregulador. El aceite vegetal de Jojoba de Vitaroms es obtenido por primera presi\u00f3n en fr\u00edo de las semillas maduras de Simmondsia sinensis. Esto nos asegura que todos sus componentes se mantengan intactos, proporcionando, as\u00ed, grandes beneficios al organismo. Contiene un 80% de \u00e1cidos grasos monoinsaturados y ceramidas. Su textura es espesa, aunque de f\u00e1cil manejo. Penetra muy f\u00e1cilmente y proporciona una tez satinada, incluso en pieles grasas.Ficha t\u00e9cnica","og_url":"https:\/\/drasanvi.com\/fr\/producto\/aceite-vegetal-jojoba-bio-ecocert\/","og_site_name":"Drasanvi Francia","article_modified_time":"2022-03-10T12:16:48+00:00","twitter_card":"summary_large_image","schema":{"@context":"https:\/\/schema.org","@graph":[{"@type":"WebPage","@id":"https:\/\/drasanvi.com\/fr\/producto\/aceite-vegetal-jojoba-bio-ecocert\/","url":"https:\/\/drasanvi.com\/fr\/producto\/aceite-vegetal-jojoba-bio-ecocert\/","name":"Aceite Vegetal Jojoba BIO ECOCERT - Drasanvi Francia","isPartOf":{"@id":"https:\/\/drasanvi.com\/fr\/#website"},"datePublished":"2022-02-28T12:56:48+00:00","dateModified":"2022-03-10T12:16:48+00:00","breadcrumb":{"@id":"https:\/\/drasanvi.com\/fr\/producto\/aceite-vegetal-jojoba-bio-ecocert\/#breadcrumb"},"inLanguage":"fr-FR","potentialAction":[{"@type":"ReadAction","target":["https:\/\/drasanvi.com\/fr\/producto\/aceite-vegetal-jojoba-bio-ecocert\/"]}]},{"@type":"BreadcrumbList","@id":"https:\/\/drasanvi.com\/fr\/producto\/aceite-vegetal-jojoba-bio-ecocert\/#breadcrumb","itemListElement":[{"@type":"ListItem","position":1,"name":"Portada","item":"https:\/\/drasanvi.com\/fr\/"},{"@type":"ListItem","position":2,"name":"Tienda","item":"https:\/\/drasanvi.com\/fr\/tienda\/"},{"@type":"ListItem","position":3,"name":"Aceite Vegetal Jojoba BIO ECOCERT"}]},{"@type":"WebSite","@id":"https:\/\/drasanvi.com\/fr\/#website","url":"https:\/\/drasanvi.com\/fr\/","name":"Drasanvi Francia","description":"L\u00edder en complementos alimenticios y cosm\u00e9tica natural.","publisher":{"@id":"https:\/\/drasanvi.com\/fr\/#organization"},"potentialAction":[{"@type":"SearchAction","target":{"@type":"EntryPoint","urlTemplate":"https:\/\/drasanvi.com\/fr\/?s={search_term_string}"},"query-input":{"@type":"PropertyValueSpecification","valueRequired":true,"valueName":"search_term_string"}}],"inLanguage":"fr-FR"},{"@type":"Organization","@id":"https:\/\/drasanvi.com\/fr\/#organization","name":"Drasanvi","url":"https:\/\/drasanvi.com\/fr\/","logo":{"@type":"ImageObject","inLanguage":"fr-FR","@id":"https:\/\/drasanvi.com\/fr\/#\/schema\/logo\/image\/","url":"https:\/\/drasanvi.com\/wp-content\/uploads\/sites\/7\/2021\/07\/logo-drasanvi.png","contentUrl":"https:\/\/drasanvi.com\/wp-content\/uploads\/sites\/7\/2021\/07\/logo-drasanvi.png","width":900,"height":300,"caption":"Drasanvi"},"image":{"@id":"https:\/\/drasanvi.com\/fr\/#\/schema\/logo\/image\/"}}]}},"_links":{"self":[{"href":"https:\/\/drasanvi.com\/fr\/wp-json\/wp\/v2\/product\/19594","targetHints":{"allow":["GET"]}}],"collection":[{"href":"https:\/\/drasanvi.com\/fr\/wp-json\/wp\/v2\/product"}],"about":[{"href":"https:\/\/drasanvi.com\/fr\/wp-json\/wp\/v2\/types\/product"}],"version-history":[{"count":0,"href":"https:\/\/drasanvi.com\/fr\/wp-json\/wp\/v2\/product\/19594\/revisions"}],"wp:attachment":[{"href":"https:\/\/drasanvi.com\/fr\/wp-json\/wp\/v2\/media?parent=19594"}],"wp:term":[{"taxonomy":"product_cat","embeddable":true,"href":"https:\/\/drasanvi.com\/fr\/wp-json\/wp\/v2\/product_cat?post=19594"},{"taxonomy":"product_tag","embeddable":true,"href":"https:\/\/drasanvi.com\/fr\/wp-json\/wp\/v2\/product_tag?post=19594"}],"curies":[{"name":"wp","href":"https:\/\/api.w.org\/{rel}","templated":true}]}}