{"id":19012,"date":"2022-02-11T12:06:54","date_gmt":"2022-02-11T10:06:54","guid":{"rendered":"https:\/\/drasanvi.com\/fr\/producto\/espelta-hinchada-bio-250-g-ecosana\/"},"modified":"2022-03-10T14:16:34","modified_gmt":"2022-03-10T12:16:34","slug":"espelta-hinchada-bio-250-g-ecosana","status":"publish","type":"product","link":"https:\/\/drasanvi.com\/fr\/producto\/espelta-hinchada-bio-250-g-ecosana\/","title":{"rendered":"Espelta Hinchada Bio 250 g Ecosana"},"content":{"rendered":"<h2>Ingredientes<\/h2>\n<p>ESPELTA HINCHADA*  *Procedente de Agricultura Ecol\u00f3gica.<\/p>\n<h2>Tabla nutricional<\/h2>\n<p>Por cada 100 g        \u00a0  Cantidad\u00a0      Valor energ\u00e9tico  1461 kJ\/ 344 kcal      Grasas de las cuales saturadas  1,70 g 0,10 g      Hidratos de carbono de los cuales az\u00facares  60,90 g 0,30\u00a0g      Fibra  10 g      Prote\u00ednas  17 g      Sal  0,00025 g<\/p>\n<h3>Modo de uso<\/h3>\n<p>No requiere remojo ni cocci\u00f3n.  Puedes tomarla a cualquier hora del d\u00eda! En tus desayunos, sola o mezclada con otros cereales o a\u00f1adirla a tus ensaladas, macedonias de frutas, yogur, batidos, zumos&#8230;<\/p>\n<h3>Advertencias<\/h3>\n<p>Mantener en un lugar fresco y seco.Contiene Gluten. Puede contener trazas de Soja, Frutos de c&aacute;scara y S&eacute;samo.<\/p>\n","protected":false},"excerpt":{"rendered":"<p>La Espelta Hinchada\u00a0Bio de ECOSANA\u00a0se obtiene exclusivamente del grano de espelta 100% procedente de agricultura ecol\u00f3gica,\u00a0respetando los ciclos naturales de las plantas y sin el empleo de organismos modificados gen\u00e9ticamente, pesticidas, plaguicidas o qu\u00edmicos de cualquier tipo,\u00a0 contribuyendo as\u00ed con el cuidado del Medio Ambiente. La espelta se trata de un cereal muy interesante por su aporte en prote\u00ednas de gran calidad, ya que posee altas cantidades en lisina y en tript\u00f3fano. Adem\u00e1s, es una estupenda fuente de minerales y vitaminas. Es una forma ideal de consumir hidratos de carbono complejos, de absorci\u00f3n lenta. Posee un alto contenido de fibra.\u00a0<br \/><strong>Contenido:<\/strong>Envase de 250 g<\/p>\n<p><a id=\"boton-ficha\" href=\"https:\/\/panel.drasanvi.com\/fichas\/1\/467010436\" target=\"_blank\" rel=\"noopener\">Ficha t\u00e9cnica<\/a><\/p>\n","protected":false},"featured_media":19014,"template":"","meta":{"inline_featured_image":false},"product_cat":[1322],"product_tag":[],"class_list":["post-19012","product","type-product","status-publish","has-post-thumbnail","hentry","product_cat-graines"],"yoast_head":"<!-- This site is optimized with the Yoast SEO plugin v27.5 - https:\/\/yoast.com\/product\/yoast-seo-wordpress\/ -->\n<title>Espelta Hinchada Bio 250 g Ecosana - Drasanvi Francia<\/title>\n<meta name=\"robots\" content=\"index, follow, max-snippet:-1, max-image-preview:large, max-video-preview:-1\" \/>\n<link rel=\"canonical\" href=\"https:\/\/drasanvi.com\/fr\/producto\/espelta-hinchada-bio-250-g-ecosana\/\" \/>\n<meta property=\"og:locale\" content=\"fr_FR\" \/>\n<meta property=\"og:type\" content=\"article\" \/>\n<meta property=\"og:title\" content=\"Espelta Hinchada Bio 250 g Ecosana - Drasanvi Francia\" \/>\n<meta property=\"og:description\" content=\"La Espelta Hinchada\u00a0Bio de ECOSANA\u00a0se obtiene exclusivamente del grano de espelta 100% procedente de agricultura ecol\u00f3gica,\u00a0respetando los ciclos naturales de las plantas y sin el empleo de organismos modificados gen\u00e9ticamente, pesticidas, plaguicidas o qu\u00edmicos de cualquier tipo,\u00a0 contribuyendo as\u00ed con el cuidado del Medio Ambiente. La espelta se trata de un cereal muy interesante por su aporte en prote\u00ednas de gran calidad, ya que posee altas cantidades en lisina y en tript\u00f3fano. Adem\u00e1s, es una estupenda fuente de minerales y vitaminas. Es una forma ideal de consumir hidratos de carbono complejos, de absorci\u00f3n lenta. Posee un alto contenido de fibra.\u00a0Contenido:Envase de 250 gFicha t\u00e9cnica\" \/>\n<meta property=\"og:url\" content=\"https:\/\/drasanvi.com\/fr\/producto\/espelta-hinchada-bio-250-g-ecosana\/\" \/>\n<meta property=\"og:site_name\" content=\"Drasanvi Francia\" \/>\n<meta property=\"article:modified_time\" content=\"2022-03-10T12:16:34+00:00\" \/>\n<meta property=\"og:image\" content=\"https:\/\/drasanvi.com\/wp-content\/uploads\/sites\/7\/2022\/02\/467010436.png\" \/>\n\t<meta property=\"og:image:width\" content=\"1000\" \/>\n\t<meta property=\"og:image:height\" content=\"1000\" \/>\n\t<meta property=\"og:image:type\" content=\"image\/png\" \/>\n<meta name=\"twitter:card\" content=\"summary_large_image\" \/>\n<script type=\"application\/ld+json\" class=\"yoast-schema-graph\">{\"@context\":\"https:\\\/\\\/schema.org\",\"@graph\":[{\"@type\":\"WebPage\",\"@id\":\"https:\\\/\\\/drasanvi.com\\\/fr\\\/producto\\\/espelta-hinchada-bio-250-g-ecosana\\\/\",\"url\":\"https:\\\/\\\/drasanvi.com\\\/fr\\\/producto\\\/espelta-hinchada-bio-250-g-ecosana\\\/\",\"name\":\"Espelta Hinchada Bio 250 g Ecosana - Drasanvi Francia\",\"isPartOf\":{\"@id\":\"https:\\\/\\\/drasanvi.com\\\/fr\\\/#website\"},\"primaryImageOfPage\":{\"@id\":\"https:\\\/\\\/drasanvi.com\\\/fr\\\/producto\\\/espelta-hinchada-bio-250-g-ecosana\\\/#primaryimage\"},\"image\":{\"@id\":\"https:\\\/\\\/drasanvi.com\\\/fr\\\/producto\\\/espelta-hinchada-bio-250-g-ecosana\\\/#primaryimage\"},\"thumbnailUrl\":\"https:\\\/\\\/drasanvi.com\\\/fr\\\/wp-content\\\/uploads\\\/sites\\\/7\\\/2022\\\/02\\\/467010436.png\",\"datePublished\":\"2022-02-11T10:06:54+00:00\",\"dateModified\":\"2022-03-10T12:16:34+00:00\",\"breadcrumb\":{\"@id\":\"https:\\\/\\\/drasanvi.com\\\/fr\\\/producto\\\/espelta-hinchada-bio-250-g-ecosana\\\/#breadcrumb\"},\"inLanguage\":\"fr-FR\",\"potentialAction\":[{\"@type\":\"ReadAction\",\"target\":[\"https:\\\/\\\/drasanvi.com\\\/fr\\\/producto\\\/espelta-hinchada-bio-250-g-ecosana\\\/\"]}]},{\"@type\":\"ImageObject\",\"inLanguage\":\"fr-FR\",\"@id\":\"https:\\\/\\\/drasanvi.com\\\/fr\\\/producto\\\/espelta-hinchada-bio-250-g-ecosana\\\/#primaryimage\",\"url\":\"https:\\\/\\\/drasanvi.com\\\/fr\\\/wp-content\\\/uploads\\\/sites\\\/7\\\/2022\\\/02\\\/467010436.png\",\"contentUrl\":\"https:\\\/\\\/drasanvi.com\\\/fr\\\/wp-content\\\/uploads\\\/sites\\\/7\\\/2022\\\/02\\\/467010436.png\",\"width\":1000,\"height\":1000},{\"@type\":\"BreadcrumbList\",\"@id\":\"https:\\\/\\\/drasanvi.com\\\/fr\\\/producto\\\/espelta-hinchada-bio-250-g-ecosana\\\/#breadcrumb\",\"itemListElement\":[{\"@type\":\"ListItem\",\"position\":1,\"name\":\"Portada\",\"item\":\"https:\\\/\\\/drasanvi.com\\\/fr\\\/\"},{\"@type\":\"ListItem\",\"position\":2,\"name\":\"Tienda\",\"item\":\"https:\\\/\\\/drasanvi.com\\\/fr\\\/tienda\\\/\"},{\"@type\":\"ListItem\",\"position\":3,\"name\":\"Espelta Hinchada Bio 250 g Ecosana\"}]},{\"@type\":\"WebSite\",\"@id\":\"https:\\\/\\\/drasanvi.com\\\/fr\\\/#website\",\"url\":\"https:\\\/\\\/drasanvi.com\\\/fr\\\/\",\"name\":\"Drasanvi Francia\",\"description\":\"L\u00edder en complementos alimenticios y cosm\u00e9tica natural.\",\"publisher\":{\"@id\":\"https:\\\/\\\/drasanvi.com\\\/fr\\\/#organization\"},\"potentialAction\":[{\"@type\":\"SearchAction\",\"target\":{\"@type\":\"EntryPoint\",\"urlTemplate\":\"https:\\\/\\\/drasanvi.com\\\/fr\\\/?s={search_term_string}\"},\"query-input\":{\"@type\":\"PropertyValueSpecification\",\"valueRequired\":true,\"valueName\":\"search_term_string\"}}],\"inLanguage\":\"fr-FR\"},{\"@type\":\"Organization\",\"@id\":\"https:\\\/\\\/drasanvi.com\\\/fr\\\/#organization\",\"name\":\"Drasanvi\",\"url\":\"https:\\\/\\\/drasanvi.com\\\/fr\\\/\",\"logo\":{\"@type\":\"ImageObject\",\"inLanguage\":\"fr-FR\",\"@id\":\"https:\\\/\\\/drasanvi.com\\\/fr\\\/#\\\/schema\\\/logo\\\/image\\\/\",\"url\":\"https:\\\/\\\/drasanvi.com\\\/wp-content\\\/uploads\\\/sites\\\/7\\\/2021\\\/07\\\/logo-drasanvi.png\",\"contentUrl\":\"https:\\\/\\\/drasanvi.com\\\/wp-content\\\/uploads\\\/sites\\\/7\\\/2021\\\/07\\\/logo-drasanvi.png\",\"width\":900,\"height\":300,\"caption\":\"Drasanvi\"},\"image\":{\"@id\":\"https:\\\/\\\/drasanvi.com\\\/fr\\\/#\\\/schema\\\/logo\\\/image\\\/\"}}]}<\/script>\n<!-- \/ Yoast SEO plugin. -->","yoast_head_json":{"title":"Espelta Hinchada Bio 250 g Ecosana - Drasanvi Francia","robots":{"index":"index","follow":"follow","max-snippet":"max-snippet:-1","max-image-preview":"max-image-preview:large","max-video-preview":"max-video-preview:-1"},"canonical":"https:\/\/drasanvi.com\/fr\/producto\/espelta-hinchada-bio-250-g-ecosana\/","og_locale":"fr_FR","og_type":"article","og_title":"Espelta Hinchada Bio 250 g Ecosana - Drasanvi Francia","og_description":"La Espelta Hinchada\u00a0Bio de ECOSANA\u00a0se obtiene exclusivamente del grano de espelta 100% procedente de agricultura ecol\u00f3gica,\u00a0respetando los ciclos naturales de las plantas y sin el empleo de organismos modificados gen\u00e9ticamente, pesticidas, plaguicidas o qu\u00edmicos de cualquier tipo,\u00a0 contribuyendo as\u00ed con el cuidado del Medio Ambiente. La espelta se trata de un cereal muy interesante por su aporte en prote\u00ednas de gran calidad, ya que posee altas cantidades en lisina y en tript\u00f3fano. Adem\u00e1s, es una estupenda fuente de minerales y vitaminas. Es una forma ideal de consumir hidratos de carbono complejos, de absorci\u00f3n lenta. Posee un alto contenido de fibra.\u00a0Contenido:Envase de 250 gFicha t\u00e9cnica","og_url":"https:\/\/drasanvi.com\/fr\/producto\/espelta-hinchada-bio-250-g-ecosana\/","og_site_name":"Drasanvi Francia","article_modified_time":"2022-03-10T12:16:34+00:00","og_image":[{"width":1000,"height":1000,"url":"https:\/\/drasanvi.com\/wp-content\/uploads\/sites\/7\/2022\/02\/467010436.png","type":"image\/png"}],"twitter_card":"summary_large_image","schema":{"@context":"https:\/\/schema.org","@graph":[{"@type":"WebPage","@id":"https:\/\/drasanvi.com\/fr\/producto\/espelta-hinchada-bio-250-g-ecosana\/","url":"https:\/\/drasanvi.com\/fr\/producto\/espelta-hinchada-bio-250-g-ecosana\/","name":"Espelta Hinchada Bio 250 g Ecosana - Drasanvi Francia","isPartOf":{"@id":"https:\/\/drasanvi.com\/fr\/#website"},"primaryImageOfPage":{"@id":"https:\/\/drasanvi.com\/fr\/producto\/espelta-hinchada-bio-250-g-ecosana\/#primaryimage"},"image":{"@id":"https:\/\/drasanvi.com\/fr\/producto\/espelta-hinchada-bio-250-g-ecosana\/#primaryimage"},"thumbnailUrl":"https:\/\/drasanvi.com\/fr\/wp-content\/uploads\/sites\/7\/2022\/02\/467010436.png","datePublished":"2022-02-11T10:06:54+00:00","dateModified":"2022-03-10T12:16:34+00:00","breadcrumb":{"@id":"https:\/\/drasanvi.com\/fr\/producto\/espelta-hinchada-bio-250-g-ecosana\/#breadcrumb"},"inLanguage":"fr-FR","potentialAction":[{"@type":"ReadAction","target":["https:\/\/drasanvi.com\/fr\/producto\/espelta-hinchada-bio-250-g-ecosana\/"]}]},{"@type":"ImageObject","inLanguage":"fr-FR","@id":"https:\/\/drasanvi.com\/fr\/producto\/espelta-hinchada-bio-250-g-ecosana\/#primaryimage","url":"https:\/\/drasanvi.com\/fr\/wp-content\/uploads\/sites\/7\/2022\/02\/467010436.png","contentUrl":"https:\/\/drasanvi.com\/fr\/wp-content\/uploads\/sites\/7\/2022\/02\/467010436.png","width":1000,"height":1000},{"@type":"BreadcrumbList","@id":"https:\/\/drasanvi.com\/fr\/producto\/espelta-hinchada-bio-250-g-ecosana\/#breadcrumb","itemListElement":[{"@type":"ListItem","position":1,"name":"Portada","item":"https:\/\/drasanvi.com\/fr\/"},{"@type":"ListItem","position":2,"name":"Tienda","item":"https:\/\/drasanvi.com\/fr\/tienda\/"},{"@type":"ListItem","position":3,"name":"Espelta Hinchada Bio 250 g Ecosana"}]},{"@type":"WebSite","@id":"https:\/\/drasanvi.com\/fr\/#website","url":"https:\/\/drasanvi.com\/fr\/","name":"Drasanvi Francia","description":"L\u00edder en complementos alimenticios y cosm\u00e9tica natural.","publisher":{"@id":"https:\/\/drasanvi.com\/fr\/#organization"},"potentialAction":[{"@type":"SearchAction","target":{"@type":"EntryPoint","urlTemplate":"https:\/\/drasanvi.com\/fr\/?s={search_term_string}"},"query-input":{"@type":"PropertyValueSpecification","valueRequired":true,"valueName":"search_term_string"}}],"inLanguage":"fr-FR"},{"@type":"Organization","@id":"https:\/\/drasanvi.com\/fr\/#organization","name":"Drasanvi","url":"https:\/\/drasanvi.com\/fr\/","logo":{"@type":"ImageObject","inLanguage":"fr-FR","@id":"https:\/\/drasanvi.com\/fr\/#\/schema\/logo\/image\/","url":"https:\/\/drasanvi.com\/wp-content\/uploads\/sites\/7\/2021\/07\/logo-drasanvi.png","contentUrl":"https:\/\/drasanvi.com\/wp-content\/uploads\/sites\/7\/2021\/07\/logo-drasanvi.png","width":900,"height":300,"caption":"Drasanvi"},"image":{"@id":"https:\/\/drasanvi.com\/fr\/#\/schema\/logo\/image\/"}}]}},"_links":{"self":[{"href":"https:\/\/drasanvi.com\/fr\/wp-json\/wp\/v2\/product\/19012","targetHints":{"allow":["GET"]}}],"collection":[{"href":"https:\/\/drasanvi.com\/fr\/wp-json\/wp\/v2\/product"}],"about":[{"href":"https:\/\/drasanvi.com\/fr\/wp-json\/wp\/v2\/types\/product"}],"version-history":[{"count":0,"href":"https:\/\/drasanvi.com\/fr\/wp-json\/wp\/v2\/product\/19012\/revisions"}],"wp:featuredmedia":[{"embeddable":true,"href":"https:\/\/drasanvi.com\/fr\/wp-json\/wp\/v2\/media\/19014"}],"wp:attachment":[{"href":"https:\/\/drasanvi.com\/fr\/wp-json\/wp\/v2\/media?parent=19012"}],"wp:term":[{"taxonomy":"product_cat","embeddable":true,"href":"https:\/\/drasanvi.com\/fr\/wp-json\/wp\/v2\/product_cat?post=19012"},{"taxonomy":"product_tag","embeddable":true,"href":"https:\/\/drasanvi.com\/fr\/wp-json\/wp\/v2\/product_tag?post=19012"}],"curies":[{"name":"wp","href":"https:\/\/api.w.org\/{rel}","templated":true}]}}