{"id":18982,"date":"2022-02-11T12:06:54","date_gmt":"2022-02-11T10:06:54","guid":{"rendered":"https:\/\/drasanvi.com\/fr\/producto\/semilla-girasol-bio-100-g-doypack-frutos-secos-ecosana\/"},"modified":"2022-03-10T14:16:34","modified_gmt":"2022-03-10T12:16:34","slug":"semilla-girasol-bio-100-g-doypack-frutos-secos-ecosana","status":"publish","type":"product","link":"https:\/\/drasanvi.com\/fr\/producto\/semilla-girasol-bio-100-g-doypack-frutos-secos-ecosana\/","title":{"rendered":"Semilla Girasol Bio 100 g Doypack Frutos Secos Ecosana"},"content":{"rendered":"<h2>Ingredientes<\/h2>\n<p>Semillas de girasol*.  *Procedentes de Agricultura Ecol\u00f3gica.<\/p>\n<h2>Tabla nutricional<\/h2>\n<p>Por cada 100 g        Ingrediente  Cantidad\u00a0      Valor energ\u00e9tico  2445 kJ \/ 584 kcal      Grasas De las cuales saturadas  51,46 g 4,46\u00a0g      Hidratos de carbono De los cuales az\u00facares  20 g 2,62\u00a0g      Fibra   8,60 g       Prote\u00ednas   20,80 g      Sal  0,225 g<\/p>\n<h3>Modo de uso<\/h3>\n<p>Puedes comerlas directamente para completar tus meriendas o incorporarlas en tus recetas, dentro de panes integrales preparados en casa, en ensaladas, postres, yogures&#8230;, lo que se te ocurra!<\/p>\n<h3>Advertencias<\/h3>\n<p>Conservar en un lugar fresco y seco.Puede contener trazas de Soja, S&eacute;samo y&nbsp;Frutos de c&aacute;scara.<\/p>\n","protected":false},"excerpt":{"rendered":"<p>Las Semillas de Girasol Bio de ECOSANA se obtienen\u00a0 a partir de sistemas de cultivo sostenibles que cumplen rigurosamente\u00a0 con las normas de producci\u00f3n ecol\u00f3gicas.  Las semillas de girasol, conocidas como \u00ab\u00a0pipas\u00a0\u00bb, dentro de los frutos secos es el fruto seco m\u00e1s rico en antioxidantes, debido a su gran aporte en vitamina E y tambi\u00e9n en\u00a0vitaminas del grupo B. Adem\u00e1s, poseen un alto contenido en grasas saludables y en fibra. F\u00e1ciles de consumir, ya que vienen peladas.\u00a0  El objetivo de sostenibilidad de la l\u00ednea Ecosana es generar el menor impacto ambiental posible. Por ello, los doypack de frutos secos son compostables para evitar que se conviertan en residuos perjudiciales para el Medio Ambiente y reduzcan las emisiones contaminantes de la atm\u00f3sfera. Este tipo de envases no, s\u00f3lo, se degradan, sino que, adem\u00e1s, se convierten en compost o abono.<br \/><strong>Contenido:<\/strong>Envase biodegradable y compostable.  Peso neto: 100 g<\/p>\n<p><a id=\"boton-ficha\" href=\"https:\/\/panel.drasanvi.com\/fichas\/1\/467010474\" target=\"_blank\" rel=\"noopener\">Ficha t\u00e9cnica<\/a><\/p>\n","protected":false},"featured_media":0,"template":"","meta":{"inline_featured_image":false},"product_cat":[1322],"product_tag":[],"class_list":["post-18982","product","type-product","status-publish","hentry","product_cat-graines"],"yoast_head":"<!-- This site is optimized with the Yoast SEO plugin v27.5 - https:\/\/yoast.com\/product\/yoast-seo-wordpress\/ -->\n<title>Semilla Girasol Bio 100 g Doypack Frutos Secos Ecosana - Drasanvi Francia<\/title>\n<meta name=\"robots\" content=\"index, follow, max-snippet:-1, max-image-preview:large, max-video-preview:-1\" \/>\n<link rel=\"canonical\" href=\"https:\/\/drasanvi.com\/fr\/producto\/semilla-girasol-bio-100-g-doypack-frutos-secos-ecosana\/\" \/>\n<meta property=\"og:locale\" content=\"fr_FR\" \/>\n<meta property=\"og:type\" content=\"article\" \/>\n<meta property=\"og:title\" content=\"Semilla Girasol Bio 100 g Doypack Frutos Secos Ecosana - Drasanvi Francia\" \/>\n<meta property=\"og:description\" content=\"Las Semillas de Girasol Bio de ECOSANA se obtienen\u00a0 a partir de sistemas de cultivo sostenibles que cumplen rigurosamente\u00a0 con las normas de producci\u00f3n ecol\u00f3gicas. Las semillas de girasol, conocidas como &quot;pipas&quot;, dentro de los frutos secos es el fruto seco m\u00e1s rico en antioxidantes, debido a su gran aporte en vitamina E y tambi\u00e9n en\u00a0vitaminas del grupo B. Adem\u00e1s, poseen un alto contenido en grasas saludables y en fibra. F\u00e1ciles de consumir, ya que vienen peladas.\u00a0 El objetivo de sostenibilidad de la l\u00ednea Ecosana es generar el menor impacto ambiental posible. Por ello, los doypack de frutos secos son compostables para evitar que se conviertan en residuos perjudiciales para el Medio Ambiente y reduzcan las emisiones contaminantes de la atm\u00f3sfera. Este tipo de envases no, s\u00f3lo, se degradan, sino que, adem\u00e1s, se convierten en compost o abono.Contenido:Envase biodegradable y compostable. Peso neto: 100 gFicha t\u00e9cnica\" \/>\n<meta property=\"og:url\" content=\"https:\/\/drasanvi.com\/fr\/producto\/semilla-girasol-bio-100-g-doypack-frutos-secos-ecosana\/\" \/>\n<meta property=\"og:site_name\" content=\"Drasanvi Francia\" \/>\n<meta property=\"article:modified_time\" content=\"2022-03-10T12:16:34+00:00\" \/>\n<meta name=\"twitter:card\" content=\"summary_large_image\" \/>\n<script type=\"application\/ld+json\" class=\"yoast-schema-graph\">{\"@context\":\"https:\\\/\\\/schema.org\",\"@graph\":[{\"@type\":\"WebPage\",\"@id\":\"https:\\\/\\\/drasanvi.com\\\/fr\\\/producto\\\/semilla-girasol-bio-100-g-doypack-frutos-secos-ecosana\\\/\",\"url\":\"https:\\\/\\\/drasanvi.com\\\/fr\\\/producto\\\/semilla-girasol-bio-100-g-doypack-frutos-secos-ecosana\\\/\",\"name\":\"Semilla Girasol Bio 100 g Doypack Frutos Secos Ecosana - Drasanvi Francia\",\"isPartOf\":{\"@id\":\"https:\\\/\\\/drasanvi.com\\\/fr\\\/#website\"},\"datePublished\":\"2022-02-11T10:06:54+00:00\",\"dateModified\":\"2022-03-10T12:16:34+00:00\",\"breadcrumb\":{\"@id\":\"https:\\\/\\\/drasanvi.com\\\/fr\\\/producto\\\/semilla-girasol-bio-100-g-doypack-frutos-secos-ecosana\\\/#breadcrumb\"},\"inLanguage\":\"fr-FR\",\"potentialAction\":[{\"@type\":\"ReadAction\",\"target\":[\"https:\\\/\\\/drasanvi.com\\\/fr\\\/producto\\\/semilla-girasol-bio-100-g-doypack-frutos-secos-ecosana\\\/\"]}]},{\"@type\":\"BreadcrumbList\",\"@id\":\"https:\\\/\\\/drasanvi.com\\\/fr\\\/producto\\\/semilla-girasol-bio-100-g-doypack-frutos-secos-ecosana\\\/#breadcrumb\",\"itemListElement\":[{\"@type\":\"ListItem\",\"position\":1,\"name\":\"Portada\",\"item\":\"https:\\\/\\\/drasanvi.com\\\/fr\\\/\"},{\"@type\":\"ListItem\",\"position\":2,\"name\":\"Tienda\",\"item\":\"https:\\\/\\\/drasanvi.com\\\/fr\\\/tienda\\\/\"},{\"@type\":\"ListItem\",\"position\":3,\"name\":\"Semilla Girasol Bio 100 g Doypack Frutos Secos Ecosana\"}]},{\"@type\":\"WebSite\",\"@id\":\"https:\\\/\\\/drasanvi.com\\\/fr\\\/#website\",\"url\":\"https:\\\/\\\/drasanvi.com\\\/fr\\\/\",\"name\":\"Drasanvi Francia\",\"description\":\"L\u00edder en complementos alimenticios y cosm\u00e9tica natural.\",\"publisher\":{\"@id\":\"https:\\\/\\\/drasanvi.com\\\/fr\\\/#organization\"},\"potentialAction\":[{\"@type\":\"SearchAction\",\"target\":{\"@type\":\"EntryPoint\",\"urlTemplate\":\"https:\\\/\\\/drasanvi.com\\\/fr\\\/?s={search_term_string}\"},\"query-input\":{\"@type\":\"PropertyValueSpecification\",\"valueRequired\":true,\"valueName\":\"search_term_string\"}}],\"inLanguage\":\"fr-FR\"},{\"@type\":\"Organization\",\"@id\":\"https:\\\/\\\/drasanvi.com\\\/fr\\\/#organization\",\"name\":\"Drasanvi\",\"url\":\"https:\\\/\\\/drasanvi.com\\\/fr\\\/\",\"logo\":{\"@type\":\"ImageObject\",\"inLanguage\":\"fr-FR\",\"@id\":\"https:\\\/\\\/drasanvi.com\\\/fr\\\/#\\\/schema\\\/logo\\\/image\\\/\",\"url\":\"https:\\\/\\\/drasanvi.com\\\/wp-content\\\/uploads\\\/sites\\\/7\\\/2021\\\/07\\\/logo-drasanvi.png\",\"contentUrl\":\"https:\\\/\\\/drasanvi.com\\\/wp-content\\\/uploads\\\/sites\\\/7\\\/2021\\\/07\\\/logo-drasanvi.png\",\"width\":900,\"height\":300,\"caption\":\"Drasanvi\"},\"image\":{\"@id\":\"https:\\\/\\\/drasanvi.com\\\/fr\\\/#\\\/schema\\\/logo\\\/image\\\/\"}}]}<\/script>\n<!-- \/ Yoast SEO plugin. -->","yoast_head_json":{"title":"Semilla Girasol Bio 100 g Doypack Frutos Secos Ecosana - Drasanvi Francia","robots":{"index":"index","follow":"follow","max-snippet":"max-snippet:-1","max-image-preview":"max-image-preview:large","max-video-preview":"max-video-preview:-1"},"canonical":"https:\/\/drasanvi.com\/fr\/producto\/semilla-girasol-bio-100-g-doypack-frutos-secos-ecosana\/","og_locale":"fr_FR","og_type":"article","og_title":"Semilla Girasol Bio 100 g Doypack Frutos Secos Ecosana - Drasanvi Francia","og_description":"Las Semillas de Girasol Bio de ECOSANA se obtienen\u00a0 a partir de sistemas de cultivo sostenibles que cumplen rigurosamente\u00a0 con las normas de producci\u00f3n ecol\u00f3gicas. Las semillas de girasol, conocidas como \"pipas\", dentro de los frutos secos es el fruto seco m\u00e1s rico en antioxidantes, debido a su gran aporte en vitamina E y tambi\u00e9n en\u00a0vitaminas del grupo B. Adem\u00e1s, poseen un alto contenido en grasas saludables y en fibra. F\u00e1ciles de consumir, ya que vienen peladas.\u00a0 El objetivo de sostenibilidad de la l\u00ednea Ecosana es generar el menor impacto ambiental posible. Por ello, los doypack de frutos secos son compostables para evitar que se conviertan en residuos perjudiciales para el Medio Ambiente y reduzcan las emisiones contaminantes de la atm\u00f3sfera. Este tipo de envases no, s\u00f3lo, se degradan, sino que, adem\u00e1s, se convierten en compost o abono.Contenido:Envase biodegradable y compostable. Peso neto: 100 gFicha t\u00e9cnica","og_url":"https:\/\/drasanvi.com\/fr\/producto\/semilla-girasol-bio-100-g-doypack-frutos-secos-ecosana\/","og_site_name":"Drasanvi Francia","article_modified_time":"2022-03-10T12:16:34+00:00","twitter_card":"summary_large_image","schema":{"@context":"https:\/\/schema.org","@graph":[{"@type":"WebPage","@id":"https:\/\/drasanvi.com\/fr\/producto\/semilla-girasol-bio-100-g-doypack-frutos-secos-ecosana\/","url":"https:\/\/drasanvi.com\/fr\/producto\/semilla-girasol-bio-100-g-doypack-frutos-secos-ecosana\/","name":"Semilla Girasol Bio 100 g Doypack Frutos Secos Ecosana - Drasanvi Francia","isPartOf":{"@id":"https:\/\/drasanvi.com\/fr\/#website"},"datePublished":"2022-02-11T10:06:54+00:00","dateModified":"2022-03-10T12:16:34+00:00","breadcrumb":{"@id":"https:\/\/drasanvi.com\/fr\/producto\/semilla-girasol-bio-100-g-doypack-frutos-secos-ecosana\/#breadcrumb"},"inLanguage":"fr-FR","potentialAction":[{"@type":"ReadAction","target":["https:\/\/drasanvi.com\/fr\/producto\/semilla-girasol-bio-100-g-doypack-frutos-secos-ecosana\/"]}]},{"@type":"BreadcrumbList","@id":"https:\/\/drasanvi.com\/fr\/producto\/semilla-girasol-bio-100-g-doypack-frutos-secos-ecosana\/#breadcrumb","itemListElement":[{"@type":"ListItem","position":1,"name":"Portada","item":"https:\/\/drasanvi.com\/fr\/"},{"@type":"ListItem","position":2,"name":"Tienda","item":"https:\/\/drasanvi.com\/fr\/tienda\/"},{"@type":"ListItem","position":3,"name":"Semilla Girasol Bio 100 g Doypack Frutos Secos Ecosana"}]},{"@type":"WebSite","@id":"https:\/\/drasanvi.com\/fr\/#website","url":"https:\/\/drasanvi.com\/fr\/","name":"Drasanvi Francia","description":"L\u00edder en complementos alimenticios y cosm\u00e9tica natural.","publisher":{"@id":"https:\/\/drasanvi.com\/fr\/#organization"},"potentialAction":[{"@type":"SearchAction","target":{"@type":"EntryPoint","urlTemplate":"https:\/\/drasanvi.com\/fr\/?s={search_term_string}"},"query-input":{"@type":"PropertyValueSpecification","valueRequired":true,"valueName":"search_term_string"}}],"inLanguage":"fr-FR"},{"@type":"Organization","@id":"https:\/\/drasanvi.com\/fr\/#organization","name":"Drasanvi","url":"https:\/\/drasanvi.com\/fr\/","logo":{"@type":"ImageObject","inLanguage":"fr-FR","@id":"https:\/\/drasanvi.com\/fr\/#\/schema\/logo\/image\/","url":"https:\/\/drasanvi.com\/wp-content\/uploads\/sites\/7\/2021\/07\/logo-drasanvi.png","contentUrl":"https:\/\/drasanvi.com\/wp-content\/uploads\/sites\/7\/2021\/07\/logo-drasanvi.png","width":900,"height":300,"caption":"Drasanvi"},"image":{"@id":"https:\/\/drasanvi.com\/fr\/#\/schema\/logo\/image\/"}}]}},"_links":{"self":[{"href":"https:\/\/drasanvi.com\/fr\/wp-json\/wp\/v2\/product\/18982","targetHints":{"allow":["GET"]}}],"collection":[{"href":"https:\/\/drasanvi.com\/fr\/wp-json\/wp\/v2\/product"}],"about":[{"href":"https:\/\/drasanvi.com\/fr\/wp-json\/wp\/v2\/types\/product"}],"version-history":[{"count":0,"href":"https:\/\/drasanvi.com\/fr\/wp-json\/wp\/v2\/product\/18982\/revisions"}],"wp:attachment":[{"href":"https:\/\/drasanvi.com\/fr\/wp-json\/wp\/v2\/media?parent=18982"}],"wp:term":[{"taxonomy":"product_cat","embeddable":true,"href":"https:\/\/drasanvi.com\/fr\/wp-json\/wp\/v2\/product_cat?post=18982"},{"taxonomy":"product_tag","embeddable":true,"href":"https:\/\/drasanvi.com\/fr\/wp-json\/wp\/v2\/product_tag?post=18982"}],"curies":[{"name":"wp","href":"https:\/\/api.w.org\/{rel}","templated":true}]}}