{"id":18946,"date":"2022-02-11T12:06:20","date_gmt":"2022-02-11T10:06:20","guid":{"rendered":"https:\/\/drasanvi.com\/fr\/producto\/semilla-chia-bio-250-g-ecosana\/"},"modified":"2022-03-10T14:16:30","modified_gmt":"2022-03-10T12:16:30","slug":"semilla-chia-bio-250-g-ecosana","status":"publish","type":"product","link":"https:\/\/drasanvi.com\/fr\/producto\/semilla-chia-bio-250-g-ecosana\/","title":{"rendered":"Semilla Chia Bio 250 g Ecosana"},"content":{"rendered":"<h2>Ingredientes<\/h2>\n<p>Semillas de chia*  *Procedentes de Agricultura Ecol\u00f3gica<\/p>\n<h2>Tabla nutricional<\/h2>\n<p>Por cada 100 g        \u00a0  Cantidad      Valor energ\u00e9tico  1901 kJ \/ 456 kcal      Grasas de las cuales saturadas\u00a0  33,80 g 3 g      Hidratos de carbono de los cuales az\u00facares  0,70 g 0,70 g      Fibra   34,10 g       Prote\u00ednas   20,20 g      Sal  0,005 g<\/p>\n<h3>Modo de uso<\/h3>\n<p>Antes de consumir estas semillas, es necesario ponerlas a remojo durante 15-30 minutos en agua o combinadas con leche, yogur, bebidas vegetales, sopas&#8230;. Tambi\u00e9n puedes probar a a\u00f1adirlas en tus recetas de reposter\u00eda ya sea molidas o en forma entera. La cantidad recomendada diaria son 15 g\/dia.  \u00a0  \u00a0  \u00a0<\/p>\n<h3>Advertencias<\/h3>\n<p>Conservar en un lugar fresco y secoPuede contener trazas de Frutos de c&aacute;scara, S&eacute;samo y Soja.&nbsp;<\/p>\n","protected":false},"excerpt":{"rendered":"<p>Las semillas de chia se obtienen del interior del fruto de una planta herb\u00e1cea denominada Salvia hispanica, procedente de Am\u00e9rica Central. Las Semillas de chia de ECOSANA se obtienen de cultivos de origen 100% ecol\u00f3gicos, de forma que se conservan todas las propiedades y son respetuosos con el medio ambiente. Las semillas de chia constituyen un alimento con m\u00faltiples beneficios para nuestro organismo. Se caracterizan por su alto contenido en \u00e1cidos grasos saludables Omega 3 y Omega 6 y su elevado contenido en fibra. Estas semillas en contacto con el agua forman un gel que recubre nuestro intestino, ayud\u00e1ndonos a mantener el buen funcionamiento del tracto intestinal y favoreciendo la absorci\u00f3n de los nutrientes. Adem\u00e1s son una fuente importante de minerales y vitaminas, conteniendo m\u00e1s calcio que la leche y m\u00e1s hierro que las espinacas.\u00a0<br \/><strong>Contenido:<\/strong>Envase de 250 g<\/p>\n<p><a id=\"boton-ficha\" href=\"https:\/\/panel.drasanvi.com\/fichas\/1\/467010100\" target=\"_blank\" rel=\"noopener\">Ficha t\u00e9cnica<\/a><\/p>\n","protected":false},"featured_media":18948,"template":"","meta":{"inline_featured_image":false},"product_cat":[1322],"product_tag":[],"class_list":["post-18946","product","type-product","status-publish","has-post-thumbnail","hentry","product_cat-graines"],"yoast_head":"<!-- This site is optimized with the Yoast SEO plugin v27.5 - https:\/\/yoast.com\/product\/yoast-seo-wordpress\/ -->\n<title>Semilla Chia Bio 250 g Ecosana - Drasanvi Francia<\/title>\n<meta name=\"robots\" content=\"index, follow, max-snippet:-1, max-image-preview:large, max-video-preview:-1\" \/>\n<link rel=\"canonical\" href=\"https:\/\/drasanvi.com\/fr\/producto\/semilla-chia-bio-250-g-ecosana\/\" \/>\n<meta property=\"og:locale\" content=\"fr_FR\" \/>\n<meta property=\"og:type\" content=\"article\" \/>\n<meta property=\"og:title\" content=\"Semilla Chia Bio 250 g Ecosana - Drasanvi Francia\" \/>\n<meta property=\"og:description\" content=\"Las semillas de chia se obtienen del interior del fruto de una planta herb\u00e1cea denominada Salvia hispanica, procedente de Am\u00e9rica Central. Las Semillas de chia de ECOSANA se obtienen de cultivos de origen 100% ecol\u00f3gicos, de forma que se conservan todas las propiedades y son respetuosos con el medio ambiente. Las semillas de chia constituyen un alimento con m\u00faltiples beneficios para nuestro organismo. Se caracterizan por su alto contenido en \u00e1cidos grasos saludables Omega 3 y Omega 6 y su elevado contenido en fibra. Estas semillas en contacto con el agua forman un gel que recubre nuestro intestino, ayud\u00e1ndonos a mantener el buen funcionamiento del tracto intestinal y favoreciendo la absorci\u00f3n de los nutrientes. Adem\u00e1s son una fuente importante de minerales y vitaminas, conteniendo m\u00e1s calcio que la leche y m\u00e1s hierro que las espinacas.\u00a0Contenido:Envase de 250 gFicha t\u00e9cnica\" \/>\n<meta property=\"og:url\" content=\"https:\/\/drasanvi.com\/fr\/producto\/semilla-chia-bio-250-g-ecosana\/\" \/>\n<meta property=\"og:site_name\" content=\"Drasanvi Francia\" \/>\n<meta property=\"article:modified_time\" content=\"2022-03-10T12:16:30+00:00\" \/>\n<meta property=\"og:image\" content=\"https:\/\/drasanvi.com\/wp-content\/uploads\/sites\/7\/2022\/02\/467010100.png\" \/>\n\t<meta property=\"og:image:width\" content=\"1000\" \/>\n\t<meta property=\"og:image:height\" content=\"1000\" \/>\n\t<meta property=\"og:image:type\" content=\"image\/png\" \/>\n<meta name=\"twitter:card\" content=\"summary_large_image\" \/>\n<script type=\"application\/ld+json\" class=\"yoast-schema-graph\">{\"@context\":\"https:\\\/\\\/schema.org\",\"@graph\":[{\"@type\":\"WebPage\",\"@id\":\"https:\\\/\\\/drasanvi.com\\\/fr\\\/producto\\\/semilla-chia-bio-250-g-ecosana\\\/\",\"url\":\"https:\\\/\\\/drasanvi.com\\\/fr\\\/producto\\\/semilla-chia-bio-250-g-ecosana\\\/\",\"name\":\"Semilla Chia Bio 250 g Ecosana - Drasanvi Francia\",\"isPartOf\":{\"@id\":\"https:\\\/\\\/drasanvi.com\\\/fr\\\/#website\"},\"primaryImageOfPage\":{\"@id\":\"https:\\\/\\\/drasanvi.com\\\/fr\\\/producto\\\/semilla-chia-bio-250-g-ecosana\\\/#primaryimage\"},\"image\":{\"@id\":\"https:\\\/\\\/drasanvi.com\\\/fr\\\/producto\\\/semilla-chia-bio-250-g-ecosana\\\/#primaryimage\"},\"thumbnailUrl\":\"https:\\\/\\\/drasanvi.com\\\/fr\\\/wp-content\\\/uploads\\\/sites\\\/7\\\/2022\\\/02\\\/467010100.png\",\"datePublished\":\"2022-02-11T10:06:20+00:00\",\"dateModified\":\"2022-03-10T12:16:30+00:00\",\"breadcrumb\":{\"@id\":\"https:\\\/\\\/drasanvi.com\\\/fr\\\/producto\\\/semilla-chia-bio-250-g-ecosana\\\/#breadcrumb\"},\"inLanguage\":\"fr-FR\",\"potentialAction\":[{\"@type\":\"ReadAction\",\"target\":[\"https:\\\/\\\/drasanvi.com\\\/fr\\\/producto\\\/semilla-chia-bio-250-g-ecosana\\\/\"]}]},{\"@type\":\"ImageObject\",\"inLanguage\":\"fr-FR\",\"@id\":\"https:\\\/\\\/drasanvi.com\\\/fr\\\/producto\\\/semilla-chia-bio-250-g-ecosana\\\/#primaryimage\",\"url\":\"https:\\\/\\\/drasanvi.com\\\/fr\\\/wp-content\\\/uploads\\\/sites\\\/7\\\/2022\\\/02\\\/467010100.png\",\"contentUrl\":\"https:\\\/\\\/drasanvi.com\\\/fr\\\/wp-content\\\/uploads\\\/sites\\\/7\\\/2022\\\/02\\\/467010100.png\",\"width\":1000,\"height\":1000},{\"@type\":\"BreadcrumbList\",\"@id\":\"https:\\\/\\\/drasanvi.com\\\/fr\\\/producto\\\/semilla-chia-bio-250-g-ecosana\\\/#breadcrumb\",\"itemListElement\":[{\"@type\":\"ListItem\",\"position\":1,\"name\":\"Portada\",\"item\":\"https:\\\/\\\/drasanvi.com\\\/fr\\\/\"},{\"@type\":\"ListItem\",\"position\":2,\"name\":\"Tienda\",\"item\":\"https:\\\/\\\/drasanvi.com\\\/fr\\\/tienda\\\/\"},{\"@type\":\"ListItem\",\"position\":3,\"name\":\"Semilla Chia Bio 250 g Ecosana\"}]},{\"@type\":\"WebSite\",\"@id\":\"https:\\\/\\\/drasanvi.com\\\/fr\\\/#website\",\"url\":\"https:\\\/\\\/drasanvi.com\\\/fr\\\/\",\"name\":\"Drasanvi Francia\",\"description\":\"L\u00edder en complementos alimenticios y cosm\u00e9tica natural.\",\"publisher\":{\"@id\":\"https:\\\/\\\/drasanvi.com\\\/fr\\\/#organization\"},\"potentialAction\":[{\"@type\":\"SearchAction\",\"target\":{\"@type\":\"EntryPoint\",\"urlTemplate\":\"https:\\\/\\\/drasanvi.com\\\/fr\\\/?s={search_term_string}\"},\"query-input\":{\"@type\":\"PropertyValueSpecification\",\"valueRequired\":true,\"valueName\":\"search_term_string\"}}],\"inLanguage\":\"fr-FR\"},{\"@type\":\"Organization\",\"@id\":\"https:\\\/\\\/drasanvi.com\\\/fr\\\/#organization\",\"name\":\"Drasanvi\",\"url\":\"https:\\\/\\\/drasanvi.com\\\/fr\\\/\",\"logo\":{\"@type\":\"ImageObject\",\"inLanguage\":\"fr-FR\",\"@id\":\"https:\\\/\\\/drasanvi.com\\\/fr\\\/#\\\/schema\\\/logo\\\/image\\\/\",\"url\":\"https:\\\/\\\/drasanvi.com\\\/wp-content\\\/uploads\\\/sites\\\/7\\\/2021\\\/07\\\/logo-drasanvi.png\",\"contentUrl\":\"https:\\\/\\\/drasanvi.com\\\/wp-content\\\/uploads\\\/sites\\\/7\\\/2021\\\/07\\\/logo-drasanvi.png\",\"width\":900,\"height\":300,\"caption\":\"Drasanvi\"},\"image\":{\"@id\":\"https:\\\/\\\/drasanvi.com\\\/fr\\\/#\\\/schema\\\/logo\\\/image\\\/\"}}]}<\/script>\n<!-- \/ Yoast SEO plugin. -->","yoast_head_json":{"title":"Semilla Chia Bio 250 g Ecosana - Drasanvi Francia","robots":{"index":"index","follow":"follow","max-snippet":"max-snippet:-1","max-image-preview":"max-image-preview:large","max-video-preview":"max-video-preview:-1"},"canonical":"https:\/\/drasanvi.com\/fr\/producto\/semilla-chia-bio-250-g-ecosana\/","og_locale":"fr_FR","og_type":"article","og_title":"Semilla Chia Bio 250 g Ecosana - Drasanvi Francia","og_description":"Las semillas de chia se obtienen del interior del fruto de una planta herb\u00e1cea denominada Salvia hispanica, procedente de Am\u00e9rica Central. Las Semillas de chia de ECOSANA se obtienen de cultivos de origen 100% ecol\u00f3gicos, de forma que se conservan todas las propiedades y son respetuosos con el medio ambiente. Las semillas de chia constituyen un alimento con m\u00faltiples beneficios para nuestro organismo. Se caracterizan por su alto contenido en \u00e1cidos grasos saludables Omega 3 y Omega 6 y su elevado contenido en fibra. Estas semillas en contacto con el agua forman un gel que recubre nuestro intestino, ayud\u00e1ndonos a mantener el buen funcionamiento del tracto intestinal y favoreciendo la absorci\u00f3n de los nutrientes. Adem\u00e1s son una fuente importante de minerales y vitaminas, conteniendo m\u00e1s calcio que la leche y m\u00e1s hierro que las espinacas.\u00a0Contenido:Envase de 250 gFicha t\u00e9cnica","og_url":"https:\/\/drasanvi.com\/fr\/producto\/semilla-chia-bio-250-g-ecosana\/","og_site_name":"Drasanvi Francia","article_modified_time":"2022-03-10T12:16:30+00:00","og_image":[{"width":1000,"height":1000,"url":"https:\/\/drasanvi.com\/wp-content\/uploads\/sites\/7\/2022\/02\/467010100.png","type":"image\/png"}],"twitter_card":"summary_large_image","schema":{"@context":"https:\/\/schema.org","@graph":[{"@type":"WebPage","@id":"https:\/\/drasanvi.com\/fr\/producto\/semilla-chia-bio-250-g-ecosana\/","url":"https:\/\/drasanvi.com\/fr\/producto\/semilla-chia-bio-250-g-ecosana\/","name":"Semilla Chia Bio 250 g Ecosana - Drasanvi Francia","isPartOf":{"@id":"https:\/\/drasanvi.com\/fr\/#website"},"primaryImageOfPage":{"@id":"https:\/\/drasanvi.com\/fr\/producto\/semilla-chia-bio-250-g-ecosana\/#primaryimage"},"image":{"@id":"https:\/\/drasanvi.com\/fr\/producto\/semilla-chia-bio-250-g-ecosana\/#primaryimage"},"thumbnailUrl":"https:\/\/drasanvi.com\/fr\/wp-content\/uploads\/sites\/7\/2022\/02\/467010100.png","datePublished":"2022-02-11T10:06:20+00:00","dateModified":"2022-03-10T12:16:30+00:00","breadcrumb":{"@id":"https:\/\/drasanvi.com\/fr\/producto\/semilla-chia-bio-250-g-ecosana\/#breadcrumb"},"inLanguage":"fr-FR","potentialAction":[{"@type":"ReadAction","target":["https:\/\/drasanvi.com\/fr\/producto\/semilla-chia-bio-250-g-ecosana\/"]}]},{"@type":"ImageObject","inLanguage":"fr-FR","@id":"https:\/\/drasanvi.com\/fr\/producto\/semilla-chia-bio-250-g-ecosana\/#primaryimage","url":"https:\/\/drasanvi.com\/fr\/wp-content\/uploads\/sites\/7\/2022\/02\/467010100.png","contentUrl":"https:\/\/drasanvi.com\/fr\/wp-content\/uploads\/sites\/7\/2022\/02\/467010100.png","width":1000,"height":1000},{"@type":"BreadcrumbList","@id":"https:\/\/drasanvi.com\/fr\/producto\/semilla-chia-bio-250-g-ecosana\/#breadcrumb","itemListElement":[{"@type":"ListItem","position":1,"name":"Portada","item":"https:\/\/drasanvi.com\/fr\/"},{"@type":"ListItem","position":2,"name":"Tienda","item":"https:\/\/drasanvi.com\/fr\/tienda\/"},{"@type":"ListItem","position":3,"name":"Semilla Chia Bio 250 g Ecosana"}]},{"@type":"WebSite","@id":"https:\/\/drasanvi.com\/fr\/#website","url":"https:\/\/drasanvi.com\/fr\/","name":"Drasanvi Francia","description":"L\u00edder en complementos alimenticios y cosm\u00e9tica natural.","publisher":{"@id":"https:\/\/drasanvi.com\/fr\/#organization"},"potentialAction":[{"@type":"SearchAction","target":{"@type":"EntryPoint","urlTemplate":"https:\/\/drasanvi.com\/fr\/?s={search_term_string}"},"query-input":{"@type":"PropertyValueSpecification","valueRequired":true,"valueName":"search_term_string"}}],"inLanguage":"fr-FR"},{"@type":"Organization","@id":"https:\/\/drasanvi.com\/fr\/#organization","name":"Drasanvi","url":"https:\/\/drasanvi.com\/fr\/","logo":{"@type":"ImageObject","inLanguage":"fr-FR","@id":"https:\/\/drasanvi.com\/fr\/#\/schema\/logo\/image\/","url":"https:\/\/drasanvi.com\/wp-content\/uploads\/sites\/7\/2021\/07\/logo-drasanvi.png","contentUrl":"https:\/\/drasanvi.com\/wp-content\/uploads\/sites\/7\/2021\/07\/logo-drasanvi.png","width":900,"height":300,"caption":"Drasanvi"},"image":{"@id":"https:\/\/drasanvi.com\/fr\/#\/schema\/logo\/image\/"}}]}},"_links":{"self":[{"href":"https:\/\/drasanvi.com\/fr\/wp-json\/wp\/v2\/product\/18946","targetHints":{"allow":["GET"]}}],"collection":[{"href":"https:\/\/drasanvi.com\/fr\/wp-json\/wp\/v2\/product"}],"about":[{"href":"https:\/\/drasanvi.com\/fr\/wp-json\/wp\/v2\/types\/product"}],"version-history":[{"count":0,"href":"https:\/\/drasanvi.com\/fr\/wp-json\/wp\/v2\/product\/18946\/revisions"}],"wp:featuredmedia":[{"embeddable":true,"href":"https:\/\/drasanvi.com\/fr\/wp-json\/wp\/v2\/media\/18948"}],"wp:attachment":[{"href":"https:\/\/drasanvi.com\/fr\/wp-json\/wp\/v2\/media?parent=18946"}],"wp:term":[{"taxonomy":"product_cat","embeddable":true,"href":"https:\/\/drasanvi.com\/fr\/wp-json\/wp\/v2\/product_cat?post=18946"},{"taxonomy":"product_tag","embeddable":true,"href":"https:\/\/drasanvi.com\/fr\/wp-json\/wp\/v2\/product_tag?post=18946"}],"curies":[{"name":"wp","href":"https:\/\/api.w.org\/{rel}","templated":true}]}}