{"id":18810,"date":"2022-02-11T12:05:11","date_gmt":"2022-02-11T10:05:11","guid":{"rendered":"https:\/\/drasanvi.com\/fr\/producto\/lenteja-dupuy-bio-500-g-ecosana\/"},"modified":"2022-03-10T14:16:18","modified_gmt":"2022-03-10T12:16:18","slug":"lenteja-dupuy-bio-500-g-ecosana","status":"publish","type":"product","link":"https:\/\/drasanvi.com\/fr\/producto\/lenteja-dupuy-bio-500-g-ecosana\/","title":{"rendered":"Lenteja Dupuy Bio 500 g Ecosana"},"content":{"rendered":"<h2>Ingredientes<\/h2>\n<p>Lenteja dupuy*  *Procedente de Agricultura Ecol\u00f3gica<\/p>\n<h2>Tabla nutricional<\/h2>\n<p>Por cada 100 g        \u00a0  Cantidad      Valor energ\u00e9tico  1473 kJ \/ 352 kcal\u00a0      Grasas de las cuales saturadas  1,10 g 0,10 g      \u00a0Hidratos de carbono de los cuales az\u00facares  52,70 g 2 g      Fibra   10,70 g       Prote\u00ednas   24,60 g      Sal  0,015 g<\/p>\n<h3>Modo de uso<\/h3>\n<p>La lenteja Dupuy se puede cocinar de forma tradicional.  Por ejemplo para elaborar un rico estofado de lentejas:  Ponemos las lentejas a remojo la noche anterior. Esperamos un d\u00eda para obtener las lentejas germinadas, entonces las metemos en una olla con agua. A\u00f1adimos verduras, patatas, ajos y cebolla (todo bien troceadito). Ponemos unas hojas de laurel y un chorrito de aceite y cerramos la olla. La ponemos al fuego y una vez que haya empezado la tenemos durante 20min. Despu\u00e9s apagamos el fuego y las dejamos reposar unos minutos. Y ya estar\u00edan listas para servir!!<\/p>\n<h3>Advertencias<\/h3>\n<p>Puede contener trazas de Gluten, Soja, S&eacute;samo y Frutos de c&aacute;scara.&nbsp;Conservar en un lugar fresco y seco.<\/p>\n","protected":false},"excerpt":{"rendered":"<p>La Lenteja Dupuy es una variedad de lenteja, conocida como lenteja verdina, que recibe este nombre por la regi\u00f3n francesa de donde es originaria. Procedente de cultivos 100% de origen ecol\u00f3gicos, la Lenteja Dupuy Bio de ECOSANA, te aportar\u00e1 la m\u00e1xima calidad nutritiva al mismo tiempo que es respetuosa con el medio ambiente. Alabada y reconocida en la alta cocina como el \u00ab\u00a0caviar vegetal\u00a0\u00bb, no solo por su tono algo verdoso y su sabor suave que la caracteriza, sino tambi\u00e9n gracias a su capacidad para permanecer entera una vez cocinada, han hecho de ella una de las lentejas m\u00e1s apreciadas para hacer recetas de lentejas tradicionales. Adem\u00e1s su aporte en hierro es mayor al de cualquier otra especie de lentejas.<br \/><strong>Contenido:<\/strong>Envase de 500 g<\/p>\n<p><a id=\"boton-ficha\" href=\"https:\/\/panel.drasanvi.com\/fichas\/1\/467010039\" target=\"_blank\" rel=\"noopener\">Ficha t\u00e9cnica<\/a><\/p>\n","protected":false},"featured_media":18812,"template":"","meta":{"inline_featured_image":false},"product_cat":[1316],"product_tag":[],"class_list":["post-18810","product","type-product","status-publish","has-post-thumbnail","hentry","product_cat-legumbres"],"yoast_head":"<!-- This site is optimized with the Yoast SEO plugin v27.4 - https:\/\/yoast.com\/product\/yoast-seo-wordpress\/ -->\n<title>Lenteja Dupuy Bio 500 g Ecosana - Drasanvi Francia<\/title>\n<meta name=\"robots\" content=\"index, follow, max-snippet:-1, max-image-preview:large, max-video-preview:-1\" \/>\n<link rel=\"canonical\" href=\"https:\/\/drasanvi.com\/fr\/producto\/lenteja-dupuy-bio-500-g-ecosana\/\" \/>\n<meta property=\"og:locale\" content=\"fr_FR\" \/>\n<meta property=\"og:type\" content=\"article\" \/>\n<meta property=\"og:title\" content=\"Lenteja Dupuy Bio 500 g Ecosana - Drasanvi Francia\" \/>\n<meta property=\"og:description\" content=\"La Lenteja Dupuy es una variedad de lenteja, conocida como lenteja verdina, que recibe este nombre por la regi\u00f3n francesa de donde es originaria. Procedente de cultivos 100% de origen ecol\u00f3gicos, la Lenteja Dupuy Bio de ECOSANA, te aportar\u00e1 la m\u00e1xima calidad nutritiva al mismo tiempo que es respetuosa con el medio ambiente. Alabada y reconocida en la alta cocina como el &quot;caviar vegetal&quot;, no solo por su tono algo verdoso y su sabor suave que la caracteriza, sino tambi\u00e9n gracias a su capacidad para permanecer entera una vez cocinada, han hecho de ella una de las lentejas m\u00e1s apreciadas para hacer recetas de lentejas tradicionales. Adem\u00e1s su aporte en hierro es mayor al de cualquier otra especie de lentejas.Contenido:Envase de 500 gFicha t\u00e9cnica\" \/>\n<meta property=\"og:url\" content=\"https:\/\/drasanvi.com\/fr\/producto\/lenteja-dupuy-bio-500-g-ecosana\/\" \/>\n<meta property=\"og:site_name\" content=\"Drasanvi Francia\" \/>\n<meta property=\"article:modified_time\" content=\"2022-03-10T12:16:18+00:00\" \/>\n<meta property=\"og:image\" content=\"https:\/\/drasanvi.com\/wp-content\/uploads\/sites\/7\/2022\/02\/467010039.png\" \/>\n\t<meta property=\"og:image:width\" content=\"1000\" \/>\n\t<meta property=\"og:image:height\" content=\"1000\" \/>\n\t<meta property=\"og:image:type\" content=\"image\/png\" \/>\n<meta name=\"twitter:card\" content=\"summary_large_image\" \/>\n<script type=\"application\/ld+json\" class=\"yoast-schema-graph\">{\"@context\":\"https:\\\/\\\/schema.org\",\"@graph\":[{\"@type\":\"WebPage\",\"@id\":\"https:\\\/\\\/drasanvi.com\\\/fr\\\/producto\\\/lenteja-dupuy-bio-500-g-ecosana\\\/\",\"url\":\"https:\\\/\\\/drasanvi.com\\\/fr\\\/producto\\\/lenteja-dupuy-bio-500-g-ecosana\\\/\",\"name\":\"Lenteja Dupuy Bio 500 g Ecosana - Drasanvi Francia\",\"isPartOf\":{\"@id\":\"https:\\\/\\\/drasanvi.com\\\/fr\\\/#website\"},\"primaryImageOfPage\":{\"@id\":\"https:\\\/\\\/drasanvi.com\\\/fr\\\/producto\\\/lenteja-dupuy-bio-500-g-ecosana\\\/#primaryimage\"},\"image\":{\"@id\":\"https:\\\/\\\/drasanvi.com\\\/fr\\\/producto\\\/lenteja-dupuy-bio-500-g-ecosana\\\/#primaryimage\"},\"thumbnailUrl\":\"https:\\\/\\\/drasanvi.com\\\/fr\\\/wp-content\\\/uploads\\\/sites\\\/7\\\/2022\\\/02\\\/467010039.png\",\"datePublished\":\"2022-02-11T10:05:11+00:00\",\"dateModified\":\"2022-03-10T12:16:18+00:00\",\"breadcrumb\":{\"@id\":\"https:\\\/\\\/drasanvi.com\\\/fr\\\/producto\\\/lenteja-dupuy-bio-500-g-ecosana\\\/#breadcrumb\"},\"inLanguage\":\"fr-FR\",\"potentialAction\":[{\"@type\":\"ReadAction\",\"target\":[\"https:\\\/\\\/drasanvi.com\\\/fr\\\/producto\\\/lenteja-dupuy-bio-500-g-ecosana\\\/\"]}]},{\"@type\":\"ImageObject\",\"inLanguage\":\"fr-FR\",\"@id\":\"https:\\\/\\\/drasanvi.com\\\/fr\\\/producto\\\/lenteja-dupuy-bio-500-g-ecosana\\\/#primaryimage\",\"url\":\"https:\\\/\\\/drasanvi.com\\\/fr\\\/wp-content\\\/uploads\\\/sites\\\/7\\\/2022\\\/02\\\/467010039.png\",\"contentUrl\":\"https:\\\/\\\/drasanvi.com\\\/fr\\\/wp-content\\\/uploads\\\/sites\\\/7\\\/2022\\\/02\\\/467010039.png\",\"width\":1000,\"height\":1000},{\"@type\":\"BreadcrumbList\",\"@id\":\"https:\\\/\\\/drasanvi.com\\\/fr\\\/producto\\\/lenteja-dupuy-bio-500-g-ecosana\\\/#breadcrumb\",\"itemListElement\":[{\"@type\":\"ListItem\",\"position\":1,\"name\":\"Portada\",\"item\":\"https:\\\/\\\/drasanvi.com\\\/fr\\\/\"},{\"@type\":\"ListItem\",\"position\":2,\"name\":\"Tienda\",\"item\":\"https:\\\/\\\/drasanvi.com\\\/fr\\\/tienda\\\/\"},{\"@type\":\"ListItem\",\"position\":3,\"name\":\"Lenteja Dupuy Bio 500 g Ecosana\"}]},{\"@type\":\"WebSite\",\"@id\":\"https:\\\/\\\/drasanvi.com\\\/fr\\\/#website\",\"url\":\"https:\\\/\\\/drasanvi.com\\\/fr\\\/\",\"name\":\"Drasanvi Francia\",\"description\":\"L\u00edder en complementos alimenticios y cosm\u00e9tica natural.\",\"publisher\":{\"@id\":\"https:\\\/\\\/drasanvi.com\\\/fr\\\/#organization\"},\"potentialAction\":[{\"@type\":\"SearchAction\",\"target\":{\"@type\":\"EntryPoint\",\"urlTemplate\":\"https:\\\/\\\/drasanvi.com\\\/fr\\\/?s={search_term_string}\"},\"query-input\":{\"@type\":\"PropertyValueSpecification\",\"valueRequired\":true,\"valueName\":\"search_term_string\"}}],\"inLanguage\":\"fr-FR\"},{\"@type\":\"Organization\",\"@id\":\"https:\\\/\\\/drasanvi.com\\\/fr\\\/#organization\",\"name\":\"Drasanvi\",\"url\":\"https:\\\/\\\/drasanvi.com\\\/fr\\\/\",\"logo\":{\"@type\":\"ImageObject\",\"inLanguage\":\"fr-FR\",\"@id\":\"https:\\\/\\\/drasanvi.com\\\/fr\\\/#\\\/schema\\\/logo\\\/image\\\/\",\"url\":\"https:\\\/\\\/drasanvi.com\\\/wp-content\\\/uploads\\\/sites\\\/7\\\/2021\\\/07\\\/logo-drasanvi.png\",\"contentUrl\":\"https:\\\/\\\/drasanvi.com\\\/wp-content\\\/uploads\\\/sites\\\/7\\\/2021\\\/07\\\/logo-drasanvi.png\",\"width\":900,\"height\":300,\"caption\":\"Drasanvi\"},\"image\":{\"@id\":\"https:\\\/\\\/drasanvi.com\\\/fr\\\/#\\\/schema\\\/logo\\\/image\\\/\"}}]}<\/script>\n<!-- \/ Yoast SEO plugin. -->","yoast_head_json":{"title":"Lenteja Dupuy Bio 500 g Ecosana - Drasanvi Francia","robots":{"index":"index","follow":"follow","max-snippet":"max-snippet:-1","max-image-preview":"max-image-preview:large","max-video-preview":"max-video-preview:-1"},"canonical":"https:\/\/drasanvi.com\/fr\/producto\/lenteja-dupuy-bio-500-g-ecosana\/","og_locale":"fr_FR","og_type":"article","og_title":"Lenteja Dupuy Bio 500 g Ecosana - Drasanvi Francia","og_description":"La Lenteja Dupuy es una variedad de lenteja, conocida como lenteja verdina, que recibe este nombre por la regi\u00f3n francesa de donde es originaria. Procedente de cultivos 100% de origen ecol\u00f3gicos, la Lenteja Dupuy Bio de ECOSANA, te aportar\u00e1 la m\u00e1xima calidad nutritiva al mismo tiempo que es respetuosa con el medio ambiente. Alabada y reconocida en la alta cocina como el \"caviar vegetal\", no solo por su tono algo verdoso y su sabor suave que la caracteriza, sino tambi\u00e9n gracias a su capacidad para permanecer entera una vez cocinada, han hecho de ella una de las lentejas m\u00e1s apreciadas para hacer recetas de lentejas tradicionales. Adem\u00e1s su aporte en hierro es mayor al de cualquier otra especie de lentejas.Contenido:Envase de 500 gFicha t\u00e9cnica","og_url":"https:\/\/drasanvi.com\/fr\/producto\/lenteja-dupuy-bio-500-g-ecosana\/","og_site_name":"Drasanvi Francia","article_modified_time":"2022-03-10T12:16:18+00:00","og_image":[{"width":1000,"height":1000,"url":"https:\/\/drasanvi.com\/wp-content\/uploads\/sites\/7\/2022\/02\/467010039.png","type":"image\/png"}],"twitter_card":"summary_large_image","schema":{"@context":"https:\/\/schema.org","@graph":[{"@type":"WebPage","@id":"https:\/\/drasanvi.com\/fr\/producto\/lenteja-dupuy-bio-500-g-ecosana\/","url":"https:\/\/drasanvi.com\/fr\/producto\/lenteja-dupuy-bio-500-g-ecosana\/","name":"Lenteja Dupuy Bio 500 g Ecosana - Drasanvi Francia","isPartOf":{"@id":"https:\/\/drasanvi.com\/fr\/#website"},"primaryImageOfPage":{"@id":"https:\/\/drasanvi.com\/fr\/producto\/lenteja-dupuy-bio-500-g-ecosana\/#primaryimage"},"image":{"@id":"https:\/\/drasanvi.com\/fr\/producto\/lenteja-dupuy-bio-500-g-ecosana\/#primaryimage"},"thumbnailUrl":"https:\/\/drasanvi.com\/fr\/wp-content\/uploads\/sites\/7\/2022\/02\/467010039.png","datePublished":"2022-02-11T10:05:11+00:00","dateModified":"2022-03-10T12:16:18+00:00","breadcrumb":{"@id":"https:\/\/drasanvi.com\/fr\/producto\/lenteja-dupuy-bio-500-g-ecosana\/#breadcrumb"},"inLanguage":"fr-FR","potentialAction":[{"@type":"ReadAction","target":["https:\/\/drasanvi.com\/fr\/producto\/lenteja-dupuy-bio-500-g-ecosana\/"]}]},{"@type":"ImageObject","inLanguage":"fr-FR","@id":"https:\/\/drasanvi.com\/fr\/producto\/lenteja-dupuy-bio-500-g-ecosana\/#primaryimage","url":"https:\/\/drasanvi.com\/fr\/wp-content\/uploads\/sites\/7\/2022\/02\/467010039.png","contentUrl":"https:\/\/drasanvi.com\/fr\/wp-content\/uploads\/sites\/7\/2022\/02\/467010039.png","width":1000,"height":1000},{"@type":"BreadcrumbList","@id":"https:\/\/drasanvi.com\/fr\/producto\/lenteja-dupuy-bio-500-g-ecosana\/#breadcrumb","itemListElement":[{"@type":"ListItem","position":1,"name":"Portada","item":"https:\/\/drasanvi.com\/fr\/"},{"@type":"ListItem","position":2,"name":"Tienda","item":"https:\/\/drasanvi.com\/fr\/tienda\/"},{"@type":"ListItem","position":3,"name":"Lenteja Dupuy Bio 500 g Ecosana"}]},{"@type":"WebSite","@id":"https:\/\/drasanvi.com\/fr\/#website","url":"https:\/\/drasanvi.com\/fr\/","name":"Drasanvi Francia","description":"L\u00edder en complementos alimenticios y cosm\u00e9tica natural.","publisher":{"@id":"https:\/\/drasanvi.com\/fr\/#organization"},"potentialAction":[{"@type":"SearchAction","target":{"@type":"EntryPoint","urlTemplate":"https:\/\/drasanvi.com\/fr\/?s={search_term_string}"},"query-input":{"@type":"PropertyValueSpecification","valueRequired":true,"valueName":"search_term_string"}}],"inLanguage":"fr-FR"},{"@type":"Organization","@id":"https:\/\/drasanvi.com\/fr\/#organization","name":"Drasanvi","url":"https:\/\/drasanvi.com\/fr\/","logo":{"@type":"ImageObject","inLanguage":"fr-FR","@id":"https:\/\/drasanvi.com\/fr\/#\/schema\/logo\/image\/","url":"https:\/\/drasanvi.com\/wp-content\/uploads\/sites\/7\/2021\/07\/logo-drasanvi.png","contentUrl":"https:\/\/drasanvi.com\/wp-content\/uploads\/sites\/7\/2021\/07\/logo-drasanvi.png","width":900,"height":300,"caption":"Drasanvi"},"image":{"@id":"https:\/\/drasanvi.com\/fr\/#\/schema\/logo\/image\/"}}]}},"_links":{"self":[{"href":"https:\/\/drasanvi.com\/fr\/wp-json\/wp\/v2\/product\/18810","targetHints":{"allow":["GET"]}}],"collection":[{"href":"https:\/\/drasanvi.com\/fr\/wp-json\/wp\/v2\/product"}],"about":[{"href":"https:\/\/drasanvi.com\/fr\/wp-json\/wp\/v2\/types\/product"}],"version-history":[{"count":0,"href":"https:\/\/drasanvi.com\/fr\/wp-json\/wp\/v2\/product\/18810\/revisions"}],"wp:featuredmedia":[{"embeddable":true,"href":"https:\/\/drasanvi.com\/fr\/wp-json\/wp\/v2\/media\/18812"}],"wp:attachment":[{"href":"https:\/\/drasanvi.com\/fr\/wp-json\/wp\/v2\/media?parent=18810"}],"wp:term":[{"taxonomy":"product_cat","embeddable":true,"href":"https:\/\/drasanvi.com\/fr\/wp-json\/wp\/v2\/product_cat?post=18810"},{"taxonomy":"product_tag","embeddable":true,"href":"https:\/\/drasanvi.com\/fr\/wp-json\/wp\/v2\/product_tag?post=18810"}],"curies":[{"name":"wp","href":"https:\/\/api.w.org\/{rel}","templated":true}]}}