{"id":18742,"date":"2022-02-11T12:04:37","date_gmt":"2022-02-11T10:04:37","guid":{"rendered":"https:\/\/drasanvi.com\/fr\/producto\/harina-de-espelta-integral-bio-500-g-ecosana\/"},"modified":"2022-03-10T14:16:14","modified_gmt":"2022-03-10T12:16:14","slug":"harina-de-espelta-integral-bio-500-g-ecosana","status":"publish","type":"product","link":"https:\/\/drasanvi.com\/fr\/producto\/harina-de-espelta-integral-bio-500-g-ecosana\/","title":{"rendered":"Harina de Espelta Integral Bio 500 g Ecosana"},"content":{"rendered":"<h2>Ingredientes<\/h2>\n<p>Harina de espelta integral*  *Procedente de Agricultura Ecol\u00f3gica.<\/p>\n<h2>Tabla nutricional<\/h2>\n<p>Por cada 100 g        \u00a0  Cantidad      Valor energ\u00e9tico  1445 kJ \/ 342 kcal      Grasas de las cuales saturadas   1,90 g 0,32 g      Hidratos de carbono de los cuales az\u00facares  61,80 g 2,80 g      Fibra   9 g       Prote\u00ednas   14,50 g      Sal  0,005 g<\/p>\n<h3>Modo de uso<\/h3>\n<p>\u00dasala a tu gusto.  La harina de espelta integral es perfecta para elaborar masas, panes, bizcochos, galletas&#8230; pudiendo utilizarse sola o mezclada con otros tipos de harinas.<\/p>\n<h3>Advertencias<\/h3>\n<p>Conservar en un lugar fresco y seco.Contiene&nbsp;Gluten. Puede contener trazas de&nbsp;Soja, S&eacute;samo y Frutos de c&aacute;scara.&nbsp;Conservar en un lugar fresco y seco.<\/p>\n","protected":false},"excerpt":{"rendered":"<p>La Harina de Espelta integral Bio de ECOSANA es obtenida exclusivamente de cultivos ecol\u00f3gicos.  La espelta es uno de los cereales m\u00e1s antiguos de los que se sabe que ya eran cultivados hace m\u00e1s de 7000 a\u00f1os. Se trata de un cereal emparentado con el trigo, cuyo grano es m\u00e1s natural y de mayor valor nutricional que \u00e9ste. Este cereal destaca por su contenido en amino\u00e1cidos esenciales, en vitaminas y minerales.\u00a0 Se utiliza el grano en su totalidad, por ello es integral, destacando su alto contenido en fibra.<br \/><strong>Contenido:<\/strong>Envase de 500 g<\/p>\n<p><a id=\"boton-ficha\" href=\"https:\/\/panel.drasanvi.com\/fichas\/1\/467010033\" target=\"_blank\" rel=\"noopener\">Ficha t\u00e9cnica<\/a><\/p>\n","protected":false},"featured_media":18744,"template":"","meta":{"inline_featured_image":false},"product_cat":[1315],"product_tag":[],"class_list":["post-18742","product","type-product","status-publish","has-post-thumbnail","hentry","product_cat-farines"],"yoast_head":"<!-- This site is optimized with the Yoast SEO plugin v27.4 - https:\/\/yoast.com\/product\/yoast-seo-wordpress\/ -->\n<title>Harina de Espelta Integral Bio 500 g Ecosana - Drasanvi Francia<\/title>\n<meta name=\"robots\" content=\"index, follow, max-snippet:-1, max-image-preview:large, max-video-preview:-1\" \/>\n<link rel=\"canonical\" href=\"https:\/\/drasanvi.com\/fr\/producto\/harina-de-espelta-integral-bio-500-g-ecosana\/\" \/>\n<meta property=\"og:locale\" content=\"fr_FR\" \/>\n<meta property=\"og:type\" content=\"article\" \/>\n<meta property=\"og:title\" content=\"Harina de Espelta Integral Bio 500 g Ecosana - Drasanvi Francia\" \/>\n<meta property=\"og:description\" content=\"La Harina de Espelta integral Bio de ECOSANA es obtenida exclusivamente de cultivos ecol\u00f3gicos. La espelta es uno de los cereales m\u00e1s antiguos de los que se sabe que ya eran cultivados hace m\u00e1s de 7000 a\u00f1os. Se trata de un cereal emparentado con el trigo, cuyo grano es m\u00e1s natural y de mayor valor nutricional que \u00e9ste. Este cereal destaca por su contenido en amino\u00e1cidos esenciales, en vitaminas y minerales.\u00a0 Se utiliza el grano en su totalidad, por ello es integral, destacando su alto contenido en fibra.Contenido:Envase de 500 gFicha t\u00e9cnica\" \/>\n<meta property=\"og:url\" content=\"https:\/\/drasanvi.com\/fr\/producto\/harina-de-espelta-integral-bio-500-g-ecosana\/\" \/>\n<meta property=\"og:site_name\" content=\"Drasanvi Francia\" \/>\n<meta property=\"article:modified_time\" content=\"2022-03-10T12:16:14+00:00\" \/>\n<meta property=\"og:image\" content=\"https:\/\/drasanvi.com\/wp-content\/uploads\/sites\/7\/2022\/02\/467010033.png\" \/>\n\t<meta property=\"og:image:width\" content=\"1200\" \/>\n\t<meta property=\"og:image:height\" content=\"1200\" \/>\n\t<meta property=\"og:image:type\" content=\"image\/png\" \/>\n<meta name=\"twitter:card\" content=\"summary_large_image\" \/>\n<script type=\"application\/ld+json\" class=\"yoast-schema-graph\">{\"@context\":\"https:\\\/\\\/schema.org\",\"@graph\":[{\"@type\":\"WebPage\",\"@id\":\"https:\\\/\\\/drasanvi.com\\\/fr\\\/producto\\\/harina-de-espelta-integral-bio-500-g-ecosana\\\/\",\"url\":\"https:\\\/\\\/drasanvi.com\\\/fr\\\/producto\\\/harina-de-espelta-integral-bio-500-g-ecosana\\\/\",\"name\":\"Harina de Espelta Integral Bio 500 g Ecosana - Drasanvi Francia\",\"isPartOf\":{\"@id\":\"https:\\\/\\\/drasanvi.com\\\/fr\\\/#website\"},\"primaryImageOfPage\":{\"@id\":\"https:\\\/\\\/drasanvi.com\\\/fr\\\/producto\\\/harina-de-espelta-integral-bio-500-g-ecosana\\\/#primaryimage\"},\"image\":{\"@id\":\"https:\\\/\\\/drasanvi.com\\\/fr\\\/producto\\\/harina-de-espelta-integral-bio-500-g-ecosana\\\/#primaryimage\"},\"thumbnailUrl\":\"https:\\\/\\\/drasanvi.com\\\/fr\\\/wp-content\\\/uploads\\\/sites\\\/7\\\/2022\\\/02\\\/467010033.png\",\"datePublished\":\"2022-02-11T10:04:37+00:00\",\"dateModified\":\"2022-03-10T12:16:14+00:00\",\"breadcrumb\":{\"@id\":\"https:\\\/\\\/drasanvi.com\\\/fr\\\/producto\\\/harina-de-espelta-integral-bio-500-g-ecosana\\\/#breadcrumb\"},\"inLanguage\":\"fr-FR\",\"potentialAction\":[{\"@type\":\"ReadAction\",\"target\":[\"https:\\\/\\\/drasanvi.com\\\/fr\\\/producto\\\/harina-de-espelta-integral-bio-500-g-ecosana\\\/\"]}]},{\"@type\":\"ImageObject\",\"inLanguage\":\"fr-FR\",\"@id\":\"https:\\\/\\\/drasanvi.com\\\/fr\\\/producto\\\/harina-de-espelta-integral-bio-500-g-ecosana\\\/#primaryimage\",\"url\":\"https:\\\/\\\/drasanvi.com\\\/fr\\\/wp-content\\\/uploads\\\/sites\\\/7\\\/2022\\\/02\\\/467010033.png\",\"contentUrl\":\"https:\\\/\\\/drasanvi.com\\\/fr\\\/wp-content\\\/uploads\\\/sites\\\/7\\\/2022\\\/02\\\/467010033.png\",\"width\":1200,\"height\":1200},{\"@type\":\"BreadcrumbList\",\"@id\":\"https:\\\/\\\/drasanvi.com\\\/fr\\\/producto\\\/harina-de-espelta-integral-bio-500-g-ecosana\\\/#breadcrumb\",\"itemListElement\":[{\"@type\":\"ListItem\",\"position\":1,\"name\":\"Portada\",\"item\":\"https:\\\/\\\/drasanvi.com\\\/fr\\\/\"},{\"@type\":\"ListItem\",\"position\":2,\"name\":\"Tienda\",\"item\":\"https:\\\/\\\/drasanvi.com\\\/fr\\\/tienda\\\/\"},{\"@type\":\"ListItem\",\"position\":3,\"name\":\"Harina de Espelta Integral Bio 500 g Ecosana\"}]},{\"@type\":\"WebSite\",\"@id\":\"https:\\\/\\\/drasanvi.com\\\/fr\\\/#website\",\"url\":\"https:\\\/\\\/drasanvi.com\\\/fr\\\/\",\"name\":\"Drasanvi Francia\",\"description\":\"L\u00edder en complementos alimenticios y cosm\u00e9tica natural.\",\"publisher\":{\"@id\":\"https:\\\/\\\/drasanvi.com\\\/fr\\\/#organization\"},\"potentialAction\":[{\"@type\":\"SearchAction\",\"target\":{\"@type\":\"EntryPoint\",\"urlTemplate\":\"https:\\\/\\\/drasanvi.com\\\/fr\\\/?s={search_term_string}\"},\"query-input\":{\"@type\":\"PropertyValueSpecification\",\"valueRequired\":true,\"valueName\":\"search_term_string\"}}],\"inLanguage\":\"fr-FR\"},{\"@type\":\"Organization\",\"@id\":\"https:\\\/\\\/drasanvi.com\\\/fr\\\/#organization\",\"name\":\"Drasanvi\",\"url\":\"https:\\\/\\\/drasanvi.com\\\/fr\\\/\",\"logo\":{\"@type\":\"ImageObject\",\"inLanguage\":\"fr-FR\",\"@id\":\"https:\\\/\\\/drasanvi.com\\\/fr\\\/#\\\/schema\\\/logo\\\/image\\\/\",\"url\":\"https:\\\/\\\/drasanvi.com\\\/wp-content\\\/uploads\\\/sites\\\/7\\\/2021\\\/07\\\/logo-drasanvi.png\",\"contentUrl\":\"https:\\\/\\\/drasanvi.com\\\/wp-content\\\/uploads\\\/sites\\\/7\\\/2021\\\/07\\\/logo-drasanvi.png\",\"width\":900,\"height\":300,\"caption\":\"Drasanvi\"},\"image\":{\"@id\":\"https:\\\/\\\/drasanvi.com\\\/fr\\\/#\\\/schema\\\/logo\\\/image\\\/\"}}]}<\/script>\n<!-- \/ Yoast SEO plugin. -->","yoast_head_json":{"title":"Harina de Espelta Integral Bio 500 g Ecosana - Drasanvi Francia","robots":{"index":"index","follow":"follow","max-snippet":"max-snippet:-1","max-image-preview":"max-image-preview:large","max-video-preview":"max-video-preview:-1"},"canonical":"https:\/\/drasanvi.com\/fr\/producto\/harina-de-espelta-integral-bio-500-g-ecosana\/","og_locale":"fr_FR","og_type":"article","og_title":"Harina de Espelta Integral Bio 500 g Ecosana - Drasanvi Francia","og_description":"La Harina de Espelta integral Bio de ECOSANA es obtenida exclusivamente de cultivos ecol\u00f3gicos. La espelta es uno de los cereales m\u00e1s antiguos de los que se sabe que ya eran cultivados hace m\u00e1s de 7000 a\u00f1os. Se trata de un cereal emparentado con el trigo, cuyo grano es m\u00e1s natural y de mayor valor nutricional que \u00e9ste. Este cereal destaca por su contenido en amino\u00e1cidos esenciales, en vitaminas y minerales.\u00a0 Se utiliza el grano en su totalidad, por ello es integral, destacando su alto contenido en fibra.Contenido:Envase de 500 gFicha t\u00e9cnica","og_url":"https:\/\/drasanvi.com\/fr\/producto\/harina-de-espelta-integral-bio-500-g-ecosana\/","og_site_name":"Drasanvi Francia","article_modified_time":"2022-03-10T12:16:14+00:00","og_image":[{"width":1200,"height":1200,"url":"https:\/\/drasanvi.com\/wp-content\/uploads\/sites\/7\/2022\/02\/467010033.png","type":"image\/png"}],"twitter_card":"summary_large_image","schema":{"@context":"https:\/\/schema.org","@graph":[{"@type":"WebPage","@id":"https:\/\/drasanvi.com\/fr\/producto\/harina-de-espelta-integral-bio-500-g-ecosana\/","url":"https:\/\/drasanvi.com\/fr\/producto\/harina-de-espelta-integral-bio-500-g-ecosana\/","name":"Harina de Espelta Integral Bio 500 g Ecosana - Drasanvi Francia","isPartOf":{"@id":"https:\/\/drasanvi.com\/fr\/#website"},"primaryImageOfPage":{"@id":"https:\/\/drasanvi.com\/fr\/producto\/harina-de-espelta-integral-bio-500-g-ecosana\/#primaryimage"},"image":{"@id":"https:\/\/drasanvi.com\/fr\/producto\/harina-de-espelta-integral-bio-500-g-ecosana\/#primaryimage"},"thumbnailUrl":"https:\/\/drasanvi.com\/fr\/wp-content\/uploads\/sites\/7\/2022\/02\/467010033.png","datePublished":"2022-02-11T10:04:37+00:00","dateModified":"2022-03-10T12:16:14+00:00","breadcrumb":{"@id":"https:\/\/drasanvi.com\/fr\/producto\/harina-de-espelta-integral-bio-500-g-ecosana\/#breadcrumb"},"inLanguage":"fr-FR","potentialAction":[{"@type":"ReadAction","target":["https:\/\/drasanvi.com\/fr\/producto\/harina-de-espelta-integral-bio-500-g-ecosana\/"]}]},{"@type":"ImageObject","inLanguage":"fr-FR","@id":"https:\/\/drasanvi.com\/fr\/producto\/harina-de-espelta-integral-bio-500-g-ecosana\/#primaryimage","url":"https:\/\/drasanvi.com\/fr\/wp-content\/uploads\/sites\/7\/2022\/02\/467010033.png","contentUrl":"https:\/\/drasanvi.com\/fr\/wp-content\/uploads\/sites\/7\/2022\/02\/467010033.png","width":1200,"height":1200},{"@type":"BreadcrumbList","@id":"https:\/\/drasanvi.com\/fr\/producto\/harina-de-espelta-integral-bio-500-g-ecosana\/#breadcrumb","itemListElement":[{"@type":"ListItem","position":1,"name":"Portada","item":"https:\/\/drasanvi.com\/fr\/"},{"@type":"ListItem","position":2,"name":"Tienda","item":"https:\/\/drasanvi.com\/fr\/tienda\/"},{"@type":"ListItem","position":3,"name":"Harina de Espelta Integral Bio 500 g Ecosana"}]},{"@type":"WebSite","@id":"https:\/\/drasanvi.com\/fr\/#website","url":"https:\/\/drasanvi.com\/fr\/","name":"Drasanvi Francia","description":"L\u00edder en complementos alimenticios y cosm\u00e9tica natural.","publisher":{"@id":"https:\/\/drasanvi.com\/fr\/#organization"},"potentialAction":[{"@type":"SearchAction","target":{"@type":"EntryPoint","urlTemplate":"https:\/\/drasanvi.com\/fr\/?s={search_term_string}"},"query-input":{"@type":"PropertyValueSpecification","valueRequired":true,"valueName":"search_term_string"}}],"inLanguage":"fr-FR"},{"@type":"Organization","@id":"https:\/\/drasanvi.com\/fr\/#organization","name":"Drasanvi","url":"https:\/\/drasanvi.com\/fr\/","logo":{"@type":"ImageObject","inLanguage":"fr-FR","@id":"https:\/\/drasanvi.com\/fr\/#\/schema\/logo\/image\/","url":"https:\/\/drasanvi.com\/wp-content\/uploads\/sites\/7\/2021\/07\/logo-drasanvi.png","contentUrl":"https:\/\/drasanvi.com\/wp-content\/uploads\/sites\/7\/2021\/07\/logo-drasanvi.png","width":900,"height":300,"caption":"Drasanvi"},"image":{"@id":"https:\/\/drasanvi.com\/fr\/#\/schema\/logo\/image\/"}}]}},"_links":{"self":[{"href":"https:\/\/drasanvi.com\/fr\/wp-json\/wp\/v2\/product\/18742","targetHints":{"allow":["GET"]}}],"collection":[{"href":"https:\/\/drasanvi.com\/fr\/wp-json\/wp\/v2\/product"}],"about":[{"href":"https:\/\/drasanvi.com\/fr\/wp-json\/wp\/v2\/types\/product"}],"version-history":[{"count":0,"href":"https:\/\/drasanvi.com\/fr\/wp-json\/wp\/v2\/product\/18742\/revisions"}],"wp:featuredmedia":[{"embeddable":true,"href":"https:\/\/drasanvi.com\/fr\/wp-json\/wp\/v2\/media\/18744"}],"wp:attachment":[{"href":"https:\/\/drasanvi.com\/fr\/wp-json\/wp\/v2\/media?parent=18742"}],"wp:term":[{"taxonomy":"product_cat","embeddable":true,"href":"https:\/\/drasanvi.com\/fr\/wp-json\/wp\/v2\/product_cat?post=18742"},{"taxonomy":"product_tag","embeddable":true,"href":"https:\/\/drasanvi.com\/fr\/wp-json\/wp\/v2\/product_tag?post=18742"}],"curies":[{"name":"wp","href":"https:\/\/api.w.org\/{rel}","templated":true}]}}