{"id":18704,"date":"2022-02-11T12:04:10","date_gmt":"2022-02-11T10:04:10","guid":{"rendered":"https:\/\/drasanvi.com\/fr\/producto\/mijo-pelado-bio-500-g-ecosana\/"},"modified":"2022-03-10T14:16:11","modified_gmt":"2022-03-10T12:16:11","slug":"mijo-pelado-bio-500-g-ecosana","status":"publish","type":"product","link":"https:\/\/drasanvi.com\/fr\/producto\/mijo-pelado-bio-500-g-ecosana\/","title":{"rendered":"Mijo Pelado Bio 500 g Ecosana"},"content":{"rendered":"<h2>Ingredientes<\/h2>\n<p>Granos de mijo pelado*  *Procedentes de Agricultura Ecol\u00f3gica.<\/p>\n<h2>Tabla nutricional<\/h2>\n<p>Por cada 100 g        \u00a0  Cantidad\u00a0      Valor energ\u00e9tico  1499 kJ \/ 355 kcal      Grasas de las cuales saturadas  4,22 g 0,72 g      Hidratos de carbono de los cuales az\u00facares  64 g 0 g      Fibra   8,50 g       Prote\u00ednas   11 g      Sal  0,01 g<\/p>\n<h3>Modo de uso<\/h3>\n<p>Este cereal es excelente para para que lo disfrutes cocido o tostado en tus desayunos, incorporado solo o junto con otros cereales en tu yogur, leche o la bebida vegetal que prefieras.\u00a0 Tambi\u00e9n puedes probar a tomarlo como una alternativa a los platos de pasta (recuerda que tiene un\u00a0 alto contenido en hidratos de carbono). \u00dasalo a tu gusto.<\/p>\n<h3>Advertencias<\/h3>\n<p>Conservar en un lugar fresco y seco.Puede contener trazas de&nbsp;Soja, S&eacute;samo y Frutos de c&aacute;scara.&nbsp;&nbsp;<\/p>\n","protected":false},"excerpt":{"rendered":"<p>El Mijo Pelado Bio de ECOSANA contiene exclusivamente mijo 100% procedente de la agricultura ecol\u00f3gica, respetando los ciclos naturales de las plantas y sin el empleo de organismos modificados gen\u00e9ticamente, pesticidas, plaguicidas o qu\u00edmicos de cualquier tipo. Contribuyendo de esta manera con el cuidado del Medio Ambiente. El mijo se trata de un cereal naturalmente sin gluten. Destaca por su alto contenido de fibray su contenido en hidratos de carbono.\u00a0\u00a0<br \/><strong>Contenido:<\/strong>Envase de 500 g<\/p>\n<p><a id=\"boton-ficha\" href=\"https:\/\/panel.drasanvi.com\/fichas\/1\/467010043\" target=\"_blank\" rel=\"noopener\">Ficha t\u00e9cnica<\/a><\/p>\n","protected":false},"featured_media":18706,"template":"","meta":{"inline_featured_image":false},"product_cat":[1314],"product_tag":[],"class_list":["post-18704","product","type-product","status-publish","has-post-thumbnail","hentry","product_cat-grain"],"yoast_head":"<!-- This site is optimized with the Yoast SEO plugin v27.5 - https:\/\/yoast.com\/product\/yoast-seo-wordpress\/ -->\n<title>Mijo Pelado Bio 500 g Ecosana - Drasanvi Francia<\/title>\n<meta name=\"robots\" content=\"index, follow, max-snippet:-1, max-image-preview:large, max-video-preview:-1\" \/>\n<link rel=\"canonical\" href=\"https:\/\/drasanvi.com\/fr\/producto\/mijo-pelado-bio-500-g-ecosana\/\" \/>\n<meta property=\"og:locale\" content=\"fr_FR\" \/>\n<meta property=\"og:type\" content=\"article\" \/>\n<meta property=\"og:title\" content=\"Mijo Pelado Bio 500 g Ecosana - Drasanvi Francia\" \/>\n<meta property=\"og:description\" content=\"El Mijo Pelado Bio de ECOSANA contiene exclusivamente mijo 100% procedente de la agricultura ecol\u00f3gica, respetando los ciclos naturales de las plantas y sin el empleo de organismos modificados gen\u00e9ticamente, pesticidas, plaguicidas o qu\u00edmicos de cualquier tipo. Contribuyendo de esta manera con el cuidado del Medio Ambiente. El mijo se trata de un cereal naturalmente sin gluten. Destaca por su alto contenido de fibray su contenido en hidratos de carbono.\u00a0\u00a0Contenido:Envase de 500 gFicha t\u00e9cnica\" \/>\n<meta property=\"og:url\" content=\"https:\/\/drasanvi.com\/fr\/producto\/mijo-pelado-bio-500-g-ecosana\/\" \/>\n<meta property=\"og:site_name\" content=\"Drasanvi Francia\" \/>\n<meta property=\"article:modified_time\" content=\"2022-03-10T12:16:11+00:00\" \/>\n<meta property=\"og:image\" content=\"https:\/\/drasanvi.com\/wp-content\/uploads\/sites\/7\/2022\/02\/467010043.png\" \/>\n\t<meta property=\"og:image:width\" content=\"1200\" \/>\n\t<meta property=\"og:image:height\" content=\"1200\" \/>\n\t<meta property=\"og:image:type\" content=\"image\/png\" \/>\n<meta name=\"twitter:card\" content=\"summary_large_image\" \/>\n<script type=\"application\/ld+json\" class=\"yoast-schema-graph\">{\"@context\":\"https:\\\/\\\/schema.org\",\"@graph\":[{\"@type\":\"WebPage\",\"@id\":\"https:\\\/\\\/drasanvi.com\\\/fr\\\/producto\\\/mijo-pelado-bio-500-g-ecosana\\\/\",\"url\":\"https:\\\/\\\/drasanvi.com\\\/fr\\\/producto\\\/mijo-pelado-bio-500-g-ecosana\\\/\",\"name\":\"Mijo Pelado Bio 500 g Ecosana - Drasanvi Francia\",\"isPartOf\":{\"@id\":\"https:\\\/\\\/drasanvi.com\\\/fr\\\/#website\"},\"primaryImageOfPage\":{\"@id\":\"https:\\\/\\\/drasanvi.com\\\/fr\\\/producto\\\/mijo-pelado-bio-500-g-ecosana\\\/#primaryimage\"},\"image\":{\"@id\":\"https:\\\/\\\/drasanvi.com\\\/fr\\\/producto\\\/mijo-pelado-bio-500-g-ecosana\\\/#primaryimage\"},\"thumbnailUrl\":\"https:\\\/\\\/drasanvi.com\\\/fr\\\/wp-content\\\/uploads\\\/sites\\\/7\\\/2022\\\/02\\\/467010043.png\",\"datePublished\":\"2022-02-11T10:04:10+00:00\",\"dateModified\":\"2022-03-10T12:16:11+00:00\",\"breadcrumb\":{\"@id\":\"https:\\\/\\\/drasanvi.com\\\/fr\\\/producto\\\/mijo-pelado-bio-500-g-ecosana\\\/#breadcrumb\"},\"inLanguage\":\"fr-FR\",\"potentialAction\":[{\"@type\":\"ReadAction\",\"target\":[\"https:\\\/\\\/drasanvi.com\\\/fr\\\/producto\\\/mijo-pelado-bio-500-g-ecosana\\\/\"]}]},{\"@type\":\"ImageObject\",\"inLanguage\":\"fr-FR\",\"@id\":\"https:\\\/\\\/drasanvi.com\\\/fr\\\/producto\\\/mijo-pelado-bio-500-g-ecosana\\\/#primaryimage\",\"url\":\"https:\\\/\\\/drasanvi.com\\\/fr\\\/wp-content\\\/uploads\\\/sites\\\/7\\\/2022\\\/02\\\/467010043.png\",\"contentUrl\":\"https:\\\/\\\/drasanvi.com\\\/fr\\\/wp-content\\\/uploads\\\/sites\\\/7\\\/2022\\\/02\\\/467010043.png\",\"width\":1200,\"height\":1200},{\"@type\":\"BreadcrumbList\",\"@id\":\"https:\\\/\\\/drasanvi.com\\\/fr\\\/producto\\\/mijo-pelado-bio-500-g-ecosana\\\/#breadcrumb\",\"itemListElement\":[{\"@type\":\"ListItem\",\"position\":1,\"name\":\"Portada\",\"item\":\"https:\\\/\\\/drasanvi.com\\\/fr\\\/\"},{\"@type\":\"ListItem\",\"position\":2,\"name\":\"Tienda\",\"item\":\"https:\\\/\\\/drasanvi.com\\\/fr\\\/tienda\\\/\"},{\"@type\":\"ListItem\",\"position\":3,\"name\":\"Mijo Pelado Bio 500 g Ecosana\"}]},{\"@type\":\"WebSite\",\"@id\":\"https:\\\/\\\/drasanvi.com\\\/fr\\\/#website\",\"url\":\"https:\\\/\\\/drasanvi.com\\\/fr\\\/\",\"name\":\"Drasanvi Francia\",\"description\":\"L\u00edder en complementos alimenticios y cosm\u00e9tica natural.\",\"publisher\":{\"@id\":\"https:\\\/\\\/drasanvi.com\\\/fr\\\/#organization\"},\"potentialAction\":[{\"@type\":\"SearchAction\",\"target\":{\"@type\":\"EntryPoint\",\"urlTemplate\":\"https:\\\/\\\/drasanvi.com\\\/fr\\\/?s={search_term_string}\"},\"query-input\":{\"@type\":\"PropertyValueSpecification\",\"valueRequired\":true,\"valueName\":\"search_term_string\"}}],\"inLanguage\":\"fr-FR\"},{\"@type\":\"Organization\",\"@id\":\"https:\\\/\\\/drasanvi.com\\\/fr\\\/#organization\",\"name\":\"Drasanvi\",\"url\":\"https:\\\/\\\/drasanvi.com\\\/fr\\\/\",\"logo\":{\"@type\":\"ImageObject\",\"inLanguage\":\"fr-FR\",\"@id\":\"https:\\\/\\\/drasanvi.com\\\/fr\\\/#\\\/schema\\\/logo\\\/image\\\/\",\"url\":\"https:\\\/\\\/drasanvi.com\\\/wp-content\\\/uploads\\\/sites\\\/7\\\/2021\\\/07\\\/logo-drasanvi.png\",\"contentUrl\":\"https:\\\/\\\/drasanvi.com\\\/wp-content\\\/uploads\\\/sites\\\/7\\\/2021\\\/07\\\/logo-drasanvi.png\",\"width\":900,\"height\":300,\"caption\":\"Drasanvi\"},\"image\":{\"@id\":\"https:\\\/\\\/drasanvi.com\\\/fr\\\/#\\\/schema\\\/logo\\\/image\\\/\"}}]}<\/script>\n<!-- \/ Yoast SEO plugin. -->","yoast_head_json":{"title":"Mijo Pelado Bio 500 g Ecosana - Drasanvi Francia","robots":{"index":"index","follow":"follow","max-snippet":"max-snippet:-1","max-image-preview":"max-image-preview:large","max-video-preview":"max-video-preview:-1"},"canonical":"https:\/\/drasanvi.com\/fr\/producto\/mijo-pelado-bio-500-g-ecosana\/","og_locale":"fr_FR","og_type":"article","og_title":"Mijo Pelado Bio 500 g Ecosana - Drasanvi Francia","og_description":"El Mijo Pelado Bio de ECOSANA contiene exclusivamente mijo 100% procedente de la agricultura ecol\u00f3gica, respetando los ciclos naturales de las plantas y sin el empleo de organismos modificados gen\u00e9ticamente, pesticidas, plaguicidas o qu\u00edmicos de cualquier tipo. Contribuyendo de esta manera con el cuidado del Medio Ambiente. El mijo se trata de un cereal naturalmente sin gluten. Destaca por su alto contenido de fibray su contenido en hidratos de carbono.\u00a0\u00a0Contenido:Envase de 500 gFicha t\u00e9cnica","og_url":"https:\/\/drasanvi.com\/fr\/producto\/mijo-pelado-bio-500-g-ecosana\/","og_site_name":"Drasanvi Francia","article_modified_time":"2022-03-10T12:16:11+00:00","og_image":[{"width":1200,"height":1200,"url":"https:\/\/drasanvi.com\/wp-content\/uploads\/sites\/7\/2022\/02\/467010043.png","type":"image\/png"}],"twitter_card":"summary_large_image","schema":{"@context":"https:\/\/schema.org","@graph":[{"@type":"WebPage","@id":"https:\/\/drasanvi.com\/fr\/producto\/mijo-pelado-bio-500-g-ecosana\/","url":"https:\/\/drasanvi.com\/fr\/producto\/mijo-pelado-bio-500-g-ecosana\/","name":"Mijo Pelado Bio 500 g Ecosana - Drasanvi Francia","isPartOf":{"@id":"https:\/\/drasanvi.com\/fr\/#website"},"primaryImageOfPage":{"@id":"https:\/\/drasanvi.com\/fr\/producto\/mijo-pelado-bio-500-g-ecosana\/#primaryimage"},"image":{"@id":"https:\/\/drasanvi.com\/fr\/producto\/mijo-pelado-bio-500-g-ecosana\/#primaryimage"},"thumbnailUrl":"https:\/\/drasanvi.com\/fr\/wp-content\/uploads\/sites\/7\/2022\/02\/467010043.png","datePublished":"2022-02-11T10:04:10+00:00","dateModified":"2022-03-10T12:16:11+00:00","breadcrumb":{"@id":"https:\/\/drasanvi.com\/fr\/producto\/mijo-pelado-bio-500-g-ecosana\/#breadcrumb"},"inLanguage":"fr-FR","potentialAction":[{"@type":"ReadAction","target":["https:\/\/drasanvi.com\/fr\/producto\/mijo-pelado-bio-500-g-ecosana\/"]}]},{"@type":"ImageObject","inLanguage":"fr-FR","@id":"https:\/\/drasanvi.com\/fr\/producto\/mijo-pelado-bio-500-g-ecosana\/#primaryimage","url":"https:\/\/drasanvi.com\/fr\/wp-content\/uploads\/sites\/7\/2022\/02\/467010043.png","contentUrl":"https:\/\/drasanvi.com\/fr\/wp-content\/uploads\/sites\/7\/2022\/02\/467010043.png","width":1200,"height":1200},{"@type":"BreadcrumbList","@id":"https:\/\/drasanvi.com\/fr\/producto\/mijo-pelado-bio-500-g-ecosana\/#breadcrumb","itemListElement":[{"@type":"ListItem","position":1,"name":"Portada","item":"https:\/\/drasanvi.com\/fr\/"},{"@type":"ListItem","position":2,"name":"Tienda","item":"https:\/\/drasanvi.com\/fr\/tienda\/"},{"@type":"ListItem","position":3,"name":"Mijo Pelado Bio 500 g Ecosana"}]},{"@type":"WebSite","@id":"https:\/\/drasanvi.com\/fr\/#website","url":"https:\/\/drasanvi.com\/fr\/","name":"Drasanvi Francia","description":"L\u00edder en complementos alimenticios y cosm\u00e9tica natural.","publisher":{"@id":"https:\/\/drasanvi.com\/fr\/#organization"},"potentialAction":[{"@type":"SearchAction","target":{"@type":"EntryPoint","urlTemplate":"https:\/\/drasanvi.com\/fr\/?s={search_term_string}"},"query-input":{"@type":"PropertyValueSpecification","valueRequired":true,"valueName":"search_term_string"}}],"inLanguage":"fr-FR"},{"@type":"Organization","@id":"https:\/\/drasanvi.com\/fr\/#organization","name":"Drasanvi","url":"https:\/\/drasanvi.com\/fr\/","logo":{"@type":"ImageObject","inLanguage":"fr-FR","@id":"https:\/\/drasanvi.com\/fr\/#\/schema\/logo\/image\/","url":"https:\/\/drasanvi.com\/wp-content\/uploads\/sites\/7\/2021\/07\/logo-drasanvi.png","contentUrl":"https:\/\/drasanvi.com\/wp-content\/uploads\/sites\/7\/2021\/07\/logo-drasanvi.png","width":900,"height":300,"caption":"Drasanvi"},"image":{"@id":"https:\/\/drasanvi.com\/fr\/#\/schema\/logo\/image\/"}}]}},"_links":{"self":[{"href":"https:\/\/drasanvi.com\/fr\/wp-json\/wp\/v2\/product\/18704","targetHints":{"allow":["GET"]}}],"collection":[{"href":"https:\/\/drasanvi.com\/fr\/wp-json\/wp\/v2\/product"}],"about":[{"href":"https:\/\/drasanvi.com\/fr\/wp-json\/wp\/v2\/types\/product"}],"version-history":[{"count":0,"href":"https:\/\/drasanvi.com\/fr\/wp-json\/wp\/v2\/product\/18704\/revisions"}],"wp:featuredmedia":[{"embeddable":true,"href":"https:\/\/drasanvi.com\/fr\/wp-json\/wp\/v2\/media\/18706"}],"wp:attachment":[{"href":"https:\/\/drasanvi.com\/fr\/wp-json\/wp\/v2\/media?parent=18704"}],"wp:term":[{"taxonomy":"product_cat","embeddable":true,"href":"https:\/\/drasanvi.com\/fr\/wp-json\/wp\/v2\/product_cat?post=18704"},{"taxonomy":"product_tag","embeddable":true,"href":"https:\/\/drasanvi.com\/fr\/wp-json\/wp\/v2\/product_tag?post=18704"}],"curies":[{"name":"wp","href":"https:\/\/api.w.org\/{rel}","templated":true}]}}