{"id":18695,"date":"2022-02-11T12:04:10","date_gmt":"2022-02-11T10:04:10","guid":{"rendered":"https:\/\/drasanvi.com\/fr\/producto\/trigo-sarraceno-bio-500-g-ecosana\/"},"modified":"2022-03-10T14:16:10","modified_gmt":"2022-03-10T12:16:10","slug":"trigo-sarraceno-bio-500-g-ecosana","status":"publish","type":"product","link":"https:\/\/drasanvi.com\/fr\/producto\/trigo-sarraceno-bio-500-g-ecosana\/","title":{"rendered":"Trigo Sarraceno Bio 500 g Ecosana"},"content":{"rendered":"<h2>Ingredientes<\/h2>\n<p>Granos de trigo sarraceno*  *Procedentes de agricultura ecol\u00f3gica.<\/p>\n<h2>Tabla nutricional<\/h2>\n<p>Por cada 100 g        \u00a0  Cantidad      Valor energ\u00e9tico  1435 kJ \/ 343 Kcal      Grasas de las cuales saturadas  3,40 g 0,75 g      Hidratos de carbono de los cuales az\u00facares  71,50 g 0,80g      Fibra   10 g       Prote\u00ednas   13,25 g      Sal  0,0025 g<\/p>\n<h3>Modo de uso<\/h3>\n<p>Puedes utilizarlo como guarnici\u00f3n en tus recetas de carne y pescado o verduras, en salteados o ensaladas.\u00a0\u00a0  Cocinado del grano de trigo sarraceno:  Lavar y secar el grano a fuego fuerte y removiendo (tost\u00e1ndolo previamente a la cocci\u00f3n, hace que el grano quede m\u00e1s suelto una vez cocinado). A\u00f1adir de dos a tres tazas de agua por cada taza de grano. Poner el agua en ebullici\u00f3n, bajar el fuego, taparlo y dejar cocer durante 20 minutos, hasta que el agua se absorba. Dejar reposar, y a partir de aqu\u00ed, guisar o utilizar al gusto.<\/p>\n<h3>Advertencias<\/h3>\n<p>Conservar en un lugar fresco y seco.Puede contener trazas de Frutos de c&aacute;scara, Soja y S&eacute;samo.<\/p>\n","protected":false},"excerpt":{"rendered":"<p>El\u00a0Trigo Sarraceno Bio de\u00a0ECOSANA\u00a0se obtiene exclusivamente de cultivos ecol\u00f3gicos. De esta forma se consigue un producto de calidad nutritiva, adem\u00e1s de respetuoso con el medio ambiente.  El trigo sarraceno se trata de un pseudocereal, cuyo origen se remonta a Asia Central. Destaca por su elevado contenido en hidratos de carbono de absorci\u00f3n lenta y su alto contenido en fibra! Adem\u00e1s, este pseudocereal resulta muy vers\u00e1til, ya que al ser naturalmente Sin Gluten puede utilizarse en muchas recetas para celiacos.\u00a0<br \/><strong>Contenido:<\/strong>Envase de 500 g<\/p>\n<p><a id=\"boton-ficha\" href=\"https:\/\/panel.drasanvi.com\/fichas\/1\/467010104\" target=\"_blank\" rel=\"noopener\">Ficha t\u00e9cnica<\/a><\/p>\n","protected":false},"featured_media":18697,"template":"","meta":{"inline_featured_image":false},"product_cat":[1314],"product_tag":[],"class_list":["post-18695","product","type-product","status-publish","has-post-thumbnail","hentry","product_cat-grain"],"yoast_head":"<!-- This site is optimized with the Yoast SEO plugin v27.5 - https:\/\/yoast.com\/product\/yoast-seo-wordpress\/ -->\n<title>Trigo Sarraceno Bio 500 g Ecosana - Drasanvi Francia<\/title>\n<meta name=\"robots\" content=\"index, follow, max-snippet:-1, max-image-preview:large, max-video-preview:-1\" \/>\n<link rel=\"canonical\" href=\"https:\/\/drasanvi.com\/fr\/producto\/trigo-sarraceno-bio-500-g-ecosana\/\" \/>\n<meta property=\"og:locale\" content=\"fr_FR\" \/>\n<meta property=\"og:type\" content=\"article\" \/>\n<meta property=\"og:title\" content=\"Trigo Sarraceno Bio 500 g Ecosana - Drasanvi Francia\" \/>\n<meta property=\"og:description\" content=\"El\u00a0Trigo Sarraceno Bio de\u00a0ECOSANA\u00a0se obtiene exclusivamente de cultivos ecol\u00f3gicos. De esta forma se consigue un producto de calidad nutritiva, adem\u00e1s de respetuoso con el medio ambiente. El trigo sarraceno se trata de un pseudocereal, cuyo origen se remonta a Asia Central. Destaca por su elevado contenido en hidratos de carbono de absorci\u00f3n lenta y su alto contenido en fibra! Adem\u00e1s, este pseudocereal resulta muy vers\u00e1til, ya que al ser naturalmente Sin Gluten puede utilizarse en muchas recetas para celiacos.\u00a0Contenido:Envase de 500 gFicha t\u00e9cnica\" \/>\n<meta property=\"og:url\" content=\"https:\/\/drasanvi.com\/fr\/producto\/trigo-sarraceno-bio-500-g-ecosana\/\" \/>\n<meta property=\"og:site_name\" content=\"Drasanvi Francia\" \/>\n<meta property=\"article:modified_time\" content=\"2022-03-10T12:16:10+00:00\" \/>\n<meta property=\"og:image\" content=\"https:\/\/drasanvi.com\/wp-content\/uploads\/sites\/7\/2022\/02\/467010104.png\" \/>\n\t<meta property=\"og:image:width\" content=\"1000\" \/>\n\t<meta property=\"og:image:height\" content=\"1000\" \/>\n\t<meta property=\"og:image:type\" content=\"image\/png\" \/>\n<meta name=\"twitter:card\" content=\"summary_large_image\" \/>\n<script type=\"application\/ld+json\" class=\"yoast-schema-graph\">{\"@context\":\"https:\\\/\\\/schema.org\",\"@graph\":[{\"@type\":\"WebPage\",\"@id\":\"https:\\\/\\\/drasanvi.com\\\/fr\\\/producto\\\/trigo-sarraceno-bio-500-g-ecosana\\\/\",\"url\":\"https:\\\/\\\/drasanvi.com\\\/fr\\\/producto\\\/trigo-sarraceno-bio-500-g-ecosana\\\/\",\"name\":\"Trigo Sarraceno Bio 500 g Ecosana - Drasanvi Francia\",\"isPartOf\":{\"@id\":\"https:\\\/\\\/drasanvi.com\\\/fr\\\/#website\"},\"primaryImageOfPage\":{\"@id\":\"https:\\\/\\\/drasanvi.com\\\/fr\\\/producto\\\/trigo-sarraceno-bio-500-g-ecosana\\\/#primaryimage\"},\"image\":{\"@id\":\"https:\\\/\\\/drasanvi.com\\\/fr\\\/producto\\\/trigo-sarraceno-bio-500-g-ecosana\\\/#primaryimage\"},\"thumbnailUrl\":\"https:\\\/\\\/drasanvi.com\\\/fr\\\/wp-content\\\/uploads\\\/sites\\\/7\\\/2022\\\/02\\\/467010104.png\",\"datePublished\":\"2022-02-11T10:04:10+00:00\",\"dateModified\":\"2022-03-10T12:16:10+00:00\",\"breadcrumb\":{\"@id\":\"https:\\\/\\\/drasanvi.com\\\/fr\\\/producto\\\/trigo-sarraceno-bio-500-g-ecosana\\\/#breadcrumb\"},\"inLanguage\":\"fr-FR\",\"potentialAction\":[{\"@type\":\"ReadAction\",\"target\":[\"https:\\\/\\\/drasanvi.com\\\/fr\\\/producto\\\/trigo-sarraceno-bio-500-g-ecosana\\\/\"]}]},{\"@type\":\"ImageObject\",\"inLanguage\":\"fr-FR\",\"@id\":\"https:\\\/\\\/drasanvi.com\\\/fr\\\/producto\\\/trigo-sarraceno-bio-500-g-ecosana\\\/#primaryimage\",\"url\":\"https:\\\/\\\/drasanvi.com\\\/fr\\\/wp-content\\\/uploads\\\/sites\\\/7\\\/2022\\\/02\\\/467010104.png\",\"contentUrl\":\"https:\\\/\\\/drasanvi.com\\\/fr\\\/wp-content\\\/uploads\\\/sites\\\/7\\\/2022\\\/02\\\/467010104.png\",\"width\":1000,\"height\":1000},{\"@type\":\"BreadcrumbList\",\"@id\":\"https:\\\/\\\/drasanvi.com\\\/fr\\\/producto\\\/trigo-sarraceno-bio-500-g-ecosana\\\/#breadcrumb\",\"itemListElement\":[{\"@type\":\"ListItem\",\"position\":1,\"name\":\"Portada\",\"item\":\"https:\\\/\\\/drasanvi.com\\\/fr\\\/\"},{\"@type\":\"ListItem\",\"position\":2,\"name\":\"Tienda\",\"item\":\"https:\\\/\\\/drasanvi.com\\\/fr\\\/tienda\\\/\"},{\"@type\":\"ListItem\",\"position\":3,\"name\":\"Trigo Sarraceno Bio 500 g Ecosana\"}]},{\"@type\":\"WebSite\",\"@id\":\"https:\\\/\\\/drasanvi.com\\\/fr\\\/#website\",\"url\":\"https:\\\/\\\/drasanvi.com\\\/fr\\\/\",\"name\":\"Drasanvi Francia\",\"description\":\"L\u00edder en complementos alimenticios y cosm\u00e9tica natural.\",\"publisher\":{\"@id\":\"https:\\\/\\\/drasanvi.com\\\/fr\\\/#organization\"},\"potentialAction\":[{\"@type\":\"SearchAction\",\"target\":{\"@type\":\"EntryPoint\",\"urlTemplate\":\"https:\\\/\\\/drasanvi.com\\\/fr\\\/?s={search_term_string}\"},\"query-input\":{\"@type\":\"PropertyValueSpecification\",\"valueRequired\":true,\"valueName\":\"search_term_string\"}}],\"inLanguage\":\"fr-FR\"},{\"@type\":\"Organization\",\"@id\":\"https:\\\/\\\/drasanvi.com\\\/fr\\\/#organization\",\"name\":\"Drasanvi\",\"url\":\"https:\\\/\\\/drasanvi.com\\\/fr\\\/\",\"logo\":{\"@type\":\"ImageObject\",\"inLanguage\":\"fr-FR\",\"@id\":\"https:\\\/\\\/drasanvi.com\\\/fr\\\/#\\\/schema\\\/logo\\\/image\\\/\",\"url\":\"https:\\\/\\\/drasanvi.com\\\/wp-content\\\/uploads\\\/sites\\\/7\\\/2021\\\/07\\\/logo-drasanvi.png\",\"contentUrl\":\"https:\\\/\\\/drasanvi.com\\\/wp-content\\\/uploads\\\/sites\\\/7\\\/2021\\\/07\\\/logo-drasanvi.png\",\"width\":900,\"height\":300,\"caption\":\"Drasanvi\"},\"image\":{\"@id\":\"https:\\\/\\\/drasanvi.com\\\/fr\\\/#\\\/schema\\\/logo\\\/image\\\/\"}}]}<\/script>\n<!-- \/ Yoast SEO plugin. -->","yoast_head_json":{"title":"Trigo Sarraceno Bio 500 g Ecosana - Drasanvi Francia","robots":{"index":"index","follow":"follow","max-snippet":"max-snippet:-1","max-image-preview":"max-image-preview:large","max-video-preview":"max-video-preview:-1"},"canonical":"https:\/\/drasanvi.com\/fr\/producto\/trigo-sarraceno-bio-500-g-ecosana\/","og_locale":"fr_FR","og_type":"article","og_title":"Trigo Sarraceno Bio 500 g Ecosana - Drasanvi Francia","og_description":"El\u00a0Trigo Sarraceno Bio de\u00a0ECOSANA\u00a0se obtiene exclusivamente de cultivos ecol\u00f3gicos. De esta forma se consigue un producto de calidad nutritiva, adem\u00e1s de respetuoso con el medio ambiente. El trigo sarraceno se trata de un pseudocereal, cuyo origen se remonta a Asia Central. Destaca por su elevado contenido en hidratos de carbono de absorci\u00f3n lenta y su alto contenido en fibra! Adem\u00e1s, este pseudocereal resulta muy vers\u00e1til, ya que al ser naturalmente Sin Gluten puede utilizarse en muchas recetas para celiacos.\u00a0Contenido:Envase de 500 gFicha t\u00e9cnica","og_url":"https:\/\/drasanvi.com\/fr\/producto\/trigo-sarraceno-bio-500-g-ecosana\/","og_site_name":"Drasanvi Francia","article_modified_time":"2022-03-10T12:16:10+00:00","og_image":[{"width":1000,"height":1000,"url":"https:\/\/drasanvi.com\/wp-content\/uploads\/sites\/7\/2022\/02\/467010104.png","type":"image\/png"}],"twitter_card":"summary_large_image","schema":{"@context":"https:\/\/schema.org","@graph":[{"@type":"WebPage","@id":"https:\/\/drasanvi.com\/fr\/producto\/trigo-sarraceno-bio-500-g-ecosana\/","url":"https:\/\/drasanvi.com\/fr\/producto\/trigo-sarraceno-bio-500-g-ecosana\/","name":"Trigo Sarraceno Bio 500 g Ecosana - Drasanvi Francia","isPartOf":{"@id":"https:\/\/drasanvi.com\/fr\/#website"},"primaryImageOfPage":{"@id":"https:\/\/drasanvi.com\/fr\/producto\/trigo-sarraceno-bio-500-g-ecosana\/#primaryimage"},"image":{"@id":"https:\/\/drasanvi.com\/fr\/producto\/trigo-sarraceno-bio-500-g-ecosana\/#primaryimage"},"thumbnailUrl":"https:\/\/drasanvi.com\/fr\/wp-content\/uploads\/sites\/7\/2022\/02\/467010104.png","datePublished":"2022-02-11T10:04:10+00:00","dateModified":"2022-03-10T12:16:10+00:00","breadcrumb":{"@id":"https:\/\/drasanvi.com\/fr\/producto\/trigo-sarraceno-bio-500-g-ecosana\/#breadcrumb"},"inLanguage":"fr-FR","potentialAction":[{"@type":"ReadAction","target":["https:\/\/drasanvi.com\/fr\/producto\/trigo-sarraceno-bio-500-g-ecosana\/"]}]},{"@type":"ImageObject","inLanguage":"fr-FR","@id":"https:\/\/drasanvi.com\/fr\/producto\/trigo-sarraceno-bio-500-g-ecosana\/#primaryimage","url":"https:\/\/drasanvi.com\/fr\/wp-content\/uploads\/sites\/7\/2022\/02\/467010104.png","contentUrl":"https:\/\/drasanvi.com\/fr\/wp-content\/uploads\/sites\/7\/2022\/02\/467010104.png","width":1000,"height":1000},{"@type":"BreadcrumbList","@id":"https:\/\/drasanvi.com\/fr\/producto\/trigo-sarraceno-bio-500-g-ecosana\/#breadcrumb","itemListElement":[{"@type":"ListItem","position":1,"name":"Portada","item":"https:\/\/drasanvi.com\/fr\/"},{"@type":"ListItem","position":2,"name":"Tienda","item":"https:\/\/drasanvi.com\/fr\/tienda\/"},{"@type":"ListItem","position":3,"name":"Trigo Sarraceno Bio 500 g Ecosana"}]},{"@type":"WebSite","@id":"https:\/\/drasanvi.com\/fr\/#website","url":"https:\/\/drasanvi.com\/fr\/","name":"Drasanvi Francia","description":"L\u00edder en complementos alimenticios y cosm\u00e9tica natural.","publisher":{"@id":"https:\/\/drasanvi.com\/fr\/#organization"},"potentialAction":[{"@type":"SearchAction","target":{"@type":"EntryPoint","urlTemplate":"https:\/\/drasanvi.com\/fr\/?s={search_term_string}"},"query-input":{"@type":"PropertyValueSpecification","valueRequired":true,"valueName":"search_term_string"}}],"inLanguage":"fr-FR"},{"@type":"Organization","@id":"https:\/\/drasanvi.com\/fr\/#organization","name":"Drasanvi","url":"https:\/\/drasanvi.com\/fr\/","logo":{"@type":"ImageObject","inLanguage":"fr-FR","@id":"https:\/\/drasanvi.com\/fr\/#\/schema\/logo\/image\/","url":"https:\/\/drasanvi.com\/wp-content\/uploads\/sites\/7\/2021\/07\/logo-drasanvi.png","contentUrl":"https:\/\/drasanvi.com\/wp-content\/uploads\/sites\/7\/2021\/07\/logo-drasanvi.png","width":900,"height":300,"caption":"Drasanvi"},"image":{"@id":"https:\/\/drasanvi.com\/fr\/#\/schema\/logo\/image\/"}}]}},"_links":{"self":[{"href":"https:\/\/drasanvi.com\/fr\/wp-json\/wp\/v2\/product\/18695","targetHints":{"allow":["GET"]}}],"collection":[{"href":"https:\/\/drasanvi.com\/fr\/wp-json\/wp\/v2\/product"}],"about":[{"href":"https:\/\/drasanvi.com\/fr\/wp-json\/wp\/v2\/types\/product"}],"version-history":[{"count":0,"href":"https:\/\/drasanvi.com\/fr\/wp-json\/wp\/v2\/product\/18695\/revisions"}],"wp:featuredmedia":[{"embeddable":true,"href":"https:\/\/drasanvi.com\/fr\/wp-json\/wp\/v2\/media\/18697"}],"wp:attachment":[{"href":"https:\/\/drasanvi.com\/fr\/wp-json\/wp\/v2\/media?parent=18695"}],"wp:term":[{"taxonomy":"product_cat","embeddable":true,"href":"https:\/\/drasanvi.com\/fr\/wp-json\/wp\/v2\/product_cat?post=18695"},{"taxonomy":"product_tag","embeddable":true,"href":"https:\/\/drasanvi.com\/fr\/wp-json\/wp\/v2\/product_tag?post=18695"}],"curies":[{"name":"wp","href":"https:\/\/api.w.org\/{rel}","templated":true}]}}