{"id":18692,"date":"2022-02-11T12:04:10","date_gmt":"2022-02-11T10:04:10","guid":{"rendered":"https:\/\/drasanvi.com\/fr\/producto\/quinoa-negra-bio-400-g-ecosana\/"},"modified":"2022-03-10T14:16:10","modified_gmt":"2022-03-10T12:16:10","slug":"quinoa-negra-bio-400-g-ecosana","status":"publish","type":"product","link":"https:\/\/drasanvi.com\/fr\/producto\/quinoa-negra-bio-400-g-ecosana\/","title":{"rendered":"Quinoa Negra Bio 400 g Ecosana"},"content":{"rendered":"<h2>Ingredientes<\/h2>\n<p>Granos de quinoa negra*  *Procedentes de Agricultura Ecol\u00f3gica.<\/p>\n<h2>Tabla nutricional<\/h2>\n<p>Por cada 100 g        \u00a0  Cantidad      Valor energ\u00e9tico  1683 kJ \/ 402 kcal\u00a0      Grasas de las cuales saturadas  7,60 g 3,50\u00a0g      Hidratos de carbono de los cuales az\u00facares   66,10 g 7,40\u00a0g      Fibra   10,03 g      Prote\u00ednas  12,10 g      Sal  0,02 g<\/p>\n<h3>Modo de uso<\/h3>\n<p>En los detalles de la cocci\u00f3n de la quinoa est\u00e1 la diferencia de obtener una masa aguada y blandurria o una textura agradable.\u00a0 Tiene que presentar el grano ligeramente suelto y esponjoso.\u00a0  Previamente hay que lavar la quinoa, poniendo los granos en un recipiente debajo del grifo. A continuaci\u00f3n, ponemos en una cazuela una parte de quinoa por una y media de agua. Una vez haya llegado a ebullici\u00f3n, tapamos y ponemos el fuego al m\u00ednimo durante 20 minutos. Una se\u00f1al de que la quinoa est\u00e1 bien cocida es que se vea el grano transparente con un anillo alrededor y que \u00e9ste no se separe. Si es necesario, escurrimos el agua sobrante. Despu\u00e9s, dejamos reposar durante 5 minutos y aireamos suavemente con un tenedor.  Ya estar\u00eda lista para acompa\u00f1arla con las verduras que m\u00e1s te gusten!<\/p>\n<h3>Advertencias<\/h3>\n<p>Conservar en un lugar fresco y seco.Puede contener trazas de Gluten, Frutos de c&aacute;scara, S&eacute;samo y Soja.&nbsp;<\/p>\n","protected":false},"excerpt":{"rendered":"<p>La quinoa es una semilla originaria de la cordillera de los Andes. Esta semilla, se confunde habitualmente con un cereal, ya que su composici\u00f3n en hidratos de carbono y su forma de cocinar es muy similar, por lo que se considera un pseudocereal. La Quinoa negra Bio de ECOSANA procede de cultivos ecol\u00f3gicos, obteniendo un producto de mayor calidad y respetuoso con el medio ambiente. Se trata de una variedad de semilla de color negro. Te aportar\u00e1 un alto contenido de fibra, grasas saludables omega 3 y amino\u00e1cidos esenciales; adem\u00e1s de prote\u00ednas y carbohidratos.\u00a0\u00a0  La quinoa negra es una de las variedades de semillas m\u00e1s raras de encontrar en el mercado, distingui\u00e9ndose de las dem\u00e1s variedades por ser rica en litio, una sal met\u00e1lica a la que se le han atribuido a lo largo del tiempo un efecto beneficioso para subir el \u00e1nimo.\u00a0<br \/><strong>Contenido:<\/strong>Envase de 400 g<\/p>\n<p><a id=\"boton-ficha\" href=\"https:\/\/panel.drasanvi.com\/fichas\/1\/467010114\" target=\"_blank\" rel=\"noopener\">Ficha t\u00e9cnica<\/a><\/p>\n","protected":false},"featured_media":18694,"template":"","meta":{"inline_featured_image":false},"product_cat":[1314],"product_tag":[],"class_list":["post-18692","product","type-product","status-publish","has-post-thumbnail","hentry","product_cat-grain"],"yoast_head":"<!-- This site is optimized with the Yoast SEO plugin v27.5 - https:\/\/yoast.com\/product\/yoast-seo-wordpress\/ -->\n<title>Quinoa Negra Bio 400 g Ecosana - Drasanvi Francia<\/title>\n<meta name=\"robots\" content=\"index, follow, max-snippet:-1, max-image-preview:large, max-video-preview:-1\" \/>\n<link rel=\"canonical\" href=\"https:\/\/drasanvi.com\/fr\/producto\/quinoa-negra-bio-400-g-ecosana\/\" \/>\n<meta property=\"og:locale\" content=\"fr_FR\" \/>\n<meta property=\"og:type\" content=\"article\" \/>\n<meta property=\"og:title\" content=\"Quinoa Negra Bio 400 g Ecosana - Drasanvi Francia\" \/>\n<meta property=\"og:description\" content=\"La quinoa es una semilla originaria de la cordillera de los Andes. Esta semilla, se confunde habitualmente con un cereal, ya que su composici\u00f3n en hidratos de carbono y su forma de cocinar es muy similar, por lo que se considera un pseudocereal. La Quinoa negra Bio de ECOSANA procede de cultivos ecol\u00f3gicos, obteniendo un producto de mayor calidad y respetuoso con el medio ambiente. Se trata de una variedad de semilla de color negro. Te aportar\u00e1 un alto contenido de fibra, grasas saludables omega 3 y amino\u00e1cidos esenciales; adem\u00e1s de prote\u00ednas y carbohidratos.\u00a0\u00a0 La quinoa negra es una de las variedades de semillas m\u00e1s raras de encontrar en el mercado, distingui\u00e9ndose de las dem\u00e1s variedades por ser rica en litio, una sal met\u00e1lica a la que se le han atribuido a lo largo del tiempo un efecto beneficioso para subir el \u00e1nimo.\u00a0Contenido:Envase de 400 gFicha t\u00e9cnica\" \/>\n<meta property=\"og:url\" content=\"https:\/\/drasanvi.com\/fr\/producto\/quinoa-negra-bio-400-g-ecosana\/\" \/>\n<meta property=\"og:site_name\" content=\"Drasanvi Francia\" \/>\n<meta property=\"article:modified_time\" content=\"2022-03-10T12:16:10+00:00\" \/>\n<meta property=\"og:image\" content=\"https:\/\/drasanvi.com\/wp-content\/uploads\/sites\/7\/2022\/02\/467010114.png\" \/>\n\t<meta property=\"og:image:width\" content=\"1000\" \/>\n\t<meta property=\"og:image:height\" content=\"1000\" \/>\n\t<meta property=\"og:image:type\" content=\"image\/png\" \/>\n<meta name=\"twitter:card\" content=\"summary_large_image\" \/>\n<script type=\"application\/ld+json\" class=\"yoast-schema-graph\">{\"@context\":\"https:\\\/\\\/schema.org\",\"@graph\":[{\"@type\":\"WebPage\",\"@id\":\"https:\\\/\\\/drasanvi.com\\\/fr\\\/producto\\\/quinoa-negra-bio-400-g-ecosana\\\/\",\"url\":\"https:\\\/\\\/drasanvi.com\\\/fr\\\/producto\\\/quinoa-negra-bio-400-g-ecosana\\\/\",\"name\":\"Quinoa Negra Bio 400 g Ecosana - Drasanvi Francia\",\"isPartOf\":{\"@id\":\"https:\\\/\\\/drasanvi.com\\\/fr\\\/#website\"},\"primaryImageOfPage\":{\"@id\":\"https:\\\/\\\/drasanvi.com\\\/fr\\\/producto\\\/quinoa-negra-bio-400-g-ecosana\\\/#primaryimage\"},\"image\":{\"@id\":\"https:\\\/\\\/drasanvi.com\\\/fr\\\/producto\\\/quinoa-negra-bio-400-g-ecosana\\\/#primaryimage\"},\"thumbnailUrl\":\"https:\\\/\\\/drasanvi.com\\\/fr\\\/wp-content\\\/uploads\\\/sites\\\/7\\\/2022\\\/02\\\/467010114.png\",\"datePublished\":\"2022-02-11T10:04:10+00:00\",\"dateModified\":\"2022-03-10T12:16:10+00:00\",\"breadcrumb\":{\"@id\":\"https:\\\/\\\/drasanvi.com\\\/fr\\\/producto\\\/quinoa-negra-bio-400-g-ecosana\\\/#breadcrumb\"},\"inLanguage\":\"fr-FR\",\"potentialAction\":[{\"@type\":\"ReadAction\",\"target\":[\"https:\\\/\\\/drasanvi.com\\\/fr\\\/producto\\\/quinoa-negra-bio-400-g-ecosana\\\/\"]}]},{\"@type\":\"ImageObject\",\"inLanguage\":\"fr-FR\",\"@id\":\"https:\\\/\\\/drasanvi.com\\\/fr\\\/producto\\\/quinoa-negra-bio-400-g-ecosana\\\/#primaryimage\",\"url\":\"https:\\\/\\\/drasanvi.com\\\/fr\\\/wp-content\\\/uploads\\\/sites\\\/7\\\/2022\\\/02\\\/467010114.png\",\"contentUrl\":\"https:\\\/\\\/drasanvi.com\\\/fr\\\/wp-content\\\/uploads\\\/sites\\\/7\\\/2022\\\/02\\\/467010114.png\",\"width\":1000,\"height\":1000},{\"@type\":\"BreadcrumbList\",\"@id\":\"https:\\\/\\\/drasanvi.com\\\/fr\\\/producto\\\/quinoa-negra-bio-400-g-ecosana\\\/#breadcrumb\",\"itemListElement\":[{\"@type\":\"ListItem\",\"position\":1,\"name\":\"Portada\",\"item\":\"https:\\\/\\\/drasanvi.com\\\/fr\\\/\"},{\"@type\":\"ListItem\",\"position\":2,\"name\":\"Tienda\",\"item\":\"https:\\\/\\\/drasanvi.com\\\/fr\\\/tienda\\\/\"},{\"@type\":\"ListItem\",\"position\":3,\"name\":\"Quinoa Negra Bio 400 g Ecosana\"}]},{\"@type\":\"WebSite\",\"@id\":\"https:\\\/\\\/drasanvi.com\\\/fr\\\/#website\",\"url\":\"https:\\\/\\\/drasanvi.com\\\/fr\\\/\",\"name\":\"Drasanvi Francia\",\"description\":\"L\u00edder en complementos alimenticios y cosm\u00e9tica natural.\",\"publisher\":{\"@id\":\"https:\\\/\\\/drasanvi.com\\\/fr\\\/#organization\"},\"potentialAction\":[{\"@type\":\"SearchAction\",\"target\":{\"@type\":\"EntryPoint\",\"urlTemplate\":\"https:\\\/\\\/drasanvi.com\\\/fr\\\/?s={search_term_string}\"},\"query-input\":{\"@type\":\"PropertyValueSpecification\",\"valueRequired\":true,\"valueName\":\"search_term_string\"}}],\"inLanguage\":\"fr-FR\"},{\"@type\":\"Organization\",\"@id\":\"https:\\\/\\\/drasanvi.com\\\/fr\\\/#organization\",\"name\":\"Drasanvi\",\"url\":\"https:\\\/\\\/drasanvi.com\\\/fr\\\/\",\"logo\":{\"@type\":\"ImageObject\",\"inLanguage\":\"fr-FR\",\"@id\":\"https:\\\/\\\/drasanvi.com\\\/fr\\\/#\\\/schema\\\/logo\\\/image\\\/\",\"url\":\"https:\\\/\\\/drasanvi.com\\\/wp-content\\\/uploads\\\/sites\\\/7\\\/2021\\\/07\\\/logo-drasanvi.png\",\"contentUrl\":\"https:\\\/\\\/drasanvi.com\\\/wp-content\\\/uploads\\\/sites\\\/7\\\/2021\\\/07\\\/logo-drasanvi.png\",\"width\":900,\"height\":300,\"caption\":\"Drasanvi\"},\"image\":{\"@id\":\"https:\\\/\\\/drasanvi.com\\\/fr\\\/#\\\/schema\\\/logo\\\/image\\\/\"}}]}<\/script>\n<!-- \/ Yoast SEO plugin. -->","yoast_head_json":{"title":"Quinoa Negra Bio 400 g Ecosana - Drasanvi Francia","robots":{"index":"index","follow":"follow","max-snippet":"max-snippet:-1","max-image-preview":"max-image-preview:large","max-video-preview":"max-video-preview:-1"},"canonical":"https:\/\/drasanvi.com\/fr\/producto\/quinoa-negra-bio-400-g-ecosana\/","og_locale":"fr_FR","og_type":"article","og_title":"Quinoa Negra Bio 400 g Ecosana - Drasanvi Francia","og_description":"La quinoa es una semilla originaria de la cordillera de los Andes. Esta semilla, se confunde habitualmente con un cereal, ya que su composici\u00f3n en hidratos de carbono y su forma de cocinar es muy similar, por lo que se considera un pseudocereal. La Quinoa negra Bio de ECOSANA procede de cultivos ecol\u00f3gicos, obteniendo un producto de mayor calidad y respetuoso con el medio ambiente. Se trata de una variedad de semilla de color negro. Te aportar\u00e1 un alto contenido de fibra, grasas saludables omega 3 y amino\u00e1cidos esenciales; adem\u00e1s de prote\u00ednas y carbohidratos.\u00a0\u00a0 La quinoa negra es una de las variedades de semillas m\u00e1s raras de encontrar en el mercado, distingui\u00e9ndose de las dem\u00e1s variedades por ser rica en litio, una sal met\u00e1lica a la que se le han atribuido a lo largo del tiempo un efecto beneficioso para subir el \u00e1nimo.\u00a0Contenido:Envase de 400 gFicha t\u00e9cnica","og_url":"https:\/\/drasanvi.com\/fr\/producto\/quinoa-negra-bio-400-g-ecosana\/","og_site_name":"Drasanvi Francia","article_modified_time":"2022-03-10T12:16:10+00:00","og_image":[{"width":1000,"height":1000,"url":"https:\/\/drasanvi.com\/wp-content\/uploads\/sites\/7\/2022\/02\/467010114.png","type":"image\/png"}],"twitter_card":"summary_large_image","schema":{"@context":"https:\/\/schema.org","@graph":[{"@type":"WebPage","@id":"https:\/\/drasanvi.com\/fr\/producto\/quinoa-negra-bio-400-g-ecosana\/","url":"https:\/\/drasanvi.com\/fr\/producto\/quinoa-negra-bio-400-g-ecosana\/","name":"Quinoa Negra Bio 400 g Ecosana - Drasanvi Francia","isPartOf":{"@id":"https:\/\/drasanvi.com\/fr\/#website"},"primaryImageOfPage":{"@id":"https:\/\/drasanvi.com\/fr\/producto\/quinoa-negra-bio-400-g-ecosana\/#primaryimage"},"image":{"@id":"https:\/\/drasanvi.com\/fr\/producto\/quinoa-negra-bio-400-g-ecosana\/#primaryimage"},"thumbnailUrl":"https:\/\/drasanvi.com\/fr\/wp-content\/uploads\/sites\/7\/2022\/02\/467010114.png","datePublished":"2022-02-11T10:04:10+00:00","dateModified":"2022-03-10T12:16:10+00:00","breadcrumb":{"@id":"https:\/\/drasanvi.com\/fr\/producto\/quinoa-negra-bio-400-g-ecosana\/#breadcrumb"},"inLanguage":"fr-FR","potentialAction":[{"@type":"ReadAction","target":["https:\/\/drasanvi.com\/fr\/producto\/quinoa-negra-bio-400-g-ecosana\/"]}]},{"@type":"ImageObject","inLanguage":"fr-FR","@id":"https:\/\/drasanvi.com\/fr\/producto\/quinoa-negra-bio-400-g-ecosana\/#primaryimage","url":"https:\/\/drasanvi.com\/fr\/wp-content\/uploads\/sites\/7\/2022\/02\/467010114.png","contentUrl":"https:\/\/drasanvi.com\/fr\/wp-content\/uploads\/sites\/7\/2022\/02\/467010114.png","width":1000,"height":1000},{"@type":"BreadcrumbList","@id":"https:\/\/drasanvi.com\/fr\/producto\/quinoa-negra-bio-400-g-ecosana\/#breadcrumb","itemListElement":[{"@type":"ListItem","position":1,"name":"Portada","item":"https:\/\/drasanvi.com\/fr\/"},{"@type":"ListItem","position":2,"name":"Tienda","item":"https:\/\/drasanvi.com\/fr\/tienda\/"},{"@type":"ListItem","position":3,"name":"Quinoa Negra Bio 400 g Ecosana"}]},{"@type":"WebSite","@id":"https:\/\/drasanvi.com\/fr\/#website","url":"https:\/\/drasanvi.com\/fr\/","name":"Drasanvi Francia","description":"L\u00edder en complementos alimenticios y cosm\u00e9tica natural.","publisher":{"@id":"https:\/\/drasanvi.com\/fr\/#organization"},"potentialAction":[{"@type":"SearchAction","target":{"@type":"EntryPoint","urlTemplate":"https:\/\/drasanvi.com\/fr\/?s={search_term_string}"},"query-input":{"@type":"PropertyValueSpecification","valueRequired":true,"valueName":"search_term_string"}}],"inLanguage":"fr-FR"},{"@type":"Organization","@id":"https:\/\/drasanvi.com\/fr\/#organization","name":"Drasanvi","url":"https:\/\/drasanvi.com\/fr\/","logo":{"@type":"ImageObject","inLanguage":"fr-FR","@id":"https:\/\/drasanvi.com\/fr\/#\/schema\/logo\/image\/","url":"https:\/\/drasanvi.com\/wp-content\/uploads\/sites\/7\/2021\/07\/logo-drasanvi.png","contentUrl":"https:\/\/drasanvi.com\/wp-content\/uploads\/sites\/7\/2021\/07\/logo-drasanvi.png","width":900,"height":300,"caption":"Drasanvi"},"image":{"@id":"https:\/\/drasanvi.com\/fr\/#\/schema\/logo\/image\/"}}]}},"_links":{"self":[{"href":"https:\/\/drasanvi.com\/fr\/wp-json\/wp\/v2\/product\/18692","targetHints":{"allow":["GET"]}}],"collection":[{"href":"https:\/\/drasanvi.com\/fr\/wp-json\/wp\/v2\/product"}],"about":[{"href":"https:\/\/drasanvi.com\/fr\/wp-json\/wp\/v2\/types\/product"}],"version-history":[{"count":0,"href":"https:\/\/drasanvi.com\/fr\/wp-json\/wp\/v2\/product\/18692\/revisions"}],"wp:featuredmedia":[{"embeddable":true,"href":"https:\/\/drasanvi.com\/fr\/wp-json\/wp\/v2\/media\/18694"}],"wp:attachment":[{"href":"https:\/\/drasanvi.com\/fr\/wp-json\/wp\/v2\/media?parent=18692"}],"wp:term":[{"taxonomy":"product_cat","embeddable":true,"href":"https:\/\/drasanvi.com\/fr\/wp-json\/wp\/v2\/product_cat?post=18692"},{"taxonomy":"product_tag","embeddable":true,"href":"https:\/\/drasanvi.com\/fr\/wp-json\/wp\/v2\/product_tag?post=18692"}],"curies":[{"name":"wp","href":"https:\/\/api.w.org\/{rel}","templated":true}]}}