{"id":18680,"date":"2022-02-11T12:03:46","date_gmt":"2022-02-11T10:03:46","guid":{"rendered":"https:\/\/drasanvi.com\/fr\/producto\/bulgur-grano-bio-500-g-ecosana\/"},"modified":"2022-03-10T14:16:09","modified_gmt":"2022-03-10T12:16:09","slug":"bulgur-grano-bio-500-g-ecosana","status":"publish","type":"product","link":"https:\/\/drasanvi.com\/fr\/producto\/bulgur-grano-bio-500-g-ecosana\/","title":{"rendered":"Bulgur Grano Bio 500 g Ecosana"},"content":{"rendered":"<h2>Ingredientes<\/h2>\n<p>Bulgur grano*  *Procedente de Agricultura Ecol\u00f3gica.<\/p>\n<h2>Tabla nutricional<\/h2>\n<p>Por cada 100 g        Valor energ\u00e9tico  1576 kJ\/342 kcal      Grasas  1,30 g      de las cuales saturadas  0,20 g      Hidratos de carbono  63,40 g      de los cuales az\u00facares  0,40 g      Fibra  12,50 g      Prote\u00ednas  12,30 g      Sal  0,042 g<\/p>\n<h3>Modo de uso<\/h3>\n<p>La preparaci\u00f3n del bulgur es muy sencilla: echamos agua con sal en una cazuela (el doble de volumen de agua por cada parte de bulgur). Una vez est\u00e9 hirviendo el agua, a\u00f1adimos el bulgur, removemos, bajamos el fuego al m\u00ednimo y tapamos. A los 15 minutos, destapamos y dejamos reposar unos minutos.  Una vez escurrido, el bulgur se puede emplear como si fuera cualquier otro tipo de cereal. Lo podemos incorporar en guisos, sopas y ensaladas; adem\u00e1s, combina estupendamente con las legumbres.<\/p>\n<h3>Advertencias<\/h3>\n<p>Conservar en un lugar fresco y seco.Contiene&nbsp;gluten. Puede contener trazas de s&eacute;samo, frutos de c&aacute;scara y soja.&nbsp;<\/p>\n","protected":false},"excerpt":{"rendered":"<p>El Bulgur en grano es un ingrediente de gran consumo en numerosos pa\u00edses de Oriente Medio y Norte de \u00c1frica. Procede del trigo, obteniendolo a partir de la coccion de los granos tiernos, los cuales se escurren y luego se dejan secar.\u00a0  Se trata de un ingrediente muy versatil con grandes propiedades nutricionales. Adem\u00e1s de proporcionar energ\u00eda, destaca por tener un alto contenido en fibra y bajo contenido de grasa.\u00a0<br \/><strong>Contenido:<\/strong>Envase de 500 g<\/p>\n<p><a id=\"boton-ficha\" href=\"https:\/\/panel.drasanvi.com\/fichas\/1\/467010213\" target=\"_blank\" rel=\"noopener\">Ficha t\u00e9cnica<\/a><\/p>\n","protected":false},"featured_media":18682,"template":"","meta":{"inline_featured_image":false},"product_cat":[1314],"product_tag":[],"class_list":["post-18680","product","type-product","status-publish","has-post-thumbnail","hentry","product_cat-grain"],"yoast_head":"<!-- This site is optimized with the Yoast SEO plugin v27.5 - https:\/\/yoast.com\/product\/yoast-seo-wordpress\/ -->\n<title>Bulgur Grano Bio 500 g Ecosana - Drasanvi Francia<\/title>\n<meta name=\"robots\" content=\"index, follow, max-snippet:-1, max-image-preview:large, max-video-preview:-1\" \/>\n<link rel=\"canonical\" href=\"https:\/\/drasanvi.com\/fr\/producto\/bulgur-grano-bio-500-g-ecosana\/\" \/>\n<meta property=\"og:locale\" content=\"fr_FR\" \/>\n<meta property=\"og:type\" content=\"article\" \/>\n<meta property=\"og:title\" content=\"Bulgur Grano Bio 500 g Ecosana - Drasanvi Francia\" \/>\n<meta property=\"og:description\" content=\"El Bulgur en grano es un ingrediente de gran consumo en numerosos pa\u00edses de Oriente Medio y Norte de \u00c1frica. Procede del trigo, obteniendolo a partir de la coccion de los granos tiernos, los cuales se escurren y luego se dejan secar.\u00a0 Se trata de un ingrediente muy versatil con grandes propiedades nutricionales. Adem\u00e1s de proporcionar energ\u00eda, destaca por tener un alto contenido en fibra y bajo contenido de grasa.\u00a0Contenido:Envase de 500 gFicha t\u00e9cnica\" \/>\n<meta property=\"og:url\" content=\"https:\/\/drasanvi.com\/fr\/producto\/bulgur-grano-bio-500-g-ecosana\/\" \/>\n<meta property=\"og:site_name\" content=\"Drasanvi Francia\" \/>\n<meta property=\"article:modified_time\" content=\"2022-03-10T12:16:09+00:00\" \/>\n<meta property=\"og:image\" content=\"https:\/\/drasanvi.com\/wp-content\/uploads\/sites\/7\/2022\/02\/467010213.png\" \/>\n\t<meta property=\"og:image:width\" content=\"1000\" \/>\n\t<meta property=\"og:image:height\" content=\"1000\" \/>\n\t<meta property=\"og:image:type\" content=\"image\/png\" \/>\n<meta name=\"twitter:card\" content=\"summary_large_image\" \/>\n<script type=\"application\/ld+json\" class=\"yoast-schema-graph\">{\"@context\":\"https:\\\/\\\/schema.org\",\"@graph\":[{\"@type\":\"WebPage\",\"@id\":\"https:\\\/\\\/drasanvi.com\\\/fr\\\/producto\\\/bulgur-grano-bio-500-g-ecosana\\\/\",\"url\":\"https:\\\/\\\/drasanvi.com\\\/fr\\\/producto\\\/bulgur-grano-bio-500-g-ecosana\\\/\",\"name\":\"Bulgur Grano Bio 500 g Ecosana - Drasanvi Francia\",\"isPartOf\":{\"@id\":\"https:\\\/\\\/drasanvi.com\\\/fr\\\/#website\"},\"primaryImageOfPage\":{\"@id\":\"https:\\\/\\\/drasanvi.com\\\/fr\\\/producto\\\/bulgur-grano-bio-500-g-ecosana\\\/#primaryimage\"},\"image\":{\"@id\":\"https:\\\/\\\/drasanvi.com\\\/fr\\\/producto\\\/bulgur-grano-bio-500-g-ecosana\\\/#primaryimage\"},\"thumbnailUrl\":\"https:\\\/\\\/drasanvi.com\\\/fr\\\/wp-content\\\/uploads\\\/sites\\\/7\\\/2022\\\/02\\\/467010213.png\",\"datePublished\":\"2022-02-11T10:03:46+00:00\",\"dateModified\":\"2022-03-10T12:16:09+00:00\",\"breadcrumb\":{\"@id\":\"https:\\\/\\\/drasanvi.com\\\/fr\\\/producto\\\/bulgur-grano-bio-500-g-ecosana\\\/#breadcrumb\"},\"inLanguage\":\"fr-FR\",\"potentialAction\":[{\"@type\":\"ReadAction\",\"target\":[\"https:\\\/\\\/drasanvi.com\\\/fr\\\/producto\\\/bulgur-grano-bio-500-g-ecosana\\\/\"]}]},{\"@type\":\"ImageObject\",\"inLanguage\":\"fr-FR\",\"@id\":\"https:\\\/\\\/drasanvi.com\\\/fr\\\/producto\\\/bulgur-grano-bio-500-g-ecosana\\\/#primaryimage\",\"url\":\"https:\\\/\\\/drasanvi.com\\\/fr\\\/wp-content\\\/uploads\\\/sites\\\/7\\\/2022\\\/02\\\/467010213.png\",\"contentUrl\":\"https:\\\/\\\/drasanvi.com\\\/fr\\\/wp-content\\\/uploads\\\/sites\\\/7\\\/2022\\\/02\\\/467010213.png\",\"width\":1000,\"height\":1000},{\"@type\":\"BreadcrumbList\",\"@id\":\"https:\\\/\\\/drasanvi.com\\\/fr\\\/producto\\\/bulgur-grano-bio-500-g-ecosana\\\/#breadcrumb\",\"itemListElement\":[{\"@type\":\"ListItem\",\"position\":1,\"name\":\"Portada\",\"item\":\"https:\\\/\\\/drasanvi.com\\\/fr\\\/\"},{\"@type\":\"ListItem\",\"position\":2,\"name\":\"Tienda\",\"item\":\"https:\\\/\\\/drasanvi.com\\\/fr\\\/tienda\\\/\"},{\"@type\":\"ListItem\",\"position\":3,\"name\":\"Bulgur Grano Bio 500 g Ecosana\"}]},{\"@type\":\"WebSite\",\"@id\":\"https:\\\/\\\/drasanvi.com\\\/fr\\\/#website\",\"url\":\"https:\\\/\\\/drasanvi.com\\\/fr\\\/\",\"name\":\"Drasanvi Francia\",\"description\":\"L\u00edder en complementos alimenticios y cosm\u00e9tica natural.\",\"publisher\":{\"@id\":\"https:\\\/\\\/drasanvi.com\\\/fr\\\/#organization\"},\"potentialAction\":[{\"@type\":\"SearchAction\",\"target\":{\"@type\":\"EntryPoint\",\"urlTemplate\":\"https:\\\/\\\/drasanvi.com\\\/fr\\\/?s={search_term_string}\"},\"query-input\":{\"@type\":\"PropertyValueSpecification\",\"valueRequired\":true,\"valueName\":\"search_term_string\"}}],\"inLanguage\":\"fr-FR\"},{\"@type\":\"Organization\",\"@id\":\"https:\\\/\\\/drasanvi.com\\\/fr\\\/#organization\",\"name\":\"Drasanvi\",\"url\":\"https:\\\/\\\/drasanvi.com\\\/fr\\\/\",\"logo\":{\"@type\":\"ImageObject\",\"inLanguage\":\"fr-FR\",\"@id\":\"https:\\\/\\\/drasanvi.com\\\/fr\\\/#\\\/schema\\\/logo\\\/image\\\/\",\"url\":\"https:\\\/\\\/drasanvi.com\\\/wp-content\\\/uploads\\\/sites\\\/7\\\/2021\\\/07\\\/logo-drasanvi.png\",\"contentUrl\":\"https:\\\/\\\/drasanvi.com\\\/wp-content\\\/uploads\\\/sites\\\/7\\\/2021\\\/07\\\/logo-drasanvi.png\",\"width\":900,\"height\":300,\"caption\":\"Drasanvi\"},\"image\":{\"@id\":\"https:\\\/\\\/drasanvi.com\\\/fr\\\/#\\\/schema\\\/logo\\\/image\\\/\"}}]}<\/script>\n<!-- \/ Yoast SEO plugin. -->","yoast_head_json":{"title":"Bulgur Grano Bio 500 g Ecosana - Drasanvi Francia","robots":{"index":"index","follow":"follow","max-snippet":"max-snippet:-1","max-image-preview":"max-image-preview:large","max-video-preview":"max-video-preview:-1"},"canonical":"https:\/\/drasanvi.com\/fr\/producto\/bulgur-grano-bio-500-g-ecosana\/","og_locale":"fr_FR","og_type":"article","og_title":"Bulgur Grano Bio 500 g Ecosana - Drasanvi Francia","og_description":"El Bulgur en grano es un ingrediente de gran consumo en numerosos pa\u00edses de Oriente Medio y Norte de \u00c1frica. Procede del trigo, obteniendolo a partir de la coccion de los granos tiernos, los cuales se escurren y luego se dejan secar.\u00a0 Se trata de un ingrediente muy versatil con grandes propiedades nutricionales. Adem\u00e1s de proporcionar energ\u00eda, destaca por tener un alto contenido en fibra y bajo contenido de grasa.\u00a0Contenido:Envase de 500 gFicha t\u00e9cnica","og_url":"https:\/\/drasanvi.com\/fr\/producto\/bulgur-grano-bio-500-g-ecosana\/","og_site_name":"Drasanvi Francia","article_modified_time":"2022-03-10T12:16:09+00:00","og_image":[{"width":1000,"height":1000,"url":"https:\/\/drasanvi.com\/wp-content\/uploads\/sites\/7\/2022\/02\/467010213.png","type":"image\/png"}],"twitter_card":"summary_large_image","schema":{"@context":"https:\/\/schema.org","@graph":[{"@type":"WebPage","@id":"https:\/\/drasanvi.com\/fr\/producto\/bulgur-grano-bio-500-g-ecosana\/","url":"https:\/\/drasanvi.com\/fr\/producto\/bulgur-grano-bio-500-g-ecosana\/","name":"Bulgur Grano Bio 500 g Ecosana - Drasanvi Francia","isPartOf":{"@id":"https:\/\/drasanvi.com\/fr\/#website"},"primaryImageOfPage":{"@id":"https:\/\/drasanvi.com\/fr\/producto\/bulgur-grano-bio-500-g-ecosana\/#primaryimage"},"image":{"@id":"https:\/\/drasanvi.com\/fr\/producto\/bulgur-grano-bio-500-g-ecosana\/#primaryimage"},"thumbnailUrl":"https:\/\/drasanvi.com\/fr\/wp-content\/uploads\/sites\/7\/2022\/02\/467010213.png","datePublished":"2022-02-11T10:03:46+00:00","dateModified":"2022-03-10T12:16:09+00:00","breadcrumb":{"@id":"https:\/\/drasanvi.com\/fr\/producto\/bulgur-grano-bio-500-g-ecosana\/#breadcrumb"},"inLanguage":"fr-FR","potentialAction":[{"@type":"ReadAction","target":["https:\/\/drasanvi.com\/fr\/producto\/bulgur-grano-bio-500-g-ecosana\/"]}]},{"@type":"ImageObject","inLanguage":"fr-FR","@id":"https:\/\/drasanvi.com\/fr\/producto\/bulgur-grano-bio-500-g-ecosana\/#primaryimage","url":"https:\/\/drasanvi.com\/fr\/wp-content\/uploads\/sites\/7\/2022\/02\/467010213.png","contentUrl":"https:\/\/drasanvi.com\/fr\/wp-content\/uploads\/sites\/7\/2022\/02\/467010213.png","width":1000,"height":1000},{"@type":"BreadcrumbList","@id":"https:\/\/drasanvi.com\/fr\/producto\/bulgur-grano-bio-500-g-ecosana\/#breadcrumb","itemListElement":[{"@type":"ListItem","position":1,"name":"Portada","item":"https:\/\/drasanvi.com\/fr\/"},{"@type":"ListItem","position":2,"name":"Tienda","item":"https:\/\/drasanvi.com\/fr\/tienda\/"},{"@type":"ListItem","position":3,"name":"Bulgur Grano Bio 500 g Ecosana"}]},{"@type":"WebSite","@id":"https:\/\/drasanvi.com\/fr\/#website","url":"https:\/\/drasanvi.com\/fr\/","name":"Drasanvi Francia","description":"L\u00edder en complementos alimenticios y cosm\u00e9tica natural.","publisher":{"@id":"https:\/\/drasanvi.com\/fr\/#organization"},"potentialAction":[{"@type":"SearchAction","target":{"@type":"EntryPoint","urlTemplate":"https:\/\/drasanvi.com\/fr\/?s={search_term_string}"},"query-input":{"@type":"PropertyValueSpecification","valueRequired":true,"valueName":"search_term_string"}}],"inLanguage":"fr-FR"},{"@type":"Organization","@id":"https:\/\/drasanvi.com\/fr\/#organization","name":"Drasanvi","url":"https:\/\/drasanvi.com\/fr\/","logo":{"@type":"ImageObject","inLanguage":"fr-FR","@id":"https:\/\/drasanvi.com\/fr\/#\/schema\/logo\/image\/","url":"https:\/\/drasanvi.com\/wp-content\/uploads\/sites\/7\/2021\/07\/logo-drasanvi.png","contentUrl":"https:\/\/drasanvi.com\/wp-content\/uploads\/sites\/7\/2021\/07\/logo-drasanvi.png","width":900,"height":300,"caption":"Drasanvi"},"image":{"@id":"https:\/\/drasanvi.com\/fr\/#\/schema\/logo\/image\/"}}]}},"_links":{"self":[{"href":"https:\/\/drasanvi.com\/fr\/wp-json\/wp\/v2\/product\/18680","targetHints":{"allow":["GET"]}}],"collection":[{"href":"https:\/\/drasanvi.com\/fr\/wp-json\/wp\/v2\/product"}],"about":[{"href":"https:\/\/drasanvi.com\/fr\/wp-json\/wp\/v2\/types\/product"}],"version-history":[{"count":0,"href":"https:\/\/drasanvi.com\/fr\/wp-json\/wp\/v2\/product\/18680\/revisions"}],"wp:featuredmedia":[{"embeddable":true,"href":"https:\/\/drasanvi.com\/fr\/wp-json\/wp\/v2\/media\/18682"}],"wp:attachment":[{"href":"https:\/\/drasanvi.com\/fr\/wp-json\/wp\/v2\/media?parent=18680"}],"wp:term":[{"taxonomy":"product_cat","embeddable":true,"href":"https:\/\/drasanvi.com\/fr\/wp-json\/wp\/v2\/product_cat?post=18680"},{"taxonomy":"product_tag","embeddable":true,"href":"https:\/\/drasanvi.com\/fr\/wp-json\/wp\/v2\/product_tag?post=18680"}],"curies":[{"name":"wp","href":"https:\/\/api.w.org\/{rel}","templated":true}]}}