{"id":18670,"date":"2022-02-11T12:03:46","date_gmt":"2022-02-11T10:03:46","guid":{"rendered":"https:\/\/drasanvi.com\/fr\/producto\/arandanos-rojos-zumo-manzana-bio-100-g-doypack-frutos-secos-ecosana\/"},"modified":"2022-03-10T14:16:08","modified_gmt":"2022-03-10T12:16:08","slug":"arandanos-rojos-zumo-manzana-bio-100-g-doypack-frutos-secos-ecosana","status":"publish","type":"product","link":"https:\/\/drasanvi.com\/fr\/producto\/arandanos-rojos-zumo-manzana-bio-100-g-doypack-frutos-secos-ecosana\/","title":{"rendered":"Ar\u00e1ndanos  Rojos Zumo Manzana Bio 100 g Doypack Frutos Secos Ecosana"},"content":{"rendered":"<h2>Ingredientes<\/h2>\n<p>Ar\u00e1ndanos rojos partidos* (60%) , concentrado de zumo de manzana* (39%) y aceite de girasol* (<\/p>\n<h2>Tabla nutricional<\/h2>\n<p>Por cada 100 g \u00a0 Cantidad\u00a0 Valor energ\u00e9tico 1394 kJ\/ 333 kcal Grasas de las cuales saturadas 0,47 g 0,07 g Hidratos de carbono de los cuales az\u00facares 76,70 g 58,40\u00a0g Fibra 4 g Prote\u00ednas 1,48 g Sal 0,000125 g<\/p>\n<h3>Modo de uso<\/h3>\n<p>Puedes comerlos solos como snack entre horas, o a\u00f1adirlos como topping a helados, yogures, en leche vegetal o hacer deliciosos postres como tartas, bizcochos, cuajadas, cheesecakes, smooties, batidos&#8230;Tambi\u00e9n puedes crear tus propias salsas e incorporarlo en ensaladas.<\/p>\n<h3>Advertencias<\/h3>\n<p>Conservar en un lugar fresco y seco.Puede contener trazas de S\u00e9samo, Soja y Frutos de c\u00e1scara.<\/p>\n","protected":false},"excerpt":{"rendered":"<p>Los ar\u00e1ndanos rojos pertenecen a la familia de frutos del bosque y son muy apreciados por sus propiedades, ya que son muy ricos en Vitamina C y en polifenoles antioxidantes. Destacan por su alta protecci\u00f3n contra las infecciones urinarias.\u00a0\u00a0 Estos Ar\u00e1ndanos se presentan con zumo de manzana, lo que intensifica su delicioso sabor. Adem\u00e1s se obtienen de cultivos 100% ecol\u00f3gicos, por lo que conservan todas sus propiedades. El objetivo de sostenibilidad de la l\u00ednea Ecosana es generar el menor impacto ambiental posible. Por ello, los doypack de frutos secos son compostables para evitar que se conviertan en residuos perjudiciales para el Medio Ambiente y reduzcan las emisiones contaminantes de la atm\u00f3sfera. Este tipo de envases no s\u00f3lo se degradan, sino que, adem\u00e1s, se convierten en compost o abono.<br \/>\nn<strong>Contenido:<\/strong>Envase biodegradable y compostable Peso neto: 100 g<br \/>\nn<br \/>\nn<a id=\"boton-ficha\" href=\"https:\/\/panel.drasanvi.com\/fichas\/1\/467010460\" target=\"_blank\" rel=\"noopener\">Ficha t\u00e9cnica<\/a><\/p>\n","protected":false},"featured_media":21155,"template":"","meta":{"inline_featured_image":false},"product_cat":[1313],"product_tag":[],"class_list":["post-18670","product","type-product","status-publish","has-post-thumbnail","hentry","product_cat-noix-et-snacks"],"yoast_head":"<!-- This site is optimized with the Yoast SEO plugin v27.5 - https:\/\/yoast.com\/product\/yoast-seo-wordpress\/ -->\n<title>Ar\u00e1ndanos Rojos Zumo Manzana Bio 100 g Doypack Frutos Secos Ecosana - Drasanvi Francia<\/title>\n<meta name=\"robots\" content=\"index, follow, max-snippet:-1, max-image-preview:large, max-video-preview:-1\" \/>\n<link rel=\"canonical\" href=\"https:\/\/drasanvi.com\/fr\/producto\/arandanos-rojos-zumo-manzana-bio-100-g-doypack-frutos-secos-ecosana\/\" \/>\n<meta property=\"og:locale\" content=\"fr_FR\" \/>\n<meta property=\"og:type\" content=\"article\" \/>\n<meta property=\"og:title\" content=\"Ar\u00e1ndanos Rojos Zumo Manzana Bio 100 g Doypack Frutos Secos Ecosana - Drasanvi Francia\" \/>\n<meta property=\"og:description\" content=\"Los ar\u00e1ndanos rojos pertenecen a la familia de frutos del bosque y son muy apreciados por sus propiedades, ya que son muy ricos en Vitamina C y en polifenoles antioxidantes. Destacan por su alta protecci\u00f3n contra las infecciones urinarias.\u00a0\u00a0 Estos Ar\u00e1ndanos se presentan con zumo de manzana, lo que intensifica su delicioso sabor. Adem\u00e1s se obtienen de cultivos 100% ecol\u00f3gicos, por lo que conservan todas sus propiedades. El objetivo de sostenibilidad de la l\u00ednea Ecosana es generar el menor impacto ambiental posible. Por ello, los doypack de frutos secos son compostables para evitar que se conviertan en residuos perjudiciales para el Medio Ambiente y reduzcan las emisiones contaminantes de la atm\u00f3sfera. Este tipo de envases no s\u00f3lo se degradan, sino que, adem\u00e1s, se convierten en compost o abono. nContenido:Envase biodegradable y compostable Peso neto: 100 g n nFicha t\u00e9cnica\" \/>\n<meta property=\"og:url\" content=\"https:\/\/drasanvi.com\/fr\/producto\/arandanos-rojos-zumo-manzana-bio-100-g-doypack-frutos-secos-ecosana\/\" \/>\n<meta property=\"og:site_name\" content=\"Drasanvi Francia\" \/>\n<meta property=\"article:modified_time\" content=\"2022-03-10T12:16:08+00:00\" \/>\n<meta property=\"og:image\" content=\"https:\/\/drasanvi.com\/wp-content\/uploads\/sites\/7\/2022\/02\/467010460.png\" \/>\n\t<meta property=\"og:image:width\" content=\"1000\" \/>\n\t<meta property=\"og:image:height\" content=\"1001\" \/>\n\t<meta property=\"og:image:type\" content=\"image\/png\" \/>\n<meta name=\"twitter:card\" content=\"summary_large_image\" \/>\n<script type=\"application\/ld+json\" class=\"yoast-schema-graph\">{\"@context\":\"https:\\\/\\\/schema.org\",\"@graph\":[{\"@type\":\"WebPage\",\"@id\":\"https:\\\/\\\/drasanvi.com\\\/fr\\\/producto\\\/arandanos-rojos-zumo-manzana-bio-100-g-doypack-frutos-secos-ecosana\\\/\",\"url\":\"https:\\\/\\\/drasanvi.com\\\/fr\\\/producto\\\/arandanos-rojos-zumo-manzana-bio-100-g-doypack-frutos-secos-ecosana\\\/\",\"name\":\"Ar\u00e1ndanos Rojos Zumo Manzana Bio 100 g Doypack Frutos Secos Ecosana - Drasanvi Francia\",\"isPartOf\":{\"@id\":\"https:\\\/\\\/drasanvi.com\\\/fr\\\/#website\"},\"primaryImageOfPage\":{\"@id\":\"https:\\\/\\\/drasanvi.com\\\/fr\\\/producto\\\/arandanos-rojos-zumo-manzana-bio-100-g-doypack-frutos-secos-ecosana\\\/#primaryimage\"},\"image\":{\"@id\":\"https:\\\/\\\/drasanvi.com\\\/fr\\\/producto\\\/arandanos-rojos-zumo-manzana-bio-100-g-doypack-frutos-secos-ecosana\\\/#primaryimage\"},\"thumbnailUrl\":\"https:\\\/\\\/drasanvi.com\\\/fr\\\/wp-content\\\/uploads\\\/sites\\\/7\\\/2022\\\/02\\\/467010460.png\",\"datePublished\":\"2022-02-11T10:03:46+00:00\",\"dateModified\":\"2022-03-10T12:16:08+00:00\",\"breadcrumb\":{\"@id\":\"https:\\\/\\\/drasanvi.com\\\/fr\\\/producto\\\/arandanos-rojos-zumo-manzana-bio-100-g-doypack-frutos-secos-ecosana\\\/#breadcrumb\"},\"inLanguage\":\"fr-FR\",\"potentialAction\":[{\"@type\":\"ReadAction\",\"target\":[\"https:\\\/\\\/drasanvi.com\\\/fr\\\/producto\\\/arandanos-rojos-zumo-manzana-bio-100-g-doypack-frutos-secos-ecosana\\\/\"]}]},{\"@type\":\"ImageObject\",\"inLanguage\":\"fr-FR\",\"@id\":\"https:\\\/\\\/drasanvi.com\\\/fr\\\/producto\\\/arandanos-rojos-zumo-manzana-bio-100-g-doypack-frutos-secos-ecosana\\\/#primaryimage\",\"url\":\"https:\\\/\\\/drasanvi.com\\\/fr\\\/wp-content\\\/uploads\\\/sites\\\/7\\\/2022\\\/02\\\/467010460.png\",\"contentUrl\":\"https:\\\/\\\/drasanvi.com\\\/fr\\\/wp-content\\\/uploads\\\/sites\\\/7\\\/2022\\\/02\\\/467010460.png\",\"width\":1000,\"height\":1001},{\"@type\":\"BreadcrumbList\",\"@id\":\"https:\\\/\\\/drasanvi.com\\\/fr\\\/producto\\\/arandanos-rojos-zumo-manzana-bio-100-g-doypack-frutos-secos-ecosana\\\/#breadcrumb\",\"itemListElement\":[{\"@type\":\"ListItem\",\"position\":1,\"name\":\"Portada\",\"item\":\"https:\\\/\\\/drasanvi.com\\\/fr\\\/\"},{\"@type\":\"ListItem\",\"position\":2,\"name\":\"Tienda\",\"item\":\"https:\\\/\\\/drasanvi.com\\\/fr\\\/tienda\\\/\"},{\"@type\":\"ListItem\",\"position\":3,\"name\":\"Ar\u00e1ndanos Rojos Zumo Manzana Bio 100 g Doypack Frutos Secos Ecosana\"}]},{\"@type\":\"WebSite\",\"@id\":\"https:\\\/\\\/drasanvi.com\\\/fr\\\/#website\",\"url\":\"https:\\\/\\\/drasanvi.com\\\/fr\\\/\",\"name\":\"Drasanvi Francia\",\"description\":\"L\u00edder en complementos alimenticios y cosm\u00e9tica natural.\",\"publisher\":{\"@id\":\"https:\\\/\\\/drasanvi.com\\\/fr\\\/#organization\"},\"potentialAction\":[{\"@type\":\"SearchAction\",\"target\":{\"@type\":\"EntryPoint\",\"urlTemplate\":\"https:\\\/\\\/drasanvi.com\\\/fr\\\/?s={search_term_string}\"},\"query-input\":{\"@type\":\"PropertyValueSpecification\",\"valueRequired\":true,\"valueName\":\"search_term_string\"}}],\"inLanguage\":\"fr-FR\"},{\"@type\":\"Organization\",\"@id\":\"https:\\\/\\\/drasanvi.com\\\/fr\\\/#organization\",\"name\":\"Drasanvi\",\"url\":\"https:\\\/\\\/drasanvi.com\\\/fr\\\/\",\"logo\":{\"@type\":\"ImageObject\",\"inLanguage\":\"fr-FR\",\"@id\":\"https:\\\/\\\/drasanvi.com\\\/fr\\\/#\\\/schema\\\/logo\\\/image\\\/\",\"url\":\"https:\\\/\\\/drasanvi.com\\\/wp-content\\\/uploads\\\/sites\\\/7\\\/2021\\\/07\\\/logo-drasanvi.png\",\"contentUrl\":\"https:\\\/\\\/drasanvi.com\\\/wp-content\\\/uploads\\\/sites\\\/7\\\/2021\\\/07\\\/logo-drasanvi.png\",\"width\":900,\"height\":300,\"caption\":\"Drasanvi\"},\"image\":{\"@id\":\"https:\\\/\\\/drasanvi.com\\\/fr\\\/#\\\/schema\\\/logo\\\/image\\\/\"}}]}<\/script>\n<!-- \/ Yoast SEO plugin. -->","yoast_head_json":{"title":"Ar\u00e1ndanos Rojos Zumo Manzana Bio 100 g Doypack Frutos Secos Ecosana - Drasanvi Francia","robots":{"index":"index","follow":"follow","max-snippet":"max-snippet:-1","max-image-preview":"max-image-preview:large","max-video-preview":"max-video-preview:-1"},"canonical":"https:\/\/drasanvi.com\/fr\/producto\/arandanos-rojos-zumo-manzana-bio-100-g-doypack-frutos-secos-ecosana\/","og_locale":"fr_FR","og_type":"article","og_title":"Ar\u00e1ndanos Rojos Zumo Manzana Bio 100 g Doypack Frutos Secos Ecosana - Drasanvi Francia","og_description":"Los ar\u00e1ndanos rojos pertenecen a la familia de frutos del bosque y son muy apreciados por sus propiedades, ya que son muy ricos en Vitamina C y en polifenoles antioxidantes. Destacan por su alta protecci\u00f3n contra las infecciones urinarias.\u00a0\u00a0 Estos Ar\u00e1ndanos se presentan con zumo de manzana, lo que intensifica su delicioso sabor. Adem\u00e1s se obtienen de cultivos 100% ecol\u00f3gicos, por lo que conservan todas sus propiedades. El objetivo de sostenibilidad de la l\u00ednea Ecosana es generar el menor impacto ambiental posible. Por ello, los doypack de frutos secos son compostables para evitar que se conviertan en residuos perjudiciales para el Medio Ambiente y reduzcan las emisiones contaminantes de la atm\u00f3sfera. Este tipo de envases no s\u00f3lo se degradan, sino que, adem\u00e1s, se convierten en compost o abono. nContenido:Envase biodegradable y compostable Peso neto: 100 g n nFicha t\u00e9cnica","og_url":"https:\/\/drasanvi.com\/fr\/producto\/arandanos-rojos-zumo-manzana-bio-100-g-doypack-frutos-secos-ecosana\/","og_site_name":"Drasanvi Francia","article_modified_time":"2022-03-10T12:16:08+00:00","og_image":[{"width":1000,"height":1001,"url":"https:\/\/drasanvi.com\/wp-content\/uploads\/sites\/7\/2022\/02\/467010460.png","type":"image\/png"}],"twitter_card":"summary_large_image","schema":{"@context":"https:\/\/schema.org","@graph":[{"@type":"WebPage","@id":"https:\/\/drasanvi.com\/fr\/producto\/arandanos-rojos-zumo-manzana-bio-100-g-doypack-frutos-secos-ecosana\/","url":"https:\/\/drasanvi.com\/fr\/producto\/arandanos-rojos-zumo-manzana-bio-100-g-doypack-frutos-secos-ecosana\/","name":"Ar\u00e1ndanos Rojos Zumo Manzana Bio 100 g Doypack Frutos Secos Ecosana - Drasanvi Francia","isPartOf":{"@id":"https:\/\/drasanvi.com\/fr\/#website"},"primaryImageOfPage":{"@id":"https:\/\/drasanvi.com\/fr\/producto\/arandanos-rojos-zumo-manzana-bio-100-g-doypack-frutos-secos-ecosana\/#primaryimage"},"image":{"@id":"https:\/\/drasanvi.com\/fr\/producto\/arandanos-rojos-zumo-manzana-bio-100-g-doypack-frutos-secos-ecosana\/#primaryimage"},"thumbnailUrl":"https:\/\/drasanvi.com\/fr\/wp-content\/uploads\/sites\/7\/2022\/02\/467010460.png","datePublished":"2022-02-11T10:03:46+00:00","dateModified":"2022-03-10T12:16:08+00:00","breadcrumb":{"@id":"https:\/\/drasanvi.com\/fr\/producto\/arandanos-rojos-zumo-manzana-bio-100-g-doypack-frutos-secos-ecosana\/#breadcrumb"},"inLanguage":"fr-FR","potentialAction":[{"@type":"ReadAction","target":["https:\/\/drasanvi.com\/fr\/producto\/arandanos-rojos-zumo-manzana-bio-100-g-doypack-frutos-secos-ecosana\/"]}]},{"@type":"ImageObject","inLanguage":"fr-FR","@id":"https:\/\/drasanvi.com\/fr\/producto\/arandanos-rojos-zumo-manzana-bio-100-g-doypack-frutos-secos-ecosana\/#primaryimage","url":"https:\/\/drasanvi.com\/fr\/wp-content\/uploads\/sites\/7\/2022\/02\/467010460.png","contentUrl":"https:\/\/drasanvi.com\/fr\/wp-content\/uploads\/sites\/7\/2022\/02\/467010460.png","width":1000,"height":1001},{"@type":"BreadcrumbList","@id":"https:\/\/drasanvi.com\/fr\/producto\/arandanos-rojos-zumo-manzana-bio-100-g-doypack-frutos-secos-ecosana\/#breadcrumb","itemListElement":[{"@type":"ListItem","position":1,"name":"Portada","item":"https:\/\/drasanvi.com\/fr\/"},{"@type":"ListItem","position":2,"name":"Tienda","item":"https:\/\/drasanvi.com\/fr\/tienda\/"},{"@type":"ListItem","position":3,"name":"Ar\u00e1ndanos Rojos Zumo Manzana Bio 100 g Doypack Frutos Secos Ecosana"}]},{"@type":"WebSite","@id":"https:\/\/drasanvi.com\/fr\/#website","url":"https:\/\/drasanvi.com\/fr\/","name":"Drasanvi Francia","description":"L\u00edder en complementos alimenticios y cosm\u00e9tica natural.","publisher":{"@id":"https:\/\/drasanvi.com\/fr\/#organization"},"potentialAction":[{"@type":"SearchAction","target":{"@type":"EntryPoint","urlTemplate":"https:\/\/drasanvi.com\/fr\/?s={search_term_string}"},"query-input":{"@type":"PropertyValueSpecification","valueRequired":true,"valueName":"search_term_string"}}],"inLanguage":"fr-FR"},{"@type":"Organization","@id":"https:\/\/drasanvi.com\/fr\/#organization","name":"Drasanvi","url":"https:\/\/drasanvi.com\/fr\/","logo":{"@type":"ImageObject","inLanguage":"fr-FR","@id":"https:\/\/drasanvi.com\/fr\/#\/schema\/logo\/image\/","url":"https:\/\/drasanvi.com\/wp-content\/uploads\/sites\/7\/2021\/07\/logo-drasanvi.png","contentUrl":"https:\/\/drasanvi.com\/wp-content\/uploads\/sites\/7\/2021\/07\/logo-drasanvi.png","width":900,"height":300,"caption":"Drasanvi"},"image":{"@id":"https:\/\/drasanvi.com\/fr\/#\/schema\/logo\/image\/"}}]}},"_links":{"self":[{"href":"https:\/\/drasanvi.com\/fr\/wp-json\/wp\/v2\/product\/18670","targetHints":{"allow":["GET"]}}],"collection":[{"href":"https:\/\/drasanvi.com\/fr\/wp-json\/wp\/v2\/product"}],"about":[{"href":"https:\/\/drasanvi.com\/fr\/wp-json\/wp\/v2\/types\/product"}],"version-history":[{"count":0,"href":"https:\/\/drasanvi.com\/fr\/wp-json\/wp\/v2\/product\/18670\/revisions"}],"wp:featuredmedia":[{"embeddable":true,"href":"https:\/\/drasanvi.com\/fr\/wp-json\/wp\/v2\/media\/21155"}],"wp:attachment":[{"href":"https:\/\/drasanvi.com\/fr\/wp-json\/wp\/v2\/media?parent=18670"}],"wp:term":[{"taxonomy":"product_cat","embeddable":true,"href":"https:\/\/drasanvi.com\/fr\/wp-json\/wp\/v2\/product_cat?post=18670"},{"taxonomy":"product_tag","embeddable":true,"href":"https:\/\/drasanvi.com\/fr\/wp-json\/wp\/v2\/product_tag?post=18670"}],"curies":[{"name":"wp","href":"https:\/\/api.w.org\/{rel}","templated":true}]}}