{"id":18657,"date":"2022-02-11T12:03:46","date_gmt":"2022-02-11T10:03:46","guid":{"rendered":"https:\/\/drasanvi.com\/fr\/producto\/jengibre-dados-azucar-cana-bio-100-g-doypack-frutos-secos-ecosana\/"},"modified":"2022-03-10T14:16:06","modified_gmt":"2022-03-10T12:16:06","slug":"jengibre-dados-azucar-cana-bio-100-g-doypack-frutos-secos-ecosana","status":"publish","type":"product","link":"https:\/\/drasanvi.com\/fr\/producto\/jengibre-dados-azucar-cana-bio-100-g-doypack-frutos-secos-ecosana\/","title":{"rendered":"Jengibre Dados Az\u00facar Ca\u00f1a Bio 100 g Doypack Frutos Secos Ecosana"},"content":{"rendered":"<h2>Ingredientes<\/h2>\n<p>Jengibre* (55%) y Az\u00facar de ca\u00f1a* (45%) *Procedentes de Agricultura Ecol\u00f3gica.<\/p>\n<h2>Tabla nutricional<\/h2>\n<p>Por cada 100 g Ingrediente Cantidad\u00a0 Valor energ\u00e9tico 1400 kJ \/ 335 kcal Grasas De las cuales saturadas<\/p>\n<h3>Modo de uso<\/h3>\n<p>Puedes abrir y comer directamente de la bolsa como un snack para picar entre horas, o para a\u00f1adir estos dados de jengibre a yogures, ensaladas, postres o a cualquier receta que desees. T\u00fa decides!<\/p>\n<h3>Advertencias<\/h3>\n<p>Conservar en un lugar fresco y seco.Puede contener trazas de Soja, S\u00e9samo y Frutos de c\u00e1scara.<\/p>\n","protected":false},"excerpt":{"rendered":"<p>Cubos de jengibre confitado de agricultura ecol\u00f3gica deliciosos edulcorados con az\u00facar de ca\u00f1a, ideales para picar entre comidas y despu\u00e9s de ellas. El jengibre es conocido por sus m\u00faltiples beneficios: ayuda a tratar las na\u00faseas, protege contra las \u00falceras estomacales, alivia las inflamaciones y los dolores menstruales,&#8230;entre otros. El objetivo de sostenibilidad de la l\u00ednea Ecosana es generar el menor impacto ambiental posible. Por ello, los doypack de frutos secos son compostables para evitar que se conviertan en residuos perjudiciales para el Medio Ambiente y reduzcan las emisiones contaminantes de la atm\u00f3sfera. Este tipo de envases no s\u00f3lo se degradan, sino que, adem\u00e1s, se convierten en compost o abono.<br \/>\nn<strong>Contenido:<\/strong>Envase biodegradable y compostable Peso neto: 100 g<br \/>\nn<br \/>\nn<a id=\"boton-ficha\" href=\"https:\/\/panel.drasanvi.com\/fichas\/1\/467010464\" target=\"_blank\" rel=\"noopener\">Ficha t\u00e9cnica<\/a><\/p>\n","protected":false},"featured_media":21161,"template":"","meta":{"inline_featured_image":false},"product_cat":[1313],"product_tag":[],"class_list":["post-18657","product","type-product","status-publish","has-post-thumbnail","hentry","product_cat-noix-et-snacks"],"yoast_head":"<!-- This site is optimized with the Yoast SEO plugin v27.5 - https:\/\/yoast.com\/product\/yoast-seo-wordpress\/ -->\n<title>Jengibre Dados Az\u00facar Ca\u00f1a Bio 100 g Doypack Frutos Secos Ecosana - Drasanvi Francia<\/title>\n<meta name=\"robots\" content=\"index, follow, max-snippet:-1, max-image-preview:large, max-video-preview:-1\" \/>\n<link rel=\"canonical\" href=\"https:\/\/drasanvi.com\/fr\/producto\/jengibre-dados-azucar-cana-bio-100-g-doypack-frutos-secos-ecosana\/\" \/>\n<meta property=\"og:locale\" content=\"fr_FR\" \/>\n<meta property=\"og:type\" content=\"article\" \/>\n<meta property=\"og:title\" content=\"Jengibre Dados Az\u00facar Ca\u00f1a Bio 100 g Doypack Frutos Secos Ecosana - Drasanvi Francia\" \/>\n<meta property=\"og:description\" content=\"Cubos de jengibre confitado de agricultura ecol\u00f3gica deliciosos edulcorados con az\u00facar de ca\u00f1a, ideales para picar entre comidas y despu\u00e9s de ellas. El jengibre es conocido por sus m\u00faltiples beneficios: ayuda a tratar las na\u00faseas, protege contra las \u00falceras estomacales, alivia las inflamaciones y los dolores menstruales,...entre otros. El objetivo de sostenibilidad de la l\u00ednea Ecosana es generar el menor impacto ambiental posible. Por ello, los doypack de frutos secos son compostables para evitar que se conviertan en residuos perjudiciales para el Medio Ambiente y reduzcan las emisiones contaminantes de la atm\u00f3sfera. Este tipo de envases no s\u00f3lo se degradan, sino que, adem\u00e1s, se convierten en compost o abono. nContenido:Envase biodegradable y compostable Peso neto: 100 g n nFicha t\u00e9cnica\" \/>\n<meta property=\"og:url\" content=\"https:\/\/drasanvi.com\/fr\/producto\/jengibre-dados-azucar-cana-bio-100-g-doypack-frutos-secos-ecosana\/\" \/>\n<meta property=\"og:site_name\" content=\"Drasanvi Francia\" \/>\n<meta property=\"article:modified_time\" content=\"2022-03-10T12:16:06+00:00\" \/>\n<meta property=\"og:image\" content=\"https:\/\/drasanvi.com\/wp-content\/uploads\/sites\/7\/2022\/02\/467010464.png\" \/>\n\t<meta property=\"og:image:width\" content=\"1000\" \/>\n\t<meta property=\"og:image:height\" content=\"1000\" \/>\n\t<meta property=\"og:image:type\" content=\"image\/png\" \/>\n<meta name=\"twitter:card\" content=\"summary_large_image\" \/>\n<script type=\"application\/ld+json\" class=\"yoast-schema-graph\">{\"@context\":\"https:\\\/\\\/schema.org\",\"@graph\":[{\"@type\":\"WebPage\",\"@id\":\"https:\\\/\\\/drasanvi.com\\\/fr\\\/producto\\\/jengibre-dados-azucar-cana-bio-100-g-doypack-frutos-secos-ecosana\\\/\",\"url\":\"https:\\\/\\\/drasanvi.com\\\/fr\\\/producto\\\/jengibre-dados-azucar-cana-bio-100-g-doypack-frutos-secos-ecosana\\\/\",\"name\":\"Jengibre Dados Az\u00facar Ca\u00f1a Bio 100 g Doypack Frutos Secos Ecosana - Drasanvi Francia\",\"isPartOf\":{\"@id\":\"https:\\\/\\\/drasanvi.com\\\/fr\\\/#website\"},\"primaryImageOfPage\":{\"@id\":\"https:\\\/\\\/drasanvi.com\\\/fr\\\/producto\\\/jengibre-dados-azucar-cana-bio-100-g-doypack-frutos-secos-ecosana\\\/#primaryimage\"},\"image\":{\"@id\":\"https:\\\/\\\/drasanvi.com\\\/fr\\\/producto\\\/jengibre-dados-azucar-cana-bio-100-g-doypack-frutos-secos-ecosana\\\/#primaryimage\"},\"thumbnailUrl\":\"https:\\\/\\\/drasanvi.com\\\/fr\\\/wp-content\\\/uploads\\\/sites\\\/7\\\/2022\\\/02\\\/467010464.png\",\"datePublished\":\"2022-02-11T10:03:46+00:00\",\"dateModified\":\"2022-03-10T12:16:06+00:00\",\"breadcrumb\":{\"@id\":\"https:\\\/\\\/drasanvi.com\\\/fr\\\/producto\\\/jengibre-dados-azucar-cana-bio-100-g-doypack-frutos-secos-ecosana\\\/#breadcrumb\"},\"inLanguage\":\"fr-FR\",\"potentialAction\":[{\"@type\":\"ReadAction\",\"target\":[\"https:\\\/\\\/drasanvi.com\\\/fr\\\/producto\\\/jengibre-dados-azucar-cana-bio-100-g-doypack-frutos-secos-ecosana\\\/\"]}]},{\"@type\":\"ImageObject\",\"inLanguage\":\"fr-FR\",\"@id\":\"https:\\\/\\\/drasanvi.com\\\/fr\\\/producto\\\/jengibre-dados-azucar-cana-bio-100-g-doypack-frutos-secos-ecosana\\\/#primaryimage\",\"url\":\"https:\\\/\\\/drasanvi.com\\\/fr\\\/wp-content\\\/uploads\\\/sites\\\/7\\\/2022\\\/02\\\/467010464.png\",\"contentUrl\":\"https:\\\/\\\/drasanvi.com\\\/fr\\\/wp-content\\\/uploads\\\/sites\\\/7\\\/2022\\\/02\\\/467010464.png\",\"width\":1000,\"height\":1000},{\"@type\":\"BreadcrumbList\",\"@id\":\"https:\\\/\\\/drasanvi.com\\\/fr\\\/producto\\\/jengibre-dados-azucar-cana-bio-100-g-doypack-frutos-secos-ecosana\\\/#breadcrumb\",\"itemListElement\":[{\"@type\":\"ListItem\",\"position\":1,\"name\":\"Portada\",\"item\":\"https:\\\/\\\/drasanvi.com\\\/fr\\\/\"},{\"@type\":\"ListItem\",\"position\":2,\"name\":\"Tienda\",\"item\":\"https:\\\/\\\/drasanvi.com\\\/fr\\\/tienda\\\/\"},{\"@type\":\"ListItem\",\"position\":3,\"name\":\"Jengibre Dados Az\u00facar Ca\u00f1a Bio 100 g Doypack Frutos Secos Ecosana\"}]},{\"@type\":\"WebSite\",\"@id\":\"https:\\\/\\\/drasanvi.com\\\/fr\\\/#website\",\"url\":\"https:\\\/\\\/drasanvi.com\\\/fr\\\/\",\"name\":\"Drasanvi Francia\",\"description\":\"L\u00edder en complementos alimenticios y cosm\u00e9tica natural.\",\"publisher\":{\"@id\":\"https:\\\/\\\/drasanvi.com\\\/fr\\\/#organization\"},\"potentialAction\":[{\"@type\":\"SearchAction\",\"target\":{\"@type\":\"EntryPoint\",\"urlTemplate\":\"https:\\\/\\\/drasanvi.com\\\/fr\\\/?s={search_term_string}\"},\"query-input\":{\"@type\":\"PropertyValueSpecification\",\"valueRequired\":true,\"valueName\":\"search_term_string\"}}],\"inLanguage\":\"fr-FR\"},{\"@type\":\"Organization\",\"@id\":\"https:\\\/\\\/drasanvi.com\\\/fr\\\/#organization\",\"name\":\"Drasanvi\",\"url\":\"https:\\\/\\\/drasanvi.com\\\/fr\\\/\",\"logo\":{\"@type\":\"ImageObject\",\"inLanguage\":\"fr-FR\",\"@id\":\"https:\\\/\\\/drasanvi.com\\\/fr\\\/#\\\/schema\\\/logo\\\/image\\\/\",\"url\":\"https:\\\/\\\/drasanvi.com\\\/wp-content\\\/uploads\\\/sites\\\/7\\\/2021\\\/07\\\/logo-drasanvi.png\",\"contentUrl\":\"https:\\\/\\\/drasanvi.com\\\/wp-content\\\/uploads\\\/sites\\\/7\\\/2021\\\/07\\\/logo-drasanvi.png\",\"width\":900,\"height\":300,\"caption\":\"Drasanvi\"},\"image\":{\"@id\":\"https:\\\/\\\/drasanvi.com\\\/fr\\\/#\\\/schema\\\/logo\\\/image\\\/\"}}]}<\/script>\n<!-- \/ Yoast SEO plugin. -->","yoast_head_json":{"title":"Jengibre Dados Az\u00facar Ca\u00f1a Bio 100 g Doypack Frutos Secos Ecosana - Drasanvi Francia","robots":{"index":"index","follow":"follow","max-snippet":"max-snippet:-1","max-image-preview":"max-image-preview:large","max-video-preview":"max-video-preview:-1"},"canonical":"https:\/\/drasanvi.com\/fr\/producto\/jengibre-dados-azucar-cana-bio-100-g-doypack-frutos-secos-ecosana\/","og_locale":"fr_FR","og_type":"article","og_title":"Jengibre Dados Az\u00facar Ca\u00f1a Bio 100 g Doypack Frutos Secos Ecosana - Drasanvi Francia","og_description":"Cubos de jengibre confitado de agricultura ecol\u00f3gica deliciosos edulcorados con az\u00facar de ca\u00f1a, ideales para picar entre comidas y despu\u00e9s de ellas. El jengibre es conocido por sus m\u00faltiples beneficios: ayuda a tratar las na\u00faseas, protege contra las \u00falceras estomacales, alivia las inflamaciones y los dolores menstruales,...entre otros. El objetivo de sostenibilidad de la l\u00ednea Ecosana es generar el menor impacto ambiental posible. Por ello, los doypack de frutos secos son compostables para evitar que se conviertan en residuos perjudiciales para el Medio Ambiente y reduzcan las emisiones contaminantes de la atm\u00f3sfera. Este tipo de envases no s\u00f3lo se degradan, sino que, adem\u00e1s, se convierten en compost o abono. nContenido:Envase biodegradable y compostable Peso neto: 100 g n nFicha t\u00e9cnica","og_url":"https:\/\/drasanvi.com\/fr\/producto\/jengibre-dados-azucar-cana-bio-100-g-doypack-frutos-secos-ecosana\/","og_site_name":"Drasanvi Francia","article_modified_time":"2022-03-10T12:16:06+00:00","og_image":[{"width":1000,"height":1000,"url":"https:\/\/drasanvi.com\/wp-content\/uploads\/sites\/7\/2022\/02\/467010464.png","type":"image\/png"}],"twitter_card":"summary_large_image","schema":{"@context":"https:\/\/schema.org","@graph":[{"@type":"WebPage","@id":"https:\/\/drasanvi.com\/fr\/producto\/jengibre-dados-azucar-cana-bio-100-g-doypack-frutos-secos-ecosana\/","url":"https:\/\/drasanvi.com\/fr\/producto\/jengibre-dados-azucar-cana-bio-100-g-doypack-frutos-secos-ecosana\/","name":"Jengibre Dados Az\u00facar Ca\u00f1a Bio 100 g Doypack Frutos Secos Ecosana - Drasanvi Francia","isPartOf":{"@id":"https:\/\/drasanvi.com\/fr\/#website"},"primaryImageOfPage":{"@id":"https:\/\/drasanvi.com\/fr\/producto\/jengibre-dados-azucar-cana-bio-100-g-doypack-frutos-secos-ecosana\/#primaryimage"},"image":{"@id":"https:\/\/drasanvi.com\/fr\/producto\/jengibre-dados-azucar-cana-bio-100-g-doypack-frutos-secos-ecosana\/#primaryimage"},"thumbnailUrl":"https:\/\/drasanvi.com\/fr\/wp-content\/uploads\/sites\/7\/2022\/02\/467010464.png","datePublished":"2022-02-11T10:03:46+00:00","dateModified":"2022-03-10T12:16:06+00:00","breadcrumb":{"@id":"https:\/\/drasanvi.com\/fr\/producto\/jengibre-dados-azucar-cana-bio-100-g-doypack-frutos-secos-ecosana\/#breadcrumb"},"inLanguage":"fr-FR","potentialAction":[{"@type":"ReadAction","target":["https:\/\/drasanvi.com\/fr\/producto\/jengibre-dados-azucar-cana-bio-100-g-doypack-frutos-secos-ecosana\/"]}]},{"@type":"ImageObject","inLanguage":"fr-FR","@id":"https:\/\/drasanvi.com\/fr\/producto\/jengibre-dados-azucar-cana-bio-100-g-doypack-frutos-secos-ecosana\/#primaryimage","url":"https:\/\/drasanvi.com\/fr\/wp-content\/uploads\/sites\/7\/2022\/02\/467010464.png","contentUrl":"https:\/\/drasanvi.com\/fr\/wp-content\/uploads\/sites\/7\/2022\/02\/467010464.png","width":1000,"height":1000},{"@type":"BreadcrumbList","@id":"https:\/\/drasanvi.com\/fr\/producto\/jengibre-dados-azucar-cana-bio-100-g-doypack-frutos-secos-ecosana\/#breadcrumb","itemListElement":[{"@type":"ListItem","position":1,"name":"Portada","item":"https:\/\/drasanvi.com\/fr\/"},{"@type":"ListItem","position":2,"name":"Tienda","item":"https:\/\/drasanvi.com\/fr\/tienda\/"},{"@type":"ListItem","position":3,"name":"Jengibre Dados Az\u00facar Ca\u00f1a Bio 100 g Doypack Frutos Secos Ecosana"}]},{"@type":"WebSite","@id":"https:\/\/drasanvi.com\/fr\/#website","url":"https:\/\/drasanvi.com\/fr\/","name":"Drasanvi Francia","description":"L\u00edder en complementos alimenticios y cosm\u00e9tica natural.","publisher":{"@id":"https:\/\/drasanvi.com\/fr\/#organization"},"potentialAction":[{"@type":"SearchAction","target":{"@type":"EntryPoint","urlTemplate":"https:\/\/drasanvi.com\/fr\/?s={search_term_string}"},"query-input":{"@type":"PropertyValueSpecification","valueRequired":true,"valueName":"search_term_string"}}],"inLanguage":"fr-FR"},{"@type":"Organization","@id":"https:\/\/drasanvi.com\/fr\/#organization","name":"Drasanvi","url":"https:\/\/drasanvi.com\/fr\/","logo":{"@type":"ImageObject","inLanguage":"fr-FR","@id":"https:\/\/drasanvi.com\/fr\/#\/schema\/logo\/image\/","url":"https:\/\/drasanvi.com\/wp-content\/uploads\/sites\/7\/2021\/07\/logo-drasanvi.png","contentUrl":"https:\/\/drasanvi.com\/wp-content\/uploads\/sites\/7\/2021\/07\/logo-drasanvi.png","width":900,"height":300,"caption":"Drasanvi"},"image":{"@id":"https:\/\/drasanvi.com\/fr\/#\/schema\/logo\/image\/"}}]}},"_links":{"self":[{"href":"https:\/\/drasanvi.com\/fr\/wp-json\/wp\/v2\/product\/18657","targetHints":{"allow":["GET"]}}],"collection":[{"href":"https:\/\/drasanvi.com\/fr\/wp-json\/wp\/v2\/product"}],"about":[{"href":"https:\/\/drasanvi.com\/fr\/wp-json\/wp\/v2\/types\/product"}],"version-history":[{"count":0,"href":"https:\/\/drasanvi.com\/fr\/wp-json\/wp\/v2\/product\/18657\/revisions"}],"wp:featuredmedia":[{"embeddable":true,"href":"https:\/\/drasanvi.com\/fr\/wp-json\/wp\/v2\/media\/21161"}],"wp:attachment":[{"href":"https:\/\/drasanvi.com\/fr\/wp-json\/wp\/v2\/media?parent=18657"}],"wp:term":[{"taxonomy":"product_cat","embeddable":true,"href":"https:\/\/drasanvi.com\/fr\/wp-json\/wp\/v2\/product_cat?post=18657"},{"taxonomy":"product_tag","embeddable":true,"href":"https:\/\/drasanvi.com\/fr\/wp-json\/wp\/v2\/product_tag?post=18657"}],"curies":[{"name":"wp","href":"https:\/\/api.w.org\/{rel}","templated":true}]}}