{"id":18651,"date":"2022-02-11T12:03:46","date_gmt":"2022-02-11T10:03:46","guid":{"rendered":"https:\/\/drasanvi.com\/fr\/producto\/almendra-tostada-bio-100-g-doypack-frutos-secos-ecosana\/"},"modified":"2022-03-10T14:16:05","modified_gmt":"2022-03-10T12:16:05","slug":"almendra-tostada-bio-100-g-doypack-frutos-secos-ecosana","status":"publish","type":"product","link":"https:\/\/drasanvi.com\/fr\/producto\/almendra-tostada-bio-100-g-doypack-frutos-secos-ecosana\/","title":{"rendered":"Almendra Tostada Bio 100 g Doypack Frutos Secos Ecosana"},"content":{"rendered":"<h2>Ingredientes<\/h2>\n<p>Almendra tostada con piel* * Procedente de Agricultura Ecol\u00f3gica.<\/p>\n<h2>Tabla nutricional<\/h2>\n<p>Por 100gr Valor Energ\u00e9tico 2710 kJ \/ 656 kcal Grasas 58 g de las cuales saturadas 5 g Hidratos de carbono 5 g de los cuales az\u00facares 3,50 g Fibra alimentaria 13,50 g Prote\u00ednas 23 g Sal<\/p>\n<h3>Modo de uso<\/h3>\n<p>Puedes abrir la bolsa y tomarlas directamente como snack, o puedes a\u00f1adirlas a yogures, ensaladas, postres o a cualquier receta que desees. Disfr\u00fatalas como m\u00e1s te apetezca!<\/p>\n<h3>Advertencias<\/h3>\n<p>Conservar en un lugar fresco y seco.Contiene frutos de c\u00e1scara. Puede contener trazas de soja,\u00a0s\u00e9samo y cacahuete.<\/p>\n","protected":false},"excerpt":{"rendered":"<p>Son 100% ecol\u00f3gicas, por lo que su cultivo y recolecci\u00f3n se ha realizado siguiendo criterios que son respetuosos con el medio ambiente, sin utilizar ninguna sustancia artificial. Este fruto seco aporta gran cantidad de energ\u00eda y grasas saludables. Tiene un alto contenido de fibra, por lo que ayuda a regular el tr\u00e1nsito intestinal. Tambi\u00e9n destaca su contenido en Calcio y en Vitamina E (antioxidante). El objetivo de sostenibilidad de la l\u00ednea Ecosana es generar el menor impacto ambiental posible. Por ello, los doypack de frutos secos son compostables para evitar que se conviertan en residuos perjudiciales para el Medio Ambiente y reduzcan las emisiones contaminantes de la atm\u00f3sfera. Este tipo de envases no s\u00f3lo se degradan, sino que, adem\u00e1s, se convierten en compost o abono.<br \/>\nn<strong>Contenido:<\/strong>Envase biodegradable y compostable Peso neto: 100g<br \/>\nn<br \/>\nn<a id=\"boton-ficha\" href=\"https:\/\/panel.drasanvi.com\/fichas\/1\/467010458\" target=\"_blank\" rel=\"noopener\">Ficha t\u00e9cnica<\/a><\/p>\n","protected":false},"featured_media":21153,"template":"","meta":{"inline_featured_image":false},"product_cat":[1313],"product_tag":[],"class_list":["post-18651","product","type-product","status-publish","has-post-thumbnail","hentry","product_cat-noix-et-snacks"],"yoast_head":"<!-- This site is optimized with the Yoast SEO plugin v27.5 - https:\/\/yoast.com\/product\/yoast-seo-wordpress\/ -->\n<title>Almendra Tostada Bio 100 g Doypack Frutos Secos Ecosana - Drasanvi Francia<\/title>\n<meta name=\"robots\" content=\"index, follow, max-snippet:-1, max-image-preview:large, max-video-preview:-1\" \/>\n<link rel=\"canonical\" href=\"https:\/\/drasanvi.com\/fr\/producto\/almendra-tostada-bio-100-g-doypack-frutos-secos-ecosana\/\" \/>\n<meta property=\"og:locale\" content=\"fr_FR\" \/>\n<meta property=\"og:type\" content=\"article\" \/>\n<meta property=\"og:title\" content=\"Almendra Tostada Bio 100 g Doypack Frutos Secos Ecosana - Drasanvi Francia\" \/>\n<meta property=\"og:description\" content=\"Son 100% ecol\u00f3gicas, por lo que su cultivo y recolecci\u00f3n se ha realizado siguiendo criterios que son respetuosos con el medio ambiente, sin utilizar ninguna sustancia artificial. Este fruto seco aporta gran cantidad de energ\u00eda y grasas saludables. Tiene un alto contenido de fibra, por lo que ayuda a regular el tr\u00e1nsito intestinal. Tambi\u00e9n destaca su contenido en Calcio y en Vitamina E (antioxidante). El objetivo de sostenibilidad de la l\u00ednea Ecosana es generar el menor impacto ambiental posible. Por ello, los doypack de frutos secos son compostables para evitar que se conviertan en residuos perjudiciales para el Medio Ambiente y reduzcan las emisiones contaminantes de la atm\u00f3sfera. Este tipo de envases no s\u00f3lo se degradan, sino que, adem\u00e1s, se convierten en compost o abono. nContenido:Envase biodegradable y compostable Peso neto: 100g n nFicha t\u00e9cnica\" \/>\n<meta property=\"og:url\" content=\"https:\/\/drasanvi.com\/fr\/producto\/almendra-tostada-bio-100-g-doypack-frutos-secos-ecosana\/\" \/>\n<meta property=\"og:site_name\" content=\"Drasanvi Francia\" \/>\n<meta property=\"article:modified_time\" content=\"2022-03-10T12:16:05+00:00\" \/>\n<meta property=\"og:image\" content=\"https:\/\/drasanvi.com\/wp-content\/uploads\/sites\/7\/2022\/02\/467010458.png\" \/>\n\t<meta property=\"og:image:width\" content=\"1000\" \/>\n\t<meta property=\"og:image:height\" content=\"1000\" \/>\n\t<meta property=\"og:image:type\" content=\"image\/png\" \/>\n<meta name=\"twitter:card\" content=\"summary_large_image\" \/>\n<script type=\"application\/ld+json\" class=\"yoast-schema-graph\">{\"@context\":\"https:\\\/\\\/schema.org\",\"@graph\":[{\"@type\":\"WebPage\",\"@id\":\"https:\\\/\\\/drasanvi.com\\\/fr\\\/producto\\\/almendra-tostada-bio-100-g-doypack-frutos-secos-ecosana\\\/\",\"url\":\"https:\\\/\\\/drasanvi.com\\\/fr\\\/producto\\\/almendra-tostada-bio-100-g-doypack-frutos-secos-ecosana\\\/\",\"name\":\"Almendra Tostada Bio 100 g Doypack Frutos Secos Ecosana - Drasanvi Francia\",\"isPartOf\":{\"@id\":\"https:\\\/\\\/drasanvi.com\\\/fr\\\/#website\"},\"primaryImageOfPage\":{\"@id\":\"https:\\\/\\\/drasanvi.com\\\/fr\\\/producto\\\/almendra-tostada-bio-100-g-doypack-frutos-secos-ecosana\\\/#primaryimage\"},\"image\":{\"@id\":\"https:\\\/\\\/drasanvi.com\\\/fr\\\/producto\\\/almendra-tostada-bio-100-g-doypack-frutos-secos-ecosana\\\/#primaryimage\"},\"thumbnailUrl\":\"https:\\\/\\\/drasanvi.com\\\/fr\\\/wp-content\\\/uploads\\\/sites\\\/7\\\/2022\\\/02\\\/467010458.png\",\"datePublished\":\"2022-02-11T10:03:46+00:00\",\"dateModified\":\"2022-03-10T12:16:05+00:00\",\"breadcrumb\":{\"@id\":\"https:\\\/\\\/drasanvi.com\\\/fr\\\/producto\\\/almendra-tostada-bio-100-g-doypack-frutos-secos-ecosana\\\/#breadcrumb\"},\"inLanguage\":\"fr-FR\",\"potentialAction\":[{\"@type\":\"ReadAction\",\"target\":[\"https:\\\/\\\/drasanvi.com\\\/fr\\\/producto\\\/almendra-tostada-bio-100-g-doypack-frutos-secos-ecosana\\\/\"]}]},{\"@type\":\"ImageObject\",\"inLanguage\":\"fr-FR\",\"@id\":\"https:\\\/\\\/drasanvi.com\\\/fr\\\/producto\\\/almendra-tostada-bio-100-g-doypack-frutos-secos-ecosana\\\/#primaryimage\",\"url\":\"https:\\\/\\\/drasanvi.com\\\/fr\\\/wp-content\\\/uploads\\\/sites\\\/7\\\/2022\\\/02\\\/467010458.png\",\"contentUrl\":\"https:\\\/\\\/drasanvi.com\\\/fr\\\/wp-content\\\/uploads\\\/sites\\\/7\\\/2022\\\/02\\\/467010458.png\",\"width\":1000,\"height\":1000},{\"@type\":\"BreadcrumbList\",\"@id\":\"https:\\\/\\\/drasanvi.com\\\/fr\\\/producto\\\/almendra-tostada-bio-100-g-doypack-frutos-secos-ecosana\\\/#breadcrumb\",\"itemListElement\":[{\"@type\":\"ListItem\",\"position\":1,\"name\":\"Portada\",\"item\":\"https:\\\/\\\/drasanvi.com\\\/fr\\\/\"},{\"@type\":\"ListItem\",\"position\":2,\"name\":\"Tienda\",\"item\":\"https:\\\/\\\/drasanvi.com\\\/fr\\\/tienda\\\/\"},{\"@type\":\"ListItem\",\"position\":3,\"name\":\"Almendra Tostada Bio 100 g Doypack Frutos Secos Ecosana\"}]},{\"@type\":\"WebSite\",\"@id\":\"https:\\\/\\\/drasanvi.com\\\/fr\\\/#website\",\"url\":\"https:\\\/\\\/drasanvi.com\\\/fr\\\/\",\"name\":\"Drasanvi Francia\",\"description\":\"L\u00edder en complementos alimenticios y cosm\u00e9tica natural.\",\"publisher\":{\"@id\":\"https:\\\/\\\/drasanvi.com\\\/fr\\\/#organization\"},\"potentialAction\":[{\"@type\":\"SearchAction\",\"target\":{\"@type\":\"EntryPoint\",\"urlTemplate\":\"https:\\\/\\\/drasanvi.com\\\/fr\\\/?s={search_term_string}\"},\"query-input\":{\"@type\":\"PropertyValueSpecification\",\"valueRequired\":true,\"valueName\":\"search_term_string\"}}],\"inLanguage\":\"fr-FR\"},{\"@type\":\"Organization\",\"@id\":\"https:\\\/\\\/drasanvi.com\\\/fr\\\/#organization\",\"name\":\"Drasanvi\",\"url\":\"https:\\\/\\\/drasanvi.com\\\/fr\\\/\",\"logo\":{\"@type\":\"ImageObject\",\"inLanguage\":\"fr-FR\",\"@id\":\"https:\\\/\\\/drasanvi.com\\\/fr\\\/#\\\/schema\\\/logo\\\/image\\\/\",\"url\":\"https:\\\/\\\/drasanvi.com\\\/wp-content\\\/uploads\\\/sites\\\/7\\\/2021\\\/07\\\/logo-drasanvi.png\",\"contentUrl\":\"https:\\\/\\\/drasanvi.com\\\/wp-content\\\/uploads\\\/sites\\\/7\\\/2021\\\/07\\\/logo-drasanvi.png\",\"width\":900,\"height\":300,\"caption\":\"Drasanvi\"},\"image\":{\"@id\":\"https:\\\/\\\/drasanvi.com\\\/fr\\\/#\\\/schema\\\/logo\\\/image\\\/\"}}]}<\/script>\n<!-- \/ Yoast SEO plugin. -->","yoast_head_json":{"title":"Almendra Tostada Bio 100 g Doypack Frutos Secos Ecosana - Drasanvi Francia","robots":{"index":"index","follow":"follow","max-snippet":"max-snippet:-1","max-image-preview":"max-image-preview:large","max-video-preview":"max-video-preview:-1"},"canonical":"https:\/\/drasanvi.com\/fr\/producto\/almendra-tostada-bio-100-g-doypack-frutos-secos-ecosana\/","og_locale":"fr_FR","og_type":"article","og_title":"Almendra Tostada Bio 100 g Doypack Frutos Secos Ecosana - Drasanvi Francia","og_description":"Son 100% ecol\u00f3gicas, por lo que su cultivo y recolecci\u00f3n se ha realizado siguiendo criterios que son respetuosos con el medio ambiente, sin utilizar ninguna sustancia artificial. Este fruto seco aporta gran cantidad de energ\u00eda y grasas saludables. Tiene un alto contenido de fibra, por lo que ayuda a regular el tr\u00e1nsito intestinal. Tambi\u00e9n destaca su contenido en Calcio y en Vitamina E (antioxidante). El objetivo de sostenibilidad de la l\u00ednea Ecosana es generar el menor impacto ambiental posible. Por ello, los doypack de frutos secos son compostables para evitar que se conviertan en residuos perjudiciales para el Medio Ambiente y reduzcan las emisiones contaminantes de la atm\u00f3sfera. Este tipo de envases no s\u00f3lo se degradan, sino que, adem\u00e1s, se convierten en compost o abono. nContenido:Envase biodegradable y compostable Peso neto: 100g n nFicha t\u00e9cnica","og_url":"https:\/\/drasanvi.com\/fr\/producto\/almendra-tostada-bio-100-g-doypack-frutos-secos-ecosana\/","og_site_name":"Drasanvi Francia","article_modified_time":"2022-03-10T12:16:05+00:00","og_image":[{"width":1000,"height":1000,"url":"https:\/\/drasanvi.com\/wp-content\/uploads\/sites\/7\/2022\/02\/467010458.png","type":"image\/png"}],"twitter_card":"summary_large_image","schema":{"@context":"https:\/\/schema.org","@graph":[{"@type":"WebPage","@id":"https:\/\/drasanvi.com\/fr\/producto\/almendra-tostada-bio-100-g-doypack-frutos-secos-ecosana\/","url":"https:\/\/drasanvi.com\/fr\/producto\/almendra-tostada-bio-100-g-doypack-frutos-secos-ecosana\/","name":"Almendra Tostada Bio 100 g Doypack Frutos Secos Ecosana - Drasanvi Francia","isPartOf":{"@id":"https:\/\/drasanvi.com\/fr\/#website"},"primaryImageOfPage":{"@id":"https:\/\/drasanvi.com\/fr\/producto\/almendra-tostada-bio-100-g-doypack-frutos-secos-ecosana\/#primaryimage"},"image":{"@id":"https:\/\/drasanvi.com\/fr\/producto\/almendra-tostada-bio-100-g-doypack-frutos-secos-ecosana\/#primaryimage"},"thumbnailUrl":"https:\/\/drasanvi.com\/fr\/wp-content\/uploads\/sites\/7\/2022\/02\/467010458.png","datePublished":"2022-02-11T10:03:46+00:00","dateModified":"2022-03-10T12:16:05+00:00","breadcrumb":{"@id":"https:\/\/drasanvi.com\/fr\/producto\/almendra-tostada-bio-100-g-doypack-frutos-secos-ecosana\/#breadcrumb"},"inLanguage":"fr-FR","potentialAction":[{"@type":"ReadAction","target":["https:\/\/drasanvi.com\/fr\/producto\/almendra-tostada-bio-100-g-doypack-frutos-secos-ecosana\/"]}]},{"@type":"ImageObject","inLanguage":"fr-FR","@id":"https:\/\/drasanvi.com\/fr\/producto\/almendra-tostada-bio-100-g-doypack-frutos-secos-ecosana\/#primaryimage","url":"https:\/\/drasanvi.com\/fr\/wp-content\/uploads\/sites\/7\/2022\/02\/467010458.png","contentUrl":"https:\/\/drasanvi.com\/fr\/wp-content\/uploads\/sites\/7\/2022\/02\/467010458.png","width":1000,"height":1000},{"@type":"BreadcrumbList","@id":"https:\/\/drasanvi.com\/fr\/producto\/almendra-tostada-bio-100-g-doypack-frutos-secos-ecosana\/#breadcrumb","itemListElement":[{"@type":"ListItem","position":1,"name":"Portada","item":"https:\/\/drasanvi.com\/fr\/"},{"@type":"ListItem","position":2,"name":"Tienda","item":"https:\/\/drasanvi.com\/fr\/tienda\/"},{"@type":"ListItem","position":3,"name":"Almendra Tostada Bio 100 g Doypack Frutos Secos Ecosana"}]},{"@type":"WebSite","@id":"https:\/\/drasanvi.com\/fr\/#website","url":"https:\/\/drasanvi.com\/fr\/","name":"Drasanvi Francia","description":"L\u00edder en complementos alimenticios y cosm\u00e9tica natural.","publisher":{"@id":"https:\/\/drasanvi.com\/fr\/#organization"},"potentialAction":[{"@type":"SearchAction","target":{"@type":"EntryPoint","urlTemplate":"https:\/\/drasanvi.com\/fr\/?s={search_term_string}"},"query-input":{"@type":"PropertyValueSpecification","valueRequired":true,"valueName":"search_term_string"}}],"inLanguage":"fr-FR"},{"@type":"Organization","@id":"https:\/\/drasanvi.com\/fr\/#organization","name":"Drasanvi","url":"https:\/\/drasanvi.com\/fr\/","logo":{"@type":"ImageObject","inLanguage":"fr-FR","@id":"https:\/\/drasanvi.com\/fr\/#\/schema\/logo\/image\/","url":"https:\/\/drasanvi.com\/wp-content\/uploads\/sites\/7\/2021\/07\/logo-drasanvi.png","contentUrl":"https:\/\/drasanvi.com\/wp-content\/uploads\/sites\/7\/2021\/07\/logo-drasanvi.png","width":900,"height":300,"caption":"Drasanvi"},"image":{"@id":"https:\/\/drasanvi.com\/fr\/#\/schema\/logo\/image\/"}}]}},"_links":{"self":[{"href":"https:\/\/drasanvi.com\/fr\/wp-json\/wp\/v2\/product\/18651","targetHints":{"allow":["GET"]}}],"collection":[{"href":"https:\/\/drasanvi.com\/fr\/wp-json\/wp\/v2\/product"}],"about":[{"href":"https:\/\/drasanvi.com\/fr\/wp-json\/wp\/v2\/types\/product"}],"version-history":[{"count":0,"href":"https:\/\/drasanvi.com\/fr\/wp-json\/wp\/v2\/product\/18651\/revisions"}],"wp:featuredmedia":[{"embeddable":true,"href":"https:\/\/drasanvi.com\/fr\/wp-json\/wp\/v2\/media\/21153"}],"wp:attachment":[{"href":"https:\/\/drasanvi.com\/fr\/wp-json\/wp\/v2\/media?parent=18651"}],"wp:term":[{"taxonomy":"product_cat","embeddable":true,"href":"https:\/\/drasanvi.com\/fr\/wp-json\/wp\/v2\/product_cat?post=18651"},{"taxonomy":"product_tag","embeddable":true,"href":"https:\/\/drasanvi.com\/fr\/wp-json\/wp\/v2\/product_tag?post=18651"}],"curies":[{"name":"wp","href":"https:\/\/api.w.org\/{rel}","templated":true}]}}