{"id":18626,"date":"2022-02-11T12:03:15","date_gmt":"2022-02-11T10:03:15","guid":{"rendered":"https:\/\/drasanvi.com\/fr\/producto\/salvado-de-avena-500-g-natursana\/"},"modified":"2022-03-10T14:16:03","modified_gmt":"2022-03-10T12:16:03","slug":"salvado-de-avena-500-g-natursana","status":"publish","type":"product","link":"https:\/\/drasanvi.com\/fr\/producto\/salvado-de-avena-500-g-natursana\/","title":{"rendered":"Salvado de Avena 500 g Natursana"},"content":{"rendered":"<h2>Ingredientes<\/h2>\n<p>Salvado de avena.<\/p>\n<h2>Tabla nutricional<\/h2>\n<p>por cada 100 g        \u00a0  Cantidad       Valor energ\u00e9tico  1525 kJ \/362 kcal      Grasas de las cuales saturadas  6 g 1,10 g      Hidratos de carbono de los cuales az\u00facares  60,30 g<\/p>\n<h3>Modo de uso<\/h3>\n<p>Es aconsejable tomar entre 1 a 3 cucharas grandes al d\u00eda antes de las comidas. Conviene no sobrepasar esa cantidad para evitar molestias g\u00e1stricas. Puedes tomarlo en tus desayunos en forma de gachas o con yogures, incluso incluirlo en tus zumos o bebidas vegetales. Tambi\u00e9n puedes integrarlo para hacer sabrosas recetas saludables! T\u00fa decides c\u00f3mo disfrutarlos.  \u00a0<\/p>\n<h3>Advertencias<\/h3>\n<p>Conservar en lugar fresco y seco.Contiene Gluten. Puede contener trazas de S&eacute;samo, Soja, Frutos de c&aacute;scara, Mostaza y Altramuces.<\/p>\n","protected":false},"excerpt":{"rendered":"<p>El Salvado de Avena se obtiene de forma natural del refinamiento de la avena y corresponde con la capa m\u00e1s externa de este cereal. Justamente en el salvado, encontramos la mayor parte de fibra de la avena. Por lo tanto, el Salvado nos ayuda a mejorar el tr\u00e1nsito intestinal y a regular el apetito gracias a su gran aporte de fibra natural soluble e insoluble.\u00a0 \u00a0<br \/><strong>Contenido:<\/strong>Envase de 500 g<\/p>\n<p><a id=\"boton-ficha\" href=\"https:\/\/panel.drasanvi.com\/fichas\/1\/467010051\" target=\"_blank\" rel=\"noopener\">Ficha t\u00e9cnica<\/a><\/p>\n","protected":false},"featured_media":18628,"template":"","meta":{"inline_featured_image":false},"product_cat":[1312],"product_tag":[],"class_list":["post-18626","product","type-product","status-publish","has-post-thumbnail","hentry","product_cat-copos-y-cereales"],"yoast_head":"<!-- This site is optimized with the Yoast SEO plugin v27.5 - https:\/\/yoast.com\/product\/yoast-seo-wordpress\/ -->\n<title>Salvado de Avena 500 g Natursana - Drasanvi Francia<\/title>\n<meta name=\"robots\" content=\"index, follow, max-snippet:-1, max-image-preview:large, max-video-preview:-1\" \/>\n<link rel=\"canonical\" href=\"https:\/\/drasanvi.com\/fr\/producto\/salvado-de-avena-500-g-natursana\/\" \/>\n<meta property=\"og:locale\" content=\"fr_FR\" \/>\n<meta property=\"og:type\" content=\"article\" \/>\n<meta property=\"og:title\" content=\"Salvado de Avena 500 g Natursana - Drasanvi Francia\" \/>\n<meta property=\"og:description\" content=\"El Salvado de Avena se obtiene de forma natural del refinamiento de la avena y corresponde con la capa m\u00e1s externa de este cereal. Justamente en el salvado, encontramos la mayor parte de fibra de la avena. Por lo tanto, el Salvado nos ayuda a mejorar el tr\u00e1nsito intestinal y a regular el apetito gracias a su gran aporte de fibra natural soluble e insoluble.\u00a0 \u00a0Contenido:Envase de 500 gFicha t\u00e9cnica\" \/>\n<meta property=\"og:url\" content=\"https:\/\/drasanvi.com\/fr\/producto\/salvado-de-avena-500-g-natursana\/\" \/>\n<meta property=\"og:site_name\" content=\"Drasanvi Francia\" \/>\n<meta property=\"article:modified_time\" content=\"2022-03-10T12:16:03+00:00\" \/>\n<meta property=\"og:image\" content=\"https:\/\/drasanvi.com\/wp-content\/uploads\/sites\/7\/2022\/02\/467010051.png\" \/>\n\t<meta property=\"og:image:width\" content=\"1000\" \/>\n\t<meta property=\"og:image:height\" content=\"1000\" \/>\n\t<meta property=\"og:image:type\" content=\"image\/png\" \/>\n<meta name=\"twitter:card\" content=\"summary_large_image\" \/>\n<script type=\"application\/ld+json\" class=\"yoast-schema-graph\">{\"@context\":\"https:\\\/\\\/schema.org\",\"@graph\":[{\"@type\":\"WebPage\",\"@id\":\"https:\\\/\\\/drasanvi.com\\\/fr\\\/producto\\\/salvado-de-avena-500-g-natursana\\\/\",\"url\":\"https:\\\/\\\/drasanvi.com\\\/fr\\\/producto\\\/salvado-de-avena-500-g-natursana\\\/\",\"name\":\"Salvado de Avena 500 g Natursana - Drasanvi Francia\",\"isPartOf\":{\"@id\":\"https:\\\/\\\/drasanvi.com\\\/fr\\\/#website\"},\"primaryImageOfPage\":{\"@id\":\"https:\\\/\\\/drasanvi.com\\\/fr\\\/producto\\\/salvado-de-avena-500-g-natursana\\\/#primaryimage\"},\"image\":{\"@id\":\"https:\\\/\\\/drasanvi.com\\\/fr\\\/producto\\\/salvado-de-avena-500-g-natursana\\\/#primaryimage\"},\"thumbnailUrl\":\"https:\\\/\\\/drasanvi.com\\\/fr\\\/wp-content\\\/uploads\\\/sites\\\/7\\\/2022\\\/02\\\/467010051.png\",\"datePublished\":\"2022-02-11T10:03:15+00:00\",\"dateModified\":\"2022-03-10T12:16:03+00:00\",\"breadcrumb\":{\"@id\":\"https:\\\/\\\/drasanvi.com\\\/fr\\\/producto\\\/salvado-de-avena-500-g-natursana\\\/#breadcrumb\"},\"inLanguage\":\"fr-FR\",\"potentialAction\":[{\"@type\":\"ReadAction\",\"target\":[\"https:\\\/\\\/drasanvi.com\\\/fr\\\/producto\\\/salvado-de-avena-500-g-natursana\\\/\"]}]},{\"@type\":\"ImageObject\",\"inLanguage\":\"fr-FR\",\"@id\":\"https:\\\/\\\/drasanvi.com\\\/fr\\\/producto\\\/salvado-de-avena-500-g-natursana\\\/#primaryimage\",\"url\":\"https:\\\/\\\/drasanvi.com\\\/fr\\\/wp-content\\\/uploads\\\/sites\\\/7\\\/2022\\\/02\\\/467010051.png\",\"contentUrl\":\"https:\\\/\\\/drasanvi.com\\\/fr\\\/wp-content\\\/uploads\\\/sites\\\/7\\\/2022\\\/02\\\/467010051.png\",\"width\":1000,\"height\":1000},{\"@type\":\"BreadcrumbList\",\"@id\":\"https:\\\/\\\/drasanvi.com\\\/fr\\\/producto\\\/salvado-de-avena-500-g-natursana\\\/#breadcrumb\",\"itemListElement\":[{\"@type\":\"ListItem\",\"position\":1,\"name\":\"Portada\",\"item\":\"https:\\\/\\\/drasanvi.com\\\/fr\\\/\"},{\"@type\":\"ListItem\",\"position\":2,\"name\":\"Tienda\",\"item\":\"https:\\\/\\\/drasanvi.com\\\/fr\\\/tienda\\\/\"},{\"@type\":\"ListItem\",\"position\":3,\"name\":\"Salvado de Avena 500 g Natursana\"}]},{\"@type\":\"WebSite\",\"@id\":\"https:\\\/\\\/drasanvi.com\\\/fr\\\/#website\",\"url\":\"https:\\\/\\\/drasanvi.com\\\/fr\\\/\",\"name\":\"Drasanvi Francia\",\"description\":\"L\u00edder en complementos alimenticios y cosm\u00e9tica natural.\",\"publisher\":{\"@id\":\"https:\\\/\\\/drasanvi.com\\\/fr\\\/#organization\"},\"potentialAction\":[{\"@type\":\"SearchAction\",\"target\":{\"@type\":\"EntryPoint\",\"urlTemplate\":\"https:\\\/\\\/drasanvi.com\\\/fr\\\/?s={search_term_string}\"},\"query-input\":{\"@type\":\"PropertyValueSpecification\",\"valueRequired\":true,\"valueName\":\"search_term_string\"}}],\"inLanguage\":\"fr-FR\"},{\"@type\":\"Organization\",\"@id\":\"https:\\\/\\\/drasanvi.com\\\/fr\\\/#organization\",\"name\":\"Drasanvi\",\"url\":\"https:\\\/\\\/drasanvi.com\\\/fr\\\/\",\"logo\":{\"@type\":\"ImageObject\",\"inLanguage\":\"fr-FR\",\"@id\":\"https:\\\/\\\/drasanvi.com\\\/fr\\\/#\\\/schema\\\/logo\\\/image\\\/\",\"url\":\"https:\\\/\\\/drasanvi.com\\\/wp-content\\\/uploads\\\/sites\\\/7\\\/2021\\\/07\\\/logo-drasanvi.png\",\"contentUrl\":\"https:\\\/\\\/drasanvi.com\\\/wp-content\\\/uploads\\\/sites\\\/7\\\/2021\\\/07\\\/logo-drasanvi.png\",\"width\":900,\"height\":300,\"caption\":\"Drasanvi\"},\"image\":{\"@id\":\"https:\\\/\\\/drasanvi.com\\\/fr\\\/#\\\/schema\\\/logo\\\/image\\\/\"}}]}<\/script>\n<!-- \/ Yoast SEO plugin. -->","yoast_head_json":{"title":"Salvado de Avena 500 g Natursana - Drasanvi Francia","robots":{"index":"index","follow":"follow","max-snippet":"max-snippet:-1","max-image-preview":"max-image-preview:large","max-video-preview":"max-video-preview:-1"},"canonical":"https:\/\/drasanvi.com\/fr\/producto\/salvado-de-avena-500-g-natursana\/","og_locale":"fr_FR","og_type":"article","og_title":"Salvado de Avena 500 g Natursana - Drasanvi Francia","og_description":"El Salvado de Avena se obtiene de forma natural del refinamiento de la avena y corresponde con la capa m\u00e1s externa de este cereal. Justamente en el salvado, encontramos la mayor parte de fibra de la avena. Por lo tanto, el Salvado nos ayuda a mejorar el tr\u00e1nsito intestinal y a regular el apetito gracias a su gran aporte de fibra natural soluble e insoluble.\u00a0 \u00a0Contenido:Envase de 500 gFicha t\u00e9cnica","og_url":"https:\/\/drasanvi.com\/fr\/producto\/salvado-de-avena-500-g-natursana\/","og_site_name":"Drasanvi Francia","article_modified_time":"2022-03-10T12:16:03+00:00","og_image":[{"width":1000,"height":1000,"url":"https:\/\/drasanvi.com\/wp-content\/uploads\/sites\/7\/2022\/02\/467010051.png","type":"image\/png"}],"twitter_card":"summary_large_image","schema":{"@context":"https:\/\/schema.org","@graph":[{"@type":"WebPage","@id":"https:\/\/drasanvi.com\/fr\/producto\/salvado-de-avena-500-g-natursana\/","url":"https:\/\/drasanvi.com\/fr\/producto\/salvado-de-avena-500-g-natursana\/","name":"Salvado de Avena 500 g Natursana - Drasanvi Francia","isPartOf":{"@id":"https:\/\/drasanvi.com\/fr\/#website"},"primaryImageOfPage":{"@id":"https:\/\/drasanvi.com\/fr\/producto\/salvado-de-avena-500-g-natursana\/#primaryimage"},"image":{"@id":"https:\/\/drasanvi.com\/fr\/producto\/salvado-de-avena-500-g-natursana\/#primaryimage"},"thumbnailUrl":"https:\/\/drasanvi.com\/fr\/wp-content\/uploads\/sites\/7\/2022\/02\/467010051.png","datePublished":"2022-02-11T10:03:15+00:00","dateModified":"2022-03-10T12:16:03+00:00","breadcrumb":{"@id":"https:\/\/drasanvi.com\/fr\/producto\/salvado-de-avena-500-g-natursana\/#breadcrumb"},"inLanguage":"fr-FR","potentialAction":[{"@type":"ReadAction","target":["https:\/\/drasanvi.com\/fr\/producto\/salvado-de-avena-500-g-natursana\/"]}]},{"@type":"ImageObject","inLanguage":"fr-FR","@id":"https:\/\/drasanvi.com\/fr\/producto\/salvado-de-avena-500-g-natursana\/#primaryimage","url":"https:\/\/drasanvi.com\/fr\/wp-content\/uploads\/sites\/7\/2022\/02\/467010051.png","contentUrl":"https:\/\/drasanvi.com\/fr\/wp-content\/uploads\/sites\/7\/2022\/02\/467010051.png","width":1000,"height":1000},{"@type":"BreadcrumbList","@id":"https:\/\/drasanvi.com\/fr\/producto\/salvado-de-avena-500-g-natursana\/#breadcrumb","itemListElement":[{"@type":"ListItem","position":1,"name":"Portada","item":"https:\/\/drasanvi.com\/fr\/"},{"@type":"ListItem","position":2,"name":"Tienda","item":"https:\/\/drasanvi.com\/fr\/tienda\/"},{"@type":"ListItem","position":3,"name":"Salvado de Avena 500 g Natursana"}]},{"@type":"WebSite","@id":"https:\/\/drasanvi.com\/fr\/#website","url":"https:\/\/drasanvi.com\/fr\/","name":"Drasanvi Francia","description":"L\u00edder en complementos alimenticios y cosm\u00e9tica natural.","publisher":{"@id":"https:\/\/drasanvi.com\/fr\/#organization"},"potentialAction":[{"@type":"SearchAction","target":{"@type":"EntryPoint","urlTemplate":"https:\/\/drasanvi.com\/fr\/?s={search_term_string}"},"query-input":{"@type":"PropertyValueSpecification","valueRequired":true,"valueName":"search_term_string"}}],"inLanguage":"fr-FR"},{"@type":"Organization","@id":"https:\/\/drasanvi.com\/fr\/#organization","name":"Drasanvi","url":"https:\/\/drasanvi.com\/fr\/","logo":{"@type":"ImageObject","inLanguage":"fr-FR","@id":"https:\/\/drasanvi.com\/fr\/#\/schema\/logo\/image\/","url":"https:\/\/drasanvi.com\/wp-content\/uploads\/sites\/7\/2021\/07\/logo-drasanvi.png","contentUrl":"https:\/\/drasanvi.com\/wp-content\/uploads\/sites\/7\/2021\/07\/logo-drasanvi.png","width":900,"height":300,"caption":"Drasanvi"},"image":{"@id":"https:\/\/drasanvi.com\/fr\/#\/schema\/logo\/image\/"}}]}},"_links":{"self":[{"href":"https:\/\/drasanvi.com\/fr\/wp-json\/wp\/v2\/product\/18626","targetHints":{"allow":["GET"]}}],"collection":[{"href":"https:\/\/drasanvi.com\/fr\/wp-json\/wp\/v2\/product"}],"about":[{"href":"https:\/\/drasanvi.com\/fr\/wp-json\/wp\/v2\/types\/product"}],"version-history":[{"count":0,"href":"https:\/\/drasanvi.com\/fr\/wp-json\/wp\/v2\/product\/18626\/revisions"}],"wp:featuredmedia":[{"embeddable":true,"href":"https:\/\/drasanvi.com\/fr\/wp-json\/wp\/v2\/media\/18628"}],"wp:attachment":[{"href":"https:\/\/drasanvi.com\/fr\/wp-json\/wp\/v2\/media?parent=18626"}],"wp:term":[{"taxonomy":"product_cat","embeddable":true,"href":"https:\/\/drasanvi.com\/fr\/wp-json\/wp\/v2\/product_cat?post=18626"},{"taxonomy":"product_tag","embeddable":true,"href":"https:\/\/drasanvi.com\/fr\/wp-json\/wp\/v2\/product_tag?post=18626"}],"curies":[{"name":"wp","href":"https:\/\/api.w.org\/{rel}","templated":true}]}}