{"id":18623,"date":"2022-02-11T12:03:15","date_gmt":"2022-02-11T10:03:15","guid":{"rendered":"https:\/\/drasanvi.com\/fr\/producto\/germen-de-trigo-300-g-natursana\/"},"modified":"2022-03-10T14:16:03","modified_gmt":"2022-03-10T12:16:03","slug":"germen-de-trigo-300-g-natursana","status":"publish","type":"product","link":"https:\/\/drasanvi.com\/fr\/producto\/germen-de-trigo-300-g-natursana\/","title":{"rendered":"Germen de trigo 300 g Natursana"},"content":{"rendered":"<h2>Ingredientes<\/h2>\n<p>Germen de TRIGO\u00a0<\/p>\n<h2>Tabla nutricional<\/h2>\n<p>Por cada 100 g        \u00a0  Cantidad\u00a0      Valor energ\u00e9tico  1448 kJ \/ 346 kcal      Grasas de las cuales saturadas  9,20 g 1,93 g      Hidratos de carbono de los cuales az\u00facares  29,90 g 15,85 g      Fibra   17,60 g      Prote\u00ednas   27,04 g      Sal  0,06 g<\/p>\n<h3>Modo de uso<\/h3>\n<p>Se puede tomar junto a otros cereales en el desayuno, para acompa\u00f1ar un yogur o sustituy\u00e9ndolo por harina refinada.\u00a0\u00dasalo a tu gusto.<\/p>\n<h3>Advertencias<\/h3>\n<p>Conservar en un lugar fresco y seco.Contiene Gluten. Puede contener trazas de Frutos de C&aacute;scara, Soja y S&eacute;samo.&nbsp;<\/p>\n","protected":false},"excerpt":{"rendered":"<p>El germen de trigo de NATURSANA se obtiene como producto natural a partir de la molienda del trigo. Esta parte del trigo es el\u00a0embri\u00f3n de la semilla, que germina para formar la planta. El germen del trigo destaca por su riqueza nutricional. Posee una elevada concentraci\u00f3n en vitamina E, un potente antioxidante que ofrece una protecci\u00f3n natural frente al da\u00f1o oxidativo, adem\u00e1s de minerales como el magnesio, potasio, zinc, hierro y calcio. Tambi\u00e9n contiene grasas saludables.\u00a0<br \/><strong>Contenido:<\/strong>Envase de 300 g<\/p>\n<p><a id=\"boton-ficha\" href=\"https:\/\/panel.drasanvi.com\/fichas\/1\/467010028\" target=\"_blank\" rel=\"noopener\">Ficha t\u00e9cnica<\/a><\/p>\n","protected":false},"featured_media":18625,"template":"","meta":{"inline_featured_image":false},"product_cat":[1312],"product_tag":[],"class_list":["post-18623","product","type-product","status-publish","has-post-thumbnail","hentry","product_cat-copos-y-cereales"],"yoast_head":"<!-- This site is optimized with the Yoast SEO plugin v27.5 - https:\/\/yoast.com\/product\/yoast-seo-wordpress\/ -->\n<title>Germen de trigo 300 g Natursana - Drasanvi Francia<\/title>\n<meta name=\"robots\" content=\"index, follow, max-snippet:-1, max-image-preview:large, max-video-preview:-1\" \/>\n<link rel=\"canonical\" href=\"https:\/\/drasanvi.com\/fr\/producto\/germen-de-trigo-300-g-natursana\/\" \/>\n<meta property=\"og:locale\" content=\"fr_FR\" \/>\n<meta property=\"og:type\" content=\"article\" \/>\n<meta property=\"og:title\" content=\"Germen de trigo 300 g Natursana - Drasanvi Francia\" \/>\n<meta property=\"og:description\" content=\"El germen de trigo de NATURSANA se obtiene como producto natural a partir de la molienda del trigo. Esta parte del trigo es el\u00a0embri\u00f3n de la semilla, que germina para formar la planta. El germen del trigo destaca por su riqueza nutricional. Posee una elevada concentraci\u00f3n en vitamina E, un potente antioxidante que ofrece una protecci\u00f3n natural frente al da\u00f1o oxidativo, adem\u00e1s de minerales como el magnesio, potasio, zinc, hierro y calcio. Tambi\u00e9n contiene grasas saludables.\u00a0Contenido:Envase de 300 gFicha t\u00e9cnica\" \/>\n<meta property=\"og:url\" content=\"https:\/\/drasanvi.com\/fr\/producto\/germen-de-trigo-300-g-natursana\/\" \/>\n<meta property=\"og:site_name\" content=\"Drasanvi Francia\" \/>\n<meta property=\"article:modified_time\" content=\"2022-03-10T12:16:03+00:00\" \/>\n<meta property=\"og:image\" content=\"https:\/\/drasanvi.com\/wp-content\/uploads\/sites\/7\/2022\/02\/467010028.png\" \/>\n\t<meta property=\"og:image:width\" content=\"1000\" \/>\n\t<meta property=\"og:image:height\" content=\"1000\" \/>\n\t<meta property=\"og:image:type\" content=\"image\/png\" \/>\n<meta name=\"twitter:card\" content=\"summary_large_image\" \/>\n<script type=\"application\/ld+json\" class=\"yoast-schema-graph\">{\"@context\":\"https:\\\/\\\/schema.org\",\"@graph\":[{\"@type\":\"WebPage\",\"@id\":\"https:\\\/\\\/drasanvi.com\\\/fr\\\/producto\\\/germen-de-trigo-300-g-natursana\\\/\",\"url\":\"https:\\\/\\\/drasanvi.com\\\/fr\\\/producto\\\/germen-de-trigo-300-g-natursana\\\/\",\"name\":\"Germen de trigo 300 g Natursana - Drasanvi Francia\",\"isPartOf\":{\"@id\":\"https:\\\/\\\/drasanvi.com\\\/fr\\\/#website\"},\"primaryImageOfPage\":{\"@id\":\"https:\\\/\\\/drasanvi.com\\\/fr\\\/producto\\\/germen-de-trigo-300-g-natursana\\\/#primaryimage\"},\"image\":{\"@id\":\"https:\\\/\\\/drasanvi.com\\\/fr\\\/producto\\\/germen-de-trigo-300-g-natursana\\\/#primaryimage\"},\"thumbnailUrl\":\"https:\\\/\\\/drasanvi.com\\\/fr\\\/wp-content\\\/uploads\\\/sites\\\/7\\\/2022\\\/02\\\/467010028.png\",\"datePublished\":\"2022-02-11T10:03:15+00:00\",\"dateModified\":\"2022-03-10T12:16:03+00:00\",\"breadcrumb\":{\"@id\":\"https:\\\/\\\/drasanvi.com\\\/fr\\\/producto\\\/germen-de-trigo-300-g-natursana\\\/#breadcrumb\"},\"inLanguage\":\"fr-FR\",\"potentialAction\":[{\"@type\":\"ReadAction\",\"target\":[\"https:\\\/\\\/drasanvi.com\\\/fr\\\/producto\\\/germen-de-trigo-300-g-natursana\\\/\"]}]},{\"@type\":\"ImageObject\",\"inLanguage\":\"fr-FR\",\"@id\":\"https:\\\/\\\/drasanvi.com\\\/fr\\\/producto\\\/germen-de-trigo-300-g-natursana\\\/#primaryimage\",\"url\":\"https:\\\/\\\/drasanvi.com\\\/fr\\\/wp-content\\\/uploads\\\/sites\\\/7\\\/2022\\\/02\\\/467010028.png\",\"contentUrl\":\"https:\\\/\\\/drasanvi.com\\\/fr\\\/wp-content\\\/uploads\\\/sites\\\/7\\\/2022\\\/02\\\/467010028.png\",\"width\":1000,\"height\":1000},{\"@type\":\"BreadcrumbList\",\"@id\":\"https:\\\/\\\/drasanvi.com\\\/fr\\\/producto\\\/germen-de-trigo-300-g-natursana\\\/#breadcrumb\",\"itemListElement\":[{\"@type\":\"ListItem\",\"position\":1,\"name\":\"Portada\",\"item\":\"https:\\\/\\\/drasanvi.com\\\/fr\\\/\"},{\"@type\":\"ListItem\",\"position\":2,\"name\":\"Tienda\",\"item\":\"https:\\\/\\\/drasanvi.com\\\/fr\\\/tienda\\\/\"},{\"@type\":\"ListItem\",\"position\":3,\"name\":\"Germen de trigo 300 g Natursana\"}]},{\"@type\":\"WebSite\",\"@id\":\"https:\\\/\\\/drasanvi.com\\\/fr\\\/#website\",\"url\":\"https:\\\/\\\/drasanvi.com\\\/fr\\\/\",\"name\":\"Drasanvi Francia\",\"description\":\"L\u00edder en complementos alimenticios y cosm\u00e9tica natural.\",\"publisher\":{\"@id\":\"https:\\\/\\\/drasanvi.com\\\/fr\\\/#organization\"},\"potentialAction\":[{\"@type\":\"SearchAction\",\"target\":{\"@type\":\"EntryPoint\",\"urlTemplate\":\"https:\\\/\\\/drasanvi.com\\\/fr\\\/?s={search_term_string}\"},\"query-input\":{\"@type\":\"PropertyValueSpecification\",\"valueRequired\":true,\"valueName\":\"search_term_string\"}}],\"inLanguage\":\"fr-FR\"},{\"@type\":\"Organization\",\"@id\":\"https:\\\/\\\/drasanvi.com\\\/fr\\\/#organization\",\"name\":\"Drasanvi\",\"url\":\"https:\\\/\\\/drasanvi.com\\\/fr\\\/\",\"logo\":{\"@type\":\"ImageObject\",\"inLanguage\":\"fr-FR\",\"@id\":\"https:\\\/\\\/drasanvi.com\\\/fr\\\/#\\\/schema\\\/logo\\\/image\\\/\",\"url\":\"https:\\\/\\\/drasanvi.com\\\/wp-content\\\/uploads\\\/sites\\\/7\\\/2021\\\/07\\\/logo-drasanvi.png\",\"contentUrl\":\"https:\\\/\\\/drasanvi.com\\\/wp-content\\\/uploads\\\/sites\\\/7\\\/2021\\\/07\\\/logo-drasanvi.png\",\"width\":900,\"height\":300,\"caption\":\"Drasanvi\"},\"image\":{\"@id\":\"https:\\\/\\\/drasanvi.com\\\/fr\\\/#\\\/schema\\\/logo\\\/image\\\/\"}}]}<\/script>\n<!-- \/ Yoast SEO plugin. -->","yoast_head_json":{"title":"Germen de trigo 300 g Natursana - Drasanvi Francia","robots":{"index":"index","follow":"follow","max-snippet":"max-snippet:-1","max-image-preview":"max-image-preview:large","max-video-preview":"max-video-preview:-1"},"canonical":"https:\/\/drasanvi.com\/fr\/producto\/germen-de-trigo-300-g-natursana\/","og_locale":"fr_FR","og_type":"article","og_title":"Germen de trigo 300 g Natursana - Drasanvi Francia","og_description":"El germen de trigo de NATURSANA se obtiene como producto natural a partir de la molienda del trigo. Esta parte del trigo es el\u00a0embri\u00f3n de la semilla, que germina para formar la planta. El germen del trigo destaca por su riqueza nutricional. Posee una elevada concentraci\u00f3n en vitamina E, un potente antioxidante que ofrece una protecci\u00f3n natural frente al da\u00f1o oxidativo, adem\u00e1s de minerales como el magnesio, potasio, zinc, hierro y calcio. Tambi\u00e9n contiene grasas saludables.\u00a0Contenido:Envase de 300 gFicha t\u00e9cnica","og_url":"https:\/\/drasanvi.com\/fr\/producto\/germen-de-trigo-300-g-natursana\/","og_site_name":"Drasanvi Francia","article_modified_time":"2022-03-10T12:16:03+00:00","og_image":[{"width":1000,"height":1000,"url":"https:\/\/drasanvi.com\/wp-content\/uploads\/sites\/7\/2022\/02\/467010028.png","type":"image\/png"}],"twitter_card":"summary_large_image","schema":{"@context":"https:\/\/schema.org","@graph":[{"@type":"WebPage","@id":"https:\/\/drasanvi.com\/fr\/producto\/germen-de-trigo-300-g-natursana\/","url":"https:\/\/drasanvi.com\/fr\/producto\/germen-de-trigo-300-g-natursana\/","name":"Germen de trigo 300 g Natursana - Drasanvi Francia","isPartOf":{"@id":"https:\/\/drasanvi.com\/fr\/#website"},"primaryImageOfPage":{"@id":"https:\/\/drasanvi.com\/fr\/producto\/germen-de-trigo-300-g-natursana\/#primaryimage"},"image":{"@id":"https:\/\/drasanvi.com\/fr\/producto\/germen-de-trigo-300-g-natursana\/#primaryimage"},"thumbnailUrl":"https:\/\/drasanvi.com\/fr\/wp-content\/uploads\/sites\/7\/2022\/02\/467010028.png","datePublished":"2022-02-11T10:03:15+00:00","dateModified":"2022-03-10T12:16:03+00:00","breadcrumb":{"@id":"https:\/\/drasanvi.com\/fr\/producto\/germen-de-trigo-300-g-natursana\/#breadcrumb"},"inLanguage":"fr-FR","potentialAction":[{"@type":"ReadAction","target":["https:\/\/drasanvi.com\/fr\/producto\/germen-de-trigo-300-g-natursana\/"]}]},{"@type":"ImageObject","inLanguage":"fr-FR","@id":"https:\/\/drasanvi.com\/fr\/producto\/germen-de-trigo-300-g-natursana\/#primaryimage","url":"https:\/\/drasanvi.com\/fr\/wp-content\/uploads\/sites\/7\/2022\/02\/467010028.png","contentUrl":"https:\/\/drasanvi.com\/fr\/wp-content\/uploads\/sites\/7\/2022\/02\/467010028.png","width":1000,"height":1000},{"@type":"BreadcrumbList","@id":"https:\/\/drasanvi.com\/fr\/producto\/germen-de-trigo-300-g-natursana\/#breadcrumb","itemListElement":[{"@type":"ListItem","position":1,"name":"Portada","item":"https:\/\/drasanvi.com\/fr\/"},{"@type":"ListItem","position":2,"name":"Tienda","item":"https:\/\/drasanvi.com\/fr\/tienda\/"},{"@type":"ListItem","position":3,"name":"Germen de trigo 300 g Natursana"}]},{"@type":"WebSite","@id":"https:\/\/drasanvi.com\/fr\/#website","url":"https:\/\/drasanvi.com\/fr\/","name":"Drasanvi Francia","description":"L\u00edder en complementos alimenticios y cosm\u00e9tica natural.","publisher":{"@id":"https:\/\/drasanvi.com\/fr\/#organization"},"potentialAction":[{"@type":"SearchAction","target":{"@type":"EntryPoint","urlTemplate":"https:\/\/drasanvi.com\/fr\/?s={search_term_string}"},"query-input":{"@type":"PropertyValueSpecification","valueRequired":true,"valueName":"search_term_string"}}],"inLanguage":"fr-FR"},{"@type":"Organization","@id":"https:\/\/drasanvi.com\/fr\/#organization","name":"Drasanvi","url":"https:\/\/drasanvi.com\/fr\/","logo":{"@type":"ImageObject","inLanguage":"fr-FR","@id":"https:\/\/drasanvi.com\/fr\/#\/schema\/logo\/image\/","url":"https:\/\/drasanvi.com\/wp-content\/uploads\/sites\/7\/2021\/07\/logo-drasanvi.png","contentUrl":"https:\/\/drasanvi.com\/wp-content\/uploads\/sites\/7\/2021\/07\/logo-drasanvi.png","width":900,"height":300,"caption":"Drasanvi"},"image":{"@id":"https:\/\/drasanvi.com\/fr\/#\/schema\/logo\/image\/"}}]}},"_links":{"self":[{"href":"https:\/\/drasanvi.com\/fr\/wp-json\/wp\/v2\/product\/18623","targetHints":{"allow":["GET"]}}],"collection":[{"href":"https:\/\/drasanvi.com\/fr\/wp-json\/wp\/v2\/product"}],"about":[{"href":"https:\/\/drasanvi.com\/fr\/wp-json\/wp\/v2\/types\/product"}],"version-history":[{"count":0,"href":"https:\/\/drasanvi.com\/fr\/wp-json\/wp\/v2\/product\/18623\/revisions"}],"wp:featuredmedia":[{"embeddable":true,"href":"https:\/\/drasanvi.com\/fr\/wp-json\/wp\/v2\/media\/18625"}],"wp:attachment":[{"href":"https:\/\/drasanvi.com\/fr\/wp-json\/wp\/v2\/media?parent=18623"}],"wp:term":[{"taxonomy":"product_cat","embeddable":true,"href":"https:\/\/drasanvi.com\/fr\/wp-json\/wp\/v2\/product_cat?post=18623"},{"taxonomy":"product_tag","embeddable":true,"href":"https:\/\/drasanvi.com\/fr\/wp-json\/wp\/v2\/product_tag?post=18623"}],"curies":[{"name":"wp","href":"https:\/\/api.w.org\/{rel}","templated":true}]}}