{"id":18570,"date":"2022-02-11T12:02:45","date_gmt":"2022-02-11T10:02:45","guid":{"rendered":"https:\/\/drasanvi.com\/fr\/producto\/copo-avena-fino-integral-bio-1kg-ecosana\/"},"modified":"2022-03-10T14:15:59","modified_gmt":"2022-03-10T12:15:59","slug":"copo-avena-fino-integral-bio-1kg-ecosana","status":"publish","type":"product","link":"https:\/\/drasanvi.com\/fr\/producto\/copo-avena-fino-integral-bio-1kg-ecosana\/","title":{"rendered":"Copo Avena Fino Integral Bio 1kg Ecosana"},"content":{"rendered":"<h2>Ingredientes<\/h2>\n<p>Copos de\u00a0avena\u00a0finos integrales*  *Procedentes de Agricultura Ecol\u00f3gica.<\/p>\n<h2>Tabla nutricional<\/h2>\n<p>Por cada 100 g        \u00a0  Cantidad      Valor energ\u00e9tico  1462 kJ \/ 347 kcal\u00a0      Grasas de las cuales saturadas  5,70 g 1 g      Hidratos de carbono de los cuales az\u00facares  57,60 g<\/p>\n<h3>Modo de uso<\/h3>\n<p>Abrir y servir al gusto.Puedes mezclarlos con leche, bebidas vegetales, zumos, yogures&#8230;, como postre o como desayuno.  Tambi\u00e9n puedes darles tu toque especial, combin\u00e1ndolos con pasas, frutas secas, frutos secos, virutas de chocolate puro&#8230;lo que se te ocurra.<\/p>\n<h3>Advertencias<\/h3>\n<p>Conservar en un lugar fresco y seco.Contiene Gluten. Puede contener trazas de S&eacute;samo, Soja y Frutos de c&aacute;scara.&nbsp;<\/p>\n","protected":false},"excerpt":{"rendered":"<p>Los Copos de avena de ECOSANA\u00a0se obtienen del descascarillado, molienda y prensado de los granos de avena en un formato m\u00e1s fino que los copos normales, presentando as\u00ed la ventaja de que se disuelven mejor. La avena es un cereal con alto contenido de fibra. Proporciona mucha energ\u00eda, por lo que es muy recomendado para deportistas y estudiantes. Contiene hidratos de carbono complejos, que son asimilados por el cuerpo lentamente, proporcionando una sensaci\u00f3n de saciedad y adem\u00e1s tienen un bajo contenido de grasas saturadas.\u00a0<br \/><strong>Contenido:<\/strong>Envase de 1 kg<\/p>\n<p><a id=\"boton-ficha\" href=\"https:\/\/panel.drasanvi.com\/fichas\/1\/467010076\" target=\"_blank\" rel=\"noopener\">Ficha t\u00e9cnica<\/a><\/p>\n","protected":false},"featured_media":18572,"template":"","meta":{"inline_featured_image":false},"product_cat":[1312],"product_tag":[],"class_list":["post-18570","product","type-product","status-publish","has-post-thumbnail","hentry","product_cat-copos-y-cereales"],"yoast_head":"<!-- This site is optimized with the Yoast SEO plugin v27.5 - https:\/\/yoast.com\/product\/yoast-seo-wordpress\/ -->\n<title>Copo Avena Fino Integral Bio 1kg Ecosana - Drasanvi Francia<\/title>\n<meta name=\"robots\" content=\"index, follow, max-snippet:-1, max-image-preview:large, max-video-preview:-1\" \/>\n<link rel=\"canonical\" href=\"https:\/\/drasanvi.com\/fr\/producto\/copo-avena-fino-integral-bio-1kg-ecosana\/\" \/>\n<meta property=\"og:locale\" content=\"fr_FR\" \/>\n<meta property=\"og:type\" content=\"article\" \/>\n<meta property=\"og:title\" content=\"Copo Avena Fino Integral Bio 1kg Ecosana - Drasanvi Francia\" \/>\n<meta property=\"og:description\" content=\"Los Copos de avena de ECOSANA\u00a0se obtienen del descascarillado, molienda y prensado de los granos de avena en un formato m\u00e1s fino que los copos normales, presentando as\u00ed la ventaja de que se disuelven mejor. La avena es un cereal con alto contenido de fibra. Proporciona mucha energ\u00eda, por lo que es muy recomendado para deportistas y estudiantes. Contiene hidratos de carbono complejos, que son asimilados por el cuerpo lentamente, proporcionando una sensaci\u00f3n de saciedad y adem\u00e1s tienen un bajo contenido de grasas saturadas.\u00a0Contenido:Envase de 1 kgFicha t\u00e9cnica\" \/>\n<meta property=\"og:url\" content=\"https:\/\/drasanvi.com\/fr\/producto\/copo-avena-fino-integral-bio-1kg-ecosana\/\" \/>\n<meta property=\"og:site_name\" content=\"Drasanvi Francia\" \/>\n<meta property=\"article:modified_time\" content=\"2022-03-10T12:15:59+00:00\" \/>\n<meta property=\"og:image\" content=\"https:\/\/drasanvi.com\/wp-content\/uploads\/sites\/7\/2022\/02\/467010076.png\" \/>\n\t<meta property=\"og:image:width\" content=\"1000\" \/>\n\t<meta property=\"og:image:height\" content=\"1000\" \/>\n\t<meta property=\"og:image:type\" content=\"image\/png\" \/>\n<meta name=\"twitter:card\" content=\"summary_large_image\" \/>\n<script type=\"application\/ld+json\" class=\"yoast-schema-graph\">{\"@context\":\"https:\\\/\\\/schema.org\",\"@graph\":[{\"@type\":\"WebPage\",\"@id\":\"https:\\\/\\\/drasanvi.com\\\/fr\\\/producto\\\/copo-avena-fino-integral-bio-1kg-ecosana\\\/\",\"url\":\"https:\\\/\\\/drasanvi.com\\\/fr\\\/producto\\\/copo-avena-fino-integral-bio-1kg-ecosana\\\/\",\"name\":\"Copo Avena Fino Integral Bio 1kg Ecosana - Drasanvi Francia\",\"isPartOf\":{\"@id\":\"https:\\\/\\\/drasanvi.com\\\/fr\\\/#website\"},\"primaryImageOfPage\":{\"@id\":\"https:\\\/\\\/drasanvi.com\\\/fr\\\/producto\\\/copo-avena-fino-integral-bio-1kg-ecosana\\\/#primaryimage\"},\"image\":{\"@id\":\"https:\\\/\\\/drasanvi.com\\\/fr\\\/producto\\\/copo-avena-fino-integral-bio-1kg-ecosana\\\/#primaryimage\"},\"thumbnailUrl\":\"https:\\\/\\\/drasanvi.com\\\/fr\\\/wp-content\\\/uploads\\\/sites\\\/7\\\/2022\\\/02\\\/467010076.png\",\"datePublished\":\"2022-02-11T10:02:45+00:00\",\"dateModified\":\"2022-03-10T12:15:59+00:00\",\"breadcrumb\":{\"@id\":\"https:\\\/\\\/drasanvi.com\\\/fr\\\/producto\\\/copo-avena-fino-integral-bio-1kg-ecosana\\\/#breadcrumb\"},\"inLanguage\":\"fr-FR\",\"potentialAction\":[{\"@type\":\"ReadAction\",\"target\":[\"https:\\\/\\\/drasanvi.com\\\/fr\\\/producto\\\/copo-avena-fino-integral-bio-1kg-ecosana\\\/\"]}]},{\"@type\":\"ImageObject\",\"inLanguage\":\"fr-FR\",\"@id\":\"https:\\\/\\\/drasanvi.com\\\/fr\\\/producto\\\/copo-avena-fino-integral-bio-1kg-ecosana\\\/#primaryimage\",\"url\":\"https:\\\/\\\/drasanvi.com\\\/fr\\\/wp-content\\\/uploads\\\/sites\\\/7\\\/2022\\\/02\\\/467010076.png\",\"contentUrl\":\"https:\\\/\\\/drasanvi.com\\\/fr\\\/wp-content\\\/uploads\\\/sites\\\/7\\\/2022\\\/02\\\/467010076.png\",\"width\":1000,\"height\":1000},{\"@type\":\"BreadcrumbList\",\"@id\":\"https:\\\/\\\/drasanvi.com\\\/fr\\\/producto\\\/copo-avena-fino-integral-bio-1kg-ecosana\\\/#breadcrumb\",\"itemListElement\":[{\"@type\":\"ListItem\",\"position\":1,\"name\":\"Portada\",\"item\":\"https:\\\/\\\/drasanvi.com\\\/fr\\\/\"},{\"@type\":\"ListItem\",\"position\":2,\"name\":\"Tienda\",\"item\":\"https:\\\/\\\/drasanvi.com\\\/fr\\\/tienda\\\/\"},{\"@type\":\"ListItem\",\"position\":3,\"name\":\"Copo Avena Fino Integral Bio 1kg Ecosana\"}]},{\"@type\":\"WebSite\",\"@id\":\"https:\\\/\\\/drasanvi.com\\\/fr\\\/#website\",\"url\":\"https:\\\/\\\/drasanvi.com\\\/fr\\\/\",\"name\":\"Drasanvi Francia\",\"description\":\"L\u00edder en complementos alimenticios y cosm\u00e9tica natural.\",\"publisher\":{\"@id\":\"https:\\\/\\\/drasanvi.com\\\/fr\\\/#organization\"},\"potentialAction\":[{\"@type\":\"SearchAction\",\"target\":{\"@type\":\"EntryPoint\",\"urlTemplate\":\"https:\\\/\\\/drasanvi.com\\\/fr\\\/?s={search_term_string}\"},\"query-input\":{\"@type\":\"PropertyValueSpecification\",\"valueRequired\":true,\"valueName\":\"search_term_string\"}}],\"inLanguage\":\"fr-FR\"},{\"@type\":\"Organization\",\"@id\":\"https:\\\/\\\/drasanvi.com\\\/fr\\\/#organization\",\"name\":\"Drasanvi\",\"url\":\"https:\\\/\\\/drasanvi.com\\\/fr\\\/\",\"logo\":{\"@type\":\"ImageObject\",\"inLanguage\":\"fr-FR\",\"@id\":\"https:\\\/\\\/drasanvi.com\\\/fr\\\/#\\\/schema\\\/logo\\\/image\\\/\",\"url\":\"https:\\\/\\\/drasanvi.com\\\/wp-content\\\/uploads\\\/sites\\\/7\\\/2021\\\/07\\\/logo-drasanvi.png\",\"contentUrl\":\"https:\\\/\\\/drasanvi.com\\\/wp-content\\\/uploads\\\/sites\\\/7\\\/2021\\\/07\\\/logo-drasanvi.png\",\"width\":900,\"height\":300,\"caption\":\"Drasanvi\"},\"image\":{\"@id\":\"https:\\\/\\\/drasanvi.com\\\/fr\\\/#\\\/schema\\\/logo\\\/image\\\/\"}}]}<\/script>\n<!-- \/ Yoast SEO plugin. -->","yoast_head_json":{"title":"Copo Avena Fino Integral Bio 1kg Ecosana - Drasanvi Francia","robots":{"index":"index","follow":"follow","max-snippet":"max-snippet:-1","max-image-preview":"max-image-preview:large","max-video-preview":"max-video-preview:-1"},"canonical":"https:\/\/drasanvi.com\/fr\/producto\/copo-avena-fino-integral-bio-1kg-ecosana\/","og_locale":"fr_FR","og_type":"article","og_title":"Copo Avena Fino Integral Bio 1kg Ecosana - Drasanvi Francia","og_description":"Los Copos de avena de ECOSANA\u00a0se obtienen del descascarillado, molienda y prensado de los granos de avena en un formato m\u00e1s fino que los copos normales, presentando as\u00ed la ventaja de que se disuelven mejor. La avena es un cereal con alto contenido de fibra. Proporciona mucha energ\u00eda, por lo que es muy recomendado para deportistas y estudiantes. Contiene hidratos de carbono complejos, que son asimilados por el cuerpo lentamente, proporcionando una sensaci\u00f3n de saciedad y adem\u00e1s tienen un bajo contenido de grasas saturadas.\u00a0Contenido:Envase de 1 kgFicha t\u00e9cnica","og_url":"https:\/\/drasanvi.com\/fr\/producto\/copo-avena-fino-integral-bio-1kg-ecosana\/","og_site_name":"Drasanvi Francia","article_modified_time":"2022-03-10T12:15:59+00:00","og_image":[{"width":1000,"height":1000,"url":"https:\/\/drasanvi.com\/wp-content\/uploads\/sites\/7\/2022\/02\/467010076.png","type":"image\/png"}],"twitter_card":"summary_large_image","schema":{"@context":"https:\/\/schema.org","@graph":[{"@type":"WebPage","@id":"https:\/\/drasanvi.com\/fr\/producto\/copo-avena-fino-integral-bio-1kg-ecosana\/","url":"https:\/\/drasanvi.com\/fr\/producto\/copo-avena-fino-integral-bio-1kg-ecosana\/","name":"Copo Avena Fino Integral Bio 1kg Ecosana - Drasanvi Francia","isPartOf":{"@id":"https:\/\/drasanvi.com\/fr\/#website"},"primaryImageOfPage":{"@id":"https:\/\/drasanvi.com\/fr\/producto\/copo-avena-fino-integral-bio-1kg-ecosana\/#primaryimage"},"image":{"@id":"https:\/\/drasanvi.com\/fr\/producto\/copo-avena-fino-integral-bio-1kg-ecosana\/#primaryimage"},"thumbnailUrl":"https:\/\/drasanvi.com\/fr\/wp-content\/uploads\/sites\/7\/2022\/02\/467010076.png","datePublished":"2022-02-11T10:02:45+00:00","dateModified":"2022-03-10T12:15:59+00:00","breadcrumb":{"@id":"https:\/\/drasanvi.com\/fr\/producto\/copo-avena-fino-integral-bio-1kg-ecosana\/#breadcrumb"},"inLanguage":"fr-FR","potentialAction":[{"@type":"ReadAction","target":["https:\/\/drasanvi.com\/fr\/producto\/copo-avena-fino-integral-bio-1kg-ecosana\/"]}]},{"@type":"ImageObject","inLanguage":"fr-FR","@id":"https:\/\/drasanvi.com\/fr\/producto\/copo-avena-fino-integral-bio-1kg-ecosana\/#primaryimage","url":"https:\/\/drasanvi.com\/fr\/wp-content\/uploads\/sites\/7\/2022\/02\/467010076.png","contentUrl":"https:\/\/drasanvi.com\/fr\/wp-content\/uploads\/sites\/7\/2022\/02\/467010076.png","width":1000,"height":1000},{"@type":"BreadcrumbList","@id":"https:\/\/drasanvi.com\/fr\/producto\/copo-avena-fino-integral-bio-1kg-ecosana\/#breadcrumb","itemListElement":[{"@type":"ListItem","position":1,"name":"Portada","item":"https:\/\/drasanvi.com\/fr\/"},{"@type":"ListItem","position":2,"name":"Tienda","item":"https:\/\/drasanvi.com\/fr\/tienda\/"},{"@type":"ListItem","position":3,"name":"Copo Avena Fino Integral Bio 1kg Ecosana"}]},{"@type":"WebSite","@id":"https:\/\/drasanvi.com\/fr\/#website","url":"https:\/\/drasanvi.com\/fr\/","name":"Drasanvi Francia","description":"L\u00edder en complementos alimenticios y cosm\u00e9tica natural.","publisher":{"@id":"https:\/\/drasanvi.com\/fr\/#organization"},"potentialAction":[{"@type":"SearchAction","target":{"@type":"EntryPoint","urlTemplate":"https:\/\/drasanvi.com\/fr\/?s={search_term_string}"},"query-input":{"@type":"PropertyValueSpecification","valueRequired":true,"valueName":"search_term_string"}}],"inLanguage":"fr-FR"},{"@type":"Organization","@id":"https:\/\/drasanvi.com\/fr\/#organization","name":"Drasanvi","url":"https:\/\/drasanvi.com\/fr\/","logo":{"@type":"ImageObject","inLanguage":"fr-FR","@id":"https:\/\/drasanvi.com\/fr\/#\/schema\/logo\/image\/","url":"https:\/\/drasanvi.com\/wp-content\/uploads\/sites\/7\/2021\/07\/logo-drasanvi.png","contentUrl":"https:\/\/drasanvi.com\/wp-content\/uploads\/sites\/7\/2021\/07\/logo-drasanvi.png","width":900,"height":300,"caption":"Drasanvi"},"image":{"@id":"https:\/\/drasanvi.com\/fr\/#\/schema\/logo\/image\/"}}]}},"_links":{"self":[{"href":"https:\/\/drasanvi.com\/fr\/wp-json\/wp\/v2\/product\/18570","targetHints":{"allow":["GET"]}}],"collection":[{"href":"https:\/\/drasanvi.com\/fr\/wp-json\/wp\/v2\/product"}],"about":[{"href":"https:\/\/drasanvi.com\/fr\/wp-json\/wp\/v2\/types\/product"}],"version-history":[{"count":0,"href":"https:\/\/drasanvi.com\/fr\/wp-json\/wp\/v2\/product\/18570\/revisions"}],"wp:featuredmedia":[{"embeddable":true,"href":"https:\/\/drasanvi.com\/fr\/wp-json\/wp\/v2\/media\/18572"}],"wp:attachment":[{"href":"https:\/\/drasanvi.com\/fr\/wp-json\/wp\/v2\/media?parent=18570"}],"wp:term":[{"taxonomy":"product_cat","embeddable":true,"href":"https:\/\/drasanvi.com\/fr\/wp-json\/wp\/v2\/product_cat?post=18570"},{"taxonomy":"product_tag","embeddable":true,"href":"https:\/\/drasanvi.com\/fr\/wp-json\/wp\/v2\/product_tag?post=18570"}],"curies":[{"name":"wp","href":"https:\/\/api.w.org\/{rel}","templated":true}]}}