{"id":18555,"date":"2022-02-11T12:02:45","date_gmt":"2022-02-11T10:02:45","guid":{"rendered":"https:\/\/drasanvi.com\/fr\/producto\/espelta-hinchada-con-chocolate-bio-300g-ecosana\/"},"modified":"2022-03-10T14:15:57","modified_gmt":"2022-03-10T12:15:57","slug":"espelta-hinchada-con-chocolate-bio-300g-ecosana","status":"publish","type":"product","link":"https:\/\/drasanvi.com\/fr\/producto\/espelta-hinchada-con-chocolate-bio-300g-ecosana\/","title":{"rendered":"Espelta Hinchada con Chocolate Bio 300g Ecosana"},"content":{"rendered":"<h2>Ingredientes<\/h2>\n<p>ESPELTA hinchada* (58,1%), az\u00facar de ca\u00f1a*, chocolate amargo* (6,9%) (pasta de cacao, az\u00facar de ca\u00f1a, manteca de cacao, emulsionante: lecitina de SOJA, extracto de vainilla), Cacao 10\/12 en polvo*, jarabe de ma\u00edz*, aceite de girasol alto oleico*.  *Procedentes de Agricultura Ecol\u00f3gica.\u00a0<\/p>\n<h2>Tabla nutricional<\/h2>\n<p>Por cada 100 g        \u00a0  Cantidad      Valor energ\u00e9tico  1690 kJ\/ 401 kcal      Grasas de las cuales saturadas  6,90 g 2.40 g      Hidratos de carbono de los cuales az\u00facares    71,50 g 29,70\u00a0g        Fibra  7,20 g      Prote\u00ednas  9,50 g      Sal\u00a0    0,02 g<\/p>\n<h3>Modo de uso<\/h3>\n<p>Puede tomarse en el desayuno o para completar tus meriendas a\u00f1adido a tu bebida vegetal favorita, yogur,\u00a0 zumo&#8230; Disfr\u00fatalo como prefieras!!<\/p>\n<h3>Advertencias<\/h3>\n<p>Mantener en un lugar fresco y seco.Contiene Gluten y Soja. Puede contener trazas de Leche, S&eacute;samo y Frutos de c&aacute;scara.<\/p>\n","protected":false},"excerpt":{"rendered":"<p>La Espelta Hinchada con Chocolate Bio de ECOSANA\u00a0 ha sido\u00a0 elaborada\u00a0 a partir de ingredientes 100% procedentes de la agricultura ecol\u00f3gica. La espelta se trata de un cereal muy interesante por su aporte en prote\u00ednas de gran calidad. Adem\u00e1s, es una estupenda fuente de minerales y vitaminas y una forma ideal de consumir hidratos de carbono complejos, de absorci\u00f3n lenta. Es fuente de fibra. Por otro lado, est\u00e1 ba\u00f1ada en delicioso chocolate, lo que lo hace mucho m\u00e1s apetecible.\u00a0\u00a0<br \/><strong>Contenido:<\/strong>Envase de 300 g<\/p>\n<p><a id=\"boton-ficha\" href=\"https:\/\/panel.drasanvi.com\/fichas\/1\/467010137\" target=\"_blank\" rel=\"noopener\">Ficha t\u00e9cnica<\/a><\/p>\n","protected":false},"featured_media":18557,"template":"","meta":{"inline_featured_image":false},"product_cat":[1312],"product_tag":[],"class_list":["post-18555","product","type-product","status-publish","has-post-thumbnail","hentry","product_cat-copos-y-cereales"],"yoast_head":"<!-- This site is optimized with the Yoast SEO plugin v27.5 - https:\/\/yoast.com\/product\/yoast-seo-wordpress\/ -->\n<title>Espelta Hinchada con Chocolate Bio 300g Ecosana - Drasanvi Francia<\/title>\n<meta name=\"robots\" content=\"index, follow, max-snippet:-1, max-image-preview:large, max-video-preview:-1\" \/>\n<link rel=\"canonical\" href=\"https:\/\/drasanvi.com\/fr\/producto\/espelta-hinchada-con-chocolate-bio-300g-ecosana\/\" \/>\n<meta property=\"og:locale\" content=\"fr_FR\" \/>\n<meta property=\"og:type\" content=\"article\" \/>\n<meta property=\"og:title\" content=\"Espelta Hinchada con Chocolate Bio 300g Ecosana - Drasanvi Francia\" \/>\n<meta property=\"og:description\" content=\"La Espelta Hinchada con Chocolate Bio de ECOSANA\u00a0 ha sido\u00a0 elaborada\u00a0 a partir de ingredientes 100% procedentes de la agricultura ecol\u00f3gica. La espelta se trata de un cereal muy interesante por su aporte en prote\u00ednas de gran calidad. Adem\u00e1s, es una estupenda fuente de minerales y vitaminas y una forma ideal de consumir hidratos de carbono complejos, de absorci\u00f3n lenta. Es fuente de fibra. Por otro lado, est\u00e1 ba\u00f1ada en delicioso chocolate, lo que lo hace mucho m\u00e1s apetecible.\u00a0\u00a0Contenido:Envase de 300 gFicha t\u00e9cnica\" \/>\n<meta property=\"og:url\" content=\"https:\/\/drasanvi.com\/fr\/producto\/espelta-hinchada-con-chocolate-bio-300g-ecosana\/\" \/>\n<meta property=\"og:site_name\" content=\"Drasanvi Francia\" \/>\n<meta property=\"article:modified_time\" content=\"2022-03-10T12:15:57+00:00\" \/>\n<meta property=\"og:image\" content=\"https:\/\/drasanvi.com\/wp-content\/uploads\/sites\/7\/2022\/02\/467010137.png\" \/>\n\t<meta property=\"og:image:width\" content=\"1000\" \/>\n\t<meta property=\"og:image:height\" content=\"1000\" \/>\n\t<meta property=\"og:image:type\" content=\"image\/png\" \/>\n<meta name=\"twitter:card\" content=\"summary_large_image\" \/>\n<script type=\"application\/ld+json\" class=\"yoast-schema-graph\">{\"@context\":\"https:\\\/\\\/schema.org\",\"@graph\":[{\"@type\":\"WebPage\",\"@id\":\"https:\\\/\\\/drasanvi.com\\\/fr\\\/producto\\\/espelta-hinchada-con-chocolate-bio-300g-ecosana\\\/\",\"url\":\"https:\\\/\\\/drasanvi.com\\\/fr\\\/producto\\\/espelta-hinchada-con-chocolate-bio-300g-ecosana\\\/\",\"name\":\"Espelta Hinchada con Chocolate Bio 300g Ecosana - Drasanvi Francia\",\"isPartOf\":{\"@id\":\"https:\\\/\\\/drasanvi.com\\\/fr\\\/#website\"},\"primaryImageOfPage\":{\"@id\":\"https:\\\/\\\/drasanvi.com\\\/fr\\\/producto\\\/espelta-hinchada-con-chocolate-bio-300g-ecosana\\\/#primaryimage\"},\"image\":{\"@id\":\"https:\\\/\\\/drasanvi.com\\\/fr\\\/producto\\\/espelta-hinchada-con-chocolate-bio-300g-ecosana\\\/#primaryimage\"},\"thumbnailUrl\":\"https:\\\/\\\/drasanvi.com\\\/fr\\\/wp-content\\\/uploads\\\/sites\\\/7\\\/2022\\\/02\\\/467010137.png\",\"datePublished\":\"2022-02-11T10:02:45+00:00\",\"dateModified\":\"2022-03-10T12:15:57+00:00\",\"breadcrumb\":{\"@id\":\"https:\\\/\\\/drasanvi.com\\\/fr\\\/producto\\\/espelta-hinchada-con-chocolate-bio-300g-ecosana\\\/#breadcrumb\"},\"inLanguage\":\"fr-FR\",\"potentialAction\":[{\"@type\":\"ReadAction\",\"target\":[\"https:\\\/\\\/drasanvi.com\\\/fr\\\/producto\\\/espelta-hinchada-con-chocolate-bio-300g-ecosana\\\/\"]}]},{\"@type\":\"ImageObject\",\"inLanguage\":\"fr-FR\",\"@id\":\"https:\\\/\\\/drasanvi.com\\\/fr\\\/producto\\\/espelta-hinchada-con-chocolate-bio-300g-ecosana\\\/#primaryimage\",\"url\":\"https:\\\/\\\/drasanvi.com\\\/fr\\\/wp-content\\\/uploads\\\/sites\\\/7\\\/2022\\\/02\\\/467010137.png\",\"contentUrl\":\"https:\\\/\\\/drasanvi.com\\\/fr\\\/wp-content\\\/uploads\\\/sites\\\/7\\\/2022\\\/02\\\/467010137.png\",\"width\":1000,\"height\":1000},{\"@type\":\"BreadcrumbList\",\"@id\":\"https:\\\/\\\/drasanvi.com\\\/fr\\\/producto\\\/espelta-hinchada-con-chocolate-bio-300g-ecosana\\\/#breadcrumb\",\"itemListElement\":[{\"@type\":\"ListItem\",\"position\":1,\"name\":\"Portada\",\"item\":\"https:\\\/\\\/drasanvi.com\\\/fr\\\/\"},{\"@type\":\"ListItem\",\"position\":2,\"name\":\"Tienda\",\"item\":\"https:\\\/\\\/drasanvi.com\\\/fr\\\/tienda\\\/\"},{\"@type\":\"ListItem\",\"position\":3,\"name\":\"Espelta Hinchada con Chocolate Bio 300g Ecosana\"}]},{\"@type\":\"WebSite\",\"@id\":\"https:\\\/\\\/drasanvi.com\\\/fr\\\/#website\",\"url\":\"https:\\\/\\\/drasanvi.com\\\/fr\\\/\",\"name\":\"Drasanvi Francia\",\"description\":\"L\u00edder en complementos alimenticios y cosm\u00e9tica natural.\",\"publisher\":{\"@id\":\"https:\\\/\\\/drasanvi.com\\\/fr\\\/#organization\"},\"potentialAction\":[{\"@type\":\"SearchAction\",\"target\":{\"@type\":\"EntryPoint\",\"urlTemplate\":\"https:\\\/\\\/drasanvi.com\\\/fr\\\/?s={search_term_string}\"},\"query-input\":{\"@type\":\"PropertyValueSpecification\",\"valueRequired\":true,\"valueName\":\"search_term_string\"}}],\"inLanguage\":\"fr-FR\"},{\"@type\":\"Organization\",\"@id\":\"https:\\\/\\\/drasanvi.com\\\/fr\\\/#organization\",\"name\":\"Drasanvi\",\"url\":\"https:\\\/\\\/drasanvi.com\\\/fr\\\/\",\"logo\":{\"@type\":\"ImageObject\",\"inLanguage\":\"fr-FR\",\"@id\":\"https:\\\/\\\/drasanvi.com\\\/fr\\\/#\\\/schema\\\/logo\\\/image\\\/\",\"url\":\"https:\\\/\\\/drasanvi.com\\\/wp-content\\\/uploads\\\/sites\\\/7\\\/2021\\\/07\\\/logo-drasanvi.png\",\"contentUrl\":\"https:\\\/\\\/drasanvi.com\\\/wp-content\\\/uploads\\\/sites\\\/7\\\/2021\\\/07\\\/logo-drasanvi.png\",\"width\":900,\"height\":300,\"caption\":\"Drasanvi\"},\"image\":{\"@id\":\"https:\\\/\\\/drasanvi.com\\\/fr\\\/#\\\/schema\\\/logo\\\/image\\\/\"}}]}<\/script>\n<!-- \/ Yoast SEO plugin. -->","yoast_head_json":{"title":"Espelta Hinchada con Chocolate Bio 300g Ecosana - Drasanvi Francia","robots":{"index":"index","follow":"follow","max-snippet":"max-snippet:-1","max-image-preview":"max-image-preview:large","max-video-preview":"max-video-preview:-1"},"canonical":"https:\/\/drasanvi.com\/fr\/producto\/espelta-hinchada-con-chocolate-bio-300g-ecosana\/","og_locale":"fr_FR","og_type":"article","og_title":"Espelta Hinchada con Chocolate Bio 300g Ecosana - Drasanvi Francia","og_description":"La Espelta Hinchada con Chocolate Bio de ECOSANA\u00a0 ha sido\u00a0 elaborada\u00a0 a partir de ingredientes 100% procedentes de la agricultura ecol\u00f3gica. La espelta se trata de un cereal muy interesante por su aporte en prote\u00ednas de gran calidad. Adem\u00e1s, es una estupenda fuente de minerales y vitaminas y una forma ideal de consumir hidratos de carbono complejos, de absorci\u00f3n lenta. Es fuente de fibra. Por otro lado, est\u00e1 ba\u00f1ada en delicioso chocolate, lo que lo hace mucho m\u00e1s apetecible.\u00a0\u00a0Contenido:Envase de 300 gFicha t\u00e9cnica","og_url":"https:\/\/drasanvi.com\/fr\/producto\/espelta-hinchada-con-chocolate-bio-300g-ecosana\/","og_site_name":"Drasanvi Francia","article_modified_time":"2022-03-10T12:15:57+00:00","og_image":[{"width":1000,"height":1000,"url":"https:\/\/drasanvi.com\/wp-content\/uploads\/sites\/7\/2022\/02\/467010137.png","type":"image\/png"}],"twitter_card":"summary_large_image","schema":{"@context":"https:\/\/schema.org","@graph":[{"@type":"WebPage","@id":"https:\/\/drasanvi.com\/fr\/producto\/espelta-hinchada-con-chocolate-bio-300g-ecosana\/","url":"https:\/\/drasanvi.com\/fr\/producto\/espelta-hinchada-con-chocolate-bio-300g-ecosana\/","name":"Espelta Hinchada con Chocolate Bio 300g Ecosana - Drasanvi Francia","isPartOf":{"@id":"https:\/\/drasanvi.com\/fr\/#website"},"primaryImageOfPage":{"@id":"https:\/\/drasanvi.com\/fr\/producto\/espelta-hinchada-con-chocolate-bio-300g-ecosana\/#primaryimage"},"image":{"@id":"https:\/\/drasanvi.com\/fr\/producto\/espelta-hinchada-con-chocolate-bio-300g-ecosana\/#primaryimage"},"thumbnailUrl":"https:\/\/drasanvi.com\/fr\/wp-content\/uploads\/sites\/7\/2022\/02\/467010137.png","datePublished":"2022-02-11T10:02:45+00:00","dateModified":"2022-03-10T12:15:57+00:00","breadcrumb":{"@id":"https:\/\/drasanvi.com\/fr\/producto\/espelta-hinchada-con-chocolate-bio-300g-ecosana\/#breadcrumb"},"inLanguage":"fr-FR","potentialAction":[{"@type":"ReadAction","target":["https:\/\/drasanvi.com\/fr\/producto\/espelta-hinchada-con-chocolate-bio-300g-ecosana\/"]}]},{"@type":"ImageObject","inLanguage":"fr-FR","@id":"https:\/\/drasanvi.com\/fr\/producto\/espelta-hinchada-con-chocolate-bio-300g-ecosana\/#primaryimage","url":"https:\/\/drasanvi.com\/fr\/wp-content\/uploads\/sites\/7\/2022\/02\/467010137.png","contentUrl":"https:\/\/drasanvi.com\/fr\/wp-content\/uploads\/sites\/7\/2022\/02\/467010137.png","width":1000,"height":1000},{"@type":"BreadcrumbList","@id":"https:\/\/drasanvi.com\/fr\/producto\/espelta-hinchada-con-chocolate-bio-300g-ecosana\/#breadcrumb","itemListElement":[{"@type":"ListItem","position":1,"name":"Portada","item":"https:\/\/drasanvi.com\/fr\/"},{"@type":"ListItem","position":2,"name":"Tienda","item":"https:\/\/drasanvi.com\/fr\/tienda\/"},{"@type":"ListItem","position":3,"name":"Espelta Hinchada con Chocolate Bio 300g Ecosana"}]},{"@type":"WebSite","@id":"https:\/\/drasanvi.com\/fr\/#website","url":"https:\/\/drasanvi.com\/fr\/","name":"Drasanvi Francia","description":"L\u00edder en complementos alimenticios y cosm\u00e9tica natural.","publisher":{"@id":"https:\/\/drasanvi.com\/fr\/#organization"},"potentialAction":[{"@type":"SearchAction","target":{"@type":"EntryPoint","urlTemplate":"https:\/\/drasanvi.com\/fr\/?s={search_term_string}"},"query-input":{"@type":"PropertyValueSpecification","valueRequired":true,"valueName":"search_term_string"}}],"inLanguage":"fr-FR"},{"@type":"Organization","@id":"https:\/\/drasanvi.com\/fr\/#organization","name":"Drasanvi","url":"https:\/\/drasanvi.com\/fr\/","logo":{"@type":"ImageObject","inLanguage":"fr-FR","@id":"https:\/\/drasanvi.com\/fr\/#\/schema\/logo\/image\/","url":"https:\/\/drasanvi.com\/wp-content\/uploads\/sites\/7\/2021\/07\/logo-drasanvi.png","contentUrl":"https:\/\/drasanvi.com\/wp-content\/uploads\/sites\/7\/2021\/07\/logo-drasanvi.png","width":900,"height":300,"caption":"Drasanvi"},"image":{"@id":"https:\/\/drasanvi.com\/fr\/#\/schema\/logo\/image\/"}}]}},"_links":{"self":[{"href":"https:\/\/drasanvi.com\/fr\/wp-json\/wp\/v2\/product\/18555","targetHints":{"allow":["GET"]}}],"collection":[{"href":"https:\/\/drasanvi.com\/fr\/wp-json\/wp\/v2\/product"}],"about":[{"href":"https:\/\/drasanvi.com\/fr\/wp-json\/wp\/v2\/types\/product"}],"version-history":[{"count":0,"href":"https:\/\/drasanvi.com\/fr\/wp-json\/wp\/v2\/product\/18555\/revisions"}],"wp:featuredmedia":[{"embeddable":true,"href":"https:\/\/drasanvi.com\/fr\/wp-json\/wp\/v2\/media\/18557"}],"wp:attachment":[{"href":"https:\/\/drasanvi.com\/fr\/wp-json\/wp\/v2\/media?parent=18555"}],"wp:term":[{"taxonomy":"product_cat","embeddable":true,"href":"https:\/\/drasanvi.com\/fr\/wp-json\/wp\/v2\/product_cat?post=18555"},{"taxonomy":"product_tag","embeddable":true,"href":"https:\/\/drasanvi.com\/fr\/wp-json\/wp\/v2\/product_tag?post=18555"}],"curies":[{"name":"wp","href":"https:\/\/api.w.org\/{rel}","templated":true}]}}