{"id":18520,"date":"2022-02-11T12:02:45","date_gmt":"2022-02-11T10:02:45","guid":{"rendered":"https:\/\/drasanvi.com\/fr\/producto\/crema-al-chocolate-negro-para-untar-bio-200g\/"},"modified":"2022-03-10T14:15:55","modified_gmt":"2022-03-10T12:15:55","slug":"crema-al-chocolate-negro-para-untar-bio-200g","status":"publish","type":"product","link":"https:\/\/drasanvi.com\/fr\/producto\/crema-al-chocolate-negro-para-untar-bio-200g\/","title":{"rendered":"Crema al Chocolate Negro para untar Bio 200g"},"content":{"rendered":"<h2>Ingredientes<\/h2>\n<p>Az\u00facar moreno*, Cacao en polvo desgrasado* (19.8%), Aceite de girasol*, Harina de soja*, Avellanas*, Mantequilla de cacao*. Emulsionante ( Lecitina de soja*). Aromas naturales.*Procedentes de Agricultura Ecol\u00f3gica<\/p>\n<h2>Tabla nutricional<\/h2>\n<p>Por 100 g        Valor energ\u00e9tico  496 Kcal\/ 2072 KJ      Grasas  25 g      de las cuales saturadas  5.0 g      Hidratos de carbono  57 g      de los cuales az\u00facares  50 g      Fibra  6.9 g      Prote\u00ednas  7.2 g      Sal  0.10 g<\/p>\n<h3>Modo de uso<\/h3>\n<p>\u00dasalo a tu gusto<\/p>\n<h3>Advertencias<\/h3>\n<p>Almacenar fuera de la nevera, en un lugar fresco y seco a temperatura ambiente. Contiene avellanas y soja. Puede contener trazas de otros frutos de c&aacute;scara y leche.<\/p>\n","protected":false},"excerpt":{"rendered":"<p>Las cremas para untar de Ecosana est\u00e1n hechas a base de ingredientes de procedencia ecol\u00f3gica y libres de aceite de palma.<br \/><strong>Contenido:<\/strong>Envase de 200 g<\/p>\n<p><a id=\"boton-ficha\" href=\"https:\/\/panel.drasanvi.com\/fichas\/1\/467010202\" target=\"_blank\" rel=\"noopener\">Ficha t\u00e9cnica<\/a><\/p>\n","protected":false},"featured_media":18522,"template":"","meta":{"inline_featured_image":false},"product_cat":[1311],"product_tag":[],"class_list":["post-18520","product","type-product","status-publish","has-post-thumbnail","hentry","product_cat-cacao-et-cremes"],"yoast_head":"<!-- This site is optimized with the Yoast SEO plugin v27.5 - https:\/\/yoast.com\/product\/yoast-seo-wordpress\/ -->\n<title>Crema al Chocolate Negro para untar Bio 200g - Drasanvi Francia<\/title>\n<meta name=\"robots\" content=\"index, follow, max-snippet:-1, max-image-preview:large, max-video-preview:-1\" \/>\n<link rel=\"canonical\" href=\"https:\/\/drasanvi.com\/fr\/producto\/crema-al-chocolate-negro-para-untar-bio-200g\/\" \/>\n<meta property=\"og:locale\" content=\"fr_FR\" \/>\n<meta property=\"og:type\" content=\"article\" \/>\n<meta property=\"og:title\" content=\"Crema al Chocolate Negro para untar Bio 200g - Drasanvi Francia\" \/>\n<meta property=\"og:description\" content=\"Las cremas para untar de Ecosana est\u00e1n hechas a base de ingredientes de procedencia ecol\u00f3gica y libres de aceite de palma.Contenido:Envase de 200 gFicha t\u00e9cnica\" \/>\n<meta property=\"og:url\" content=\"https:\/\/drasanvi.com\/fr\/producto\/crema-al-chocolate-negro-para-untar-bio-200g\/\" \/>\n<meta property=\"og:site_name\" content=\"Drasanvi Francia\" \/>\n<meta property=\"article:modified_time\" content=\"2022-03-10T12:15:55+00:00\" \/>\n<meta property=\"og:image\" content=\"https:\/\/drasanvi.com\/wp-content\/uploads\/sites\/7\/2022\/02\/467010202.png\" \/>\n\t<meta property=\"og:image:width\" content=\"1000\" \/>\n\t<meta property=\"og:image:height\" content=\"1000\" \/>\n\t<meta property=\"og:image:type\" content=\"image\/png\" \/>\n<meta name=\"twitter:card\" content=\"summary_large_image\" \/>\n<script type=\"application\/ld+json\" class=\"yoast-schema-graph\">{\"@context\":\"https:\\\/\\\/schema.org\",\"@graph\":[{\"@type\":\"WebPage\",\"@id\":\"https:\\\/\\\/drasanvi.com\\\/fr\\\/producto\\\/crema-al-chocolate-negro-para-untar-bio-200g\\\/\",\"url\":\"https:\\\/\\\/drasanvi.com\\\/fr\\\/producto\\\/crema-al-chocolate-negro-para-untar-bio-200g\\\/\",\"name\":\"Crema al Chocolate Negro para untar Bio 200g - Drasanvi Francia\",\"isPartOf\":{\"@id\":\"https:\\\/\\\/drasanvi.com\\\/fr\\\/#website\"},\"primaryImageOfPage\":{\"@id\":\"https:\\\/\\\/drasanvi.com\\\/fr\\\/producto\\\/crema-al-chocolate-negro-para-untar-bio-200g\\\/#primaryimage\"},\"image\":{\"@id\":\"https:\\\/\\\/drasanvi.com\\\/fr\\\/producto\\\/crema-al-chocolate-negro-para-untar-bio-200g\\\/#primaryimage\"},\"thumbnailUrl\":\"https:\\\/\\\/drasanvi.com\\\/fr\\\/wp-content\\\/uploads\\\/sites\\\/7\\\/2022\\\/02\\\/467010202.png\",\"datePublished\":\"2022-02-11T10:02:45+00:00\",\"dateModified\":\"2022-03-10T12:15:55+00:00\",\"breadcrumb\":{\"@id\":\"https:\\\/\\\/drasanvi.com\\\/fr\\\/producto\\\/crema-al-chocolate-negro-para-untar-bio-200g\\\/#breadcrumb\"},\"inLanguage\":\"fr-FR\",\"potentialAction\":[{\"@type\":\"ReadAction\",\"target\":[\"https:\\\/\\\/drasanvi.com\\\/fr\\\/producto\\\/crema-al-chocolate-negro-para-untar-bio-200g\\\/\"]}]},{\"@type\":\"ImageObject\",\"inLanguage\":\"fr-FR\",\"@id\":\"https:\\\/\\\/drasanvi.com\\\/fr\\\/producto\\\/crema-al-chocolate-negro-para-untar-bio-200g\\\/#primaryimage\",\"url\":\"https:\\\/\\\/drasanvi.com\\\/fr\\\/wp-content\\\/uploads\\\/sites\\\/7\\\/2022\\\/02\\\/467010202.png\",\"contentUrl\":\"https:\\\/\\\/drasanvi.com\\\/fr\\\/wp-content\\\/uploads\\\/sites\\\/7\\\/2022\\\/02\\\/467010202.png\",\"width\":1000,\"height\":1000},{\"@type\":\"BreadcrumbList\",\"@id\":\"https:\\\/\\\/drasanvi.com\\\/fr\\\/producto\\\/crema-al-chocolate-negro-para-untar-bio-200g\\\/#breadcrumb\",\"itemListElement\":[{\"@type\":\"ListItem\",\"position\":1,\"name\":\"Portada\",\"item\":\"https:\\\/\\\/drasanvi.com\\\/fr\\\/\"},{\"@type\":\"ListItem\",\"position\":2,\"name\":\"Tienda\",\"item\":\"https:\\\/\\\/drasanvi.com\\\/fr\\\/tienda\\\/\"},{\"@type\":\"ListItem\",\"position\":3,\"name\":\"Crema al Chocolate Negro para untar Bio 200g\"}]},{\"@type\":\"WebSite\",\"@id\":\"https:\\\/\\\/drasanvi.com\\\/fr\\\/#website\",\"url\":\"https:\\\/\\\/drasanvi.com\\\/fr\\\/\",\"name\":\"Drasanvi Francia\",\"description\":\"L\u00edder en complementos alimenticios y cosm\u00e9tica natural.\",\"publisher\":{\"@id\":\"https:\\\/\\\/drasanvi.com\\\/fr\\\/#organization\"},\"potentialAction\":[{\"@type\":\"SearchAction\",\"target\":{\"@type\":\"EntryPoint\",\"urlTemplate\":\"https:\\\/\\\/drasanvi.com\\\/fr\\\/?s={search_term_string}\"},\"query-input\":{\"@type\":\"PropertyValueSpecification\",\"valueRequired\":true,\"valueName\":\"search_term_string\"}}],\"inLanguage\":\"fr-FR\"},{\"@type\":\"Organization\",\"@id\":\"https:\\\/\\\/drasanvi.com\\\/fr\\\/#organization\",\"name\":\"Drasanvi\",\"url\":\"https:\\\/\\\/drasanvi.com\\\/fr\\\/\",\"logo\":{\"@type\":\"ImageObject\",\"inLanguage\":\"fr-FR\",\"@id\":\"https:\\\/\\\/drasanvi.com\\\/fr\\\/#\\\/schema\\\/logo\\\/image\\\/\",\"url\":\"https:\\\/\\\/drasanvi.com\\\/wp-content\\\/uploads\\\/sites\\\/7\\\/2021\\\/07\\\/logo-drasanvi.png\",\"contentUrl\":\"https:\\\/\\\/drasanvi.com\\\/wp-content\\\/uploads\\\/sites\\\/7\\\/2021\\\/07\\\/logo-drasanvi.png\",\"width\":900,\"height\":300,\"caption\":\"Drasanvi\"},\"image\":{\"@id\":\"https:\\\/\\\/drasanvi.com\\\/fr\\\/#\\\/schema\\\/logo\\\/image\\\/\"}}]}<\/script>\n<!-- \/ Yoast SEO plugin. -->","yoast_head_json":{"title":"Crema al Chocolate Negro para untar Bio 200g - Drasanvi Francia","robots":{"index":"index","follow":"follow","max-snippet":"max-snippet:-1","max-image-preview":"max-image-preview:large","max-video-preview":"max-video-preview:-1"},"canonical":"https:\/\/drasanvi.com\/fr\/producto\/crema-al-chocolate-negro-para-untar-bio-200g\/","og_locale":"fr_FR","og_type":"article","og_title":"Crema al Chocolate Negro para untar Bio 200g - Drasanvi Francia","og_description":"Las cremas para untar de Ecosana est\u00e1n hechas a base de ingredientes de procedencia ecol\u00f3gica y libres de aceite de palma.Contenido:Envase de 200 gFicha t\u00e9cnica","og_url":"https:\/\/drasanvi.com\/fr\/producto\/crema-al-chocolate-negro-para-untar-bio-200g\/","og_site_name":"Drasanvi Francia","article_modified_time":"2022-03-10T12:15:55+00:00","og_image":[{"width":1000,"height":1000,"url":"https:\/\/drasanvi.com\/wp-content\/uploads\/sites\/7\/2022\/02\/467010202.png","type":"image\/png"}],"twitter_card":"summary_large_image","schema":{"@context":"https:\/\/schema.org","@graph":[{"@type":"WebPage","@id":"https:\/\/drasanvi.com\/fr\/producto\/crema-al-chocolate-negro-para-untar-bio-200g\/","url":"https:\/\/drasanvi.com\/fr\/producto\/crema-al-chocolate-negro-para-untar-bio-200g\/","name":"Crema al Chocolate Negro para untar Bio 200g - Drasanvi Francia","isPartOf":{"@id":"https:\/\/drasanvi.com\/fr\/#website"},"primaryImageOfPage":{"@id":"https:\/\/drasanvi.com\/fr\/producto\/crema-al-chocolate-negro-para-untar-bio-200g\/#primaryimage"},"image":{"@id":"https:\/\/drasanvi.com\/fr\/producto\/crema-al-chocolate-negro-para-untar-bio-200g\/#primaryimage"},"thumbnailUrl":"https:\/\/drasanvi.com\/fr\/wp-content\/uploads\/sites\/7\/2022\/02\/467010202.png","datePublished":"2022-02-11T10:02:45+00:00","dateModified":"2022-03-10T12:15:55+00:00","breadcrumb":{"@id":"https:\/\/drasanvi.com\/fr\/producto\/crema-al-chocolate-negro-para-untar-bio-200g\/#breadcrumb"},"inLanguage":"fr-FR","potentialAction":[{"@type":"ReadAction","target":["https:\/\/drasanvi.com\/fr\/producto\/crema-al-chocolate-negro-para-untar-bio-200g\/"]}]},{"@type":"ImageObject","inLanguage":"fr-FR","@id":"https:\/\/drasanvi.com\/fr\/producto\/crema-al-chocolate-negro-para-untar-bio-200g\/#primaryimage","url":"https:\/\/drasanvi.com\/fr\/wp-content\/uploads\/sites\/7\/2022\/02\/467010202.png","contentUrl":"https:\/\/drasanvi.com\/fr\/wp-content\/uploads\/sites\/7\/2022\/02\/467010202.png","width":1000,"height":1000},{"@type":"BreadcrumbList","@id":"https:\/\/drasanvi.com\/fr\/producto\/crema-al-chocolate-negro-para-untar-bio-200g\/#breadcrumb","itemListElement":[{"@type":"ListItem","position":1,"name":"Portada","item":"https:\/\/drasanvi.com\/fr\/"},{"@type":"ListItem","position":2,"name":"Tienda","item":"https:\/\/drasanvi.com\/fr\/tienda\/"},{"@type":"ListItem","position":3,"name":"Crema al Chocolate Negro para untar Bio 200g"}]},{"@type":"WebSite","@id":"https:\/\/drasanvi.com\/fr\/#website","url":"https:\/\/drasanvi.com\/fr\/","name":"Drasanvi Francia","description":"L\u00edder en complementos alimenticios y cosm\u00e9tica natural.","publisher":{"@id":"https:\/\/drasanvi.com\/fr\/#organization"},"potentialAction":[{"@type":"SearchAction","target":{"@type":"EntryPoint","urlTemplate":"https:\/\/drasanvi.com\/fr\/?s={search_term_string}"},"query-input":{"@type":"PropertyValueSpecification","valueRequired":true,"valueName":"search_term_string"}}],"inLanguage":"fr-FR"},{"@type":"Organization","@id":"https:\/\/drasanvi.com\/fr\/#organization","name":"Drasanvi","url":"https:\/\/drasanvi.com\/fr\/","logo":{"@type":"ImageObject","inLanguage":"fr-FR","@id":"https:\/\/drasanvi.com\/fr\/#\/schema\/logo\/image\/","url":"https:\/\/drasanvi.com\/wp-content\/uploads\/sites\/7\/2021\/07\/logo-drasanvi.png","contentUrl":"https:\/\/drasanvi.com\/wp-content\/uploads\/sites\/7\/2021\/07\/logo-drasanvi.png","width":900,"height":300,"caption":"Drasanvi"},"image":{"@id":"https:\/\/drasanvi.com\/fr\/#\/schema\/logo\/image\/"}}]}},"_links":{"self":[{"href":"https:\/\/drasanvi.com\/fr\/wp-json\/wp\/v2\/product\/18520","targetHints":{"allow":["GET"]}}],"collection":[{"href":"https:\/\/drasanvi.com\/fr\/wp-json\/wp\/v2\/product"}],"about":[{"href":"https:\/\/drasanvi.com\/fr\/wp-json\/wp\/v2\/types\/product"}],"version-history":[{"count":0,"href":"https:\/\/drasanvi.com\/fr\/wp-json\/wp\/v2\/product\/18520\/revisions"}],"wp:featuredmedia":[{"embeddable":true,"href":"https:\/\/drasanvi.com\/fr\/wp-json\/wp\/v2\/media\/18522"}],"wp:attachment":[{"href":"https:\/\/drasanvi.com\/fr\/wp-json\/wp\/v2\/media?parent=18520"}],"wp:term":[{"taxonomy":"product_cat","embeddable":true,"href":"https:\/\/drasanvi.com\/fr\/wp-json\/wp\/v2\/product_cat?post=18520"},{"taxonomy":"product_tag","embeddable":true,"href":"https:\/\/drasanvi.com\/fr\/wp-json\/wp\/v2\/product_tag?post=18520"}],"curies":[{"name":"wp","href":"https:\/\/api.w.org\/{rel}","templated":true}]}}