{"id":18502,"date":"2022-02-11T12:02:14","date_gmt":"2022-02-11T10:02:14","guid":{"rendered":"https:\/\/drasanvi.com\/fr\/producto\/noni-bio-1-l-ecosana\/"},"modified":"2022-03-10T14:15:52","modified_gmt":"2022-03-10T12:15:52","slug":"noni-bio-1-l-ecosana","status":"publish","type":"product","link":"https:\/\/drasanvi.com\/fr\/producto\/noni-bio-1-l-ecosana\/","title":{"rendered":"Noni bio 1 l Ecosana"},"content":{"rendered":"<h2>Ingredientes<\/h2>\n<p>100% Jugo de noni*  *Procedente de Agricultura Ecol\u00f3gica\u00a0<\/p>\n<h2>Tabla nutricional<\/h2>\n<p>Por cada 100 g        Ingrediente  Cantidad\u00a0      Valor energ\u00e9tico    163 kJ \/ 38,90 Kcal      Grasas De las cuales saturadas  0,10 g 0\u00a0g      Hidratos de carbono De los cuales az\u00facares  9 g 6 g      Fibra\u00a0   0,50 g       Prote\u00ednas  0,20 g      Sal  0,09 g<\/p>\n<h3>Modo de uso<\/h3>\n<p>Tomar 30 ml al d\u00eda, repartidos en tres tomas y preferiblemente antes de las comidas.<\/p>\n<h3>Advertencias<\/h3>\n<p>Conservar en un lugar fresco y seco. Una vez abierto conservar en fr&iacute;o. Una vez abierto consumir en 30 d&iacute;as.Sin al&eacute;rgenos.&nbsp;<\/p>\n","protected":false},"excerpt":{"rendered":"<p>El Jugo de Noni Bio de ECOSANA\u00a0 se extrae de la fruta llamada noni procedente del \u00e1rbol\u00a0Morinda citrifolia l., un\u00a0arbusto le\u00f1oso que se extiende en las regiones tropicales de los oc\u00e9anos Pac\u00edfico e \u00cdndico. Esta fruta se ha cultivado y recolectado respetando los ciclos de la planta y sin ninguna sustancia artificial, ya que es 100% ecol\u00f3gica.\u00a0El noni se trata de una fruta poco conocida en occidente, que en poco tiempo ha ido ganando seguidores, ya que se le atribuyen excelentes propiedades para nuestro organismo. Adem\u00e1s, es rico en oligoelementos, destacando el\u00a0hierro, vitamina C, calcio y zinc.\u00a0<br \/><strong>Contenido:<\/strong>Envase de 1 l<\/p>\n<p><a id=\"boton-ficha\" href=\"https:\/\/panel.drasanvi.com\/fichas\/1\/467010092\" target=\"_blank\" rel=\"noopener\">Ficha t\u00e9cnica<\/a><\/p>\n","protected":false},"featured_media":18504,"template":"","meta":{"inline_featured_image":false},"product_cat":[1310],"product_tag":[],"class_list":["post-18502","product","type-product","status-publish","has-post-thumbnail","hentry","product_cat-boissons-et-jus-fruits"],"yoast_head":"<!-- This site is optimized with the Yoast SEO plugin v27.5 - https:\/\/yoast.com\/product\/yoast-seo-wordpress\/ -->\n<title>Noni bio 1 l Ecosana - Drasanvi Francia<\/title>\n<meta name=\"robots\" content=\"index, follow, max-snippet:-1, max-image-preview:large, max-video-preview:-1\" \/>\n<link rel=\"canonical\" href=\"https:\/\/drasanvi.com\/fr\/producto\/noni-bio-1-l-ecosana\/\" \/>\n<meta property=\"og:locale\" content=\"fr_FR\" \/>\n<meta property=\"og:type\" content=\"article\" \/>\n<meta property=\"og:title\" content=\"Noni bio 1 l Ecosana - Drasanvi Francia\" \/>\n<meta property=\"og:description\" content=\"El Jugo de Noni Bio de ECOSANA\u00a0 se extrae de la fruta llamada noni procedente del \u00e1rbol\u00a0Morinda citrifolia l., un\u00a0arbusto le\u00f1oso que se extiende en las regiones tropicales de los oc\u00e9anos Pac\u00edfico e \u00cdndico. Esta fruta se ha cultivado y recolectado respetando los ciclos de la planta y sin ninguna sustancia artificial, ya que es 100% ecol\u00f3gica.\u00a0El noni se trata de una fruta poco conocida en occidente, que en poco tiempo ha ido ganando seguidores, ya que se le atribuyen excelentes propiedades para nuestro organismo. Adem\u00e1s, es rico en oligoelementos, destacando el\u00a0hierro, vitamina C, calcio y zinc.\u00a0Contenido:Envase de 1 lFicha t\u00e9cnica\" \/>\n<meta property=\"og:url\" content=\"https:\/\/drasanvi.com\/fr\/producto\/noni-bio-1-l-ecosana\/\" \/>\n<meta property=\"og:site_name\" content=\"Drasanvi Francia\" \/>\n<meta property=\"article:modified_time\" content=\"2022-03-10T12:15:52+00:00\" \/>\n<meta property=\"og:image\" content=\"https:\/\/drasanvi.com\/wp-content\/uploads\/sites\/7\/2022\/02\/467010092.png\" \/>\n\t<meta property=\"og:image:width\" content=\"1000\" \/>\n\t<meta property=\"og:image:height\" content=\"1000\" \/>\n\t<meta property=\"og:image:type\" content=\"image\/png\" \/>\n<meta name=\"twitter:card\" content=\"summary_large_image\" \/>\n<script type=\"application\/ld+json\" class=\"yoast-schema-graph\">{\"@context\":\"https:\\\/\\\/schema.org\",\"@graph\":[{\"@type\":\"WebPage\",\"@id\":\"https:\\\/\\\/drasanvi.com\\\/fr\\\/producto\\\/noni-bio-1-l-ecosana\\\/\",\"url\":\"https:\\\/\\\/drasanvi.com\\\/fr\\\/producto\\\/noni-bio-1-l-ecosana\\\/\",\"name\":\"Noni bio 1 l Ecosana - Drasanvi Francia\",\"isPartOf\":{\"@id\":\"https:\\\/\\\/drasanvi.com\\\/fr\\\/#website\"},\"primaryImageOfPage\":{\"@id\":\"https:\\\/\\\/drasanvi.com\\\/fr\\\/producto\\\/noni-bio-1-l-ecosana\\\/#primaryimage\"},\"image\":{\"@id\":\"https:\\\/\\\/drasanvi.com\\\/fr\\\/producto\\\/noni-bio-1-l-ecosana\\\/#primaryimage\"},\"thumbnailUrl\":\"https:\\\/\\\/drasanvi.com\\\/fr\\\/wp-content\\\/uploads\\\/sites\\\/7\\\/2022\\\/02\\\/467010092.png\",\"datePublished\":\"2022-02-11T10:02:14+00:00\",\"dateModified\":\"2022-03-10T12:15:52+00:00\",\"breadcrumb\":{\"@id\":\"https:\\\/\\\/drasanvi.com\\\/fr\\\/producto\\\/noni-bio-1-l-ecosana\\\/#breadcrumb\"},\"inLanguage\":\"fr-FR\",\"potentialAction\":[{\"@type\":\"ReadAction\",\"target\":[\"https:\\\/\\\/drasanvi.com\\\/fr\\\/producto\\\/noni-bio-1-l-ecosana\\\/\"]}]},{\"@type\":\"ImageObject\",\"inLanguage\":\"fr-FR\",\"@id\":\"https:\\\/\\\/drasanvi.com\\\/fr\\\/producto\\\/noni-bio-1-l-ecosana\\\/#primaryimage\",\"url\":\"https:\\\/\\\/drasanvi.com\\\/fr\\\/wp-content\\\/uploads\\\/sites\\\/7\\\/2022\\\/02\\\/467010092.png\",\"contentUrl\":\"https:\\\/\\\/drasanvi.com\\\/fr\\\/wp-content\\\/uploads\\\/sites\\\/7\\\/2022\\\/02\\\/467010092.png\",\"width\":1000,\"height\":1000},{\"@type\":\"BreadcrumbList\",\"@id\":\"https:\\\/\\\/drasanvi.com\\\/fr\\\/producto\\\/noni-bio-1-l-ecosana\\\/#breadcrumb\",\"itemListElement\":[{\"@type\":\"ListItem\",\"position\":1,\"name\":\"Portada\",\"item\":\"https:\\\/\\\/drasanvi.com\\\/fr\\\/\"},{\"@type\":\"ListItem\",\"position\":2,\"name\":\"Tienda\",\"item\":\"https:\\\/\\\/drasanvi.com\\\/fr\\\/tienda\\\/\"},{\"@type\":\"ListItem\",\"position\":3,\"name\":\"Noni bio 1 l Ecosana\"}]},{\"@type\":\"WebSite\",\"@id\":\"https:\\\/\\\/drasanvi.com\\\/fr\\\/#website\",\"url\":\"https:\\\/\\\/drasanvi.com\\\/fr\\\/\",\"name\":\"Drasanvi Francia\",\"description\":\"L\u00edder en complementos alimenticios y cosm\u00e9tica natural.\",\"publisher\":{\"@id\":\"https:\\\/\\\/drasanvi.com\\\/fr\\\/#organization\"},\"potentialAction\":[{\"@type\":\"SearchAction\",\"target\":{\"@type\":\"EntryPoint\",\"urlTemplate\":\"https:\\\/\\\/drasanvi.com\\\/fr\\\/?s={search_term_string}\"},\"query-input\":{\"@type\":\"PropertyValueSpecification\",\"valueRequired\":true,\"valueName\":\"search_term_string\"}}],\"inLanguage\":\"fr-FR\"},{\"@type\":\"Organization\",\"@id\":\"https:\\\/\\\/drasanvi.com\\\/fr\\\/#organization\",\"name\":\"Drasanvi\",\"url\":\"https:\\\/\\\/drasanvi.com\\\/fr\\\/\",\"logo\":{\"@type\":\"ImageObject\",\"inLanguage\":\"fr-FR\",\"@id\":\"https:\\\/\\\/drasanvi.com\\\/fr\\\/#\\\/schema\\\/logo\\\/image\\\/\",\"url\":\"https:\\\/\\\/drasanvi.com\\\/wp-content\\\/uploads\\\/sites\\\/7\\\/2021\\\/07\\\/logo-drasanvi.png\",\"contentUrl\":\"https:\\\/\\\/drasanvi.com\\\/wp-content\\\/uploads\\\/sites\\\/7\\\/2021\\\/07\\\/logo-drasanvi.png\",\"width\":900,\"height\":300,\"caption\":\"Drasanvi\"},\"image\":{\"@id\":\"https:\\\/\\\/drasanvi.com\\\/fr\\\/#\\\/schema\\\/logo\\\/image\\\/\"}}]}<\/script>\n<!-- \/ Yoast SEO plugin. -->","yoast_head_json":{"title":"Noni bio 1 l Ecosana - Drasanvi Francia","robots":{"index":"index","follow":"follow","max-snippet":"max-snippet:-1","max-image-preview":"max-image-preview:large","max-video-preview":"max-video-preview:-1"},"canonical":"https:\/\/drasanvi.com\/fr\/producto\/noni-bio-1-l-ecosana\/","og_locale":"fr_FR","og_type":"article","og_title":"Noni bio 1 l Ecosana - Drasanvi Francia","og_description":"El Jugo de Noni Bio de ECOSANA\u00a0 se extrae de la fruta llamada noni procedente del \u00e1rbol\u00a0Morinda citrifolia l., un\u00a0arbusto le\u00f1oso que se extiende en las regiones tropicales de los oc\u00e9anos Pac\u00edfico e \u00cdndico. Esta fruta se ha cultivado y recolectado respetando los ciclos de la planta y sin ninguna sustancia artificial, ya que es 100% ecol\u00f3gica.\u00a0El noni se trata de una fruta poco conocida en occidente, que en poco tiempo ha ido ganando seguidores, ya que se le atribuyen excelentes propiedades para nuestro organismo. Adem\u00e1s, es rico en oligoelementos, destacando el\u00a0hierro, vitamina C, calcio y zinc.\u00a0Contenido:Envase de 1 lFicha t\u00e9cnica","og_url":"https:\/\/drasanvi.com\/fr\/producto\/noni-bio-1-l-ecosana\/","og_site_name":"Drasanvi Francia","article_modified_time":"2022-03-10T12:15:52+00:00","og_image":[{"width":1000,"height":1000,"url":"https:\/\/drasanvi.com\/wp-content\/uploads\/sites\/7\/2022\/02\/467010092.png","type":"image\/png"}],"twitter_card":"summary_large_image","schema":{"@context":"https:\/\/schema.org","@graph":[{"@type":"WebPage","@id":"https:\/\/drasanvi.com\/fr\/producto\/noni-bio-1-l-ecosana\/","url":"https:\/\/drasanvi.com\/fr\/producto\/noni-bio-1-l-ecosana\/","name":"Noni bio 1 l Ecosana - Drasanvi Francia","isPartOf":{"@id":"https:\/\/drasanvi.com\/fr\/#website"},"primaryImageOfPage":{"@id":"https:\/\/drasanvi.com\/fr\/producto\/noni-bio-1-l-ecosana\/#primaryimage"},"image":{"@id":"https:\/\/drasanvi.com\/fr\/producto\/noni-bio-1-l-ecosana\/#primaryimage"},"thumbnailUrl":"https:\/\/drasanvi.com\/fr\/wp-content\/uploads\/sites\/7\/2022\/02\/467010092.png","datePublished":"2022-02-11T10:02:14+00:00","dateModified":"2022-03-10T12:15:52+00:00","breadcrumb":{"@id":"https:\/\/drasanvi.com\/fr\/producto\/noni-bio-1-l-ecosana\/#breadcrumb"},"inLanguage":"fr-FR","potentialAction":[{"@type":"ReadAction","target":["https:\/\/drasanvi.com\/fr\/producto\/noni-bio-1-l-ecosana\/"]}]},{"@type":"ImageObject","inLanguage":"fr-FR","@id":"https:\/\/drasanvi.com\/fr\/producto\/noni-bio-1-l-ecosana\/#primaryimage","url":"https:\/\/drasanvi.com\/fr\/wp-content\/uploads\/sites\/7\/2022\/02\/467010092.png","contentUrl":"https:\/\/drasanvi.com\/fr\/wp-content\/uploads\/sites\/7\/2022\/02\/467010092.png","width":1000,"height":1000},{"@type":"BreadcrumbList","@id":"https:\/\/drasanvi.com\/fr\/producto\/noni-bio-1-l-ecosana\/#breadcrumb","itemListElement":[{"@type":"ListItem","position":1,"name":"Portada","item":"https:\/\/drasanvi.com\/fr\/"},{"@type":"ListItem","position":2,"name":"Tienda","item":"https:\/\/drasanvi.com\/fr\/tienda\/"},{"@type":"ListItem","position":3,"name":"Noni bio 1 l Ecosana"}]},{"@type":"WebSite","@id":"https:\/\/drasanvi.com\/fr\/#website","url":"https:\/\/drasanvi.com\/fr\/","name":"Drasanvi Francia","description":"L\u00edder en complementos alimenticios y cosm\u00e9tica natural.","publisher":{"@id":"https:\/\/drasanvi.com\/fr\/#organization"},"potentialAction":[{"@type":"SearchAction","target":{"@type":"EntryPoint","urlTemplate":"https:\/\/drasanvi.com\/fr\/?s={search_term_string}"},"query-input":{"@type":"PropertyValueSpecification","valueRequired":true,"valueName":"search_term_string"}}],"inLanguage":"fr-FR"},{"@type":"Organization","@id":"https:\/\/drasanvi.com\/fr\/#organization","name":"Drasanvi","url":"https:\/\/drasanvi.com\/fr\/","logo":{"@type":"ImageObject","inLanguage":"fr-FR","@id":"https:\/\/drasanvi.com\/fr\/#\/schema\/logo\/image\/","url":"https:\/\/drasanvi.com\/wp-content\/uploads\/sites\/7\/2021\/07\/logo-drasanvi.png","contentUrl":"https:\/\/drasanvi.com\/wp-content\/uploads\/sites\/7\/2021\/07\/logo-drasanvi.png","width":900,"height":300,"caption":"Drasanvi"},"image":{"@id":"https:\/\/drasanvi.com\/fr\/#\/schema\/logo\/image\/"}}]}},"_links":{"self":[{"href":"https:\/\/drasanvi.com\/fr\/wp-json\/wp\/v2\/product\/18502","targetHints":{"allow":["GET"]}}],"collection":[{"href":"https:\/\/drasanvi.com\/fr\/wp-json\/wp\/v2\/product"}],"about":[{"href":"https:\/\/drasanvi.com\/fr\/wp-json\/wp\/v2\/types\/product"}],"version-history":[{"count":0,"href":"https:\/\/drasanvi.com\/fr\/wp-json\/wp\/v2\/product\/18502\/revisions"}],"wp:featuredmedia":[{"embeddable":true,"href":"https:\/\/drasanvi.com\/fr\/wp-json\/wp\/v2\/media\/18504"}],"wp:attachment":[{"href":"https:\/\/drasanvi.com\/fr\/wp-json\/wp\/v2\/media?parent=18502"}],"wp:term":[{"taxonomy":"product_cat","embeddable":true,"href":"https:\/\/drasanvi.com\/fr\/wp-json\/wp\/v2\/product_cat?post=18502"},{"taxonomy":"product_tag","embeddable":true,"href":"https:\/\/drasanvi.com\/fr\/wp-json\/wp\/v2\/product_tag?post=18502"}],"curies":[{"name":"wp","href":"https:\/\/api.w.org\/{rel}","templated":true}]}}