{"id":18458,"date":"2022-02-11T12:02:14","date_gmt":"2022-02-11T10:02:14","guid":{"rendered":"https:\/\/drasanvi.com\/fr\/producto\/eritritol-bio-600-g-ecosana\/"},"modified":"2022-03-10T14:15:49","modified_gmt":"2022-03-10T12:15:49","slug":"eritritol-bio-600-g-ecosana","status":"publish","type":"product","link":"https:\/\/drasanvi.com\/fr\/producto\/eritritol-bio-600-g-ecosana\/","title":{"rendered":"Eritritol Bio 600 g Ecosana"},"content":{"rendered":"<h2>Ingredientes<\/h2>\n<p>Eritritol*  *Procedente de Agricultura Ecol\u00f3gica. Ni colorantes, ni aditivos ni conservantes.  \u00a0<\/p>\n<h2>Tabla nutricional<\/h2>\n<p>Por 100 g        Valor Energ\u00e9tico  0 kJ\/0 Kcal      Grasas  0 g      de las cuales saturadas  0 g      Hidratos de carbono  100 g      de los cuales az\u00facares  0 g      polialcoholes  100 g      Fibra alimentaria  0 g      Prote\u00ednas  0 g      Sal  0 g        \u00a0<\/p>\n<h3>Modo de uso<\/h3>\n<p>\u00dasalo a tu gusto  \u00a0<\/p>\n<h3>Advertencias<\/h3>\n<p>Un uso excesivo (&gt;20 g) puede provocar efectos laxantes.Conservar en un lugar fresco y seco Sin al&eacute;rgenos<\/p>\n","protected":false},"excerpt":{"rendered":"<p>El Eritritol es un edulcorante natural, es decir, es extra\u00eddo\u00a0 de una fuente natural. Se trata de un edulcorante bajo en calor\u00edas y recomendado para diab\u00e9ticos. Adem\u00e1s posee certificado ecol\u00f3gico, cumpliendo las caracter\u00edsticas de los consumidores m\u00e1s exigentes. El Eritritol no aporta energ\u00eda al organismo porque no se metaboliza, con lo cual, nuestro tracto intestinal no lo puede absorber y es eliminado.De sabor fresco, y con un poder edulcorante ligeramente inferior al de la az\u00facar blanca, se ha convertido en una de las alternativas saludables a nuestros platos y recetas dulces.\u00a0 Adem\u00e1s, por sus propiedades se puede usar en la elaboraci\u00f3n de recetas horneables.<br \/><strong>Contenido:<\/strong>Envase de 600 g<\/p>\n<p><a id=\"boton-ficha\" href=\"https:\/\/panel.drasanvi.com\/fichas\/1\/467010420\" target=\"_blank\" rel=\"noopener\">Ficha t\u00e9cnica<\/a><\/p>\n","protected":false},"featured_media":18460,"template":"","meta":{"inline_featured_image":false},"product_cat":[1309],"product_tag":[],"class_list":["post-18458","product","type-product","status-publish","has-post-thumbnail","hentry","product_cat-sucres-et-edulcorants"],"yoast_head":"<!-- This site is optimized with the Yoast SEO plugin v27.5 - https:\/\/yoast.com\/product\/yoast-seo-wordpress\/ -->\n<title>Eritritol Bio 600 g Ecosana - Drasanvi Francia<\/title>\n<meta name=\"robots\" content=\"index, follow, max-snippet:-1, max-image-preview:large, max-video-preview:-1\" \/>\n<link rel=\"canonical\" href=\"https:\/\/drasanvi.com\/fr\/producto\/eritritol-bio-600-g-ecosana\/\" \/>\n<meta property=\"og:locale\" content=\"fr_FR\" \/>\n<meta property=\"og:type\" content=\"article\" \/>\n<meta property=\"og:title\" content=\"Eritritol Bio 600 g Ecosana - Drasanvi Francia\" \/>\n<meta property=\"og:description\" content=\"El Eritritol es un edulcorante natural, es decir, es extra\u00eddo\u00a0 de una fuente natural. Se trata de un edulcorante bajo en calor\u00edas y recomendado para diab\u00e9ticos. Adem\u00e1s posee certificado ecol\u00f3gico, cumpliendo las caracter\u00edsticas de los consumidores m\u00e1s exigentes. El Eritritol no aporta energ\u00eda al organismo porque no se metaboliza, con lo cual, nuestro tracto intestinal no lo puede absorber y es eliminado.De sabor fresco, y con un poder edulcorante ligeramente inferior al de la az\u00facar blanca, se ha convertido en una de las alternativas saludables a nuestros platos y recetas dulces.\u00a0 Adem\u00e1s, por sus propiedades se puede usar en la elaboraci\u00f3n de recetas horneables.Contenido:Envase de 600 gFicha t\u00e9cnica\" \/>\n<meta property=\"og:url\" content=\"https:\/\/drasanvi.com\/fr\/producto\/eritritol-bio-600-g-ecosana\/\" \/>\n<meta property=\"og:site_name\" content=\"Drasanvi Francia\" \/>\n<meta property=\"article:modified_time\" content=\"2022-03-10T12:15:49+00:00\" \/>\n<meta property=\"og:image\" content=\"https:\/\/drasanvi.com\/wp-content\/uploads\/sites\/7\/2022\/02\/467010420.png\" \/>\n\t<meta property=\"og:image:width\" content=\"1000\" \/>\n\t<meta property=\"og:image:height\" content=\"1000\" \/>\n\t<meta property=\"og:image:type\" content=\"image\/png\" \/>\n<meta name=\"twitter:card\" content=\"summary_large_image\" \/>\n<script type=\"application\/ld+json\" class=\"yoast-schema-graph\">{\"@context\":\"https:\\\/\\\/schema.org\",\"@graph\":[{\"@type\":\"WebPage\",\"@id\":\"https:\\\/\\\/drasanvi.com\\\/fr\\\/producto\\\/eritritol-bio-600-g-ecosana\\\/\",\"url\":\"https:\\\/\\\/drasanvi.com\\\/fr\\\/producto\\\/eritritol-bio-600-g-ecosana\\\/\",\"name\":\"Eritritol Bio 600 g Ecosana - Drasanvi Francia\",\"isPartOf\":{\"@id\":\"https:\\\/\\\/drasanvi.com\\\/fr\\\/#website\"},\"primaryImageOfPage\":{\"@id\":\"https:\\\/\\\/drasanvi.com\\\/fr\\\/producto\\\/eritritol-bio-600-g-ecosana\\\/#primaryimage\"},\"image\":{\"@id\":\"https:\\\/\\\/drasanvi.com\\\/fr\\\/producto\\\/eritritol-bio-600-g-ecosana\\\/#primaryimage\"},\"thumbnailUrl\":\"https:\\\/\\\/drasanvi.com\\\/fr\\\/wp-content\\\/uploads\\\/sites\\\/7\\\/2022\\\/02\\\/467010420.png\",\"datePublished\":\"2022-02-11T10:02:14+00:00\",\"dateModified\":\"2022-03-10T12:15:49+00:00\",\"breadcrumb\":{\"@id\":\"https:\\\/\\\/drasanvi.com\\\/fr\\\/producto\\\/eritritol-bio-600-g-ecosana\\\/#breadcrumb\"},\"inLanguage\":\"fr-FR\",\"potentialAction\":[{\"@type\":\"ReadAction\",\"target\":[\"https:\\\/\\\/drasanvi.com\\\/fr\\\/producto\\\/eritritol-bio-600-g-ecosana\\\/\"]}]},{\"@type\":\"ImageObject\",\"inLanguage\":\"fr-FR\",\"@id\":\"https:\\\/\\\/drasanvi.com\\\/fr\\\/producto\\\/eritritol-bio-600-g-ecosana\\\/#primaryimage\",\"url\":\"https:\\\/\\\/drasanvi.com\\\/fr\\\/wp-content\\\/uploads\\\/sites\\\/7\\\/2022\\\/02\\\/467010420.png\",\"contentUrl\":\"https:\\\/\\\/drasanvi.com\\\/fr\\\/wp-content\\\/uploads\\\/sites\\\/7\\\/2022\\\/02\\\/467010420.png\",\"width\":1000,\"height\":1000},{\"@type\":\"BreadcrumbList\",\"@id\":\"https:\\\/\\\/drasanvi.com\\\/fr\\\/producto\\\/eritritol-bio-600-g-ecosana\\\/#breadcrumb\",\"itemListElement\":[{\"@type\":\"ListItem\",\"position\":1,\"name\":\"Portada\",\"item\":\"https:\\\/\\\/drasanvi.com\\\/fr\\\/\"},{\"@type\":\"ListItem\",\"position\":2,\"name\":\"Tienda\",\"item\":\"https:\\\/\\\/drasanvi.com\\\/fr\\\/tienda\\\/\"},{\"@type\":\"ListItem\",\"position\":3,\"name\":\"Eritritol Bio 600 g Ecosana\"}]},{\"@type\":\"WebSite\",\"@id\":\"https:\\\/\\\/drasanvi.com\\\/fr\\\/#website\",\"url\":\"https:\\\/\\\/drasanvi.com\\\/fr\\\/\",\"name\":\"Drasanvi Francia\",\"description\":\"L\u00edder en complementos alimenticios y cosm\u00e9tica natural.\",\"publisher\":{\"@id\":\"https:\\\/\\\/drasanvi.com\\\/fr\\\/#organization\"},\"potentialAction\":[{\"@type\":\"SearchAction\",\"target\":{\"@type\":\"EntryPoint\",\"urlTemplate\":\"https:\\\/\\\/drasanvi.com\\\/fr\\\/?s={search_term_string}\"},\"query-input\":{\"@type\":\"PropertyValueSpecification\",\"valueRequired\":true,\"valueName\":\"search_term_string\"}}],\"inLanguage\":\"fr-FR\"},{\"@type\":\"Organization\",\"@id\":\"https:\\\/\\\/drasanvi.com\\\/fr\\\/#organization\",\"name\":\"Drasanvi\",\"url\":\"https:\\\/\\\/drasanvi.com\\\/fr\\\/\",\"logo\":{\"@type\":\"ImageObject\",\"inLanguage\":\"fr-FR\",\"@id\":\"https:\\\/\\\/drasanvi.com\\\/fr\\\/#\\\/schema\\\/logo\\\/image\\\/\",\"url\":\"https:\\\/\\\/drasanvi.com\\\/wp-content\\\/uploads\\\/sites\\\/7\\\/2021\\\/07\\\/logo-drasanvi.png\",\"contentUrl\":\"https:\\\/\\\/drasanvi.com\\\/wp-content\\\/uploads\\\/sites\\\/7\\\/2021\\\/07\\\/logo-drasanvi.png\",\"width\":900,\"height\":300,\"caption\":\"Drasanvi\"},\"image\":{\"@id\":\"https:\\\/\\\/drasanvi.com\\\/fr\\\/#\\\/schema\\\/logo\\\/image\\\/\"}}]}<\/script>\n<!-- \/ Yoast SEO plugin. -->","yoast_head_json":{"title":"Eritritol Bio 600 g Ecosana - Drasanvi Francia","robots":{"index":"index","follow":"follow","max-snippet":"max-snippet:-1","max-image-preview":"max-image-preview:large","max-video-preview":"max-video-preview:-1"},"canonical":"https:\/\/drasanvi.com\/fr\/producto\/eritritol-bio-600-g-ecosana\/","og_locale":"fr_FR","og_type":"article","og_title":"Eritritol Bio 600 g Ecosana - Drasanvi Francia","og_description":"El Eritritol es un edulcorante natural, es decir, es extra\u00eddo\u00a0 de una fuente natural. Se trata de un edulcorante bajo en calor\u00edas y recomendado para diab\u00e9ticos. Adem\u00e1s posee certificado ecol\u00f3gico, cumpliendo las caracter\u00edsticas de los consumidores m\u00e1s exigentes. El Eritritol no aporta energ\u00eda al organismo porque no se metaboliza, con lo cual, nuestro tracto intestinal no lo puede absorber y es eliminado.De sabor fresco, y con un poder edulcorante ligeramente inferior al de la az\u00facar blanca, se ha convertido en una de las alternativas saludables a nuestros platos y recetas dulces.\u00a0 Adem\u00e1s, por sus propiedades se puede usar en la elaboraci\u00f3n de recetas horneables.Contenido:Envase de 600 gFicha t\u00e9cnica","og_url":"https:\/\/drasanvi.com\/fr\/producto\/eritritol-bio-600-g-ecosana\/","og_site_name":"Drasanvi Francia","article_modified_time":"2022-03-10T12:15:49+00:00","og_image":[{"width":1000,"height":1000,"url":"https:\/\/drasanvi.com\/wp-content\/uploads\/sites\/7\/2022\/02\/467010420.png","type":"image\/png"}],"twitter_card":"summary_large_image","schema":{"@context":"https:\/\/schema.org","@graph":[{"@type":"WebPage","@id":"https:\/\/drasanvi.com\/fr\/producto\/eritritol-bio-600-g-ecosana\/","url":"https:\/\/drasanvi.com\/fr\/producto\/eritritol-bio-600-g-ecosana\/","name":"Eritritol Bio 600 g Ecosana - Drasanvi Francia","isPartOf":{"@id":"https:\/\/drasanvi.com\/fr\/#website"},"primaryImageOfPage":{"@id":"https:\/\/drasanvi.com\/fr\/producto\/eritritol-bio-600-g-ecosana\/#primaryimage"},"image":{"@id":"https:\/\/drasanvi.com\/fr\/producto\/eritritol-bio-600-g-ecosana\/#primaryimage"},"thumbnailUrl":"https:\/\/drasanvi.com\/fr\/wp-content\/uploads\/sites\/7\/2022\/02\/467010420.png","datePublished":"2022-02-11T10:02:14+00:00","dateModified":"2022-03-10T12:15:49+00:00","breadcrumb":{"@id":"https:\/\/drasanvi.com\/fr\/producto\/eritritol-bio-600-g-ecosana\/#breadcrumb"},"inLanguage":"fr-FR","potentialAction":[{"@type":"ReadAction","target":["https:\/\/drasanvi.com\/fr\/producto\/eritritol-bio-600-g-ecosana\/"]}]},{"@type":"ImageObject","inLanguage":"fr-FR","@id":"https:\/\/drasanvi.com\/fr\/producto\/eritritol-bio-600-g-ecosana\/#primaryimage","url":"https:\/\/drasanvi.com\/fr\/wp-content\/uploads\/sites\/7\/2022\/02\/467010420.png","contentUrl":"https:\/\/drasanvi.com\/fr\/wp-content\/uploads\/sites\/7\/2022\/02\/467010420.png","width":1000,"height":1000},{"@type":"BreadcrumbList","@id":"https:\/\/drasanvi.com\/fr\/producto\/eritritol-bio-600-g-ecosana\/#breadcrumb","itemListElement":[{"@type":"ListItem","position":1,"name":"Portada","item":"https:\/\/drasanvi.com\/fr\/"},{"@type":"ListItem","position":2,"name":"Tienda","item":"https:\/\/drasanvi.com\/fr\/tienda\/"},{"@type":"ListItem","position":3,"name":"Eritritol Bio 600 g Ecosana"}]},{"@type":"WebSite","@id":"https:\/\/drasanvi.com\/fr\/#website","url":"https:\/\/drasanvi.com\/fr\/","name":"Drasanvi Francia","description":"L\u00edder en complementos alimenticios y cosm\u00e9tica natural.","publisher":{"@id":"https:\/\/drasanvi.com\/fr\/#organization"},"potentialAction":[{"@type":"SearchAction","target":{"@type":"EntryPoint","urlTemplate":"https:\/\/drasanvi.com\/fr\/?s={search_term_string}"},"query-input":{"@type":"PropertyValueSpecification","valueRequired":true,"valueName":"search_term_string"}}],"inLanguage":"fr-FR"},{"@type":"Organization","@id":"https:\/\/drasanvi.com\/fr\/#organization","name":"Drasanvi","url":"https:\/\/drasanvi.com\/fr\/","logo":{"@type":"ImageObject","inLanguage":"fr-FR","@id":"https:\/\/drasanvi.com\/fr\/#\/schema\/logo\/image\/","url":"https:\/\/drasanvi.com\/wp-content\/uploads\/sites\/7\/2021\/07\/logo-drasanvi.png","contentUrl":"https:\/\/drasanvi.com\/wp-content\/uploads\/sites\/7\/2021\/07\/logo-drasanvi.png","width":900,"height":300,"caption":"Drasanvi"},"image":{"@id":"https:\/\/drasanvi.com\/fr\/#\/schema\/logo\/image\/"}}]}},"_links":{"self":[{"href":"https:\/\/drasanvi.com\/fr\/wp-json\/wp\/v2\/product\/18458","targetHints":{"allow":["GET"]}}],"collection":[{"href":"https:\/\/drasanvi.com\/fr\/wp-json\/wp\/v2\/product"}],"about":[{"href":"https:\/\/drasanvi.com\/fr\/wp-json\/wp\/v2\/types\/product"}],"version-history":[{"count":0,"href":"https:\/\/drasanvi.com\/fr\/wp-json\/wp\/v2\/product\/18458\/revisions"}],"wp:featuredmedia":[{"embeddable":true,"href":"https:\/\/drasanvi.com\/fr\/wp-json\/wp\/v2\/media\/18460"}],"wp:attachment":[{"href":"https:\/\/drasanvi.com\/fr\/wp-json\/wp\/v2\/media?parent=18458"}],"wp:term":[{"taxonomy":"product_cat","embeddable":true,"href":"https:\/\/drasanvi.com\/fr\/wp-json\/wp\/v2\/product_cat?post=18458"},{"taxonomy":"product_tag","embeddable":true,"href":"https:\/\/drasanvi.com\/fr\/wp-json\/wp\/v2\/product_tag?post=18458"}],"curies":[{"name":"wp","href":"https:\/\/api.w.org\/{rel}","templated":true}]}}